{"id":145945,"date":"2025-07-17T21:47:15","date_gmt":"2025-07-17T21:47:15","guid":{"rendered":"https:\/\/autorival.ro\/peug\/product\/comutator-presiune-aer-conditionat-peugeot-308-cc-4b_-1-6-hdi-diesel-111-cai-metzger-0917331\/"},"modified":"2025-07-17T21:47:15","modified_gmt":"2025-07-17T21:47:15","slug":"comutator-presiune-aer-conditionat-peugeot-308-cc-4b_-1-6-hdi-diesel-111-cai-metzger-0917331","status":"publish","type":"product","link":"https:\/\/autorival.ro\/peug\/product\/comutator-presiune-aer-conditionat-peugeot-308-cc-4b_-1-6-hdi-diesel-111-cai-metzger-0917331\/","title":{"rendered":"Comutator presiune aer conditionat PEUGEOT 308 CC (4B_) 1.6 HDi diesel 111 cai METZGER 0917331"},"content":{"rendered":"<p>pentru num\u0103r organiza\u021bie de la: 12075Num\u0103rul conexiunilor cu muf\u0103: 3Forma carcasa stecher: UnghiularCuloare stecher: bejPartea de montare: Conduct\u0103 de climatizare spre usc\u0103tor<\/p>\n","protected":false},"excerpt":{"rendered":"<p>Producator: METZGER Cod producator: 0917331<\/p>\n","protected":false},"featured_media":145946,"comment_status":"open","ping_status":"closed","template":"","meta":[],"product_brand":[776],"product_cat":[8400],"product_tag":[],"class_list":{"0":"post-145945","1":"product","2":"type-product","3":"status-publish","4":"has-post-thumbnail","6":"product_brand-metzger","7":"product_cat-comutator-presiune-aer-conditionat-cc-4b_-1-6-hdi-diesel-111","9":"first","10":"instock","11":"shipping-taxable","12":"purchasable","13":"product-type-simple"},"yoast_head":"<!-- This site is optimized with the Yoast SEO plugin v27.3 - https:\/\/yoast.com\/product\/yoast-seo-wordpress\/ -->\n<title>Comutator presiune aer conditionat PEUGEOT 308 CC (4B_) 1.6 HDi diesel 111 cai METZGER 0917331 PEOUGET | METZGER - Autorival<\/title>\n<meta name=\"description\" content=\"\u26a1 Comutator presiune aer conditionat PEUGEOT 308 CC (4B_) 1.6 HDi diesel 111 cai METZGER 0917331 pentru PEOUGET. \u2713 Cod: 0917331 \u2713 Brand: METZGER \u2713 \u00cen stoc \u2713 Livrare 24h \u2713 Garan\u021bie!\" \/>\n<meta name=\"robots\" content=\"index, follow, max-snippet:-1, max-image-preview:large, max-video-preview:-1\" \/>\n<meta property=\"og:locale\" content=\"en_US\" \/>\n<meta property=\"og:type\" content=\"article\" \/>\n<meta property=\"og:title\" content=\"Comutator presiune aer conditionat PEUGEOT 308 CC (4B_) 1.6 HDi diesel 111 cai METZGER 0917331 PEOUGET | METZGER - Autorival\" \/>\n<meta property=\"og:description\" content=\"\u26a1 Comutator presiune aer conditionat PEUGEOT 308 CC (4B_) 1.6 HDi diesel 111 cai METZGER 0917331 pentru PEOUGET. \u2713 Cod: 0917331 \u2713 Brand: METZGER \u2713 \u00cen stoc \u2713 Livrare 24h \u2713 Garan\u021bie!\" \/>\n<meta property=\"og:url\" content=\"https:\/\/autorival.ro\/peug\/product\/comutator-presiune-aer-conditionat-peugeot-308-cc-4b_-1-6-hdi-diesel-111-cai-metzger-0917331\/\" \/>\n<meta property=\"og:site_name\" content=\"PEOUGET\" \/>\n<meta property=\"og:image\" content=\"https:\/\/autorival.ro\/peug\/wp-content\/uploads\/sites\/22\/2025\/07\/0917331_1-122.jpg\" \/>\n\t<meta property=\"og:image:width\" content=\"900\" \/>\n\t<meta property=\"og:image:height\" content=\"600\" \/>\n\t<meta property=\"og:image:type\" content=\"image\/jpeg\" \/>\n<meta name=\"twitter:card\" content=\"summary_large_image\" \/>\n<meta name=\"twitter:title\" content=\"Comutator presiune aer conditionat PEUGEOT 308 CC (4B_) 1.6 HDi diesel 111 cai METZGER 0917331 PEOUGET | METZGER - Autorival\" \/>\n<meta name=\"twitter:description\" content=\"\u26a1 Comutator presiune aer conditionat PEUGEOT 308 CC (4B_) 1.6 HDi diesel 111 cai METZGER 0917331 pentru PEOUGET. \u2713 Cod: 0917331 \u2713 Brand: METZGER \u2713 \u00cen stoc \u2713 Livrare 24h \u2713 Garan\u021bie!\" \/>\n<script type=\"application\/ld+json\" class=\"yoast-schema-graph\">{\"@context\":\"https:\\\/\\\/schema.org\",\"@graph\":[{\"@type\":\"WebPage\",\"@id\":\"https:\\\/\\\/autorival.ro\\\/peug\\\/product\\\/comutator-presiune-aer-conditionat-peugeot-308-cc-4b_-1-6-hdi-diesel-111-cai-metzger-0917331\\\/\",\"url\":\"https:\\\/\\\/autorival.ro\\\/peug\\\/product\\\/comutator-presiune-aer-conditionat-peugeot-308-cc-4b_-1-6-hdi-diesel-111-cai-metzger-0917331\\\/\",\"name\":\"Comutator presiune aer conditionat PEUGEOT 308 CC (4B_) 1.6 HDi diesel 111 cai METZGER 0917331 PEOUGET | METZGER - Autorival\",\"isPartOf\":{\"@id\":\"https:\\\/\\\/autorival.ro\\\/peug\\\/#website\"},\"primaryImageOfPage\":{\"@id\":\"https:\\\/\\\/autorival.ro\\\/peug\\\/product\\\/comutator-presiune-aer-conditionat-peugeot-308-cc-4b_-1-6-hdi-diesel-111-cai-metzger-0917331\\\/#primaryimage\"},\"image\":{\"@id\":\"https:\\\/\\\/autorival.ro\\\/peug\\\/product\\\/comutator-presiune-aer-conditionat-peugeot-308-cc-4b_-1-6-hdi-diesel-111-cai-metzger-0917331\\\/#primaryimage\"},\"thumbnailUrl\":\"https:\\\/\\\/autorival.ro\\\/peug\\\/wp-content\\\/uploads\\\/sites\\\/22\\\/2025\\\/07\\\/0917331_1-122.jpg\",\"datePublished\":\"2025-07-17T21:47:15+00:00\",\"description\":\"\u26a1 Comutator presiune aer conditionat PEUGEOT 308 CC (4B_) 1.6 HDi diesel 111 cai METZGER 0917331 pentru PEOUGET. \u2713 Cod: 0917331 \u2713 Brand: METZGER \u2713 \u00cen stoc \u2713 Livrare 24h \u2713 Garan\u021bie!\",\"breadcrumb\":{\"@id\":\"https:\\\/\\\/autorival.ro\\\/peug\\\/product\\\/comutator-presiune-aer-conditionat-peugeot-308-cc-4b_-1-6-hdi-diesel-111-cai-metzger-0917331\\\/#breadcrumb\"},\"inLanguage\":\"en-US\",\"potentialAction\":[{\"@type\":\"ReadAction\",\"target\":[\"https:\\\/\\\/autorival.ro\\\/peug\\\/product\\\/comutator-presiune-aer-conditionat-peugeot-308-cc-4b_-1-6-hdi-diesel-111-cai-metzger-0917331\\\/\"]}]},{\"@type\":\"ImageObject\",\"inLanguage\":\"en-US\",\"@id\":\"https:\\\/\\\/autorival.ro\\\/peug\\\/product\\\/comutator-presiune-aer-conditionat-peugeot-308-cc-4b_-1-6-hdi-diesel-111-cai-metzger-0917331\\\/#primaryimage\",\"url\":\"https:\\\/\\\/autorival.ro\\\/peug\\\/wp-content\\\/uploads\\\/sites\\\/22\\\/2025\\\/07\\\/0917331_1-122.jpg\",\"contentUrl\":\"https:\\\/\\\/autorival.ro\\\/peug\\\/wp-content\\\/uploads\\\/sites\\\/22\\\/2025\\\/07\\\/0917331_1-122.jpg\",\"width\":900,\"height\":600},{\"@type\":\"BreadcrumbList\",\"@id\":\"https:\\\/\\\/autorival.ro\\\/peug\\\/product\\\/comutator-presiune-aer-conditionat-peugeot-308-cc-4b_-1-6-hdi-diesel-111-cai-metzger-0917331\\\/#breadcrumb\",\"itemListElement\":[{\"@type\":\"ListItem\",\"position\":1,\"name\":\"Prima pagin\u0103\",\"item\":\"https:\\\/\\\/autorival.ro\\\/peug\\\/\"},{\"@type\":\"ListItem\",\"position\":2,\"name\":\"Piese auto POEUGET\",\"item\":\"https:\\\/\\\/autorival.ro\\\/peug\\\/\"},{\"@type\":\"ListItem\",\"position\":3,\"name\":\"Comutator presiune aer conditionat PEUGEOT 308 CC (4B_) 1.6 HDi diesel 111 cai METZGER 0917331\"}]},{\"@type\":\"WebSite\",\"@id\":\"https:\\\/\\\/autorival.ro\\\/peug\\\/#website\",\"url\":\"https:\\\/\\\/autorival.ro\\\/peug\\\/\",\"name\":\"PEOUGET\",\"description\":\"\",\"potentialAction\":[{\"@type\":\"SearchAction\",\"target\":{\"@type\":\"EntryPoint\",\"urlTemplate\":\"https:\\\/\\\/autorival.ro\\\/peug\\\/?s={search_term_string}\"},\"query-input\":{\"@type\":\"PropertyValueSpecification\",\"valueRequired\":true,\"valueName\":\"search_term_string\"}}],\"inLanguage\":\"en-US\"}]}<\/script>\n<!-- \/ Yoast SEO plugin. -->","yoast_head_json":{"title":"Comutator presiune aer conditionat PEUGEOT 308 CC (4B_) 1.6 HDi diesel 111 cai METZGER 0917331 PEOUGET | METZGER - Autorival","description":"\u26a1 Comutator presiune aer conditionat PEUGEOT 308 CC (4B_) 1.6 HDi diesel 111 cai METZGER 0917331 pentru PEOUGET. \u2713 Cod: 0917331 \u2713 Brand: METZGER \u2713 \u00cen stoc \u2713 Livrare 24h \u2713 Garan\u021bie!","robots":{"index":"index","follow":"follow","max-snippet":"max-snippet:-1","max-image-preview":"max-image-preview:large","max-video-preview":"max-video-preview:-1"},"og_locale":"en_US","og_type":"article","og_title":"Comutator presiune aer conditionat PEUGEOT 308 CC (4B_) 1.6 HDi diesel 111 cai METZGER 0917331 PEOUGET | METZGER - Autorival","og_description":"\u26a1 Comutator presiune aer conditionat PEUGEOT 308 CC (4B_) 1.6 HDi diesel 111 cai METZGER 0917331 pentru PEOUGET. \u2713 Cod: 0917331 \u2713 Brand: METZGER \u2713 \u00cen stoc \u2713 Livrare 24h \u2713 Garan\u021bie!","og_url":"https:\/\/autorival.ro\/peug\/product\/comutator-presiune-aer-conditionat-peugeot-308-cc-4b_-1-6-hdi-diesel-111-cai-metzger-0917331\/","og_site_name":"PEOUGET","og_image":[{"width":900,"height":600,"url":"https:\/\/autorival.ro\/peug\/wp-content\/uploads\/sites\/22\/2025\/07\/0917331_1-122.jpg","type":"image\/jpeg"}],"twitter_card":"summary_large_image","twitter_title":"Comutator presiune aer conditionat PEUGEOT 308 CC (4B_) 1.6 HDi diesel 111 cai METZGER 0917331 PEOUGET | METZGER - Autorival","twitter_description":"\u26a1 Comutator presiune aer conditionat PEUGEOT 308 CC (4B_) 1.6 HDi diesel 111 cai METZGER 0917331 pentru PEOUGET. \u2713 Cod: 0917331 \u2713 Brand: METZGER \u2713 \u00cen stoc \u2713 Livrare 24h \u2713 Garan\u021bie!","schema":{"@context":"https:\/\/schema.org","@graph":[{"@type":"WebPage","@id":"https:\/\/autorival.ro\/peug\/product\/comutator-presiune-aer-conditionat-peugeot-308-cc-4b_-1-6-hdi-diesel-111-cai-metzger-0917331\/","url":"https:\/\/autorival.ro\/peug\/product\/comutator-presiune-aer-conditionat-peugeot-308-cc-4b_-1-6-hdi-diesel-111-cai-metzger-0917331\/","name":"Comutator presiune aer conditionat PEUGEOT 308 CC (4B_) 1.6 HDi diesel 111 cai METZGER 0917331 PEOUGET | METZGER - Autorival","isPartOf":{"@id":"https:\/\/autorival.ro\/peug\/#website"},"primaryImageOfPage":{"@id":"https:\/\/autorival.ro\/peug\/product\/comutator-presiune-aer-conditionat-peugeot-308-cc-4b_-1-6-hdi-diesel-111-cai-metzger-0917331\/#primaryimage"},"image":{"@id":"https:\/\/autorival.ro\/peug\/product\/comutator-presiune-aer-conditionat-peugeot-308-cc-4b_-1-6-hdi-diesel-111-cai-metzger-0917331\/#primaryimage"},"thumbnailUrl":"https:\/\/autorival.ro\/peug\/wp-content\/uploads\/sites\/22\/2025\/07\/0917331_1-122.jpg","datePublished":"2025-07-17T21:47:15+00:00","description":"\u26a1 Comutator presiune aer conditionat PEUGEOT 308 CC (4B_) 1.6 HDi diesel 111 cai METZGER 0917331 pentru PEOUGET. \u2713 Cod: 0917331 \u2713 Brand: METZGER \u2713 \u00cen stoc \u2713 Livrare 24h \u2713 Garan\u021bie!","breadcrumb":{"@id":"https:\/\/autorival.ro\/peug\/product\/comutator-presiune-aer-conditionat-peugeot-308-cc-4b_-1-6-hdi-diesel-111-cai-metzger-0917331\/#breadcrumb"},"inLanguage":"en-US","potentialAction":[{"@type":"ReadAction","target":["https:\/\/autorival.ro\/peug\/product\/comutator-presiune-aer-conditionat-peugeot-308-cc-4b_-1-6-hdi-diesel-111-cai-metzger-0917331\/"]}]},{"@type":"ImageObject","inLanguage":"en-US","@id":"https:\/\/autorival.ro\/peug\/product\/comutator-presiune-aer-conditionat-peugeot-308-cc-4b_-1-6-hdi-diesel-111-cai-metzger-0917331\/#primaryimage","url":"https:\/\/autorival.ro\/peug\/wp-content\/uploads\/sites\/22\/2025\/07\/0917331_1-122.jpg","contentUrl":"https:\/\/autorival.ro\/peug\/wp-content\/uploads\/sites\/22\/2025\/07\/0917331_1-122.jpg","width":900,"height":600},{"@type":"BreadcrumbList","@id":"https:\/\/autorival.ro\/peug\/product\/comutator-presiune-aer-conditionat-peugeot-308-cc-4b_-1-6-hdi-diesel-111-cai-metzger-0917331\/#breadcrumb","itemListElement":[{"@type":"ListItem","position":1,"name":"Prima pagin\u0103","item":"https:\/\/autorival.ro\/peug\/"},{"@type":"ListItem","position":2,"name":"Piese auto POEUGET","item":"https:\/\/autorival.ro\/peug\/"},{"@type":"ListItem","position":3,"name":"Comutator presiune aer conditionat PEUGEOT 308 CC (4B_) 1.6 HDi diesel 111 cai METZGER 0917331"}]},{"@type":"WebSite","@id":"https:\/\/autorival.ro\/peug\/#website","url":"https:\/\/autorival.ro\/peug\/","name":"PEOUGET","description":"","potentialAction":[{"@type":"SearchAction","target":{"@type":"EntryPoint","urlTemplate":"https:\/\/autorival.ro\/peug\/?s={search_term_string}"},"query-input":{"@type":"PropertyValueSpecification","valueRequired":true,"valueName":"search_term_string"}}],"inLanguage":"en-US"}]}},"_links":{"self":[{"href":"https:\/\/autorival.ro\/peug\/wp-json\/wp\/v2\/product\/145945","targetHints":{"allow":["GET"]}}],"collection":[{"href":"https:\/\/autorival.ro\/peug\/wp-json\/wp\/v2\/product"}],"about":[{"href":"https:\/\/autorival.ro\/peug\/wp-json\/wp\/v2\/types\/product"}],"replies":[{"embeddable":true,"href":"https:\/\/autorival.ro\/peug\/wp-json\/wp\/v2\/comments?post=145945"}],"wp:featuredmedia":[{"embeddable":true,"href":"https:\/\/autorival.ro\/peug\/wp-json\/wp\/v2\/media\/145946"}],"wp:attachment":[{"href":"https:\/\/autorival.ro\/peug\/wp-json\/wp\/v2\/media?parent=145945"}],"wp:term":[{"taxonomy":"product_brand","embeddable":true,"href":"https:\/\/autorival.ro\/peug\/wp-json\/wp\/v2\/product_brand?post=145945"},{"taxonomy":"product_cat","embeddable":true,"href":"https:\/\/autorival.ro\/peug\/wp-json\/wp\/v2\/product_cat?post=145945"},{"taxonomy":"product_tag","embeddable":true,"href":"https:\/\/autorival.ro\/peug\/wp-json\/wp\/v2\/product_tag?post=145945"}],"curies":[{"name":"wp","href":"https:\/\/api.w.org\/{rel}","templated":true}]}}