{"id":135067,"date":"2025-07-17T20:01:13","date_gmt":"2025-07-17T20:01:13","guid":{"rendered":"https:\/\/autorival.ro\/peug\/product\/comutator-lumini-frana-peugeot-expert-224_-1-9-td-diesel-90-cai-fae-24885\/"},"modified":"2025-07-17T20:01:13","modified_gmt":"2025-07-17T20:01:13","slug":"comutator-lumini-frana-peugeot-expert-224_-1-9-td-diesel-90-cai-fae-24885","status":"publish","type":"product","link":"https:\/\/autorival.ro\/peug\/product\/comutator-lumini-frana-peugeot-expert-224_-1-9-td-diesel-90-cai-fae-24885\/","title":{"rendered":"Comutator lumini frana PEUGEOT EXPERT (224_) 1.9 TD diesel 90 cai FAE 24885"},"content":{"rendered":"<p>Echipament vehicul: pentru vehicule cu tempomatpentru num\u0103r organiza\u021bie p\u00e2n\u0103 la: 9793Mod de operare: mecanicNum\u0103rul conexiunilor cu muf\u0103: 2Culoare carcasa: ro\u0219u\/negru<\/p>\n","protected":false},"excerpt":{"rendered":"<p>Producator: FAE Cod producator: 24885<\/p>\n","protected":false},"featured_media":135068,"comment_status":"open","ping_status":"closed","template":"","meta":[],"product_brand":[2507],"product_cat":[7720],"product_tag":[],"class_list":{"0":"post-135067","1":"product","2":"type-product","3":"status-publish","4":"has-post-thumbnail","6":"product_brand-fae","7":"product_cat-comutator-lumini-frana-224_-1-9-td-diesel-90","9":"first","10":"instock","11":"shipping-taxable","12":"purchasable","13":"product-type-simple"},"yoast_head":"<!-- This site is optimized with the Yoast SEO plugin v27.3 - https:\/\/yoast.com\/product\/yoast-seo-wordpress\/ -->\n<title>Comutator lumini frana PEUGEOT EXPERT (224_) 1.9 TD diesel 90 cai FAE 24885 PEOUGET | FAE - Autorival<\/title>\n<meta name=\"description\" content=\"\u26a1 Comutator lumini frana PEUGEOT EXPERT (224_) 1.9 TD diesel 90 cai FAE 24885 pentru PEOUGET. \u2713 Cod: 24885 \u2713 Brand: FAE \u2713 \u00cen stoc \u2713 Livrare 24h \u2713 Garan\u021bie!\" \/>\n<meta name=\"robots\" content=\"index, follow, max-snippet:-1, max-image-preview:large, max-video-preview:-1\" \/>\n<meta property=\"og:locale\" content=\"en_US\" \/>\n<meta property=\"og:type\" content=\"article\" \/>\n<meta property=\"og:title\" content=\"Comutator lumini frana PEUGEOT EXPERT (224_) 1.9 TD diesel 90 cai FAE 24885 PEOUGET | FAE - Autorival\" \/>\n<meta property=\"og:description\" content=\"\u26a1 Comutator lumini frana PEUGEOT EXPERT (224_) 1.9 TD diesel 90 cai FAE 24885 pentru PEOUGET. \u2713 Cod: 24885 \u2713 Brand: FAE \u2713 \u00cen stoc \u2713 Livrare 24h \u2713 Garan\u021bie!\" \/>\n<meta property=\"og:url\" content=\"https:\/\/autorival.ro\/peug\/product\/comutator-lumini-frana-peugeot-expert-224_-1-9-td-diesel-90-cai-fae-24885\/\" \/>\n<meta property=\"og:site_name\" content=\"PEOUGET\" \/>\n<meta property=\"og:image\" content=\"https:\/\/autorival.ro\/peug\/wp-content\/uploads\/sites\/22\/2025\/07\/24885-2.jpg\" \/>\n\t<meta property=\"og:image:width\" content=\"338\" \/>\n\t<meta property=\"og:image:height\" content=\"274\" \/>\n\t<meta property=\"og:image:type\" content=\"image\/jpeg\" \/>\n<meta name=\"twitter:card\" content=\"summary_large_image\" \/>\n<meta name=\"twitter:title\" content=\"Comutator lumini frana PEUGEOT EXPERT (224_) 1.9 TD diesel 90 cai FAE 24885 PEOUGET | FAE - Autorival\" \/>\n<meta name=\"twitter:description\" content=\"\u26a1 Comutator lumini frana PEUGEOT EXPERT (224_) 1.9 TD diesel 90 cai FAE 24885 pentru PEOUGET. \u2713 Cod: 24885 \u2713 Brand: FAE \u2713 \u00cen stoc \u2713 Livrare 24h \u2713 Garan\u021bie!\" \/>\n<script type=\"application\/ld+json\" class=\"yoast-schema-graph\">{\"@context\":\"https:\\\/\\\/schema.org\",\"@graph\":[{\"@type\":\"WebPage\",\"@id\":\"https:\\\/\\\/autorival.ro\\\/peug\\\/product\\\/comutator-lumini-frana-peugeot-expert-224_-1-9-td-diesel-90-cai-fae-24885\\\/\",\"url\":\"https:\\\/\\\/autorival.ro\\\/peug\\\/product\\\/comutator-lumini-frana-peugeot-expert-224_-1-9-td-diesel-90-cai-fae-24885\\\/\",\"name\":\"Comutator lumini frana PEUGEOT EXPERT (224_) 1.9 TD diesel 90 cai FAE 24885 PEOUGET | FAE - Autorival\",\"isPartOf\":{\"@id\":\"https:\\\/\\\/autorival.ro\\\/peug\\\/#website\"},\"primaryImageOfPage\":{\"@id\":\"https:\\\/\\\/autorival.ro\\\/peug\\\/product\\\/comutator-lumini-frana-peugeot-expert-224_-1-9-td-diesel-90-cai-fae-24885\\\/#primaryimage\"},\"image\":{\"@id\":\"https:\\\/\\\/autorival.ro\\\/peug\\\/product\\\/comutator-lumini-frana-peugeot-expert-224_-1-9-td-diesel-90-cai-fae-24885\\\/#primaryimage\"},\"thumbnailUrl\":\"https:\\\/\\\/autorival.ro\\\/peug\\\/wp-content\\\/uploads\\\/sites\\\/22\\\/2025\\\/07\\\/24885-2.jpg\",\"datePublished\":\"2025-07-17T20:01:13+00:00\",\"description\":\"\u26a1 Comutator lumini frana PEUGEOT EXPERT (224_) 1.9 TD diesel 90 cai FAE 24885 pentru PEOUGET. \u2713 Cod: 24885 \u2713 Brand: FAE \u2713 \u00cen stoc \u2713 Livrare 24h \u2713 Garan\u021bie!\",\"breadcrumb\":{\"@id\":\"https:\\\/\\\/autorival.ro\\\/peug\\\/product\\\/comutator-lumini-frana-peugeot-expert-224_-1-9-td-diesel-90-cai-fae-24885\\\/#breadcrumb\"},\"inLanguage\":\"en-US\",\"potentialAction\":[{\"@type\":\"ReadAction\",\"target\":[\"https:\\\/\\\/autorival.ro\\\/peug\\\/product\\\/comutator-lumini-frana-peugeot-expert-224_-1-9-td-diesel-90-cai-fae-24885\\\/\"]}]},{\"@type\":\"ImageObject\",\"inLanguage\":\"en-US\",\"@id\":\"https:\\\/\\\/autorival.ro\\\/peug\\\/product\\\/comutator-lumini-frana-peugeot-expert-224_-1-9-td-diesel-90-cai-fae-24885\\\/#primaryimage\",\"url\":\"https:\\\/\\\/autorival.ro\\\/peug\\\/wp-content\\\/uploads\\\/sites\\\/22\\\/2025\\\/07\\\/24885-2.jpg\",\"contentUrl\":\"https:\\\/\\\/autorival.ro\\\/peug\\\/wp-content\\\/uploads\\\/sites\\\/22\\\/2025\\\/07\\\/24885-2.jpg\",\"width\":338,\"height\":274},{\"@type\":\"BreadcrumbList\",\"@id\":\"https:\\\/\\\/autorival.ro\\\/peug\\\/product\\\/comutator-lumini-frana-peugeot-expert-224_-1-9-td-diesel-90-cai-fae-24885\\\/#breadcrumb\",\"itemListElement\":[{\"@type\":\"ListItem\",\"position\":1,\"name\":\"Prima pagin\u0103\",\"item\":\"https:\\\/\\\/autorival.ro\\\/peug\\\/\"},{\"@type\":\"ListItem\",\"position\":2,\"name\":\"Piese auto POEUGET\",\"item\":\"https:\\\/\\\/autorival.ro\\\/peug\\\/\"},{\"@type\":\"ListItem\",\"position\":3,\"name\":\"Comutator lumini frana PEUGEOT EXPERT (224_) 1.9 TD diesel 90 cai FAE 24885\"}]},{\"@type\":\"WebSite\",\"@id\":\"https:\\\/\\\/autorival.ro\\\/peug\\\/#website\",\"url\":\"https:\\\/\\\/autorival.ro\\\/peug\\\/\",\"name\":\"PEOUGET\",\"description\":\"\",\"potentialAction\":[{\"@type\":\"SearchAction\",\"target\":{\"@type\":\"EntryPoint\",\"urlTemplate\":\"https:\\\/\\\/autorival.ro\\\/peug\\\/?s={search_term_string}\"},\"query-input\":{\"@type\":\"PropertyValueSpecification\",\"valueRequired\":true,\"valueName\":\"search_term_string\"}}],\"inLanguage\":\"en-US\"}]}<\/script>\n<!-- \/ Yoast SEO plugin. -->","yoast_head_json":{"title":"Comutator lumini frana PEUGEOT EXPERT (224_) 1.9 TD diesel 90 cai FAE 24885 PEOUGET | FAE - Autorival","description":"\u26a1 Comutator lumini frana PEUGEOT EXPERT (224_) 1.9 TD diesel 90 cai FAE 24885 pentru PEOUGET. \u2713 Cod: 24885 \u2713 Brand: FAE \u2713 \u00cen stoc \u2713 Livrare 24h \u2713 Garan\u021bie!","robots":{"index":"index","follow":"follow","max-snippet":"max-snippet:-1","max-image-preview":"max-image-preview:large","max-video-preview":"max-video-preview:-1"},"og_locale":"en_US","og_type":"article","og_title":"Comutator lumini frana PEUGEOT EXPERT (224_) 1.9 TD diesel 90 cai FAE 24885 PEOUGET | FAE - Autorival","og_description":"\u26a1 Comutator lumini frana PEUGEOT EXPERT (224_) 1.9 TD diesel 90 cai FAE 24885 pentru PEOUGET. \u2713 Cod: 24885 \u2713 Brand: FAE \u2713 \u00cen stoc \u2713 Livrare 24h \u2713 Garan\u021bie!","og_url":"https:\/\/autorival.ro\/peug\/product\/comutator-lumini-frana-peugeot-expert-224_-1-9-td-diesel-90-cai-fae-24885\/","og_site_name":"PEOUGET","og_image":[{"width":338,"height":274,"url":"https:\/\/autorival.ro\/peug\/wp-content\/uploads\/sites\/22\/2025\/07\/24885-2.jpg","type":"image\/jpeg"}],"twitter_card":"summary_large_image","twitter_title":"Comutator lumini frana PEUGEOT EXPERT (224_) 1.9 TD diesel 90 cai FAE 24885 PEOUGET | FAE - Autorival","twitter_description":"\u26a1 Comutator lumini frana PEUGEOT EXPERT (224_) 1.9 TD diesel 90 cai FAE 24885 pentru PEOUGET. \u2713 Cod: 24885 \u2713 Brand: FAE \u2713 \u00cen stoc \u2713 Livrare 24h \u2713 Garan\u021bie!","schema":{"@context":"https:\/\/schema.org","@graph":[{"@type":"WebPage","@id":"https:\/\/autorival.ro\/peug\/product\/comutator-lumini-frana-peugeot-expert-224_-1-9-td-diesel-90-cai-fae-24885\/","url":"https:\/\/autorival.ro\/peug\/product\/comutator-lumini-frana-peugeot-expert-224_-1-9-td-diesel-90-cai-fae-24885\/","name":"Comutator lumini frana PEUGEOT EXPERT (224_) 1.9 TD diesel 90 cai FAE 24885 PEOUGET | FAE - Autorival","isPartOf":{"@id":"https:\/\/autorival.ro\/peug\/#website"},"primaryImageOfPage":{"@id":"https:\/\/autorival.ro\/peug\/product\/comutator-lumini-frana-peugeot-expert-224_-1-9-td-diesel-90-cai-fae-24885\/#primaryimage"},"image":{"@id":"https:\/\/autorival.ro\/peug\/product\/comutator-lumini-frana-peugeot-expert-224_-1-9-td-diesel-90-cai-fae-24885\/#primaryimage"},"thumbnailUrl":"https:\/\/autorival.ro\/peug\/wp-content\/uploads\/sites\/22\/2025\/07\/24885-2.jpg","datePublished":"2025-07-17T20:01:13+00:00","description":"\u26a1 Comutator lumini frana PEUGEOT EXPERT (224_) 1.9 TD diesel 90 cai FAE 24885 pentru PEOUGET. \u2713 Cod: 24885 \u2713 Brand: FAE \u2713 \u00cen stoc \u2713 Livrare 24h \u2713 Garan\u021bie!","breadcrumb":{"@id":"https:\/\/autorival.ro\/peug\/product\/comutator-lumini-frana-peugeot-expert-224_-1-9-td-diesel-90-cai-fae-24885\/#breadcrumb"},"inLanguage":"en-US","potentialAction":[{"@type":"ReadAction","target":["https:\/\/autorival.ro\/peug\/product\/comutator-lumini-frana-peugeot-expert-224_-1-9-td-diesel-90-cai-fae-24885\/"]}]},{"@type":"ImageObject","inLanguage":"en-US","@id":"https:\/\/autorival.ro\/peug\/product\/comutator-lumini-frana-peugeot-expert-224_-1-9-td-diesel-90-cai-fae-24885\/#primaryimage","url":"https:\/\/autorival.ro\/peug\/wp-content\/uploads\/sites\/22\/2025\/07\/24885-2.jpg","contentUrl":"https:\/\/autorival.ro\/peug\/wp-content\/uploads\/sites\/22\/2025\/07\/24885-2.jpg","width":338,"height":274},{"@type":"BreadcrumbList","@id":"https:\/\/autorival.ro\/peug\/product\/comutator-lumini-frana-peugeot-expert-224_-1-9-td-diesel-90-cai-fae-24885\/#breadcrumb","itemListElement":[{"@type":"ListItem","position":1,"name":"Prima pagin\u0103","item":"https:\/\/autorival.ro\/peug\/"},{"@type":"ListItem","position":2,"name":"Piese auto POEUGET","item":"https:\/\/autorival.ro\/peug\/"},{"@type":"ListItem","position":3,"name":"Comutator lumini frana PEUGEOT EXPERT (224_) 1.9 TD diesel 90 cai FAE 24885"}]},{"@type":"WebSite","@id":"https:\/\/autorival.ro\/peug\/#website","url":"https:\/\/autorival.ro\/peug\/","name":"PEOUGET","description":"","potentialAction":[{"@type":"SearchAction","target":{"@type":"EntryPoint","urlTemplate":"https:\/\/autorival.ro\/peug\/?s={search_term_string}"},"query-input":{"@type":"PropertyValueSpecification","valueRequired":true,"valueName":"search_term_string"}}],"inLanguage":"en-US"}]}},"_links":{"self":[{"href":"https:\/\/autorival.ro\/peug\/wp-json\/wp\/v2\/product\/135067","targetHints":{"allow":["GET"]}}],"collection":[{"href":"https:\/\/autorival.ro\/peug\/wp-json\/wp\/v2\/product"}],"about":[{"href":"https:\/\/autorival.ro\/peug\/wp-json\/wp\/v2\/types\/product"}],"replies":[{"embeddable":true,"href":"https:\/\/autorival.ro\/peug\/wp-json\/wp\/v2\/comments?post=135067"}],"wp:featuredmedia":[{"embeddable":true,"href":"https:\/\/autorival.ro\/peug\/wp-json\/wp\/v2\/media\/135068"}],"wp:attachment":[{"href":"https:\/\/autorival.ro\/peug\/wp-json\/wp\/v2\/media?parent=135067"}],"wp:term":[{"taxonomy":"product_brand","embeddable":true,"href":"https:\/\/autorival.ro\/peug\/wp-json\/wp\/v2\/product_brand?post=135067"},{"taxonomy":"product_cat","embeddable":true,"href":"https:\/\/autorival.ro\/peug\/wp-json\/wp\/v2\/product_cat?post=135067"},{"taxonomy":"product_tag","embeddable":true,"href":"https:\/\/autorival.ro\/peug\/wp-json\/wp\/v2\/product_tag?post=135067"}],"curies":[{"name":"wp","href":"https:\/\/api.w.org\/{rel}","templated":true}]}}