{"id":122535,"date":"2025-07-17T18:08:16","date_gmt":"2025-07-17T18:08:16","guid":{"rendered":"https:\/\/autorival.ro\/peug\/product\/compresor-climatizare-peugeot-expert-caroserie-222-1-9-td-diesel-90-cai-van-wezel-0900k161\/"},"modified":"2025-07-17T18:08:16","modified_gmt":"2025-07-17T18:08:16","slug":"compresor-climatizare-peugeot-expert-caroserie-222-1-9-td-diesel-90-cai-van-wezel-0900k161","status":"publish","type":"product","link":"https:\/\/autorival.ro\/peug\/product\/compresor-climatizare-peugeot-expert-caroserie-222-1-9-td-diesel-90-cai-van-wezel-0900k161\/","title":{"rendered":"Compresor climatizare PEUGEOT EXPERT caroserie (222) 1.9 TD diesel 90 cai VAN WEZEL 0900K161"},"content":{"rendered":"<p>Pana la an model: 1999Restrictiile producatorului: Type SandenID compresor: SD7V16Fulie curea \u00d8 [mm]: 119Tensiune [V]: 12Num\u0103rul conexiunilor cu muf\u0103: 2 ->Diametru admisie [mm]: 16,4 ->Diametru evacuare [mm]: 16,4Cantitate umplere ulei [ml]: 135Role: cuNumar de striatii: 6Ulei de compresor: PAG 46Agent frigorific: R 134aArticol extins\/Informatii de extindere: cu garnituriDistanta dintre gaurile de fixare [mm]: 833incarcat partialCalitate: IR PLUS<\/p>\n","protected":false},"excerpt":{"rendered":"<p>Producator: VAN WEZEL Cod producator: 0900K161<\/p>\n","protected":false},"featured_media":122536,"comment_status":"open","ping_status":"closed","template":"","meta":[],"product_brand":[18],"product_cat":[5208],"product_tag":[],"class_list":{"0":"post-122535","1":"product","2":"type-product","3":"status-publish","4":"has-post-thumbnail","6":"product_brand-van-wezel","7":"product_cat-compresor-climatizare-caroserie-222-1-9-td-diesel-90","9":"first","10":"instock","11":"shipping-taxable","12":"purchasable","13":"product-type-simple"},"yoast_head":"<!-- This site is optimized with the Yoast SEO plugin v27.3 - https:\/\/yoast.com\/product\/yoast-seo-wordpress\/ -->\n<title>Compresor climatizare PEUGEOT EXPERT caroserie (222) 1.9 TD diesel 90 cai VAN WEZEL 0900K161 PEOUGET | VAN - Autorival<\/title>\n<meta name=\"description\" content=\"\u26a1 Compresor climatizare PEUGEOT EXPERT caroserie (222) 1.9 TD diesel 90 cai VAN WEZEL 0900K161 pentru PEOUGET. \u2713 Cod: 0900K161 \u2713 Brand: VAN \u2713 \u00cen stoc \u2713 Livrare 24h \u2713 Garan\u021bie!\" \/>\n<meta name=\"robots\" content=\"index, follow, max-snippet:-1, max-image-preview:large, max-video-preview:-1\" \/>\n<meta property=\"og:locale\" content=\"en_US\" \/>\n<meta property=\"og:type\" content=\"article\" \/>\n<meta property=\"og:title\" content=\"Compresor climatizare PEUGEOT EXPERT caroserie (222) 1.9 TD diesel 90 cai VAN WEZEL 0900K161 PEOUGET | VAN - Autorival\" \/>\n<meta property=\"og:description\" content=\"\u26a1 Compresor climatizare PEUGEOT EXPERT caroserie (222) 1.9 TD diesel 90 cai VAN WEZEL 0900K161 pentru PEOUGET. \u2713 Cod: 0900K161 \u2713 Brand: VAN \u2713 \u00cen stoc \u2713 Livrare 24h \u2713 Garan\u021bie!\" \/>\n<meta property=\"og:url\" content=\"https:\/\/autorival.ro\/peug\/product\/compresor-climatizare-peugeot-expert-caroserie-222-1-9-td-diesel-90-cai-van-wezel-0900k161\/\" \/>\n<meta property=\"og:site_name\" content=\"PEOUGET\" \/>\n<meta property=\"og:image\" content=\"https:\/\/autorival.ro\/peug\/wp-content\/uploads\/sites\/22\/2025\/07\/a0900k161-5.jpg\" \/>\n\t<meta property=\"og:image:width\" content=\"400\" \/>\n\t<meta property=\"og:image:height\" content=\"280\" \/>\n\t<meta property=\"og:image:type\" content=\"image\/jpeg\" \/>\n<meta name=\"twitter:card\" content=\"summary_large_image\" \/>\n<meta name=\"twitter:title\" content=\"Compresor climatizare PEUGEOT EXPERT caroserie (222) 1.9 TD diesel 90 cai VAN WEZEL 0900K161 PEOUGET | VAN - Autorival\" \/>\n<meta name=\"twitter:description\" content=\"\u26a1 Compresor climatizare PEUGEOT EXPERT caroserie (222) 1.9 TD diesel 90 cai VAN WEZEL 0900K161 pentru PEOUGET. \u2713 Cod: 0900K161 \u2713 Brand: VAN \u2713 \u00cen stoc \u2713 Livrare 24h \u2713 Garan\u021bie!\" \/>\n<script type=\"application\/ld+json\" class=\"yoast-schema-graph\">{\"@context\":\"https:\\\/\\\/schema.org\",\"@graph\":[{\"@type\":\"WebPage\",\"@id\":\"https:\\\/\\\/autorival.ro\\\/peug\\\/product\\\/compresor-climatizare-peugeot-expert-caroserie-222-1-9-td-diesel-90-cai-van-wezel-0900k161\\\/\",\"url\":\"https:\\\/\\\/autorival.ro\\\/peug\\\/product\\\/compresor-climatizare-peugeot-expert-caroserie-222-1-9-td-diesel-90-cai-van-wezel-0900k161\\\/\",\"name\":\"Compresor climatizare PEUGEOT EXPERT caroserie (222) 1.9 TD diesel 90 cai VAN WEZEL 0900K161 PEOUGET | VAN - Autorival\",\"isPartOf\":{\"@id\":\"https:\\\/\\\/autorival.ro\\\/peug\\\/#website\"},\"primaryImageOfPage\":{\"@id\":\"https:\\\/\\\/autorival.ro\\\/peug\\\/product\\\/compresor-climatizare-peugeot-expert-caroserie-222-1-9-td-diesel-90-cai-van-wezel-0900k161\\\/#primaryimage\"},\"image\":{\"@id\":\"https:\\\/\\\/autorival.ro\\\/peug\\\/product\\\/compresor-climatizare-peugeot-expert-caroserie-222-1-9-td-diesel-90-cai-van-wezel-0900k161\\\/#primaryimage\"},\"thumbnailUrl\":\"https:\\\/\\\/autorival.ro\\\/peug\\\/wp-content\\\/uploads\\\/sites\\\/22\\\/2025\\\/07\\\/a0900k161-5.jpg\",\"datePublished\":\"2025-07-17T18:08:16+00:00\",\"description\":\"\u26a1 Compresor climatizare PEUGEOT EXPERT caroserie (222) 1.9 TD diesel 90 cai VAN WEZEL 0900K161 pentru PEOUGET. \u2713 Cod: 0900K161 \u2713 Brand: VAN \u2713 \u00cen stoc \u2713 Livrare 24h \u2713 Garan\u021bie!\",\"breadcrumb\":{\"@id\":\"https:\\\/\\\/autorival.ro\\\/peug\\\/product\\\/compresor-climatizare-peugeot-expert-caroserie-222-1-9-td-diesel-90-cai-van-wezel-0900k161\\\/#breadcrumb\"},\"inLanguage\":\"en-US\",\"potentialAction\":[{\"@type\":\"ReadAction\",\"target\":[\"https:\\\/\\\/autorival.ro\\\/peug\\\/product\\\/compresor-climatizare-peugeot-expert-caroserie-222-1-9-td-diesel-90-cai-van-wezel-0900k161\\\/\"]}]},{\"@type\":\"ImageObject\",\"inLanguage\":\"en-US\",\"@id\":\"https:\\\/\\\/autorival.ro\\\/peug\\\/product\\\/compresor-climatizare-peugeot-expert-caroserie-222-1-9-td-diesel-90-cai-van-wezel-0900k161\\\/#primaryimage\",\"url\":\"https:\\\/\\\/autorival.ro\\\/peug\\\/wp-content\\\/uploads\\\/sites\\\/22\\\/2025\\\/07\\\/a0900k161-5.jpg\",\"contentUrl\":\"https:\\\/\\\/autorival.ro\\\/peug\\\/wp-content\\\/uploads\\\/sites\\\/22\\\/2025\\\/07\\\/a0900k161-5.jpg\",\"width\":400,\"height\":280},{\"@type\":\"BreadcrumbList\",\"@id\":\"https:\\\/\\\/autorival.ro\\\/peug\\\/product\\\/compresor-climatizare-peugeot-expert-caroserie-222-1-9-td-diesel-90-cai-van-wezel-0900k161\\\/#breadcrumb\",\"itemListElement\":[{\"@type\":\"ListItem\",\"position\":1,\"name\":\"Prima pagin\u0103\",\"item\":\"https:\\\/\\\/autorival.ro\\\/peug\\\/\"},{\"@type\":\"ListItem\",\"position\":2,\"name\":\"Piese auto POEUGET\",\"item\":\"https:\\\/\\\/autorival.ro\\\/peug\\\/\"},{\"@type\":\"ListItem\",\"position\":3,\"name\":\"Compresor climatizare PEUGEOT EXPERT caroserie (222) 1.9 TD diesel 90 cai VAN WEZEL 0900K161\"}]},{\"@type\":\"WebSite\",\"@id\":\"https:\\\/\\\/autorival.ro\\\/peug\\\/#website\",\"url\":\"https:\\\/\\\/autorival.ro\\\/peug\\\/\",\"name\":\"PEOUGET\",\"description\":\"\",\"potentialAction\":[{\"@type\":\"SearchAction\",\"target\":{\"@type\":\"EntryPoint\",\"urlTemplate\":\"https:\\\/\\\/autorival.ro\\\/peug\\\/?s={search_term_string}\"},\"query-input\":{\"@type\":\"PropertyValueSpecification\",\"valueRequired\":true,\"valueName\":\"search_term_string\"}}],\"inLanguage\":\"en-US\"}]}<\/script>\n<!-- \/ Yoast SEO plugin. -->","yoast_head_json":{"title":"Compresor climatizare PEUGEOT EXPERT caroserie (222) 1.9 TD diesel 90 cai VAN WEZEL 0900K161 PEOUGET | VAN - Autorival","description":"\u26a1 Compresor climatizare PEUGEOT EXPERT caroserie (222) 1.9 TD diesel 90 cai VAN WEZEL 0900K161 pentru PEOUGET. \u2713 Cod: 0900K161 \u2713 Brand: VAN \u2713 \u00cen stoc \u2713 Livrare 24h \u2713 Garan\u021bie!","robots":{"index":"index","follow":"follow","max-snippet":"max-snippet:-1","max-image-preview":"max-image-preview:large","max-video-preview":"max-video-preview:-1"},"og_locale":"en_US","og_type":"article","og_title":"Compresor climatizare PEUGEOT EXPERT caroserie (222) 1.9 TD diesel 90 cai VAN WEZEL 0900K161 PEOUGET | VAN - Autorival","og_description":"\u26a1 Compresor climatizare PEUGEOT EXPERT caroserie (222) 1.9 TD diesel 90 cai VAN WEZEL 0900K161 pentru PEOUGET. \u2713 Cod: 0900K161 \u2713 Brand: VAN \u2713 \u00cen stoc \u2713 Livrare 24h \u2713 Garan\u021bie!","og_url":"https:\/\/autorival.ro\/peug\/product\/compresor-climatizare-peugeot-expert-caroserie-222-1-9-td-diesel-90-cai-van-wezel-0900k161\/","og_site_name":"PEOUGET","og_image":[{"width":400,"height":280,"url":"https:\/\/autorival.ro\/peug\/wp-content\/uploads\/sites\/22\/2025\/07\/a0900k161-5.jpg","type":"image\/jpeg"}],"twitter_card":"summary_large_image","twitter_title":"Compresor climatizare PEUGEOT EXPERT caroserie (222) 1.9 TD diesel 90 cai VAN WEZEL 0900K161 PEOUGET | VAN - Autorival","twitter_description":"\u26a1 Compresor climatizare PEUGEOT EXPERT caroserie (222) 1.9 TD diesel 90 cai VAN WEZEL 0900K161 pentru PEOUGET. \u2713 Cod: 0900K161 \u2713 Brand: VAN \u2713 \u00cen stoc \u2713 Livrare 24h \u2713 Garan\u021bie!","schema":{"@context":"https:\/\/schema.org","@graph":[{"@type":"WebPage","@id":"https:\/\/autorival.ro\/peug\/product\/compresor-climatizare-peugeot-expert-caroserie-222-1-9-td-diesel-90-cai-van-wezel-0900k161\/","url":"https:\/\/autorival.ro\/peug\/product\/compresor-climatizare-peugeot-expert-caroserie-222-1-9-td-diesel-90-cai-van-wezel-0900k161\/","name":"Compresor climatizare PEUGEOT EXPERT caroserie (222) 1.9 TD diesel 90 cai VAN WEZEL 0900K161 PEOUGET | VAN - Autorival","isPartOf":{"@id":"https:\/\/autorival.ro\/peug\/#website"},"primaryImageOfPage":{"@id":"https:\/\/autorival.ro\/peug\/product\/compresor-climatizare-peugeot-expert-caroserie-222-1-9-td-diesel-90-cai-van-wezel-0900k161\/#primaryimage"},"image":{"@id":"https:\/\/autorival.ro\/peug\/product\/compresor-climatizare-peugeot-expert-caroserie-222-1-9-td-diesel-90-cai-van-wezel-0900k161\/#primaryimage"},"thumbnailUrl":"https:\/\/autorival.ro\/peug\/wp-content\/uploads\/sites\/22\/2025\/07\/a0900k161-5.jpg","datePublished":"2025-07-17T18:08:16+00:00","description":"\u26a1 Compresor climatizare PEUGEOT EXPERT caroserie (222) 1.9 TD diesel 90 cai VAN WEZEL 0900K161 pentru PEOUGET. \u2713 Cod: 0900K161 \u2713 Brand: VAN \u2713 \u00cen stoc \u2713 Livrare 24h \u2713 Garan\u021bie!","breadcrumb":{"@id":"https:\/\/autorival.ro\/peug\/product\/compresor-climatizare-peugeot-expert-caroserie-222-1-9-td-diesel-90-cai-van-wezel-0900k161\/#breadcrumb"},"inLanguage":"en-US","potentialAction":[{"@type":"ReadAction","target":["https:\/\/autorival.ro\/peug\/product\/compresor-climatizare-peugeot-expert-caroserie-222-1-9-td-diesel-90-cai-van-wezel-0900k161\/"]}]},{"@type":"ImageObject","inLanguage":"en-US","@id":"https:\/\/autorival.ro\/peug\/product\/compresor-climatizare-peugeot-expert-caroserie-222-1-9-td-diesel-90-cai-van-wezel-0900k161\/#primaryimage","url":"https:\/\/autorival.ro\/peug\/wp-content\/uploads\/sites\/22\/2025\/07\/a0900k161-5.jpg","contentUrl":"https:\/\/autorival.ro\/peug\/wp-content\/uploads\/sites\/22\/2025\/07\/a0900k161-5.jpg","width":400,"height":280},{"@type":"BreadcrumbList","@id":"https:\/\/autorival.ro\/peug\/product\/compresor-climatizare-peugeot-expert-caroserie-222-1-9-td-diesel-90-cai-van-wezel-0900k161\/#breadcrumb","itemListElement":[{"@type":"ListItem","position":1,"name":"Prima pagin\u0103","item":"https:\/\/autorival.ro\/peug\/"},{"@type":"ListItem","position":2,"name":"Piese auto POEUGET","item":"https:\/\/autorival.ro\/peug\/"},{"@type":"ListItem","position":3,"name":"Compresor climatizare PEUGEOT EXPERT caroserie (222) 1.9 TD diesel 90 cai VAN WEZEL 0900K161"}]},{"@type":"WebSite","@id":"https:\/\/autorival.ro\/peug\/#website","url":"https:\/\/autorival.ro\/peug\/","name":"PEOUGET","description":"","potentialAction":[{"@type":"SearchAction","target":{"@type":"EntryPoint","urlTemplate":"https:\/\/autorival.ro\/peug\/?s={search_term_string}"},"query-input":{"@type":"PropertyValueSpecification","valueRequired":true,"valueName":"search_term_string"}}],"inLanguage":"en-US"}]}},"_links":{"self":[{"href":"https:\/\/autorival.ro\/peug\/wp-json\/wp\/v2\/product\/122535","targetHints":{"allow":["GET"]}}],"collection":[{"href":"https:\/\/autorival.ro\/peug\/wp-json\/wp\/v2\/product"}],"about":[{"href":"https:\/\/autorival.ro\/peug\/wp-json\/wp\/v2\/types\/product"}],"replies":[{"embeddable":true,"href":"https:\/\/autorival.ro\/peug\/wp-json\/wp\/v2\/comments?post=122535"}],"wp:featuredmedia":[{"embeddable":true,"href":"https:\/\/autorival.ro\/peug\/wp-json\/wp\/v2\/media\/122536"}],"wp:attachment":[{"href":"https:\/\/autorival.ro\/peug\/wp-json\/wp\/v2\/media?parent=122535"}],"wp:term":[{"taxonomy":"product_brand","embeddable":true,"href":"https:\/\/autorival.ro\/peug\/wp-json\/wp\/v2\/product_brand?post=122535"},{"taxonomy":"product_cat","embeddable":true,"href":"https:\/\/autorival.ro\/peug\/wp-json\/wp\/v2\/product_cat?post=122535"},{"taxonomy":"product_tag","embeddable":true,"href":"https:\/\/autorival.ro\/peug\/wp-json\/wp\/v2\/product_tag?post=122535"}],"curies":[{"name":"wp","href":"https:\/\/api.w.org\/{rel}","templated":true}]}}