{"id":983789,"date":"2025-07-01T16:50:40","date_gmt":"2025-07-01T16:50:40","guid":{"rendered":"https:\/\/autorival.ro\/opel\/product\/tambur-frana-opel-adam-m13-1-4-benzina-101-cai-abs-2826-s\/"},"modified":"2025-07-01T16:50:40","modified_gmt":"2025-07-01T16:50:40","slug":"tambur-frana-opel-adam-m13-1-4-benzina-101-cai-abs-2826-s","status":"publish","type":"product","link":"https:\/\/autorival.ro\/opel\/product\/tambur-frana-opel-adam-m13-1-4-benzina-101-cai-abs-2826-s\/","title":{"rendered":"Tambur frana OPEL ADAM (M13) 1.4 benzina 101 cai ABS 2826-S"},"content":{"rendered":"<p>Partea de montare: puntea spate ->Diametru tambur de fr\u00e2n\u0103 interior [mm]: 228 ->Inaltime interioara tambur frana [mm]: 47 ->Inaltime tot. tambur frana [mm]: 61Janta, numar gauri: 4 ->Diametru butuc roata [mm]: 60 ->Diametru tambur de fr\u00e2n\u0103 exterior [mm]: 269 ->Greutate [kg]: 5,78Asezare gauri \u00d8 [mm]: 100<\/p>\n","protected":false},"excerpt":{"rendered":"<p>Producator: ABS Cod producator: 2826-S<\/p>\n","protected":false},"featured_media":983790,"comment_status":"open","ping_status":"closed","template":"","meta":[],"product_brand":[4455],"product_cat":[41281],"product_tag":[43385,43654,43382,43366,43324,44563],"class_list":{"0":"post-983789","1":"product","2":"type-product","3":"status-publish","4":"has-post-thumbnail","6":"product_brand-abs","7":"product_cat-tambur-frana-m13-1-4-benzina-101","8":"product_tag-m13","9":"product_tag-abs","10":"product_tag-adam","11":"product_tag-frana","12":"product_tag-opel","13":"product_tag-tambur","15":"first","16":"instock","17":"shipping-taxable","18":"purchasable","19":"product-type-simple"},"yoast_head":"<!-- This site is optimized with the Yoast SEO plugin v27.3 - https:\/\/yoast.com\/product\/yoast-seo-wordpress\/ -->\n<title>Tambur frana OPEL ADAM (M13) 1.4 benzina 101 cai ABS 2826-S OPEL | ABS - Autorival<\/title>\n<meta name=\"description\" content=\"\u26a1 Tambur frana OPEL ADAM (M13) 1.4 benzina 101 cai ABS 2826-S pentru OPEL la doar 340.58 RON. \u2713 Cod: 2826-S \u2713 Brand: ABS \u2713 \u00cen stoc \u2713 Livrare 24h \u2713 Garan\u021bie!\" \/>\n<meta name=\"robots\" content=\"index, follow, max-snippet:-1, max-image-preview:large, max-video-preview:-1\" \/>\n<meta property=\"og:locale\" content=\"en_US\" \/>\n<meta property=\"og:type\" content=\"article\" \/>\n<meta property=\"og:title\" content=\"Tambur frana OPEL ADAM (M13) 1.4 benzina 101 cai ABS 2826-S OPEL | ABS - Autorival\" \/>\n<meta property=\"og:description\" content=\"\u26a1 Tambur frana OPEL ADAM (M13) 1.4 benzina 101 cai ABS 2826-S pentru OPEL la doar 340.58 RON. \u2713 Cod: 2826-S \u2713 Brand: ABS \u2713 \u00cen stoc \u2713 Livrare 24h \u2713 Garan\u021bie!\" \/>\n<meta property=\"og:url\" content=\"https:\/\/autorival.ro\/opel\/product\/tambur-frana-opel-adam-m13-1-4-benzina-101-cai-abs-2826-s\/\" \/>\n<meta property=\"og:site_name\" content=\"OPEL\" \/>\n<meta property=\"og:image\" content=\"https:\/\/autorival.ro\/opel\/wp-content\/uploads\/sites\/21\/2025\/07\/2826-s-2.jpg\" \/>\n\t<meta property=\"og:image:width\" content=\"534\" \/>\n\t<meta property=\"og:image:height\" content=\"400\" \/>\n\t<meta property=\"og:image:type\" content=\"image\/jpeg\" \/>\n<meta name=\"twitter:card\" content=\"summary_large_image\" \/>\n<meta name=\"twitter:title\" content=\"Tambur frana OPEL ADAM (M13) 1.4 benzina 101 cai ABS 2826-S OPEL | ABS - Autorival\" \/>\n<meta name=\"twitter:description\" content=\"\u26a1 Tambur frana OPEL ADAM (M13) 1.4 benzina 101 cai ABS 2826-S pentru OPEL la doar 340.58 RON. \u2713 Cod: 2826-S \u2713 Brand: ABS \u2713 \u00cen stoc \u2713 Livrare 24h \u2713 Garan\u021bie!\" \/>\n<script type=\"application\/ld+json\" class=\"yoast-schema-graph\">{\"@context\":\"https:\\\/\\\/schema.org\",\"@graph\":[{\"@type\":\"WebPage\",\"@id\":\"https:\\\/\\\/autorival.ro\\\/opel\\\/product\\\/tambur-frana-opel-adam-m13-1-4-benzina-101-cai-abs-2826-s\\\/\",\"url\":\"https:\\\/\\\/autorival.ro\\\/opel\\\/product\\\/tambur-frana-opel-adam-m13-1-4-benzina-101-cai-abs-2826-s\\\/\",\"name\":\"Tambur frana OPEL ADAM (M13) 1.4 benzina 101 cai ABS 2826-S OPEL | ABS - Autorival\",\"isPartOf\":{\"@id\":\"https:\\\/\\\/autorival.ro\\\/opel\\\/#website\"},\"primaryImageOfPage\":{\"@id\":\"https:\\\/\\\/autorival.ro\\\/opel\\\/product\\\/tambur-frana-opel-adam-m13-1-4-benzina-101-cai-abs-2826-s\\\/#primaryimage\"},\"image\":{\"@id\":\"https:\\\/\\\/autorival.ro\\\/opel\\\/product\\\/tambur-frana-opel-adam-m13-1-4-benzina-101-cai-abs-2826-s\\\/#primaryimage\"},\"thumbnailUrl\":\"https:\\\/\\\/autorival.ro\\\/opel\\\/wp-content\\\/uploads\\\/sites\\\/21\\\/2025\\\/07\\\/2826-s-2.jpg\",\"datePublished\":\"2025-07-01T16:50:40+00:00\",\"description\":\"\u26a1 Tambur frana OPEL ADAM (M13) 1.4 benzina 101 cai ABS 2826-S pentru OPEL la doar 340.58 RON. \u2713 Cod: 2826-S \u2713 Brand: ABS \u2713 \u00cen stoc \u2713 Livrare 24h \u2713 Garan\u021bie!\",\"breadcrumb\":{\"@id\":\"https:\\\/\\\/autorival.ro\\\/opel\\\/product\\\/tambur-frana-opel-adam-m13-1-4-benzina-101-cai-abs-2826-s\\\/#breadcrumb\"},\"inLanguage\":\"en-US\",\"potentialAction\":[{\"@type\":\"ReadAction\",\"target\":[\"https:\\\/\\\/autorival.ro\\\/opel\\\/product\\\/tambur-frana-opel-adam-m13-1-4-benzina-101-cai-abs-2826-s\\\/\"]}]},{\"@type\":\"ImageObject\",\"inLanguage\":\"en-US\",\"@id\":\"https:\\\/\\\/autorival.ro\\\/opel\\\/product\\\/tambur-frana-opel-adam-m13-1-4-benzina-101-cai-abs-2826-s\\\/#primaryimage\",\"url\":\"https:\\\/\\\/autorival.ro\\\/opel\\\/wp-content\\\/uploads\\\/sites\\\/21\\\/2025\\\/07\\\/2826-s-2.jpg\",\"contentUrl\":\"https:\\\/\\\/autorival.ro\\\/opel\\\/wp-content\\\/uploads\\\/sites\\\/21\\\/2025\\\/07\\\/2826-s-2.jpg\",\"width\":534,\"height\":400,\"caption\":\"Tambur frana OPEL ADAM (M13) 1.4 benzina 101 cai ABS 2826-S\"},{\"@type\":\"BreadcrumbList\",\"@id\":\"https:\\\/\\\/autorival.ro\\\/opel\\\/product\\\/tambur-frana-opel-adam-m13-1-4-benzina-101-cai-abs-2826-s\\\/#breadcrumb\",\"itemListElement\":[{\"@type\":\"ListItem\",\"position\":1,\"name\":\"Prima pagin\u0103\",\"item\":\"https:\\\/\\\/autorival.ro\\\/opel\\\/\"},{\"@type\":\"ListItem\",\"position\":2,\"name\":\"Piese auto OPEL\",\"item\":\"https:\\\/\\\/autorival.ro\\\/opel\\\/\"},{\"@type\":\"ListItem\",\"position\":3,\"name\":\"Tambur frana OPEL ADAM (M13) 1.4 benzina 101 cai ABS 2826-S\"}]},{\"@type\":\"WebSite\",\"@id\":\"https:\\\/\\\/autorival.ro\\\/opel\\\/#website\",\"url\":\"https:\\\/\\\/autorival.ro\\\/opel\\\/\",\"name\":\"OPEL\",\"description\":\"\",\"potentialAction\":[{\"@type\":\"SearchAction\",\"target\":{\"@type\":\"EntryPoint\",\"urlTemplate\":\"https:\\\/\\\/autorival.ro\\\/opel\\\/?s={search_term_string}\"},\"query-input\":{\"@type\":\"PropertyValueSpecification\",\"valueRequired\":true,\"valueName\":\"search_term_string\"}}],\"inLanguage\":\"en-US\"}]}<\/script>\n<!-- \/ Yoast SEO plugin. -->","yoast_head_json":{"title":"Tambur frana OPEL ADAM (M13) 1.4 benzina 101 cai ABS 2826-S OPEL | ABS - Autorival","description":"\u26a1 Tambur frana OPEL ADAM (M13) 1.4 benzina 101 cai ABS 2826-S pentru OPEL la doar 340.58 RON. \u2713 Cod: 2826-S \u2713 Brand: ABS \u2713 \u00cen stoc \u2713 Livrare 24h \u2713 Garan\u021bie!","robots":{"index":"index","follow":"follow","max-snippet":"max-snippet:-1","max-image-preview":"max-image-preview:large","max-video-preview":"max-video-preview:-1"},"og_locale":"en_US","og_type":"article","og_title":"Tambur frana OPEL ADAM (M13) 1.4 benzina 101 cai ABS 2826-S OPEL | ABS - Autorival","og_description":"\u26a1 Tambur frana OPEL ADAM (M13) 1.4 benzina 101 cai ABS 2826-S pentru OPEL la doar 340.58 RON. \u2713 Cod: 2826-S \u2713 Brand: ABS \u2713 \u00cen stoc \u2713 Livrare 24h \u2713 Garan\u021bie!","og_url":"https:\/\/autorival.ro\/opel\/product\/tambur-frana-opel-adam-m13-1-4-benzina-101-cai-abs-2826-s\/","og_site_name":"OPEL","og_image":[{"width":534,"height":400,"url":"https:\/\/autorival.ro\/opel\/wp-content\/uploads\/sites\/21\/2025\/07\/2826-s-2.jpg","type":"image\/jpeg"}],"twitter_card":"summary_large_image","twitter_title":"Tambur frana OPEL ADAM (M13) 1.4 benzina 101 cai ABS 2826-S OPEL | ABS - Autorival","twitter_description":"\u26a1 Tambur frana OPEL ADAM (M13) 1.4 benzina 101 cai ABS 2826-S pentru OPEL la doar 340.58 RON. \u2713 Cod: 2826-S \u2713 Brand: ABS \u2713 \u00cen stoc \u2713 Livrare 24h \u2713 Garan\u021bie!","schema":{"@context":"https:\/\/schema.org","@graph":[{"@type":"WebPage","@id":"https:\/\/autorival.ro\/opel\/product\/tambur-frana-opel-adam-m13-1-4-benzina-101-cai-abs-2826-s\/","url":"https:\/\/autorival.ro\/opel\/product\/tambur-frana-opel-adam-m13-1-4-benzina-101-cai-abs-2826-s\/","name":"Tambur frana OPEL ADAM (M13) 1.4 benzina 101 cai ABS 2826-S OPEL | ABS - Autorival","isPartOf":{"@id":"https:\/\/autorival.ro\/opel\/#website"},"primaryImageOfPage":{"@id":"https:\/\/autorival.ro\/opel\/product\/tambur-frana-opel-adam-m13-1-4-benzina-101-cai-abs-2826-s\/#primaryimage"},"image":{"@id":"https:\/\/autorival.ro\/opel\/product\/tambur-frana-opel-adam-m13-1-4-benzina-101-cai-abs-2826-s\/#primaryimage"},"thumbnailUrl":"https:\/\/autorival.ro\/opel\/wp-content\/uploads\/sites\/21\/2025\/07\/2826-s-2.jpg","datePublished":"2025-07-01T16:50:40+00:00","description":"\u26a1 Tambur frana OPEL ADAM (M13) 1.4 benzina 101 cai ABS 2826-S pentru OPEL la doar 340.58 RON. \u2713 Cod: 2826-S \u2713 Brand: ABS \u2713 \u00cen stoc \u2713 Livrare 24h \u2713 Garan\u021bie!","breadcrumb":{"@id":"https:\/\/autorival.ro\/opel\/product\/tambur-frana-opel-adam-m13-1-4-benzina-101-cai-abs-2826-s\/#breadcrumb"},"inLanguage":"en-US","potentialAction":[{"@type":"ReadAction","target":["https:\/\/autorival.ro\/opel\/product\/tambur-frana-opel-adam-m13-1-4-benzina-101-cai-abs-2826-s\/"]}]},{"@type":"ImageObject","inLanguage":"en-US","@id":"https:\/\/autorival.ro\/opel\/product\/tambur-frana-opel-adam-m13-1-4-benzina-101-cai-abs-2826-s\/#primaryimage","url":"https:\/\/autorival.ro\/opel\/wp-content\/uploads\/sites\/21\/2025\/07\/2826-s-2.jpg","contentUrl":"https:\/\/autorival.ro\/opel\/wp-content\/uploads\/sites\/21\/2025\/07\/2826-s-2.jpg","width":534,"height":400,"caption":"Tambur frana OPEL ADAM (M13) 1.4 benzina 101 cai ABS 2826-S"},{"@type":"BreadcrumbList","@id":"https:\/\/autorival.ro\/opel\/product\/tambur-frana-opel-adam-m13-1-4-benzina-101-cai-abs-2826-s\/#breadcrumb","itemListElement":[{"@type":"ListItem","position":1,"name":"Prima pagin\u0103","item":"https:\/\/autorival.ro\/opel\/"},{"@type":"ListItem","position":2,"name":"Piese auto OPEL","item":"https:\/\/autorival.ro\/opel\/"},{"@type":"ListItem","position":3,"name":"Tambur frana OPEL ADAM (M13) 1.4 benzina 101 cai ABS 2826-S"}]},{"@type":"WebSite","@id":"https:\/\/autorival.ro\/opel\/#website","url":"https:\/\/autorival.ro\/opel\/","name":"OPEL","description":"","potentialAction":[{"@type":"SearchAction","target":{"@type":"EntryPoint","urlTemplate":"https:\/\/autorival.ro\/opel\/?s={search_term_string}"},"query-input":{"@type":"PropertyValueSpecification","valueRequired":true,"valueName":"search_term_string"}}],"inLanguage":"en-US"}]}},"_links":{"self":[{"href":"https:\/\/autorival.ro\/opel\/wp-json\/wp\/v2\/product\/983789","targetHints":{"allow":["GET"]}}],"collection":[{"href":"https:\/\/autorival.ro\/opel\/wp-json\/wp\/v2\/product"}],"about":[{"href":"https:\/\/autorival.ro\/opel\/wp-json\/wp\/v2\/types\/product"}],"replies":[{"embeddable":true,"href":"https:\/\/autorival.ro\/opel\/wp-json\/wp\/v2\/comments?post=983789"}],"wp:featuredmedia":[{"embeddable":true,"href":"https:\/\/autorival.ro\/opel\/wp-json\/wp\/v2\/media\/983790"}],"wp:attachment":[{"href":"https:\/\/autorival.ro\/opel\/wp-json\/wp\/v2\/media?parent=983789"}],"wp:term":[{"taxonomy":"product_brand","embeddable":true,"href":"https:\/\/autorival.ro\/opel\/wp-json\/wp\/v2\/product_brand?post=983789"},{"taxonomy":"product_cat","embeddable":true,"href":"https:\/\/autorival.ro\/opel\/wp-json\/wp\/v2\/product_cat?post=983789"},{"taxonomy":"product_tag","embeddable":true,"href":"https:\/\/autorival.ro\/opel\/wp-json\/wp\/v2\/product_tag?post=983789"}],"curies":[{"name":"wp","href":"https:\/\/api.w.org\/{rel}","templated":true}]}}