{"id":954945,"date":"2025-07-01T10:18:57","date_gmt":"2025-07-01T10:18:57","guid":{"rendered":"https:\/\/autorival.ro\/opel\/product\/sonda-lambda-opel-mokka-mokka-x-j13-1-4-_76-benzina-140-cai-vemo-v99-76-0001\/"},"modified":"2025-07-01T10:18:57","modified_gmt":"2025-07-01T10:18:57","slug":"sonda-lambda-opel-mokka-mokka-x-j13-1-4-_76-benzina-140-cai-vemo-v99-76-0001","status":"publish","type":"product","link":"https:\/\/autorival.ro\/opel\/product\/sonda-lambda-opel-mokka-mokka-x-j13-1-4-_76-benzina-140-cai-vemo-v99-76-0001\/","title":{"rendered":"Sonda Lambda OPEL MOKKA \/ MOKKA X (J13) 1.4 (_76) benzina 140 cai VEMO V99-76-0001"},"content":{"rendered":"<p>Numar motor TECDOC: 23882, 28263, 35620Sonda lambda: Sonda reglajExecu\u021bie izola\u021bie cablu: cu izola\u021bie din plas\u0103 de fibre acoperite cu siliconArticol extins\/Informatii de extindere: cu element de contact, cu clema tip tubSonda lambda: Sonda Lambda, incalzit, Filet gresat \u00een prealabilNum\u0103rul conexiunilor cu muf\u0103: 4pt. cod original (OE): V99760001 ->Lungime cablu [mm]: 210Numar de legaturi: 4 ->Greutate [kg]: 0,09 ->Lungime [mm]: 350Sistem de esapament: dupa catalizator<\/p>\n","protected":false},"excerpt":{"rendered":"<p>Producator: VEMO Cod producator: V99-76-0001<\/p>\n","protected":false},"featured_media":954946,"comment_status":"open","ping_status":"closed","template":"","meta":[],"product_brand":[3196],"product_cat":[38677],"product_tag":[44757,43341,43324,44756,43579],"class_list":{"0":"post-954945","1":"product","2":"type-product","3":"status-publish","4":"has-post-thumbnail","6":"product_brand-vemo","7":"product_cat-sonda-lambda-mokka-x-j13-1-4-_76-benzina-140","8":"product_tag-lambda","9":"product_tag-mokka","10":"product_tag-opel","11":"product_tag-sonda","12":"product_tag-vemo","14":"first","15":"instock","16":"shipping-taxable","17":"purchasable","18":"product-type-simple"},"yoast_head":"<!-- This site is optimized with the Yoast SEO plugin v27.3 - https:\/\/yoast.com\/product\/yoast-seo-wordpress\/ -->\n<title>Sonda Lambda OPEL MOKKA \/ MOKKA X (J13) 1.4 (_76) benzina 140 cai VEMO V99-76-0001 OPEL | VEMO - Autorival<\/title>\n<meta name=\"description\" content=\"\u26a1 Sonda Lambda OPEL MOKKA \/ MOKKA X (J13) 1.4 (_76) benzina 140 cai VEMO V99-76-0001 pentru OPEL la doar 468.70 RON. \u2713 Cod: V99-76-0001 \u2713 Brand: VEMO \u2713 \u00cen stoc \u2713 Livrare 24h \u2713 Garan\u021bie!\" \/>\n<meta name=\"robots\" content=\"index, follow, max-snippet:-1, max-image-preview:large, max-video-preview:-1\" \/>\n<meta property=\"og:locale\" content=\"en_US\" \/>\n<meta property=\"og:type\" content=\"article\" \/>\n<meta property=\"og:title\" content=\"Sonda Lambda OPEL MOKKA \/ MOKKA X (J13) 1.4 (_76) benzina 140 cai VEMO V99-76-0001 OPEL | VEMO - Autorival\" \/>\n<meta property=\"og:description\" content=\"\u26a1 Sonda Lambda OPEL MOKKA \/ MOKKA X (J13) 1.4 (_76) benzina 140 cai VEMO V99-76-0001 pentru OPEL la doar 468.70 RON. \u2713 Cod: V99-76-0001 \u2713 Brand: VEMO \u2713 \u00cen stoc \u2713 Livrare 24h \u2713 Garan\u021bie!\" \/>\n<meta property=\"og:url\" content=\"https:\/\/autorival.ro\/opel\/product\/sonda-lambda-opel-mokka-mokka-x-j13-1-4-_76-benzina-140-cai-vemo-v99-76-0001\/\" \/>\n<meta property=\"og:site_name\" content=\"OPEL\" \/>\n<meta property=\"og:image\" content=\"https:\/\/autorival.ro\/opel\/wp-content\/uploads\/sites\/21\/2025\/07\/v25-85-0047_02-1.jpg\" \/>\n\t<meta property=\"og:image:width\" content=\"2499\" \/>\n\t<meta property=\"og:image:height\" content=\"1666\" \/>\n\t<meta property=\"og:image:type\" content=\"image\/jpeg\" \/>\n<meta name=\"twitter:card\" content=\"summary_large_image\" \/>\n<meta name=\"twitter:title\" content=\"Sonda Lambda OPEL MOKKA \/ MOKKA X (J13) 1.4 (_76) benzina 140 cai VEMO V99-76-0001 OPEL | VEMO - Autorival\" \/>\n<meta name=\"twitter:description\" content=\"\u26a1 Sonda Lambda OPEL MOKKA \/ MOKKA X (J13) 1.4 (_76) benzina 140 cai VEMO V99-76-0001 pentru OPEL la doar 468.70 RON. \u2713 Cod: V99-76-0001 \u2713 Brand: VEMO \u2713 \u00cen stoc \u2713 Livrare 24h \u2713 Garan\u021bie!\" \/>\n<script type=\"application\/ld+json\" class=\"yoast-schema-graph\">{\"@context\":\"https:\\\/\\\/schema.org\",\"@graph\":[{\"@type\":\"WebPage\",\"@id\":\"https:\\\/\\\/autorival.ro\\\/opel\\\/product\\\/sonda-lambda-opel-mokka-mokka-x-j13-1-4-_76-benzina-140-cai-vemo-v99-76-0001\\\/\",\"url\":\"https:\\\/\\\/autorival.ro\\\/opel\\\/product\\\/sonda-lambda-opel-mokka-mokka-x-j13-1-4-_76-benzina-140-cai-vemo-v99-76-0001\\\/\",\"name\":\"Sonda Lambda OPEL MOKKA \\\/ MOKKA X (J13) 1.4 (_76) benzina 140 cai VEMO V99-76-0001 OPEL | VEMO - Autorival\",\"isPartOf\":{\"@id\":\"https:\\\/\\\/autorival.ro\\\/opel\\\/#website\"},\"primaryImageOfPage\":{\"@id\":\"https:\\\/\\\/autorival.ro\\\/opel\\\/product\\\/sonda-lambda-opel-mokka-mokka-x-j13-1-4-_76-benzina-140-cai-vemo-v99-76-0001\\\/#primaryimage\"},\"image\":{\"@id\":\"https:\\\/\\\/autorival.ro\\\/opel\\\/product\\\/sonda-lambda-opel-mokka-mokka-x-j13-1-4-_76-benzina-140-cai-vemo-v99-76-0001\\\/#primaryimage\"},\"thumbnailUrl\":\"https:\\\/\\\/autorival.ro\\\/opel\\\/wp-content\\\/uploads\\\/sites\\\/21\\\/2025\\\/07\\\/v25-85-0047_02-1.jpg\",\"datePublished\":\"2025-07-01T10:18:57+00:00\",\"description\":\"\u26a1 Sonda Lambda OPEL MOKKA \\\/ MOKKA X (J13) 1.4 (_76) benzina 140 cai VEMO V99-76-0001 pentru OPEL la doar 468.70 RON. \u2713 Cod: V99-76-0001 \u2713 Brand: VEMO \u2713 \u00cen stoc \u2713 Livrare 24h \u2713 Garan\u021bie!\",\"breadcrumb\":{\"@id\":\"https:\\\/\\\/autorival.ro\\\/opel\\\/product\\\/sonda-lambda-opel-mokka-mokka-x-j13-1-4-_76-benzina-140-cai-vemo-v99-76-0001\\\/#breadcrumb\"},\"inLanguage\":\"en-US\",\"potentialAction\":[{\"@type\":\"ReadAction\",\"target\":[\"https:\\\/\\\/autorival.ro\\\/opel\\\/product\\\/sonda-lambda-opel-mokka-mokka-x-j13-1-4-_76-benzina-140-cai-vemo-v99-76-0001\\\/\"]}]},{\"@type\":\"ImageObject\",\"inLanguage\":\"en-US\",\"@id\":\"https:\\\/\\\/autorival.ro\\\/opel\\\/product\\\/sonda-lambda-opel-mokka-mokka-x-j13-1-4-_76-benzina-140-cai-vemo-v99-76-0001\\\/#primaryimage\",\"url\":\"https:\\\/\\\/autorival.ro\\\/opel\\\/wp-content\\\/uploads\\\/sites\\\/21\\\/2025\\\/07\\\/v25-85-0047_02-1.jpg\",\"contentUrl\":\"https:\\\/\\\/autorival.ro\\\/opel\\\/wp-content\\\/uploads\\\/sites\\\/21\\\/2025\\\/07\\\/v25-85-0047_02-1.jpg\",\"width\":2499,\"height\":1666,\"caption\":\"Sonda Lambda OPEL MOKKA \\\/ MOKKA X (J13) 1.4 (_76) benzina 140 cai VEMO V99-76-0001\"},{\"@type\":\"BreadcrumbList\",\"@id\":\"https:\\\/\\\/autorival.ro\\\/opel\\\/product\\\/sonda-lambda-opel-mokka-mokka-x-j13-1-4-_76-benzina-140-cai-vemo-v99-76-0001\\\/#breadcrumb\",\"itemListElement\":[{\"@type\":\"ListItem\",\"position\":1,\"name\":\"Prima pagin\u0103\",\"item\":\"https:\\\/\\\/autorival.ro\\\/opel\\\/\"},{\"@type\":\"ListItem\",\"position\":2,\"name\":\"Piese auto OPEL\",\"item\":\"https:\\\/\\\/autorival.ro\\\/opel\\\/\"},{\"@type\":\"ListItem\",\"position\":3,\"name\":\"Sonda Lambda OPEL MOKKA \\\/ MOKKA X (J13) 1.4 (_76) benzina 140 cai VEMO V99-76-0001\"}]},{\"@type\":\"WebSite\",\"@id\":\"https:\\\/\\\/autorival.ro\\\/opel\\\/#website\",\"url\":\"https:\\\/\\\/autorival.ro\\\/opel\\\/\",\"name\":\"OPEL\",\"description\":\"\",\"potentialAction\":[{\"@type\":\"SearchAction\",\"target\":{\"@type\":\"EntryPoint\",\"urlTemplate\":\"https:\\\/\\\/autorival.ro\\\/opel\\\/?s={search_term_string}\"},\"query-input\":{\"@type\":\"PropertyValueSpecification\",\"valueRequired\":true,\"valueName\":\"search_term_string\"}}],\"inLanguage\":\"en-US\"}]}<\/script>\n<!-- \/ Yoast SEO plugin. -->","yoast_head_json":{"title":"Sonda Lambda OPEL MOKKA \/ MOKKA X (J13) 1.4 (_76) benzina 140 cai VEMO V99-76-0001 OPEL | VEMO - Autorival","description":"\u26a1 Sonda Lambda OPEL MOKKA \/ MOKKA X (J13) 1.4 (_76) benzina 140 cai VEMO V99-76-0001 pentru OPEL la doar 468.70 RON. \u2713 Cod: V99-76-0001 \u2713 Brand: VEMO \u2713 \u00cen stoc \u2713 Livrare 24h \u2713 Garan\u021bie!","robots":{"index":"index","follow":"follow","max-snippet":"max-snippet:-1","max-image-preview":"max-image-preview:large","max-video-preview":"max-video-preview:-1"},"og_locale":"en_US","og_type":"article","og_title":"Sonda Lambda OPEL MOKKA \/ MOKKA X (J13) 1.4 (_76) benzina 140 cai VEMO V99-76-0001 OPEL | VEMO - Autorival","og_description":"\u26a1 Sonda Lambda OPEL MOKKA \/ MOKKA X (J13) 1.4 (_76) benzina 140 cai VEMO V99-76-0001 pentru OPEL la doar 468.70 RON. \u2713 Cod: V99-76-0001 \u2713 Brand: VEMO \u2713 \u00cen stoc \u2713 Livrare 24h \u2713 Garan\u021bie!","og_url":"https:\/\/autorival.ro\/opel\/product\/sonda-lambda-opel-mokka-mokka-x-j13-1-4-_76-benzina-140-cai-vemo-v99-76-0001\/","og_site_name":"OPEL","og_image":[{"width":2499,"height":1666,"url":"https:\/\/autorival.ro\/opel\/wp-content\/uploads\/sites\/21\/2025\/07\/v25-85-0047_02-1.jpg","type":"image\/jpeg"}],"twitter_card":"summary_large_image","twitter_title":"Sonda Lambda OPEL MOKKA \/ MOKKA X (J13) 1.4 (_76) benzina 140 cai VEMO V99-76-0001 OPEL | VEMO - Autorival","twitter_description":"\u26a1 Sonda Lambda OPEL MOKKA \/ MOKKA X (J13) 1.4 (_76) benzina 140 cai VEMO V99-76-0001 pentru OPEL la doar 468.70 RON. \u2713 Cod: V99-76-0001 \u2713 Brand: VEMO \u2713 \u00cen stoc \u2713 Livrare 24h \u2713 Garan\u021bie!","schema":{"@context":"https:\/\/schema.org","@graph":[{"@type":"WebPage","@id":"https:\/\/autorival.ro\/opel\/product\/sonda-lambda-opel-mokka-mokka-x-j13-1-4-_76-benzina-140-cai-vemo-v99-76-0001\/","url":"https:\/\/autorival.ro\/opel\/product\/sonda-lambda-opel-mokka-mokka-x-j13-1-4-_76-benzina-140-cai-vemo-v99-76-0001\/","name":"Sonda Lambda OPEL MOKKA \/ MOKKA X (J13) 1.4 (_76) benzina 140 cai VEMO V99-76-0001 OPEL | VEMO - Autorival","isPartOf":{"@id":"https:\/\/autorival.ro\/opel\/#website"},"primaryImageOfPage":{"@id":"https:\/\/autorival.ro\/opel\/product\/sonda-lambda-opel-mokka-mokka-x-j13-1-4-_76-benzina-140-cai-vemo-v99-76-0001\/#primaryimage"},"image":{"@id":"https:\/\/autorival.ro\/opel\/product\/sonda-lambda-opel-mokka-mokka-x-j13-1-4-_76-benzina-140-cai-vemo-v99-76-0001\/#primaryimage"},"thumbnailUrl":"https:\/\/autorival.ro\/opel\/wp-content\/uploads\/sites\/21\/2025\/07\/v25-85-0047_02-1.jpg","datePublished":"2025-07-01T10:18:57+00:00","description":"\u26a1 Sonda Lambda OPEL MOKKA \/ MOKKA X (J13) 1.4 (_76) benzina 140 cai VEMO V99-76-0001 pentru OPEL la doar 468.70 RON. \u2713 Cod: V99-76-0001 \u2713 Brand: VEMO \u2713 \u00cen stoc \u2713 Livrare 24h \u2713 Garan\u021bie!","breadcrumb":{"@id":"https:\/\/autorival.ro\/opel\/product\/sonda-lambda-opel-mokka-mokka-x-j13-1-4-_76-benzina-140-cai-vemo-v99-76-0001\/#breadcrumb"},"inLanguage":"en-US","potentialAction":[{"@type":"ReadAction","target":["https:\/\/autorival.ro\/opel\/product\/sonda-lambda-opel-mokka-mokka-x-j13-1-4-_76-benzina-140-cai-vemo-v99-76-0001\/"]}]},{"@type":"ImageObject","inLanguage":"en-US","@id":"https:\/\/autorival.ro\/opel\/product\/sonda-lambda-opel-mokka-mokka-x-j13-1-4-_76-benzina-140-cai-vemo-v99-76-0001\/#primaryimage","url":"https:\/\/autorival.ro\/opel\/wp-content\/uploads\/sites\/21\/2025\/07\/v25-85-0047_02-1.jpg","contentUrl":"https:\/\/autorival.ro\/opel\/wp-content\/uploads\/sites\/21\/2025\/07\/v25-85-0047_02-1.jpg","width":2499,"height":1666,"caption":"Sonda Lambda OPEL MOKKA \/ MOKKA X (J13) 1.4 (_76) benzina 140 cai VEMO V99-76-0001"},{"@type":"BreadcrumbList","@id":"https:\/\/autorival.ro\/opel\/product\/sonda-lambda-opel-mokka-mokka-x-j13-1-4-_76-benzina-140-cai-vemo-v99-76-0001\/#breadcrumb","itemListElement":[{"@type":"ListItem","position":1,"name":"Prima pagin\u0103","item":"https:\/\/autorival.ro\/opel\/"},{"@type":"ListItem","position":2,"name":"Piese auto OPEL","item":"https:\/\/autorival.ro\/opel\/"},{"@type":"ListItem","position":3,"name":"Sonda Lambda OPEL MOKKA \/ MOKKA X (J13) 1.4 (_76) benzina 140 cai VEMO V99-76-0001"}]},{"@type":"WebSite","@id":"https:\/\/autorival.ro\/opel\/#website","url":"https:\/\/autorival.ro\/opel\/","name":"OPEL","description":"","potentialAction":[{"@type":"SearchAction","target":{"@type":"EntryPoint","urlTemplate":"https:\/\/autorival.ro\/opel\/?s={search_term_string}"},"query-input":{"@type":"PropertyValueSpecification","valueRequired":true,"valueName":"search_term_string"}}],"inLanguage":"en-US"}]}},"_links":{"self":[{"href":"https:\/\/autorival.ro\/opel\/wp-json\/wp\/v2\/product\/954945","targetHints":{"allow":["GET"]}}],"collection":[{"href":"https:\/\/autorival.ro\/opel\/wp-json\/wp\/v2\/product"}],"about":[{"href":"https:\/\/autorival.ro\/opel\/wp-json\/wp\/v2\/types\/product"}],"replies":[{"embeddable":true,"href":"https:\/\/autorival.ro\/opel\/wp-json\/wp\/v2\/comments?post=954945"}],"wp:featuredmedia":[{"embeddable":true,"href":"https:\/\/autorival.ro\/opel\/wp-json\/wp\/v2\/media\/954946"}],"wp:attachment":[{"href":"https:\/\/autorival.ro\/opel\/wp-json\/wp\/v2\/media?parent=954945"}],"wp:term":[{"taxonomy":"product_brand","embeddable":true,"href":"https:\/\/autorival.ro\/opel\/wp-json\/wp\/v2\/product_brand?post=954945"},{"taxonomy":"product_cat","embeddable":true,"href":"https:\/\/autorival.ro\/opel\/wp-json\/wp\/v2\/product_cat?post=954945"},{"taxonomy":"product_tag","embeddable":true,"href":"https:\/\/autorival.ro\/opel\/wp-json\/wp\/v2\/product_tag?post=954945"}],"curies":[{"name":"wp","href":"https:\/\/api.w.org\/{rel}","templated":true}]}}