{"id":901741,"date":"2025-07-01T00:06:44","date_gmt":"2025-07-01T00:06:44","guid":{"rendered":"https:\/\/autorival.ro\/opel\/product\/set-reparat-cabluri-presostat-instalatie-clima-opel-cascada-w13-2-0-cdti-67-diesel-165-cai-metzger-2324158\/"},"modified":"2025-07-01T00:06:44","modified_gmt":"2025-07-01T00:06:44","slug":"set-reparat-cabluri-presostat-instalatie-clima-opel-cascada-w13-2-0-cdti-67-diesel-165-cai-metzger-2324158","status":"publish","type":"product","link":"https:\/\/autorival.ro\/opel\/product\/set-reparat-cabluri-presostat-instalatie-clima-opel-cascada-w13-2-0-cdti-67-diesel-165-cai-metzger-2324158\/","title":{"rendered":"Set reparat cabluri presostat (instalatie clima) OPEL CASCADA (W13) 2.0 CDTI (67) diesel 165 cai METZGER 2324158"},"content":{"rendered":"<p>Num\u0103rul conexiunilor cu muf\u0103: 3Tip fisa: MamaNumar de legaturi: 3Material: CuSn (Cupru-Staniu) ->Lungime cablu [mm]: 200Sectiune cablu de la [mm\u00c3\u201a\u00c2\u00b2]: 0,5Sectiune cablu pana la [mm\u00c3\u201a\u00c2\u00b2]: 0,5Material izolare: SiliconArticol extins\/Informatii de extindere: cu clema tip tub<\/p>\n","protected":false},"excerpt":{"rendered":"<p>Producator: METZGER Cod producator: 2324158<\/p>\n","protected":false},"featured_media":901742,"comment_status":"open","ping_status":"closed","template":"","meta":[],"product_brand":[1816],"product_cat":[35744],"product_tag":[44386,43362,43326,43491,43324,44708,44671,44508],"class_list":{"0":"post-901741","1":"product","2":"type-product","3":"status-publish","4":"has-post-thumbnail","6":"product_brand-metzger","7":"product_cat-set-reparat-cabluri-presostat-instalatie-clima-w13-2-0-cdti-67-diesel-165","8":"product_tag-cabluri","9":"product_tag-cascada","10":"product_tag-cdti","11":"product_tag-metzger","12":"product_tag-opel","13":"product_tag-presostat","14":"product_tag-reparat","15":"product_tag-set","17":"first","18":"instock","19":"shipping-taxable","20":"purchasable","21":"product-type-simple"},"yoast_head":"<!-- This site is optimized with the Yoast SEO plugin v27.4 - https:\/\/yoast.com\/product\/yoast-seo-wordpress\/ -->\n<title>Set reparat cabluri presostat (instalatie clima) OPEL CASCADA (W13) 2.0 CDTI (67) diesel 165 cai METZGER 2324158 OPEL | METZGER - Autorival<\/title>\n<meta name=\"description\" content=\"\u26a1 Set reparat cabluri presostat (instalatie clima) OPEL CASCADA (W13) 2.0 CDTI (67) diesel 165 cai METZGER 2324158 pentru OPEL la doar 114.24 RON. \u2713 Cod: 2324158 \u2713 Brand: METZGER \u2713 \u00cen stoc \u2713 Livrare 24h \u2713 Garan\u021bie!\" \/>\n<meta name=\"robots\" content=\"index, follow, max-snippet:-1, max-image-preview:large, max-video-preview:-1\" \/>\n<meta property=\"og:locale\" content=\"en_US\" \/>\n<meta property=\"og:type\" content=\"article\" \/>\n<meta property=\"og:title\" content=\"Set reparat cabluri presostat (instalatie clima) OPEL CASCADA (W13) 2.0 CDTI (67) diesel 165 cai METZGER 2324158 OPEL | METZGER - Autorival\" \/>\n<meta property=\"og:description\" content=\"\u26a1 Set reparat cabluri presostat (instalatie clima) OPEL CASCADA (W13) 2.0 CDTI (67) diesel 165 cai METZGER 2324158 pentru OPEL la doar 114.24 RON. \u2713 Cod: 2324158 \u2713 Brand: METZGER \u2713 \u00cen stoc \u2713 Livrare 24h \u2713 Garan\u021bie!\" \/>\n<meta property=\"og:url\" content=\"https:\/\/autorival.ro\/opel\/product\/set-reparat-cabluri-presostat-instalatie-clima-opel-cascada-w13-2-0-cdti-67-diesel-165-cai-metzger-2324158\/\" \/>\n<meta property=\"og:site_name\" content=\"OPEL\" \/>\n<meta property=\"og:image\" content=\"https:\/\/autorival.ro\/opel\/wp-content\/uploads\/sites\/21\/2025\/07\/2324158-12.jpg\" \/>\n\t<meta property=\"og:image:width\" content=\"536\" \/>\n\t<meta property=\"og:image:height\" content=\"192\" \/>\n\t<meta property=\"og:image:type\" content=\"image\/jpeg\" \/>\n<meta name=\"twitter:card\" content=\"summary_large_image\" \/>\n<meta name=\"twitter:title\" content=\"Set reparat cabluri presostat (instalatie clima) OPEL CASCADA (W13) 2.0 CDTI (67) diesel 165 cai METZGER 2324158 OPEL | METZGER - Autorival\" \/>\n<meta name=\"twitter:description\" content=\"\u26a1 Set reparat cabluri presostat (instalatie clima) OPEL CASCADA (W13) 2.0 CDTI (67) diesel 165 cai METZGER 2324158 pentru OPEL la doar 114.24 RON. \u2713 Cod: 2324158 \u2713 Brand: METZGER \u2713 \u00cen stoc \u2713 Livrare 24h \u2713 Garan\u021bie!\" \/>\n<script type=\"application\/ld+json\" class=\"yoast-schema-graph\">{\"@context\":\"https:\\\/\\\/schema.org\",\"@graph\":[{\"@type\":\"WebPage\",\"@id\":\"https:\\\/\\\/autorival.ro\\\/opel\\\/product\\\/set-reparat-cabluri-presostat-instalatie-clima-opel-cascada-w13-2-0-cdti-67-diesel-165-cai-metzger-2324158\\\/\",\"url\":\"https:\\\/\\\/autorival.ro\\\/opel\\\/product\\\/set-reparat-cabluri-presostat-instalatie-clima-opel-cascada-w13-2-0-cdti-67-diesel-165-cai-metzger-2324158\\\/\",\"name\":\"Set reparat cabluri presostat (instalatie clima) OPEL CASCADA (W13) 2.0 CDTI (67) diesel 165 cai METZGER 2324158 OPEL | METZGER - Autorival\",\"isPartOf\":{\"@id\":\"https:\\\/\\\/autorival.ro\\\/opel\\\/#website\"},\"primaryImageOfPage\":{\"@id\":\"https:\\\/\\\/autorival.ro\\\/opel\\\/product\\\/set-reparat-cabluri-presostat-instalatie-clima-opel-cascada-w13-2-0-cdti-67-diesel-165-cai-metzger-2324158\\\/#primaryimage\"},\"image\":{\"@id\":\"https:\\\/\\\/autorival.ro\\\/opel\\\/product\\\/set-reparat-cabluri-presostat-instalatie-clima-opel-cascada-w13-2-0-cdti-67-diesel-165-cai-metzger-2324158\\\/#primaryimage\"},\"thumbnailUrl\":\"https:\\\/\\\/autorival.ro\\\/opel\\\/wp-content\\\/uploads\\\/sites\\\/21\\\/2025\\\/07\\\/2324158-12.jpg\",\"datePublished\":\"2025-07-01T00:06:44+00:00\",\"description\":\"\u26a1 Set reparat cabluri presostat (instalatie clima) OPEL CASCADA (W13) 2.0 CDTI (67) diesel 165 cai METZGER 2324158 pentru OPEL la doar 114.24 RON. \u2713 Cod: 2324158 \u2713 Brand: METZGER \u2713 \u00cen stoc \u2713 Livrare 24h \u2713 Garan\u021bie!\",\"breadcrumb\":{\"@id\":\"https:\\\/\\\/autorival.ro\\\/opel\\\/product\\\/set-reparat-cabluri-presostat-instalatie-clima-opel-cascada-w13-2-0-cdti-67-diesel-165-cai-metzger-2324158\\\/#breadcrumb\"},\"inLanguage\":\"en-US\",\"potentialAction\":[{\"@type\":\"ReadAction\",\"target\":[\"https:\\\/\\\/autorival.ro\\\/opel\\\/product\\\/set-reparat-cabluri-presostat-instalatie-clima-opel-cascada-w13-2-0-cdti-67-diesel-165-cai-metzger-2324158\\\/\"]}]},{\"@type\":\"ImageObject\",\"inLanguage\":\"en-US\",\"@id\":\"https:\\\/\\\/autorival.ro\\\/opel\\\/product\\\/set-reparat-cabluri-presostat-instalatie-clima-opel-cascada-w13-2-0-cdti-67-diesel-165-cai-metzger-2324158\\\/#primaryimage\",\"url\":\"https:\\\/\\\/autorival.ro\\\/opel\\\/wp-content\\\/uploads\\\/sites\\\/21\\\/2025\\\/07\\\/2324158-12.jpg\",\"contentUrl\":\"https:\\\/\\\/autorival.ro\\\/opel\\\/wp-content\\\/uploads\\\/sites\\\/21\\\/2025\\\/07\\\/2324158-12.jpg\",\"width\":536,\"height\":192,\"caption\":\"Set reparat cabluri presostat (instalatie clima) OPEL CASCADA (W13) 2.0 CDTI (67) diesel 165 cai METZGER 2324158\"},{\"@type\":\"BreadcrumbList\",\"@id\":\"https:\\\/\\\/autorival.ro\\\/opel\\\/product\\\/set-reparat-cabluri-presostat-instalatie-clima-opel-cascada-w13-2-0-cdti-67-diesel-165-cai-metzger-2324158\\\/#breadcrumb\",\"itemListElement\":[{\"@type\":\"ListItem\",\"position\":1,\"name\":\"Prima pagin\u0103\",\"item\":\"https:\\\/\\\/autorival.ro\\\/opel\\\/\"},{\"@type\":\"ListItem\",\"position\":2,\"name\":\"Piese auto OPEL\",\"item\":\"https:\\\/\\\/autorival.ro\\\/opel\\\/\"},{\"@type\":\"ListItem\",\"position\":3,\"name\":\"Set reparat cabluri presostat (instalatie clima) OPEL CASCADA (W13) 2.0 CDTI (67) diesel 165 cai METZGER 2324158\"}]},{\"@type\":\"WebSite\",\"@id\":\"https:\\\/\\\/autorival.ro\\\/opel\\\/#website\",\"url\":\"https:\\\/\\\/autorival.ro\\\/opel\\\/\",\"name\":\"OPEL\",\"description\":\"\",\"potentialAction\":[{\"@type\":\"SearchAction\",\"target\":{\"@type\":\"EntryPoint\",\"urlTemplate\":\"https:\\\/\\\/autorival.ro\\\/opel\\\/?s={search_term_string}\"},\"query-input\":{\"@type\":\"PropertyValueSpecification\",\"valueRequired\":true,\"valueName\":\"search_term_string\"}}],\"inLanguage\":\"en-US\"}]}<\/script>\n<!-- \/ Yoast SEO plugin. -->","yoast_head_json":{"title":"Set reparat cabluri presostat (instalatie clima) OPEL CASCADA (W13) 2.0 CDTI (67) diesel 165 cai METZGER 2324158 OPEL | METZGER - Autorival","description":"\u26a1 Set reparat cabluri presostat (instalatie clima) OPEL CASCADA (W13) 2.0 CDTI (67) diesel 165 cai METZGER 2324158 pentru OPEL la doar 114.24 RON. \u2713 Cod: 2324158 \u2713 Brand: METZGER \u2713 \u00cen stoc \u2713 Livrare 24h \u2713 Garan\u021bie!","robots":{"index":"index","follow":"follow","max-snippet":"max-snippet:-1","max-image-preview":"max-image-preview:large","max-video-preview":"max-video-preview:-1"},"og_locale":"en_US","og_type":"article","og_title":"Set reparat cabluri presostat (instalatie clima) OPEL CASCADA (W13) 2.0 CDTI (67) diesel 165 cai METZGER 2324158 OPEL | METZGER - Autorival","og_description":"\u26a1 Set reparat cabluri presostat (instalatie clima) OPEL CASCADA (W13) 2.0 CDTI (67) diesel 165 cai METZGER 2324158 pentru OPEL la doar 114.24 RON. \u2713 Cod: 2324158 \u2713 Brand: METZGER \u2713 \u00cen stoc \u2713 Livrare 24h \u2713 Garan\u021bie!","og_url":"https:\/\/autorival.ro\/opel\/product\/set-reparat-cabluri-presostat-instalatie-clima-opel-cascada-w13-2-0-cdti-67-diesel-165-cai-metzger-2324158\/","og_site_name":"OPEL","og_image":[{"width":536,"height":192,"url":"https:\/\/autorival.ro\/opel\/wp-content\/uploads\/sites\/21\/2025\/07\/2324158-12.jpg","type":"image\/jpeg"}],"twitter_card":"summary_large_image","twitter_title":"Set reparat cabluri presostat (instalatie clima) OPEL CASCADA (W13) 2.0 CDTI (67) diesel 165 cai METZGER 2324158 OPEL | METZGER - Autorival","twitter_description":"\u26a1 Set reparat cabluri presostat (instalatie clima) OPEL CASCADA (W13) 2.0 CDTI (67) diesel 165 cai METZGER 2324158 pentru OPEL la doar 114.24 RON. \u2713 Cod: 2324158 \u2713 Brand: METZGER \u2713 \u00cen stoc \u2713 Livrare 24h \u2713 Garan\u021bie!","schema":{"@context":"https:\/\/schema.org","@graph":[{"@type":"WebPage","@id":"https:\/\/autorival.ro\/opel\/product\/set-reparat-cabluri-presostat-instalatie-clima-opel-cascada-w13-2-0-cdti-67-diesel-165-cai-metzger-2324158\/","url":"https:\/\/autorival.ro\/opel\/product\/set-reparat-cabluri-presostat-instalatie-clima-opel-cascada-w13-2-0-cdti-67-diesel-165-cai-metzger-2324158\/","name":"Set reparat cabluri presostat (instalatie clima) OPEL CASCADA (W13) 2.0 CDTI (67) diesel 165 cai METZGER 2324158 OPEL | METZGER - Autorival","isPartOf":{"@id":"https:\/\/autorival.ro\/opel\/#website"},"primaryImageOfPage":{"@id":"https:\/\/autorival.ro\/opel\/product\/set-reparat-cabluri-presostat-instalatie-clima-opel-cascada-w13-2-0-cdti-67-diesel-165-cai-metzger-2324158\/#primaryimage"},"image":{"@id":"https:\/\/autorival.ro\/opel\/product\/set-reparat-cabluri-presostat-instalatie-clima-opel-cascada-w13-2-0-cdti-67-diesel-165-cai-metzger-2324158\/#primaryimage"},"thumbnailUrl":"https:\/\/autorival.ro\/opel\/wp-content\/uploads\/sites\/21\/2025\/07\/2324158-12.jpg","datePublished":"2025-07-01T00:06:44+00:00","description":"\u26a1 Set reparat cabluri presostat (instalatie clima) OPEL CASCADA (W13) 2.0 CDTI (67) diesel 165 cai METZGER 2324158 pentru OPEL la doar 114.24 RON. \u2713 Cod: 2324158 \u2713 Brand: METZGER \u2713 \u00cen stoc \u2713 Livrare 24h \u2713 Garan\u021bie!","breadcrumb":{"@id":"https:\/\/autorival.ro\/opel\/product\/set-reparat-cabluri-presostat-instalatie-clima-opel-cascada-w13-2-0-cdti-67-diesel-165-cai-metzger-2324158\/#breadcrumb"},"inLanguage":"en-US","potentialAction":[{"@type":"ReadAction","target":["https:\/\/autorival.ro\/opel\/product\/set-reparat-cabluri-presostat-instalatie-clima-opel-cascada-w13-2-0-cdti-67-diesel-165-cai-metzger-2324158\/"]}]},{"@type":"ImageObject","inLanguage":"en-US","@id":"https:\/\/autorival.ro\/opel\/product\/set-reparat-cabluri-presostat-instalatie-clima-opel-cascada-w13-2-0-cdti-67-diesel-165-cai-metzger-2324158\/#primaryimage","url":"https:\/\/autorival.ro\/opel\/wp-content\/uploads\/sites\/21\/2025\/07\/2324158-12.jpg","contentUrl":"https:\/\/autorival.ro\/opel\/wp-content\/uploads\/sites\/21\/2025\/07\/2324158-12.jpg","width":536,"height":192,"caption":"Set reparat cabluri presostat (instalatie clima) OPEL CASCADA (W13) 2.0 CDTI (67) diesel 165 cai METZGER 2324158"},{"@type":"BreadcrumbList","@id":"https:\/\/autorival.ro\/opel\/product\/set-reparat-cabluri-presostat-instalatie-clima-opel-cascada-w13-2-0-cdti-67-diesel-165-cai-metzger-2324158\/#breadcrumb","itemListElement":[{"@type":"ListItem","position":1,"name":"Prima pagin\u0103","item":"https:\/\/autorival.ro\/opel\/"},{"@type":"ListItem","position":2,"name":"Piese auto OPEL","item":"https:\/\/autorival.ro\/opel\/"},{"@type":"ListItem","position":3,"name":"Set reparat cabluri presostat (instalatie clima) OPEL CASCADA (W13) 2.0 CDTI (67) diesel 165 cai METZGER 2324158"}]},{"@type":"WebSite","@id":"https:\/\/autorival.ro\/opel\/#website","url":"https:\/\/autorival.ro\/opel\/","name":"OPEL","description":"","potentialAction":[{"@type":"SearchAction","target":{"@type":"EntryPoint","urlTemplate":"https:\/\/autorival.ro\/opel\/?s={search_term_string}"},"query-input":{"@type":"PropertyValueSpecification","valueRequired":true,"valueName":"search_term_string"}}],"inLanguage":"en-US"}]}},"_links":{"self":[{"href":"https:\/\/autorival.ro\/opel\/wp-json\/wp\/v2\/product\/901741","targetHints":{"allow":["GET"]}}],"collection":[{"href":"https:\/\/autorival.ro\/opel\/wp-json\/wp\/v2\/product"}],"about":[{"href":"https:\/\/autorival.ro\/opel\/wp-json\/wp\/v2\/types\/product"}],"replies":[{"embeddable":true,"href":"https:\/\/autorival.ro\/opel\/wp-json\/wp\/v2\/comments?post=901741"}],"wp:featuredmedia":[{"embeddable":true,"href":"https:\/\/autorival.ro\/opel\/wp-json\/wp\/v2\/media\/901742"}],"wp:attachment":[{"href":"https:\/\/autorival.ro\/opel\/wp-json\/wp\/v2\/media?parent=901741"}],"wp:term":[{"taxonomy":"product_brand","embeddable":true,"href":"https:\/\/autorival.ro\/opel\/wp-json\/wp\/v2\/product_brand?post=901741"},{"taxonomy":"product_cat","embeddable":true,"href":"https:\/\/autorival.ro\/opel\/wp-json\/wp\/v2\/product_cat?post=901741"},{"taxonomy":"product_tag","embeddable":true,"href":"https:\/\/autorival.ro\/opel\/wp-json\/wp\/v2\/product_tag?post=901741"}],"curies":[{"name":"wp","href":"https:\/\/api.w.org\/{rel}","templated":true}]}}