{"id":892107,"date":"2025-06-30T16:53:14","date_gmt":"2025-06-30T16:53:14","guid":{"rendered":"https:\/\/autorival.ro\/opel\/product\/set-frana-frana-disc-opel-ampera-r12-ev-150-benzina-elector-151-cai-mastersport-germany-201201890\/"},"modified":"2025-06-30T16:53:14","modified_gmt":"2025-06-30T16:53:14","slug":"set-frana-frana-disc-opel-ampera-r12-ev-150-benzina-elector-151-cai-mastersport-germany-201201890","status":"publish","type":"product","link":"https:\/\/autorival.ro\/opel\/product\/set-frana-frana-disc-opel-ampera-r12-ev-150-benzina-elector-151-cai-mastersport-germany-201201890\/","title":{"rendered":"Set frana frana disc OPEL AMPERA (R12) EV 150 benzina\/elector 151 cai MASTERSPORT GERMANY 201201890"},"content":{"rendered":"<p>Partea de montare: puntea spateTip disc fr\u00e2na: plin ->Grosime disc fr\u00e2na [mm]: 12 ->Diametru exterior [mm]: 292Unitate de calitate: setdin mai multe piese: din mai multe pieseSistem de fr\u00e2nare: ATE ->Grosime [mm]: 17 ->Latime [mm]: 116\u00cenaltime [mm]: 42,7Contact indicator uzura: cu avertizare acustica uzura\u00cenaltime 1 [mm]: 45 ->Diametrul orificiului [mm]: 14,2 ->Grosime minima [mm]: 10 ->Diametru interior 1 [mm]: 157Numar gauri: 5 ->Diametru de centrare [mm]: 70,7Asezare gauri \u00d8 [mm]: 115 ->Greutate neta [kg]: 11,8 ->Greutate brut\u0103 [kg]: 11,8<\/p>\n","protected":false},"excerpt":{"rendered":"<p>Producator: MASTERSPORT GERMANY Cod producator: 201201890<\/p>\n","protected":false},"featured_media":892108,"comment_status":"open","ping_status":"closed","template":"","meta":[],"product_brand":[386],"product_cat":[34403],"product_tag":[43444,43445,43366,43459,43458,43324,44508],"class_list":{"0":"post-892107","1":"product","2":"type-product","3":"status-publish","4":"has-post-thumbnail","6":"product_brand-mastersport-germany","7":"product_cat-set-frana-frana-disc-r12-ev-150-benzina-elector-151","8":"product_tag-ampera","9":"product_tag-ev","10":"product_tag-frana","11":"product_tag-germany","12":"product_tag-mastersport","13":"product_tag-opel","14":"product_tag-set","16":"first","17":"instock","18":"shipping-taxable","19":"purchasable","20":"product-type-simple"},"yoast_head":"<!-- This site is optimized with the Yoast SEO plugin v27.3 - https:\/\/yoast.com\/product\/yoast-seo-wordpress\/ -->\n<title>Set frana frana disc OPEL AMPERA (R12) EV 150 benzina\/elector 151 cai MASTERSPORT GERMANY 201201890 OPEL | MASTERSPORT - Autorival<\/title>\n<meta name=\"description\" content=\"\u26a1 Set frana frana disc OPEL AMPERA (R12) EV 150 benzina\/elector 151 cai MASTERSPORT GERMANY 201201890 pentru OPEL la doar 642.72 RON. \u2713 Cod: 201201890 \u2713 Brand: MASTERSPORT \u2713 \u00cen stoc \u2713 Livrare 24h \u2713 Garan\u021bie!\" \/>\n<meta name=\"robots\" content=\"index, follow, max-snippet:-1, max-image-preview:large, max-video-preview:-1\" \/>\n<meta property=\"og:locale\" content=\"en_US\" \/>\n<meta property=\"og:type\" content=\"article\" \/>\n<meta property=\"og:title\" content=\"Set frana frana disc OPEL AMPERA (R12) EV 150 benzina\/elector 151 cai MASTERSPORT GERMANY 201201890 OPEL | MASTERSPORT - Autorival\" \/>\n<meta property=\"og:description\" content=\"\u26a1 Set frana frana disc OPEL AMPERA (R12) EV 150 benzina\/elector 151 cai MASTERSPORT GERMANY 201201890 pentru OPEL la doar 642.72 RON. \u2713 Cod: 201201890 \u2713 Brand: MASTERSPORT \u2713 \u00cen stoc \u2713 Livrare 24h \u2713 Garan\u021bie!\" \/>\n<meta property=\"og:url\" content=\"https:\/\/autorival.ro\/opel\/product\/set-frana-frana-disc-opel-ampera-r12-ev-150-benzina-elector-151-cai-mastersport-germany-201201890\/\" \/>\n<meta property=\"og:site_name\" content=\"OPEL\" \/>\n<meta property=\"og:image\" content=\"https:\/\/autorival.ro\/opel\/wp-content\/uploads\/sites\/21\/2025\/06\/201201890.jpg\" \/>\n\t<meta property=\"og:image:width\" content=\"1500\" \/>\n\t<meta property=\"og:image:height\" content=\"1500\" \/>\n\t<meta property=\"og:image:type\" content=\"image\/jpeg\" \/>\n<meta name=\"twitter:card\" content=\"summary_large_image\" \/>\n<meta name=\"twitter:title\" content=\"Set frana frana disc OPEL AMPERA (R12) EV 150 benzina\/elector 151 cai MASTERSPORT GERMANY 201201890 OPEL | MASTERSPORT - Autorival\" \/>\n<meta name=\"twitter:description\" content=\"\u26a1 Set frana frana disc OPEL AMPERA (R12) EV 150 benzina\/elector 151 cai MASTERSPORT GERMANY 201201890 pentru OPEL la doar 642.72 RON. \u2713 Cod: 201201890 \u2713 Brand: MASTERSPORT \u2713 \u00cen stoc \u2713 Livrare 24h \u2713 Garan\u021bie!\" \/>\n<script type=\"application\/ld+json\" class=\"yoast-schema-graph\">{\"@context\":\"https:\\\/\\\/schema.org\",\"@graph\":[{\"@type\":\"WebPage\",\"@id\":\"https:\\\/\\\/autorival.ro\\\/opel\\\/product\\\/set-frana-frana-disc-opel-ampera-r12-ev-150-benzina-elector-151-cai-mastersport-germany-201201890\\\/\",\"url\":\"https:\\\/\\\/autorival.ro\\\/opel\\\/product\\\/set-frana-frana-disc-opel-ampera-r12-ev-150-benzina-elector-151-cai-mastersport-germany-201201890\\\/\",\"name\":\"Set frana frana disc OPEL AMPERA (R12) EV 150 benzina\\\/elector 151 cai MASTERSPORT GERMANY 201201890 OPEL | MASTERSPORT - Autorival\",\"isPartOf\":{\"@id\":\"https:\\\/\\\/autorival.ro\\\/opel\\\/#website\"},\"primaryImageOfPage\":{\"@id\":\"https:\\\/\\\/autorival.ro\\\/opel\\\/product\\\/set-frana-frana-disc-opel-ampera-r12-ev-150-benzina-elector-151-cai-mastersport-germany-201201890\\\/#primaryimage\"},\"image\":{\"@id\":\"https:\\\/\\\/autorival.ro\\\/opel\\\/product\\\/set-frana-frana-disc-opel-ampera-r12-ev-150-benzina-elector-151-cai-mastersport-germany-201201890\\\/#primaryimage\"},\"thumbnailUrl\":\"https:\\\/\\\/autorival.ro\\\/opel\\\/wp-content\\\/uploads\\\/sites\\\/21\\\/2025\\\/06\\\/201201890.jpg\",\"datePublished\":\"2025-06-30T16:53:14+00:00\",\"description\":\"\u26a1 Set frana frana disc OPEL AMPERA (R12) EV 150 benzina\\\/elector 151 cai MASTERSPORT GERMANY 201201890 pentru OPEL la doar 642.72 RON. \u2713 Cod: 201201890 \u2713 Brand: MASTERSPORT \u2713 \u00cen stoc \u2713 Livrare 24h \u2713 Garan\u021bie!\",\"breadcrumb\":{\"@id\":\"https:\\\/\\\/autorival.ro\\\/opel\\\/product\\\/set-frana-frana-disc-opel-ampera-r12-ev-150-benzina-elector-151-cai-mastersport-germany-201201890\\\/#breadcrumb\"},\"inLanguage\":\"en-US\",\"potentialAction\":[{\"@type\":\"ReadAction\",\"target\":[\"https:\\\/\\\/autorival.ro\\\/opel\\\/product\\\/set-frana-frana-disc-opel-ampera-r12-ev-150-benzina-elector-151-cai-mastersport-germany-201201890\\\/\"]}]},{\"@type\":\"ImageObject\",\"inLanguage\":\"en-US\",\"@id\":\"https:\\\/\\\/autorival.ro\\\/opel\\\/product\\\/set-frana-frana-disc-opel-ampera-r12-ev-150-benzina-elector-151-cai-mastersport-germany-201201890\\\/#primaryimage\",\"url\":\"https:\\\/\\\/autorival.ro\\\/opel\\\/wp-content\\\/uploads\\\/sites\\\/21\\\/2025\\\/06\\\/201201890.jpg\",\"contentUrl\":\"https:\\\/\\\/autorival.ro\\\/opel\\\/wp-content\\\/uploads\\\/sites\\\/21\\\/2025\\\/06\\\/201201890.jpg\",\"width\":1500,\"height\":1500,\"caption\":\"Set frana frana disc OPEL AMPERA (R12) EV 150 benzina\\\/elector 151 cai MASTERSPORT GERMANY 201201890\"},{\"@type\":\"BreadcrumbList\",\"@id\":\"https:\\\/\\\/autorival.ro\\\/opel\\\/product\\\/set-frana-frana-disc-opel-ampera-r12-ev-150-benzina-elector-151-cai-mastersport-germany-201201890\\\/#breadcrumb\",\"itemListElement\":[{\"@type\":\"ListItem\",\"position\":1,\"name\":\"Prima pagin\u0103\",\"item\":\"https:\\\/\\\/autorival.ro\\\/opel\\\/\"},{\"@type\":\"ListItem\",\"position\":2,\"name\":\"Piese auto OPEL\",\"item\":\"https:\\\/\\\/autorival.ro\\\/opel\\\/\"},{\"@type\":\"ListItem\",\"position\":3,\"name\":\"Set frana frana disc OPEL AMPERA (R12) EV 150 benzina\\\/elector 151 cai MASTERSPORT GERMANY 201201890\"}]},{\"@type\":\"WebSite\",\"@id\":\"https:\\\/\\\/autorival.ro\\\/opel\\\/#website\",\"url\":\"https:\\\/\\\/autorival.ro\\\/opel\\\/\",\"name\":\"OPEL\",\"description\":\"\",\"potentialAction\":[{\"@type\":\"SearchAction\",\"target\":{\"@type\":\"EntryPoint\",\"urlTemplate\":\"https:\\\/\\\/autorival.ro\\\/opel\\\/?s={search_term_string}\"},\"query-input\":{\"@type\":\"PropertyValueSpecification\",\"valueRequired\":true,\"valueName\":\"search_term_string\"}}],\"inLanguage\":\"en-US\"}]}<\/script>\n<!-- \/ Yoast SEO plugin. -->","yoast_head_json":{"title":"Set frana frana disc OPEL AMPERA (R12) EV 150 benzina\/elector 151 cai MASTERSPORT GERMANY 201201890 OPEL | MASTERSPORT - Autorival","description":"\u26a1 Set frana frana disc OPEL AMPERA (R12) EV 150 benzina\/elector 151 cai MASTERSPORT GERMANY 201201890 pentru OPEL la doar 642.72 RON. \u2713 Cod: 201201890 \u2713 Brand: MASTERSPORT \u2713 \u00cen stoc \u2713 Livrare 24h \u2713 Garan\u021bie!","robots":{"index":"index","follow":"follow","max-snippet":"max-snippet:-1","max-image-preview":"max-image-preview:large","max-video-preview":"max-video-preview:-1"},"og_locale":"en_US","og_type":"article","og_title":"Set frana frana disc OPEL AMPERA (R12) EV 150 benzina\/elector 151 cai MASTERSPORT GERMANY 201201890 OPEL | MASTERSPORT - Autorival","og_description":"\u26a1 Set frana frana disc OPEL AMPERA (R12) EV 150 benzina\/elector 151 cai MASTERSPORT GERMANY 201201890 pentru OPEL la doar 642.72 RON. \u2713 Cod: 201201890 \u2713 Brand: MASTERSPORT \u2713 \u00cen stoc \u2713 Livrare 24h \u2713 Garan\u021bie!","og_url":"https:\/\/autorival.ro\/opel\/product\/set-frana-frana-disc-opel-ampera-r12-ev-150-benzina-elector-151-cai-mastersport-germany-201201890\/","og_site_name":"OPEL","og_image":[{"width":1500,"height":1500,"url":"https:\/\/autorival.ro\/opel\/wp-content\/uploads\/sites\/21\/2025\/06\/201201890.jpg","type":"image\/jpeg"}],"twitter_card":"summary_large_image","twitter_title":"Set frana frana disc OPEL AMPERA (R12) EV 150 benzina\/elector 151 cai MASTERSPORT GERMANY 201201890 OPEL | MASTERSPORT - Autorival","twitter_description":"\u26a1 Set frana frana disc OPEL AMPERA (R12) EV 150 benzina\/elector 151 cai MASTERSPORT GERMANY 201201890 pentru OPEL la doar 642.72 RON. \u2713 Cod: 201201890 \u2713 Brand: MASTERSPORT \u2713 \u00cen stoc \u2713 Livrare 24h \u2713 Garan\u021bie!","schema":{"@context":"https:\/\/schema.org","@graph":[{"@type":"WebPage","@id":"https:\/\/autorival.ro\/opel\/product\/set-frana-frana-disc-opel-ampera-r12-ev-150-benzina-elector-151-cai-mastersport-germany-201201890\/","url":"https:\/\/autorival.ro\/opel\/product\/set-frana-frana-disc-opel-ampera-r12-ev-150-benzina-elector-151-cai-mastersport-germany-201201890\/","name":"Set frana frana disc OPEL AMPERA (R12) EV 150 benzina\/elector 151 cai MASTERSPORT GERMANY 201201890 OPEL | MASTERSPORT - Autorival","isPartOf":{"@id":"https:\/\/autorival.ro\/opel\/#website"},"primaryImageOfPage":{"@id":"https:\/\/autorival.ro\/opel\/product\/set-frana-frana-disc-opel-ampera-r12-ev-150-benzina-elector-151-cai-mastersport-germany-201201890\/#primaryimage"},"image":{"@id":"https:\/\/autorival.ro\/opel\/product\/set-frana-frana-disc-opel-ampera-r12-ev-150-benzina-elector-151-cai-mastersport-germany-201201890\/#primaryimage"},"thumbnailUrl":"https:\/\/autorival.ro\/opel\/wp-content\/uploads\/sites\/21\/2025\/06\/201201890.jpg","datePublished":"2025-06-30T16:53:14+00:00","description":"\u26a1 Set frana frana disc OPEL AMPERA (R12) EV 150 benzina\/elector 151 cai MASTERSPORT GERMANY 201201890 pentru OPEL la doar 642.72 RON. \u2713 Cod: 201201890 \u2713 Brand: MASTERSPORT \u2713 \u00cen stoc \u2713 Livrare 24h \u2713 Garan\u021bie!","breadcrumb":{"@id":"https:\/\/autorival.ro\/opel\/product\/set-frana-frana-disc-opel-ampera-r12-ev-150-benzina-elector-151-cai-mastersport-germany-201201890\/#breadcrumb"},"inLanguage":"en-US","potentialAction":[{"@type":"ReadAction","target":["https:\/\/autorival.ro\/opel\/product\/set-frana-frana-disc-opel-ampera-r12-ev-150-benzina-elector-151-cai-mastersport-germany-201201890\/"]}]},{"@type":"ImageObject","inLanguage":"en-US","@id":"https:\/\/autorival.ro\/opel\/product\/set-frana-frana-disc-opel-ampera-r12-ev-150-benzina-elector-151-cai-mastersport-germany-201201890\/#primaryimage","url":"https:\/\/autorival.ro\/opel\/wp-content\/uploads\/sites\/21\/2025\/06\/201201890.jpg","contentUrl":"https:\/\/autorival.ro\/opel\/wp-content\/uploads\/sites\/21\/2025\/06\/201201890.jpg","width":1500,"height":1500,"caption":"Set frana frana disc OPEL AMPERA (R12) EV 150 benzina\/elector 151 cai MASTERSPORT GERMANY 201201890"},{"@type":"BreadcrumbList","@id":"https:\/\/autorival.ro\/opel\/product\/set-frana-frana-disc-opel-ampera-r12-ev-150-benzina-elector-151-cai-mastersport-germany-201201890\/#breadcrumb","itemListElement":[{"@type":"ListItem","position":1,"name":"Prima pagin\u0103","item":"https:\/\/autorival.ro\/opel\/"},{"@type":"ListItem","position":2,"name":"Piese auto OPEL","item":"https:\/\/autorival.ro\/opel\/"},{"@type":"ListItem","position":3,"name":"Set frana frana disc OPEL AMPERA (R12) EV 150 benzina\/elector 151 cai MASTERSPORT GERMANY 201201890"}]},{"@type":"WebSite","@id":"https:\/\/autorival.ro\/opel\/#website","url":"https:\/\/autorival.ro\/opel\/","name":"OPEL","description":"","potentialAction":[{"@type":"SearchAction","target":{"@type":"EntryPoint","urlTemplate":"https:\/\/autorival.ro\/opel\/?s={search_term_string}"},"query-input":{"@type":"PropertyValueSpecification","valueRequired":true,"valueName":"search_term_string"}}],"inLanguage":"en-US"}]}},"_links":{"self":[{"href":"https:\/\/autorival.ro\/opel\/wp-json\/wp\/v2\/product\/892107","targetHints":{"allow":["GET"]}}],"collection":[{"href":"https:\/\/autorival.ro\/opel\/wp-json\/wp\/v2\/product"}],"about":[{"href":"https:\/\/autorival.ro\/opel\/wp-json\/wp\/v2\/types\/product"}],"replies":[{"embeddable":true,"href":"https:\/\/autorival.ro\/opel\/wp-json\/wp\/v2\/comments?post=892107"}],"wp:featuredmedia":[{"embeddable":true,"href":"https:\/\/autorival.ro\/opel\/wp-json\/wp\/v2\/media\/892108"}],"wp:attachment":[{"href":"https:\/\/autorival.ro\/opel\/wp-json\/wp\/v2\/media?parent=892107"}],"wp:term":[{"taxonomy":"product_brand","embeddable":true,"href":"https:\/\/autorival.ro\/opel\/wp-json\/wp\/v2\/product_brand?post=892107"},{"taxonomy":"product_cat","embeddable":true,"href":"https:\/\/autorival.ro\/opel\/wp-json\/wp\/v2\/product_cat?post=892107"},{"taxonomy":"product_tag","embeddable":true,"href":"https:\/\/autorival.ro\/opel\/wp-json\/wp\/v2\/product_tag?post=892107"}],"curies":[{"name":"wp","href":"https:\/\/api.w.org\/{rel}","templated":true}]}}