{"id":809814,"date":"2025-06-28T04:42:04","date_gmt":"2025-06-28T04:42:04","guid":{"rendered":"https:\/\/autorival.ro\/opel\/product\/senzor-nox-injectie-aditiv-opel-vivaro-b-bus-x82-1-6-cdti-06-diesel-140-cai-vemo-v46-72-0248\/"},"modified":"2025-06-28T04:42:04","modified_gmt":"2025-06-28T04:42:04","slug":"senzor-nox-injectie-aditiv-opel-vivaro-b-bus-x82-1-6-cdti-06-diesel-140-cai-vemo-v46-72-0248","status":"publish","type":"product","link":"https:\/\/autorival.ro\/opel\/product\/senzor-nox-injectie-aditiv-opel-vivaro-b-bus-x82-1-6-cdti-06-diesel-140-cai-vemo-v46-72-0248\/","title":{"rendered":"Senzor NOx injectie aditiv OPEL VIVARO B bus (X82) 1.6 CDTI (06) diesel 140 cai VEMO V46-72-0248"},"content":{"rendered":"<p>Articol extins\/Informatii de extindere: cu unitate de controlPartea de montare: inainte de catalizatorExecu\u021bie izola\u021bie cablu: cu izola\u021bie din plas\u0103 de fibre acoperite cu silicon ->Lungime cablu [mm]: 890Num\u0103rul conexiunilor cu muf\u0103: 5Sonda lambda: Filet gresat \u00een prealabilForma carcasa stecher: ovalNumarul gaurilor de fixare: 2Sistem de esapament: inainte de filtru particule funingine<\/p>\n","protected":false},"excerpt":{"rendered":"<p>Producator: VEMO Cod producator: V46-72-0248<\/p>\n","protected":false},"featured_media":809815,"comment_status":"open","ping_status":"closed","template":"","meta":[],"product_brand":[3196],"product_cat":[29757],"product_tag":[43781,43326,44618,44619,43324,44003,43579,43346],"class_list":{"0":"post-809814","1":"product","2":"type-product","3":"status-publish","4":"has-post-thumbnail","6":"product_brand-vemo","7":"product_cat-senzor-nox-injectie-aditiv-b-bus-x82-1-6-cdti-06-diesel-140","8":"product_tag-injectie","9":"product_tag-cdti","10":"product_tag-no","11":"product_tag-nox","12":"product_tag-opel","13":"product_tag-senzor","14":"product_tag-vemo","15":"product_tag-vivaro","17":"first","18":"instock","19":"shipping-taxable","20":"purchasable","21":"product-type-simple"},"yoast_head":"<!-- This site is optimized with the Yoast SEO plugin v27.3 - https:\/\/yoast.com\/product\/yoast-seo-wordpress\/ -->\n<title>Senzor NOx injectie aditiv OPEL VIVARO B bus (X82) 1.6 CDTI (06) diesel 140 cai VEMO V46-72-0248 OPEL | VEMO - Autorival<\/title>\n<meta name=\"description\" content=\"\u26a1 Senzor NOx injectie aditiv OPEL VIVARO B bus (X82) 1.6 CDTI (06) diesel 140 cai VEMO V46-72-0248 pentru OPEL la doar 1305.73 RON. \u2713 Cod: V46-72-0248 \u2713 Brand: VEMO \u2713 \u00cen stoc \u2713 Livrare 24h \u2713 Garan\u021bie!\" \/>\n<meta name=\"robots\" content=\"index, follow, max-snippet:-1, max-image-preview:large, max-video-preview:-1\" \/>\n<meta property=\"og:locale\" content=\"en_US\" \/>\n<meta property=\"og:type\" content=\"article\" \/>\n<meta property=\"og:title\" content=\"Senzor NOx injectie aditiv OPEL VIVARO B bus (X82) 1.6 CDTI (06) diesel 140 cai VEMO V46-72-0248 OPEL | VEMO - Autorival\" \/>\n<meta property=\"og:description\" content=\"\u26a1 Senzor NOx injectie aditiv OPEL VIVARO B bus (X82) 1.6 CDTI (06) diesel 140 cai VEMO V46-72-0248 pentru OPEL la doar 1305.73 RON. \u2713 Cod: V46-72-0248 \u2713 Brand: VEMO \u2713 \u00cen stoc \u2713 Livrare 24h \u2713 Garan\u021bie!\" \/>\n<meta property=\"og:url\" content=\"https:\/\/autorival.ro\/opel\/product\/senzor-nox-injectie-aditiv-opel-vivaro-b-bus-x82-1-6-cdti-06-diesel-140-cai-vemo-v46-72-0248\/\" \/>\n<meta property=\"og:site_name\" content=\"OPEL\" \/>\n<meta property=\"og:image\" content=\"https:\/\/autorival.ro\/opel\/wp-content\/uploads\/sites\/21\/2025\/06\/v46-72-0248_02-1.jpg\" \/>\n\t<meta property=\"og:image:width\" content=\"2499\" \/>\n\t<meta property=\"og:image:height\" content=\"1666\" \/>\n\t<meta property=\"og:image:type\" content=\"image\/jpeg\" \/>\n<meta name=\"twitter:card\" content=\"summary_large_image\" \/>\n<meta name=\"twitter:title\" content=\"Senzor NOx injectie aditiv OPEL VIVARO B bus (X82) 1.6 CDTI (06) diesel 140 cai VEMO V46-72-0248 OPEL | VEMO - Autorival\" \/>\n<meta name=\"twitter:description\" content=\"\u26a1 Senzor NOx injectie aditiv OPEL VIVARO B bus (X82) 1.6 CDTI (06) diesel 140 cai VEMO V46-72-0248 pentru OPEL la doar 1305.73 RON. \u2713 Cod: V46-72-0248 \u2713 Brand: VEMO \u2713 \u00cen stoc \u2713 Livrare 24h \u2713 Garan\u021bie!\" \/>\n<script type=\"application\/ld+json\" class=\"yoast-schema-graph\">{\"@context\":\"https:\\\/\\\/schema.org\",\"@graph\":[{\"@type\":\"WebPage\",\"@id\":\"https:\\\/\\\/autorival.ro\\\/opel\\\/product\\\/senzor-nox-injectie-aditiv-opel-vivaro-b-bus-x82-1-6-cdti-06-diesel-140-cai-vemo-v46-72-0248\\\/\",\"url\":\"https:\\\/\\\/autorival.ro\\\/opel\\\/product\\\/senzor-nox-injectie-aditiv-opel-vivaro-b-bus-x82-1-6-cdti-06-diesel-140-cai-vemo-v46-72-0248\\\/\",\"name\":\"Senzor NOx injectie aditiv OPEL VIVARO B bus (X82) 1.6 CDTI (06) diesel 140 cai VEMO V46-72-0248 OPEL | VEMO - Autorival\",\"isPartOf\":{\"@id\":\"https:\\\/\\\/autorival.ro\\\/opel\\\/#website\"},\"primaryImageOfPage\":{\"@id\":\"https:\\\/\\\/autorival.ro\\\/opel\\\/product\\\/senzor-nox-injectie-aditiv-opel-vivaro-b-bus-x82-1-6-cdti-06-diesel-140-cai-vemo-v46-72-0248\\\/#primaryimage\"},\"image\":{\"@id\":\"https:\\\/\\\/autorival.ro\\\/opel\\\/product\\\/senzor-nox-injectie-aditiv-opel-vivaro-b-bus-x82-1-6-cdti-06-diesel-140-cai-vemo-v46-72-0248\\\/#primaryimage\"},\"thumbnailUrl\":\"https:\\\/\\\/autorival.ro\\\/opel\\\/wp-content\\\/uploads\\\/sites\\\/21\\\/2025\\\/06\\\/v46-72-0248_02-1.jpg\",\"datePublished\":\"2025-06-28T04:42:04+00:00\",\"description\":\"\u26a1 Senzor NOx injectie aditiv OPEL VIVARO B bus (X82) 1.6 CDTI (06) diesel 140 cai VEMO V46-72-0248 pentru OPEL la doar 1305.73 RON. \u2713 Cod: V46-72-0248 \u2713 Brand: VEMO \u2713 \u00cen stoc \u2713 Livrare 24h \u2713 Garan\u021bie!\",\"breadcrumb\":{\"@id\":\"https:\\\/\\\/autorival.ro\\\/opel\\\/product\\\/senzor-nox-injectie-aditiv-opel-vivaro-b-bus-x82-1-6-cdti-06-diesel-140-cai-vemo-v46-72-0248\\\/#breadcrumb\"},\"inLanguage\":\"en-US\",\"potentialAction\":[{\"@type\":\"ReadAction\",\"target\":[\"https:\\\/\\\/autorival.ro\\\/opel\\\/product\\\/senzor-nox-injectie-aditiv-opel-vivaro-b-bus-x82-1-6-cdti-06-diesel-140-cai-vemo-v46-72-0248\\\/\"]}]},{\"@type\":\"ImageObject\",\"inLanguage\":\"en-US\",\"@id\":\"https:\\\/\\\/autorival.ro\\\/opel\\\/product\\\/senzor-nox-injectie-aditiv-opel-vivaro-b-bus-x82-1-6-cdti-06-diesel-140-cai-vemo-v46-72-0248\\\/#primaryimage\",\"url\":\"https:\\\/\\\/autorival.ro\\\/opel\\\/wp-content\\\/uploads\\\/sites\\\/21\\\/2025\\\/06\\\/v46-72-0248_02-1.jpg\",\"contentUrl\":\"https:\\\/\\\/autorival.ro\\\/opel\\\/wp-content\\\/uploads\\\/sites\\\/21\\\/2025\\\/06\\\/v46-72-0248_02-1.jpg\",\"width\":2499,\"height\":1666,\"caption\":\"Senzor NOx injectie aditiv OPEL VIVARO B bus (X82) 1.6 CDTI (06) diesel 140 cai VEMO V46-72-0248\"},{\"@type\":\"BreadcrumbList\",\"@id\":\"https:\\\/\\\/autorival.ro\\\/opel\\\/product\\\/senzor-nox-injectie-aditiv-opel-vivaro-b-bus-x82-1-6-cdti-06-diesel-140-cai-vemo-v46-72-0248\\\/#breadcrumb\",\"itemListElement\":[{\"@type\":\"ListItem\",\"position\":1,\"name\":\"Prima pagin\u0103\",\"item\":\"https:\\\/\\\/autorival.ro\\\/opel\\\/\"},{\"@type\":\"ListItem\",\"position\":2,\"name\":\"Piese auto OPEL\",\"item\":\"https:\\\/\\\/autorival.ro\\\/opel\\\/\"},{\"@type\":\"ListItem\",\"position\":3,\"name\":\"Senzor NOx injectie aditiv OPEL VIVARO B bus (X82) 1.6 CDTI (06) diesel 140 cai VEMO V46-72-0248\"}]},{\"@type\":\"WebSite\",\"@id\":\"https:\\\/\\\/autorival.ro\\\/opel\\\/#website\",\"url\":\"https:\\\/\\\/autorival.ro\\\/opel\\\/\",\"name\":\"OPEL\",\"description\":\"\",\"potentialAction\":[{\"@type\":\"SearchAction\",\"target\":{\"@type\":\"EntryPoint\",\"urlTemplate\":\"https:\\\/\\\/autorival.ro\\\/opel\\\/?s={search_term_string}\"},\"query-input\":{\"@type\":\"PropertyValueSpecification\",\"valueRequired\":true,\"valueName\":\"search_term_string\"}}],\"inLanguage\":\"en-US\"}]}<\/script>\n<!-- \/ Yoast SEO plugin. -->","yoast_head_json":{"title":"Senzor NOx injectie aditiv OPEL VIVARO B bus (X82) 1.6 CDTI (06) diesel 140 cai VEMO V46-72-0248 OPEL | VEMO - Autorival","description":"\u26a1 Senzor NOx injectie aditiv OPEL VIVARO B bus (X82) 1.6 CDTI (06) diesel 140 cai VEMO V46-72-0248 pentru OPEL la doar 1305.73 RON. \u2713 Cod: V46-72-0248 \u2713 Brand: VEMO \u2713 \u00cen stoc \u2713 Livrare 24h \u2713 Garan\u021bie!","robots":{"index":"index","follow":"follow","max-snippet":"max-snippet:-1","max-image-preview":"max-image-preview:large","max-video-preview":"max-video-preview:-1"},"og_locale":"en_US","og_type":"article","og_title":"Senzor NOx injectie aditiv OPEL VIVARO B bus (X82) 1.6 CDTI (06) diesel 140 cai VEMO V46-72-0248 OPEL | VEMO - Autorival","og_description":"\u26a1 Senzor NOx injectie aditiv OPEL VIVARO B bus (X82) 1.6 CDTI (06) diesel 140 cai VEMO V46-72-0248 pentru OPEL la doar 1305.73 RON. \u2713 Cod: V46-72-0248 \u2713 Brand: VEMO \u2713 \u00cen stoc \u2713 Livrare 24h \u2713 Garan\u021bie!","og_url":"https:\/\/autorival.ro\/opel\/product\/senzor-nox-injectie-aditiv-opel-vivaro-b-bus-x82-1-6-cdti-06-diesel-140-cai-vemo-v46-72-0248\/","og_site_name":"OPEL","og_image":[{"width":2499,"height":1666,"url":"https:\/\/autorival.ro\/opel\/wp-content\/uploads\/sites\/21\/2025\/06\/v46-72-0248_02-1.jpg","type":"image\/jpeg"}],"twitter_card":"summary_large_image","twitter_title":"Senzor NOx injectie aditiv OPEL VIVARO B bus (X82) 1.6 CDTI (06) diesel 140 cai VEMO V46-72-0248 OPEL | VEMO - Autorival","twitter_description":"\u26a1 Senzor NOx injectie aditiv OPEL VIVARO B bus (X82) 1.6 CDTI (06) diesel 140 cai VEMO V46-72-0248 pentru OPEL la doar 1305.73 RON. \u2713 Cod: V46-72-0248 \u2713 Brand: VEMO \u2713 \u00cen stoc \u2713 Livrare 24h \u2713 Garan\u021bie!","schema":{"@context":"https:\/\/schema.org","@graph":[{"@type":"WebPage","@id":"https:\/\/autorival.ro\/opel\/product\/senzor-nox-injectie-aditiv-opel-vivaro-b-bus-x82-1-6-cdti-06-diesel-140-cai-vemo-v46-72-0248\/","url":"https:\/\/autorival.ro\/opel\/product\/senzor-nox-injectie-aditiv-opel-vivaro-b-bus-x82-1-6-cdti-06-diesel-140-cai-vemo-v46-72-0248\/","name":"Senzor NOx injectie aditiv OPEL VIVARO B bus (X82) 1.6 CDTI (06) diesel 140 cai VEMO V46-72-0248 OPEL | VEMO - Autorival","isPartOf":{"@id":"https:\/\/autorival.ro\/opel\/#website"},"primaryImageOfPage":{"@id":"https:\/\/autorival.ro\/opel\/product\/senzor-nox-injectie-aditiv-opel-vivaro-b-bus-x82-1-6-cdti-06-diesel-140-cai-vemo-v46-72-0248\/#primaryimage"},"image":{"@id":"https:\/\/autorival.ro\/opel\/product\/senzor-nox-injectie-aditiv-opel-vivaro-b-bus-x82-1-6-cdti-06-diesel-140-cai-vemo-v46-72-0248\/#primaryimage"},"thumbnailUrl":"https:\/\/autorival.ro\/opel\/wp-content\/uploads\/sites\/21\/2025\/06\/v46-72-0248_02-1.jpg","datePublished":"2025-06-28T04:42:04+00:00","description":"\u26a1 Senzor NOx injectie aditiv OPEL VIVARO B bus (X82) 1.6 CDTI (06) diesel 140 cai VEMO V46-72-0248 pentru OPEL la doar 1305.73 RON. \u2713 Cod: V46-72-0248 \u2713 Brand: VEMO \u2713 \u00cen stoc \u2713 Livrare 24h \u2713 Garan\u021bie!","breadcrumb":{"@id":"https:\/\/autorival.ro\/opel\/product\/senzor-nox-injectie-aditiv-opel-vivaro-b-bus-x82-1-6-cdti-06-diesel-140-cai-vemo-v46-72-0248\/#breadcrumb"},"inLanguage":"en-US","potentialAction":[{"@type":"ReadAction","target":["https:\/\/autorival.ro\/opel\/product\/senzor-nox-injectie-aditiv-opel-vivaro-b-bus-x82-1-6-cdti-06-diesel-140-cai-vemo-v46-72-0248\/"]}]},{"@type":"ImageObject","inLanguage":"en-US","@id":"https:\/\/autorival.ro\/opel\/product\/senzor-nox-injectie-aditiv-opel-vivaro-b-bus-x82-1-6-cdti-06-diesel-140-cai-vemo-v46-72-0248\/#primaryimage","url":"https:\/\/autorival.ro\/opel\/wp-content\/uploads\/sites\/21\/2025\/06\/v46-72-0248_02-1.jpg","contentUrl":"https:\/\/autorival.ro\/opel\/wp-content\/uploads\/sites\/21\/2025\/06\/v46-72-0248_02-1.jpg","width":2499,"height":1666,"caption":"Senzor NOx injectie aditiv OPEL VIVARO B bus (X82) 1.6 CDTI (06) diesel 140 cai VEMO V46-72-0248"},{"@type":"BreadcrumbList","@id":"https:\/\/autorival.ro\/opel\/product\/senzor-nox-injectie-aditiv-opel-vivaro-b-bus-x82-1-6-cdti-06-diesel-140-cai-vemo-v46-72-0248\/#breadcrumb","itemListElement":[{"@type":"ListItem","position":1,"name":"Prima pagin\u0103","item":"https:\/\/autorival.ro\/opel\/"},{"@type":"ListItem","position":2,"name":"Piese auto OPEL","item":"https:\/\/autorival.ro\/opel\/"},{"@type":"ListItem","position":3,"name":"Senzor NOx injectie aditiv OPEL VIVARO B bus (X82) 1.6 CDTI (06) diesel 140 cai VEMO V46-72-0248"}]},{"@type":"WebSite","@id":"https:\/\/autorival.ro\/opel\/#website","url":"https:\/\/autorival.ro\/opel\/","name":"OPEL","description":"","potentialAction":[{"@type":"SearchAction","target":{"@type":"EntryPoint","urlTemplate":"https:\/\/autorival.ro\/opel\/?s={search_term_string}"},"query-input":{"@type":"PropertyValueSpecification","valueRequired":true,"valueName":"search_term_string"}}],"inLanguage":"en-US"}]}},"_links":{"self":[{"href":"https:\/\/autorival.ro\/opel\/wp-json\/wp\/v2\/product\/809814","targetHints":{"allow":["GET"]}}],"collection":[{"href":"https:\/\/autorival.ro\/opel\/wp-json\/wp\/v2\/product"}],"about":[{"href":"https:\/\/autorival.ro\/opel\/wp-json\/wp\/v2\/types\/product"}],"replies":[{"embeddable":true,"href":"https:\/\/autorival.ro\/opel\/wp-json\/wp\/v2\/comments?post=809814"}],"wp:featuredmedia":[{"embeddable":true,"href":"https:\/\/autorival.ro\/opel\/wp-json\/wp\/v2\/media\/809815"}],"wp:attachment":[{"href":"https:\/\/autorival.ro\/opel\/wp-json\/wp\/v2\/media?parent=809814"}],"wp:term":[{"taxonomy":"product_brand","embeddable":true,"href":"https:\/\/autorival.ro\/opel\/wp-json\/wp\/v2\/product_brand?post=809814"},{"taxonomy":"product_cat","embeddable":true,"href":"https:\/\/autorival.ro\/opel\/wp-json\/wp\/v2\/product_cat?post=809814"},{"taxonomy":"product_tag","embeddable":true,"href":"https:\/\/autorival.ro\/opel\/wp-json\/wp\/v2\/product_tag?post=809814"}],"curies":[{"name":"wp","href":"https:\/\/api.w.org\/{rel}","templated":true}]}}