{"id":804370,"date":"2025-06-28T01:03:27","date_gmt":"2025-06-28T01:03:27","guid":{"rendered":"https:\/\/autorival.ro\/opel\/product\/sensor-ajutor-parcare-opel-mokka-1-2-76-benzina-131-cai-valeo-890007\/"},"modified":"2025-06-28T01:03:27","modified_gmt":"2025-06-28T01:03:27","slug":"sensor-ajutor-parcare-opel-mokka-1-2-76-benzina-131-cai-valeo-890007","status":"publish","type":"product","link":"https:\/\/autorival.ro\/opel\/product\/sensor-ajutor-parcare-opel-mokka-1-2-76-benzina-131-cai-valeo-890007\/","title":{"rendered":"Sensor ajutor parcare OPEL MOKKA 1.2 (76) benzina 131 cai VALEO 890007"},"content":{"rendered":"<p>Numar bucati necesare: 2Partea de montare: interior, pe ambele partiTip senzor: senzor ultrasunetePartea de montare: fata, spateProprietati chimice: vopsibil ->Lungime [mm]: 32 ->Latime [mm]: 23\u00cenaltime [mm]: 35,9Num\u0103rul conexiunilor cu muf\u0103: 3 ->Diametru [mm]: 15,5 ->Greutate [kg]: 0,03<\/p>\n","protected":false},"excerpt":{"rendered":"<p>Producator: VALEO Cod producator: 890007<\/p>\n","protected":false},"featured_media":804371,"comment_status":"open","ping_status":"closed","template":"","meta":[],"product_brand":[307],"product_cat":[29561],"product_tag":[44616,43341,43324,43816,44615,43401],"class_list":{"0":"post-804370","1":"product","2":"type-product","3":"status-publish","4":"has-post-thumbnail","6":"product_brand-valeo","7":"product_cat-sensor-ajutor-parcare-1-2-76-benzina-131","8":"product_tag-ajutor","9":"product_tag-mokka","10":"product_tag-opel","11":"product_tag-parcare","12":"product_tag-sensor","13":"product_tag-valeo","15":"first","16":"instock","17":"shipping-taxable","18":"purchasable","19":"product-type-simple"},"yoast_head":"<!-- This site is optimized with the Yoast SEO plugin v27.3 - https:\/\/yoast.com\/product\/yoast-seo-wordpress\/ -->\n<title>Sensor ajutor parcare OPEL MOKKA 1.2 (76) benzina 131 cai VALEO 890007 OPEL | VALEO - Autorival<\/title>\n<meta name=\"description\" content=\"\u26a1 Sensor ajutor parcare OPEL MOKKA 1.2 (76) benzina 131 cai VALEO 890007 pentru OPEL la doar 378 RON. \u2713 Cod: 890007 \u2713 Brand: VALEO \u2713 \u00cen stoc \u2713 Livrare 24h \u2713 Garan\u021bie!\" \/>\n<meta name=\"robots\" content=\"index, follow, max-snippet:-1, max-image-preview:large, max-video-preview:-1\" \/>\n<meta property=\"og:locale\" content=\"en_US\" \/>\n<meta property=\"og:type\" content=\"article\" \/>\n<meta property=\"og:title\" content=\"Sensor ajutor parcare OPEL MOKKA 1.2 (76) benzina 131 cai VALEO 890007 OPEL | VALEO - Autorival\" \/>\n<meta property=\"og:description\" content=\"\u26a1 Sensor ajutor parcare OPEL MOKKA 1.2 (76) benzina 131 cai VALEO 890007 pentru OPEL la doar 378 RON. \u2713 Cod: 890007 \u2713 Brand: VALEO \u2713 \u00cen stoc \u2713 Livrare 24h \u2713 Garan\u021bie!\" \/>\n<meta property=\"og:url\" content=\"https:\/\/autorival.ro\/opel\/product\/sensor-ajutor-parcare-opel-mokka-1-2-76-benzina-131-cai-valeo-890007\/\" \/>\n<meta property=\"og:site_name\" content=\"OPEL\" \/>\n<meta property=\"og:image\" content=\"https:\/\/autorival.ro\/opel\/wp-content\/uploads\/sites\/21\/2025\/06\/ultrasonic_sensor_890007_10-1.jpg\" \/>\n\t<meta property=\"og:image:width\" content=\"600\" \/>\n\t<meta property=\"og:image:height\" content=\"400\" \/>\n\t<meta property=\"og:image:type\" content=\"image\/jpeg\" \/>\n<meta name=\"twitter:card\" content=\"summary_large_image\" \/>\n<meta name=\"twitter:title\" content=\"Sensor ajutor parcare OPEL MOKKA 1.2 (76) benzina 131 cai VALEO 890007 OPEL | VALEO - Autorival\" \/>\n<meta name=\"twitter:description\" content=\"\u26a1 Sensor ajutor parcare OPEL MOKKA 1.2 (76) benzina 131 cai VALEO 890007 pentru OPEL la doar 378 RON. \u2713 Cod: 890007 \u2713 Brand: VALEO \u2713 \u00cen stoc \u2713 Livrare 24h \u2713 Garan\u021bie!\" \/>\n<script type=\"application\/ld+json\" class=\"yoast-schema-graph\">{\"@context\":\"https:\\\/\\\/schema.org\",\"@graph\":[{\"@type\":\"WebPage\",\"@id\":\"https:\\\/\\\/autorival.ro\\\/opel\\\/product\\\/sensor-ajutor-parcare-opel-mokka-1-2-76-benzina-131-cai-valeo-890007\\\/\",\"url\":\"https:\\\/\\\/autorival.ro\\\/opel\\\/product\\\/sensor-ajutor-parcare-opel-mokka-1-2-76-benzina-131-cai-valeo-890007\\\/\",\"name\":\"Sensor ajutor parcare OPEL MOKKA 1.2 (76) benzina 131 cai VALEO 890007 OPEL | VALEO - Autorival\",\"isPartOf\":{\"@id\":\"https:\\\/\\\/autorival.ro\\\/opel\\\/#website\"},\"primaryImageOfPage\":{\"@id\":\"https:\\\/\\\/autorival.ro\\\/opel\\\/product\\\/sensor-ajutor-parcare-opel-mokka-1-2-76-benzina-131-cai-valeo-890007\\\/#primaryimage\"},\"image\":{\"@id\":\"https:\\\/\\\/autorival.ro\\\/opel\\\/product\\\/sensor-ajutor-parcare-opel-mokka-1-2-76-benzina-131-cai-valeo-890007\\\/#primaryimage\"},\"thumbnailUrl\":\"https:\\\/\\\/autorival.ro\\\/opel\\\/wp-content\\\/uploads\\\/sites\\\/21\\\/2025\\\/06\\\/ultrasonic_sensor_890007_10-1.jpg\",\"datePublished\":\"2025-06-28T01:03:27+00:00\",\"description\":\"\u26a1 Sensor ajutor parcare OPEL MOKKA 1.2 (76) benzina 131 cai VALEO 890007 pentru OPEL la doar 378 RON. \u2713 Cod: 890007 \u2713 Brand: VALEO \u2713 \u00cen stoc \u2713 Livrare 24h \u2713 Garan\u021bie!\",\"breadcrumb\":{\"@id\":\"https:\\\/\\\/autorival.ro\\\/opel\\\/product\\\/sensor-ajutor-parcare-opel-mokka-1-2-76-benzina-131-cai-valeo-890007\\\/#breadcrumb\"},\"inLanguage\":\"en-US\",\"potentialAction\":[{\"@type\":\"ReadAction\",\"target\":[\"https:\\\/\\\/autorival.ro\\\/opel\\\/product\\\/sensor-ajutor-parcare-opel-mokka-1-2-76-benzina-131-cai-valeo-890007\\\/\"]}]},{\"@type\":\"ImageObject\",\"inLanguage\":\"en-US\",\"@id\":\"https:\\\/\\\/autorival.ro\\\/opel\\\/product\\\/sensor-ajutor-parcare-opel-mokka-1-2-76-benzina-131-cai-valeo-890007\\\/#primaryimage\",\"url\":\"https:\\\/\\\/autorival.ro\\\/opel\\\/wp-content\\\/uploads\\\/sites\\\/21\\\/2025\\\/06\\\/ultrasonic_sensor_890007_10-1.jpg\",\"contentUrl\":\"https:\\\/\\\/autorival.ro\\\/opel\\\/wp-content\\\/uploads\\\/sites\\\/21\\\/2025\\\/06\\\/ultrasonic_sensor_890007_10-1.jpg\",\"width\":600,\"height\":400,\"caption\":\"Sensor ajutor parcare OPEL MOKKA 1.2 (76) benzina 131 cai VALEO 890007\"},{\"@type\":\"BreadcrumbList\",\"@id\":\"https:\\\/\\\/autorival.ro\\\/opel\\\/product\\\/sensor-ajutor-parcare-opel-mokka-1-2-76-benzina-131-cai-valeo-890007\\\/#breadcrumb\",\"itemListElement\":[{\"@type\":\"ListItem\",\"position\":1,\"name\":\"Prima pagin\u0103\",\"item\":\"https:\\\/\\\/autorival.ro\\\/opel\\\/\"},{\"@type\":\"ListItem\",\"position\":2,\"name\":\"Piese auto OPEL\",\"item\":\"https:\\\/\\\/autorival.ro\\\/opel\\\/\"},{\"@type\":\"ListItem\",\"position\":3,\"name\":\"Sensor ajutor parcare OPEL MOKKA 1.2 (76) benzina 131 cai VALEO 890007\"}]},{\"@type\":\"WebSite\",\"@id\":\"https:\\\/\\\/autorival.ro\\\/opel\\\/#website\",\"url\":\"https:\\\/\\\/autorival.ro\\\/opel\\\/\",\"name\":\"OPEL\",\"description\":\"\",\"potentialAction\":[{\"@type\":\"SearchAction\",\"target\":{\"@type\":\"EntryPoint\",\"urlTemplate\":\"https:\\\/\\\/autorival.ro\\\/opel\\\/?s={search_term_string}\"},\"query-input\":{\"@type\":\"PropertyValueSpecification\",\"valueRequired\":true,\"valueName\":\"search_term_string\"}}],\"inLanguage\":\"en-US\"}]}<\/script>\n<!-- \/ Yoast SEO plugin. -->","yoast_head_json":{"title":"Sensor ajutor parcare OPEL MOKKA 1.2 (76) benzina 131 cai VALEO 890007 OPEL | VALEO - Autorival","description":"\u26a1 Sensor ajutor parcare OPEL MOKKA 1.2 (76) benzina 131 cai VALEO 890007 pentru OPEL la doar 378 RON. \u2713 Cod: 890007 \u2713 Brand: VALEO \u2713 \u00cen stoc \u2713 Livrare 24h \u2713 Garan\u021bie!","robots":{"index":"index","follow":"follow","max-snippet":"max-snippet:-1","max-image-preview":"max-image-preview:large","max-video-preview":"max-video-preview:-1"},"og_locale":"en_US","og_type":"article","og_title":"Sensor ajutor parcare OPEL MOKKA 1.2 (76) benzina 131 cai VALEO 890007 OPEL | VALEO - Autorival","og_description":"\u26a1 Sensor ajutor parcare OPEL MOKKA 1.2 (76) benzina 131 cai VALEO 890007 pentru OPEL la doar 378 RON. \u2713 Cod: 890007 \u2713 Brand: VALEO \u2713 \u00cen stoc \u2713 Livrare 24h \u2713 Garan\u021bie!","og_url":"https:\/\/autorival.ro\/opel\/product\/sensor-ajutor-parcare-opel-mokka-1-2-76-benzina-131-cai-valeo-890007\/","og_site_name":"OPEL","og_image":[{"width":600,"height":400,"url":"https:\/\/autorival.ro\/opel\/wp-content\/uploads\/sites\/21\/2025\/06\/ultrasonic_sensor_890007_10-1.jpg","type":"image\/jpeg"}],"twitter_card":"summary_large_image","twitter_title":"Sensor ajutor parcare OPEL MOKKA 1.2 (76) benzina 131 cai VALEO 890007 OPEL | VALEO - Autorival","twitter_description":"\u26a1 Sensor ajutor parcare OPEL MOKKA 1.2 (76) benzina 131 cai VALEO 890007 pentru OPEL la doar 378 RON. \u2713 Cod: 890007 \u2713 Brand: VALEO \u2713 \u00cen stoc \u2713 Livrare 24h \u2713 Garan\u021bie!","schema":{"@context":"https:\/\/schema.org","@graph":[{"@type":"WebPage","@id":"https:\/\/autorival.ro\/opel\/product\/sensor-ajutor-parcare-opel-mokka-1-2-76-benzina-131-cai-valeo-890007\/","url":"https:\/\/autorival.ro\/opel\/product\/sensor-ajutor-parcare-opel-mokka-1-2-76-benzina-131-cai-valeo-890007\/","name":"Sensor ajutor parcare OPEL MOKKA 1.2 (76) benzina 131 cai VALEO 890007 OPEL | VALEO - Autorival","isPartOf":{"@id":"https:\/\/autorival.ro\/opel\/#website"},"primaryImageOfPage":{"@id":"https:\/\/autorival.ro\/opel\/product\/sensor-ajutor-parcare-opel-mokka-1-2-76-benzina-131-cai-valeo-890007\/#primaryimage"},"image":{"@id":"https:\/\/autorival.ro\/opel\/product\/sensor-ajutor-parcare-opel-mokka-1-2-76-benzina-131-cai-valeo-890007\/#primaryimage"},"thumbnailUrl":"https:\/\/autorival.ro\/opel\/wp-content\/uploads\/sites\/21\/2025\/06\/ultrasonic_sensor_890007_10-1.jpg","datePublished":"2025-06-28T01:03:27+00:00","description":"\u26a1 Sensor ajutor parcare OPEL MOKKA 1.2 (76) benzina 131 cai VALEO 890007 pentru OPEL la doar 378 RON. \u2713 Cod: 890007 \u2713 Brand: VALEO \u2713 \u00cen stoc \u2713 Livrare 24h \u2713 Garan\u021bie!","breadcrumb":{"@id":"https:\/\/autorival.ro\/opel\/product\/sensor-ajutor-parcare-opel-mokka-1-2-76-benzina-131-cai-valeo-890007\/#breadcrumb"},"inLanguage":"en-US","potentialAction":[{"@type":"ReadAction","target":["https:\/\/autorival.ro\/opel\/product\/sensor-ajutor-parcare-opel-mokka-1-2-76-benzina-131-cai-valeo-890007\/"]}]},{"@type":"ImageObject","inLanguage":"en-US","@id":"https:\/\/autorival.ro\/opel\/product\/sensor-ajutor-parcare-opel-mokka-1-2-76-benzina-131-cai-valeo-890007\/#primaryimage","url":"https:\/\/autorival.ro\/opel\/wp-content\/uploads\/sites\/21\/2025\/06\/ultrasonic_sensor_890007_10-1.jpg","contentUrl":"https:\/\/autorival.ro\/opel\/wp-content\/uploads\/sites\/21\/2025\/06\/ultrasonic_sensor_890007_10-1.jpg","width":600,"height":400,"caption":"Sensor ajutor parcare OPEL MOKKA 1.2 (76) benzina 131 cai VALEO 890007"},{"@type":"BreadcrumbList","@id":"https:\/\/autorival.ro\/opel\/product\/sensor-ajutor-parcare-opel-mokka-1-2-76-benzina-131-cai-valeo-890007\/#breadcrumb","itemListElement":[{"@type":"ListItem","position":1,"name":"Prima pagin\u0103","item":"https:\/\/autorival.ro\/opel\/"},{"@type":"ListItem","position":2,"name":"Piese auto OPEL","item":"https:\/\/autorival.ro\/opel\/"},{"@type":"ListItem","position":3,"name":"Sensor ajutor parcare OPEL MOKKA 1.2 (76) benzina 131 cai VALEO 890007"}]},{"@type":"WebSite","@id":"https:\/\/autorival.ro\/opel\/#website","url":"https:\/\/autorival.ro\/opel\/","name":"OPEL","description":"","potentialAction":[{"@type":"SearchAction","target":{"@type":"EntryPoint","urlTemplate":"https:\/\/autorival.ro\/opel\/?s={search_term_string}"},"query-input":{"@type":"PropertyValueSpecification","valueRequired":true,"valueName":"search_term_string"}}],"inLanguage":"en-US"}]}},"_links":{"self":[{"href":"https:\/\/autorival.ro\/opel\/wp-json\/wp\/v2\/product\/804370","targetHints":{"allow":["GET"]}}],"collection":[{"href":"https:\/\/autorival.ro\/opel\/wp-json\/wp\/v2\/product"}],"about":[{"href":"https:\/\/autorival.ro\/opel\/wp-json\/wp\/v2\/types\/product"}],"replies":[{"embeddable":true,"href":"https:\/\/autorival.ro\/opel\/wp-json\/wp\/v2\/comments?post=804370"}],"wp:featuredmedia":[{"embeddable":true,"href":"https:\/\/autorival.ro\/opel\/wp-json\/wp\/v2\/media\/804371"}],"wp:attachment":[{"href":"https:\/\/autorival.ro\/opel\/wp-json\/wp\/v2\/media?parent=804370"}],"wp:term":[{"taxonomy":"product_brand","embeddable":true,"href":"https:\/\/autorival.ro\/opel\/wp-json\/wp\/v2\/product_brand?post=804370"},{"taxonomy":"product_cat","embeddable":true,"href":"https:\/\/autorival.ro\/opel\/wp-json\/wp\/v2\/product_cat?post=804370"},{"taxonomy":"product_tag","embeddable":true,"href":"https:\/\/autorival.ro\/opel\/wp-json\/wp\/v2\/product_tag?post=804370"}],"curies":[{"name":"wp","href":"https:\/\/api.w.org\/{rel}","templated":true}]}}