{"id":798612,"date":"2025-06-27T21:14:13","date_gmt":"2025-06-27T21:14:13","guid":{"rendered":"https:\/\/autorival.ro\/opel\/product\/schimbator-caldura-incalzire-habitaclu-opel-mokka-mokka-x-j13-1-4-lpg-_76-benzina-autogaz-gpl-140-cai-nissens-707309\/"},"modified":"2025-06-27T21:14:13","modified_gmt":"2025-06-27T21:14:13","slug":"schimbator-caldura-incalzire-habitaclu-opel-mokka-mokka-x-j13-1-4-lpg-_76-benzina-autogaz-gpl-140-cai-nissens-707309","status":"publish","type":"product","link":"https:\/\/autorival.ro\/opel\/product\/schimbator-caldura-incalzire-habitaclu-opel-mokka-mokka-x-j13-1-4-lpg-_76-benzina-autogaz-gpl-140-cai-nissens-707309\/","title":{"rendered":"Schimbator caldura incalzire habitaclu OPEL MOKKA \/ MOKKA X (J13) 1.4 LPG (_76) Benzina\/Autogaz (GPL) 140 cai NISSENS 707309"},"content":{"rendered":"<p>Vehicul cu volan pe st\u00e2nga\/dreapta: pentru vehicule cu volan pe stanga, pentru vehicule cu volan pe dreaptaEchipament vehicul: pt. veh. fara incalzire supl. electrica, pentru vehicule cu aer conditionat, pentru vehicule cu control automat al climatizarii, pentru vehicule fara aer conditionat, pentru vehicule fara control automat al climatizariiSerie \u00c3\u02c6\u00e2\u201e\u00a2asiu (VIN) \u00eencep\u00e2nd cu: G4000001Separarea blocurilorMaterial element radiator: aluminiuAd\u00e2ncimea plasei [mm]: 26 ->Lungime plas\u0103 [mm]: 134L\u0103\u021bimea plasei [mm]: 197 ->Diametru admisie [mm]: 21,3 ->Diametru evacuare [mm]: 21,3Varianta radiator: Element radiator solderizatArticol extins\/Informatii de extindere: fara teavaMaterial rezervor apa (radiator): aluminiu<\/p>\n","protected":false},"excerpt":{"rendered":"<p>Producator: NISSENS Cod producator: 707309<\/p>\n","protected":false},"featured_media":798613,"comment_status":"open","ping_status":"closed","template":"","meta":[],"product_brand":[8719],"product_cat":[29218],"product_tag":[44306,44298,43342,43341,43873,43324,43741],"class_list":{"0":"post-798612","1":"product","2":"type-product","3":"status-publish","4":"has-post-thumbnail","6":"product_brand-nissens","7":"product_cat-schimbator-caldura-incalzire-habitaclu-mokka-x-j13-1-4-lpg-_76-benzina-autogaz-gpl-140","8":"product_tag-caldura","9":"product_tag-incalzire","10":"product_tag-lpg","11":"product_tag-mokka","12":"product_tag-nissens","13":"product_tag-opel","14":"product_tag-schimbator","16":"first","17":"instock","18":"shipping-taxable","19":"purchasable","20":"product-type-simple"},"yoast_head":"<!-- This site is optimized with the Yoast SEO plugin v27.5 - https:\/\/yoast.com\/product\/yoast-seo-wordpress\/ -->\n<title>Schimbator caldura incalzire habitaclu OPEL MOKKA \/ MOKKA X (J13) 1.4 LPG (_76) Benzina\/Autogaz (GPL) 140 cai NISSENS 707309 OPEL | NISSENS - Autorival<\/title>\n<meta name=\"description\" content=\"\u26a1 Schimbator caldura incalzire habitaclu OPEL MOKKA \/ MOKKA X (J13) 1.4 LPG (_76) Benzina\/Autogaz (GPL) 140 cai NISSENS 707309 pentru OPEL la doar 296.81 RON. \u2713 Cod: 707309 \u2713 Brand: NISSENS \u2713 \u00cen stoc \u2713 Livrare 24h \u2713 Garan\u021bie!\" \/>\n<meta name=\"robots\" content=\"index, follow, max-snippet:-1, max-image-preview:large, max-video-preview:-1\" \/>\n<meta property=\"og:locale\" content=\"en_US\" \/>\n<meta property=\"og:type\" content=\"article\" \/>\n<meta property=\"og:title\" content=\"Schimbator caldura incalzire habitaclu OPEL MOKKA \/ MOKKA X (J13) 1.4 LPG (_76) Benzina\/Autogaz (GPL) 140 cai NISSENS 707309 OPEL | NISSENS - Autorival\" \/>\n<meta property=\"og:description\" content=\"\u26a1 Schimbator caldura incalzire habitaclu OPEL MOKKA \/ MOKKA X (J13) 1.4 LPG (_76) Benzina\/Autogaz (GPL) 140 cai NISSENS 707309 pentru OPEL la doar 296.81 RON. \u2713 Cod: 707309 \u2713 Brand: NISSENS \u2713 \u00cen stoc \u2713 Livrare 24h \u2713 Garan\u021bie!\" \/>\n<meta property=\"og:url\" content=\"https:\/\/autorival.ro\/opel\/product\/schimbator-caldura-incalzire-habitaclu-opel-mokka-mokka-x-j13-1-4-lpg-_76-benzina-autogaz-gpl-140-cai-nissens-707309\/\" \/>\n<meta property=\"og:site_name\" content=\"OPEL\" \/>\n<meta property=\"og:image\" content=\"https:\/\/autorival.ro\/opel\/wp-content\/uploads\/sites\/21\/2025\/06\/nissens_707309-3.jpg\" \/>\n\t<meta property=\"og:image:width\" content=\"575\" \/>\n\t<meta property=\"og:image:height\" content=\"400\" \/>\n\t<meta property=\"og:image:type\" content=\"image\/jpeg\" \/>\n<meta name=\"twitter:card\" content=\"summary_large_image\" \/>\n<meta name=\"twitter:title\" content=\"Schimbator caldura incalzire habitaclu OPEL MOKKA \/ MOKKA X (J13) 1.4 LPG (_76) Benzina\/Autogaz (GPL) 140 cai NISSENS 707309 OPEL | NISSENS - Autorival\" \/>\n<meta name=\"twitter:description\" content=\"\u26a1 Schimbator caldura incalzire habitaclu OPEL MOKKA \/ MOKKA X (J13) 1.4 LPG (_76) Benzina\/Autogaz (GPL) 140 cai NISSENS 707309 pentru OPEL la doar 296.81 RON. \u2713 Cod: 707309 \u2713 Brand: NISSENS \u2713 \u00cen stoc \u2713 Livrare 24h \u2713 Garan\u021bie!\" \/>\n<script type=\"application\/ld+json\" class=\"yoast-schema-graph\">{\"@context\":\"https:\\\/\\\/schema.org\",\"@graph\":[{\"@type\":\"WebPage\",\"@id\":\"https:\\\/\\\/autorival.ro\\\/opel\\\/product\\\/schimbator-caldura-incalzire-habitaclu-opel-mokka-mokka-x-j13-1-4-lpg-_76-benzina-autogaz-gpl-140-cai-nissens-707309\\\/\",\"url\":\"https:\\\/\\\/autorival.ro\\\/opel\\\/product\\\/schimbator-caldura-incalzire-habitaclu-opel-mokka-mokka-x-j13-1-4-lpg-_76-benzina-autogaz-gpl-140-cai-nissens-707309\\\/\",\"name\":\"Schimbator caldura incalzire habitaclu OPEL MOKKA \\\/ MOKKA X (J13) 1.4 LPG (_76) Benzina\\\/Autogaz (GPL) 140 cai NISSENS 707309 OPEL | NISSENS - Autorival\",\"isPartOf\":{\"@id\":\"https:\\\/\\\/autorival.ro\\\/opel\\\/#website\"},\"primaryImageOfPage\":{\"@id\":\"https:\\\/\\\/autorival.ro\\\/opel\\\/product\\\/schimbator-caldura-incalzire-habitaclu-opel-mokka-mokka-x-j13-1-4-lpg-_76-benzina-autogaz-gpl-140-cai-nissens-707309\\\/#primaryimage\"},\"image\":{\"@id\":\"https:\\\/\\\/autorival.ro\\\/opel\\\/product\\\/schimbator-caldura-incalzire-habitaclu-opel-mokka-mokka-x-j13-1-4-lpg-_76-benzina-autogaz-gpl-140-cai-nissens-707309\\\/#primaryimage\"},\"thumbnailUrl\":\"https:\\\/\\\/autorival.ro\\\/opel\\\/wp-content\\\/uploads\\\/sites\\\/21\\\/2025\\\/06\\\/nissens_707309-3.jpg\",\"datePublished\":\"2025-06-27T21:14:13+00:00\",\"description\":\"\u26a1 Schimbator caldura incalzire habitaclu OPEL MOKKA \\\/ MOKKA X (J13) 1.4 LPG (_76) Benzina\\\/Autogaz (GPL) 140 cai NISSENS 707309 pentru OPEL la doar 296.81 RON. \u2713 Cod: 707309 \u2713 Brand: NISSENS \u2713 \u00cen stoc \u2713 Livrare 24h \u2713 Garan\u021bie!\",\"breadcrumb\":{\"@id\":\"https:\\\/\\\/autorival.ro\\\/opel\\\/product\\\/schimbator-caldura-incalzire-habitaclu-opel-mokka-mokka-x-j13-1-4-lpg-_76-benzina-autogaz-gpl-140-cai-nissens-707309\\\/#breadcrumb\"},\"inLanguage\":\"en-US\",\"potentialAction\":[{\"@type\":\"ReadAction\",\"target\":[\"https:\\\/\\\/autorival.ro\\\/opel\\\/product\\\/schimbator-caldura-incalzire-habitaclu-opel-mokka-mokka-x-j13-1-4-lpg-_76-benzina-autogaz-gpl-140-cai-nissens-707309\\\/\"]}]},{\"@type\":\"ImageObject\",\"inLanguage\":\"en-US\",\"@id\":\"https:\\\/\\\/autorival.ro\\\/opel\\\/product\\\/schimbator-caldura-incalzire-habitaclu-opel-mokka-mokka-x-j13-1-4-lpg-_76-benzina-autogaz-gpl-140-cai-nissens-707309\\\/#primaryimage\",\"url\":\"https:\\\/\\\/autorival.ro\\\/opel\\\/wp-content\\\/uploads\\\/sites\\\/21\\\/2025\\\/06\\\/nissens_707309-3.jpg\",\"contentUrl\":\"https:\\\/\\\/autorival.ro\\\/opel\\\/wp-content\\\/uploads\\\/sites\\\/21\\\/2025\\\/06\\\/nissens_707309-3.jpg\",\"width\":575,\"height\":400,\"caption\":\"Schimbator caldura incalzire habitaclu OPEL MOKKA \\\/ MOKKA X (J13) 1.4 LPG (_76) Benzina\\\/Autogaz (GPL) 140 cai NISSENS 707309\"},{\"@type\":\"BreadcrumbList\",\"@id\":\"https:\\\/\\\/autorival.ro\\\/opel\\\/product\\\/schimbator-caldura-incalzire-habitaclu-opel-mokka-mokka-x-j13-1-4-lpg-_76-benzina-autogaz-gpl-140-cai-nissens-707309\\\/#breadcrumb\",\"itemListElement\":[{\"@type\":\"ListItem\",\"position\":1,\"name\":\"Prima pagin\u0103\",\"item\":\"https:\\\/\\\/autorival.ro\\\/opel\\\/\"},{\"@type\":\"ListItem\",\"position\":2,\"name\":\"Piese auto OPEL\",\"item\":\"https:\\\/\\\/autorival.ro\\\/opel\\\/\"},{\"@type\":\"ListItem\",\"position\":3,\"name\":\"Schimbator caldura incalzire habitaclu OPEL MOKKA \\\/ MOKKA X (J13) 1.4 LPG (_76) Benzina\\\/Autogaz (GPL) 140 cai NISSENS 707309\"}]},{\"@type\":\"WebSite\",\"@id\":\"https:\\\/\\\/autorival.ro\\\/opel\\\/#website\",\"url\":\"https:\\\/\\\/autorival.ro\\\/opel\\\/\",\"name\":\"OPEL\",\"description\":\"\",\"potentialAction\":[{\"@type\":\"SearchAction\",\"target\":{\"@type\":\"EntryPoint\",\"urlTemplate\":\"https:\\\/\\\/autorival.ro\\\/opel\\\/?s={search_term_string}\"},\"query-input\":{\"@type\":\"PropertyValueSpecification\",\"valueRequired\":true,\"valueName\":\"search_term_string\"}}],\"inLanguage\":\"en-US\"}]}<\/script>\n<!-- \/ Yoast SEO plugin. -->","yoast_head_json":{"title":"Schimbator caldura incalzire habitaclu OPEL MOKKA \/ MOKKA X (J13) 1.4 LPG (_76) Benzina\/Autogaz (GPL) 140 cai NISSENS 707309 OPEL | NISSENS - Autorival","description":"\u26a1 Schimbator caldura incalzire habitaclu OPEL MOKKA \/ MOKKA X (J13) 1.4 LPG (_76) Benzina\/Autogaz (GPL) 140 cai NISSENS 707309 pentru OPEL la doar 296.81 RON. \u2713 Cod: 707309 \u2713 Brand: NISSENS \u2713 \u00cen stoc \u2713 Livrare 24h \u2713 Garan\u021bie!","robots":{"index":"index","follow":"follow","max-snippet":"max-snippet:-1","max-image-preview":"max-image-preview:large","max-video-preview":"max-video-preview:-1"},"og_locale":"en_US","og_type":"article","og_title":"Schimbator caldura incalzire habitaclu OPEL MOKKA \/ MOKKA X (J13) 1.4 LPG (_76) Benzina\/Autogaz (GPL) 140 cai NISSENS 707309 OPEL | NISSENS - Autorival","og_description":"\u26a1 Schimbator caldura incalzire habitaclu OPEL MOKKA \/ MOKKA X (J13) 1.4 LPG (_76) Benzina\/Autogaz (GPL) 140 cai NISSENS 707309 pentru OPEL la doar 296.81 RON. \u2713 Cod: 707309 \u2713 Brand: NISSENS \u2713 \u00cen stoc \u2713 Livrare 24h \u2713 Garan\u021bie!","og_url":"https:\/\/autorival.ro\/opel\/product\/schimbator-caldura-incalzire-habitaclu-opel-mokka-mokka-x-j13-1-4-lpg-_76-benzina-autogaz-gpl-140-cai-nissens-707309\/","og_site_name":"OPEL","og_image":[{"width":575,"height":400,"url":"https:\/\/autorival.ro\/opel\/wp-content\/uploads\/sites\/21\/2025\/06\/nissens_707309-3.jpg","type":"image\/jpeg"}],"twitter_card":"summary_large_image","twitter_title":"Schimbator caldura incalzire habitaclu OPEL MOKKA \/ MOKKA X (J13) 1.4 LPG (_76) Benzina\/Autogaz (GPL) 140 cai NISSENS 707309 OPEL | NISSENS - Autorival","twitter_description":"\u26a1 Schimbator caldura incalzire habitaclu OPEL MOKKA \/ MOKKA X (J13) 1.4 LPG (_76) Benzina\/Autogaz (GPL) 140 cai NISSENS 707309 pentru OPEL la doar 296.81 RON. \u2713 Cod: 707309 \u2713 Brand: NISSENS \u2713 \u00cen stoc \u2713 Livrare 24h \u2713 Garan\u021bie!","schema":{"@context":"https:\/\/schema.org","@graph":[{"@type":"WebPage","@id":"https:\/\/autorival.ro\/opel\/product\/schimbator-caldura-incalzire-habitaclu-opel-mokka-mokka-x-j13-1-4-lpg-_76-benzina-autogaz-gpl-140-cai-nissens-707309\/","url":"https:\/\/autorival.ro\/opel\/product\/schimbator-caldura-incalzire-habitaclu-opel-mokka-mokka-x-j13-1-4-lpg-_76-benzina-autogaz-gpl-140-cai-nissens-707309\/","name":"Schimbator caldura incalzire habitaclu OPEL MOKKA \/ MOKKA X (J13) 1.4 LPG (_76) Benzina\/Autogaz (GPL) 140 cai NISSENS 707309 OPEL | NISSENS - Autorival","isPartOf":{"@id":"https:\/\/autorival.ro\/opel\/#website"},"primaryImageOfPage":{"@id":"https:\/\/autorival.ro\/opel\/product\/schimbator-caldura-incalzire-habitaclu-opel-mokka-mokka-x-j13-1-4-lpg-_76-benzina-autogaz-gpl-140-cai-nissens-707309\/#primaryimage"},"image":{"@id":"https:\/\/autorival.ro\/opel\/product\/schimbator-caldura-incalzire-habitaclu-opel-mokka-mokka-x-j13-1-4-lpg-_76-benzina-autogaz-gpl-140-cai-nissens-707309\/#primaryimage"},"thumbnailUrl":"https:\/\/autorival.ro\/opel\/wp-content\/uploads\/sites\/21\/2025\/06\/nissens_707309-3.jpg","datePublished":"2025-06-27T21:14:13+00:00","description":"\u26a1 Schimbator caldura incalzire habitaclu OPEL MOKKA \/ MOKKA X (J13) 1.4 LPG (_76) Benzina\/Autogaz (GPL) 140 cai NISSENS 707309 pentru OPEL la doar 296.81 RON. \u2713 Cod: 707309 \u2713 Brand: NISSENS \u2713 \u00cen stoc \u2713 Livrare 24h \u2713 Garan\u021bie!","breadcrumb":{"@id":"https:\/\/autorival.ro\/opel\/product\/schimbator-caldura-incalzire-habitaclu-opel-mokka-mokka-x-j13-1-4-lpg-_76-benzina-autogaz-gpl-140-cai-nissens-707309\/#breadcrumb"},"inLanguage":"en-US","potentialAction":[{"@type":"ReadAction","target":["https:\/\/autorival.ro\/opel\/product\/schimbator-caldura-incalzire-habitaclu-opel-mokka-mokka-x-j13-1-4-lpg-_76-benzina-autogaz-gpl-140-cai-nissens-707309\/"]}]},{"@type":"ImageObject","inLanguage":"en-US","@id":"https:\/\/autorival.ro\/opel\/product\/schimbator-caldura-incalzire-habitaclu-opel-mokka-mokka-x-j13-1-4-lpg-_76-benzina-autogaz-gpl-140-cai-nissens-707309\/#primaryimage","url":"https:\/\/autorival.ro\/opel\/wp-content\/uploads\/sites\/21\/2025\/06\/nissens_707309-3.jpg","contentUrl":"https:\/\/autorival.ro\/opel\/wp-content\/uploads\/sites\/21\/2025\/06\/nissens_707309-3.jpg","width":575,"height":400,"caption":"Schimbator caldura incalzire habitaclu OPEL MOKKA \/ MOKKA X (J13) 1.4 LPG (_76) Benzina\/Autogaz (GPL) 140 cai NISSENS 707309"},{"@type":"BreadcrumbList","@id":"https:\/\/autorival.ro\/opel\/product\/schimbator-caldura-incalzire-habitaclu-opel-mokka-mokka-x-j13-1-4-lpg-_76-benzina-autogaz-gpl-140-cai-nissens-707309\/#breadcrumb","itemListElement":[{"@type":"ListItem","position":1,"name":"Prima pagin\u0103","item":"https:\/\/autorival.ro\/opel\/"},{"@type":"ListItem","position":2,"name":"Piese auto OPEL","item":"https:\/\/autorival.ro\/opel\/"},{"@type":"ListItem","position":3,"name":"Schimbator caldura incalzire habitaclu OPEL MOKKA \/ MOKKA X (J13) 1.4 LPG (_76) Benzina\/Autogaz (GPL) 140 cai NISSENS 707309"}]},{"@type":"WebSite","@id":"https:\/\/autorival.ro\/opel\/#website","url":"https:\/\/autorival.ro\/opel\/","name":"OPEL","description":"","potentialAction":[{"@type":"SearchAction","target":{"@type":"EntryPoint","urlTemplate":"https:\/\/autorival.ro\/opel\/?s={search_term_string}"},"query-input":{"@type":"PropertyValueSpecification","valueRequired":true,"valueName":"search_term_string"}}],"inLanguage":"en-US"}]}},"_links":{"self":[{"href":"https:\/\/autorival.ro\/opel\/wp-json\/wp\/v2\/product\/798612","targetHints":{"allow":["GET"]}}],"collection":[{"href":"https:\/\/autorival.ro\/opel\/wp-json\/wp\/v2\/product"}],"about":[{"href":"https:\/\/autorival.ro\/opel\/wp-json\/wp\/v2\/types\/product"}],"replies":[{"embeddable":true,"href":"https:\/\/autorival.ro\/opel\/wp-json\/wp\/v2\/comments?post=798612"}],"wp:featuredmedia":[{"embeddable":true,"href":"https:\/\/autorival.ro\/opel\/wp-json\/wp\/v2\/media\/798613"}],"wp:attachment":[{"href":"https:\/\/autorival.ro\/opel\/wp-json\/wp\/v2\/media?parent=798612"}],"wp:term":[{"taxonomy":"product_brand","embeddable":true,"href":"https:\/\/autorival.ro\/opel\/wp-json\/wp\/v2\/product_brand?post=798612"},{"taxonomy":"product_cat","embeddable":true,"href":"https:\/\/autorival.ro\/opel\/wp-json\/wp\/v2\/product_cat?post=798612"},{"taxonomy":"product_tag","embeddable":true,"href":"https:\/\/autorival.ro\/opel\/wp-json\/wp\/v2\/product_tag?post=798612"}],"curies":[{"name":"wp","href":"https:\/\/api.w.org\/{rel}","templated":true}]}}