{"id":762715,"date":"2025-06-26T21:40:50","date_gmt":"2025-06-26T21:40:50","guid":{"rendered":"https:\/\/autorival.ro\/opel\/product\/radiator-racire-motor-opel-combo-tour-1-4-benzina-90-cai-valeo-732825\/"},"modified":"2025-06-26T21:40:50","modified_gmt":"2025-06-26T21:40:50","slug":"radiator-racire-motor-opel-combo-tour-1-4-benzina-90-cai-valeo-732825","status":"publish","type":"product","link":"https:\/\/autorival.ro\/opel\/product\/radiator-racire-motor-opel-combo-tour-1-4-benzina-90-cai-valeo-732825\/","title":{"rendered":"Radiator racire motor OPEL COMBO Tour 1.4 benzina 90 cai VALEO 732825"},"content":{"rendered":"<p>An fabricatie pana la: 201110Tip cutie viteza: cv. manuala, 5 vitezeL\u0103\u021bimea plasei [mm]: 378 ->Lungime plas\u0103 [mm]: 540Ad\u00e2ncimea plasei [mm]: 23Material: aluminiu ->Diametru admisie [mm]: 34 ->Diametru evacuare [mm]: 34\u00cencalzire\/Racire: pentru vehicule fara radiator racire uleiArticol completare\/Info suplimentar 2: fara termostatVarianta radiator: Element radiator cu prindere mecanica ->Greutate [kg]: 3,68<\/p>\n","protected":false},"excerpt":{"rendered":"<p>Producator: VALEO Cod producator: 732825<\/p>\n","protected":false},"featured_media":762716,"comment_status":"open","ping_status":"closed","template":"","meta":[],"product_brand":[307],"product_cat":[26623],"product_tag":[43325,43336,43324,43990,43778,43401],"class_list":{"0":"post-762715","1":"product","2":"type-product","3":"status-publish","4":"has-post-thumbnail","6":"product_brand-valeo","7":"product_cat-radiator-racire-motor-tour-1-4-benzina-90","8":"product_tag-combo","9":"product_tag-motor","10":"product_tag-opel","11":"product_tag-racire","12":"product_tag-radiator","13":"product_tag-valeo","15":"first","16":"instock","17":"shipping-taxable","18":"purchasable","19":"product-type-simple"},"yoast_head":"<!-- This site is optimized with the Yoast SEO plugin v27.3 - https:\/\/yoast.com\/product\/yoast-seo-wordpress\/ -->\n<title>Radiator racire motor OPEL COMBO Tour 1.4 benzina 90 cai VALEO 732825 OPEL | VALEO - Autorival<\/title>\n<meta name=\"description\" content=\"\u26a1 Radiator racire motor OPEL COMBO Tour 1.4 benzina 90 cai VALEO 732825 pentru OPEL la doar 332.85 RON. \u2713 Cod: 732825 \u2713 Brand: VALEO \u2713 \u00cen stoc \u2713 Livrare 24h \u2713 Garan\u021bie!\" \/>\n<meta name=\"robots\" content=\"index, follow, max-snippet:-1, max-image-preview:large, max-video-preview:-1\" \/>\n<meta property=\"og:locale\" content=\"en_US\" \/>\n<meta property=\"og:type\" content=\"article\" \/>\n<meta property=\"og:title\" content=\"Radiator racire motor OPEL COMBO Tour 1.4 benzina 90 cai VALEO 732825 OPEL | VALEO - Autorival\" \/>\n<meta property=\"og:description\" content=\"\u26a1 Radiator racire motor OPEL COMBO Tour 1.4 benzina 90 cai VALEO 732825 pentru OPEL la doar 332.85 RON. \u2713 Cod: 732825 \u2713 Brand: VALEO \u2713 \u00cen stoc \u2713 Livrare 24h \u2713 Garan\u021bie!\" \/>\n<meta property=\"og:url\" content=\"https:\/\/autorival.ro\/opel\/product\/radiator-racire-motor-opel-combo-tour-1-4-benzina-90-cai-valeo-732825\/\" \/>\n<meta property=\"og:site_name\" content=\"OPEL\" \/>\n<meta property=\"og:image\" content=\"https:\/\/autorival.ro\/opel\/wp-content\/uploads\/sites\/21\/2025\/06\/732825-1.jpg\" \/>\n\t<meta property=\"og:image:width\" content=\"516\" \/>\n\t<meta property=\"og:image:height\" content=\"400\" \/>\n\t<meta property=\"og:image:type\" content=\"image\/jpeg\" \/>\n<meta name=\"twitter:card\" content=\"summary_large_image\" \/>\n<meta name=\"twitter:title\" content=\"Radiator racire motor OPEL COMBO Tour 1.4 benzina 90 cai VALEO 732825 OPEL | VALEO - Autorival\" \/>\n<meta name=\"twitter:description\" content=\"\u26a1 Radiator racire motor OPEL COMBO Tour 1.4 benzina 90 cai VALEO 732825 pentru OPEL la doar 332.85 RON. \u2713 Cod: 732825 \u2713 Brand: VALEO \u2713 \u00cen stoc \u2713 Livrare 24h \u2713 Garan\u021bie!\" \/>\n<script type=\"application\/ld+json\" class=\"yoast-schema-graph\">{\"@context\":\"https:\\\/\\\/schema.org\",\"@graph\":[{\"@type\":\"WebPage\",\"@id\":\"https:\\\/\\\/autorival.ro\\\/opel\\\/product\\\/radiator-racire-motor-opel-combo-tour-1-4-benzina-90-cai-valeo-732825\\\/\",\"url\":\"https:\\\/\\\/autorival.ro\\\/opel\\\/product\\\/radiator-racire-motor-opel-combo-tour-1-4-benzina-90-cai-valeo-732825\\\/\",\"name\":\"Radiator racire motor OPEL COMBO Tour 1.4 benzina 90 cai VALEO 732825 OPEL | VALEO - Autorival\",\"isPartOf\":{\"@id\":\"https:\\\/\\\/autorival.ro\\\/opel\\\/#website\"},\"primaryImageOfPage\":{\"@id\":\"https:\\\/\\\/autorival.ro\\\/opel\\\/product\\\/radiator-racire-motor-opel-combo-tour-1-4-benzina-90-cai-valeo-732825\\\/#primaryimage\"},\"image\":{\"@id\":\"https:\\\/\\\/autorival.ro\\\/opel\\\/product\\\/radiator-racire-motor-opel-combo-tour-1-4-benzina-90-cai-valeo-732825\\\/#primaryimage\"},\"thumbnailUrl\":\"https:\\\/\\\/autorival.ro\\\/opel\\\/wp-content\\\/uploads\\\/sites\\\/21\\\/2025\\\/06\\\/732825-1.jpg\",\"datePublished\":\"2025-06-26T21:40:50+00:00\",\"description\":\"\u26a1 Radiator racire motor OPEL COMBO Tour 1.4 benzina 90 cai VALEO 732825 pentru OPEL la doar 332.85 RON. \u2713 Cod: 732825 \u2713 Brand: VALEO \u2713 \u00cen stoc \u2713 Livrare 24h \u2713 Garan\u021bie!\",\"breadcrumb\":{\"@id\":\"https:\\\/\\\/autorival.ro\\\/opel\\\/product\\\/radiator-racire-motor-opel-combo-tour-1-4-benzina-90-cai-valeo-732825\\\/#breadcrumb\"},\"inLanguage\":\"en-US\",\"potentialAction\":[{\"@type\":\"ReadAction\",\"target\":[\"https:\\\/\\\/autorival.ro\\\/opel\\\/product\\\/radiator-racire-motor-opel-combo-tour-1-4-benzina-90-cai-valeo-732825\\\/\"]}]},{\"@type\":\"ImageObject\",\"inLanguage\":\"en-US\",\"@id\":\"https:\\\/\\\/autorival.ro\\\/opel\\\/product\\\/radiator-racire-motor-opel-combo-tour-1-4-benzina-90-cai-valeo-732825\\\/#primaryimage\",\"url\":\"https:\\\/\\\/autorival.ro\\\/opel\\\/wp-content\\\/uploads\\\/sites\\\/21\\\/2025\\\/06\\\/732825-1.jpg\",\"contentUrl\":\"https:\\\/\\\/autorival.ro\\\/opel\\\/wp-content\\\/uploads\\\/sites\\\/21\\\/2025\\\/06\\\/732825-1.jpg\",\"width\":516,\"height\":400,\"caption\":\"Radiator racire motor OPEL COMBO Tour 1.4 benzina 90 cai VALEO 732825\"},{\"@type\":\"BreadcrumbList\",\"@id\":\"https:\\\/\\\/autorival.ro\\\/opel\\\/product\\\/radiator-racire-motor-opel-combo-tour-1-4-benzina-90-cai-valeo-732825\\\/#breadcrumb\",\"itemListElement\":[{\"@type\":\"ListItem\",\"position\":1,\"name\":\"Prima pagin\u0103\",\"item\":\"https:\\\/\\\/autorival.ro\\\/opel\\\/\"},{\"@type\":\"ListItem\",\"position\":2,\"name\":\"Piese auto OPEL\",\"item\":\"https:\\\/\\\/autorival.ro\\\/opel\\\/\"},{\"@type\":\"ListItem\",\"position\":3,\"name\":\"Radiator racire motor OPEL COMBO Tour 1.4 benzina 90 cai VALEO 732825\"}]},{\"@type\":\"WebSite\",\"@id\":\"https:\\\/\\\/autorival.ro\\\/opel\\\/#website\",\"url\":\"https:\\\/\\\/autorival.ro\\\/opel\\\/\",\"name\":\"OPEL\",\"description\":\"\",\"potentialAction\":[{\"@type\":\"SearchAction\",\"target\":{\"@type\":\"EntryPoint\",\"urlTemplate\":\"https:\\\/\\\/autorival.ro\\\/opel\\\/?s={search_term_string}\"},\"query-input\":{\"@type\":\"PropertyValueSpecification\",\"valueRequired\":true,\"valueName\":\"search_term_string\"}}],\"inLanguage\":\"en-US\"}]}<\/script>\n<!-- \/ Yoast SEO plugin. -->","yoast_head_json":{"title":"Radiator racire motor OPEL COMBO Tour 1.4 benzina 90 cai VALEO 732825 OPEL | VALEO - Autorival","description":"\u26a1 Radiator racire motor OPEL COMBO Tour 1.4 benzina 90 cai VALEO 732825 pentru OPEL la doar 332.85 RON. \u2713 Cod: 732825 \u2713 Brand: VALEO \u2713 \u00cen stoc \u2713 Livrare 24h \u2713 Garan\u021bie!","robots":{"index":"index","follow":"follow","max-snippet":"max-snippet:-1","max-image-preview":"max-image-preview:large","max-video-preview":"max-video-preview:-1"},"og_locale":"en_US","og_type":"article","og_title":"Radiator racire motor OPEL COMBO Tour 1.4 benzina 90 cai VALEO 732825 OPEL | VALEO - Autorival","og_description":"\u26a1 Radiator racire motor OPEL COMBO Tour 1.4 benzina 90 cai VALEO 732825 pentru OPEL la doar 332.85 RON. \u2713 Cod: 732825 \u2713 Brand: VALEO \u2713 \u00cen stoc \u2713 Livrare 24h \u2713 Garan\u021bie!","og_url":"https:\/\/autorival.ro\/opel\/product\/radiator-racire-motor-opel-combo-tour-1-4-benzina-90-cai-valeo-732825\/","og_site_name":"OPEL","og_image":[{"width":516,"height":400,"url":"https:\/\/autorival.ro\/opel\/wp-content\/uploads\/sites\/21\/2025\/06\/732825-1.jpg","type":"image\/jpeg"}],"twitter_card":"summary_large_image","twitter_title":"Radiator racire motor OPEL COMBO Tour 1.4 benzina 90 cai VALEO 732825 OPEL | VALEO - Autorival","twitter_description":"\u26a1 Radiator racire motor OPEL COMBO Tour 1.4 benzina 90 cai VALEO 732825 pentru OPEL la doar 332.85 RON. \u2713 Cod: 732825 \u2713 Brand: VALEO \u2713 \u00cen stoc \u2713 Livrare 24h \u2713 Garan\u021bie!","schema":{"@context":"https:\/\/schema.org","@graph":[{"@type":"WebPage","@id":"https:\/\/autorival.ro\/opel\/product\/radiator-racire-motor-opel-combo-tour-1-4-benzina-90-cai-valeo-732825\/","url":"https:\/\/autorival.ro\/opel\/product\/radiator-racire-motor-opel-combo-tour-1-4-benzina-90-cai-valeo-732825\/","name":"Radiator racire motor OPEL COMBO Tour 1.4 benzina 90 cai VALEO 732825 OPEL | VALEO - Autorival","isPartOf":{"@id":"https:\/\/autorival.ro\/opel\/#website"},"primaryImageOfPage":{"@id":"https:\/\/autorival.ro\/opel\/product\/radiator-racire-motor-opel-combo-tour-1-4-benzina-90-cai-valeo-732825\/#primaryimage"},"image":{"@id":"https:\/\/autorival.ro\/opel\/product\/radiator-racire-motor-opel-combo-tour-1-4-benzina-90-cai-valeo-732825\/#primaryimage"},"thumbnailUrl":"https:\/\/autorival.ro\/opel\/wp-content\/uploads\/sites\/21\/2025\/06\/732825-1.jpg","datePublished":"2025-06-26T21:40:50+00:00","description":"\u26a1 Radiator racire motor OPEL COMBO Tour 1.4 benzina 90 cai VALEO 732825 pentru OPEL la doar 332.85 RON. \u2713 Cod: 732825 \u2713 Brand: VALEO \u2713 \u00cen stoc \u2713 Livrare 24h \u2713 Garan\u021bie!","breadcrumb":{"@id":"https:\/\/autorival.ro\/opel\/product\/radiator-racire-motor-opel-combo-tour-1-4-benzina-90-cai-valeo-732825\/#breadcrumb"},"inLanguage":"en-US","potentialAction":[{"@type":"ReadAction","target":["https:\/\/autorival.ro\/opel\/product\/radiator-racire-motor-opel-combo-tour-1-4-benzina-90-cai-valeo-732825\/"]}]},{"@type":"ImageObject","inLanguage":"en-US","@id":"https:\/\/autorival.ro\/opel\/product\/radiator-racire-motor-opel-combo-tour-1-4-benzina-90-cai-valeo-732825\/#primaryimage","url":"https:\/\/autorival.ro\/opel\/wp-content\/uploads\/sites\/21\/2025\/06\/732825-1.jpg","contentUrl":"https:\/\/autorival.ro\/opel\/wp-content\/uploads\/sites\/21\/2025\/06\/732825-1.jpg","width":516,"height":400,"caption":"Radiator racire motor OPEL COMBO Tour 1.4 benzina 90 cai VALEO 732825"},{"@type":"BreadcrumbList","@id":"https:\/\/autorival.ro\/opel\/product\/radiator-racire-motor-opel-combo-tour-1-4-benzina-90-cai-valeo-732825\/#breadcrumb","itemListElement":[{"@type":"ListItem","position":1,"name":"Prima pagin\u0103","item":"https:\/\/autorival.ro\/opel\/"},{"@type":"ListItem","position":2,"name":"Piese auto OPEL","item":"https:\/\/autorival.ro\/opel\/"},{"@type":"ListItem","position":3,"name":"Radiator racire motor OPEL COMBO Tour 1.4 benzina 90 cai VALEO 732825"}]},{"@type":"WebSite","@id":"https:\/\/autorival.ro\/opel\/#website","url":"https:\/\/autorival.ro\/opel\/","name":"OPEL","description":"","potentialAction":[{"@type":"SearchAction","target":{"@type":"EntryPoint","urlTemplate":"https:\/\/autorival.ro\/opel\/?s={search_term_string}"},"query-input":{"@type":"PropertyValueSpecification","valueRequired":true,"valueName":"search_term_string"}}],"inLanguage":"en-US"}]}},"_links":{"self":[{"href":"https:\/\/autorival.ro\/opel\/wp-json\/wp\/v2\/product\/762715","targetHints":{"allow":["GET"]}}],"collection":[{"href":"https:\/\/autorival.ro\/opel\/wp-json\/wp\/v2\/product"}],"about":[{"href":"https:\/\/autorival.ro\/opel\/wp-json\/wp\/v2\/types\/product"}],"replies":[{"embeddable":true,"href":"https:\/\/autorival.ro\/opel\/wp-json\/wp\/v2\/comments?post=762715"}],"wp:featuredmedia":[{"embeddable":true,"href":"https:\/\/autorival.ro\/opel\/wp-json\/wp\/v2\/media\/762716"}],"wp:attachment":[{"href":"https:\/\/autorival.ro\/opel\/wp-json\/wp\/v2\/media?parent=762715"}],"wp:term":[{"taxonomy":"product_brand","embeddable":true,"href":"https:\/\/autorival.ro\/opel\/wp-json\/wp\/v2\/product_brand?post=762715"},{"taxonomy":"product_cat","embeddable":true,"href":"https:\/\/autorival.ro\/opel\/wp-json\/wp\/v2\/product_cat?post=762715"},{"taxonomy":"product_tag","embeddable":true,"href":"https:\/\/autorival.ro\/opel\/wp-json\/wp\/v2\/product_tag?post=762715"}],"curies":[{"name":"wp","href":"https:\/\/api.w.org\/{rel}","templated":true}]}}