{"id":752783,"date":"2025-06-26T15:18:00","date_gmt":"2025-06-26T15:18:00","guid":{"rendered":"https:\/\/autorival.ro\/opel\/product\/pompa-hidraulica-sistem-de-directie-opel-combo-tour-x12-1-3-cdti-c26-d26-e26-c05-diesel-90-cai-meyle-214-631-0008\/"},"modified":"2025-06-26T15:18:00","modified_gmt":"2025-06-26T15:18:00","slug":"pompa-hidraulica-sistem-de-directie-opel-combo-tour-x12-1-3-cdti-c26-d26-e26-c05-diesel-90-cai-meyle-214-631-0008","status":"publish","type":"product","link":"https:\/\/autorival.ro\/opel\/product\/pompa-hidraulica-sistem-de-directie-opel-combo-tour-x12-1-3-cdti-c26-d26-e26-c05-diesel-90-cai-meyle-214-631-0008\/","title":{"rendered":"Pompa hidraulica sistem de directie OPEL COMBO Tour (X12) 1.3 CDTI (C26, D26, E26, C05) diesel 90 cai MEYLE 214 631 0008"},"content":{"rendered":"<p>Mod de operare: hidraulicPresiune de actionare [bar]: 80Pies\u0103 nou\u0103 f\u0103r\u0103 gajNumar bucati necesare: 1<\/p>\n","protected":false},"excerpt":{"rendered":"<p>Producator: MEYLE Cod producator: 214 631 0008<\/p>\n","protected":false},"featured_media":752784,"comment_status":"open","ping_status":"closed","template":"","meta":[],"product_brand":[387],"product_cat":[26016],"product_tag":[43326,43325,43535,43985,43460,43324,44279,43376],"class_list":{"0":"post-752783","1":"product","2":"type-product","3":"status-publish","4":"has-post-thumbnail","6":"product_brand-meyle","7":"product_cat-pompa-hidraulica-sistem-de-directie-tour-x12-1-3-cdti-c26-d26-e26-c05-diesel-90","8":"product_tag-cdti","9":"product_tag-combo","10":"product_tag-directie","11":"product_tag-hidraulica","12":"product_tag-meyle","13":"product_tag-opel","14":"product_tag-pompa","15":"product_tag-sistem","17":"first","18":"instock","19":"shipping-taxable","20":"purchasable","21":"product-type-simple"},"yoast_head":"<!-- This site is optimized with the Yoast SEO plugin v27.3 - https:\/\/yoast.com\/product\/yoast-seo-wordpress\/ -->\n<title>Pompa hidraulica sistem de directie OPEL COMBO Tour (X12) 1.3 CDTI (C26, D26, E26, C05) diesel 90 cai MEYLE 214 631 0008 OPEL | MEYLE - Autorival<\/title>\n<meta name=\"description\" content=\"\u26a1 Pompa hidraulica sistem de directie OPEL COMBO Tour (X12) 1.3 CDTI (C26, D26, E26, C05) diesel 90 cai MEYLE 214 631 0008 pentru OPEL la doar 530.25 RON. \u2713 Cod: 214 \u2713 Brand: MEYLE \u2713 \u00cen stoc \u2713 Livrare 24h \u2713 Garan\u021bie!\" \/>\n<meta name=\"robots\" content=\"index, follow, max-snippet:-1, max-image-preview:large, max-video-preview:-1\" \/>\n<meta property=\"og:locale\" content=\"en_US\" \/>\n<meta property=\"og:type\" content=\"article\" \/>\n<meta property=\"og:title\" content=\"Pompa hidraulica sistem de directie OPEL COMBO Tour (X12) 1.3 CDTI (C26, D26, E26, C05) diesel 90 cai MEYLE 214 631 0008 OPEL | MEYLE - Autorival\" \/>\n<meta property=\"og:description\" content=\"\u26a1 Pompa hidraulica sistem de directie OPEL COMBO Tour (X12) 1.3 CDTI (C26, D26, E26, C05) diesel 90 cai MEYLE 214 631 0008 pentru OPEL la doar 530.25 RON. \u2713 Cod: 214 \u2713 Brand: MEYLE \u2713 \u00cen stoc \u2713 Livrare 24h \u2713 Garan\u021bie!\" \/>\n<meta property=\"og:url\" content=\"https:\/\/autorival.ro\/opel\/product\/pompa-hidraulica-sistem-de-directie-opel-combo-tour-x12-1-3-cdti-c26-d26-e26-c05-diesel-90-cai-meyle-214-631-0008\/\" \/>\n<meta property=\"og:site_name\" content=\"OPEL\" \/>\n<meta property=\"og:image\" content=\"https:\/\/autorival.ro\/opel\/wp-content\/uploads\/sites\/21\/2025\/06\/fs_2146310008_1-6.jpg\" \/>\n\t<meta property=\"og:image:width\" content=\"600\" \/>\n\t<meta property=\"og:image:height\" content=\"400\" \/>\n\t<meta property=\"og:image:type\" content=\"image\/jpeg\" \/>\n<meta name=\"twitter:card\" content=\"summary_large_image\" \/>\n<meta name=\"twitter:title\" content=\"Pompa hidraulica sistem de directie OPEL COMBO Tour (X12) 1.3 CDTI (C26, D26, E26, C05) diesel 90 cai MEYLE 214 631 0008 OPEL | MEYLE - Autorival\" \/>\n<meta name=\"twitter:description\" content=\"\u26a1 Pompa hidraulica sistem de directie OPEL COMBO Tour (X12) 1.3 CDTI (C26, D26, E26, C05) diesel 90 cai MEYLE 214 631 0008 pentru OPEL la doar 530.25 RON. \u2713 Cod: 214 \u2713 Brand: MEYLE \u2713 \u00cen stoc \u2713 Livrare 24h \u2713 Garan\u021bie!\" \/>\n<script type=\"application\/ld+json\" class=\"yoast-schema-graph\">{\"@context\":\"https:\\\/\\\/schema.org\",\"@graph\":[{\"@type\":\"WebPage\",\"@id\":\"https:\\\/\\\/autorival.ro\\\/opel\\\/product\\\/pompa-hidraulica-sistem-de-directie-opel-combo-tour-x12-1-3-cdti-c26-d26-e26-c05-diesel-90-cai-meyle-214-631-0008\\\/\",\"url\":\"https:\\\/\\\/autorival.ro\\\/opel\\\/product\\\/pompa-hidraulica-sistem-de-directie-opel-combo-tour-x12-1-3-cdti-c26-d26-e26-c05-diesel-90-cai-meyle-214-631-0008\\\/\",\"name\":\"Pompa hidraulica sistem de directie OPEL COMBO Tour (X12) 1.3 CDTI (C26, D26, E26, C05) diesel 90 cai MEYLE 214 631 0008 OPEL | MEYLE - Autorival\",\"isPartOf\":{\"@id\":\"https:\\\/\\\/autorival.ro\\\/opel\\\/#website\"},\"primaryImageOfPage\":{\"@id\":\"https:\\\/\\\/autorival.ro\\\/opel\\\/product\\\/pompa-hidraulica-sistem-de-directie-opel-combo-tour-x12-1-3-cdti-c26-d26-e26-c05-diesel-90-cai-meyle-214-631-0008\\\/#primaryimage\"},\"image\":{\"@id\":\"https:\\\/\\\/autorival.ro\\\/opel\\\/product\\\/pompa-hidraulica-sistem-de-directie-opel-combo-tour-x12-1-3-cdti-c26-d26-e26-c05-diesel-90-cai-meyle-214-631-0008\\\/#primaryimage\"},\"thumbnailUrl\":\"https:\\\/\\\/autorival.ro\\\/opel\\\/wp-content\\\/uploads\\\/sites\\\/21\\\/2025\\\/06\\\/fs_2146310008_1-6.jpg\",\"datePublished\":\"2025-06-26T15:18:00+00:00\",\"description\":\"\u26a1 Pompa hidraulica sistem de directie OPEL COMBO Tour (X12) 1.3 CDTI (C26, D26, E26, C05) diesel 90 cai MEYLE 214 631 0008 pentru OPEL la doar 530.25 RON. \u2713 Cod: 214 \u2713 Brand: MEYLE \u2713 \u00cen stoc \u2713 Livrare 24h \u2713 Garan\u021bie!\",\"breadcrumb\":{\"@id\":\"https:\\\/\\\/autorival.ro\\\/opel\\\/product\\\/pompa-hidraulica-sistem-de-directie-opel-combo-tour-x12-1-3-cdti-c26-d26-e26-c05-diesel-90-cai-meyle-214-631-0008\\\/#breadcrumb\"},\"inLanguage\":\"en-US\",\"potentialAction\":[{\"@type\":\"ReadAction\",\"target\":[\"https:\\\/\\\/autorival.ro\\\/opel\\\/product\\\/pompa-hidraulica-sistem-de-directie-opel-combo-tour-x12-1-3-cdti-c26-d26-e26-c05-diesel-90-cai-meyle-214-631-0008\\\/\"]}]},{\"@type\":\"ImageObject\",\"inLanguage\":\"en-US\",\"@id\":\"https:\\\/\\\/autorival.ro\\\/opel\\\/product\\\/pompa-hidraulica-sistem-de-directie-opel-combo-tour-x12-1-3-cdti-c26-d26-e26-c05-diesel-90-cai-meyle-214-631-0008\\\/#primaryimage\",\"url\":\"https:\\\/\\\/autorival.ro\\\/opel\\\/wp-content\\\/uploads\\\/sites\\\/21\\\/2025\\\/06\\\/fs_2146310008_1-6.jpg\",\"contentUrl\":\"https:\\\/\\\/autorival.ro\\\/opel\\\/wp-content\\\/uploads\\\/sites\\\/21\\\/2025\\\/06\\\/fs_2146310008_1-6.jpg\",\"width\":600,\"height\":400,\"caption\":\"Pompa hidraulica sistem de directie OPEL COMBO Tour (X12) 1.3 CDTI (C26, D26, E26, C05) diesel 90 cai MEYLE 214 631 0008\"},{\"@type\":\"BreadcrumbList\",\"@id\":\"https:\\\/\\\/autorival.ro\\\/opel\\\/product\\\/pompa-hidraulica-sistem-de-directie-opel-combo-tour-x12-1-3-cdti-c26-d26-e26-c05-diesel-90-cai-meyle-214-631-0008\\\/#breadcrumb\",\"itemListElement\":[{\"@type\":\"ListItem\",\"position\":1,\"name\":\"Prima pagin\u0103\",\"item\":\"https:\\\/\\\/autorival.ro\\\/opel\\\/\"},{\"@type\":\"ListItem\",\"position\":2,\"name\":\"Piese auto OPEL\",\"item\":\"https:\\\/\\\/autorival.ro\\\/opel\\\/\"},{\"@type\":\"ListItem\",\"position\":3,\"name\":\"Pompa hidraulica sistem de directie OPEL COMBO Tour (X12) 1.3 CDTI (C26, D26, E26, C05) diesel 90 cai MEYLE 214 631 0008\"}]},{\"@type\":\"WebSite\",\"@id\":\"https:\\\/\\\/autorival.ro\\\/opel\\\/#website\",\"url\":\"https:\\\/\\\/autorival.ro\\\/opel\\\/\",\"name\":\"OPEL\",\"description\":\"\",\"potentialAction\":[{\"@type\":\"SearchAction\",\"target\":{\"@type\":\"EntryPoint\",\"urlTemplate\":\"https:\\\/\\\/autorival.ro\\\/opel\\\/?s={search_term_string}\"},\"query-input\":{\"@type\":\"PropertyValueSpecification\",\"valueRequired\":true,\"valueName\":\"search_term_string\"}}],\"inLanguage\":\"en-US\"}]}<\/script>\n<!-- \/ Yoast SEO plugin. -->","yoast_head_json":{"title":"Pompa hidraulica sistem de directie OPEL COMBO Tour (X12) 1.3 CDTI (C26, D26, E26, C05) diesel 90 cai MEYLE 214 631 0008 OPEL | MEYLE - Autorival","description":"\u26a1 Pompa hidraulica sistem de directie OPEL COMBO Tour (X12) 1.3 CDTI (C26, D26, E26, C05) diesel 90 cai MEYLE 214 631 0008 pentru OPEL la doar 530.25 RON. \u2713 Cod: 214 \u2713 Brand: MEYLE \u2713 \u00cen stoc \u2713 Livrare 24h \u2713 Garan\u021bie!","robots":{"index":"index","follow":"follow","max-snippet":"max-snippet:-1","max-image-preview":"max-image-preview:large","max-video-preview":"max-video-preview:-1"},"og_locale":"en_US","og_type":"article","og_title":"Pompa hidraulica sistem de directie OPEL COMBO Tour (X12) 1.3 CDTI (C26, D26, E26, C05) diesel 90 cai MEYLE 214 631 0008 OPEL | MEYLE - Autorival","og_description":"\u26a1 Pompa hidraulica sistem de directie OPEL COMBO Tour (X12) 1.3 CDTI (C26, D26, E26, C05) diesel 90 cai MEYLE 214 631 0008 pentru OPEL la doar 530.25 RON. \u2713 Cod: 214 \u2713 Brand: MEYLE \u2713 \u00cen stoc \u2713 Livrare 24h \u2713 Garan\u021bie!","og_url":"https:\/\/autorival.ro\/opel\/product\/pompa-hidraulica-sistem-de-directie-opel-combo-tour-x12-1-3-cdti-c26-d26-e26-c05-diesel-90-cai-meyle-214-631-0008\/","og_site_name":"OPEL","og_image":[{"width":600,"height":400,"url":"https:\/\/autorival.ro\/opel\/wp-content\/uploads\/sites\/21\/2025\/06\/fs_2146310008_1-6.jpg","type":"image\/jpeg"}],"twitter_card":"summary_large_image","twitter_title":"Pompa hidraulica sistem de directie OPEL COMBO Tour (X12) 1.3 CDTI (C26, D26, E26, C05) diesel 90 cai MEYLE 214 631 0008 OPEL | MEYLE - Autorival","twitter_description":"\u26a1 Pompa hidraulica sistem de directie OPEL COMBO Tour (X12) 1.3 CDTI (C26, D26, E26, C05) diesel 90 cai MEYLE 214 631 0008 pentru OPEL la doar 530.25 RON. \u2713 Cod: 214 \u2713 Brand: MEYLE \u2713 \u00cen stoc \u2713 Livrare 24h \u2713 Garan\u021bie!","schema":{"@context":"https:\/\/schema.org","@graph":[{"@type":"WebPage","@id":"https:\/\/autorival.ro\/opel\/product\/pompa-hidraulica-sistem-de-directie-opel-combo-tour-x12-1-3-cdti-c26-d26-e26-c05-diesel-90-cai-meyle-214-631-0008\/","url":"https:\/\/autorival.ro\/opel\/product\/pompa-hidraulica-sistem-de-directie-opel-combo-tour-x12-1-3-cdti-c26-d26-e26-c05-diesel-90-cai-meyle-214-631-0008\/","name":"Pompa hidraulica sistem de directie OPEL COMBO Tour (X12) 1.3 CDTI (C26, D26, E26, C05) diesel 90 cai MEYLE 214 631 0008 OPEL | MEYLE - Autorival","isPartOf":{"@id":"https:\/\/autorival.ro\/opel\/#website"},"primaryImageOfPage":{"@id":"https:\/\/autorival.ro\/opel\/product\/pompa-hidraulica-sistem-de-directie-opel-combo-tour-x12-1-3-cdti-c26-d26-e26-c05-diesel-90-cai-meyle-214-631-0008\/#primaryimage"},"image":{"@id":"https:\/\/autorival.ro\/opel\/product\/pompa-hidraulica-sistem-de-directie-opel-combo-tour-x12-1-3-cdti-c26-d26-e26-c05-diesel-90-cai-meyle-214-631-0008\/#primaryimage"},"thumbnailUrl":"https:\/\/autorival.ro\/opel\/wp-content\/uploads\/sites\/21\/2025\/06\/fs_2146310008_1-6.jpg","datePublished":"2025-06-26T15:18:00+00:00","description":"\u26a1 Pompa hidraulica sistem de directie OPEL COMBO Tour (X12) 1.3 CDTI (C26, D26, E26, C05) diesel 90 cai MEYLE 214 631 0008 pentru OPEL la doar 530.25 RON. \u2713 Cod: 214 \u2713 Brand: MEYLE \u2713 \u00cen stoc \u2713 Livrare 24h \u2713 Garan\u021bie!","breadcrumb":{"@id":"https:\/\/autorival.ro\/opel\/product\/pompa-hidraulica-sistem-de-directie-opel-combo-tour-x12-1-3-cdti-c26-d26-e26-c05-diesel-90-cai-meyle-214-631-0008\/#breadcrumb"},"inLanguage":"en-US","potentialAction":[{"@type":"ReadAction","target":["https:\/\/autorival.ro\/opel\/product\/pompa-hidraulica-sistem-de-directie-opel-combo-tour-x12-1-3-cdti-c26-d26-e26-c05-diesel-90-cai-meyle-214-631-0008\/"]}]},{"@type":"ImageObject","inLanguage":"en-US","@id":"https:\/\/autorival.ro\/opel\/product\/pompa-hidraulica-sistem-de-directie-opel-combo-tour-x12-1-3-cdti-c26-d26-e26-c05-diesel-90-cai-meyle-214-631-0008\/#primaryimage","url":"https:\/\/autorival.ro\/opel\/wp-content\/uploads\/sites\/21\/2025\/06\/fs_2146310008_1-6.jpg","contentUrl":"https:\/\/autorival.ro\/opel\/wp-content\/uploads\/sites\/21\/2025\/06\/fs_2146310008_1-6.jpg","width":600,"height":400,"caption":"Pompa hidraulica sistem de directie OPEL COMBO Tour (X12) 1.3 CDTI (C26, D26, E26, C05) diesel 90 cai MEYLE 214 631 0008"},{"@type":"BreadcrumbList","@id":"https:\/\/autorival.ro\/opel\/product\/pompa-hidraulica-sistem-de-directie-opel-combo-tour-x12-1-3-cdti-c26-d26-e26-c05-diesel-90-cai-meyle-214-631-0008\/#breadcrumb","itemListElement":[{"@type":"ListItem","position":1,"name":"Prima pagin\u0103","item":"https:\/\/autorival.ro\/opel\/"},{"@type":"ListItem","position":2,"name":"Piese auto OPEL","item":"https:\/\/autorival.ro\/opel\/"},{"@type":"ListItem","position":3,"name":"Pompa hidraulica sistem de directie OPEL COMBO Tour (X12) 1.3 CDTI (C26, D26, E26, C05) diesel 90 cai MEYLE 214 631 0008"}]},{"@type":"WebSite","@id":"https:\/\/autorival.ro\/opel\/#website","url":"https:\/\/autorival.ro\/opel\/","name":"OPEL","description":"","potentialAction":[{"@type":"SearchAction","target":{"@type":"EntryPoint","urlTemplate":"https:\/\/autorival.ro\/opel\/?s={search_term_string}"},"query-input":{"@type":"PropertyValueSpecification","valueRequired":true,"valueName":"search_term_string"}}],"inLanguage":"en-US"}]}},"_links":{"self":[{"href":"https:\/\/autorival.ro\/opel\/wp-json\/wp\/v2\/product\/752783","targetHints":{"allow":["GET"]}}],"collection":[{"href":"https:\/\/autorival.ro\/opel\/wp-json\/wp\/v2\/product"}],"about":[{"href":"https:\/\/autorival.ro\/opel\/wp-json\/wp\/v2\/types\/product"}],"replies":[{"embeddable":true,"href":"https:\/\/autorival.ro\/opel\/wp-json\/wp\/v2\/comments?post=752783"}],"wp:featuredmedia":[{"embeddable":true,"href":"https:\/\/autorival.ro\/opel\/wp-json\/wp\/v2\/media\/752784"}],"wp:attachment":[{"href":"https:\/\/autorival.ro\/opel\/wp-json\/wp\/v2\/media?parent=752783"}],"wp:term":[{"taxonomy":"product_brand","embeddable":true,"href":"https:\/\/autorival.ro\/opel\/wp-json\/wp\/v2\/product_brand?post=752783"},{"taxonomy":"product_cat","embeddable":true,"href":"https:\/\/autorival.ro\/opel\/wp-json\/wp\/v2\/product_cat?post=752783"},{"taxonomy":"product_tag","embeddable":true,"href":"https:\/\/autorival.ro\/opel\/wp-json\/wp\/v2\/product_tag?post=752783"}],"curies":[{"name":"wp","href":"https:\/\/api.w.org\/{rel}","templated":true}]}}