{"id":717597,"date":"2025-06-25T17:54:52","date_gmt":"2025-06-25T17:54:52","guid":{"rendered":"https:\/\/autorival.ro\/opel\/product\/planetara-opel-cascada-w13-1-4-67-benzina-120-cai-meyle-614-498-0095\/"},"modified":"2025-06-25T17:54:52","modified_gmt":"2025-06-25T17:54:52","slug":"planetara-opel-cascada-w13-1-4-67-benzina-120-cai-meyle-614-498-0095","status":"publish","type":"product","link":"https:\/\/autorival.ro\/opel\/product\/planetara-opel-cascada-w13-1-4-67-benzina-120-cai-meyle-614-498-0095\/","title":{"rendered":"Planetara OPEL CASCADA (W13) 1.4 (67) benzina 120 cai MEYLE 614 498 0095"},"content":{"rendered":"<p>Partea de montare: Axa fata stangaDantura exterioara parte roata: 30Dinti interior, spre roata: 26 ->Lungime [mm]: 623 ->Diametru simering [mm]: 84,5Dantura exterioara parte diferential: 25 ->Diametru exterior [mm]: 29Pies\u0103 nou\u0103 f\u0103r\u0103 gajSuprafata: tratata cu pulbere<\/p>\n","protected":false},"excerpt":{"rendered":"<p>Producator: MEYLE Cod producator: 614 498 0095<\/p>\n","protected":false},"featured_media":717598,"comment_status":"open","ping_status":"closed","template":"","meta":[],"product_brand":[387],"product_cat":[24566],"product_tag":[43392,43391,43362,43460,43324,43509],"class_list":{"0":"post-717597","1":"product","2":"type-product","3":"status-publish","4":"has-post-thumbnail","6":"product_brand-meyle","7":"product_cat-planetara-w13-1-4-67-benzina-120","8":"product_tag-w13","9":"product_tag-1-4","10":"product_tag-cascada","11":"product_tag-meyle","12":"product_tag-opel","13":"product_tag-planetara","15":"first","16":"instock","17":"shipping-taxable","18":"purchasable","19":"product-type-simple"},"yoast_head":"<!-- This site is optimized with the Yoast SEO plugin v27.3 - https:\/\/yoast.com\/product\/yoast-seo-wordpress\/ -->\n<title>Planetara OPEL CASCADA (W13) 1.4 (67) benzina 120 cai MEYLE 614 498 0095 OPEL | MEYLE - Autorival<\/title>\n<meta name=\"description\" content=\"\u26a1 Planetara OPEL CASCADA (W13) 1.4 (67) benzina 120 cai MEYLE 614 498 0095 pentru OPEL la doar 438.80 RON. \u2713 Cod: 614 \u2713 Brand: MEYLE \u2713 \u00cen stoc \u2713 Livrare 24h \u2713 Garan\u021bie!\" \/>\n<meta name=\"robots\" content=\"index, follow, max-snippet:-1, max-image-preview:large, max-video-preview:-1\" \/>\n<meta property=\"og:locale\" content=\"en_US\" \/>\n<meta property=\"og:type\" content=\"article\" \/>\n<meta property=\"og:title\" content=\"Planetara OPEL CASCADA (W13) 1.4 (67) benzina 120 cai MEYLE 614 498 0095 OPEL | MEYLE - Autorival\" \/>\n<meta property=\"og:description\" content=\"\u26a1 Planetara OPEL CASCADA (W13) 1.4 (67) benzina 120 cai MEYLE 614 498 0095 pentru OPEL la doar 438.80 RON. \u2713 Cod: 614 \u2713 Brand: MEYLE \u2713 \u00cen stoc \u2713 Livrare 24h \u2713 Garan\u021bie!\" \/>\n<meta property=\"og:url\" content=\"https:\/\/autorival.ro\/opel\/product\/planetara-opel-cascada-w13-1-4-67-benzina-120-cai-meyle-614-498-0095\/\" \/>\n<meta property=\"og:site_name\" content=\"OPEL\" \/>\n<meta property=\"og:image\" content=\"https:\/\/autorival.ro\/opel\/wp-content\/uploads\/sites\/21\/2025\/06\/fs_6144980095_1.jpg\" \/>\n\t<meta property=\"og:image:width\" content=\"600\" \/>\n\t<meta property=\"og:image:height\" content=\"400\" \/>\n\t<meta property=\"og:image:type\" content=\"image\/jpeg\" \/>\n<meta name=\"twitter:card\" content=\"summary_large_image\" \/>\n<meta name=\"twitter:title\" content=\"Planetara OPEL CASCADA (W13) 1.4 (67) benzina 120 cai MEYLE 614 498 0095 OPEL | MEYLE - Autorival\" \/>\n<meta name=\"twitter:description\" content=\"\u26a1 Planetara OPEL CASCADA (W13) 1.4 (67) benzina 120 cai MEYLE 614 498 0095 pentru OPEL la doar 438.80 RON. \u2713 Cod: 614 \u2713 Brand: MEYLE \u2713 \u00cen stoc \u2713 Livrare 24h \u2713 Garan\u021bie!\" \/>\n<script type=\"application\/ld+json\" class=\"yoast-schema-graph\">{\"@context\":\"https:\\\/\\\/schema.org\",\"@graph\":[{\"@type\":\"WebPage\",\"@id\":\"https:\\\/\\\/autorival.ro\\\/opel\\\/product\\\/planetara-opel-cascada-w13-1-4-67-benzina-120-cai-meyle-614-498-0095\\\/\",\"url\":\"https:\\\/\\\/autorival.ro\\\/opel\\\/product\\\/planetara-opel-cascada-w13-1-4-67-benzina-120-cai-meyle-614-498-0095\\\/\",\"name\":\"Planetara OPEL CASCADA (W13) 1.4 (67) benzina 120 cai MEYLE 614 498 0095 OPEL | MEYLE - Autorival\",\"isPartOf\":{\"@id\":\"https:\\\/\\\/autorival.ro\\\/opel\\\/#website\"},\"primaryImageOfPage\":{\"@id\":\"https:\\\/\\\/autorival.ro\\\/opel\\\/product\\\/planetara-opel-cascada-w13-1-4-67-benzina-120-cai-meyle-614-498-0095\\\/#primaryimage\"},\"image\":{\"@id\":\"https:\\\/\\\/autorival.ro\\\/opel\\\/product\\\/planetara-opel-cascada-w13-1-4-67-benzina-120-cai-meyle-614-498-0095\\\/#primaryimage\"},\"thumbnailUrl\":\"https:\\\/\\\/autorival.ro\\\/opel\\\/wp-content\\\/uploads\\\/sites\\\/21\\\/2025\\\/06\\\/fs_6144980095_1.jpg\",\"datePublished\":\"2025-06-25T17:54:52+00:00\",\"description\":\"\u26a1 Planetara OPEL CASCADA (W13) 1.4 (67) benzina 120 cai MEYLE 614 498 0095 pentru OPEL la doar 438.80 RON. \u2713 Cod: 614 \u2713 Brand: MEYLE \u2713 \u00cen stoc \u2713 Livrare 24h \u2713 Garan\u021bie!\",\"breadcrumb\":{\"@id\":\"https:\\\/\\\/autorival.ro\\\/opel\\\/product\\\/planetara-opel-cascada-w13-1-4-67-benzina-120-cai-meyle-614-498-0095\\\/#breadcrumb\"},\"inLanguage\":\"en-US\",\"potentialAction\":[{\"@type\":\"ReadAction\",\"target\":[\"https:\\\/\\\/autorival.ro\\\/opel\\\/product\\\/planetara-opel-cascada-w13-1-4-67-benzina-120-cai-meyle-614-498-0095\\\/\"]}]},{\"@type\":\"ImageObject\",\"inLanguage\":\"en-US\",\"@id\":\"https:\\\/\\\/autorival.ro\\\/opel\\\/product\\\/planetara-opel-cascada-w13-1-4-67-benzina-120-cai-meyle-614-498-0095\\\/#primaryimage\",\"url\":\"https:\\\/\\\/autorival.ro\\\/opel\\\/wp-content\\\/uploads\\\/sites\\\/21\\\/2025\\\/06\\\/fs_6144980095_1.jpg\",\"contentUrl\":\"https:\\\/\\\/autorival.ro\\\/opel\\\/wp-content\\\/uploads\\\/sites\\\/21\\\/2025\\\/06\\\/fs_6144980095_1.jpg\",\"width\":600,\"height\":400,\"caption\":\"Planetara OPEL CASCADA (W13) 1.4 (67) benzina 120 cai MEYLE 614 498 0095\"},{\"@type\":\"BreadcrumbList\",\"@id\":\"https:\\\/\\\/autorival.ro\\\/opel\\\/product\\\/planetara-opel-cascada-w13-1-4-67-benzina-120-cai-meyle-614-498-0095\\\/#breadcrumb\",\"itemListElement\":[{\"@type\":\"ListItem\",\"position\":1,\"name\":\"Prima pagin\u0103\",\"item\":\"https:\\\/\\\/autorival.ro\\\/opel\\\/\"},{\"@type\":\"ListItem\",\"position\":2,\"name\":\"Piese auto OPEL\",\"item\":\"https:\\\/\\\/autorival.ro\\\/opel\\\/\"},{\"@type\":\"ListItem\",\"position\":3,\"name\":\"Planetara OPEL CASCADA (W13) 1.4 (67) benzina 120 cai MEYLE 614 498 0095\"}]},{\"@type\":\"WebSite\",\"@id\":\"https:\\\/\\\/autorival.ro\\\/opel\\\/#website\",\"url\":\"https:\\\/\\\/autorival.ro\\\/opel\\\/\",\"name\":\"OPEL\",\"description\":\"\",\"potentialAction\":[{\"@type\":\"SearchAction\",\"target\":{\"@type\":\"EntryPoint\",\"urlTemplate\":\"https:\\\/\\\/autorival.ro\\\/opel\\\/?s={search_term_string}\"},\"query-input\":{\"@type\":\"PropertyValueSpecification\",\"valueRequired\":true,\"valueName\":\"search_term_string\"}}],\"inLanguage\":\"en-US\"}]}<\/script>\n<!-- \/ Yoast SEO plugin. -->","yoast_head_json":{"title":"Planetara OPEL CASCADA (W13) 1.4 (67) benzina 120 cai MEYLE 614 498 0095 OPEL | MEYLE - Autorival","description":"\u26a1 Planetara OPEL CASCADA (W13) 1.4 (67) benzina 120 cai MEYLE 614 498 0095 pentru OPEL la doar 438.80 RON. \u2713 Cod: 614 \u2713 Brand: MEYLE \u2713 \u00cen stoc \u2713 Livrare 24h \u2713 Garan\u021bie!","robots":{"index":"index","follow":"follow","max-snippet":"max-snippet:-1","max-image-preview":"max-image-preview:large","max-video-preview":"max-video-preview:-1"},"og_locale":"en_US","og_type":"article","og_title":"Planetara OPEL CASCADA (W13) 1.4 (67) benzina 120 cai MEYLE 614 498 0095 OPEL | MEYLE - Autorival","og_description":"\u26a1 Planetara OPEL CASCADA (W13) 1.4 (67) benzina 120 cai MEYLE 614 498 0095 pentru OPEL la doar 438.80 RON. \u2713 Cod: 614 \u2713 Brand: MEYLE \u2713 \u00cen stoc \u2713 Livrare 24h \u2713 Garan\u021bie!","og_url":"https:\/\/autorival.ro\/opel\/product\/planetara-opel-cascada-w13-1-4-67-benzina-120-cai-meyle-614-498-0095\/","og_site_name":"OPEL","og_image":[{"width":600,"height":400,"url":"https:\/\/autorival.ro\/opel\/wp-content\/uploads\/sites\/21\/2025\/06\/fs_6144980095_1.jpg","type":"image\/jpeg"}],"twitter_card":"summary_large_image","twitter_title":"Planetara OPEL CASCADA (W13) 1.4 (67) benzina 120 cai MEYLE 614 498 0095 OPEL | MEYLE - Autorival","twitter_description":"\u26a1 Planetara OPEL CASCADA (W13) 1.4 (67) benzina 120 cai MEYLE 614 498 0095 pentru OPEL la doar 438.80 RON. \u2713 Cod: 614 \u2713 Brand: MEYLE \u2713 \u00cen stoc \u2713 Livrare 24h \u2713 Garan\u021bie!","schema":{"@context":"https:\/\/schema.org","@graph":[{"@type":"WebPage","@id":"https:\/\/autorival.ro\/opel\/product\/planetara-opel-cascada-w13-1-4-67-benzina-120-cai-meyle-614-498-0095\/","url":"https:\/\/autorival.ro\/opel\/product\/planetara-opel-cascada-w13-1-4-67-benzina-120-cai-meyle-614-498-0095\/","name":"Planetara OPEL CASCADA (W13) 1.4 (67) benzina 120 cai MEYLE 614 498 0095 OPEL | MEYLE - Autorival","isPartOf":{"@id":"https:\/\/autorival.ro\/opel\/#website"},"primaryImageOfPage":{"@id":"https:\/\/autorival.ro\/opel\/product\/planetara-opel-cascada-w13-1-4-67-benzina-120-cai-meyle-614-498-0095\/#primaryimage"},"image":{"@id":"https:\/\/autorival.ro\/opel\/product\/planetara-opel-cascada-w13-1-4-67-benzina-120-cai-meyle-614-498-0095\/#primaryimage"},"thumbnailUrl":"https:\/\/autorival.ro\/opel\/wp-content\/uploads\/sites\/21\/2025\/06\/fs_6144980095_1.jpg","datePublished":"2025-06-25T17:54:52+00:00","description":"\u26a1 Planetara OPEL CASCADA (W13) 1.4 (67) benzina 120 cai MEYLE 614 498 0095 pentru OPEL la doar 438.80 RON. \u2713 Cod: 614 \u2713 Brand: MEYLE \u2713 \u00cen stoc \u2713 Livrare 24h \u2713 Garan\u021bie!","breadcrumb":{"@id":"https:\/\/autorival.ro\/opel\/product\/planetara-opel-cascada-w13-1-4-67-benzina-120-cai-meyle-614-498-0095\/#breadcrumb"},"inLanguage":"en-US","potentialAction":[{"@type":"ReadAction","target":["https:\/\/autorival.ro\/opel\/product\/planetara-opel-cascada-w13-1-4-67-benzina-120-cai-meyle-614-498-0095\/"]}]},{"@type":"ImageObject","inLanguage":"en-US","@id":"https:\/\/autorival.ro\/opel\/product\/planetara-opel-cascada-w13-1-4-67-benzina-120-cai-meyle-614-498-0095\/#primaryimage","url":"https:\/\/autorival.ro\/opel\/wp-content\/uploads\/sites\/21\/2025\/06\/fs_6144980095_1.jpg","contentUrl":"https:\/\/autorival.ro\/opel\/wp-content\/uploads\/sites\/21\/2025\/06\/fs_6144980095_1.jpg","width":600,"height":400,"caption":"Planetara OPEL CASCADA (W13) 1.4 (67) benzina 120 cai MEYLE 614 498 0095"},{"@type":"BreadcrumbList","@id":"https:\/\/autorival.ro\/opel\/product\/planetara-opel-cascada-w13-1-4-67-benzina-120-cai-meyle-614-498-0095\/#breadcrumb","itemListElement":[{"@type":"ListItem","position":1,"name":"Prima pagin\u0103","item":"https:\/\/autorival.ro\/opel\/"},{"@type":"ListItem","position":2,"name":"Piese auto OPEL","item":"https:\/\/autorival.ro\/opel\/"},{"@type":"ListItem","position":3,"name":"Planetara OPEL CASCADA (W13) 1.4 (67) benzina 120 cai MEYLE 614 498 0095"}]},{"@type":"WebSite","@id":"https:\/\/autorival.ro\/opel\/#website","url":"https:\/\/autorival.ro\/opel\/","name":"OPEL","description":"","potentialAction":[{"@type":"SearchAction","target":{"@type":"EntryPoint","urlTemplate":"https:\/\/autorival.ro\/opel\/?s={search_term_string}"},"query-input":{"@type":"PropertyValueSpecification","valueRequired":true,"valueName":"search_term_string"}}],"inLanguage":"en-US"}]}},"_links":{"self":[{"href":"https:\/\/autorival.ro\/opel\/wp-json\/wp\/v2\/product\/717597","targetHints":{"allow":["GET"]}}],"collection":[{"href":"https:\/\/autorival.ro\/opel\/wp-json\/wp\/v2\/product"}],"about":[{"href":"https:\/\/autorival.ro\/opel\/wp-json\/wp\/v2\/types\/product"}],"replies":[{"embeddable":true,"href":"https:\/\/autorival.ro\/opel\/wp-json\/wp\/v2\/comments?post=717597"}],"wp:featuredmedia":[{"embeddable":true,"href":"https:\/\/autorival.ro\/opel\/wp-json\/wp\/v2\/media\/717598"}],"wp:attachment":[{"href":"https:\/\/autorival.ro\/opel\/wp-json\/wp\/v2\/media?parent=717597"}],"wp:term":[{"taxonomy":"product_brand","embeddable":true,"href":"https:\/\/autorival.ro\/opel\/wp-json\/wp\/v2\/product_brand?post=717597"},{"taxonomy":"product_cat","embeddable":true,"href":"https:\/\/autorival.ro\/opel\/wp-json\/wp\/v2\/product_cat?post=717597"},{"taxonomy":"product_tag","embeddable":true,"href":"https:\/\/autorival.ro\/opel\/wp-json\/wp\/v2\/product_tag?post=717597"}],"curies":[{"name":"wp","href":"https:\/\/api.w.org\/{rel}","templated":true}]}}