{"id":686243,"date":"2025-06-24T23:45:18","date_gmt":"2025-06-24T23:45:18","guid":{"rendered":"https:\/\/autorival.ro\/opel\/product\/placute-frana-opel-combo-tour-1-3-cdti-16v-diesel-69-cai-metzger-1170047\/"},"modified":"2025-06-24T23:45:18","modified_gmt":"2025-06-24T23:45:18","slug":"placute-frana-opel-combo-tour-1-3-cdti-16v-diesel-69-cai-metzger-1170047","status":"publish","type":"product","link":"https:\/\/autorival.ro\/opel\/product\/placute-frana-opel-combo-tour-1-3-cdti-16v-diesel-69-cai-metzger-1170047\/","title":{"rendered":"Placute frana OPEL COMBO Tour 1.3 CDTI 16V diesel 69 cai METZGER 1170047"},"content":{"rendered":"<p>Partea de montare: punte fata ->Latime [mm]: 131,6\u00cenaltime 1 [mm]: 51,5\u00cenaltime 2 [mm]: 55,5 ->Grosime [mm]: 17Contact indicator uzura: cu avertizare acustica uzuraSistem de fr\u00e2nare: Lucasindeplineste normele ECE: R90Articol completare\/Info suplimentar 2: cu suruburi etrier, cu tabla anti scartaitNr. articol al accesoriului recomandat: 109-1246<\/p>\n","protected":false},"excerpt":{"rendered":"<p>Producator: METZGER Cod producator: 1170047<\/p>\n","protected":false},"featured_media":686244,"comment_status":"open","ping_status":"closed","template":"","meta":[],"product_brand":[1816],"product_cat":[24375],"product_tag":[43326,43325,43366,43491,43324,44487],"class_list":{"0":"post-686243","1":"product","2":"type-product","3":"status-publish","4":"has-post-thumbnail","6":"product_brand-metzger","7":"product_cat-placute-frana-tour-1-3-cdti-16v-diesel-69","8":"product_tag-cdti","9":"product_tag-combo","10":"product_tag-frana","11":"product_tag-metzger","12":"product_tag-opel","13":"product_tag-placute","15":"first","16":"instock","17":"shipping-taxable","18":"purchasable","19":"product-type-simple"},"yoast_head":"<!-- This site is optimized with the Yoast SEO plugin v27.3 - https:\/\/yoast.com\/product\/yoast-seo-wordpress\/ -->\n<title>Placute frana OPEL COMBO Tour 1.3 CDTI 16V diesel 69 cai METZGER 1170047 OPEL | METZGER - Autorival<\/title>\n<meta name=\"description\" content=\"\u26a1 Placute frana OPEL COMBO Tour 1.3 CDTI 16V diesel 69 cai METZGER 1170047 pentru OPEL la doar 114.24 RON. \u2713 Cod: 1170047 \u2713 Brand: METZGER \u2713 \u00cen stoc \u2713 Livrare 24h \u2713 Garan\u021bie!\" \/>\n<meta name=\"robots\" content=\"index, follow, max-snippet:-1, max-image-preview:large, max-video-preview:-1\" \/>\n<meta property=\"og:locale\" content=\"en_US\" \/>\n<meta property=\"og:type\" content=\"article\" \/>\n<meta property=\"og:title\" content=\"Placute frana OPEL COMBO Tour 1.3 CDTI 16V diesel 69 cai METZGER 1170047 OPEL | METZGER - Autorival\" \/>\n<meta property=\"og:description\" content=\"\u26a1 Placute frana OPEL COMBO Tour 1.3 CDTI 16V diesel 69 cai METZGER 1170047 pentru OPEL la doar 114.24 RON. \u2713 Cod: 1170047 \u2713 Brand: METZGER \u2713 \u00cen stoc \u2713 Livrare 24h \u2713 Garan\u021bie!\" \/>\n<meta property=\"og:url\" content=\"https:\/\/autorival.ro\/opel\/product\/placute-frana-opel-combo-tour-1-3-cdti-16v-diesel-69-cai-metzger-1170047\/\" \/>\n<meta property=\"og:site_name\" content=\"OPEL\" \/>\n<meta property=\"og:image\" content=\"https:\/\/autorival.ro\/opel\/wp-content\/uploads\/sites\/21\/2025\/06\/1170047-9.jpg\" \/>\n\t<meta property=\"og:image:width\" content=\"445\" \/>\n\t<meta property=\"og:image:height\" content=\"399\" \/>\n\t<meta property=\"og:image:type\" content=\"image\/jpeg\" \/>\n<meta name=\"twitter:card\" content=\"summary_large_image\" \/>\n<meta name=\"twitter:title\" content=\"Placute frana OPEL COMBO Tour 1.3 CDTI 16V diesel 69 cai METZGER 1170047 OPEL | METZGER - Autorival\" \/>\n<meta name=\"twitter:description\" content=\"\u26a1 Placute frana OPEL COMBO Tour 1.3 CDTI 16V diesel 69 cai METZGER 1170047 pentru OPEL la doar 114.24 RON. \u2713 Cod: 1170047 \u2713 Brand: METZGER \u2713 \u00cen stoc \u2713 Livrare 24h \u2713 Garan\u021bie!\" \/>\n<script type=\"application\/ld+json\" class=\"yoast-schema-graph\">{\"@context\":\"https:\\\/\\\/schema.org\",\"@graph\":[{\"@type\":\"WebPage\",\"@id\":\"https:\\\/\\\/autorival.ro\\\/opel\\\/product\\\/placute-frana-opel-combo-tour-1-3-cdti-16v-diesel-69-cai-metzger-1170047\\\/\",\"url\":\"https:\\\/\\\/autorival.ro\\\/opel\\\/product\\\/placute-frana-opel-combo-tour-1-3-cdti-16v-diesel-69-cai-metzger-1170047\\\/\",\"name\":\"Placute frana OPEL COMBO Tour 1.3 CDTI 16V diesel 69 cai METZGER 1170047 OPEL | METZGER - Autorival\",\"isPartOf\":{\"@id\":\"https:\\\/\\\/autorival.ro\\\/opel\\\/#website\"},\"primaryImageOfPage\":{\"@id\":\"https:\\\/\\\/autorival.ro\\\/opel\\\/product\\\/placute-frana-opel-combo-tour-1-3-cdti-16v-diesel-69-cai-metzger-1170047\\\/#primaryimage\"},\"image\":{\"@id\":\"https:\\\/\\\/autorival.ro\\\/opel\\\/product\\\/placute-frana-opel-combo-tour-1-3-cdti-16v-diesel-69-cai-metzger-1170047\\\/#primaryimage\"},\"thumbnailUrl\":\"https:\\\/\\\/autorival.ro\\\/opel\\\/wp-content\\\/uploads\\\/sites\\\/21\\\/2025\\\/06\\\/1170047-9.jpg\",\"datePublished\":\"2025-06-24T23:45:18+00:00\",\"description\":\"\u26a1 Placute frana OPEL COMBO Tour 1.3 CDTI 16V diesel 69 cai METZGER 1170047 pentru OPEL la doar 114.24 RON. \u2713 Cod: 1170047 \u2713 Brand: METZGER \u2713 \u00cen stoc \u2713 Livrare 24h \u2713 Garan\u021bie!\",\"breadcrumb\":{\"@id\":\"https:\\\/\\\/autorival.ro\\\/opel\\\/product\\\/placute-frana-opel-combo-tour-1-3-cdti-16v-diesel-69-cai-metzger-1170047\\\/#breadcrumb\"},\"inLanguage\":\"en-US\",\"potentialAction\":[{\"@type\":\"ReadAction\",\"target\":[\"https:\\\/\\\/autorival.ro\\\/opel\\\/product\\\/placute-frana-opel-combo-tour-1-3-cdti-16v-diesel-69-cai-metzger-1170047\\\/\"]}]},{\"@type\":\"ImageObject\",\"inLanguage\":\"en-US\",\"@id\":\"https:\\\/\\\/autorival.ro\\\/opel\\\/product\\\/placute-frana-opel-combo-tour-1-3-cdti-16v-diesel-69-cai-metzger-1170047\\\/#primaryimage\",\"url\":\"https:\\\/\\\/autorival.ro\\\/opel\\\/wp-content\\\/uploads\\\/sites\\\/21\\\/2025\\\/06\\\/1170047-9.jpg\",\"contentUrl\":\"https:\\\/\\\/autorival.ro\\\/opel\\\/wp-content\\\/uploads\\\/sites\\\/21\\\/2025\\\/06\\\/1170047-9.jpg\",\"width\":445,\"height\":399,\"caption\":\"Placute frana OPEL COMBO Tour 1.3 CDTI 16V diesel 69 cai METZGER 1170047\"},{\"@type\":\"BreadcrumbList\",\"@id\":\"https:\\\/\\\/autorival.ro\\\/opel\\\/product\\\/placute-frana-opel-combo-tour-1-3-cdti-16v-diesel-69-cai-metzger-1170047\\\/#breadcrumb\",\"itemListElement\":[{\"@type\":\"ListItem\",\"position\":1,\"name\":\"Prima pagin\u0103\",\"item\":\"https:\\\/\\\/autorival.ro\\\/opel\\\/\"},{\"@type\":\"ListItem\",\"position\":2,\"name\":\"Piese auto OPEL\",\"item\":\"https:\\\/\\\/autorival.ro\\\/opel\\\/\"},{\"@type\":\"ListItem\",\"position\":3,\"name\":\"Placute frana OPEL COMBO Tour 1.3 CDTI 16V diesel 69 cai METZGER 1170047\"}]},{\"@type\":\"WebSite\",\"@id\":\"https:\\\/\\\/autorival.ro\\\/opel\\\/#website\",\"url\":\"https:\\\/\\\/autorival.ro\\\/opel\\\/\",\"name\":\"OPEL\",\"description\":\"\",\"potentialAction\":[{\"@type\":\"SearchAction\",\"target\":{\"@type\":\"EntryPoint\",\"urlTemplate\":\"https:\\\/\\\/autorival.ro\\\/opel\\\/?s={search_term_string}\"},\"query-input\":{\"@type\":\"PropertyValueSpecification\",\"valueRequired\":true,\"valueName\":\"search_term_string\"}}],\"inLanguage\":\"en-US\"}]}<\/script>\n<!-- \/ Yoast SEO plugin. -->","yoast_head_json":{"title":"Placute frana OPEL COMBO Tour 1.3 CDTI 16V diesel 69 cai METZGER 1170047 OPEL | METZGER - Autorival","description":"\u26a1 Placute frana OPEL COMBO Tour 1.3 CDTI 16V diesel 69 cai METZGER 1170047 pentru OPEL la doar 114.24 RON. \u2713 Cod: 1170047 \u2713 Brand: METZGER \u2713 \u00cen stoc \u2713 Livrare 24h \u2713 Garan\u021bie!","robots":{"index":"index","follow":"follow","max-snippet":"max-snippet:-1","max-image-preview":"max-image-preview:large","max-video-preview":"max-video-preview:-1"},"og_locale":"en_US","og_type":"article","og_title":"Placute frana OPEL COMBO Tour 1.3 CDTI 16V diesel 69 cai METZGER 1170047 OPEL | METZGER - Autorival","og_description":"\u26a1 Placute frana OPEL COMBO Tour 1.3 CDTI 16V diesel 69 cai METZGER 1170047 pentru OPEL la doar 114.24 RON. \u2713 Cod: 1170047 \u2713 Brand: METZGER \u2713 \u00cen stoc \u2713 Livrare 24h \u2713 Garan\u021bie!","og_url":"https:\/\/autorival.ro\/opel\/product\/placute-frana-opel-combo-tour-1-3-cdti-16v-diesel-69-cai-metzger-1170047\/","og_site_name":"OPEL","og_image":[{"width":445,"height":399,"url":"https:\/\/autorival.ro\/opel\/wp-content\/uploads\/sites\/21\/2025\/06\/1170047-9.jpg","type":"image\/jpeg"}],"twitter_card":"summary_large_image","twitter_title":"Placute frana OPEL COMBO Tour 1.3 CDTI 16V diesel 69 cai METZGER 1170047 OPEL | METZGER - Autorival","twitter_description":"\u26a1 Placute frana OPEL COMBO Tour 1.3 CDTI 16V diesel 69 cai METZGER 1170047 pentru OPEL la doar 114.24 RON. \u2713 Cod: 1170047 \u2713 Brand: METZGER \u2713 \u00cen stoc \u2713 Livrare 24h \u2713 Garan\u021bie!","schema":{"@context":"https:\/\/schema.org","@graph":[{"@type":"WebPage","@id":"https:\/\/autorival.ro\/opel\/product\/placute-frana-opel-combo-tour-1-3-cdti-16v-diesel-69-cai-metzger-1170047\/","url":"https:\/\/autorival.ro\/opel\/product\/placute-frana-opel-combo-tour-1-3-cdti-16v-diesel-69-cai-metzger-1170047\/","name":"Placute frana OPEL COMBO Tour 1.3 CDTI 16V diesel 69 cai METZGER 1170047 OPEL | METZGER - Autorival","isPartOf":{"@id":"https:\/\/autorival.ro\/opel\/#website"},"primaryImageOfPage":{"@id":"https:\/\/autorival.ro\/opel\/product\/placute-frana-opel-combo-tour-1-3-cdti-16v-diesel-69-cai-metzger-1170047\/#primaryimage"},"image":{"@id":"https:\/\/autorival.ro\/opel\/product\/placute-frana-opel-combo-tour-1-3-cdti-16v-diesel-69-cai-metzger-1170047\/#primaryimage"},"thumbnailUrl":"https:\/\/autorival.ro\/opel\/wp-content\/uploads\/sites\/21\/2025\/06\/1170047-9.jpg","datePublished":"2025-06-24T23:45:18+00:00","description":"\u26a1 Placute frana OPEL COMBO Tour 1.3 CDTI 16V diesel 69 cai METZGER 1170047 pentru OPEL la doar 114.24 RON. \u2713 Cod: 1170047 \u2713 Brand: METZGER \u2713 \u00cen stoc \u2713 Livrare 24h \u2713 Garan\u021bie!","breadcrumb":{"@id":"https:\/\/autorival.ro\/opel\/product\/placute-frana-opel-combo-tour-1-3-cdti-16v-diesel-69-cai-metzger-1170047\/#breadcrumb"},"inLanguage":"en-US","potentialAction":[{"@type":"ReadAction","target":["https:\/\/autorival.ro\/opel\/product\/placute-frana-opel-combo-tour-1-3-cdti-16v-diesel-69-cai-metzger-1170047\/"]}]},{"@type":"ImageObject","inLanguage":"en-US","@id":"https:\/\/autorival.ro\/opel\/product\/placute-frana-opel-combo-tour-1-3-cdti-16v-diesel-69-cai-metzger-1170047\/#primaryimage","url":"https:\/\/autorival.ro\/opel\/wp-content\/uploads\/sites\/21\/2025\/06\/1170047-9.jpg","contentUrl":"https:\/\/autorival.ro\/opel\/wp-content\/uploads\/sites\/21\/2025\/06\/1170047-9.jpg","width":445,"height":399,"caption":"Placute frana OPEL COMBO Tour 1.3 CDTI 16V diesel 69 cai METZGER 1170047"},{"@type":"BreadcrumbList","@id":"https:\/\/autorival.ro\/opel\/product\/placute-frana-opel-combo-tour-1-3-cdti-16v-diesel-69-cai-metzger-1170047\/#breadcrumb","itemListElement":[{"@type":"ListItem","position":1,"name":"Prima pagin\u0103","item":"https:\/\/autorival.ro\/opel\/"},{"@type":"ListItem","position":2,"name":"Piese auto OPEL","item":"https:\/\/autorival.ro\/opel\/"},{"@type":"ListItem","position":3,"name":"Placute frana OPEL COMBO Tour 1.3 CDTI 16V diesel 69 cai METZGER 1170047"}]},{"@type":"WebSite","@id":"https:\/\/autorival.ro\/opel\/#website","url":"https:\/\/autorival.ro\/opel\/","name":"OPEL","description":"","potentialAction":[{"@type":"SearchAction","target":{"@type":"EntryPoint","urlTemplate":"https:\/\/autorival.ro\/opel\/?s={search_term_string}"},"query-input":{"@type":"PropertyValueSpecification","valueRequired":true,"valueName":"search_term_string"}}],"inLanguage":"en-US"}]}},"_links":{"self":[{"href":"https:\/\/autorival.ro\/opel\/wp-json\/wp\/v2\/product\/686243","targetHints":{"allow":["GET"]}}],"collection":[{"href":"https:\/\/autorival.ro\/opel\/wp-json\/wp\/v2\/product"}],"about":[{"href":"https:\/\/autorival.ro\/opel\/wp-json\/wp\/v2\/types\/product"}],"replies":[{"embeddable":true,"href":"https:\/\/autorival.ro\/opel\/wp-json\/wp\/v2\/comments?post=686243"}],"wp:featuredmedia":[{"embeddable":true,"href":"https:\/\/autorival.ro\/opel\/wp-json\/wp\/v2\/media\/686244"}],"wp:attachment":[{"href":"https:\/\/autorival.ro\/opel\/wp-json\/wp\/v2\/media?parent=686243"}],"wp:term":[{"taxonomy":"product_brand","embeddable":true,"href":"https:\/\/autorival.ro\/opel\/wp-json\/wp\/v2\/product_brand?post=686243"},{"taxonomy":"product_cat","embeddable":true,"href":"https:\/\/autorival.ro\/opel\/wp-json\/wp\/v2\/product_cat?post=686243"},{"taxonomy":"product_tag","embeddable":true,"href":"https:\/\/autorival.ro\/opel\/wp-json\/wp\/v2\/product_tag?post=686243"}],"curies":[{"name":"wp","href":"https:\/\/api.w.org\/{rel}","templated":true}]}}