{"id":672157,"date":"2025-06-24T15:54:55","date_gmt":"2025-06-24T15:54:55","guid":{"rendered":"https:\/\/autorival.ro\/opel\/product\/pivot-opel-vivaro-a-platou-sasiu-x83-1-9-dti-diesel-101-cai-meyle-16-16-010-0005-hd\/"},"modified":"2025-06-24T15:54:55","modified_gmt":"2025-06-24T15:54:55","slug":"pivot-opel-vivaro-a-platou-sasiu-x83-1-9-dti-diesel-101-cai-meyle-16-16-010-0005-hd","status":"publish","type":"product","link":"https:\/\/autorival.ro\/opel\/product\/pivot-opel-vivaro-a-platou-sasiu-x83-1-9-dti-diesel-101-cai-meyle-16-16-010-0005-hd\/","title":{"rendered":"Pivot OPEL VIVARO A platou \/ sasiu (X83) 1.9 DTI diesel 101 cai MEYLE 16-16 010 0005\/HD"},"content":{"rendered":"<p>Serie \u00c3\u02c6\u00e2\u201e\u00a2asiu (VIN)p\u00e2n\u0103 la: 6V699999, 6Y999999Separarea blocurilorPartea de montare: Axa fata dreapta, partea de jos, Axa fata stanga ->Dimensiune filet: M16x1,5 ->Diametru alezaj flansa [mm]: 10 ->Dimensiune conus [mm]: 19,5Articol extins\/Informatii de extindere: cu acceasoriiModel ranforsatTip legatura: pentru brat transversal\u00eenlocuire \u00een pereche recomandat\u0103cu eticheta ecologic\u0103: Amprent\u0103 de carbon neutr\u0103Numar bucati necesare: 2<\/p>\n","protected":false},"excerpt":{"rendered":"<p>Producator: MEYLE Cod producator: 16-16 010 0005\/HD<\/p>\n","protected":false},"featured_media":672158,"comment_status":"open","ping_status":"closed","template":"","meta":[],"product_brand":[387],"product_cat":[24201],"product_tag":[43339,43460,43324,44476,43350,43346],"class_list":{"0":"post-672157","1":"product","2":"type-product","3":"status-publish","4":"has-post-thumbnail","6":"product_brand-meyle","7":"product_cat-pivot-a-platou-sasiu-x83-1-9-dti-diesel-101","8":"product_tag-dti","9":"product_tag-meyle","10":"product_tag-opel","11":"product_tag-pivot","12":"product_tag-platou","13":"product_tag-vivaro","15":"first","16":"instock","17":"shipping-taxable","18":"purchasable","19":"product-type-simple"},"yoast_head":"<!-- This site is optimized with the Yoast SEO plugin v27.3 - https:\/\/yoast.com\/product\/yoast-seo-wordpress\/ -->\n<title>Pivot OPEL VIVARO A platou \/ sasiu (X83) 1.9 DTI diesel 101 cai MEYLE 16-16 010 0005\/HD OPEL | MEYLE - Autorival<\/title>\n<meta name=\"description\" content=\"\u26a1 Pivot OPEL VIVARO A platou \/ sasiu (X83) 1.9 DTI diesel 101 cai MEYLE 16-16 010 0005\/HD pentru OPEL la doar 109.2 RON. \u2713 Cod: 16-16 \u2713 Brand: MEYLE \u2713 \u00cen stoc \u2713 Livrare 24h \u2713 Garan\u021bie!\" \/>\n<meta name=\"robots\" content=\"index, follow, max-snippet:-1, max-image-preview:large, max-video-preview:-1\" \/>\n<meta property=\"og:locale\" content=\"en_US\" \/>\n<meta property=\"og:type\" content=\"article\" \/>\n<meta property=\"og:title\" content=\"Pivot OPEL VIVARO A platou \/ sasiu (X83) 1.9 DTI diesel 101 cai MEYLE 16-16 010 0005\/HD OPEL | MEYLE - Autorival\" \/>\n<meta property=\"og:description\" content=\"\u26a1 Pivot OPEL VIVARO A platou \/ sasiu (X83) 1.9 DTI diesel 101 cai MEYLE 16-16 010 0005\/HD pentru OPEL la doar 109.2 RON. \u2713 Cod: 16-16 \u2713 Brand: MEYLE \u2713 \u00cen stoc \u2713 Livrare 24h \u2713 Garan\u021bie!\" \/>\n<meta property=\"og:url\" content=\"https:\/\/autorival.ro\/opel\/product\/pivot-opel-vivaro-a-platou-sasiu-x83-1-9-dti-diesel-101-cai-meyle-16-16-010-0005-hd\/\" \/>\n<meta property=\"og:site_name\" content=\"OPEL\" \/>\n<meta property=\"og:image\" content=\"https:\/\/autorival.ro\/opel\/wp-content\/uploads\/sites\/21\/2025\/06\/fs_16160100005hd_1-18.jpg\" \/>\n\t<meta property=\"og:image:width\" content=\"600\" \/>\n\t<meta property=\"og:image:height\" content=\"400\" \/>\n\t<meta property=\"og:image:type\" content=\"image\/jpeg\" \/>\n<meta name=\"twitter:card\" content=\"summary_large_image\" \/>\n<meta name=\"twitter:title\" content=\"Pivot OPEL VIVARO A platou \/ sasiu (X83) 1.9 DTI diesel 101 cai MEYLE 16-16 010 0005\/HD OPEL | MEYLE - Autorival\" \/>\n<meta name=\"twitter:description\" content=\"\u26a1 Pivot OPEL VIVARO A platou \/ sasiu (X83) 1.9 DTI diesel 101 cai MEYLE 16-16 010 0005\/HD pentru OPEL la doar 109.2 RON. \u2713 Cod: 16-16 \u2713 Brand: MEYLE \u2713 \u00cen stoc \u2713 Livrare 24h \u2713 Garan\u021bie!\" \/>\n<script type=\"application\/ld+json\" class=\"yoast-schema-graph\">{\"@context\":\"https:\\\/\\\/schema.org\",\"@graph\":[{\"@type\":\"WebPage\",\"@id\":\"https:\\\/\\\/autorival.ro\\\/opel\\\/product\\\/pivot-opel-vivaro-a-platou-sasiu-x83-1-9-dti-diesel-101-cai-meyle-16-16-010-0005-hd\\\/\",\"url\":\"https:\\\/\\\/autorival.ro\\\/opel\\\/product\\\/pivot-opel-vivaro-a-platou-sasiu-x83-1-9-dti-diesel-101-cai-meyle-16-16-010-0005-hd\\\/\",\"name\":\"Pivot OPEL VIVARO A platou \\\/ sasiu (X83) 1.9 DTI diesel 101 cai MEYLE 16-16 010 0005\\\/HD OPEL | MEYLE - Autorival\",\"isPartOf\":{\"@id\":\"https:\\\/\\\/autorival.ro\\\/opel\\\/#website\"},\"primaryImageOfPage\":{\"@id\":\"https:\\\/\\\/autorival.ro\\\/opel\\\/product\\\/pivot-opel-vivaro-a-platou-sasiu-x83-1-9-dti-diesel-101-cai-meyle-16-16-010-0005-hd\\\/#primaryimage\"},\"image\":{\"@id\":\"https:\\\/\\\/autorival.ro\\\/opel\\\/product\\\/pivot-opel-vivaro-a-platou-sasiu-x83-1-9-dti-diesel-101-cai-meyle-16-16-010-0005-hd\\\/#primaryimage\"},\"thumbnailUrl\":\"https:\\\/\\\/autorival.ro\\\/opel\\\/wp-content\\\/uploads\\\/sites\\\/21\\\/2025\\\/06\\\/fs_16160100005hd_1-18.jpg\",\"datePublished\":\"2025-06-24T15:54:55+00:00\",\"description\":\"\u26a1 Pivot OPEL VIVARO A platou \\\/ sasiu (X83) 1.9 DTI diesel 101 cai MEYLE 16-16 010 0005\\\/HD pentru OPEL la doar 109.2 RON. \u2713 Cod: 16-16 \u2713 Brand: MEYLE \u2713 \u00cen stoc \u2713 Livrare 24h \u2713 Garan\u021bie!\",\"breadcrumb\":{\"@id\":\"https:\\\/\\\/autorival.ro\\\/opel\\\/product\\\/pivot-opel-vivaro-a-platou-sasiu-x83-1-9-dti-diesel-101-cai-meyle-16-16-010-0005-hd\\\/#breadcrumb\"},\"inLanguage\":\"en-US\",\"potentialAction\":[{\"@type\":\"ReadAction\",\"target\":[\"https:\\\/\\\/autorival.ro\\\/opel\\\/product\\\/pivot-opel-vivaro-a-platou-sasiu-x83-1-9-dti-diesel-101-cai-meyle-16-16-010-0005-hd\\\/\"]}]},{\"@type\":\"ImageObject\",\"inLanguage\":\"en-US\",\"@id\":\"https:\\\/\\\/autorival.ro\\\/opel\\\/product\\\/pivot-opel-vivaro-a-platou-sasiu-x83-1-9-dti-diesel-101-cai-meyle-16-16-010-0005-hd\\\/#primaryimage\",\"url\":\"https:\\\/\\\/autorival.ro\\\/opel\\\/wp-content\\\/uploads\\\/sites\\\/21\\\/2025\\\/06\\\/fs_16160100005hd_1-18.jpg\",\"contentUrl\":\"https:\\\/\\\/autorival.ro\\\/opel\\\/wp-content\\\/uploads\\\/sites\\\/21\\\/2025\\\/06\\\/fs_16160100005hd_1-18.jpg\",\"width\":600,\"height\":400,\"caption\":\"Pivot OPEL VIVARO A platou \\\/ sasiu (X83) 1.9 DTI diesel 101 cai MEYLE 16-16 010 0005\\\/HD\"},{\"@type\":\"BreadcrumbList\",\"@id\":\"https:\\\/\\\/autorival.ro\\\/opel\\\/product\\\/pivot-opel-vivaro-a-platou-sasiu-x83-1-9-dti-diesel-101-cai-meyle-16-16-010-0005-hd\\\/#breadcrumb\",\"itemListElement\":[{\"@type\":\"ListItem\",\"position\":1,\"name\":\"Prima pagin\u0103\",\"item\":\"https:\\\/\\\/autorival.ro\\\/opel\\\/\"},{\"@type\":\"ListItem\",\"position\":2,\"name\":\"Piese auto OPEL\",\"item\":\"https:\\\/\\\/autorival.ro\\\/opel\\\/\"},{\"@type\":\"ListItem\",\"position\":3,\"name\":\"Pivot OPEL VIVARO A platou \\\/ sasiu (X83) 1.9 DTI diesel 101 cai MEYLE 16-16 010 0005\\\/HD\"}]},{\"@type\":\"WebSite\",\"@id\":\"https:\\\/\\\/autorival.ro\\\/opel\\\/#website\",\"url\":\"https:\\\/\\\/autorival.ro\\\/opel\\\/\",\"name\":\"OPEL\",\"description\":\"\",\"potentialAction\":[{\"@type\":\"SearchAction\",\"target\":{\"@type\":\"EntryPoint\",\"urlTemplate\":\"https:\\\/\\\/autorival.ro\\\/opel\\\/?s={search_term_string}\"},\"query-input\":{\"@type\":\"PropertyValueSpecification\",\"valueRequired\":true,\"valueName\":\"search_term_string\"}}],\"inLanguage\":\"en-US\"}]}<\/script>\n<!-- \/ Yoast SEO plugin. -->","yoast_head_json":{"title":"Pivot OPEL VIVARO A platou \/ sasiu (X83) 1.9 DTI diesel 101 cai MEYLE 16-16 010 0005\/HD OPEL | MEYLE - Autorival","description":"\u26a1 Pivot OPEL VIVARO A platou \/ sasiu (X83) 1.9 DTI diesel 101 cai MEYLE 16-16 010 0005\/HD pentru OPEL la doar 109.2 RON. \u2713 Cod: 16-16 \u2713 Brand: MEYLE \u2713 \u00cen stoc \u2713 Livrare 24h \u2713 Garan\u021bie!","robots":{"index":"index","follow":"follow","max-snippet":"max-snippet:-1","max-image-preview":"max-image-preview:large","max-video-preview":"max-video-preview:-1"},"og_locale":"en_US","og_type":"article","og_title":"Pivot OPEL VIVARO A platou \/ sasiu (X83) 1.9 DTI diesel 101 cai MEYLE 16-16 010 0005\/HD OPEL | MEYLE - Autorival","og_description":"\u26a1 Pivot OPEL VIVARO A platou \/ sasiu (X83) 1.9 DTI diesel 101 cai MEYLE 16-16 010 0005\/HD pentru OPEL la doar 109.2 RON. \u2713 Cod: 16-16 \u2713 Brand: MEYLE \u2713 \u00cen stoc \u2713 Livrare 24h \u2713 Garan\u021bie!","og_url":"https:\/\/autorival.ro\/opel\/product\/pivot-opel-vivaro-a-platou-sasiu-x83-1-9-dti-diesel-101-cai-meyle-16-16-010-0005-hd\/","og_site_name":"OPEL","og_image":[{"width":600,"height":400,"url":"https:\/\/autorival.ro\/opel\/wp-content\/uploads\/sites\/21\/2025\/06\/fs_16160100005hd_1-18.jpg","type":"image\/jpeg"}],"twitter_card":"summary_large_image","twitter_title":"Pivot OPEL VIVARO A platou \/ sasiu (X83) 1.9 DTI diesel 101 cai MEYLE 16-16 010 0005\/HD OPEL | MEYLE - Autorival","twitter_description":"\u26a1 Pivot OPEL VIVARO A platou \/ sasiu (X83) 1.9 DTI diesel 101 cai MEYLE 16-16 010 0005\/HD pentru OPEL la doar 109.2 RON. \u2713 Cod: 16-16 \u2713 Brand: MEYLE \u2713 \u00cen stoc \u2713 Livrare 24h \u2713 Garan\u021bie!","schema":{"@context":"https:\/\/schema.org","@graph":[{"@type":"WebPage","@id":"https:\/\/autorival.ro\/opel\/product\/pivot-opel-vivaro-a-platou-sasiu-x83-1-9-dti-diesel-101-cai-meyle-16-16-010-0005-hd\/","url":"https:\/\/autorival.ro\/opel\/product\/pivot-opel-vivaro-a-platou-sasiu-x83-1-9-dti-diesel-101-cai-meyle-16-16-010-0005-hd\/","name":"Pivot OPEL VIVARO A platou \/ sasiu (X83) 1.9 DTI diesel 101 cai MEYLE 16-16 010 0005\/HD OPEL | MEYLE - Autorival","isPartOf":{"@id":"https:\/\/autorival.ro\/opel\/#website"},"primaryImageOfPage":{"@id":"https:\/\/autorival.ro\/opel\/product\/pivot-opel-vivaro-a-platou-sasiu-x83-1-9-dti-diesel-101-cai-meyle-16-16-010-0005-hd\/#primaryimage"},"image":{"@id":"https:\/\/autorival.ro\/opel\/product\/pivot-opel-vivaro-a-platou-sasiu-x83-1-9-dti-diesel-101-cai-meyle-16-16-010-0005-hd\/#primaryimage"},"thumbnailUrl":"https:\/\/autorival.ro\/opel\/wp-content\/uploads\/sites\/21\/2025\/06\/fs_16160100005hd_1-18.jpg","datePublished":"2025-06-24T15:54:55+00:00","description":"\u26a1 Pivot OPEL VIVARO A platou \/ sasiu (X83) 1.9 DTI diesel 101 cai MEYLE 16-16 010 0005\/HD pentru OPEL la doar 109.2 RON. \u2713 Cod: 16-16 \u2713 Brand: MEYLE \u2713 \u00cen stoc \u2713 Livrare 24h \u2713 Garan\u021bie!","breadcrumb":{"@id":"https:\/\/autorival.ro\/opel\/product\/pivot-opel-vivaro-a-platou-sasiu-x83-1-9-dti-diesel-101-cai-meyle-16-16-010-0005-hd\/#breadcrumb"},"inLanguage":"en-US","potentialAction":[{"@type":"ReadAction","target":["https:\/\/autorival.ro\/opel\/product\/pivot-opel-vivaro-a-platou-sasiu-x83-1-9-dti-diesel-101-cai-meyle-16-16-010-0005-hd\/"]}]},{"@type":"ImageObject","inLanguage":"en-US","@id":"https:\/\/autorival.ro\/opel\/product\/pivot-opel-vivaro-a-platou-sasiu-x83-1-9-dti-diesel-101-cai-meyle-16-16-010-0005-hd\/#primaryimage","url":"https:\/\/autorival.ro\/opel\/wp-content\/uploads\/sites\/21\/2025\/06\/fs_16160100005hd_1-18.jpg","contentUrl":"https:\/\/autorival.ro\/opel\/wp-content\/uploads\/sites\/21\/2025\/06\/fs_16160100005hd_1-18.jpg","width":600,"height":400,"caption":"Pivot OPEL VIVARO A platou \/ sasiu (X83) 1.9 DTI diesel 101 cai MEYLE 16-16 010 0005\/HD"},{"@type":"BreadcrumbList","@id":"https:\/\/autorival.ro\/opel\/product\/pivot-opel-vivaro-a-platou-sasiu-x83-1-9-dti-diesel-101-cai-meyle-16-16-010-0005-hd\/#breadcrumb","itemListElement":[{"@type":"ListItem","position":1,"name":"Prima pagin\u0103","item":"https:\/\/autorival.ro\/opel\/"},{"@type":"ListItem","position":2,"name":"Piese auto OPEL","item":"https:\/\/autorival.ro\/opel\/"},{"@type":"ListItem","position":3,"name":"Pivot OPEL VIVARO A platou \/ sasiu (X83) 1.9 DTI diesel 101 cai MEYLE 16-16 010 0005\/HD"}]},{"@type":"WebSite","@id":"https:\/\/autorival.ro\/opel\/#website","url":"https:\/\/autorival.ro\/opel\/","name":"OPEL","description":"","potentialAction":[{"@type":"SearchAction","target":{"@type":"EntryPoint","urlTemplate":"https:\/\/autorival.ro\/opel\/?s={search_term_string}"},"query-input":{"@type":"PropertyValueSpecification","valueRequired":true,"valueName":"search_term_string"}}],"inLanguage":"en-US"}]}},"_links":{"self":[{"href":"https:\/\/autorival.ro\/opel\/wp-json\/wp\/v2\/product\/672157","targetHints":{"allow":["GET"]}}],"collection":[{"href":"https:\/\/autorival.ro\/opel\/wp-json\/wp\/v2\/product"}],"about":[{"href":"https:\/\/autorival.ro\/opel\/wp-json\/wp\/v2\/types\/product"}],"replies":[{"embeddable":true,"href":"https:\/\/autorival.ro\/opel\/wp-json\/wp\/v2\/comments?post=672157"}],"wp:featuredmedia":[{"embeddable":true,"href":"https:\/\/autorival.ro\/opel\/wp-json\/wp\/v2\/media\/672158"}],"wp:attachment":[{"href":"https:\/\/autorival.ro\/opel\/wp-json\/wp\/v2\/media?parent=672157"}],"wp:term":[{"taxonomy":"product_brand","embeddable":true,"href":"https:\/\/autorival.ro\/opel\/wp-json\/wp\/v2\/product_brand?post=672157"},{"taxonomy":"product_cat","embeddable":true,"href":"https:\/\/autorival.ro\/opel\/wp-json\/wp\/v2\/product_cat?post=672157"},{"taxonomy":"product_tag","embeddable":true,"href":"https:\/\/autorival.ro\/opel\/wp-json\/wp\/v2\/product_tag?post=672157"}],"curies":[{"name":"wp","href":"https:\/\/api.w.org\/{rel}","templated":true}]}}