{"id":532496,"date":"2025-06-10T11:39:56","date_gmt":"2025-06-10T11:39:56","guid":{"rendered":"https:\/\/autorival.ro\/opel\/product\/kit-ambreiaj-opel-combo-tour-x12-1-6-cdti-c26-d26-e26-c05-diesel-95-cai-valeo-826865\/"},"modified":"2025-06-10T11:39:56","modified_gmt":"2025-06-10T11:39:56","slug":"kit-ambreiaj-opel-combo-tour-x12-1-6-cdti-c26-d26-e26-c05-diesel-95-cai-valeo-826865","status":"publish","type":"product","link":"https:\/\/autorival.ro\/opel\/product\/kit-ambreiaj-opel-combo-tour-x12-1-6-cdti-c26-d26-e26-c05-diesel-95-cai-valeo-826865\/","title":{"rendered":"Kit ambreiaj OPEL COMBO Tour (X12) 1.6 CDTI (C26, D26, E26, C05) diesel 95 cai VALEO 826865"},"content":{"rendered":"<p>An fabricatie de la: 201504An fabricatie pana la: 201809Cod motor: A16FDTip cutie viteza: C635Tip cutie viteza: cv. manuala, 6 vitezePiesa noua ->Diametru exterior plac\u0103 de presiune ambreiaj [mm]: 240For\u021b\u0103 de pretensionare [N]: 7100Articol extins\/Informatii de extindere: fara rulment presiuneAmbreiaj: pentru autovehicule cu ambreiaj pneumaticArticol completare\/Info suplimentar 2: Pentru montaj necesit\u0103 scul\u0103 special\u0103 ->Greutate [kg]: 5,97<\/p>\n","protected":false},"excerpt":{"rendered":"<p>Producator: VALEO Cod producator: 826865<\/p>\n","protected":false},"featured_media":532497,"comment_status":"open","ping_status":"closed","template":"","meta":[],"product_brand":[307],"product_cat":[20426],"product_tag":[43684,43326,43325,44163,43324,43401],"class_list":{"0":"post-532496","1":"product","2":"type-product","3":"status-publish","4":"has-post-thumbnail","6":"product_brand-valeo","7":"product_cat-kit-ambreiaj-tour-x12-1-6-cdti-c26-d26-e26-c05-diesel-95","8":"product_tag-ambreiaj","9":"product_tag-cdti","10":"product_tag-combo","11":"product_tag-kit","12":"product_tag-opel","13":"product_tag-valeo","15":"first","16":"instock","17":"shipping-taxable","18":"purchasable","19":"product-type-simple"},"yoast_head":"<!-- This site is optimized with the Yoast SEO plugin v27.3 - https:\/\/yoast.com\/product\/yoast-seo-wordpress\/ -->\n<title>Kit ambreiaj OPEL COMBO Tour (X12) 1.6 CDTI (C26, D26, E26, C05) diesel 95 cai VALEO 826865 OPEL | VALEO - Autorival<\/title>\n<meta name=\"description\" content=\"\u26a1 Kit ambreiaj OPEL COMBO Tour (X12) 1.6 CDTI (C26, D26, E26, C05) diesel 95 cai VALEO 826865 pentru OPEL la doar 860.52 RON. \u2713 Cod: 826865 \u2713 Brand: VALEO \u2713 \u00cen stoc \u2713 Livrare 24h \u2713 Garan\u021bie!\" \/>\n<meta name=\"robots\" content=\"index, follow, max-snippet:-1, max-image-preview:large, max-video-preview:-1\" \/>\n<meta property=\"og:locale\" content=\"en_US\" \/>\n<meta property=\"og:type\" content=\"article\" \/>\n<meta property=\"og:title\" content=\"Kit ambreiaj OPEL COMBO Tour (X12) 1.6 CDTI (C26, D26, E26, C05) diesel 95 cai VALEO 826865 OPEL | VALEO - Autorival\" \/>\n<meta property=\"og:description\" content=\"\u26a1 Kit ambreiaj OPEL COMBO Tour (X12) 1.6 CDTI (C26, D26, E26, C05) diesel 95 cai VALEO 826865 pentru OPEL la doar 860.52 RON. \u2713 Cod: 826865 \u2713 Brand: VALEO \u2713 \u00cen stoc \u2713 Livrare 24h \u2713 Garan\u021bie!\" \/>\n<meta property=\"og:url\" content=\"https:\/\/autorival.ro\/opel\/product\/kit-ambreiaj-opel-combo-tour-x12-1-6-cdti-c26-d26-e26-c05-diesel-95-cai-valeo-826865\/\" \/>\n<meta property=\"og:site_name\" content=\"OPEL\" \/>\n<meta property=\"og:image\" content=\"https:\/\/autorival.ro\/opel\/wp-content\/uploads\/sites\/21\/2025\/06\/kit2p-sat-7.jpg\" \/>\n\t<meta property=\"og:image:width\" content=\"1200\" \/>\n\t<meta property=\"og:image:height\" content=\"857\" \/>\n\t<meta property=\"og:image:type\" content=\"image\/jpeg\" \/>\n<meta name=\"twitter:card\" content=\"summary_large_image\" \/>\n<meta name=\"twitter:title\" content=\"Kit ambreiaj OPEL COMBO Tour (X12) 1.6 CDTI (C26, D26, E26, C05) diesel 95 cai VALEO 826865 OPEL | VALEO - Autorival\" \/>\n<meta name=\"twitter:description\" content=\"\u26a1 Kit ambreiaj OPEL COMBO Tour (X12) 1.6 CDTI (C26, D26, E26, C05) diesel 95 cai VALEO 826865 pentru OPEL la doar 860.52 RON. \u2713 Cod: 826865 \u2713 Brand: VALEO \u2713 \u00cen stoc \u2713 Livrare 24h \u2713 Garan\u021bie!\" \/>\n<script type=\"application\/ld+json\" class=\"yoast-schema-graph\">{\"@context\":\"https:\\\/\\\/schema.org\",\"@graph\":[{\"@type\":\"WebPage\",\"@id\":\"https:\\\/\\\/autorival.ro\\\/opel\\\/product\\\/kit-ambreiaj-opel-combo-tour-x12-1-6-cdti-c26-d26-e26-c05-diesel-95-cai-valeo-826865\\\/\",\"url\":\"https:\\\/\\\/autorival.ro\\\/opel\\\/product\\\/kit-ambreiaj-opel-combo-tour-x12-1-6-cdti-c26-d26-e26-c05-diesel-95-cai-valeo-826865\\\/\",\"name\":\"Kit ambreiaj OPEL COMBO Tour (X12) 1.6 CDTI (C26, D26, E26, C05) diesel 95 cai VALEO 826865 OPEL | VALEO - Autorival\",\"isPartOf\":{\"@id\":\"https:\\\/\\\/autorival.ro\\\/opel\\\/#website\"},\"primaryImageOfPage\":{\"@id\":\"https:\\\/\\\/autorival.ro\\\/opel\\\/product\\\/kit-ambreiaj-opel-combo-tour-x12-1-6-cdti-c26-d26-e26-c05-diesel-95-cai-valeo-826865\\\/#primaryimage\"},\"image\":{\"@id\":\"https:\\\/\\\/autorival.ro\\\/opel\\\/product\\\/kit-ambreiaj-opel-combo-tour-x12-1-6-cdti-c26-d26-e26-c05-diesel-95-cai-valeo-826865\\\/#primaryimage\"},\"thumbnailUrl\":\"https:\\\/\\\/autorival.ro\\\/opel\\\/wp-content\\\/uploads\\\/sites\\\/21\\\/2025\\\/06\\\/kit2p-sat-7.jpg\",\"datePublished\":\"2025-06-10T11:39:56+00:00\",\"description\":\"\u26a1 Kit ambreiaj OPEL COMBO Tour (X12) 1.6 CDTI (C26, D26, E26, C05) diesel 95 cai VALEO 826865 pentru OPEL la doar 860.52 RON. \u2713 Cod: 826865 \u2713 Brand: VALEO \u2713 \u00cen stoc \u2713 Livrare 24h \u2713 Garan\u021bie!\",\"breadcrumb\":{\"@id\":\"https:\\\/\\\/autorival.ro\\\/opel\\\/product\\\/kit-ambreiaj-opel-combo-tour-x12-1-6-cdti-c26-d26-e26-c05-diesel-95-cai-valeo-826865\\\/#breadcrumb\"},\"inLanguage\":\"en-US\",\"potentialAction\":[{\"@type\":\"ReadAction\",\"target\":[\"https:\\\/\\\/autorival.ro\\\/opel\\\/product\\\/kit-ambreiaj-opel-combo-tour-x12-1-6-cdti-c26-d26-e26-c05-diesel-95-cai-valeo-826865\\\/\"]}]},{\"@type\":\"ImageObject\",\"inLanguage\":\"en-US\",\"@id\":\"https:\\\/\\\/autorival.ro\\\/opel\\\/product\\\/kit-ambreiaj-opel-combo-tour-x12-1-6-cdti-c26-d26-e26-c05-diesel-95-cai-valeo-826865\\\/#primaryimage\",\"url\":\"https:\\\/\\\/autorival.ro\\\/opel\\\/wp-content\\\/uploads\\\/sites\\\/21\\\/2025\\\/06\\\/kit2p-sat-7.jpg\",\"contentUrl\":\"https:\\\/\\\/autorival.ro\\\/opel\\\/wp-content\\\/uploads\\\/sites\\\/21\\\/2025\\\/06\\\/kit2p-sat-7.jpg\",\"width\":1200,\"height\":857,\"caption\":\"Kit ambreiaj OPEL COMBO Tour (X12) 1.6 CDTI (C26, D26, E26, C05) diesel 95 cai VALEO 826865\"},{\"@type\":\"BreadcrumbList\",\"@id\":\"https:\\\/\\\/autorival.ro\\\/opel\\\/product\\\/kit-ambreiaj-opel-combo-tour-x12-1-6-cdti-c26-d26-e26-c05-diesel-95-cai-valeo-826865\\\/#breadcrumb\",\"itemListElement\":[{\"@type\":\"ListItem\",\"position\":1,\"name\":\"Prima pagin\u0103\",\"item\":\"https:\\\/\\\/autorival.ro\\\/opel\\\/\"},{\"@type\":\"ListItem\",\"position\":2,\"name\":\"Piese auto OPEL\",\"item\":\"https:\\\/\\\/autorival.ro\\\/opel\\\/\"},{\"@type\":\"ListItem\",\"position\":3,\"name\":\"Kit ambreiaj OPEL COMBO Tour (X12) 1.6 CDTI (C26, D26, E26, C05) diesel 95 cai VALEO 826865\"}]},{\"@type\":\"WebSite\",\"@id\":\"https:\\\/\\\/autorival.ro\\\/opel\\\/#website\",\"url\":\"https:\\\/\\\/autorival.ro\\\/opel\\\/\",\"name\":\"OPEL\",\"description\":\"\",\"potentialAction\":[{\"@type\":\"SearchAction\",\"target\":{\"@type\":\"EntryPoint\",\"urlTemplate\":\"https:\\\/\\\/autorival.ro\\\/opel\\\/?s={search_term_string}\"},\"query-input\":{\"@type\":\"PropertyValueSpecification\",\"valueRequired\":true,\"valueName\":\"search_term_string\"}}],\"inLanguage\":\"en-US\"}]}<\/script>\n<!-- \/ Yoast SEO plugin. -->","yoast_head_json":{"title":"Kit ambreiaj OPEL COMBO Tour (X12) 1.6 CDTI (C26, D26, E26, C05) diesel 95 cai VALEO 826865 OPEL | VALEO - Autorival","description":"\u26a1 Kit ambreiaj OPEL COMBO Tour (X12) 1.6 CDTI (C26, D26, E26, C05) diesel 95 cai VALEO 826865 pentru OPEL la doar 860.52 RON. \u2713 Cod: 826865 \u2713 Brand: VALEO \u2713 \u00cen stoc \u2713 Livrare 24h \u2713 Garan\u021bie!","robots":{"index":"index","follow":"follow","max-snippet":"max-snippet:-1","max-image-preview":"max-image-preview:large","max-video-preview":"max-video-preview:-1"},"og_locale":"en_US","og_type":"article","og_title":"Kit ambreiaj OPEL COMBO Tour (X12) 1.6 CDTI (C26, D26, E26, C05) diesel 95 cai VALEO 826865 OPEL | VALEO - Autorival","og_description":"\u26a1 Kit ambreiaj OPEL COMBO Tour (X12) 1.6 CDTI (C26, D26, E26, C05) diesel 95 cai VALEO 826865 pentru OPEL la doar 860.52 RON. \u2713 Cod: 826865 \u2713 Brand: VALEO \u2713 \u00cen stoc \u2713 Livrare 24h \u2713 Garan\u021bie!","og_url":"https:\/\/autorival.ro\/opel\/product\/kit-ambreiaj-opel-combo-tour-x12-1-6-cdti-c26-d26-e26-c05-diesel-95-cai-valeo-826865\/","og_site_name":"OPEL","og_image":[{"width":1200,"height":857,"url":"https:\/\/autorival.ro\/opel\/wp-content\/uploads\/sites\/21\/2025\/06\/kit2p-sat-7.jpg","type":"image\/jpeg"}],"twitter_card":"summary_large_image","twitter_title":"Kit ambreiaj OPEL COMBO Tour (X12) 1.6 CDTI (C26, D26, E26, C05) diesel 95 cai VALEO 826865 OPEL | VALEO - Autorival","twitter_description":"\u26a1 Kit ambreiaj OPEL COMBO Tour (X12) 1.6 CDTI (C26, D26, E26, C05) diesel 95 cai VALEO 826865 pentru OPEL la doar 860.52 RON. \u2713 Cod: 826865 \u2713 Brand: VALEO \u2713 \u00cen stoc \u2713 Livrare 24h \u2713 Garan\u021bie!","schema":{"@context":"https:\/\/schema.org","@graph":[{"@type":"WebPage","@id":"https:\/\/autorival.ro\/opel\/product\/kit-ambreiaj-opel-combo-tour-x12-1-6-cdti-c26-d26-e26-c05-diesel-95-cai-valeo-826865\/","url":"https:\/\/autorival.ro\/opel\/product\/kit-ambreiaj-opel-combo-tour-x12-1-6-cdti-c26-d26-e26-c05-diesel-95-cai-valeo-826865\/","name":"Kit ambreiaj OPEL COMBO Tour (X12) 1.6 CDTI (C26, D26, E26, C05) diesel 95 cai VALEO 826865 OPEL | VALEO - Autorival","isPartOf":{"@id":"https:\/\/autorival.ro\/opel\/#website"},"primaryImageOfPage":{"@id":"https:\/\/autorival.ro\/opel\/product\/kit-ambreiaj-opel-combo-tour-x12-1-6-cdti-c26-d26-e26-c05-diesel-95-cai-valeo-826865\/#primaryimage"},"image":{"@id":"https:\/\/autorival.ro\/opel\/product\/kit-ambreiaj-opel-combo-tour-x12-1-6-cdti-c26-d26-e26-c05-diesel-95-cai-valeo-826865\/#primaryimage"},"thumbnailUrl":"https:\/\/autorival.ro\/opel\/wp-content\/uploads\/sites\/21\/2025\/06\/kit2p-sat-7.jpg","datePublished":"2025-06-10T11:39:56+00:00","description":"\u26a1 Kit ambreiaj OPEL COMBO Tour (X12) 1.6 CDTI (C26, D26, E26, C05) diesel 95 cai VALEO 826865 pentru OPEL la doar 860.52 RON. \u2713 Cod: 826865 \u2713 Brand: VALEO \u2713 \u00cen stoc \u2713 Livrare 24h \u2713 Garan\u021bie!","breadcrumb":{"@id":"https:\/\/autorival.ro\/opel\/product\/kit-ambreiaj-opel-combo-tour-x12-1-6-cdti-c26-d26-e26-c05-diesel-95-cai-valeo-826865\/#breadcrumb"},"inLanguage":"en-US","potentialAction":[{"@type":"ReadAction","target":["https:\/\/autorival.ro\/opel\/product\/kit-ambreiaj-opel-combo-tour-x12-1-6-cdti-c26-d26-e26-c05-diesel-95-cai-valeo-826865\/"]}]},{"@type":"ImageObject","inLanguage":"en-US","@id":"https:\/\/autorival.ro\/opel\/product\/kit-ambreiaj-opel-combo-tour-x12-1-6-cdti-c26-d26-e26-c05-diesel-95-cai-valeo-826865\/#primaryimage","url":"https:\/\/autorival.ro\/opel\/wp-content\/uploads\/sites\/21\/2025\/06\/kit2p-sat-7.jpg","contentUrl":"https:\/\/autorival.ro\/opel\/wp-content\/uploads\/sites\/21\/2025\/06\/kit2p-sat-7.jpg","width":1200,"height":857,"caption":"Kit ambreiaj OPEL COMBO Tour (X12) 1.6 CDTI (C26, D26, E26, C05) diesel 95 cai VALEO 826865"},{"@type":"BreadcrumbList","@id":"https:\/\/autorival.ro\/opel\/product\/kit-ambreiaj-opel-combo-tour-x12-1-6-cdti-c26-d26-e26-c05-diesel-95-cai-valeo-826865\/#breadcrumb","itemListElement":[{"@type":"ListItem","position":1,"name":"Prima pagin\u0103","item":"https:\/\/autorival.ro\/opel\/"},{"@type":"ListItem","position":2,"name":"Piese auto OPEL","item":"https:\/\/autorival.ro\/opel\/"},{"@type":"ListItem","position":3,"name":"Kit ambreiaj OPEL COMBO Tour (X12) 1.6 CDTI (C26, D26, E26, C05) diesel 95 cai VALEO 826865"}]},{"@type":"WebSite","@id":"https:\/\/autorival.ro\/opel\/#website","url":"https:\/\/autorival.ro\/opel\/","name":"OPEL","description":"","potentialAction":[{"@type":"SearchAction","target":{"@type":"EntryPoint","urlTemplate":"https:\/\/autorival.ro\/opel\/?s={search_term_string}"},"query-input":{"@type":"PropertyValueSpecification","valueRequired":true,"valueName":"search_term_string"}}],"inLanguage":"en-US"}]}},"_links":{"self":[{"href":"https:\/\/autorival.ro\/opel\/wp-json\/wp\/v2\/product\/532496","targetHints":{"allow":["GET"]}}],"collection":[{"href":"https:\/\/autorival.ro\/opel\/wp-json\/wp\/v2\/product"}],"about":[{"href":"https:\/\/autorival.ro\/opel\/wp-json\/wp\/v2\/types\/product"}],"replies":[{"embeddable":true,"href":"https:\/\/autorival.ro\/opel\/wp-json\/wp\/v2\/comments?post=532496"}],"wp:featuredmedia":[{"embeddable":true,"href":"https:\/\/autorival.ro\/opel\/wp-json\/wp\/v2\/media\/532497"}],"wp:attachment":[{"href":"https:\/\/autorival.ro\/opel\/wp-json\/wp\/v2\/media?parent=532496"}],"wp:term":[{"taxonomy":"product_brand","embeddable":true,"href":"https:\/\/autorival.ro\/opel\/wp-json\/wp\/v2\/product_brand?post=532496"},{"taxonomy":"product_cat","embeddable":true,"href":"https:\/\/autorival.ro\/opel\/wp-json\/wp\/v2\/product_cat?post=532496"},{"taxonomy":"product_tag","embeddable":true,"href":"https:\/\/autorival.ro\/opel\/wp-json\/wp\/v2\/product_tag?post=532496"}],"curies":[{"name":"wp","href":"https:\/\/api.w.org\/{rel}","templated":true}]}}