{"id":446562,"date":"2025-06-08T12:44:33","date_gmt":"2025-06-08T12:44:33","guid":{"rendered":"https:\/\/autorival.ro\/opel\/product\/filtru-polen-opel-movano-c-platou-sasiu-u9-2-2-d-diesel-165-cai-mann-filter-cuk-2544\/"},"modified":"2025-06-08T12:44:33","modified_gmt":"2025-06-08T12:44:33","slug":"filtru-polen-opel-movano-c-platou-sasiu-u9-2-2-d-diesel-165-cai-mann-filter-cuk-2544","status":"publish","type":"product","link":"https:\/\/autorival.ro\/opel\/product\/filtru-polen-opel-movano-c-platou-sasiu-u9-2-2-d-diesel-165-cai-mann-filter-cuk-2544\/","title":{"rendered":"Filtru polen OPEL MOVANO C platou \/ sasiu (U9) 2.2 D diesel 165 cai MANN-FILTER CUK 2544"},"content":{"rendered":"<p>Tip filtru: Filtru carbon activVersiunea de baz\u0103 (nr. art.): CU 2544Eficien\u021b\u0103 \u00eenalt\u0103 versiunea cu c\u0103rbune activ (nr. art.): FP 2544 ->Lungime [mm]: 250 ->Latime [mm]: 235\u00cenaltime [mm]: 25<\/p>\n","protected":false},"excerpt":{"rendered":"<p>Producator: MANN-FILTER Cod producator: CUK 2544<\/p>\n","protected":false},"featured_media":446563,"comment_status":"open","ping_status":"closed","template":"","meta":[],"product_brand":[15602],"product_cat":[16521],"product_tag":[44213,43863,44152,43332,43324,44203],"class_list":{"0":"post-446562","1":"product","2":"type-product","3":"status-publish","4":"has-post-thumbnail","6":"product_brand-mann-filter","7":"product_cat-filtru-polen-c-platou-sasiu-u9-2-2-d-diesel-165","8":"product_tag-cuk","9":"product_tag-filtru","10":"product_tag-mann","11":"product_tag-movano","12":"product_tag-opel","13":"product_tag-polen","15":"first","16":"instock","17":"shipping-taxable","18":"purchasable","19":"product-type-simple"},"yoast_head":"<!-- This site is optimized with the Yoast SEO plugin v27.3 - https:\/\/yoast.com\/product\/yoast-seo-wordpress\/ -->\n<title>Filtru polen OPEL MOVANO C platou \/ sasiu (U9) 2.2 D diesel 165 cai MANN-FILTER CUK 2544 OPEL | MANN-FILTER - Autorival<\/title>\n<meta name=\"description\" content=\"\u26a1 Filtru polen OPEL MOVANO C platou \/ sasiu (U9) 2.2 D diesel 165 cai MANN-FILTER CUK 2544 pentru OPEL la doar 165.9 RON. \u2713 Cod: CUK \u2713 Brand: MANN-FILTER \u2713 \u00cen stoc \u2713 Livrare 24h \u2713 Garan\u021bie!\" \/>\n<meta name=\"robots\" content=\"index, follow, max-snippet:-1, max-image-preview:large, max-video-preview:-1\" \/>\n<meta property=\"og:locale\" content=\"en_US\" \/>\n<meta property=\"og:type\" content=\"article\" \/>\n<meta property=\"og:title\" content=\"Filtru polen OPEL MOVANO C platou \/ sasiu (U9) 2.2 D diesel 165 cai MANN-FILTER CUK 2544 OPEL | MANN-FILTER - Autorival\" \/>\n<meta property=\"og:description\" content=\"\u26a1 Filtru polen OPEL MOVANO C platou \/ sasiu (U9) 2.2 D diesel 165 cai MANN-FILTER CUK 2544 pentru OPEL la doar 165.9 RON. \u2713 Cod: CUK \u2713 Brand: MANN-FILTER \u2713 \u00cen stoc \u2713 Livrare 24h \u2713 Garan\u021bie!\" \/>\n<meta property=\"og:url\" content=\"https:\/\/autorival.ro\/opel\/product\/filtru-polen-opel-movano-c-platou-sasiu-u9-2-2-d-diesel-165-cai-mann-filter-cuk-2544\/\" \/>\n<meta property=\"og:site_name\" content=\"OPEL\" \/>\n<meta property=\"og:image\" content=\"https:\/\/autorival.ro\/opel\/wp-content\/uploads\/sites\/21\/2025\/06\/cuk_2544-13.jpg\" \/>\n\t<meta property=\"og:image:width\" content=\"1000\" \/>\n\t<meta property=\"og:image:height\" content=\"493\" \/>\n\t<meta property=\"og:image:type\" content=\"image\/jpeg\" \/>\n<meta name=\"twitter:card\" content=\"summary_large_image\" \/>\n<meta name=\"twitter:title\" content=\"Filtru polen OPEL MOVANO C platou \/ sasiu (U9) 2.2 D diesel 165 cai MANN-FILTER CUK 2544 OPEL | MANN-FILTER - Autorival\" \/>\n<meta name=\"twitter:description\" content=\"\u26a1 Filtru polen OPEL MOVANO C platou \/ sasiu (U9) 2.2 D diesel 165 cai MANN-FILTER CUK 2544 pentru OPEL la doar 165.9 RON. \u2713 Cod: CUK \u2713 Brand: MANN-FILTER \u2713 \u00cen stoc \u2713 Livrare 24h \u2713 Garan\u021bie!\" \/>\n<script type=\"application\/ld+json\" class=\"yoast-schema-graph\">{\"@context\":\"https:\\\/\\\/schema.org\",\"@graph\":[{\"@type\":\"WebPage\",\"@id\":\"https:\\\/\\\/autorival.ro\\\/opel\\\/product\\\/filtru-polen-opel-movano-c-platou-sasiu-u9-2-2-d-diesel-165-cai-mann-filter-cuk-2544\\\/\",\"url\":\"https:\\\/\\\/autorival.ro\\\/opel\\\/product\\\/filtru-polen-opel-movano-c-platou-sasiu-u9-2-2-d-diesel-165-cai-mann-filter-cuk-2544\\\/\",\"name\":\"Filtru polen OPEL MOVANO C platou \\\/ sasiu (U9) 2.2 D diesel 165 cai MANN-FILTER CUK 2544 OPEL | MANN-FILTER - Autorival\",\"isPartOf\":{\"@id\":\"https:\\\/\\\/autorival.ro\\\/opel\\\/#website\"},\"primaryImageOfPage\":{\"@id\":\"https:\\\/\\\/autorival.ro\\\/opel\\\/product\\\/filtru-polen-opel-movano-c-platou-sasiu-u9-2-2-d-diesel-165-cai-mann-filter-cuk-2544\\\/#primaryimage\"},\"image\":{\"@id\":\"https:\\\/\\\/autorival.ro\\\/opel\\\/product\\\/filtru-polen-opel-movano-c-platou-sasiu-u9-2-2-d-diesel-165-cai-mann-filter-cuk-2544\\\/#primaryimage\"},\"thumbnailUrl\":\"https:\\\/\\\/autorival.ro\\\/opel\\\/wp-content\\\/uploads\\\/sites\\\/21\\\/2025\\\/06\\\/cuk_2544-13.jpg\",\"datePublished\":\"2025-06-08T12:44:33+00:00\",\"description\":\"\u26a1 Filtru polen OPEL MOVANO C platou \\\/ sasiu (U9) 2.2 D diesel 165 cai MANN-FILTER CUK 2544 pentru OPEL la doar 165.9 RON. \u2713 Cod: CUK \u2713 Brand: MANN-FILTER \u2713 \u00cen stoc \u2713 Livrare 24h \u2713 Garan\u021bie!\",\"breadcrumb\":{\"@id\":\"https:\\\/\\\/autorival.ro\\\/opel\\\/product\\\/filtru-polen-opel-movano-c-platou-sasiu-u9-2-2-d-diesel-165-cai-mann-filter-cuk-2544\\\/#breadcrumb\"},\"inLanguage\":\"en-US\",\"potentialAction\":[{\"@type\":\"ReadAction\",\"target\":[\"https:\\\/\\\/autorival.ro\\\/opel\\\/product\\\/filtru-polen-opel-movano-c-platou-sasiu-u9-2-2-d-diesel-165-cai-mann-filter-cuk-2544\\\/\"]}]},{\"@type\":\"ImageObject\",\"inLanguage\":\"en-US\",\"@id\":\"https:\\\/\\\/autorival.ro\\\/opel\\\/product\\\/filtru-polen-opel-movano-c-platou-sasiu-u9-2-2-d-diesel-165-cai-mann-filter-cuk-2544\\\/#primaryimage\",\"url\":\"https:\\\/\\\/autorival.ro\\\/opel\\\/wp-content\\\/uploads\\\/sites\\\/21\\\/2025\\\/06\\\/cuk_2544-13.jpg\",\"contentUrl\":\"https:\\\/\\\/autorival.ro\\\/opel\\\/wp-content\\\/uploads\\\/sites\\\/21\\\/2025\\\/06\\\/cuk_2544-13.jpg\",\"width\":1000,\"height\":493,\"caption\":\"Filtru polen OPEL MOVANO C platou \\\/ sasiu (U9) 2.2 D diesel 165 cai MANN-FILTER CUK 2544\"},{\"@type\":\"BreadcrumbList\",\"@id\":\"https:\\\/\\\/autorival.ro\\\/opel\\\/product\\\/filtru-polen-opel-movano-c-platou-sasiu-u9-2-2-d-diesel-165-cai-mann-filter-cuk-2544\\\/#breadcrumb\",\"itemListElement\":[{\"@type\":\"ListItem\",\"position\":1,\"name\":\"Prima pagin\u0103\",\"item\":\"https:\\\/\\\/autorival.ro\\\/opel\\\/\"},{\"@type\":\"ListItem\",\"position\":2,\"name\":\"Piese auto OPEL\",\"item\":\"https:\\\/\\\/autorival.ro\\\/opel\\\/\"},{\"@type\":\"ListItem\",\"position\":3,\"name\":\"Filtru polen OPEL MOVANO C platou \\\/ sasiu (U9) 2.2 D diesel 165 cai MANN-FILTER CUK 2544\"}]},{\"@type\":\"WebSite\",\"@id\":\"https:\\\/\\\/autorival.ro\\\/opel\\\/#website\",\"url\":\"https:\\\/\\\/autorival.ro\\\/opel\\\/\",\"name\":\"OPEL\",\"description\":\"\",\"potentialAction\":[{\"@type\":\"SearchAction\",\"target\":{\"@type\":\"EntryPoint\",\"urlTemplate\":\"https:\\\/\\\/autorival.ro\\\/opel\\\/?s={search_term_string}\"},\"query-input\":{\"@type\":\"PropertyValueSpecification\",\"valueRequired\":true,\"valueName\":\"search_term_string\"}}],\"inLanguage\":\"en-US\"}]}<\/script>\n<!-- \/ Yoast SEO plugin. -->","yoast_head_json":{"title":"Filtru polen OPEL MOVANO C platou \/ sasiu (U9) 2.2 D diesel 165 cai MANN-FILTER CUK 2544 OPEL | MANN-FILTER - Autorival","description":"\u26a1 Filtru polen OPEL MOVANO C platou \/ sasiu (U9) 2.2 D diesel 165 cai MANN-FILTER CUK 2544 pentru OPEL la doar 165.9 RON. \u2713 Cod: CUK \u2713 Brand: MANN-FILTER \u2713 \u00cen stoc \u2713 Livrare 24h \u2713 Garan\u021bie!","robots":{"index":"index","follow":"follow","max-snippet":"max-snippet:-1","max-image-preview":"max-image-preview:large","max-video-preview":"max-video-preview:-1"},"og_locale":"en_US","og_type":"article","og_title":"Filtru polen OPEL MOVANO C platou \/ sasiu (U9) 2.2 D diesel 165 cai MANN-FILTER CUK 2544 OPEL | MANN-FILTER - Autorival","og_description":"\u26a1 Filtru polen OPEL MOVANO C platou \/ sasiu (U9) 2.2 D diesel 165 cai MANN-FILTER CUK 2544 pentru OPEL la doar 165.9 RON. \u2713 Cod: CUK \u2713 Brand: MANN-FILTER \u2713 \u00cen stoc \u2713 Livrare 24h \u2713 Garan\u021bie!","og_url":"https:\/\/autorival.ro\/opel\/product\/filtru-polen-opel-movano-c-platou-sasiu-u9-2-2-d-diesel-165-cai-mann-filter-cuk-2544\/","og_site_name":"OPEL","og_image":[{"width":1000,"height":493,"url":"https:\/\/autorival.ro\/opel\/wp-content\/uploads\/sites\/21\/2025\/06\/cuk_2544-13.jpg","type":"image\/jpeg"}],"twitter_card":"summary_large_image","twitter_title":"Filtru polen OPEL MOVANO C platou \/ sasiu (U9) 2.2 D diesel 165 cai MANN-FILTER CUK 2544 OPEL | MANN-FILTER - Autorival","twitter_description":"\u26a1 Filtru polen OPEL MOVANO C platou \/ sasiu (U9) 2.2 D diesel 165 cai MANN-FILTER CUK 2544 pentru OPEL la doar 165.9 RON. \u2713 Cod: CUK \u2713 Brand: MANN-FILTER \u2713 \u00cen stoc \u2713 Livrare 24h \u2713 Garan\u021bie!","schema":{"@context":"https:\/\/schema.org","@graph":[{"@type":"WebPage","@id":"https:\/\/autorival.ro\/opel\/product\/filtru-polen-opel-movano-c-platou-sasiu-u9-2-2-d-diesel-165-cai-mann-filter-cuk-2544\/","url":"https:\/\/autorival.ro\/opel\/product\/filtru-polen-opel-movano-c-platou-sasiu-u9-2-2-d-diesel-165-cai-mann-filter-cuk-2544\/","name":"Filtru polen OPEL MOVANO C platou \/ sasiu (U9) 2.2 D diesel 165 cai MANN-FILTER CUK 2544 OPEL | MANN-FILTER - Autorival","isPartOf":{"@id":"https:\/\/autorival.ro\/opel\/#website"},"primaryImageOfPage":{"@id":"https:\/\/autorival.ro\/opel\/product\/filtru-polen-opel-movano-c-platou-sasiu-u9-2-2-d-diesel-165-cai-mann-filter-cuk-2544\/#primaryimage"},"image":{"@id":"https:\/\/autorival.ro\/opel\/product\/filtru-polen-opel-movano-c-platou-sasiu-u9-2-2-d-diesel-165-cai-mann-filter-cuk-2544\/#primaryimage"},"thumbnailUrl":"https:\/\/autorival.ro\/opel\/wp-content\/uploads\/sites\/21\/2025\/06\/cuk_2544-13.jpg","datePublished":"2025-06-08T12:44:33+00:00","description":"\u26a1 Filtru polen OPEL MOVANO C platou \/ sasiu (U9) 2.2 D diesel 165 cai MANN-FILTER CUK 2544 pentru OPEL la doar 165.9 RON. \u2713 Cod: CUK \u2713 Brand: MANN-FILTER \u2713 \u00cen stoc \u2713 Livrare 24h \u2713 Garan\u021bie!","breadcrumb":{"@id":"https:\/\/autorival.ro\/opel\/product\/filtru-polen-opel-movano-c-platou-sasiu-u9-2-2-d-diesel-165-cai-mann-filter-cuk-2544\/#breadcrumb"},"inLanguage":"en-US","potentialAction":[{"@type":"ReadAction","target":["https:\/\/autorival.ro\/opel\/product\/filtru-polen-opel-movano-c-platou-sasiu-u9-2-2-d-diesel-165-cai-mann-filter-cuk-2544\/"]}]},{"@type":"ImageObject","inLanguage":"en-US","@id":"https:\/\/autorival.ro\/opel\/product\/filtru-polen-opel-movano-c-platou-sasiu-u9-2-2-d-diesel-165-cai-mann-filter-cuk-2544\/#primaryimage","url":"https:\/\/autorival.ro\/opel\/wp-content\/uploads\/sites\/21\/2025\/06\/cuk_2544-13.jpg","contentUrl":"https:\/\/autorival.ro\/opel\/wp-content\/uploads\/sites\/21\/2025\/06\/cuk_2544-13.jpg","width":1000,"height":493,"caption":"Filtru polen OPEL MOVANO C platou \/ sasiu (U9) 2.2 D diesel 165 cai MANN-FILTER CUK 2544"},{"@type":"BreadcrumbList","@id":"https:\/\/autorival.ro\/opel\/product\/filtru-polen-opel-movano-c-platou-sasiu-u9-2-2-d-diesel-165-cai-mann-filter-cuk-2544\/#breadcrumb","itemListElement":[{"@type":"ListItem","position":1,"name":"Prima pagin\u0103","item":"https:\/\/autorival.ro\/opel\/"},{"@type":"ListItem","position":2,"name":"Piese auto OPEL","item":"https:\/\/autorival.ro\/opel\/"},{"@type":"ListItem","position":3,"name":"Filtru polen OPEL MOVANO C platou \/ sasiu (U9) 2.2 D diesel 165 cai MANN-FILTER CUK 2544"}]},{"@type":"WebSite","@id":"https:\/\/autorival.ro\/opel\/#website","url":"https:\/\/autorival.ro\/opel\/","name":"OPEL","description":"","potentialAction":[{"@type":"SearchAction","target":{"@type":"EntryPoint","urlTemplate":"https:\/\/autorival.ro\/opel\/?s={search_term_string}"},"query-input":{"@type":"PropertyValueSpecification","valueRequired":true,"valueName":"search_term_string"}}],"inLanguage":"en-US"}]}},"_links":{"self":[{"href":"https:\/\/autorival.ro\/opel\/wp-json\/wp\/v2\/product\/446562","targetHints":{"allow":["GET"]}}],"collection":[{"href":"https:\/\/autorival.ro\/opel\/wp-json\/wp\/v2\/product"}],"about":[{"href":"https:\/\/autorival.ro\/opel\/wp-json\/wp\/v2\/types\/product"}],"replies":[{"embeddable":true,"href":"https:\/\/autorival.ro\/opel\/wp-json\/wp\/v2\/comments?post=446562"}],"wp:featuredmedia":[{"embeddable":true,"href":"https:\/\/autorival.ro\/opel\/wp-json\/wp\/v2\/media\/446563"}],"wp:attachment":[{"href":"https:\/\/autorival.ro\/opel\/wp-json\/wp\/v2\/media?parent=446562"}],"wp:term":[{"taxonomy":"product_brand","embeddable":true,"href":"https:\/\/autorival.ro\/opel\/wp-json\/wp\/v2\/product_brand?post=446562"},{"taxonomy":"product_cat","embeddable":true,"href":"https:\/\/autorival.ro\/opel\/wp-json\/wp\/v2\/product_cat?post=446562"},{"taxonomy":"product_tag","embeddable":true,"href":"https:\/\/autorival.ro\/opel\/wp-json\/wp\/v2\/product_tag?post=446562"}],"curies":[{"name":"wp","href":"https:\/\/api.w.org\/{rel}","templated":true}]}}