{"id":376620,"date":"2025-06-07T06:34:12","date_gmt":"2025-06-07T06:34:12","guid":{"rendered":"https:\/\/autorival.ro\/opel\/product\/far-opel-mokka-1-5-76-diesel-110-cai-valeo-451044\/"},"modified":"2025-06-07T06:34:12","modified_gmt":"2025-06-07T06:34:12","slug":"far-opel-mokka-1-5-76-diesel-110-cai-valeo-451044","status":"publish","type":"product","link":"https:\/\/autorival.ro\/opel\/product\/far-opel-mokka-1-5-76-diesel-110-cai-valeo-451044\/","title":{"rendered":"Far OPEL MOKKA 1.5 (76) diesel 110 cai VALEO 451044"},"content":{"rendered":"<p>Articol extins\/Informatii de extindere: cu LEDArticol extins\/Informatii de extindere: cu marc\u0103 original\u0103, f\u0103r\u0103 bec cu incandescen\u021b\u0103 pentru faz\u0103 scurt\u0103, f\u0103r\u0103 bec cu incandescen\u021b\u0103 pentru faz\u0103 lung\u0103, f\u0103r\u0103 bec cu incandescen\u021b\u0103 pentru lumini de zi, f\u0103r\u0103 bec cu incandescen\u021b\u0103 pentru semnalizatorTrafic pe st\u00e2nga\/dreapta: pentru trafic pe dreaptaPartea de montare: stangaFunctie de lampa: cu lumina de intalnire (LED), cu semnalizator (LED), cu lumina de circula ziua (LED), cu lumina de pozitie (LED)Constructie lampa: LEDCuloare semnalizator: transparentNumar articol par: 451045 ->Greutate [kg]: 5,57<\/p>\n","protected":false},"excerpt":{"rendered":"<p>Producator: VALEO Cod producator: 451044<\/p>\n","protected":false},"featured_media":376621,"comment_status":"open","ping_status":"closed","template":"","meta":[],"product_brand":[307],"product_cat":[15392],"product_tag":[43475,43473,43616,43341,43324,43401],"class_list":{"0":"post-376620","1":"product","2":"type-product","3":"status-publish","4":"has-post-thumbnail","6":"product_brand-valeo","7":"product_cat-far-1-5-76-diesel-110","8":"product_tag-43475","9":"product_tag-1-5","10":"product_tag-far","11":"product_tag-mokka","12":"product_tag-opel","13":"product_tag-valeo","15":"first","16":"instock","17":"shipping-taxable","18":"purchasable","19":"product-type-simple"},"yoast_head":"<!-- This site is optimized with the Yoast SEO plugin v27.4 - https:\/\/yoast.com\/product\/yoast-seo-wordpress\/ -->\n<title>Far OPEL MOKKA 1.5 (76) diesel 110 cai VALEO 451044 OPEL | VALEO - Autorival<\/title>\n<meta name=\"description\" content=\"\u26a1 Far OPEL MOKKA 1.5 (76) diesel 110 cai VALEO 451044 pentru OPEL la doar 4672.02 RON. \u2713 Cod: 451044 \u2713 Brand: VALEO \u2713 \u00cen stoc \u2713 Livrare 24h \u2713 Garan\u021bie!\" \/>\n<meta name=\"robots\" content=\"index, follow, max-snippet:-1, max-image-preview:large, max-video-preview:-1\" \/>\n<meta property=\"og:locale\" content=\"en_US\" \/>\n<meta property=\"og:type\" content=\"article\" \/>\n<meta property=\"og:title\" content=\"Far OPEL MOKKA 1.5 (76) diesel 110 cai VALEO 451044 OPEL | VALEO - Autorival\" \/>\n<meta property=\"og:description\" content=\"\u26a1 Far OPEL MOKKA 1.5 (76) diesel 110 cai VALEO 451044 pentru OPEL la doar 4672.02 RON. \u2713 Cod: 451044 \u2713 Brand: VALEO \u2713 \u00cen stoc \u2713 Livrare 24h \u2713 Garan\u021bie!\" \/>\n<meta property=\"og:url\" content=\"https:\/\/autorival.ro\/opel\/product\/far-opel-mokka-1-5-76-diesel-110-cai-valeo-451044\/\" \/>\n<meta property=\"og:site_name\" content=\"OPEL\" \/>\n<meta property=\"og:image\" content=\"https:\/\/autorival.ro\/opel\/wp-content\/uploads\/sites\/21\/2025\/06\/headlamp_451044_01-2.jpg\" \/>\n\t<meta property=\"og:image:width\" content=\"1200\" \/>\n\t<meta property=\"og:image:height\" content=\"800\" \/>\n\t<meta property=\"og:image:type\" content=\"image\/jpeg\" \/>\n<meta name=\"twitter:card\" content=\"summary_large_image\" \/>\n<meta name=\"twitter:title\" content=\"Far OPEL MOKKA 1.5 (76) diesel 110 cai VALEO 451044 OPEL | VALEO - Autorival\" \/>\n<meta name=\"twitter:description\" content=\"\u26a1 Far OPEL MOKKA 1.5 (76) diesel 110 cai VALEO 451044 pentru OPEL la doar 4672.02 RON. \u2713 Cod: 451044 \u2713 Brand: VALEO \u2713 \u00cen stoc \u2713 Livrare 24h \u2713 Garan\u021bie!\" \/>\n<script type=\"application\/ld+json\" class=\"yoast-schema-graph\">{\"@context\":\"https:\\\/\\\/schema.org\",\"@graph\":[{\"@type\":\"WebPage\",\"@id\":\"https:\\\/\\\/autorival.ro\\\/opel\\\/product\\\/far-opel-mokka-1-5-76-diesel-110-cai-valeo-451044\\\/\",\"url\":\"https:\\\/\\\/autorival.ro\\\/opel\\\/product\\\/far-opel-mokka-1-5-76-diesel-110-cai-valeo-451044\\\/\",\"name\":\"Far OPEL MOKKA 1.5 (76) diesel 110 cai VALEO 451044 OPEL | VALEO - Autorival\",\"isPartOf\":{\"@id\":\"https:\\\/\\\/autorival.ro\\\/opel\\\/#website\"},\"primaryImageOfPage\":{\"@id\":\"https:\\\/\\\/autorival.ro\\\/opel\\\/product\\\/far-opel-mokka-1-5-76-diesel-110-cai-valeo-451044\\\/#primaryimage\"},\"image\":{\"@id\":\"https:\\\/\\\/autorival.ro\\\/opel\\\/product\\\/far-opel-mokka-1-5-76-diesel-110-cai-valeo-451044\\\/#primaryimage\"},\"thumbnailUrl\":\"https:\\\/\\\/autorival.ro\\\/opel\\\/wp-content\\\/uploads\\\/sites\\\/21\\\/2025\\\/06\\\/headlamp_451044_01-2.jpg\",\"datePublished\":\"2025-06-07T06:34:12+00:00\",\"description\":\"\u26a1 Far OPEL MOKKA 1.5 (76) diesel 110 cai VALEO 451044 pentru OPEL la doar 4672.02 RON. \u2713 Cod: 451044 \u2713 Brand: VALEO \u2713 \u00cen stoc \u2713 Livrare 24h \u2713 Garan\u021bie!\",\"breadcrumb\":{\"@id\":\"https:\\\/\\\/autorival.ro\\\/opel\\\/product\\\/far-opel-mokka-1-5-76-diesel-110-cai-valeo-451044\\\/#breadcrumb\"},\"inLanguage\":\"en-US\",\"potentialAction\":[{\"@type\":\"ReadAction\",\"target\":[\"https:\\\/\\\/autorival.ro\\\/opel\\\/product\\\/far-opel-mokka-1-5-76-diesel-110-cai-valeo-451044\\\/\"]}]},{\"@type\":\"ImageObject\",\"inLanguage\":\"en-US\",\"@id\":\"https:\\\/\\\/autorival.ro\\\/opel\\\/product\\\/far-opel-mokka-1-5-76-diesel-110-cai-valeo-451044\\\/#primaryimage\",\"url\":\"https:\\\/\\\/autorival.ro\\\/opel\\\/wp-content\\\/uploads\\\/sites\\\/21\\\/2025\\\/06\\\/headlamp_451044_01-2.jpg\",\"contentUrl\":\"https:\\\/\\\/autorival.ro\\\/opel\\\/wp-content\\\/uploads\\\/sites\\\/21\\\/2025\\\/06\\\/headlamp_451044_01-2.jpg\",\"width\":1200,\"height\":800,\"caption\":\"Far OPEL MOKKA 1.5 (76) diesel 110 cai VALEO 451044\"},{\"@type\":\"BreadcrumbList\",\"@id\":\"https:\\\/\\\/autorival.ro\\\/opel\\\/product\\\/far-opel-mokka-1-5-76-diesel-110-cai-valeo-451044\\\/#breadcrumb\",\"itemListElement\":[{\"@type\":\"ListItem\",\"position\":1,\"name\":\"Prima pagin\u0103\",\"item\":\"https:\\\/\\\/autorival.ro\\\/opel\\\/\"},{\"@type\":\"ListItem\",\"position\":2,\"name\":\"Piese auto OPEL\",\"item\":\"https:\\\/\\\/autorival.ro\\\/opel\\\/\"},{\"@type\":\"ListItem\",\"position\":3,\"name\":\"Far OPEL MOKKA 1.5 (76) diesel 110 cai VALEO 451044\"}]},{\"@type\":\"WebSite\",\"@id\":\"https:\\\/\\\/autorival.ro\\\/opel\\\/#website\",\"url\":\"https:\\\/\\\/autorival.ro\\\/opel\\\/\",\"name\":\"OPEL\",\"description\":\"\",\"potentialAction\":[{\"@type\":\"SearchAction\",\"target\":{\"@type\":\"EntryPoint\",\"urlTemplate\":\"https:\\\/\\\/autorival.ro\\\/opel\\\/?s={search_term_string}\"},\"query-input\":{\"@type\":\"PropertyValueSpecification\",\"valueRequired\":true,\"valueName\":\"search_term_string\"}}],\"inLanguage\":\"en-US\"}]}<\/script>\n<!-- \/ Yoast SEO plugin. -->","yoast_head_json":{"title":"Far OPEL MOKKA 1.5 (76) diesel 110 cai VALEO 451044 OPEL | VALEO - Autorival","description":"\u26a1 Far OPEL MOKKA 1.5 (76) diesel 110 cai VALEO 451044 pentru OPEL la doar 4672.02 RON. \u2713 Cod: 451044 \u2713 Brand: VALEO \u2713 \u00cen stoc \u2713 Livrare 24h \u2713 Garan\u021bie!","robots":{"index":"index","follow":"follow","max-snippet":"max-snippet:-1","max-image-preview":"max-image-preview:large","max-video-preview":"max-video-preview:-1"},"og_locale":"en_US","og_type":"article","og_title":"Far OPEL MOKKA 1.5 (76) diesel 110 cai VALEO 451044 OPEL | VALEO - Autorival","og_description":"\u26a1 Far OPEL MOKKA 1.5 (76) diesel 110 cai VALEO 451044 pentru OPEL la doar 4672.02 RON. \u2713 Cod: 451044 \u2713 Brand: VALEO \u2713 \u00cen stoc \u2713 Livrare 24h \u2713 Garan\u021bie!","og_url":"https:\/\/autorival.ro\/opel\/product\/far-opel-mokka-1-5-76-diesel-110-cai-valeo-451044\/","og_site_name":"OPEL","og_image":[{"width":1200,"height":800,"url":"https:\/\/autorival.ro\/opel\/wp-content\/uploads\/sites\/21\/2025\/06\/headlamp_451044_01-2.jpg","type":"image\/jpeg"}],"twitter_card":"summary_large_image","twitter_title":"Far OPEL MOKKA 1.5 (76) diesel 110 cai VALEO 451044 OPEL | VALEO - Autorival","twitter_description":"\u26a1 Far OPEL MOKKA 1.5 (76) diesel 110 cai VALEO 451044 pentru OPEL la doar 4672.02 RON. \u2713 Cod: 451044 \u2713 Brand: VALEO \u2713 \u00cen stoc \u2713 Livrare 24h \u2713 Garan\u021bie!","schema":{"@context":"https:\/\/schema.org","@graph":[{"@type":"WebPage","@id":"https:\/\/autorival.ro\/opel\/product\/far-opel-mokka-1-5-76-diesel-110-cai-valeo-451044\/","url":"https:\/\/autorival.ro\/opel\/product\/far-opel-mokka-1-5-76-diesel-110-cai-valeo-451044\/","name":"Far OPEL MOKKA 1.5 (76) diesel 110 cai VALEO 451044 OPEL | VALEO - Autorival","isPartOf":{"@id":"https:\/\/autorival.ro\/opel\/#website"},"primaryImageOfPage":{"@id":"https:\/\/autorival.ro\/opel\/product\/far-opel-mokka-1-5-76-diesel-110-cai-valeo-451044\/#primaryimage"},"image":{"@id":"https:\/\/autorival.ro\/opel\/product\/far-opel-mokka-1-5-76-diesel-110-cai-valeo-451044\/#primaryimage"},"thumbnailUrl":"https:\/\/autorival.ro\/opel\/wp-content\/uploads\/sites\/21\/2025\/06\/headlamp_451044_01-2.jpg","datePublished":"2025-06-07T06:34:12+00:00","description":"\u26a1 Far OPEL MOKKA 1.5 (76) diesel 110 cai VALEO 451044 pentru OPEL la doar 4672.02 RON. \u2713 Cod: 451044 \u2713 Brand: VALEO \u2713 \u00cen stoc \u2713 Livrare 24h \u2713 Garan\u021bie!","breadcrumb":{"@id":"https:\/\/autorival.ro\/opel\/product\/far-opel-mokka-1-5-76-diesel-110-cai-valeo-451044\/#breadcrumb"},"inLanguage":"en-US","potentialAction":[{"@type":"ReadAction","target":["https:\/\/autorival.ro\/opel\/product\/far-opel-mokka-1-5-76-diesel-110-cai-valeo-451044\/"]}]},{"@type":"ImageObject","inLanguage":"en-US","@id":"https:\/\/autorival.ro\/opel\/product\/far-opel-mokka-1-5-76-diesel-110-cai-valeo-451044\/#primaryimage","url":"https:\/\/autorival.ro\/opel\/wp-content\/uploads\/sites\/21\/2025\/06\/headlamp_451044_01-2.jpg","contentUrl":"https:\/\/autorival.ro\/opel\/wp-content\/uploads\/sites\/21\/2025\/06\/headlamp_451044_01-2.jpg","width":1200,"height":800,"caption":"Far OPEL MOKKA 1.5 (76) diesel 110 cai VALEO 451044"},{"@type":"BreadcrumbList","@id":"https:\/\/autorival.ro\/opel\/product\/far-opel-mokka-1-5-76-diesel-110-cai-valeo-451044\/#breadcrumb","itemListElement":[{"@type":"ListItem","position":1,"name":"Prima pagin\u0103","item":"https:\/\/autorival.ro\/opel\/"},{"@type":"ListItem","position":2,"name":"Piese auto OPEL","item":"https:\/\/autorival.ro\/opel\/"},{"@type":"ListItem","position":3,"name":"Far OPEL MOKKA 1.5 (76) diesel 110 cai VALEO 451044"}]},{"@type":"WebSite","@id":"https:\/\/autorival.ro\/opel\/#website","url":"https:\/\/autorival.ro\/opel\/","name":"OPEL","description":"","potentialAction":[{"@type":"SearchAction","target":{"@type":"EntryPoint","urlTemplate":"https:\/\/autorival.ro\/opel\/?s={search_term_string}"},"query-input":{"@type":"PropertyValueSpecification","valueRequired":true,"valueName":"search_term_string"}}],"inLanguage":"en-US"}]}},"_links":{"self":[{"href":"https:\/\/autorival.ro\/opel\/wp-json\/wp\/v2\/product\/376620","targetHints":{"allow":["GET"]}}],"collection":[{"href":"https:\/\/autorival.ro\/opel\/wp-json\/wp\/v2\/product"}],"about":[{"href":"https:\/\/autorival.ro\/opel\/wp-json\/wp\/v2\/types\/product"}],"replies":[{"embeddable":true,"href":"https:\/\/autorival.ro\/opel\/wp-json\/wp\/v2\/comments?post=376620"}],"wp:featuredmedia":[{"embeddable":true,"href":"https:\/\/autorival.ro\/opel\/wp-json\/wp\/v2\/media\/376621"}],"wp:attachment":[{"href":"https:\/\/autorival.ro\/opel\/wp-json\/wp\/v2\/media?parent=376620"}],"wp:term":[{"taxonomy":"product_brand","embeddable":true,"href":"https:\/\/autorival.ro\/opel\/wp-json\/wp\/v2\/product_brand?post=376620"},{"taxonomy":"product_cat","embeddable":true,"href":"https:\/\/autorival.ro\/opel\/wp-json\/wp\/v2\/product_cat?post=376620"},{"taxonomy":"product_tag","embeddable":true,"href":"https:\/\/autorival.ro\/opel\/wp-json\/wp\/v2\/product_tag?post=376620"}],"curies":[{"name":"wp","href":"https:\/\/api.w.org\/{rel}","templated":true}]}}