{"id":375584,"date":"2025-06-07T06:11:07","date_gmt":"2025-06-07T06:11:07","guid":{"rendered":"https:\/\/autorival.ro\/opel\/product\/far-opel-combo-e-tour-life-k9-1-5-diesel-76-cai-valeo-450630\/"},"modified":"2025-06-07T06:11:07","modified_gmt":"2025-06-07T06:11:07","slug":"far-opel-combo-e-tour-life-k9-1-5-diesel-76-cai-valeo-450630","status":"publish","type":"product","link":"https:\/\/autorival.ro\/opel\/product\/far-opel-combo-e-tour-life-k9-1-5-diesel-76-cai-valeo-450630\/","title":{"rendered":"Far OPEL COMBO E Tour \/ Life (K9) 1.5 diesel 76 cai VALEO 450630"},"content":{"rendered":"<p>Trafic pe st\u00e2nga\/dreapta: pentru trafic pe dreaptaPartea de montare: stangaFunctie de lampa: cu faza scurta, cu lumini de delimitareTIp lampa: H7, H1, PY21W, W21\/5WArticol extins\/Informatii de extindere: cu bec cu incandescen\u021b\u0103 pentru faz\u0103 scurt\u0103, cu bec cu incandescen\u021b\u0103 pentru faz\u0103 lung\u0103, cu bec cu incandescen\u021b\u0103 pentru lumini de zi, f\u0103r\u0103 bec cu incandescen\u021b\u0103 pentru semnalizatorConstructie lampa: HalogenArticol completare\/Info suplimentar 2: cu motor reglaj LWREchipament vehicul: pentru vehicule cu reglare faruri (electric\u0103) ->Greutate [kg]: 4,54<\/p>\n","protected":false},"excerpt":{"rendered":"<p>Producator: VALEO Cod producator: 450630<\/p>\n","protected":false},"featured_media":661914,"comment_status":"open","ping_status":"closed","template":"","meta":[],"product_brand":[307],"product_cat":[15344],"product_tag":[43325,43616,43423,43324,43340,43401],"class_list":{"0":"post-375584","1":"product","2":"type-product","3":"status-publish","4":"has-post-thumbnail","6":"product_brand-valeo","7":"product_cat-far-e-tour-life-k9-1-5-diesel-76","8":"product_tag-combo","9":"product_tag-far","10":"product_tag-life","11":"product_tag-opel","12":"product_tag-tour","13":"product_tag-valeo","15":"first","16":"instock","17":"shipping-taxable","18":"purchasable","19":"product-type-simple"},"yoast_head":"<!-- This site is optimized with the Yoast SEO plugin v27.3 - https:\/\/yoast.com\/product\/yoast-seo-wordpress\/ -->\n<title>Far OPEL COMBO E Tour \/ Life (K9) 1.5 diesel 76 cai VALEO 450630 - OPEL<\/title>\n<meta name=\"robots\" content=\"index, follow, max-snippet:-1, max-image-preview:large, max-video-preview:-1\" \/>\n<meta property=\"og:locale\" content=\"en_US\" \/>\n<meta property=\"og:type\" content=\"article\" \/>\n<meta property=\"og:title\" content=\"Far OPEL COMBO E Tour \/ Life (K9) 1.5 diesel 76 cai VALEO 450630 - OPEL\" \/>\n<meta property=\"og:description\" content=\"Producator: VALEO Cod producator: 450630\" \/>\n<meta property=\"og:url\" content=\"https:\/\/autorival.ro\/opel\/product\/far-opel-combo-e-tour-life-k9-1-5-diesel-76-cai-valeo-450630\/\" \/>\n<meta property=\"og:site_name\" content=\"OPEL\" \/>\n<meta property=\"og:image\" content=\"https:\/\/autorival.ro\/opel\/wp-content\/uploads\/sites\/21\/2025\/06\/Opel0105.png\" \/>\n\t<meta property=\"og:image:width\" content=\"400\" \/>\n\t<meta property=\"og:image:height\" content=\"225\" \/>\n\t<meta property=\"og:image:type\" content=\"image\/png\" \/>\n<meta name=\"twitter:card\" content=\"summary_large_image\" \/>\n<script type=\"application\/ld+json\" class=\"yoast-schema-graph\">{\"@context\":\"https:\\\/\\\/schema.org\",\"@graph\":[{\"@type\":\"WebPage\",\"@id\":\"https:\\\/\\\/autorival.ro\\\/opel\\\/product\\\/far-opel-combo-e-tour-life-k9-1-5-diesel-76-cai-valeo-450630\\\/\",\"url\":\"https:\\\/\\\/autorival.ro\\\/opel\\\/product\\\/far-opel-combo-e-tour-life-k9-1-5-diesel-76-cai-valeo-450630\\\/\",\"name\":\"Far OPEL COMBO E Tour \\\/ Life (K9) 1.5 diesel 76 cai VALEO 450630 - OPEL\",\"isPartOf\":{\"@id\":\"https:\\\/\\\/autorival.ro\\\/opel\\\/#website\"},\"primaryImageOfPage\":{\"@id\":\"https:\\\/\\\/autorival.ro\\\/opel\\\/product\\\/far-opel-combo-e-tour-life-k9-1-5-diesel-76-cai-valeo-450630\\\/#primaryimage\"},\"image\":{\"@id\":\"https:\\\/\\\/autorival.ro\\\/opel\\\/product\\\/far-opel-combo-e-tour-life-k9-1-5-diesel-76-cai-valeo-450630\\\/#primaryimage\"},\"thumbnailUrl\":\"https:\\\/\\\/autorival.ro\\\/opel\\\/wp-content\\\/uploads\\\/sites\\\/21\\\/2025\\\/06\\\/Opel0105.png\",\"datePublished\":\"2025-06-07T06:11:07+00:00\",\"breadcrumb\":{\"@id\":\"https:\\\/\\\/autorival.ro\\\/opel\\\/product\\\/far-opel-combo-e-tour-life-k9-1-5-diesel-76-cai-valeo-450630\\\/#breadcrumb\"},\"inLanguage\":\"en-US\",\"potentialAction\":[{\"@type\":\"ReadAction\",\"target\":[\"https:\\\/\\\/autorival.ro\\\/opel\\\/product\\\/far-opel-combo-e-tour-life-k9-1-5-diesel-76-cai-valeo-450630\\\/\"]}]},{\"@type\":\"ImageObject\",\"inLanguage\":\"en-US\",\"@id\":\"https:\\\/\\\/autorival.ro\\\/opel\\\/product\\\/far-opel-combo-e-tour-life-k9-1-5-diesel-76-cai-valeo-450630\\\/#primaryimage\",\"url\":\"https:\\\/\\\/autorival.ro\\\/opel\\\/wp-content\\\/uploads\\\/sites\\\/21\\\/2025\\\/06\\\/Opel0105.png\",\"contentUrl\":\"https:\\\/\\\/autorival.ro\\\/opel\\\/wp-content\\\/uploads\\\/sites\\\/21\\\/2025\\\/06\\\/Opel0105.png\",\"width\":400,\"height\":225},{\"@type\":\"BreadcrumbList\",\"@id\":\"https:\\\/\\\/autorival.ro\\\/opel\\\/product\\\/far-opel-combo-e-tour-life-k9-1-5-diesel-76-cai-valeo-450630\\\/#breadcrumb\",\"itemListElement\":[{\"@type\":\"ListItem\",\"position\":1,\"name\":\"Prima pagin\u0103\",\"item\":\"https:\\\/\\\/autorival.ro\\\/opel\\\/\"},{\"@type\":\"ListItem\",\"position\":2,\"name\":\"Piese auto OPEL\",\"item\":\"https:\\\/\\\/autorival.ro\\\/opel\\\/\"},{\"@type\":\"ListItem\",\"position\":3,\"name\":\"Far OPEL COMBO E Tour \\\/ Life (K9) 1.5 diesel 76 cai VALEO 450630\"}]},{\"@type\":\"WebSite\",\"@id\":\"https:\\\/\\\/autorival.ro\\\/opel\\\/#website\",\"url\":\"https:\\\/\\\/autorival.ro\\\/opel\\\/\",\"name\":\"OPEL\",\"description\":\"\",\"potentialAction\":[{\"@type\":\"SearchAction\",\"target\":{\"@type\":\"EntryPoint\",\"urlTemplate\":\"https:\\\/\\\/autorival.ro\\\/opel\\\/?s={search_term_string}\"},\"query-input\":{\"@type\":\"PropertyValueSpecification\",\"valueRequired\":true,\"valueName\":\"search_term_string\"}}],\"inLanguage\":\"en-US\"}]}<\/script>\n<!-- \/ Yoast SEO plugin. -->","yoast_head_json":{"title":"Far OPEL COMBO E Tour \/ Life (K9) 1.5 diesel 76 cai VALEO 450630 - OPEL","robots":{"index":"index","follow":"follow","max-snippet":"max-snippet:-1","max-image-preview":"max-image-preview:large","max-video-preview":"max-video-preview:-1"},"og_locale":"en_US","og_type":"article","og_title":"Far OPEL COMBO E Tour \/ Life (K9) 1.5 diesel 76 cai VALEO 450630 - OPEL","og_description":"Producator: VALEO Cod producator: 450630","og_url":"https:\/\/autorival.ro\/opel\/product\/far-opel-combo-e-tour-life-k9-1-5-diesel-76-cai-valeo-450630\/","og_site_name":"OPEL","og_image":[{"width":400,"height":225,"url":"https:\/\/autorival.ro\/opel\/wp-content\/uploads\/sites\/21\/2025\/06\/Opel0105.png","type":"image\/png"}],"twitter_card":"summary_large_image","schema":{"@context":"https:\/\/schema.org","@graph":[{"@type":"WebPage","@id":"https:\/\/autorival.ro\/opel\/product\/far-opel-combo-e-tour-life-k9-1-5-diesel-76-cai-valeo-450630\/","url":"https:\/\/autorival.ro\/opel\/product\/far-opel-combo-e-tour-life-k9-1-5-diesel-76-cai-valeo-450630\/","name":"Far OPEL COMBO E Tour \/ Life (K9) 1.5 diesel 76 cai VALEO 450630 - OPEL","isPartOf":{"@id":"https:\/\/autorival.ro\/opel\/#website"},"primaryImageOfPage":{"@id":"https:\/\/autorival.ro\/opel\/product\/far-opel-combo-e-tour-life-k9-1-5-diesel-76-cai-valeo-450630\/#primaryimage"},"image":{"@id":"https:\/\/autorival.ro\/opel\/product\/far-opel-combo-e-tour-life-k9-1-5-diesel-76-cai-valeo-450630\/#primaryimage"},"thumbnailUrl":"https:\/\/autorival.ro\/opel\/wp-content\/uploads\/sites\/21\/2025\/06\/Opel0105.png","datePublished":"2025-06-07T06:11:07+00:00","breadcrumb":{"@id":"https:\/\/autorival.ro\/opel\/product\/far-opel-combo-e-tour-life-k9-1-5-diesel-76-cai-valeo-450630\/#breadcrumb"},"inLanguage":"en-US","potentialAction":[{"@type":"ReadAction","target":["https:\/\/autorival.ro\/opel\/product\/far-opel-combo-e-tour-life-k9-1-5-diesel-76-cai-valeo-450630\/"]}]},{"@type":"ImageObject","inLanguage":"en-US","@id":"https:\/\/autorival.ro\/opel\/product\/far-opel-combo-e-tour-life-k9-1-5-diesel-76-cai-valeo-450630\/#primaryimage","url":"https:\/\/autorival.ro\/opel\/wp-content\/uploads\/sites\/21\/2025\/06\/Opel0105.png","contentUrl":"https:\/\/autorival.ro\/opel\/wp-content\/uploads\/sites\/21\/2025\/06\/Opel0105.png","width":400,"height":225},{"@type":"BreadcrumbList","@id":"https:\/\/autorival.ro\/opel\/product\/far-opel-combo-e-tour-life-k9-1-5-diesel-76-cai-valeo-450630\/#breadcrumb","itemListElement":[{"@type":"ListItem","position":1,"name":"Prima pagin\u0103","item":"https:\/\/autorival.ro\/opel\/"},{"@type":"ListItem","position":2,"name":"Piese auto OPEL","item":"https:\/\/autorival.ro\/opel\/"},{"@type":"ListItem","position":3,"name":"Far OPEL COMBO E Tour \/ Life (K9) 1.5 diesel 76 cai VALEO 450630"}]},{"@type":"WebSite","@id":"https:\/\/autorival.ro\/opel\/#website","url":"https:\/\/autorival.ro\/opel\/","name":"OPEL","description":"","potentialAction":[{"@type":"SearchAction","target":{"@type":"EntryPoint","urlTemplate":"https:\/\/autorival.ro\/opel\/?s={search_term_string}"},"query-input":{"@type":"PropertyValueSpecification","valueRequired":true,"valueName":"search_term_string"}}],"inLanguage":"en-US"}]}},"_links":{"self":[{"href":"https:\/\/autorival.ro\/opel\/wp-json\/wp\/v2\/product\/375584","targetHints":{"allow":["GET"]}}],"collection":[{"href":"https:\/\/autorival.ro\/opel\/wp-json\/wp\/v2\/product"}],"about":[{"href":"https:\/\/autorival.ro\/opel\/wp-json\/wp\/v2\/types\/product"}],"replies":[{"embeddable":true,"href":"https:\/\/autorival.ro\/opel\/wp-json\/wp\/v2\/comments?post=375584"}],"wp:featuredmedia":[{"embeddable":true,"href":"https:\/\/autorival.ro\/opel\/wp-json\/wp\/v2\/media\/661914"}],"wp:attachment":[{"href":"https:\/\/autorival.ro\/opel\/wp-json\/wp\/v2\/media?parent=375584"}],"wp:term":[{"taxonomy":"product_brand","embeddable":true,"href":"https:\/\/autorival.ro\/opel\/wp-json\/wp\/v2\/product_brand?post=375584"},{"taxonomy":"product_cat","embeddable":true,"href":"https:\/\/autorival.ro\/opel\/wp-json\/wp\/v2\/product_cat?post=375584"},{"taxonomy":"product_tag","embeddable":true,"href":"https:\/\/autorival.ro\/opel\/wp-json\/wp\/v2\/product_tag?post=375584"}],"curies":[{"name":"wp","href":"https:\/\/api.w.org\/{rel}","templated":true}]}}