{"id":368902,"date":"2025-06-07T03:34:53","date_gmt":"2025-06-07T03:34:53","guid":{"rendered":"https:\/\/autorival.ro\/opel\/product\/etrier-frana-opel-movano-a-caroserie-x70-2-5-dti-fd-diesel-99-cai-optimal-bc-1371r\/"},"modified":"2025-06-07T03:34:53","modified_gmt":"2025-06-07T03:34:53","slug":"etrier-frana-opel-movano-a-caroserie-x70-2-5-dti-fd-diesel-99-cai-optimal-bc-1371r","status":"publish","type":"product","link":"https:\/\/autorival.ro\/opel\/product\/etrier-frana-opel-movano-a-caroserie-x70-2-5-dti-fd-diesel-99-cai-optimal-bc-1371r\/","title":{"rendered":"Etrier frana OPEL MOVANO A caroserie (X70) 2.5 DTi (FD) diesel 99 cai OPTIMAL BC-1371R"},"content":{"rendered":"<p>Dinamica fr\u00e2nare\/conducere: pentru vehicule cu ABSDe la an model: 2004Partea de montare: Axa fata dreaptaRestrictiile producatorului: BOSCHTip disc fr\u00e2na: ventilatTip etrier fr\u00e2na: etrier flotant, Etrier de fr\u00e2n\u0103 (2 pistoane)Material: otel turnatArticol completare\/Info suplimentar 2: fara cadru de fixarepentru grosime disc frana [mm]: 28pentru diametru disc frana [mm]: 305Numar articol par: BC-1371LMarime janta [inch]: 16,0Calitate: Remanufactured ->Diametru piston [mm]: 45<\/p>\n","protected":false},"excerpt":{"rendered":"<p>Producator: OPTIMAL Cod producator: BC-1371R<\/p>\n","protected":false},"featured_media":368903,"comment_status":"open","ping_status":"closed","template":"","meta":[],"product_brand":[389],"product_cat":[15209],"product_tag":[44121,43343,43553,43366,43332,43324,43450],"class_list":{"0":"post-368902","1":"product","2":"type-product","3":"status-publish","4":"has-post-thumbnail","6":"product_brand-optimal","7":"product_cat-etrier-frana-a-caroserie-x70-2-5-dti-fd-diesel-99","8":"product_tag-bc","9":"product_tag-dt","10":"product_tag-etrier","11":"product_tag-frana","12":"product_tag-movano","13":"product_tag-opel","14":"product_tag-optimal","16":"first","17":"instock","18":"shipping-taxable","19":"purchasable","20":"product-type-simple"},"yoast_head":"<!-- This site is optimized with the Yoast SEO plugin v27.3 - https:\/\/yoast.com\/product\/yoast-seo-wordpress\/ -->\n<title>Etrier frana OPEL MOVANO A caroserie (X70) 2.5 DTi (FD) diesel 99 cai OPTIMAL BC-1371R OPEL | OPTIMAL - Autorival<\/title>\n<meta name=\"description\" content=\"\u26a1 Etrier frana OPEL MOVANO A caroserie (X70) 2.5 DTi (FD) diesel 99 cai OPTIMAL BC-1371R pentru OPEL la doar 582.75 RON. \u2713 Cod: BC-1371R \u2713 Brand: OPTIMAL \u2713 \u00cen stoc \u2713 Livrare 24h \u2713 Garan\u021bie!\" \/>\n<meta name=\"robots\" content=\"index, follow, max-snippet:-1, max-image-preview:large, max-video-preview:-1\" \/>\n<meta property=\"og:locale\" content=\"en_US\" \/>\n<meta property=\"og:type\" content=\"article\" \/>\n<meta property=\"og:title\" content=\"Etrier frana OPEL MOVANO A caroserie (X70) 2.5 DTi (FD) diesel 99 cai OPTIMAL BC-1371R OPEL | OPTIMAL - Autorival\" \/>\n<meta property=\"og:description\" content=\"\u26a1 Etrier frana OPEL MOVANO A caroserie (X70) 2.5 DTi (FD) diesel 99 cai OPTIMAL BC-1371R pentru OPEL la doar 582.75 RON. \u2713 Cod: BC-1371R \u2713 Brand: OPTIMAL \u2713 \u00cen stoc \u2713 Livrare 24h \u2713 Garan\u021bie!\" \/>\n<meta property=\"og:url\" content=\"https:\/\/autorival.ro\/opel\/product\/etrier-frana-opel-movano-a-caroserie-x70-2-5-dti-fd-diesel-99-cai-optimal-bc-1371r\/\" \/>\n<meta property=\"og:site_name\" content=\"OPEL\" \/>\n<meta property=\"og:image\" content=\"https:\/\/autorival.ro\/opel\/wp-content\/uploads\/sites\/21\/2025\/06\/opt_bc-1371r_wm_01-7.jpg\" \/>\n\t<meta property=\"og:image:width\" content=\"1000\" \/>\n\t<meta property=\"og:image:height\" content=\"1000\" \/>\n\t<meta property=\"og:image:type\" content=\"image\/jpeg\" \/>\n<meta name=\"twitter:card\" content=\"summary_large_image\" \/>\n<meta name=\"twitter:title\" content=\"Etrier frana OPEL MOVANO A caroserie (X70) 2.5 DTi (FD) diesel 99 cai OPTIMAL BC-1371R OPEL | OPTIMAL - Autorival\" \/>\n<meta name=\"twitter:description\" content=\"\u26a1 Etrier frana OPEL MOVANO A caroserie (X70) 2.5 DTi (FD) diesel 99 cai OPTIMAL BC-1371R pentru OPEL la doar 582.75 RON. \u2713 Cod: BC-1371R \u2713 Brand: OPTIMAL \u2713 \u00cen stoc \u2713 Livrare 24h \u2713 Garan\u021bie!\" \/>\n<script type=\"application\/ld+json\" class=\"yoast-schema-graph\">{\"@context\":\"https:\\\/\\\/schema.org\",\"@graph\":[{\"@type\":\"WebPage\",\"@id\":\"https:\\\/\\\/autorival.ro\\\/opel\\\/product\\\/etrier-frana-opel-movano-a-caroserie-x70-2-5-dti-fd-diesel-99-cai-optimal-bc-1371r\\\/\",\"url\":\"https:\\\/\\\/autorival.ro\\\/opel\\\/product\\\/etrier-frana-opel-movano-a-caroserie-x70-2-5-dti-fd-diesel-99-cai-optimal-bc-1371r\\\/\",\"name\":\"Etrier frana OPEL MOVANO A caroserie (X70) 2.5 DTi (FD) diesel 99 cai OPTIMAL BC-1371R OPEL | OPTIMAL - Autorival\",\"isPartOf\":{\"@id\":\"https:\\\/\\\/autorival.ro\\\/opel\\\/#website\"},\"primaryImageOfPage\":{\"@id\":\"https:\\\/\\\/autorival.ro\\\/opel\\\/product\\\/etrier-frana-opel-movano-a-caroserie-x70-2-5-dti-fd-diesel-99-cai-optimal-bc-1371r\\\/#primaryimage\"},\"image\":{\"@id\":\"https:\\\/\\\/autorival.ro\\\/opel\\\/product\\\/etrier-frana-opel-movano-a-caroserie-x70-2-5-dti-fd-diesel-99-cai-optimal-bc-1371r\\\/#primaryimage\"},\"thumbnailUrl\":\"https:\\\/\\\/autorival.ro\\\/opel\\\/wp-content\\\/uploads\\\/sites\\\/21\\\/2025\\\/06\\\/opt_bc-1371r_wm_01-7.jpg\",\"datePublished\":\"2025-06-07T03:34:53+00:00\",\"description\":\"\u26a1 Etrier frana OPEL MOVANO A caroserie (X70) 2.5 DTi (FD) diesel 99 cai OPTIMAL BC-1371R pentru OPEL la doar 582.75 RON. \u2713 Cod: BC-1371R \u2713 Brand: OPTIMAL \u2713 \u00cen stoc \u2713 Livrare 24h \u2713 Garan\u021bie!\",\"breadcrumb\":{\"@id\":\"https:\\\/\\\/autorival.ro\\\/opel\\\/product\\\/etrier-frana-opel-movano-a-caroserie-x70-2-5-dti-fd-diesel-99-cai-optimal-bc-1371r\\\/#breadcrumb\"},\"inLanguage\":\"en-US\",\"potentialAction\":[{\"@type\":\"ReadAction\",\"target\":[\"https:\\\/\\\/autorival.ro\\\/opel\\\/product\\\/etrier-frana-opel-movano-a-caroserie-x70-2-5-dti-fd-diesel-99-cai-optimal-bc-1371r\\\/\"]}]},{\"@type\":\"ImageObject\",\"inLanguage\":\"en-US\",\"@id\":\"https:\\\/\\\/autorival.ro\\\/opel\\\/product\\\/etrier-frana-opel-movano-a-caroserie-x70-2-5-dti-fd-diesel-99-cai-optimal-bc-1371r\\\/#primaryimage\",\"url\":\"https:\\\/\\\/autorival.ro\\\/opel\\\/wp-content\\\/uploads\\\/sites\\\/21\\\/2025\\\/06\\\/opt_bc-1371r_wm_01-7.jpg\",\"contentUrl\":\"https:\\\/\\\/autorival.ro\\\/opel\\\/wp-content\\\/uploads\\\/sites\\\/21\\\/2025\\\/06\\\/opt_bc-1371r_wm_01-7.jpg\",\"width\":1000,\"height\":1000,\"caption\":\"Etrier frana OPEL MOVANO A caroserie (X70) 2.5 DTi (FD) diesel 99 cai OPTIMAL BC-1371R\"},{\"@type\":\"BreadcrumbList\",\"@id\":\"https:\\\/\\\/autorival.ro\\\/opel\\\/product\\\/etrier-frana-opel-movano-a-caroserie-x70-2-5-dti-fd-diesel-99-cai-optimal-bc-1371r\\\/#breadcrumb\",\"itemListElement\":[{\"@type\":\"ListItem\",\"position\":1,\"name\":\"Prima pagin\u0103\",\"item\":\"https:\\\/\\\/autorival.ro\\\/opel\\\/\"},{\"@type\":\"ListItem\",\"position\":2,\"name\":\"Piese auto OPEL\",\"item\":\"https:\\\/\\\/autorival.ro\\\/opel\\\/\"},{\"@type\":\"ListItem\",\"position\":3,\"name\":\"Etrier frana OPEL MOVANO A caroserie (X70) 2.5 DTi (FD) diesel 99 cai OPTIMAL BC-1371R\"}]},{\"@type\":\"WebSite\",\"@id\":\"https:\\\/\\\/autorival.ro\\\/opel\\\/#website\",\"url\":\"https:\\\/\\\/autorival.ro\\\/opel\\\/\",\"name\":\"OPEL\",\"description\":\"\",\"potentialAction\":[{\"@type\":\"SearchAction\",\"target\":{\"@type\":\"EntryPoint\",\"urlTemplate\":\"https:\\\/\\\/autorival.ro\\\/opel\\\/?s={search_term_string}\"},\"query-input\":{\"@type\":\"PropertyValueSpecification\",\"valueRequired\":true,\"valueName\":\"search_term_string\"}}],\"inLanguage\":\"en-US\"}]}<\/script>\n<!-- \/ Yoast SEO plugin. -->","yoast_head_json":{"title":"Etrier frana OPEL MOVANO A caroserie (X70) 2.5 DTi (FD) diesel 99 cai OPTIMAL BC-1371R OPEL | OPTIMAL - Autorival","description":"\u26a1 Etrier frana OPEL MOVANO A caroserie (X70) 2.5 DTi (FD) diesel 99 cai OPTIMAL BC-1371R pentru OPEL la doar 582.75 RON. \u2713 Cod: BC-1371R \u2713 Brand: OPTIMAL \u2713 \u00cen stoc \u2713 Livrare 24h \u2713 Garan\u021bie!","robots":{"index":"index","follow":"follow","max-snippet":"max-snippet:-1","max-image-preview":"max-image-preview:large","max-video-preview":"max-video-preview:-1"},"og_locale":"en_US","og_type":"article","og_title":"Etrier frana OPEL MOVANO A caroserie (X70) 2.5 DTi (FD) diesel 99 cai OPTIMAL BC-1371R OPEL | OPTIMAL - Autorival","og_description":"\u26a1 Etrier frana OPEL MOVANO A caroserie (X70) 2.5 DTi (FD) diesel 99 cai OPTIMAL BC-1371R pentru OPEL la doar 582.75 RON. \u2713 Cod: BC-1371R \u2713 Brand: OPTIMAL \u2713 \u00cen stoc \u2713 Livrare 24h \u2713 Garan\u021bie!","og_url":"https:\/\/autorival.ro\/opel\/product\/etrier-frana-opel-movano-a-caroserie-x70-2-5-dti-fd-diesel-99-cai-optimal-bc-1371r\/","og_site_name":"OPEL","og_image":[{"width":1000,"height":1000,"url":"https:\/\/autorival.ro\/opel\/wp-content\/uploads\/sites\/21\/2025\/06\/opt_bc-1371r_wm_01-7.jpg","type":"image\/jpeg"}],"twitter_card":"summary_large_image","twitter_title":"Etrier frana OPEL MOVANO A caroserie (X70) 2.5 DTi (FD) diesel 99 cai OPTIMAL BC-1371R OPEL | OPTIMAL - Autorival","twitter_description":"\u26a1 Etrier frana OPEL MOVANO A caroserie (X70) 2.5 DTi (FD) diesel 99 cai OPTIMAL BC-1371R pentru OPEL la doar 582.75 RON. \u2713 Cod: BC-1371R \u2713 Brand: OPTIMAL \u2713 \u00cen stoc \u2713 Livrare 24h \u2713 Garan\u021bie!","schema":{"@context":"https:\/\/schema.org","@graph":[{"@type":"WebPage","@id":"https:\/\/autorival.ro\/opel\/product\/etrier-frana-opel-movano-a-caroserie-x70-2-5-dti-fd-diesel-99-cai-optimal-bc-1371r\/","url":"https:\/\/autorival.ro\/opel\/product\/etrier-frana-opel-movano-a-caroserie-x70-2-5-dti-fd-diesel-99-cai-optimal-bc-1371r\/","name":"Etrier frana OPEL MOVANO A caroserie (X70) 2.5 DTi (FD) diesel 99 cai OPTIMAL BC-1371R OPEL | OPTIMAL - Autorival","isPartOf":{"@id":"https:\/\/autorival.ro\/opel\/#website"},"primaryImageOfPage":{"@id":"https:\/\/autorival.ro\/opel\/product\/etrier-frana-opel-movano-a-caroserie-x70-2-5-dti-fd-diesel-99-cai-optimal-bc-1371r\/#primaryimage"},"image":{"@id":"https:\/\/autorival.ro\/opel\/product\/etrier-frana-opel-movano-a-caroserie-x70-2-5-dti-fd-diesel-99-cai-optimal-bc-1371r\/#primaryimage"},"thumbnailUrl":"https:\/\/autorival.ro\/opel\/wp-content\/uploads\/sites\/21\/2025\/06\/opt_bc-1371r_wm_01-7.jpg","datePublished":"2025-06-07T03:34:53+00:00","description":"\u26a1 Etrier frana OPEL MOVANO A caroserie (X70) 2.5 DTi (FD) diesel 99 cai OPTIMAL BC-1371R pentru OPEL la doar 582.75 RON. \u2713 Cod: BC-1371R \u2713 Brand: OPTIMAL \u2713 \u00cen stoc \u2713 Livrare 24h \u2713 Garan\u021bie!","breadcrumb":{"@id":"https:\/\/autorival.ro\/opel\/product\/etrier-frana-opel-movano-a-caroserie-x70-2-5-dti-fd-diesel-99-cai-optimal-bc-1371r\/#breadcrumb"},"inLanguage":"en-US","potentialAction":[{"@type":"ReadAction","target":["https:\/\/autorival.ro\/opel\/product\/etrier-frana-opel-movano-a-caroserie-x70-2-5-dti-fd-diesel-99-cai-optimal-bc-1371r\/"]}]},{"@type":"ImageObject","inLanguage":"en-US","@id":"https:\/\/autorival.ro\/opel\/product\/etrier-frana-opel-movano-a-caroserie-x70-2-5-dti-fd-diesel-99-cai-optimal-bc-1371r\/#primaryimage","url":"https:\/\/autorival.ro\/opel\/wp-content\/uploads\/sites\/21\/2025\/06\/opt_bc-1371r_wm_01-7.jpg","contentUrl":"https:\/\/autorival.ro\/opel\/wp-content\/uploads\/sites\/21\/2025\/06\/opt_bc-1371r_wm_01-7.jpg","width":1000,"height":1000,"caption":"Etrier frana OPEL MOVANO A caroserie (X70) 2.5 DTi (FD) diesel 99 cai OPTIMAL BC-1371R"},{"@type":"BreadcrumbList","@id":"https:\/\/autorival.ro\/opel\/product\/etrier-frana-opel-movano-a-caroserie-x70-2-5-dti-fd-diesel-99-cai-optimal-bc-1371r\/#breadcrumb","itemListElement":[{"@type":"ListItem","position":1,"name":"Prima pagin\u0103","item":"https:\/\/autorival.ro\/opel\/"},{"@type":"ListItem","position":2,"name":"Piese auto OPEL","item":"https:\/\/autorival.ro\/opel\/"},{"@type":"ListItem","position":3,"name":"Etrier frana OPEL MOVANO A caroserie (X70) 2.5 DTi (FD) diesel 99 cai OPTIMAL BC-1371R"}]},{"@type":"WebSite","@id":"https:\/\/autorival.ro\/opel\/#website","url":"https:\/\/autorival.ro\/opel\/","name":"OPEL","description":"","potentialAction":[{"@type":"SearchAction","target":{"@type":"EntryPoint","urlTemplate":"https:\/\/autorival.ro\/opel\/?s={search_term_string}"},"query-input":{"@type":"PropertyValueSpecification","valueRequired":true,"valueName":"search_term_string"}}],"inLanguage":"en-US"}]}},"_links":{"self":[{"href":"https:\/\/autorival.ro\/opel\/wp-json\/wp\/v2\/product\/368902","targetHints":{"allow":["GET"]}}],"collection":[{"href":"https:\/\/autorival.ro\/opel\/wp-json\/wp\/v2\/product"}],"about":[{"href":"https:\/\/autorival.ro\/opel\/wp-json\/wp\/v2\/types\/product"}],"replies":[{"embeddable":true,"href":"https:\/\/autorival.ro\/opel\/wp-json\/wp\/v2\/comments?post=368902"}],"wp:featuredmedia":[{"embeddable":true,"href":"https:\/\/autorival.ro\/opel\/wp-json\/wp\/v2\/media\/368903"}],"wp:attachment":[{"href":"https:\/\/autorival.ro\/opel\/wp-json\/wp\/v2\/media?parent=368902"}],"wp:term":[{"taxonomy":"product_brand","embeddable":true,"href":"https:\/\/autorival.ro\/opel\/wp-json\/wp\/v2\/product_brand?post=368902"},{"taxonomy":"product_cat","embeddable":true,"href":"https:\/\/autorival.ro\/opel\/wp-json\/wp\/v2\/product_cat?post=368902"},{"taxonomy":"product_tag","embeddable":true,"href":"https:\/\/autorival.ro\/opel\/wp-json\/wp\/v2\/product_tag?post=368902"}],"curies":[{"name":"wp","href":"https:\/\/api.w.org\/{rel}","templated":true}]}}