{"id":367186,"date":"2025-06-07T02:54:25","date_gmt":"2025-06-07T02:54:25","guid":{"rendered":"https:\/\/autorival.ro\/opel\/product\/etrier-frana-opel-mokka-1-2-76-benzina-101-cai-febi-bilstein-178163\/"},"modified":"2025-06-07T02:54:25","modified_gmt":"2025-06-07T02:54:25","slug":"etrier-frana-opel-mokka-1-2-76-benzina-101-cai-febi-bilstein-178163","status":"publish","type":"product","link":"https:\/\/autorival.ro\/opel\/product\/etrier-frana-opel-mokka-1-2-76-benzina-101-cai-febi-bilstein-178163\/","title":{"rendered":"Etrier frana OPEL MOKKA 1.2 (76) benzina 101 cai FEBI BILSTEIN 178163"},"content":{"rendered":"<p>Serie \u00c3\u02c6\u00e2\u201e\u00a2asiu (VIN)p\u00e2n\u0103 la: *********HB999999, *********H4999999Numar articol par: 178162 ->Diametru piston etrier [mm]: 38Tip etrier fr\u00e2na: Etrier de fr\u00e2n\u0103 (1 piston)Piesa nouaMaterial: FontaPartea de montare: Axa spate dreapta ->Greutate [kg]: 2,33Atentie la informatii de service<\/p>\n","protected":false},"excerpt":{"rendered":"<p>Producator: FEBI BILSTEIN Cod producator: 178163<\/p>\n","protected":false},"featured_media":367187,"comment_status":"open","ping_status":"closed","template":"","meta":[],"product_brand":[108],"product_cat":[15195],"product_tag":[43364,43553,43363,43366,43341,43324],"class_list":{"0":"post-367186","1":"product","2":"type-product","3":"status-publish","4":"has-post-thumbnail","6":"product_brand-febi-bilstein","7":"product_cat-etrier-frana-1-2-76-benzina-101","8":"product_tag-bilstein","9":"product_tag-etrier","10":"product_tag-febi","11":"product_tag-frana","12":"product_tag-mokka","13":"product_tag-opel","15":"first","16":"instock","17":"shipping-taxable","18":"purchasable","19":"product-type-simple"},"yoast_head":"<!-- This site is optimized with the Yoast SEO plugin v27.3 - https:\/\/yoast.com\/product\/yoast-seo-wordpress\/ -->\n<title>Etrier frana OPEL MOKKA 1.2 (76) benzina 101 cai FEBI BILSTEIN 178163 OPEL | FEBI - Autorival<\/title>\n<meta name=\"description\" content=\"\u26a1 Etrier frana OPEL MOKKA 1.2 (76) benzina 101 cai FEBI BILSTEIN 178163 pentru OPEL la doar 553.04 RON. \u2713 Cod: 178163 \u2713 Brand: FEBI \u2713 \u00cen stoc \u2713 Livrare 24h \u2713 Garan\u021bie!\" \/>\n<meta name=\"robots\" content=\"index, follow, max-snippet:-1, max-image-preview:large, max-video-preview:-1\" \/>\n<meta property=\"og:locale\" content=\"en_US\" \/>\n<meta property=\"og:type\" content=\"article\" \/>\n<meta property=\"og:title\" content=\"Etrier frana OPEL MOKKA 1.2 (76) benzina 101 cai FEBI BILSTEIN 178163 OPEL | FEBI - Autorival\" \/>\n<meta property=\"og:description\" content=\"\u26a1 Etrier frana OPEL MOKKA 1.2 (76) benzina 101 cai FEBI BILSTEIN 178163 pentru OPEL la doar 553.04 RON. \u2713 Cod: 178163 \u2713 Brand: FEBI \u2713 \u00cen stoc \u2713 Livrare 24h \u2713 Garan\u021bie!\" \/>\n<meta property=\"og:url\" content=\"https:\/\/autorival.ro\/opel\/product\/etrier-frana-opel-mokka-1-2-76-benzina-101-cai-febi-bilstein-178163\/\" \/>\n<meta property=\"og:site_name\" content=\"OPEL\" \/>\n<meta property=\"og:image\" content=\"https:\/\/autorival.ro\/opel\/wp-content\/uploads\/sites\/21\/2025\/06\/178163_1-5.jpg\" \/>\n\t<meta property=\"og:image:width\" content=\"520\" \/>\n\t<meta property=\"og:image:height\" content=\"400\" \/>\n\t<meta property=\"og:image:type\" content=\"image\/jpeg\" \/>\n<meta name=\"twitter:card\" content=\"summary_large_image\" \/>\n<meta name=\"twitter:title\" content=\"Etrier frana OPEL MOKKA 1.2 (76) benzina 101 cai FEBI BILSTEIN 178163 OPEL | FEBI - Autorival\" \/>\n<meta name=\"twitter:description\" content=\"\u26a1 Etrier frana OPEL MOKKA 1.2 (76) benzina 101 cai FEBI BILSTEIN 178163 pentru OPEL la doar 553.04 RON. \u2713 Cod: 178163 \u2713 Brand: FEBI \u2713 \u00cen stoc \u2713 Livrare 24h \u2713 Garan\u021bie!\" \/>\n<script type=\"application\/ld+json\" class=\"yoast-schema-graph\">{\"@context\":\"https:\\\/\\\/schema.org\",\"@graph\":[{\"@type\":\"WebPage\",\"@id\":\"https:\\\/\\\/autorival.ro\\\/opel\\\/product\\\/etrier-frana-opel-mokka-1-2-76-benzina-101-cai-febi-bilstein-178163\\\/\",\"url\":\"https:\\\/\\\/autorival.ro\\\/opel\\\/product\\\/etrier-frana-opel-mokka-1-2-76-benzina-101-cai-febi-bilstein-178163\\\/\",\"name\":\"Etrier frana OPEL MOKKA 1.2 (76) benzina 101 cai FEBI BILSTEIN 178163 OPEL | FEBI - Autorival\",\"isPartOf\":{\"@id\":\"https:\\\/\\\/autorival.ro\\\/opel\\\/#website\"},\"primaryImageOfPage\":{\"@id\":\"https:\\\/\\\/autorival.ro\\\/opel\\\/product\\\/etrier-frana-opel-mokka-1-2-76-benzina-101-cai-febi-bilstein-178163\\\/#primaryimage\"},\"image\":{\"@id\":\"https:\\\/\\\/autorival.ro\\\/opel\\\/product\\\/etrier-frana-opel-mokka-1-2-76-benzina-101-cai-febi-bilstein-178163\\\/#primaryimage\"},\"thumbnailUrl\":\"https:\\\/\\\/autorival.ro\\\/opel\\\/wp-content\\\/uploads\\\/sites\\\/21\\\/2025\\\/06\\\/178163_1-5.jpg\",\"datePublished\":\"2025-06-07T02:54:25+00:00\",\"description\":\"\u26a1 Etrier frana OPEL MOKKA 1.2 (76) benzina 101 cai FEBI BILSTEIN 178163 pentru OPEL la doar 553.04 RON. \u2713 Cod: 178163 \u2713 Brand: FEBI \u2713 \u00cen stoc \u2713 Livrare 24h \u2713 Garan\u021bie!\",\"breadcrumb\":{\"@id\":\"https:\\\/\\\/autorival.ro\\\/opel\\\/product\\\/etrier-frana-opel-mokka-1-2-76-benzina-101-cai-febi-bilstein-178163\\\/#breadcrumb\"},\"inLanguage\":\"en-US\",\"potentialAction\":[{\"@type\":\"ReadAction\",\"target\":[\"https:\\\/\\\/autorival.ro\\\/opel\\\/product\\\/etrier-frana-opel-mokka-1-2-76-benzina-101-cai-febi-bilstein-178163\\\/\"]}]},{\"@type\":\"ImageObject\",\"inLanguage\":\"en-US\",\"@id\":\"https:\\\/\\\/autorival.ro\\\/opel\\\/product\\\/etrier-frana-opel-mokka-1-2-76-benzina-101-cai-febi-bilstein-178163\\\/#primaryimage\",\"url\":\"https:\\\/\\\/autorival.ro\\\/opel\\\/wp-content\\\/uploads\\\/sites\\\/21\\\/2025\\\/06\\\/178163_1-5.jpg\",\"contentUrl\":\"https:\\\/\\\/autorival.ro\\\/opel\\\/wp-content\\\/uploads\\\/sites\\\/21\\\/2025\\\/06\\\/178163_1-5.jpg\",\"width\":520,\"height\":400,\"caption\":\"Etrier frana OPEL MOKKA 1.2 (76) benzina 101 cai FEBI BILSTEIN 178163\"},{\"@type\":\"BreadcrumbList\",\"@id\":\"https:\\\/\\\/autorival.ro\\\/opel\\\/product\\\/etrier-frana-opel-mokka-1-2-76-benzina-101-cai-febi-bilstein-178163\\\/#breadcrumb\",\"itemListElement\":[{\"@type\":\"ListItem\",\"position\":1,\"name\":\"Prima pagin\u0103\",\"item\":\"https:\\\/\\\/autorival.ro\\\/opel\\\/\"},{\"@type\":\"ListItem\",\"position\":2,\"name\":\"Piese auto OPEL\",\"item\":\"https:\\\/\\\/autorival.ro\\\/opel\\\/\"},{\"@type\":\"ListItem\",\"position\":3,\"name\":\"Etrier frana OPEL MOKKA 1.2 (76) benzina 101 cai FEBI BILSTEIN 178163\"}]},{\"@type\":\"WebSite\",\"@id\":\"https:\\\/\\\/autorival.ro\\\/opel\\\/#website\",\"url\":\"https:\\\/\\\/autorival.ro\\\/opel\\\/\",\"name\":\"OPEL\",\"description\":\"\",\"potentialAction\":[{\"@type\":\"SearchAction\",\"target\":{\"@type\":\"EntryPoint\",\"urlTemplate\":\"https:\\\/\\\/autorival.ro\\\/opel\\\/?s={search_term_string}\"},\"query-input\":{\"@type\":\"PropertyValueSpecification\",\"valueRequired\":true,\"valueName\":\"search_term_string\"}}],\"inLanguage\":\"en-US\"}]}<\/script>\n<!-- \/ Yoast SEO plugin. -->","yoast_head_json":{"title":"Etrier frana OPEL MOKKA 1.2 (76) benzina 101 cai FEBI BILSTEIN 178163 OPEL | FEBI - Autorival","description":"\u26a1 Etrier frana OPEL MOKKA 1.2 (76) benzina 101 cai FEBI BILSTEIN 178163 pentru OPEL la doar 553.04 RON. \u2713 Cod: 178163 \u2713 Brand: FEBI \u2713 \u00cen stoc \u2713 Livrare 24h \u2713 Garan\u021bie!","robots":{"index":"index","follow":"follow","max-snippet":"max-snippet:-1","max-image-preview":"max-image-preview:large","max-video-preview":"max-video-preview:-1"},"og_locale":"en_US","og_type":"article","og_title":"Etrier frana OPEL MOKKA 1.2 (76) benzina 101 cai FEBI BILSTEIN 178163 OPEL | FEBI - Autorival","og_description":"\u26a1 Etrier frana OPEL MOKKA 1.2 (76) benzina 101 cai FEBI BILSTEIN 178163 pentru OPEL la doar 553.04 RON. \u2713 Cod: 178163 \u2713 Brand: FEBI \u2713 \u00cen stoc \u2713 Livrare 24h \u2713 Garan\u021bie!","og_url":"https:\/\/autorival.ro\/opel\/product\/etrier-frana-opel-mokka-1-2-76-benzina-101-cai-febi-bilstein-178163\/","og_site_name":"OPEL","og_image":[{"width":520,"height":400,"url":"https:\/\/autorival.ro\/opel\/wp-content\/uploads\/sites\/21\/2025\/06\/178163_1-5.jpg","type":"image\/jpeg"}],"twitter_card":"summary_large_image","twitter_title":"Etrier frana OPEL MOKKA 1.2 (76) benzina 101 cai FEBI BILSTEIN 178163 OPEL | FEBI - Autorival","twitter_description":"\u26a1 Etrier frana OPEL MOKKA 1.2 (76) benzina 101 cai FEBI BILSTEIN 178163 pentru OPEL la doar 553.04 RON. \u2713 Cod: 178163 \u2713 Brand: FEBI \u2713 \u00cen stoc \u2713 Livrare 24h \u2713 Garan\u021bie!","schema":{"@context":"https:\/\/schema.org","@graph":[{"@type":"WebPage","@id":"https:\/\/autorival.ro\/opel\/product\/etrier-frana-opel-mokka-1-2-76-benzina-101-cai-febi-bilstein-178163\/","url":"https:\/\/autorival.ro\/opel\/product\/etrier-frana-opel-mokka-1-2-76-benzina-101-cai-febi-bilstein-178163\/","name":"Etrier frana OPEL MOKKA 1.2 (76) benzina 101 cai FEBI BILSTEIN 178163 OPEL | FEBI - Autorival","isPartOf":{"@id":"https:\/\/autorival.ro\/opel\/#website"},"primaryImageOfPage":{"@id":"https:\/\/autorival.ro\/opel\/product\/etrier-frana-opel-mokka-1-2-76-benzina-101-cai-febi-bilstein-178163\/#primaryimage"},"image":{"@id":"https:\/\/autorival.ro\/opel\/product\/etrier-frana-opel-mokka-1-2-76-benzina-101-cai-febi-bilstein-178163\/#primaryimage"},"thumbnailUrl":"https:\/\/autorival.ro\/opel\/wp-content\/uploads\/sites\/21\/2025\/06\/178163_1-5.jpg","datePublished":"2025-06-07T02:54:25+00:00","description":"\u26a1 Etrier frana OPEL MOKKA 1.2 (76) benzina 101 cai FEBI BILSTEIN 178163 pentru OPEL la doar 553.04 RON. \u2713 Cod: 178163 \u2713 Brand: FEBI \u2713 \u00cen stoc \u2713 Livrare 24h \u2713 Garan\u021bie!","breadcrumb":{"@id":"https:\/\/autorival.ro\/opel\/product\/etrier-frana-opel-mokka-1-2-76-benzina-101-cai-febi-bilstein-178163\/#breadcrumb"},"inLanguage":"en-US","potentialAction":[{"@type":"ReadAction","target":["https:\/\/autorival.ro\/opel\/product\/etrier-frana-opel-mokka-1-2-76-benzina-101-cai-febi-bilstein-178163\/"]}]},{"@type":"ImageObject","inLanguage":"en-US","@id":"https:\/\/autorival.ro\/opel\/product\/etrier-frana-opel-mokka-1-2-76-benzina-101-cai-febi-bilstein-178163\/#primaryimage","url":"https:\/\/autorival.ro\/opel\/wp-content\/uploads\/sites\/21\/2025\/06\/178163_1-5.jpg","contentUrl":"https:\/\/autorival.ro\/opel\/wp-content\/uploads\/sites\/21\/2025\/06\/178163_1-5.jpg","width":520,"height":400,"caption":"Etrier frana OPEL MOKKA 1.2 (76) benzina 101 cai FEBI BILSTEIN 178163"},{"@type":"BreadcrumbList","@id":"https:\/\/autorival.ro\/opel\/product\/etrier-frana-opel-mokka-1-2-76-benzina-101-cai-febi-bilstein-178163\/#breadcrumb","itemListElement":[{"@type":"ListItem","position":1,"name":"Prima pagin\u0103","item":"https:\/\/autorival.ro\/opel\/"},{"@type":"ListItem","position":2,"name":"Piese auto OPEL","item":"https:\/\/autorival.ro\/opel\/"},{"@type":"ListItem","position":3,"name":"Etrier frana OPEL MOKKA 1.2 (76) benzina 101 cai FEBI BILSTEIN 178163"}]},{"@type":"WebSite","@id":"https:\/\/autorival.ro\/opel\/#website","url":"https:\/\/autorival.ro\/opel\/","name":"OPEL","description":"","potentialAction":[{"@type":"SearchAction","target":{"@type":"EntryPoint","urlTemplate":"https:\/\/autorival.ro\/opel\/?s={search_term_string}"},"query-input":{"@type":"PropertyValueSpecification","valueRequired":true,"valueName":"search_term_string"}}],"inLanguage":"en-US"}]}},"_links":{"self":[{"href":"https:\/\/autorival.ro\/opel\/wp-json\/wp\/v2\/product\/367186","targetHints":{"allow":["GET"]}}],"collection":[{"href":"https:\/\/autorival.ro\/opel\/wp-json\/wp\/v2\/product"}],"about":[{"href":"https:\/\/autorival.ro\/opel\/wp-json\/wp\/v2\/types\/product"}],"replies":[{"embeddable":true,"href":"https:\/\/autorival.ro\/opel\/wp-json\/wp\/v2\/comments?post=367186"}],"wp:featuredmedia":[{"embeddable":true,"href":"https:\/\/autorival.ro\/opel\/wp-json\/wp\/v2\/media\/367187"}],"wp:attachment":[{"href":"https:\/\/autorival.ro\/opel\/wp-json\/wp\/v2\/media?parent=367186"}],"wp:term":[{"taxonomy":"product_brand","embeddable":true,"href":"https:\/\/autorival.ro\/opel\/wp-json\/wp\/v2\/product_brand?post=367186"},{"taxonomy":"product_cat","embeddable":true,"href":"https:\/\/autorival.ro\/opel\/wp-json\/wp\/v2\/product_cat?post=367186"},{"taxonomy":"product_tag","embeddable":true,"href":"https:\/\/autorival.ro\/opel\/wp-json\/wp\/v2\/product_tag?post=367186"}],"curies":[{"name":"wp","href":"https:\/\/api.w.org\/{rel}","templated":true}]}}