{"id":366558,"date":"2025-06-07T02:40:08","date_gmt":"2025-06-07T02:40:08","guid":{"rendered":"https:\/\/autorival.ro\/opel\/product\/etrier-frana-opel-combo-tour-x12-1-3-cdti-c26-d26-e26-c05-diesel-90-cai-lauber-77-5241\/"},"modified":"2025-06-07T02:40:08","modified_gmt":"2025-06-07T02:40:08","slug":"etrier-frana-opel-combo-tour-x12-1-3-cdti-c26-d26-e26-c05-diesel-90-cai-lauber-77-5241","status":"publish","type":"product","link":"https:\/\/autorival.ro\/opel\/product\/etrier-frana-opel-combo-tour-x12-1-3-cdti-c26-d26-e26-c05-diesel-90-cai-lauber-77-5241\/","title":{"rendered":"Etrier frana OPEL COMBO Tour (X12) 1.3 CDTI (C26, D26, E26, C05) diesel 90 cai LAUBER 77.5241"},"content":{"rendered":"<p>pentru POC: J43Partea de montare: Axa fata dreaptaTip etrier fr\u00e2na: Etrier de fr\u00e2n\u0103 (1 piston)Sistem de fr\u00e2nare: ATE ->Grosime disc fr\u00e2na [mm]: 28 ->Diametrul pistonului [mm]: 57Material: Fonta<\/p>\n","protected":false},"excerpt":{"rendered":"<p>Producator: LAUBER Cod producator: 77.5241<\/p>\n","protected":false},"featured_media":661914,"comment_status":"open","ping_status":"closed","template":"","meta":[],"product_brand":[9222],"product_cat":[15181],"product_tag":[43326,43325,43553,43366,43884,43324],"class_list":{"0":"post-366558","1":"product","2":"type-product","3":"status-publish","4":"has-post-thumbnail","6":"product_brand-lauber","7":"product_cat-etrier-frana-tour-x12-1-3-cdti-c26-d26-e26-c05-diesel-90","8":"product_tag-cdti","9":"product_tag-combo","10":"product_tag-etrier","11":"product_tag-frana","12":"product_tag-lauber","13":"product_tag-opel","15":"first","16":"instock","17":"shipping-taxable","18":"purchasable","19":"product-type-simple"},"yoast_head":"<!-- This site is optimized with the Yoast SEO plugin v27.3 - https:\/\/yoast.com\/product\/yoast-seo-wordpress\/ -->\n<title>Etrier frana OPEL COMBO Tour (X12) 1.3 CDTI (C26, D26, E26, C05) diesel 90 cai LAUBER 77.5241 OPEL | LAUBER - Autorival<\/title>\n<meta name=\"description\" content=\"\u26a1 Etrier frana OPEL COMBO Tour (X12) 1.3 CDTI (C26, D26, E26, C05) diesel 90 cai LAUBER 77.5241 pentru OPEL la doar 398.23 RON. \u2713 Cod: 77 \u2713 Brand: LAUBER \u2713 \u00cen stoc \u2713 Livrare 24h \u2713 Garan\u021bie!\" \/>\n<meta name=\"robots\" content=\"index, follow, max-snippet:-1, max-image-preview:large, max-video-preview:-1\" \/>\n<meta property=\"og:locale\" content=\"en_US\" \/>\n<meta property=\"og:type\" content=\"article\" \/>\n<meta property=\"og:title\" content=\"Etrier frana OPEL COMBO Tour (X12) 1.3 CDTI (C26, D26, E26, C05) diesel 90 cai LAUBER 77.5241 OPEL | LAUBER - Autorival\" \/>\n<meta property=\"og:description\" content=\"\u26a1 Etrier frana OPEL COMBO Tour (X12) 1.3 CDTI (C26, D26, E26, C05) diesel 90 cai LAUBER 77.5241 pentru OPEL la doar 398.23 RON. \u2713 Cod: 77 \u2713 Brand: LAUBER \u2713 \u00cen stoc \u2713 Livrare 24h \u2713 Garan\u021bie!\" \/>\n<meta property=\"og:url\" content=\"https:\/\/autorival.ro\/opel\/product\/etrier-frana-opel-combo-tour-x12-1-3-cdti-c26-d26-e26-c05-diesel-90-cai-lauber-77-5241\/\" \/>\n<meta property=\"og:site_name\" content=\"OPEL\" \/>\n<meta property=\"og:image\" content=\"https:\/\/autorival.ro\/opel\/wp-content\/uploads\/sites\/21\/2025\/06\/Opel0105.png\" \/>\n\t<meta property=\"og:image:width\" content=\"400\" \/>\n\t<meta property=\"og:image:height\" content=\"225\" \/>\n\t<meta property=\"og:image:type\" content=\"image\/png\" \/>\n<meta name=\"twitter:card\" content=\"summary_large_image\" \/>\n<meta name=\"twitter:title\" content=\"Etrier frana OPEL COMBO Tour (X12) 1.3 CDTI (C26, D26, E26, C05) diesel 90 cai LAUBER 77.5241 OPEL | LAUBER - Autorival\" \/>\n<meta name=\"twitter:description\" content=\"\u26a1 Etrier frana OPEL COMBO Tour (X12) 1.3 CDTI (C26, D26, E26, C05) diesel 90 cai LAUBER 77.5241 pentru OPEL la doar 398.23 RON. \u2713 Cod: 77 \u2713 Brand: LAUBER \u2713 \u00cen stoc \u2713 Livrare 24h \u2713 Garan\u021bie!\" \/>\n<script type=\"application\/ld+json\" class=\"yoast-schema-graph\">{\"@context\":\"https:\\\/\\\/schema.org\",\"@graph\":[{\"@type\":\"WebPage\",\"@id\":\"https:\\\/\\\/autorival.ro\\\/opel\\\/product\\\/etrier-frana-opel-combo-tour-x12-1-3-cdti-c26-d26-e26-c05-diesel-90-cai-lauber-77-5241\\\/\",\"url\":\"https:\\\/\\\/autorival.ro\\\/opel\\\/product\\\/etrier-frana-opel-combo-tour-x12-1-3-cdti-c26-d26-e26-c05-diesel-90-cai-lauber-77-5241\\\/\",\"name\":\"Etrier frana OPEL COMBO Tour (X12) 1.3 CDTI (C26, D26, E26, C05) diesel 90 cai LAUBER 77.5241 OPEL | LAUBER - Autorival\",\"isPartOf\":{\"@id\":\"https:\\\/\\\/autorival.ro\\\/opel\\\/#website\"},\"primaryImageOfPage\":{\"@id\":\"https:\\\/\\\/autorival.ro\\\/opel\\\/product\\\/etrier-frana-opel-combo-tour-x12-1-3-cdti-c26-d26-e26-c05-diesel-90-cai-lauber-77-5241\\\/#primaryimage\"},\"image\":{\"@id\":\"https:\\\/\\\/autorival.ro\\\/opel\\\/product\\\/etrier-frana-opel-combo-tour-x12-1-3-cdti-c26-d26-e26-c05-diesel-90-cai-lauber-77-5241\\\/#primaryimage\"},\"thumbnailUrl\":\"https:\\\/\\\/autorival.ro\\\/opel\\\/wp-content\\\/uploads\\\/sites\\\/21\\\/2025\\\/06\\\/Opel0105.png\",\"datePublished\":\"2025-06-07T02:40:08+00:00\",\"description\":\"\u26a1 Etrier frana OPEL COMBO Tour (X12) 1.3 CDTI (C26, D26, E26, C05) diesel 90 cai LAUBER 77.5241 pentru OPEL la doar 398.23 RON. \u2713 Cod: 77 \u2713 Brand: LAUBER \u2713 \u00cen stoc \u2713 Livrare 24h \u2713 Garan\u021bie!\",\"breadcrumb\":{\"@id\":\"https:\\\/\\\/autorival.ro\\\/opel\\\/product\\\/etrier-frana-opel-combo-tour-x12-1-3-cdti-c26-d26-e26-c05-diesel-90-cai-lauber-77-5241\\\/#breadcrumb\"},\"inLanguage\":\"en-US\",\"potentialAction\":[{\"@type\":\"ReadAction\",\"target\":[\"https:\\\/\\\/autorival.ro\\\/opel\\\/product\\\/etrier-frana-opel-combo-tour-x12-1-3-cdti-c26-d26-e26-c05-diesel-90-cai-lauber-77-5241\\\/\"]}]},{\"@type\":\"ImageObject\",\"inLanguage\":\"en-US\",\"@id\":\"https:\\\/\\\/autorival.ro\\\/opel\\\/product\\\/etrier-frana-opel-combo-tour-x12-1-3-cdti-c26-d26-e26-c05-diesel-90-cai-lauber-77-5241\\\/#primaryimage\",\"url\":\"https:\\\/\\\/autorival.ro\\\/opel\\\/wp-content\\\/uploads\\\/sites\\\/21\\\/2025\\\/06\\\/Opel0105.png\",\"contentUrl\":\"https:\\\/\\\/autorival.ro\\\/opel\\\/wp-content\\\/uploads\\\/sites\\\/21\\\/2025\\\/06\\\/Opel0105.png\",\"width\":400,\"height\":225},{\"@type\":\"BreadcrumbList\",\"@id\":\"https:\\\/\\\/autorival.ro\\\/opel\\\/product\\\/etrier-frana-opel-combo-tour-x12-1-3-cdti-c26-d26-e26-c05-diesel-90-cai-lauber-77-5241\\\/#breadcrumb\",\"itemListElement\":[{\"@type\":\"ListItem\",\"position\":1,\"name\":\"Prima pagin\u0103\",\"item\":\"https:\\\/\\\/autorival.ro\\\/opel\\\/\"},{\"@type\":\"ListItem\",\"position\":2,\"name\":\"Piese auto OPEL\",\"item\":\"https:\\\/\\\/autorival.ro\\\/opel\\\/\"},{\"@type\":\"ListItem\",\"position\":3,\"name\":\"Etrier frana OPEL COMBO Tour (X12) 1.3 CDTI (C26, D26, E26, C05) diesel 90 cai LAUBER 77.5241\"}]},{\"@type\":\"WebSite\",\"@id\":\"https:\\\/\\\/autorival.ro\\\/opel\\\/#website\",\"url\":\"https:\\\/\\\/autorival.ro\\\/opel\\\/\",\"name\":\"OPEL\",\"description\":\"\",\"potentialAction\":[{\"@type\":\"SearchAction\",\"target\":{\"@type\":\"EntryPoint\",\"urlTemplate\":\"https:\\\/\\\/autorival.ro\\\/opel\\\/?s={search_term_string}\"},\"query-input\":{\"@type\":\"PropertyValueSpecification\",\"valueRequired\":true,\"valueName\":\"search_term_string\"}}],\"inLanguage\":\"en-US\"}]}<\/script>\n<!-- \/ Yoast SEO plugin. -->","yoast_head_json":{"title":"Etrier frana OPEL COMBO Tour (X12) 1.3 CDTI (C26, D26, E26, C05) diesel 90 cai LAUBER 77.5241 OPEL | LAUBER - Autorival","description":"\u26a1 Etrier frana OPEL COMBO Tour (X12) 1.3 CDTI (C26, D26, E26, C05) diesel 90 cai LAUBER 77.5241 pentru OPEL la doar 398.23 RON. \u2713 Cod: 77 \u2713 Brand: LAUBER \u2713 \u00cen stoc \u2713 Livrare 24h \u2713 Garan\u021bie!","robots":{"index":"index","follow":"follow","max-snippet":"max-snippet:-1","max-image-preview":"max-image-preview:large","max-video-preview":"max-video-preview:-1"},"og_locale":"en_US","og_type":"article","og_title":"Etrier frana OPEL COMBO Tour (X12) 1.3 CDTI (C26, D26, E26, C05) diesel 90 cai LAUBER 77.5241 OPEL | LAUBER - Autorival","og_description":"\u26a1 Etrier frana OPEL COMBO Tour (X12) 1.3 CDTI (C26, D26, E26, C05) diesel 90 cai LAUBER 77.5241 pentru OPEL la doar 398.23 RON. \u2713 Cod: 77 \u2713 Brand: LAUBER \u2713 \u00cen stoc \u2713 Livrare 24h \u2713 Garan\u021bie!","og_url":"https:\/\/autorival.ro\/opel\/product\/etrier-frana-opel-combo-tour-x12-1-3-cdti-c26-d26-e26-c05-diesel-90-cai-lauber-77-5241\/","og_site_name":"OPEL","og_image":[{"width":400,"height":225,"url":"https:\/\/autorival.ro\/opel\/wp-content\/uploads\/sites\/21\/2025\/06\/Opel0105.png","type":"image\/png"}],"twitter_card":"summary_large_image","twitter_title":"Etrier frana OPEL COMBO Tour (X12) 1.3 CDTI (C26, D26, E26, C05) diesel 90 cai LAUBER 77.5241 OPEL | LAUBER - Autorival","twitter_description":"\u26a1 Etrier frana OPEL COMBO Tour (X12) 1.3 CDTI (C26, D26, E26, C05) diesel 90 cai LAUBER 77.5241 pentru OPEL la doar 398.23 RON. \u2713 Cod: 77 \u2713 Brand: LAUBER \u2713 \u00cen stoc \u2713 Livrare 24h \u2713 Garan\u021bie!","schema":{"@context":"https:\/\/schema.org","@graph":[{"@type":"WebPage","@id":"https:\/\/autorival.ro\/opel\/product\/etrier-frana-opel-combo-tour-x12-1-3-cdti-c26-d26-e26-c05-diesel-90-cai-lauber-77-5241\/","url":"https:\/\/autorival.ro\/opel\/product\/etrier-frana-opel-combo-tour-x12-1-3-cdti-c26-d26-e26-c05-diesel-90-cai-lauber-77-5241\/","name":"Etrier frana OPEL COMBO Tour (X12) 1.3 CDTI (C26, D26, E26, C05) diesel 90 cai LAUBER 77.5241 OPEL | LAUBER - Autorival","isPartOf":{"@id":"https:\/\/autorival.ro\/opel\/#website"},"primaryImageOfPage":{"@id":"https:\/\/autorival.ro\/opel\/product\/etrier-frana-opel-combo-tour-x12-1-3-cdti-c26-d26-e26-c05-diesel-90-cai-lauber-77-5241\/#primaryimage"},"image":{"@id":"https:\/\/autorival.ro\/opel\/product\/etrier-frana-opel-combo-tour-x12-1-3-cdti-c26-d26-e26-c05-diesel-90-cai-lauber-77-5241\/#primaryimage"},"thumbnailUrl":"https:\/\/autorival.ro\/opel\/wp-content\/uploads\/sites\/21\/2025\/06\/Opel0105.png","datePublished":"2025-06-07T02:40:08+00:00","description":"\u26a1 Etrier frana OPEL COMBO Tour (X12) 1.3 CDTI (C26, D26, E26, C05) diesel 90 cai LAUBER 77.5241 pentru OPEL la doar 398.23 RON. \u2713 Cod: 77 \u2713 Brand: LAUBER \u2713 \u00cen stoc \u2713 Livrare 24h \u2713 Garan\u021bie!","breadcrumb":{"@id":"https:\/\/autorival.ro\/opel\/product\/etrier-frana-opel-combo-tour-x12-1-3-cdti-c26-d26-e26-c05-diesel-90-cai-lauber-77-5241\/#breadcrumb"},"inLanguage":"en-US","potentialAction":[{"@type":"ReadAction","target":["https:\/\/autorival.ro\/opel\/product\/etrier-frana-opel-combo-tour-x12-1-3-cdti-c26-d26-e26-c05-diesel-90-cai-lauber-77-5241\/"]}]},{"@type":"ImageObject","inLanguage":"en-US","@id":"https:\/\/autorival.ro\/opel\/product\/etrier-frana-opel-combo-tour-x12-1-3-cdti-c26-d26-e26-c05-diesel-90-cai-lauber-77-5241\/#primaryimage","url":"https:\/\/autorival.ro\/opel\/wp-content\/uploads\/sites\/21\/2025\/06\/Opel0105.png","contentUrl":"https:\/\/autorival.ro\/opel\/wp-content\/uploads\/sites\/21\/2025\/06\/Opel0105.png","width":400,"height":225},{"@type":"BreadcrumbList","@id":"https:\/\/autorival.ro\/opel\/product\/etrier-frana-opel-combo-tour-x12-1-3-cdti-c26-d26-e26-c05-diesel-90-cai-lauber-77-5241\/#breadcrumb","itemListElement":[{"@type":"ListItem","position":1,"name":"Prima pagin\u0103","item":"https:\/\/autorival.ro\/opel\/"},{"@type":"ListItem","position":2,"name":"Piese auto OPEL","item":"https:\/\/autorival.ro\/opel\/"},{"@type":"ListItem","position":3,"name":"Etrier frana OPEL COMBO Tour (X12) 1.3 CDTI (C26, D26, E26, C05) diesel 90 cai LAUBER 77.5241"}]},{"@type":"WebSite","@id":"https:\/\/autorival.ro\/opel\/#website","url":"https:\/\/autorival.ro\/opel\/","name":"OPEL","description":"","potentialAction":[{"@type":"SearchAction","target":{"@type":"EntryPoint","urlTemplate":"https:\/\/autorival.ro\/opel\/?s={search_term_string}"},"query-input":{"@type":"PropertyValueSpecification","valueRequired":true,"valueName":"search_term_string"}}],"inLanguage":"en-US"}]}},"_links":{"self":[{"href":"https:\/\/autorival.ro\/opel\/wp-json\/wp\/v2\/product\/366558","targetHints":{"allow":["GET"]}}],"collection":[{"href":"https:\/\/autorival.ro\/opel\/wp-json\/wp\/v2\/product"}],"about":[{"href":"https:\/\/autorival.ro\/opel\/wp-json\/wp\/v2\/types\/product"}],"replies":[{"embeddable":true,"href":"https:\/\/autorival.ro\/opel\/wp-json\/wp\/v2\/comments?post=366558"}],"wp:featuredmedia":[{"embeddable":true,"href":"https:\/\/autorival.ro\/opel\/wp-json\/wp\/v2\/media\/661914"}],"wp:attachment":[{"href":"https:\/\/autorival.ro\/opel\/wp-json\/wp\/v2\/media?parent=366558"}],"wp:term":[{"taxonomy":"product_brand","embeddable":true,"href":"https:\/\/autorival.ro\/opel\/wp-json\/wp\/v2\/product_brand?post=366558"},{"taxonomy":"product_cat","embeddable":true,"href":"https:\/\/autorival.ro\/opel\/wp-json\/wp\/v2\/product_cat?post=366558"},{"taxonomy":"product_tag","embeddable":true,"href":"https:\/\/autorival.ro\/opel\/wp-json\/wp\/v2\/product_tag?post=366558"}],"curies":[{"name":"wp","href":"https:\/\/api.w.org\/{rel}","templated":true}]}}