{"id":365942,"date":"2025-06-07T02:25:46","date_gmt":"2025-06-07T02:25:46","guid":{"rendered":"https:\/\/autorival.ro\/opel\/product\/etrier-frana-opel-cascada-w13-1-6-67-benzina-200-cai-optimal-bc-1425l\/"},"modified":"2025-06-07T02:25:46","modified_gmt":"2025-06-07T02:25:46","slug":"etrier-frana-opel-cascada-w13-1-6-67-benzina-200-cai-optimal-bc-1425l","status":"publish","type":"product","link":"https:\/\/autorival.ro\/opel\/product\/etrier-frana-opel-cascada-w13-1-6-67-benzina-200-cai-optimal-bc-1425l\/","title":{"rendered":"Etrier frana OPEL CASCADA (W13) 1.6 (67) benzina 200 cai OPTIMAL BC-1425L"},"content":{"rendered":"<p>Partea de montare: Axa fata stangaRestrictiile producatorului: MANDOTip disc fr\u00e2na: ventilatTip etrier fr\u00e2na: etrier flotant, Etrier de fr\u00e2n\u0103 (1 piston)Material: FontaDinamica fr\u00e2nare\/conducere: pentru vehicule cu ABSArticol extins\/Informatii de extindere: cu acceasoriiArticol completare\/Info suplimentar 2: fara cadru de fixarepentru grosime disc frana [mm]: 30pentru diametru disc frana [mm]: 321Numar articol par: BC-1425RCalitate: Remanufactured ->Diametru piston [mm]: 60<\/p>\n","protected":false},"excerpt":{"rendered":"<p>Producator: OPTIMAL Cod producator: BC-1425L<\/p>\n","protected":false},"featured_media":365943,"comment_status":"open","ping_status":"closed","template":"","meta":[],"product_brand":[389],"product_cat":[15174],"product_tag":[44121,43362,43553,43366,43324,43450],"class_list":{"0":"post-365942","1":"product","2":"type-product","3":"status-publish","4":"has-post-thumbnail","6":"product_brand-optimal","7":"product_cat-etrier-frana-w13-1-6-67-benzina-200","8":"product_tag-bc","9":"product_tag-cascada","10":"product_tag-etrier","11":"product_tag-frana","12":"product_tag-opel","13":"product_tag-optimal","15":"first","16":"instock","17":"shipping-taxable","18":"purchasable","19":"product-type-simple"},"yoast_head":"<!-- This site is optimized with the Yoast SEO plugin v27.3 - https:\/\/yoast.com\/product\/yoast-seo-wordpress\/ -->\n<title>Etrier frana OPEL CASCADA (W13) 1.6 (67) benzina 200 cai OPTIMAL BC-1425L OPEL | OPTIMAL - Autorival<\/title>\n<meta name=\"description\" content=\"\u26a1 Etrier frana OPEL CASCADA (W13) 1.6 (67) benzina 200 cai OPTIMAL BC-1425L pentru OPEL la doar 526.35 RON. \u2713 Cod: BC-1425L \u2713 Brand: OPTIMAL \u2713 \u00cen stoc \u2713 Livrare 24h \u2713 Garan\u021bie!\" \/>\n<meta name=\"robots\" content=\"index, follow, max-snippet:-1, max-image-preview:large, max-video-preview:-1\" \/>\n<meta property=\"og:locale\" content=\"en_US\" \/>\n<meta property=\"og:type\" content=\"article\" \/>\n<meta property=\"og:title\" content=\"Etrier frana OPEL CASCADA (W13) 1.6 (67) benzina 200 cai OPTIMAL BC-1425L OPEL | OPTIMAL - Autorival\" \/>\n<meta property=\"og:description\" content=\"\u26a1 Etrier frana OPEL CASCADA (W13) 1.6 (67) benzina 200 cai OPTIMAL BC-1425L pentru OPEL la doar 526.35 RON. \u2713 Cod: BC-1425L \u2713 Brand: OPTIMAL \u2713 \u00cen stoc \u2713 Livrare 24h \u2713 Garan\u021bie!\" \/>\n<meta property=\"og:url\" content=\"https:\/\/autorival.ro\/opel\/product\/etrier-frana-opel-cascada-w13-1-6-67-benzina-200-cai-optimal-bc-1425l\/\" \/>\n<meta property=\"og:site_name\" content=\"OPEL\" \/>\n<meta property=\"og:image\" content=\"https:\/\/autorival.ro\/opel\/wp-content\/uploads\/sites\/21\/2025\/06\/opt_bc-1425l_wm_01-1.jpg\" \/>\n\t<meta property=\"og:image:width\" content=\"1000\" \/>\n\t<meta property=\"og:image:height\" content=\"1000\" \/>\n\t<meta property=\"og:image:type\" content=\"image\/jpeg\" \/>\n<meta name=\"twitter:card\" content=\"summary_large_image\" \/>\n<meta name=\"twitter:title\" content=\"Etrier frana OPEL CASCADA (W13) 1.6 (67) benzina 200 cai OPTIMAL BC-1425L OPEL | OPTIMAL - Autorival\" \/>\n<meta name=\"twitter:description\" content=\"\u26a1 Etrier frana OPEL CASCADA (W13) 1.6 (67) benzina 200 cai OPTIMAL BC-1425L pentru OPEL la doar 526.35 RON. \u2713 Cod: BC-1425L \u2713 Brand: OPTIMAL \u2713 \u00cen stoc \u2713 Livrare 24h \u2713 Garan\u021bie!\" \/>\n<script type=\"application\/ld+json\" class=\"yoast-schema-graph\">{\"@context\":\"https:\\\/\\\/schema.org\",\"@graph\":[{\"@type\":\"WebPage\",\"@id\":\"https:\\\/\\\/autorival.ro\\\/opel\\\/product\\\/etrier-frana-opel-cascada-w13-1-6-67-benzina-200-cai-optimal-bc-1425l\\\/\",\"url\":\"https:\\\/\\\/autorival.ro\\\/opel\\\/product\\\/etrier-frana-opel-cascada-w13-1-6-67-benzina-200-cai-optimal-bc-1425l\\\/\",\"name\":\"Etrier frana OPEL CASCADA (W13) 1.6 (67) benzina 200 cai OPTIMAL BC-1425L OPEL | OPTIMAL - Autorival\",\"isPartOf\":{\"@id\":\"https:\\\/\\\/autorival.ro\\\/opel\\\/#website\"},\"primaryImageOfPage\":{\"@id\":\"https:\\\/\\\/autorival.ro\\\/opel\\\/product\\\/etrier-frana-opel-cascada-w13-1-6-67-benzina-200-cai-optimal-bc-1425l\\\/#primaryimage\"},\"image\":{\"@id\":\"https:\\\/\\\/autorival.ro\\\/opel\\\/product\\\/etrier-frana-opel-cascada-w13-1-6-67-benzina-200-cai-optimal-bc-1425l\\\/#primaryimage\"},\"thumbnailUrl\":\"https:\\\/\\\/autorival.ro\\\/opel\\\/wp-content\\\/uploads\\\/sites\\\/21\\\/2025\\\/06\\\/opt_bc-1425l_wm_01-1.jpg\",\"datePublished\":\"2025-06-07T02:25:46+00:00\",\"description\":\"\u26a1 Etrier frana OPEL CASCADA (W13) 1.6 (67) benzina 200 cai OPTIMAL BC-1425L pentru OPEL la doar 526.35 RON. \u2713 Cod: BC-1425L \u2713 Brand: OPTIMAL \u2713 \u00cen stoc \u2713 Livrare 24h \u2713 Garan\u021bie!\",\"breadcrumb\":{\"@id\":\"https:\\\/\\\/autorival.ro\\\/opel\\\/product\\\/etrier-frana-opel-cascada-w13-1-6-67-benzina-200-cai-optimal-bc-1425l\\\/#breadcrumb\"},\"inLanguage\":\"en-US\",\"potentialAction\":[{\"@type\":\"ReadAction\",\"target\":[\"https:\\\/\\\/autorival.ro\\\/opel\\\/product\\\/etrier-frana-opel-cascada-w13-1-6-67-benzina-200-cai-optimal-bc-1425l\\\/\"]}]},{\"@type\":\"ImageObject\",\"inLanguage\":\"en-US\",\"@id\":\"https:\\\/\\\/autorival.ro\\\/opel\\\/product\\\/etrier-frana-opel-cascada-w13-1-6-67-benzina-200-cai-optimal-bc-1425l\\\/#primaryimage\",\"url\":\"https:\\\/\\\/autorival.ro\\\/opel\\\/wp-content\\\/uploads\\\/sites\\\/21\\\/2025\\\/06\\\/opt_bc-1425l_wm_01-1.jpg\",\"contentUrl\":\"https:\\\/\\\/autorival.ro\\\/opel\\\/wp-content\\\/uploads\\\/sites\\\/21\\\/2025\\\/06\\\/opt_bc-1425l_wm_01-1.jpg\",\"width\":1000,\"height\":1000,\"caption\":\"Etrier frana OPEL CASCADA (W13) 1.6 (67) benzina 200 cai OPTIMAL BC-1425L\"},{\"@type\":\"BreadcrumbList\",\"@id\":\"https:\\\/\\\/autorival.ro\\\/opel\\\/product\\\/etrier-frana-opel-cascada-w13-1-6-67-benzina-200-cai-optimal-bc-1425l\\\/#breadcrumb\",\"itemListElement\":[{\"@type\":\"ListItem\",\"position\":1,\"name\":\"Prima pagin\u0103\",\"item\":\"https:\\\/\\\/autorival.ro\\\/opel\\\/\"},{\"@type\":\"ListItem\",\"position\":2,\"name\":\"Piese auto OPEL\",\"item\":\"https:\\\/\\\/autorival.ro\\\/opel\\\/\"},{\"@type\":\"ListItem\",\"position\":3,\"name\":\"Etrier frana OPEL CASCADA (W13) 1.6 (67) benzina 200 cai OPTIMAL BC-1425L\"}]},{\"@type\":\"WebSite\",\"@id\":\"https:\\\/\\\/autorival.ro\\\/opel\\\/#website\",\"url\":\"https:\\\/\\\/autorival.ro\\\/opel\\\/\",\"name\":\"OPEL\",\"description\":\"\",\"potentialAction\":[{\"@type\":\"SearchAction\",\"target\":{\"@type\":\"EntryPoint\",\"urlTemplate\":\"https:\\\/\\\/autorival.ro\\\/opel\\\/?s={search_term_string}\"},\"query-input\":{\"@type\":\"PropertyValueSpecification\",\"valueRequired\":true,\"valueName\":\"search_term_string\"}}],\"inLanguage\":\"en-US\"}]}<\/script>\n<!-- \/ Yoast SEO plugin. -->","yoast_head_json":{"title":"Etrier frana OPEL CASCADA (W13) 1.6 (67) benzina 200 cai OPTIMAL BC-1425L OPEL | OPTIMAL - Autorival","description":"\u26a1 Etrier frana OPEL CASCADA (W13) 1.6 (67) benzina 200 cai OPTIMAL BC-1425L pentru OPEL la doar 526.35 RON. \u2713 Cod: BC-1425L \u2713 Brand: OPTIMAL \u2713 \u00cen stoc \u2713 Livrare 24h \u2713 Garan\u021bie!","robots":{"index":"index","follow":"follow","max-snippet":"max-snippet:-1","max-image-preview":"max-image-preview:large","max-video-preview":"max-video-preview:-1"},"og_locale":"en_US","og_type":"article","og_title":"Etrier frana OPEL CASCADA (W13) 1.6 (67) benzina 200 cai OPTIMAL BC-1425L OPEL | OPTIMAL - Autorival","og_description":"\u26a1 Etrier frana OPEL CASCADA (W13) 1.6 (67) benzina 200 cai OPTIMAL BC-1425L pentru OPEL la doar 526.35 RON. \u2713 Cod: BC-1425L \u2713 Brand: OPTIMAL \u2713 \u00cen stoc \u2713 Livrare 24h \u2713 Garan\u021bie!","og_url":"https:\/\/autorival.ro\/opel\/product\/etrier-frana-opel-cascada-w13-1-6-67-benzina-200-cai-optimal-bc-1425l\/","og_site_name":"OPEL","og_image":[{"width":1000,"height":1000,"url":"https:\/\/autorival.ro\/opel\/wp-content\/uploads\/sites\/21\/2025\/06\/opt_bc-1425l_wm_01-1.jpg","type":"image\/jpeg"}],"twitter_card":"summary_large_image","twitter_title":"Etrier frana OPEL CASCADA (W13) 1.6 (67) benzina 200 cai OPTIMAL BC-1425L OPEL | OPTIMAL - Autorival","twitter_description":"\u26a1 Etrier frana OPEL CASCADA (W13) 1.6 (67) benzina 200 cai OPTIMAL BC-1425L pentru OPEL la doar 526.35 RON. \u2713 Cod: BC-1425L \u2713 Brand: OPTIMAL \u2713 \u00cen stoc \u2713 Livrare 24h \u2713 Garan\u021bie!","schema":{"@context":"https:\/\/schema.org","@graph":[{"@type":"WebPage","@id":"https:\/\/autorival.ro\/opel\/product\/etrier-frana-opel-cascada-w13-1-6-67-benzina-200-cai-optimal-bc-1425l\/","url":"https:\/\/autorival.ro\/opel\/product\/etrier-frana-opel-cascada-w13-1-6-67-benzina-200-cai-optimal-bc-1425l\/","name":"Etrier frana OPEL CASCADA (W13) 1.6 (67) benzina 200 cai OPTIMAL BC-1425L OPEL | OPTIMAL - Autorival","isPartOf":{"@id":"https:\/\/autorival.ro\/opel\/#website"},"primaryImageOfPage":{"@id":"https:\/\/autorival.ro\/opel\/product\/etrier-frana-opel-cascada-w13-1-6-67-benzina-200-cai-optimal-bc-1425l\/#primaryimage"},"image":{"@id":"https:\/\/autorival.ro\/opel\/product\/etrier-frana-opel-cascada-w13-1-6-67-benzina-200-cai-optimal-bc-1425l\/#primaryimage"},"thumbnailUrl":"https:\/\/autorival.ro\/opel\/wp-content\/uploads\/sites\/21\/2025\/06\/opt_bc-1425l_wm_01-1.jpg","datePublished":"2025-06-07T02:25:46+00:00","description":"\u26a1 Etrier frana OPEL CASCADA (W13) 1.6 (67) benzina 200 cai OPTIMAL BC-1425L pentru OPEL la doar 526.35 RON. \u2713 Cod: BC-1425L \u2713 Brand: OPTIMAL \u2713 \u00cen stoc \u2713 Livrare 24h \u2713 Garan\u021bie!","breadcrumb":{"@id":"https:\/\/autorival.ro\/opel\/product\/etrier-frana-opel-cascada-w13-1-6-67-benzina-200-cai-optimal-bc-1425l\/#breadcrumb"},"inLanguage":"en-US","potentialAction":[{"@type":"ReadAction","target":["https:\/\/autorival.ro\/opel\/product\/etrier-frana-opel-cascada-w13-1-6-67-benzina-200-cai-optimal-bc-1425l\/"]}]},{"@type":"ImageObject","inLanguage":"en-US","@id":"https:\/\/autorival.ro\/opel\/product\/etrier-frana-opel-cascada-w13-1-6-67-benzina-200-cai-optimal-bc-1425l\/#primaryimage","url":"https:\/\/autorival.ro\/opel\/wp-content\/uploads\/sites\/21\/2025\/06\/opt_bc-1425l_wm_01-1.jpg","contentUrl":"https:\/\/autorival.ro\/opel\/wp-content\/uploads\/sites\/21\/2025\/06\/opt_bc-1425l_wm_01-1.jpg","width":1000,"height":1000,"caption":"Etrier frana OPEL CASCADA (W13) 1.6 (67) benzina 200 cai OPTIMAL BC-1425L"},{"@type":"BreadcrumbList","@id":"https:\/\/autorival.ro\/opel\/product\/etrier-frana-opel-cascada-w13-1-6-67-benzina-200-cai-optimal-bc-1425l\/#breadcrumb","itemListElement":[{"@type":"ListItem","position":1,"name":"Prima pagin\u0103","item":"https:\/\/autorival.ro\/opel\/"},{"@type":"ListItem","position":2,"name":"Piese auto OPEL","item":"https:\/\/autorival.ro\/opel\/"},{"@type":"ListItem","position":3,"name":"Etrier frana OPEL CASCADA (W13) 1.6 (67) benzina 200 cai OPTIMAL BC-1425L"}]},{"@type":"WebSite","@id":"https:\/\/autorival.ro\/opel\/#website","url":"https:\/\/autorival.ro\/opel\/","name":"OPEL","description":"","potentialAction":[{"@type":"SearchAction","target":{"@type":"EntryPoint","urlTemplate":"https:\/\/autorival.ro\/opel\/?s={search_term_string}"},"query-input":{"@type":"PropertyValueSpecification","valueRequired":true,"valueName":"search_term_string"}}],"inLanguage":"en-US"}]}},"_links":{"self":[{"href":"https:\/\/autorival.ro\/opel\/wp-json\/wp\/v2\/product\/365942","targetHints":{"allow":["GET"]}}],"collection":[{"href":"https:\/\/autorival.ro\/opel\/wp-json\/wp\/v2\/product"}],"about":[{"href":"https:\/\/autorival.ro\/opel\/wp-json\/wp\/v2\/types\/product"}],"replies":[{"embeddable":true,"href":"https:\/\/autorival.ro\/opel\/wp-json\/wp\/v2\/comments?post=365942"}],"wp:featuredmedia":[{"embeddable":true,"href":"https:\/\/autorival.ro\/opel\/wp-json\/wp\/v2\/media\/365943"}],"wp:attachment":[{"href":"https:\/\/autorival.ro\/opel\/wp-json\/wp\/v2\/media?parent=365942"}],"wp:term":[{"taxonomy":"product_brand","embeddable":true,"href":"https:\/\/autorival.ro\/opel\/wp-json\/wp\/v2\/product_brand?post=365942"},{"taxonomy":"product_cat","embeddable":true,"href":"https:\/\/autorival.ro\/opel\/wp-json\/wp\/v2\/product_cat?post=365942"},{"taxonomy":"product_tag","embeddable":true,"href":"https:\/\/autorival.ro\/opel\/wp-json\/wp\/v2\/product_tag?post=365942"}],"curies":[{"name":"wp","href":"https:\/\/api.w.org\/{rel}","templated":true}]}}