{"id":355440,"date":"2025-06-06T22:18:43","date_gmt":"2025-06-06T22:18:43","guid":{"rendered":"https:\/\/autorival.ro\/opel\/product\/electromotor-opel-combo-tour-x12-1-4-c26-d26-e26-c06-benzina-120-cai-as-pl-s0237pr\/"},"modified":"2025-06-06T22:18:43","modified_gmt":"2025-06-06T22:18:43","slug":"electromotor-opel-combo-tour-x12-1-4-c26-d26-e26-c06-benzina-120-cai-as-pl-s0237pr","status":"publish","type":"product","link":"https:\/\/autorival.ro\/opel\/product\/electromotor-opel-combo-tour-x12-1-4-c26-d26-e26-c06-benzina-120-cai-as-pl-s0237pr\/","title":{"rendered":"Electromotor OPEL COMBO Tour (X12) 1.4 (C26, D26, E26, C06) benzina 120 cai AS-PL S0237PR"},"content":{"rendered":"<p>Restrictiile producatorului: BOSCHPutere electromotor [kW]: 1,1Tensiune [V]: 12Numarul gaurilor de fixare: 3Directia de rotatie: rotatie contrar acelor de ceasornicNumar dinti: 9Calitate: PREMIUM LINEPies\u0103 de schimb f\u0103r\u0103 gaj<\/p>\n","protected":false},"excerpt":{"rendered":"<p>Producator: AS-PL Cod producator: S0237PR<\/p>\n","protected":false},"featured_media":355441,"comment_status":"open","ping_status":"closed","template":"","meta":[],"product_brand":[296],"product_cat":[14411],"product_tag":[43415,43387,43325,44085,43324,43340],"class_list":{"0":"post-355440","1":"product","2":"type-product","3":"status-publish","4":"has-post-thumbnail","6":"product_brand-as-pl","7":"product_cat-electromotor-tour-x12-1-4-c26-d26-e26-c06-benzina-120","8":"product_tag-x12","9":"product_tag-as","10":"product_tag-combo","11":"product_tag-electromotor","12":"product_tag-opel","13":"product_tag-tour","15":"first","16":"instock","17":"shipping-taxable","18":"purchasable","19":"product-type-simple"},"yoast_head":"<!-- This site is optimized with the Yoast SEO plugin v27.3 - https:\/\/yoast.com\/product\/yoast-seo-wordpress\/ -->\n<title>Electromotor OPEL COMBO Tour (X12) 1.4 (C26, D26, E26, C06) benzina 120 cai AS-PL S0237PR OPEL | AS-PL - Autorival<\/title>\n<meta name=\"description\" content=\"\u26a1 Electromotor OPEL COMBO Tour (X12) 1.4 (C26, D26, E26, C06) benzina 120 cai AS-PL S0237PR pentru OPEL la doar 610.05 RON. \u2713 Cod: S0237PR \u2713 Brand: AS-PL \u2713 \u00cen stoc \u2713 Livrare 24h \u2713 Garan\u021bie!\" \/>\n<meta name=\"robots\" content=\"index, follow, max-snippet:-1, max-image-preview:large, max-video-preview:-1\" \/>\n<meta property=\"og:locale\" content=\"en_US\" \/>\n<meta property=\"og:type\" content=\"article\" \/>\n<meta property=\"og:title\" content=\"Electromotor OPEL COMBO Tour (X12) 1.4 (C26, D26, E26, C06) benzina 120 cai AS-PL S0237PR OPEL | AS-PL - Autorival\" \/>\n<meta property=\"og:description\" content=\"\u26a1 Electromotor OPEL COMBO Tour (X12) 1.4 (C26, D26, E26, C06) benzina 120 cai AS-PL S0237PR pentru OPEL la doar 610.05 RON. \u2713 Cod: S0237PR \u2713 Brand: AS-PL \u2713 \u00cen stoc \u2713 Livrare 24h \u2713 Garan\u021bie!\" \/>\n<meta property=\"og:url\" content=\"https:\/\/autorival.ro\/opel\/product\/electromotor-opel-combo-tour-x12-1-4-c26-d26-e26-c06-benzina-120-cai-as-pl-s0237pr\/\" \/>\n<meta property=\"og:site_name\" content=\"OPEL\" \/>\n<meta property=\"og:image\" content=\"https:\/\/autorival.ro\/opel\/wp-content\/uploads\/sites\/21\/2025\/06\/283941-3.jpg\" \/>\n\t<meta property=\"og:image:width\" content=\"1080\" \/>\n\t<meta property=\"og:image:height\" content=\"810\" \/>\n\t<meta property=\"og:image:type\" content=\"image\/jpeg\" \/>\n<meta name=\"twitter:card\" content=\"summary_large_image\" \/>\n<meta name=\"twitter:title\" content=\"Electromotor OPEL COMBO Tour (X12) 1.4 (C26, D26, E26, C06) benzina 120 cai AS-PL S0237PR OPEL | AS-PL - Autorival\" \/>\n<meta name=\"twitter:description\" content=\"\u26a1 Electromotor OPEL COMBO Tour (X12) 1.4 (C26, D26, E26, C06) benzina 120 cai AS-PL S0237PR pentru OPEL la doar 610.05 RON. \u2713 Cod: S0237PR \u2713 Brand: AS-PL \u2713 \u00cen stoc \u2713 Livrare 24h \u2713 Garan\u021bie!\" \/>\n<script type=\"application\/ld+json\" class=\"yoast-schema-graph\">{\"@context\":\"https:\\\/\\\/schema.org\",\"@graph\":[{\"@type\":\"WebPage\",\"@id\":\"https:\\\/\\\/autorival.ro\\\/opel\\\/product\\\/electromotor-opel-combo-tour-x12-1-4-c26-d26-e26-c06-benzina-120-cai-as-pl-s0237pr\\\/\",\"url\":\"https:\\\/\\\/autorival.ro\\\/opel\\\/product\\\/electromotor-opel-combo-tour-x12-1-4-c26-d26-e26-c06-benzina-120-cai-as-pl-s0237pr\\\/\",\"name\":\"Electromotor OPEL COMBO Tour (X12) 1.4 (C26, D26, E26, C06) benzina 120 cai AS-PL S0237PR OPEL | AS-PL - Autorival\",\"isPartOf\":{\"@id\":\"https:\\\/\\\/autorival.ro\\\/opel\\\/#website\"},\"primaryImageOfPage\":{\"@id\":\"https:\\\/\\\/autorival.ro\\\/opel\\\/product\\\/electromotor-opel-combo-tour-x12-1-4-c26-d26-e26-c06-benzina-120-cai-as-pl-s0237pr\\\/#primaryimage\"},\"image\":{\"@id\":\"https:\\\/\\\/autorival.ro\\\/opel\\\/product\\\/electromotor-opel-combo-tour-x12-1-4-c26-d26-e26-c06-benzina-120-cai-as-pl-s0237pr\\\/#primaryimage\"},\"thumbnailUrl\":\"https:\\\/\\\/autorival.ro\\\/opel\\\/wp-content\\\/uploads\\\/sites\\\/21\\\/2025\\\/06\\\/283941-3.jpg\",\"datePublished\":\"2025-06-06T22:18:43+00:00\",\"description\":\"\u26a1 Electromotor OPEL COMBO Tour (X12) 1.4 (C26, D26, E26, C06) benzina 120 cai AS-PL S0237PR pentru OPEL la doar 610.05 RON. \u2713 Cod: S0237PR \u2713 Brand: AS-PL \u2713 \u00cen stoc \u2713 Livrare 24h \u2713 Garan\u021bie!\",\"breadcrumb\":{\"@id\":\"https:\\\/\\\/autorival.ro\\\/opel\\\/product\\\/electromotor-opel-combo-tour-x12-1-4-c26-d26-e26-c06-benzina-120-cai-as-pl-s0237pr\\\/#breadcrumb\"},\"inLanguage\":\"en-US\",\"potentialAction\":[{\"@type\":\"ReadAction\",\"target\":[\"https:\\\/\\\/autorival.ro\\\/opel\\\/product\\\/electromotor-opel-combo-tour-x12-1-4-c26-d26-e26-c06-benzina-120-cai-as-pl-s0237pr\\\/\"]}]},{\"@type\":\"ImageObject\",\"inLanguage\":\"en-US\",\"@id\":\"https:\\\/\\\/autorival.ro\\\/opel\\\/product\\\/electromotor-opel-combo-tour-x12-1-4-c26-d26-e26-c06-benzina-120-cai-as-pl-s0237pr\\\/#primaryimage\",\"url\":\"https:\\\/\\\/autorival.ro\\\/opel\\\/wp-content\\\/uploads\\\/sites\\\/21\\\/2025\\\/06\\\/283941-3.jpg\",\"contentUrl\":\"https:\\\/\\\/autorival.ro\\\/opel\\\/wp-content\\\/uploads\\\/sites\\\/21\\\/2025\\\/06\\\/283941-3.jpg\",\"width\":1080,\"height\":810,\"caption\":\"Electromotor OPEL COMBO Tour (X12) 1.4 (C26, D26, E26, C06) benzina 120 cai AS-PL S0237PR\"},{\"@type\":\"BreadcrumbList\",\"@id\":\"https:\\\/\\\/autorival.ro\\\/opel\\\/product\\\/electromotor-opel-combo-tour-x12-1-4-c26-d26-e26-c06-benzina-120-cai-as-pl-s0237pr\\\/#breadcrumb\",\"itemListElement\":[{\"@type\":\"ListItem\",\"position\":1,\"name\":\"Prima pagin\u0103\",\"item\":\"https:\\\/\\\/autorival.ro\\\/opel\\\/\"},{\"@type\":\"ListItem\",\"position\":2,\"name\":\"Piese auto OPEL\",\"item\":\"https:\\\/\\\/autorival.ro\\\/opel\\\/\"},{\"@type\":\"ListItem\",\"position\":3,\"name\":\"Electromotor OPEL COMBO Tour (X12) 1.4 (C26, D26, E26, C06) benzina 120 cai AS-PL S0237PR\"}]},{\"@type\":\"WebSite\",\"@id\":\"https:\\\/\\\/autorival.ro\\\/opel\\\/#website\",\"url\":\"https:\\\/\\\/autorival.ro\\\/opel\\\/\",\"name\":\"OPEL\",\"description\":\"\",\"potentialAction\":[{\"@type\":\"SearchAction\",\"target\":{\"@type\":\"EntryPoint\",\"urlTemplate\":\"https:\\\/\\\/autorival.ro\\\/opel\\\/?s={search_term_string}\"},\"query-input\":{\"@type\":\"PropertyValueSpecification\",\"valueRequired\":true,\"valueName\":\"search_term_string\"}}],\"inLanguage\":\"en-US\"}]}<\/script>\n<!-- \/ Yoast SEO plugin. -->","yoast_head_json":{"title":"Electromotor OPEL COMBO Tour (X12) 1.4 (C26, D26, E26, C06) benzina 120 cai AS-PL S0237PR OPEL | AS-PL - Autorival","description":"\u26a1 Electromotor OPEL COMBO Tour (X12) 1.4 (C26, D26, E26, C06) benzina 120 cai AS-PL S0237PR pentru OPEL la doar 610.05 RON. \u2713 Cod: S0237PR \u2713 Brand: AS-PL \u2713 \u00cen stoc \u2713 Livrare 24h \u2713 Garan\u021bie!","robots":{"index":"index","follow":"follow","max-snippet":"max-snippet:-1","max-image-preview":"max-image-preview:large","max-video-preview":"max-video-preview:-1"},"og_locale":"en_US","og_type":"article","og_title":"Electromotor OPEL COMBO Tour (X12) 1.4 (C26, D26, E26, C06) benzina 120 cai AS-PL S0237PR OPEL | AS-PL - Autorival","og_description":"\u26a1 Electromotor OPEL COMBO Tour (X12) 1.4 (C26, D26, E26, C06) benzina 120 cai AS-PL S0237PR pentru OPEL la doar 610.05 RON. \u2713 Cod: S0237PR \u2713 Brand: AS-PL \u2713 \u00cen stoc \u2713 Livrare 24h \u2713 Garan\u021bie!","og_url":"https:\/\/autorival.ro\/opel\/product\/electromotor-opel-combo-tour-x12-1-4-c26-d26-e26-c06-benzina-120-cai-as-pl-s0237pr\/","og_site_name":"OPEL","og_image":[{"width":1080,"height":810,"url":"https:\/\/autorival.ro\/opel\/wp-content\/uploads\/sites\/21\/2025\/06\/283941-3.jpg","type":"image\/jpeg"}],"twitter_card":"summary_large_image","twitter_title":"Electromotor OPEL COMBO Tour (X12) 1.4 (C26, D26, E26, C06) benzina 120 cai AS-PL S0237PR OPEL | AS-PL - Autorival","twitter_description":"\u26a1 Electromotor OPEL COMBO Tour (X12) 1.4 (C26, D26, E26, C06) benzina 120 cai AS-PL S0237PR pentru OPEL la doar 610.05 RON. \u2713 Cod: S0237PR \u2713 Brand: AS-PL \u2713 \u00cen stoc \u2713 Livrare 24h \u2713 Garan\u021bie!","schema":{"@context":"https:\/\/schema.org","@graph":[{"@type":"WebPage","@id":"https:\/\/autorival.ro\/opel\/product\/electromotor-opel-combo-tour-x12-1-4-c26-d26-e26-c06-benzina-120-cai-as-pl-s0237pr\/","url":"https:\/\/autorival.ro\/opel\/product\/electromotor-opel-combo-tour-x12-1-4-c26-d26-e26-c06-benzina-120-cai-as-pl-s0237pr\/","name":"Electromotor OPEL COMBO Tour (X12) 1.4 (C26, D26, E26, C06) benzina 120 cai AS-PL S0237PR OPEL | AS-PL - Autorival","isPartOf":{"@id":"https:\/\/autorival.ro\/opel\/#website"},"primaryImageOfPage":{"@id":"https:\/\/autorival.ro\/opel\/product\/electromotor-opel-combo-tour-x12-1-4-c26-d26-e26-c06-benzina-120-cai-as-pl-s0237pr\/#primaryimage"},"image":{"@id":"https:\/\/autorival.ro\/opel\/product\/electromotor-opel-combo-tour-x12-1-4-c26-d26-e26-c06-benzina-120-cai-as-pl-s0237pr\/#primaryimage"},"thumbnailUrl":"https:\/\/autorival.ro\/opel\/wp-content\/uploads\/sites\/21\/2025\/06\/283941-3.jpg","datePublished":"2025-06-06T22:18:43+00:00","description":"\u26a1 Electromotor OPEL COMBO Tour (X12) 1.4 (C26, D26, E26, C06) benzina 120 cai AS-PL S0237PR pentru OPEL la doar 610.05 RON. \u2713 Cod: S0237PR \u2713 Brand: AS-PL \u2713 \u00cen stoc \u2713 Livrare 24h \u2713 Garan\u021bie!","breadcrumb":{"@id":"https:\/\/autorival.ro\/opel\/product\/electromotor-opel-combo-tour-x12-1-4-c26-d26-e26-c06-benzina-120-cai-as-pl-s0237pr\/#breadcrumb"},"inLanguage":"en-US","potentialAction":[{"@type":"ReadAction","target":["https:\/\/autorival.ro\/opel\/product\/electromotor-opel-combo-tour-x12-1-4-c26-d26-e26-c06-benzina-120-cai-as-pl-s0237pr\/"]}]},{"@type":"ImageObject","inLanguage":"en-US","@id":"https:\/\/autorival.ro\/opel\/product\/electromotor-opel-combo-tour-x12-1-4-c26-d26-e26-c06-benzina-120-cai-as-pl-s0237pr\/#primaryimage","url":"https:\/\/autorival.ro\/opel\/wp-content\/uploads\/sites\/21\/2025\/06\/283941-3.jpg","contentUrl":"https:\/\/autorival.ro\/opel\/wp-content\/uploads\/sites\/21\/2025\/06\/283941-3.jpg","width":1080,"height":810,"caption":"Electromotor OPEL COMBO Tour (X12) 1.4 (C26, D26, E26, C06) benzina 120 cai AS-PL S0237PR"},{"@type":"BreadcrumbList","@id":"https:\/\/autorival.ro\/opel\/product\/electromotor-opel-combo-tour-x12-1-4-c26-d26-e26-c06-benzina-120-cai-as-pl-s0237pr\/#breadcrumb","itemListElement":[{"@type":"ListItem","position":1,"name":"Prima pagin\u0103","item":"https:\/\/autorival.ro\/opel\/"},{"@type":"ListItem","position":2,"name":"Piese auto OPEL","item":"https:\/\/autorival.ro\/opel\/"},{"@type":"ListItem","position":3,"name":"Electromotor OPEL COMBO Tour (X12) 1.4 (C26, D26, E26, C06) benzina 120 cai AS-PL S0237PR"}]},{"@type":"WebSite","@id":"https:\/\/autorival.ro\/opel\/#website","url":"https:\/\/autorival.ro\/opel\/","name":"OPEL","description":"","potentialAction":[{"@type":"SearchAction","target":{"@type":"EntryPoint","urlTemplate":"https:\/\/autorival.ro\/opel\/?s={search_term_string}"},"query-input":{"@type":"PropertyValueSpecification","valueRequired":true,"valueName":"search_term_string"}}],"inLanguage":"en-US"}]}},"_links":{"self":[{"href":"https:\/\/autorival.ro\/opel\/wp-json\/wp\/v2\/product\/355440","targetHints":{"allow":["GET"]}}],"collection":[{"href":"https:\/\/autorival.ro\/opel\/wp-json\/wp\/v2\/product"}],"about":[{"href":"https:\/\/autorival.ro\/opel\/wp-json\/wp\/v2\/types\/product"}],"replies":[{"embeddable":true,"href":"https:\/\/autorival.ro\/opel\/wp-json\/wp\/v2\/comments?post=355440"}],"wp:featuredmedia":[{"embeddable":true,"href":"https:\/\/autorival.ro\/opel\/wp-json\/wp\/v2\/media\/355441"}],"wp:attachment":[{"href":"https:\/\/autorival.ro\/opel\/wp-json\/wp\/v2\/media?parent=355440"}],"wp:term":[{"taxonomy":"product_brand","embeddable":true,"href":"https:\/\/autorival.ro\/opel\/wp-json\/wp\/v2\/product_brand?post=355440"},{"taxonomy":"product_cat","embeddable":true,"href":"https:\/\/autorival.ro\/opel\/wp-json\/wp\/v2\/product_cat?post=355440"},{"taxonomy":"product_tag","embeddable":true,"href":"https:\/\/autorival.ro\/opel\/wp-json\/wp\/v2\/product_tag?post=355440"}],"curies":[{"name":"wp","href":"https:\/\/api.w.org\/{rel}","templated":true}]}}