{"id":348734,"date":"2025-06-06T19:55:33","date_gmt":"2025-06-06T19:55:33","guid":{"rendered":"https:\/\/autorival.ro\/opel\/product\/disc-frana-opel-mokka-1-2-76-benzina-101-cai-mastersport-germany-24012601201-pcs-ms\/"},"modified":"2025-06-06T19:55:33","modified_gmt":"2025-06-06T19:55:33","slug":"disc-frana-opel-mokka-1-2-76-benzina-101-cai-mastersport-germany-24012601201-pcs-ms","status":"publish","type":"product","link":"https:\/\/autorival.ro\/opel\/product\/disc-frana-opel-mokka-1-2-76-benzina-101-cai-mastersport-germany-24012601201-pcs-ms\/","title":{"rendered":"Disc frana OPEL MOKKA 1.2 (76) benzina 101 cai MASTERSPORT GERMANY 24012601201-PCS-MS"},"content":{"rendered":"<p>->Diametru exterior [mm]: 283Tip disc fr\u00e2na: ventilat ->Grosime disc fr\u00e2na [mm]: 26\u00cenaltime [mm]: 34,2 ->Diametrul orificiului [mm]: 13 ->Grosime minima [mm]: 24 ->Diametru interior [mm]: 133,5Numar gauri: 4 ->Diametru de centrare [mm]: 66Asezare gauri \u00d8 [mm]: 108 ->Greutate neta [kg]: 6,68 ->Greutate brut\u0103 [kg]: 6,7Numar bucati necesare: 2Partea de montare: punte fata<\/p>\n","protected":false},"excerpt":{"rendered":"<p>Producator: MASTERSPORT GERMANY Cod producator: 24012601201-PCS-MS<\/p>\n","protected":false},"featured_media":348735,"comment_status":"open","ping_status":"closed","template":"","meta":[],"product_brand":[386],"product_cat":[14164],"product_tag":[44054,43366,43459,43458,43341,43324],"class_list":{"0":"post-348734","1":"product","2":"type-product","3":"status-publish","4":"has-post-thumbnail","6":"product_brand-mastersport-germany","7":"product_cat-disc-frana-1-2-76-benzina-101","8":"product_tag-disc","9":"product_tag-frana","10":"product_tag-germany","11":"product_tag-mastersport","12":"product_tag-mokka","13":"product_tag-opel","15":"first","16":"instock","17":"shipping-taxable","18":"purchasable","19":"product-type-simple"},"yoast_head":"<!-- This site is optimized with the Yoast SEO plugin v27.3 - https:\/\/yoast.com\/product\/yoast-seo-wordpress\/ -->\n<title>Disc frana OPEL MOKKA 1.2 (76) benzina 101 cai MASTERSPORT GERMANY 24012601201-PCS-MS - OPEL<\/title>\n<meta name=\"robots\" content=\"index, follow, max-snippet:-1, max-image-preview:large, max-video-preview:-1\" \/>\n<meta property=\"og:locale\" content=\"en_US\" \/>\n<meta property=\"og:type\" content=\"article\" \/>\n<meta property=\"og:title\" content=\"Disc frana OPEL MOKKA 1.2 (76) benzina 101 cai MASTERSPORT GERMANY 24012601201-PCS-MS - OPEL\" \/>\n<meta property=\"og:description\" content=\"Producator: MASTERSPORT GERMANY Cod producator: 24012601201-PCS-MS\" \/>\n<meta property=\"og:url\" content=\"https:\/\/autorival.ro\/opel\/product\/disc-frana-opel-mokka-1-2-76-benzina-101-cai-mastersport-germany-24012601201-pcs-ms\/\" \/>\n<meta property=\"og:site_name\" content=\"OPEL\" \/>\n<meta property=\"og:image\" content=\"https:\/\/autorival.ro\/opel\/wp-content\/uploads\/sites\/21\/2025\/06\/24012601201-pcs-ms.jpg\" \/>\n\t<meta property=\"og:image:width\" content=\"1500\" \/>\n\t<meta property=\"og:image:height\" content=\"1500\" \/>\n\t<meta property=\"og:image:type\" content=\"image\/jpeg\" \/>\n<meta name=\"twitter:card\" content=\"summary_large_image\" \/>\n<script type=\"application\/ld+json\" class=\"yoast-schema-graph\">{\"@context\":\"https:\\\/\\\/schema.org\",\"@graph\":[{\"@type\":\"WebPage\",\"@id\":\"https:\\\/\\\/autorival.ro\\\/opel\\\/product\\\/disc-frana-opel-mokka-1-2-76-benzina-101-cai-mastersport-germany-24012601201-pcs-ms\\\/\",\"url\":\"https:\\\/\\\/autorival.ro\\\/opel\\\/product\\\/disc-frana-opel-mokka-1-2-76-benzina-101-cai-mastersport-germany-24012601201-pcs-ms\\\/\",\"name\":\"Disc frana OPEL MOKKA 1.2 (76) benzina 101 cai MASTERSPORT GERMANY 24012601201-PCS-MS - OPEL\",\"isPartOf\":{\"@id\":\"https:\\\/\\\/autorival.ro\\\/opel\\\/#website\"},\"primaryImageOfPage\":{\"@id\":\"https:\\\/\\\/autorival.ro\\\/opel\\\/product\\\/disc-frana-opel-mokka-1-2-76-benzina-101-cai-mastersport-germany-24012601201-pcs-ms\\\/#primaryimage\"},\"image\":{\"@id\":\"https:\\\/\\\/autorival.ro\\\/opel\\\/product\\\/disc-frana-opel-mokka-1-2-76-benzina-101-cai-mastersport-germany-24012601201-pcs-ms\\\/#primaryimage\"},\"thumbnailUrl\":\"https:\\\/\\\/autorival.ro\\\/opel\\\/wp-content\\\/uploads\\\/sites\\\/21\\\/2025\\\/06\\\/24012601201-pcs-ms.jpg\",\"datePublished\":\"2025-06-06T19:55:33+00:00\",\"breadcrumb\":{\"@id\":\"https:\\\/\\\/autorival.ro\\\/opel\\\/product\\\/disc-frana-opel-mokka-1-2-76-benzina-101-cai-mastersport-germany-24012601201-pcs-ms\\\/#breadcrumb\"},\"inLanguage\":\"en-US\",\"potentialAction\":[{\"@type\":\"ReadAction\",\"target\":[\"https:\\\/\\\/autorival.ro\\\/opel\\\/product\\\/disc-frana-opel-mokka-1-2-76-benzina-101-cai-mastersport-germany-24012601201-pcs-ms\\\/\"]}]},{\"@type\":\"ImageObject\",\"inLanguage\":\"en-US\",\"@id\":\"https:\\\/\\\/autorival.ro\\\/opel\\\/product\\\/disc-frana-opel-mokka-1-2-76-benzina-101-cai-mastersport-germany-24012601201-pcs-ms\\\/#primaryimage\",\"url\":\"https:\\\/\\\/autorival.ro\\\/opel\\\/wp-content\\\/uploads\\\/sites\\\/21\\\/2025\\\/06\\\/24012601201-pcs-ms.jpg\",\"contentUrl\":\"https:\\\/\\\/autorival.ro\\\/opel\\\/wp-content\\\/uploads\\\/sites\\\/21\\\/2025\\\/06\\\/24012601201-pcs-ms.jpg\",\"width\":1500,\"height\":1500,\"caption\":\"Disc frana OPEL MOKKA 1.2 (76) benzina 101 cai MASTERSPORT GERMANY 24012601201-PCS-MS\"},{\"@type\":\"BreadcrumbList\",\"@id\":\"https:\\\/\\\/autorival.ro\\\/opel\\\/product\\\/disc-frana-opel-mokka-1-2-76-benzina-101-cai-mastersport-germany-24012601201-pcs-ms\\\/#breadcrumb\",\"itemListElement\":[{\"@type\":\"ListItem\",\"position\":1,\"name\":\"Prima pagin\u0103\",\"item\":\"https:\\\/\\\/autorival.ro\\\/opel\\\/\"},{\"@type\":\"ListItem\",\"position\":2,\"name\":\"Piese auto OPEL\",\"item\":\"https:\\\/\\\/autorival.ro\\\/opel\\\/\"},{\"@type\":\"ListItem\",\"position\":3,\"name\":\"Disc frana OPEL MOKKA 1.2 (76) benzina 101 cai MASTERSPORT GERMANY 24012601201-PCS-MS\"}]},{\"@type\":\"WebSite\",\"@id\":\"https:\\\/\\\/autorival.ro\\\/opel\\\/#website\",\"url\":\"https:\\\/\\\/autorival.ro\\\/opel\\\/\",\"name\":\"OPEL\",\"description\":\"\",\"potentialAction\":[{\"@type\":\"SearchAction\",\"target\":{\"@type\":\"EntryPoint\",\"urlTemplate\":\"https:\\\/\\\/autorival.ro\\\/opel\\\/?s={search_term_string}\"},\"query-input\":{\"@type\":\"PropertyValueSpecification\",\"valueRequired\":true,\"valueName\":\"search_term_string\"}}],\"inLanguage\":\"en-US\"}]}<\/script>\n<!-- \/ Yoast SEO plugin. -->","yoast_head_json":{"title":"Disc frana OPEL MOKKA 1.2 (76) benzina 101 cai MASTERSPORT GERMANY 24012601201-PCS-MS - OPEL","robots":{"index":"index","follow":"follow","max-snippet":"max-snippet:-1","max-image-preview":"max-image-preview:large","max-video-preview":"max-video-preview:-1"},"og_locale":"en_US","og_type":"article","og_title":"Disc frana OPEL MOKKA 1.2 (76) benzina 101 cai MASTERSPORT GERMANY 24012601201-PCS-MS - OPEL","og_description":"Producator: MASTERSPORT GERMANY Cod producator: 24012601201-PCS-MS","og_url":"https:\/\/autorival.ro\/opel\/product\/disc-frana-opel-mokka-1-2-76-benzina-101-cai-mastersport-germany-24012601201-pcs-ms\/","og_site_name":"OPEL","og_image":[{"width":1500,"height":1500,"url":"https:\/\/autorival.ro\/opel\/wp-content\/uploads\/sites\/21\/2025\/06\/24012601201-pcs-ms.jpg","type":"image\/jpeg"}],"twitter_card":"summary_large_image","schema":{"@context":"https:\/\/schema.org","@graph":[{"@type":"WebPage","@id":"https:\/\/autorival.ro\/opel\/product\/disc-frana-opel-mokka-1-2-76-benzina-101-cai-mastersport-germany-24012601201-pcs-ms\/","url":"https:\/\/autorival.ro\/opel\/product\/disc-frana-opel-mokka-1-2-76-benzina-101-cai-mastersport-germany-24012601201-pcs-ms\/","name":"Disc frana OPEL MOKKA 1.2 (76) benzina 101 cai MASTERSPORT GERMANY 24012601201-PCS-MS - OPEL","isPartOf":{"@id":"https:\/\/autorival.ro\/opel\/#website"},"primaryImageOfPage":{"@id":"https:\/\/autorival.ro\/opel\/product\/disc-frana-opel-mokka-1-2-76-benzina-101-cai-mastersport-germany-24012601201-pcs-ms\/#primaryimage"},"image":{"@id":"https:\/\/autorival.ro\/opel\/product\/disc-frana-opel-mokka-1-2-76-benzina-101-cai-mastersport-germany-24012601201-pcs-ms\/#primaryimage"},"thumbnailUrl":"https:\/\/autorival.ro\/opel\/wp-content\/uploads\/sites\/21\/2025\/06\/24012601201-pcs-ms.jpg","datePublished":"2025-06-06T19:55:33+00:00","breadcrumb":{"@id":"https:\/\/autorival.ro\/opel\/product\/disc-frana-opel-mokka-1-2-76-benzina-101-cai-mastersport-germany-24012601201-pcs-ms\/#breadcrumb"},"inLanguage":"en-US","potentialAction":[{"@type":"ReadAction","target":["https:\/\/autorival.ro\/opel\/product\/disc-frana-opel-mokka-1-2-76-benzina-101-cai-mastersport-germany-24012601201-pcs-ms\/"]}]},{"@type":"ImageObject","inLanguage":"en-US","@id":"https:\/\/autorival.ro\/opel\/product\/disc-frana-opel-mokka-1-2-76-benzina-101-cai-mastersport-germany-24012601201-pcs-ms\/#primaryimage","url":"https:\/\/autorival.ro\/opel\/wp-content\/uploads\/sites\/21\/2025\/06\/24012601201-pcs-ms.jpg","contentUrl":"https:\/\/autorival.ro\/opel\/wp-content\/uploads\/sites\/21\/2025\/06\/24012601201-pcs-ms.jpg","width":1500,"height":1500,"caption":"Disc frana OPEL MOKKA 1.2 (76) benzina 101 cai MASTERSPORT GERMANY 24012601201-PCS-MS"},{"@type":"BreadcrumbList","@id":"https:\/\/autorival.ro\/opel\/product\/disc-frana-opel-mokka-1-2-76-benzina-101-cai-mastersport-germany-24012601201-pcs-ms\/#breadcrumb","itemListElement":[{"@type":"ListItem","position":1,"name":"Prima pagin\u0103","item":"https:\/\/autorival.ro\/opel\/"},{"@type":"ListItem","position":2,"name":"Piese auto OPEL","item":"https:\/\/autorival.ro\/opel\/"},{"@type":"ListItem","position":3,"name":"Disc frana OPEL MOKKA 1.2 (76) benzina 101 cai MASTERSPORT GERMANY 24012601201-PCS-MS"}]},{"@type":"WebSite","@id":"https:\/\/autorival.ro\/opel\/#website","url":"https:\/\/autorival.ro\/opel\/","name":"OPEL","description":"","potentialAction":[{"@type":"SearchAction","target":{"@type":"EntryPoint","urlTemplate":"https:\/\/autorival.ro\/opel\/?s={search_term_string}"},"query-input":{"@type":"PropertyValueSpecification","valueRequired":true,"valueName":"search_term_string"}}],"inLanguage":"en-US"}]}},"_links":{"self":[{"href":"https:\/\/autorival.ro\/opel\/wp-json\/wp\/v2\/product\/348734","targetHints":{"allow":["GET"]}}],"collection":[{"href":"https:\/\/autorival.ro\/opel\/wp-json\/wp\/v2\/product"}],"about":[{"href":"https:\/\/autorival.ro\/opel\/wp-json\/wp\/v2\/types\/product"}],"replies":[{"embeddable":true,"href":"https:\/\/autorival.ro\/opel\/wp-json\/wp\/v2\/comments?post=348734"}],"wp:featuredmedia":[{"embeddable":true,"href":"https:\/\/autorival.ro\/opel\/wp-json\/wp\/v2\/media\/348735"}],"wp:attachment":[{"href":"https:\/\/autorival.ro\/opel\/wp-json\/wp\/v2\/media?parent=348734"}],"wp:term":[{"taxonomy":"product_brand","embeddable":true,"href":"https:\/\/autorival.ro\/opel\/wp-json\/wp\/v2\/product_brand?post=348734"},{"taxonomy":"product_cat","embeddable":true,"href":"https:\/\/autorival.ro\/opel\/wp-json\/wp\/v2\/product_cat?post=348734"},{"taxonomy":"product_tag","embeddable":true,"href":"https:\/\/autorival.ro\/opel\/wp-json\/wp\/v2\/product_tag?post=348734"}],"curies":[{"name":"wp","href":"https:\/\/api.w.org\/{rel}","templated":true}]}}