{"id":348728,"date":"2025-06-06T19:55:26","date_gmt":"2025-06-06T19:55:26","guid":{"rendered":"https:\/\/autorival.ro\/opel\/product\/disc-frana-opel-mokka-1-2-76-benzina-101-cai-krieger-0950004063\/"},"modified":"2025-06-06T19:55:26","modified_gmt":"2025-06-06T19:55:26","slug":"disc-frana-opel-mokka-1-2-76-benzina-101-cai-krieger-0950004063","status":"publish","type":"product","link":"https:\/\/autorival.ro\/opel\/product\/disc-frana-opel-mokka-1-2-76-benzina-101-cai-krieger-0950004063\/","title":{"rendered":"Disc frana OPEL MOKKA 1.2 (76) benzina 101 cai KRIEGER 0950004063"},"content":{"rendered":"<p>Partea de montare: punte fataTip disc fr\u00e2na: ventilat exterior ->Diametru exterior [mm]: 283 ->Grosime disc fr\u00e2na [mm]: 26\u00cenaltime [mm]: 34,2 ->Grosime minima [mm]: 24Suprafata: acoperit (cu un strat protector) ->Diametru interior [mm]: 133Asezare gauri \u00d8 [mm]: 108 ->Diametru de centrare [mm]: 66Asezare gauri\/numar gauri: 04\/06 ->Diametru alezaj bol\u021b roat\u0103 [mm]: 13Articol completare\/Info suplimentar 2: fara butuc roata, fara rulment roata, fara suruburi de fixare roata ->Lungime ambalaj [cm]: 30,3 ->Latime ambalaj [cm]: 30,3 ->Inaltime ambalaj [cm]: 8,6 ->Greutate [kg]: 6,6<\/p>\n","protected":false},"excerpt":{"rendered":"<p>Producator: KRIEGER Cod producator: 0950004063<\/p>\n","protected":false},"featured_media":661914,"comment_status":"open","ping_status":"closed","template":"","meta":[],"product_brand":[7613],"product_cat":[14164],"product_tag":[43388,44054,43366,43824,43341,43324],"class_list":{"0":"post-348728","1":"product","2":"type-product","3":"status-publish","4":"has-post-thumbnail","6":"product_brand-krieger","7":"product_cat-disc-frana-1-2-76-benzina-101","8":"product_tag-1-2","9":"product_tag-disc","10":"product_tag-frana","11":"product_tag-krieger","12":"product_tag-mokka","13":"product_tag-opel","15":"first","16":"instock","17":"shipping-taxable","18":"purchasable","19":"product-type-simple"},"yoast_head":"<!-- This site is optimized with the Yoast SEO plugin v27.3 - https:\/\/yoast.com\/product\/yoast-seo-wordpress\/ -->\n<title>Disc frana OPEL MOKKA 1.2 (76) benzina 101 cai KRIEGER 0950004063 - OPEL<\/title>\n<meta name=\"robots\" content=\"index, follow, max-snippet:-1, max-image-preview:large, max-video-preview:-1\" \/>\n<meta property=\"og:locale\" content=\"en_US\" \/>\n<meta property=\"og:type\" content=\"article\" \/>\n<meta property=\"og:title\" content=\"Disc frana OPEL MOKKA 1.2 (76) benzina 101 cai KRIEGER 0950004063 - OPEL\" \/>\n<meta property=\"og:description\" content=\"Producator: KRIEGER Cod producator: 0950004063\" \/>\n<meta property=\"og:url\" content=\"https:\/\/autorival.ro\/opel\/product\/disc-frana-opel-mokka-1-2-76-benzina-101-cai-krieger-0950004063\/\" \/>\n<meta property=\"og:site_name\" content=\"OPEL\" \/>\n<meta property=\"og:image\" content=\"https:\/\/autorival.ro\/opel\/wp-content\/uploads\/sites\/21\/2025\/06\/Opel0105.png\" \/>\n\t<meta property=\"og:image:width\" content=\"400\" \/>\n\t<meta property=\"og:image:height\" content=\"225\" \/>\n\t<meta property=\"og:image:type\" content=\"image\/png\" \/>\n<meta name=\"twitter:card\" content=\"summary_large_image\" \/>\n<script type=\"application\/ld+json\" class=\"yoast-schema-graph\">{\"@context\":\"https:\\\/\\\/schema.org\",\"@graph\":[{\"@type\":\"WebPage\",\"@id\":\"https:\\\/\\\/autorival.ro\\\/opel\\\/product\\\/disc-frana-opel-mokka-1-2-76-benzina-101-cai-krieger-0950004063\\\/\",\"url\":\"https:\\\/\\\/autorival.ro\\\/opel\\\/product\\\/disc-frana-opel-mokka-1-2-76-benzina-101-cai-krieger-0950004063\\\/\",\"name\":\"Disc frana OPEL MOKKA 1.2 (76) benzina 101 cai KRIEGER 0950004063 - OPEL\",\"isPartOf\":{\"@id\":\"https:\\\/\\\/autorival.ro\\\/opel\\\/#website\"},\"primaryImageOfPage\":{\"@id\":\"https:\\\/\\\/autorival.ro\\\/opel\\\/product\\\/disc-frana-opel-mokka-1-2-76-benzina-101-cai-krieger-0950004063\\\/#primaryimage\"},\"image\":{\"@id\":\"https:\\\/\\\/autorival.ro\\\/opel\\\/product\\\/disc-frana-opel-mokka-1-2-76-benzina-101-cai-krieger-0950004063\\\/#primaryimage\"},\"thumbnailUrl\":\"https:\\\/\\\/autorival.ro\\\/opel\\\/wp-content\\\/uploads\\\/sites\\\/21\\\/2025\\\/06\\\/Opel0105.png\",\"datePublished\":\"2025-06-06T19:55:26+00:00\",\"breadcrumb\":{\"@id\":\"https:\\\/\\\/autorival.ro\\\/opel\\\/product\\\/disc-frana-opel-mokka-1-2-76-benzina-101-cai-krieger-0950004063\\\/#breadcrumb\"},\"inLanguage\":\"en-US\",\"potentialAction\":[{\"@type\":\"ReadAction\",\"target\":[\"https:\\\/\\\/autorival.ro\\\/opel\\\/product\\\/disc-frana-opel-mokka-1-2-76-benzina-101-cai-krieger-0950004063\\\/\"]}]},{\"@type\":\"ImageObject\",\"inLanguage\":\"en-US\",\"@id\":\"https:\\\/\\\/autorival.ro\\\/opel\\\/product\\\/disc-frana-opel-mokka-1-2-76-benzina-101-cai-krieger-0950004063\\\/#primaryimage\",\"url\":\"https:\\\/\\\/autorival.ro\\\/opel\\\/wp-content\\\/uploads\\\/sites\\\/21\\\/2025\\\/06\\\/Opel0105.png\",\"contentUrl\":\"https:\\\/\\\/autorival.ro\\\/opel\\\/wp-content\\\/uploads\\\/sites\\\/21\\\/2025\\\/06\\\/Opel0105.png\",\"width\":400,\"height\":225},{\"@type\":\"BreadcrumbList\",\"@id\":\"https:\\\/\\\/autorival.ro\\\/opel\\\/product\\\/disc-frana-opel-mokka-1-2-76-benzina-101-cai-krieger-0950004063\\\/#breadcrumb\",\"itemListElement\":[{\"@type\":\"ListItem\",\"position\":1,\"name\":\"Prima pagin\u0103\",\"item\":\"https:\\\/\\\/autorival.ro\\\/opel\\\/\"},{\"@type\":\"ListItem\",\"position\":2,\"name\":\"Piese auto OPEL\",\"item\":\"https:\\\/\\\/autorival.ro\\\/opel\\\/\"},{\"@type\":\"ListItem\",\"position\":3,\"name\":\"Disc frana OPEL MOKKA 1.2 (76) benzina 101 cai KRIEGER 0950004063\"}]},{\"@type\":\"WebSite\",\"@id\":\"https:\\\/\\\/autorival.ro\\\/opel\\\/#website\",\"url\":\"https:\\\/\\\/autorival.ro\\\/opel\\\/\",\"name\":\"OPEL\",\"description\":\"\",\"potentialAction\":[{\"@type\":\"SearchAction\",\"target\":{\"@type\":\"EntryPoint\",\"urlTemplate\":\"https:\\\/\\\/autorival.ro\\\/opel\\\/?s={search_term_string}\"},\"query-input\":{\"@type\":\"PropertyValueSpecification\",\"valueRequired\":true,\"valueName\":\"search_term_string\"}}],\"inLanguage\":\"en-US\"}]}<\/script>\n<!-- \/ Yoast SEO plugin. -->","yoast_head_json":{"title":"Disc frana OPEL MOKKA 1.2 (76) benzina 101 cai KRIEGER 0950004063 - OPEL","robots":{"index":"index","follow":"follow","max-snippet":"max-snippet:-1","max-image-preview":"max-image-preview:large","max-video-preview":"max-video-preview:-1"},"og_locale":"en_US","og_type":"article","og_title":"Disc frana OPEL MOKKA 1.2 (76) benzina 101 cai KRIEGER 0950004063 - OPEL","og_description":"Producator: KRIEGER Cod producator: 0950004063","og_url":"https:\/\/autorival.ro\/opel\/product\/disc-frana-opel-mokka-1-2-76-benzina-101-cai-krieger-0950004063\/","og_site_name":"OPEL","og_image":[{"width":400,"height":225,"url":"https:\/\/autorival.ro\/opel\/wp-content\/uploads\/sites\/21\/2025\/06\/Opel0105.png","type":"image\/png"}],"twitter_card":"summary_large_image","schema":{"@context":"https:\/\/schema.org","@graph":[{"@type":"WebPage","@id":"https:\/\/autorival.ro\/opel\/product\/disc-frana-opel-mokka-1-2-76-benzina-101-cai-krieger-0950004063\/","url":"https:\/\/autorival.ro\/opel\/product\/disc-frana-opel-mokka-1-2-76-benzina-101-cai-krieger-0950004063\/","name":"Disc frana OPEL MOKKA 1.2 (76) benzina 101 cai KRIEGER 0950004063 - OPEL","isPartOf":{"@id":"https:\/\/autorival.ro\/opel\/#website"},"primaryImageOfPage":{"@id":"https:\/\/autorival.ro\/opel\/product\/disc-frana-opel-mokka-1-2-76-benzina-101-cai-krieger-0950004063\/#primaryimage"},"image":{"@id":"https:\/\/autorival.ro\/opel\/product\/disc-frana-opel-mokka-1-2-76-benzina-101-cai-krieger-0950004063\/#primaryimage"},"thumbnailUrl":"https:\/\/autorival.ro\/opel\/wp-content\/uploads\/sites\/21\/2025\/06\/Opel0105.png","datePublished":"2025-06-06T19:55:26+00:00","breadcrumb":{"@id":"https:\/\/autorival.ro\/opel\/product\/disc-frana-opel-mokka-1-2-76-benzina-101-cai-krieger-0950004063\/#breadcrumb"},"inLanguage":"en-US","potentialAction":[{"@type":"ReadAction","target":["https:\/\/autorival.ro\/opel\/product\/disc-frana-opel-mokka-1-2-76-benzina-101-cai-krieger-0950004063\/"]}]},{"@type":"ImageObject","inLanguage":"en-US","@id":"https:\/\/autorival.ro\/opel\/product\/disc-frana-opel-mokka-1-2-76-benzina-101-cai-krieger-0950004063\/#primaryimage","url":"https:\/\/autorival.ro\/opel\/wp-content\/uploads\/sites\/21\/2025\/06\/Opel0105.png","contentUrl":"https:\/\/autorival.ro\/opel\/wp-content\/uploads\/sites\/21\/2025\/06\/Opel0105.png","width":400,"height":225},{"@type":"BreadcrumbList","@id":"https:\/\/autorival.ro\/opel\/product\/disc-frana-opel-mokka-1-2-76-benzina-101-cai-krieger-0950004063\/#breadcrumb","itemListElement":[{"@type":"ListItem","position":1,"name":"Prima pagin\u0103","item":"https:\/\/autorival.ro\/opel\/"},{"@type":"ListItem","position":2,"name":"Piese auto OPEL","item":"https:\/\/autorival.ro\/opel\/"},{"@type":"ListItem","position":3,"name":"Disc frana OPEL MOKKA 1.2 (76) benzina 101 cai KRIEGER 0950004063"}]},{"@type":"WebSite","@id":"https:\/\/autorival.ro\/opel\/#website","url":"https:\/\/autorival.ro\/opel\/","name":"OPEL","description":"","potentialAction":[{"@type":"SearchAction","target":{"@type":"EntryPoint","urlTemplate":"https:\/\/autorival.ro\/opel\/?s={search_term_string}"},"query-input":{"@type":"PropertyValueSpecification","valueRequired":true,"valueName":"search_term_string"}}],"inLanguage":"en-US"}]}},"_links":{"self":[{"href":"https:\/\/autorival.ro\/opel\/wp-json\/wp\/v2\/product\/348728","targetHints":{"allow":["GET"]}}],"collection":[{"href":"https:\/\/autorival.ro\/opel\/wp-json\/wp\/v2\/product"}],"about":[{"href":"https:\/\/autorival.ro\/opel\/wp-json\/wp\/v2\/types\/product"}],"replies":[{"embeddable":true,"href":"https:\/\/autorival.ro\/opel\/wp-json\/wp\/v2\/comments?post=348728"}],"wp:featuredmedia":[{"embeddable":true,"href":"https:\/\/autorival.ro\/opel\/wp-json\/wp\/v2\/media\/661914"}],"wp:attachment":[{"href":"https:\/\/autorival.ro\/opel\/wp-json\/wp\/v2\/media?parent=348728"}],"wp:term":[{"taxonomy":"product_brand","embeddable":true,"href":"https:\/\/autorival.ro\/opel\/wp-json\/wp\/v2\/product_brand?post=348728"},{"taxonomy":"product_cat","embeddable":true,"href":"https:\/\/autorival.ro\/opel\/wp-json\/wp\/v2\/product_cat?post=348728"},{"taxonomy":"product_tag","embeddable":true,"href":"https:\/\/autorival.ro\/opel\/wp-json\/wp\/v2\/product_tag?post=348728"}],"curies":[{"name":"wp","href":"https:\/\/api.w.org\/{rel}","templated":true}]}}