{"id":348014,"date":"2025-06-06T19:40:42","date_gmt":"2025-06-06T19:40:42","guid":{"rendered":"https:\/\/autorival.ro\/opel\/product\/disc-frana-opel-grandland-x-van-1-2-75-benzina-131-cai-maxgear-19-4650\/"},"modified":"2025-06-06T19:40:42","modified_gmt":"2025-06-06T19:40:42","slug":"disc-frana-opel-grandland-x-van-1-2-75-benzina-131-cai-maxgear-19-4650","status":"publish","type":"product","link":"https:\/\/autorival.ro\/opel\/product\/disc-frana-opel-grandland-x-van-1-2-75-benzina-131-cai-maxgear-19-4650\/","title":{"rendered":"Disc frana OPEL GRANDLAND X Van 1.2 (75) benzina 131 cai MAXGEAR 19-4650"},"content":{"rendered":"<p>Tip disc fr\u00e2na: plin ->Diametru exterior [mm]: 290 ->Grosime disc fr\u00e2na [mm]: 12Partea de montare: puntea spateNumar gauri: 5 ->Diametru de centrare [mm]: 71\u00cenaltime [mm]: 35Asezare gauri \u00d8 [mm]: 108 ->Grosime minima [mm]: 10<\/p>\n","protected":false},"excerpt":{"rendered":"<p>Producator: MAXGEAR Cod producator: 19-4650<\/p>\n","protected":false},"featured_media":348015,"comment_status":"open","ping_status":"closed","template":"","meta":[],"product_brand":[269],"product_cat":[14155],"product_tag":[44054,43366,43356,43440,43324,43327],"class_list":{"0":"post-348014","1":"product","2":"type-product","3":"status-publish","4":"has-post-thumbnail","6":"product_brand-maxgear","7":"product_cat-disc-frana-x-van-1-2-75-benzina-131","8":"product_tag-disc","9":"product_tag-frana","10":"product_tag-grandland","11":"product_tag-maxgear","12":"product_tag-opel","13":"product_tag-van","15":"first","16":"instock","17":"shipping-taxable","18":"purchasable","19":"product-type-simple"},"yoast_head":"<!-- This site is optimized with the Yoast SEO plugin v27.3 - https:\/\/yoast.com\/product\/yoast-seo-wordpress\/ -->\n<title>Disc frana OPEL GRANDLAND X Van 1.2 (75) benzina 131 cai MAXGEAR 19-4650 OPEL | MAXGEAR - Autorival<\/title>\n<meta name=\"description\" content=\"\u26a1 Disc frana OPEL GRANDLAND X Van 1.2 (75) benzina 131 cai MAXGEAR 19-4650 pentru OPEL la doar 155.88 RON. \u2713 Cod: 19-4650 \u2713 Brand: MAXGEAR \u2713 \u00cen stoc \u2713 Livrare 24h \u2713 Garan\u021bie!\" \/>\n<meta name=\"robots\" content=\"index, follow, max-snippet:-1, max-image-preview:large, max-video-preview:-1\" \/>\n<meta property=\"og:locale\" content=\"en_US\" \/>\n<meta property=\"og:type\" content=\"article\" \/>\n<meta property=\"og:title\" content=\"Disc frana OPEL GRANDLAND X Van 1.2 (75) benzina 131 cai MAXGEAR 19-4650 OPEL | MAXGEAR - Autorival\" \/>\n<meta property=\"og:description\" content=\"\u26a1 Disc frana OPEL GRANDLAND X Van 1.2 (75) benzina 131 cai MAXGEAR 19-4650 pentru OPEL la doar 155.88 RON. \u2713 Cod: 19-4650 \u2713 Brand: MAXGEAR \u2713 \u00cen stoc \u2713 Livrare 24h \u2713 Garan\u021bie!\" \/>\n<meta property=\"og:url\" content=\"https:\/\/autorival.ro\/opel\/product\/disc-frana-opel-grandland-x-van-1-2-75-benzina-131-cai-maxgear-19-4650\/\" \/>\n<meta property=\"og:site_name\" content=\"OPEL\" \/>\n<meta property=\"og:image\" content=\"https:\/\/autorival.ro\/opel\/wp-content\/uploads\/sites\/21\/2025\/06\/19-4650_1_large-6.jpg\" \/>\n\t<meta property=\"og:image:width\" content=\"600\" \/>\n\t<meta property=\"og:image:height\" content=\"400\" \/>\n\t<meta property=\"og:image:type\" content=\"image\/jpeg\" \/>\n<meta name=\"twitter:card\" content=\"summary_large_image\" \/>\n<meta name=\"twitter:title\" content=\"Disc frana OPEL GRANDLAND X Van 1.2 (75) benzina 131 cai MAXGEAR 19-4650 OPEL | MAXGEAR - Autorival\" \/>\n<meta name=\"twitter:description\" content=\"\u26a1 Disc frana OPEL GRANDLAND X Van 1.2 (75) benzina 131 cai MAXGEAR 19-4650 pentru OPEL la doar 155.88 RON. \u2713 Cod: 19-4650 \u2713 Brand: MAXGEAR \u2713 \u00cen stoc \u2713 Livrare 24h \u2713 Garan\u021bie!\" \/>\n<script type=\"application\/ld+json\" class=\"yoast-schema-graph\">{\"@context\":\"https:\\\/\\\/schema.org\",\"@graph\":[{\"@type\":\"WebPage\",\"@id\":\"https:\\\/\\\/autorival.ro\\\/opel\\\/product\\\/disc-frana-opel-grandland-x-van-1-2-75-benzina-131-cai-maxgear-19-4650\\\/\",\"url\":\"https:\\\/\\\/autorival.ro\\\/opel\\\/product\\\/disc-frana-opel-grandland-x-van-1-2-75-benzina-131-cai-maxgear-19-4650\\\/\",\"name\":\"Disc frana OPEL GRANDLAND X Van 1.2 (75) benzina 131 cai MAXGEAR 19-4650 OPEL | MAXGEAR - Autorival\",\"isPartOf\":{\"@id\":\"https:\\\/\\\/autorival.ro\\\/opel\\\/#website\"},\"primaryImageOfPage\":{\"@id\":\"https:\\\/\\\/autorival.ro\\\/opel\\\/product\\\/disc-frana-opel-grandland-x-van-1-2-75-benzina-131-cai-maxgear-19-4650\\\/#primaryimage\"},\"image\":{\"@id\":\"https:\\\/\\\/autorival.ro\\\/opel\\\/product\\\/disc-frana-opel-grandland-x-van-1-2-75-benzina-131-cai-maxgear-19-4650\\\/#primaryimage\"},\"thumbnailUrl\":\"https:\\\/\\\/autorival.ro\\\/opel\\\/wp-content\\\/uploads\\\/sites\\\/21\\\/2025\\\/06\\\/19-4650_1_large-6.jpg\",\"datePublished\":\"2025-06-06T19:40:42+00:00\",\"description\":\"\u26a1 Disc frana OPEL GRANDLAND X Van 1.2 (75) benzina 131 cai MAXGEAR 19-4650 pentru OPEL la doar 155.88 RON. \u2713 Cod: 19-4650 \u2713 Brand: MAXGEAR \u2713 \u00cen stoc \u2713 Livrare 24h \u2713 Garan\u021bie!\",\"breadcrumb\":{\"@id\":\"https:\\\/\\\/autorival.ro\\\/opel\\\/product\\\/disc-frana-opel-grandland-x-van-1-2-75-benzina-131-cai-maxgear-19-4650\\\/#breadcrumb\"},\"inLanguage\":\"en-US\",\"potentialAction\":[{\"@type\":\"ReadAction\",\"target\":[\"https:\\\/\\\/autorival.ro\\\/opel\\\/product\\\/disc-frana-opel-grandland-x-van-1-2-75-benzina-131-cai-maxgear-19-4650\\\/\"]}]},{\"@type\":\"ImageObject\",\"inLanguage\":\"en-US\",\"@id\":\"https:\\\/\\\/autorival.ro\\\/opel\\\/product\\\/disc-frana-opel-grandland-x-van-1-2-75-benzina-131-cai-maxgear-19-4650\\\/#primaryimage\",\"url\":\"https:\\\/\\\/autorival.ro\\\/opel\\\/wp-content\\\/uploads\\\/sites\\\/21\\\/2025\\\/06\\\/19-4650_1_large-6.jpg\",\"contentUrl\":\"https:\\\/\\\/autorival.ro\\\/opel\\\/wp-content\\\/uploads\\\/sites\\\/21\\\/2025\\\/06\\\/19-4650_1_large-6.jpg\",\"width\":600,\"height\":400,\"caption\":\"Disc frana OPEL GRANDLAND X Van 1.2 (75) benzina 131 cai MAXGEAR 19-4650\"},{\"@type\":\"BreadcrumbList\",\"@id\":\"https:\\\/\\\/autorival.ro\\\/opel\\\/product\\\/disc-frana-opel-grandland-x-van-1-2-75-benzina-131-cai-maxgear-19-4650\\\/#breadcrumb\",\"itemListElement\":[{\"@type\":\"ListItem\",\"position\":1,\"name\":\"Prima pagin\u0103\",\"item\":\"https:\\\/\\\/autorival.ro\\\/opel\\\/\"},{\"@type\":\"ListItem\",\"position\":2,\"name\":\"Piese auto OPEL\",\"item\":\"https:\\\/\\\/autorival.ro\\\/opel\\\/\"},{\"@type\":\"ListItem\",\"position\":3,\"name\":\"Disc frana OPEL GRANDLAND X Van 1.2 (75) benzina 131 cai MAXGEAR 19-4650\"}]},{\"@type\":\"WebSite\",\"@id\":\"https:\\\/\\\/autorival.ro\\\/opel\\\/#website\",\"url\":\"https:\\\/\\\/autorival.ro\\\/opel\\\/\",\"name\":\"OPEL\",\"description\":\"\",\"potentialAction\":[{\"@type\":\"SearchAction\",\"target\":{\"@type\":\"EntryPoint\",\"urlTemplate\":\"https:\\\/\\\/autorival.ro\\\/opel\\\/?s={search_term_string}\"},\"query-input\":{\"@type\":\"PropertyValueSpecification\",\"valueRequired\":true,\"valueName\":\"search_term_string\"}}],\"inLanguage\":\"en-US\"}]}<\/script>\n<!-- \/ Yoast SEO plugin. -->","yoast_head_json":{"title":"Disc frana OPEL GRANDLAND X Van 1.2 (75) benzina 131 cai MAXGEAR 19-4650 OPEL | MAXGEAR - Autorival","description":"\u26a1 Disc frana OPEL GRANDLAND X Van 1.2 (75) benzina 131 cai MAXGEAR 19-4650 pentru OPEL la doar 155.88 RON. \u2713 Cod: 19-4650 \u2713 Brand: MAXGEAR \u2713 \u00cen stoc \u2713 Livrare 24h \u2713 Garan\u021bie!","robots":{"index":"index","follow":"follow","max-snippet":"max-snippet:-1","max-image-preview":"max-image-preview:large","max-video-preview":"max-video-preview:-1"},"og_locale":"en_US","og_type":"article","og_title":"Disc frana OPEL GRANDLAND X Van 1.2 (75) benzina 131 cai MAXGEAR 19-4650 OPEL | MAXGEAR - Autorival","og_description":"\u26a1 Disc frana OPEL GRANDLAND X Van 1.2 (75) benzina 131 cai MAXGEAR 19-4650 pentru OPEL la doar 155.88 RON. \u2713 Cod: 19-4650 \u2713 Brand: MAXGEAR \u2713 \u00cen stoc \u2713 Livrare 24h \u2713 Garan\u021bie!","og_url":"https:\/\/autorival.ro\/opel\/product\/disc-frana-opel-grandland-x-van-1-2-75-benzina-131-cai-maxgear-19-4650\/","og_site_name":"OPEL","og_image":[{"width":600,"height":400,"url":"https:\/\/autorival.ro\/opel\/wp-content\/uploads\/sites\/21\/2025\/06\/19-4650_1_large-6.jpg","type":"image\/jpeg"}],"twitter_card":"summary_large_image","twitter_title":"Disc frana OPEL GRANDLAND X Van 1.2 (75) benzina 131 cai MAXGEAR 19-4650 OPEL | MAXGEAR - Autorival","twitter_description":"\u26a1 Disc frana OPEL GRANDLAND X Van 1.2 (75) benzina 131 cai MAXGEAR 19-4650 pentru OPEL la doar 155.88 RON. \u2713 Cod: 19-4650 \u2713 Brand: MAXGEAR \u2713 \u00cen stoc \u2713 Livrare 24h \u2713 Garan\u021bie!","schema":{"@context":"https:\/\/schema.org","@graph":[{"@type":"WebPage","@id":"https:\/\/autorival.ro\/opel\/product\/disc-frana-opel-grandland-x-van-1-2-75-benzina-131-cai-maxgear-19-4650\/","url":"https:\/\/autorival.ro\/opel\/product\/disc-frana-opel-grandland-x-van-1-2-75-benzina-131-cai-maxgear-19-4650\/","name":"Disc frana OPEL GRANDLAND X Van 1.2 (75) benzina 131 cai MAXGEAR 19-4650 OPEL | MAXGEAR - Autorival","isPartOf":{"@id":"https:\/\/autorival.ro\/opel\/#website"},"primaryImageOfPage":{"@id":"https:\/\/autorival.ro\/opel\/product\/disc-frana-opel-grandland-x-van-1-2-75-benzina-131-cai-maxgear-19-4650\/#primaryimage"},"image":{"@id":"https:\/\/autorival.ro\/opel\/product\/disc-frana-opel-grandland-x-van-1-2-75-benzina-131-cai-maxgear-19-4650\/#primaryimage"},"thumbnailUrl":"https:\/\/autorival.ro\/opel\/wp-content\/uploads\/sites\/21\/2025\/06\/19-4650_1_large-6.jpg","datePublished":"2025-06-06T19:40:42+00:00","description":"\u26a1 Disc frana OPEL GRANDLAND X Van 1.2 (75) benzina 131 cai MAXGEAR 19-4650 pentru OPEL la doar 155.88 RON. \u2713 Cod: 19-4650 \u2713 Brand: MAXGEAR \u2713 \u00cen stoc \u2713 Livrare 24h \u2713 Garan\u021bie!","breadcrumb":{"@id":"https:\/\/autorival.ro\/opel\/product\/disc-frana-opel-grandland-x-van-1-2-75-benzina-131-cai-maxgear-19-4650\/#breadcrumb"},"inLanguage":"en-US","potentialAction":[{"@type":"ReadAction","target":["https:\/\/autorival.ro\/opel\/product\/disc-frana-opel-grandland-x-van-1-2-75-benzina-131-cai-maxgear-19-4650\/"]}]},{"@type":"ImageObject","inLanguage":"en-US","@id":"https:\/\/autorival.ro\/opel\/product\/disc-frana-opel-grandland-x-van-1-2-75-benzina-131-cai-maxgear-19-4650\/#primaryimage","url":"https:\/\/autorival.ro\/opel\/wp-content\/uploads\/sites\/21\/2025\/06\/19-4650_1_large-6.jpg","contentUrl":"https:\/\/autorival.ro\/opel\/wp-content\/uploads\/sites\/21\/2025\/06\/19-4650_1_large-6.jpg","width":600,"height":400,"caption":"Disc frana OPEL GRANDLAND X Van 1.2 (75) benzina 131 cai MAXGEAR 19-4650"},{"@type":"BreadcrumbList","@id":"https:\/\/autorival.ro\/opel\/product\/disc-frana-opel-grandland-x-van-1-2-75-benzina-131-cai-maxgear-19-4650\/#breadcrumb","itemListElement":[{"@type":"ListItem","position":1,"name":"Prima pagin\u0103","item":"https:\/\/autorival.ro\/opel\/"},{"@type":"ListItem","position":2,"name":"Piese auto OPEL","item":"https:\/\/autorival.ro\/opel\/"},{"@type":"ListItem","position":3,"name":"Disc frana OPEL GRANDLAND X Van 1.2 (75) benzina 131 cai MAXGEAR 19-4650"}]},{"@type":"WebSite","@id":"https:\/\/autorival.ro\/opel\/#website","url":"https:\/\/autorival.ro\/opel\/","name":"OPEL","description":"","potentialAction":[{"@type":"SearchAction","target":{"@type":"EntryPoint","urlTemplate":"https:\/\/autorival.ro\/opel\/?s={search_term_string}"},"query-input":{"@type":"PropertyValueSpecification","valueRequired":true,"valueName":"search_term_string"}}],"inLanguage":"en-US"}]}},"_links":{"self":[{"href":"https:\/\/autorival.ro\/opel\/wp-json\/wp\/v2\/product\/348014","targetHints":{"allow":["GET"]}}],"collection":[{"href":"https:\/\/autorival.ro\/opel\/wp-json\/wp\/v2\/product"}],"about":[{"href":"https:\/\/autorival.ro\/opel\/wp-json\/wp\/v2\/types\/product"}],"replies":[{"embeddable":true,"href":"https:\/\/autorival.ro\/opel\/wp-json\/wp\/v2\/comments?post=348014"}],"wp:featuredmedia":[{"embeddable":true,"href":"https:\/\/autorival.ro\/opel\/wp-json\/wp\/v2\/media\/348015"}],"wp:attachment":[{"href":"https:\/\/autorival.ro\/opel\/wp-json\/wp\/v2\/media?parent=348014"}],"wp:term":[{"taxonomy":"product_brand","embeddable":true,"href":"https:\/\/autorival.ro\/opel\/wp-json\/wp\/v2\/product_brand?post=348014"},{"taxonomy":"product_cat","embeddable":true,"href":"https:\/\/autorival.ro\/opel\/wp-json\/wp\/v2\/product_cat?post=348014"},{"taxonomy":"product_tag","embeddable":true,"href":"https:\/\/autorival.ro\/opel\/wp-json\/wp\/v2\/product_tag?post=348014"}],"curies":[{"name":"wp","href":"https:\/\/api.w.org\/{rel}","templated":true}]}}