{"id":344924,"date":"2025-06-06T18:36:30","date_gmt":"2025-06-06T18:36:30","guid":{"rendered":"https:\/\/autorival.ro\/opel\/product\/disc-frana-opel-ampera-e-f17-ev150-48-electric-204-cai-meyle-615-523-0026-pd\/"},"modified":"2025-06-06T18:36:30","modified_gmt":"2025-06-06T18:36:30","slug":"disc-frana-opel-ampera-e-f17-ev150-48-electric-204-cai-meyle-615-523-0026-pd","status":"publish","type":"product","link":"https:\/\/autorival.ro\/opel\/product\/disc-frana-opel-ampera-e-f17-ev150-48-electric-204-cai-meyle-615-523-0026-pd\/","title":{"rendered":"Disc frana OPEL AMPERA-E (F17) EV150 (48) electric 204 cai MEYLE 615 523 0026\/PD"},"content":{"rendered":"<p>Partea de montare: puntea spate ->Diametru exterior [mm]: 264\u00cenaltime [mm]: 44 ->Grosime disc fr\u00e2na [mm]: 10 ->Grosime minima [mm]: 8 ->Diametru de centrare [mm]: 60Asezare gauri \u00d8 [mm]: 105Numar gauri: 5Tip disc fr\u00e2na: plinSuprafata: Lamele acoperite cu zincArticol completare\/Info suplimentar 2: cu suruburiNumar bucati necesare: 2<\/p>\n","protected":false},"excerpt":{"rendered":"<p>Producator: MEYLE Cod producator: 615 523 0026\/PD<\/p>\n","protected":false},"featured_media":344925,"comment_status":"open","ping_status":"closed","template":"","meta":[],"product_brand":[387],"product_cat":[14128],"product_tag":[43444,43641,44054,43445,43366,43460,43324],"class_list":{"0":"post-344924","1":"product","2":"type-product","3":"status-publish","4":"has-post-thumbnail","6":"product_brand-meyle","7":"product_cat-disc-frana-f17-ev150-48-electric-204","8":"product_tag-ampera","9":"product_tag-ampera-e","10":"product_tag-disc","11":"product_tag-ev","12":"product_tag-frana","13":"product_tag-meyle","14":"product_tag-opel","16":"first","17":"instock","18":"shipping-taxable","19":"purchasable","20":"product-type-simple"},"yoast_head":"<!-- This site is optimized with the Yoast SEO plugin v27.3 - https:\/\/yoast.com\/product\/yoast-seo-wordpress\/ -->\n<title>Disc frana OPEL AMPERA-E (F17) EV150 (48) electric 204 cai MEYLE 615 523 0026\/PD - OPEL<\/title>\n<meta name=\"robots\" content=\"index, follow, max-snippet:-1, max-image-preview:large, max-video-preview:-1\" \/>\n<meta property=\"og:locale\" content=\"en_US\" \/>\n<meta property=\"og:type\" content=\"article\" \/>\n<meta property=\"og:title\" content=\"Disc frana OPEL AMPERA-E (F17) EV150 (48) electric 204 cai MEYLE 615 523 0026\/PD - OPEL\" \/>\n<meta property=\"og:description\" content=\"Producator: MEYLE Cod producator: 615 523 0026\/PD\" \/>\n<meta property=\"og:url\" content=\"https:\/\/autorival.ro\/opel\/product\/disc-frana-opel-ampera-e-f17-ev150-48-electric-204-cai-meyle-615-523-0026-pd\/\" \/>\n<meta property=\"og:site_name\" content=\"OPEL\" \/>\n<meta property=\"og:image\" content=\"https:\/\/autorival.ro\/opel\/wp-content\/uploads\/sites\/21\/2025\/06\/fs_6155230026pd_1.jpg\" \/>\n\t<meta property=\"og:image:width\" content=\"600\" \/>\n\t<meta property=\"og:image:height\" content=\"400\" \/>\n\t<meta property=\"og:image:type\" content=\"image\/jpeg\" \/>\n<meta name=\"twitter:card\" content=\"summary_large_image\" \/>\n<script type=\"application\/ld+json\" class=\"yoast-schema-graph\">{\"@context\":\"https:\\\/\\\/schema.org\",\"@graph\":[{\"@type\":\"WebPage\",\"@id\":\"https:\\\/\\\/autorival.ro\\\/opel\\\/product\\\/disc-frana-opel-ampera-e-f17-ev150-48-electric-204-cai-meyle-615-523-0026-pd\\\/\",\"url\":\"https:\\\/\\\/autorival.ro\\\/opel\\\/product\\\/disc-frana-opel-ampera-e-f17-ev150-48-electric-204-cai-meyle-615-523-0026-pd\\\/\",\"name\":\"Disc frana OPEL AMPERA-E (F17) EV150 (48) electric 204 cai MEYLE 615 523 0026\\\/PD - OPEL\",\"isPartOf\":{\"@id\":\"https:\\\/\\\/autorival.ro\\\/opel\\\/#website\"},\"primaryImageOfPage\":{\"@id\":\"https:\\\/\\\/autorival.ro\\\/opel\\\/product\\\/disc-frana-opel-ampera-e-f17-ev150-48-electric-204-cai-meyle-615-523-0026-pd\\\/#primaryimage\"},\"image\":{\"@id\":\"https:\\\/\\\/autorival.ro\\\/opel\\\/product\\\/disc-frana-opel-ampera-e-f17-ev150-48-electric-204-cai-meyle-615-523-0026-pd\\\/#primaryimage\"},\"thumbnailUrl\":\"https:\\\/\\\/autorival.ro\\\/opel\\\/wp-content\\\/uploads\\\/sites\\\/21\\\/2025\\\/06\\\/fs_6155230026pd_1.jpg\",\"datePublished\":\"2025-06-06T18:36:30+00:00\",\"breadcrumb\":{\"@id\":\"https:\\\/\\\/autorival.ro\\\/opel\\\/product\\\/disc-frana-opel-ampera-e-f17-ev150-48-electric-204-cai-meyle-615-523-0026-pd\\\/#breadcrumb\"},\"inLanguage\":\"en-US\",\"potentialAction\":[{\"@type\":\"ReadAction\",\"target\":[\"https:\\\/\\\/autorival.ro\\\/opel\\\/product\\\/disc-frana-opel-ampera-e-f17-ev150-48-electric-204-cai-meyle-615-523-0026-pd\\\/\"]}]},{\"@type\":\"ImageObject\",\"inLanguage\":\"en-US\",\"@id\":\"https:\\\/\\\/autorival.ro\\\/opel\\\/product\\\/disc-frana-opel-ampera-e-f17-ev150-48-electric-204-cai-meyle-615-523-0026-pd\\\/#primaryimage\",\"url\":\"https:\\\/\\\/autorival.ro\\\/opel\\\/wp-content\\\/uploads\\\/sites\\\/21\\\/2025\\\/06\\\/fs_6155230026pd_1.jpg\",\"contentUrl\":\"https:\\\/\\\/autorival.ro\\\/opel\\\/wp-content\\\/uploads\\\/sites\\\/21\\\/2025\\\/06\\\/fs_6155230026pd_1.jpg\",\"width\":600,\"height\":400,\"caption\":\"Disc frana OPEL AMPERA-E (F17) EV150 (48) electric 204 cai MEYLE 615 523 0026\\\/PD\"},{\"@type\":\"BreadcrumbList\",\"@id\":\"https:\\\/\\\/autorival.ro\\\/opel\\\/product\\\/disc-frana-opel-ampera-e-f17-ev150-48-electric-204-cai-meyle-615-523-0026-pd\\\/#breadcrumb\",\"itemListElement\":[{\"@type\":\"ListItem\",\"position\":1,\"name\":\"Prima pagin\u0103\",\"item\":\"https:\\\/\\\/autorival.ro\\\/opel\\\/\"},{\"@type\":\"ListItem\",\"position\":2,\"name\":\"Piese auto OPEL\",\"item\":\"https:\\\/\\\/autorival.ro\\\/opel\\\/\"},{\"@type\":\"ListItem\",\"position\":3,\"name\":\"Disc frana OPEL AMPERA-E (F17) EV150 (48) electric 204 cai MEYLE 615 523 0026\\\/PD\"}]},{\"@type\":\"WebSite\",\"@id\":\"https:\\\/\\\/autorival.ro\\\/opel\\\/#website\",\"url\":\"https:\\\/\\\/autorival.ro\\\/opel\\\/\",\"name\":\"OPEL\",\"description\":\"\",\"potentialAction\":[{\"@type\":\"SearchAction\",\"target\":{\"@type\":\"EntryPoint\",\"urlTemplate\":\"https:\\\/\\\/autorival.ro\\\/opel\\\/?s={search_term_string}\"},\"query-input\":{\"@type\":\"PropertyValueSpecification\",\"valueRequired\":true,\"valueName\":\"search_term_string\"}}],\"inLanguage\":\"en-US\"}]}<\/script>\n<!-- \/ Yoast SEO plugin. -->","yoast_head_json":{"title":"Disc frana OPEL AMPERA-E (F17) EV150 (48) electric 204 cai MEYLE 615 523 0026\/PD - OPEL","robots":{"index":"index","follow":"follow","max-snippet":"max-snippet:-1","max-image-preview":"max-image-preview:large","max-video-preview":"max-video-preview:-1"},"og_locale":"en_US","og_type":"article","og_title":"Disc frana OPEL AMPERA-E (F17) EV150 (48) electric 204 cai MEYLE 615 523 0026\/PD - OPEL","og_description":"Producator: MEYLE Cod producator: 615 523 0026\/PD","og_url":"https:\/\/autorival.ro\/opel\/product\/disc-frana-opel-ampera-e-f17-ev150-48-electric-204-cai-meyle-615-523-0026-pd\/","og_site_name":"OPEL","og_image":[{"width":600,"height":400,"url":"https:\/\/autorival.ro\/opel\/wp-content\/uploads\/sites\/21\/2025\/06\/fs_6155230026pd_1.jpg","type":"image\/jpeg"}],"twitter_card":"summary_large_image","schema":{"@context":"https:\/\/schema.org","@graph":[{"@type":"WebPage","@id":"https:\/\/autorival.ro\/opel\/product\/disc-frana-opel-ampera-e-f17-ev150-48-electric-204-cai-meyle-615-523-0026-pd\/","url":"https:\/\/autorival.ro\/opel\/product\/disc-frana-opel-ampera-e-f17-ev150-48-electric-204-cai-meyle-615-523-0026-pd\/","name":"Disc frana OPEL AMPERA-E (F17) EV150 (48) electric 204 cai MEYLE 615 523 0026\/PD - OPEL","isPartOf":{"@id":"https:\/\/autorival.ro\/opel\/#website"},"primaryImageOfPage":{"@id":"https:\/\/autorival.ro\/opel\/product\/disc-frana-opel-ampera-e-f17-ev150-48-electric-204-cai-meyle-615-523-0026-pd\/#primaryimage"},"image":{"@id":"https:\/\/autorival.ro\/opel\/product\/disc-frana-opel-ampera-e-f17-ev150-48-electric-204-cai-meyle-615-523-0026-pd\/#primaryimage"},"thumbnailUrl":"https:\/\/autorival.ro\/opel\/wp-content\/uploads\/sites\/21\/2025\/06\/fs_6155230026pd_1.jpg","datePublished":"2025-06-06T18:36:30+00:00","breadcrumb":{"@id":"https:\/\/autorival.ro\/opel\/product\/disc-frana-opel-ampera-e-f17-ev150-48-electric-204-cai-meyle-615-523-0026-pd\/#breadcrumb"},"inLanguage":"en-US","potentialAction":[{"@type":"ReadAction","target":["https:\/\/autorival.ro\/opel\/product\/disc-frana-opel-ampera-e-f17-ev150-48-electric-204-cai-meyle-615-523-0026-pd\/"]}]},{"@type":"ImageObject","inLanguage":"en-US","@id":"https:\/\/autorival.ro\/opel\/product\/disc-frana-opel-ampera-e-f17-ev150-48-electric-204-cai-meyle-615-523-0026-pd\/#primaryimage","url":"https:\/\/autorival.ro\/opel\/wp-content\/uploads\/sites\/21\/2025\/06\/fs_6155230026pd_1.jpg","contentUrl":"https:\/\/autorival.ro\/opel\/wp-content\/uploads\/sites\/21\/2025\/06\/fs_6155230026pd_1.jpg","width":600,"height":400,"caption":"Disc frana OPEL AMPERA-E (F17) EV150 (48) electric 204 cai MEYLE 615 523 0026\/PD"},{"@type":"BreadcrumbList","@id":"https:\/\/autorival.ro\/opel\/product\/disc-frana-opel-ampera-e-f17-ev150-48-electric-204-cai-meyle-615-523-0026-pd\/#breadcrumb","itemListElement":[{"@type":"ListItem","position":1,"name":"Prima pagin\u0103","item":"https:\/\/autorival.ro\/opel\/"},{"@type":"ListItem","position":2,"name":"Piese auto OPEL","item":"https:\/\/autorival.ro\/opel\/"},{"@type":"ListItem","position":3,"name":"Disc frana OPEL AMPERA-E (F17) EV150 (48) electric 204 cai MEYLE 615 523 0026\/PD"}]},{"@type":"WebSite","@id":"https:\/\/autorival.ro\/opel\/#website","url":"https:\/\/autorival.ro\/opel\/","name":"OPEL","description":"","potentialAction":[{"@type":"SearchAction","target":{"@type":"EntryPoint","urlTemplate":"https:\/\/autorival.ro\/opel\/?s={search_term_string}"},"query-input":{"@type":"PropertyValueSpecification","valueRequired":true,"valueName":"search_term_string"}}],"inLanguage":"en-US"}]}},"_links":{"self":[{"href":"https:\/\/autorival.ro\/opel\/wp-json\/wp\/v2\/product\/344924","targetHints":{"allow":["GET"]}}],"collection":[{"href":"https:\/\/autorival.ro\/opel\/wp-json\/wp\/v2\/product"}],"about":[{"href":"https:\/\/autorival.ro\/opel\/wp-json\/wp\/v2\/types\/product"}],"replies":[{"embeddable":true,"href":"https:\/\/autorival.ro\/opel\/wp-json\/wp\/v2\/comments?post=344924"}],"wp:featuredmedia":[{"embeddable":true,"href":"https:\/\/autorival.ro\/opel\/wp-json\/wp\/v2\/media\/344925"}],"wp:attachment":[{"href":"https:\/\/autorival.ro\/opel\/wp-json\/wp\/v2\/media?parent=344924"}],"wp:term":[{"taxonomy":"product_brand","embeddable":true,"href":"https:\/\/autorival.ro\/opel\/wp-json\/wp\/v2\/product_brand?post=344924"},{"taxonomy":"product_cat","embeddable":true,"href":"https:\/\/autorival.ro\/opel\/wp-json\/wp\/v2\/product_cat?post=344924"},{"taxonomy":"product_tag","embeddable":true,"href":"https:\/\/autorival.ro\/opel\/wp-json\/wp\/v2\/product_tag?post=344924"}],"curies":[{"name":"wp","href":"https:\/\/api.w.org\/{rel}","templated":true}]}}