{"id":343830,"date":"2025-06-06T18:14:15","date_gmt":"2025-06-06T18:14:15","guid":{"rendered":"https:\/\/autorival.ro\/opel\/product\/disc-frana-opel-adam-m13-1-0-benzina-115-cai-zimmermann-230-2369-52\/"},"modified":"2025-06-06T18:14:15","modified_gmt":"2025-06-06T18:14:15","slug":"disc-frana-opel-adam-m13-1-0-benzina-115-cai-zimmermann-230-2369-52","status":"publish","type":"product","link":"https:\/\/autorival.ro\/opel\/product\/disc-frana-opel-adam-m13-1-0-benzina-115-cai-zimmermann-230-2369-52\/","title":{"rendered":"Disc frana OPEL ADAM (M13) 1.0 benzina 115 cai ZIMMERMANN 230.2369.52"},"content":{"rendered":"<p>Marime janta [inch]: 14Partea de montare: punte fataTip disc fr\u00e2na: ventilat interior, perforatSuprafata: acoperit (cu un strat protector) ->Diametru exterior [mm]: 257 ->Grosime disc fr\u00e2na [mm]: 22\u00cenaltime [mm]: 40Janta, numar gauri: 4Asezare gauri \u00d8 [mm]: 100 ->Diametru de centrare [mm]: 60Aprobare: KBA 60872 ->Grosime minima [mm]: 20 ->Greutate [kg]: 5,2Asezare gauri\/numar gauri: 8\/4<\/p>\n","protected":false},"excerpt":{"rendered":"<p>Producator: ZIMMERMANN Cod producator: 230.2369.52<\/p>\n","protected":false},"featured_media":343831,"comment_status":"open","ping_status":"closed","template":"","meta":[],"product_brand":[14121],"product_cat":[14117],"product_tag":[43385,43382,44054,43366,43324,44071],"class_list":{"0":"post-343830","1":"product","2":"type-product","3":"status-publish","4":"has-post-thumbnail","6":"product_brand-zimmermann","7":"product_cat-disc-frana","8":"product_tag-m13","9":"product_tag-adam","10":"product_tag-disc","11":"product_tag-frana","12":"product_tag-opel","13":"product_tag-zimmermann","15":"first","16":"instock","17":"shipping-taxable","18":"purchasable","19":"product-type-simple"},"yoast_head":"<!-- This site is optimized with the Yoast SEO plugin v27.3 - https:\/\/yoast.com\/product\/yoast-seo-wordpress\/ -->\n<title>Disc frana OPEL ADAM (M13) 1.0 benzina 115 cai ZIMMERMANN 230.2369.52 OPEL | ZIMMERMANN - Autorival<\/title>\n<meta name=\"description\" content=\"\u26a1 Disc frana OPEL ADAM (M13) 1.0 benzina 115 cai ZIMMERMANN 230.2369.52 pentru OPEL la doar 620.55 RON. \u2713 Cod: 230 \u2713 Brand: ZIMMERMANN \u2713 \u00cen stoc \u2713 Livrare 24h \u2713 Garan\u021bie!\" \/>\n<meta name=\"robots\" content=\"index, follow, max-snippet:-1, max-image-preview:large, max-video-preview:-1\" \/>\n<meta property=\"og:locale\" content=\"en_US\" \/>\n<meta property=\"og:type\" content=\"article\" \/>\n<meta property=\"og:title\" content=\"Disc frana OPEL ADAM (M13) 1.0 benzina 115 cai ZIMMERMANN 230.2369.52 OPEL | ZIMMERMANN - Autorival\" \/>\n<meta property=\"og:description\" content=\"\u26a1 Disc frana OPEL ADAM (M13) 1.0 benzina 115 cai ZIMMERMANN 230.2369.52 pentru OPEL la doar 620.55 RON. \u2713 Cod: 230 \u2713 Brand: ZIMMERMANN \u2713 \u00cen stoc \u2713 Livrare 24h \u2713 Garan\u021bie!\" \/>\n<meta property=\"og:url\" content=\"https:\/\/autorival.ro\/opel\/product\/disc-frana-opel-adam-m13-1-0-benzina-115-cai-zimmermann-230-2369-52\/\" \/>\n<meta property=\"og:site_name\" content=\"OPEL\" \/>\n<meta property=\"og:image\" content=\"https:\/\/autorival.ro\/opel\/wp-content\/uploads\/sites\/21\/2025\/06\/230.2369.52.jpg\" \/>\n\t<meta property=\"og:image:width\" content=\"386\" \/>\n\t<meta property=\"og:image:height\" content=\"398\" \/>\n\t<meta property=\"og:image:type\" content=\"image\/jpeg\" \/>\n<meta name=\"twitter:card\" content=\"summary_large_image\" \/>\n<meta name=\"twitter:title\" content=\"Disc frana OPEL ADAM (M13) 1.0 benzina 115 cai ZIMMERMANN 230.2369.52 OPEL | ZIMMERMANN - Autorival\" \/>\n<meta name=\"twitter:description\" content=\"\u26a1 Disc frana OPEL ADAM (M13) 1.0 benzina 115 cai ZIMMERMANN 230.2369.52 pentru OPEL la doar 620.55 RON. \u2713 Cod: 230 \u2713 Brand: ZIMMERMANN \u2713 \u00cen stoc \u2713 Livrare 24h \u2713 Garan\u021bie!\" \/>\n<script type=\"application\/ld+json\" class=\"yoast-schema-graph\">{\"@context\":\"https:\\\/\\\/schema.org\",\"@graph\":[{\"@type\":\"WebPage\",\"@id\":\"https:\\\/\\\/autorival.ro\\\/opel\\\/product\\\/disc-frana-opel-adam-m13-1-0-benzina-115-cai-zimmermann-230-2369-52\\\/\",\"url\":\"https:\\\/\\\/autorival.ro\\\/opel\\\/product\\\/disc-frana-opel-adam-m13-1-0-benzina-115-cai-zimmermann-230-2369-52\\\/\",\"name\":\"Disc frana OPEL ADAM (M13) 1.0 benzina 115 cai ZIMMERMANN 230.2369.52 OPEL | ZIMMERMANN - Autorival\",\"isPartOf\":{\"@id\":\"https:\\\/\\\/autorival.ro\\\/opel\\\/#website\"},\"primaryImageOfPage\":{\"@id\":\"https:\\\/\\\/autorival.ro\\\/opel\\\/product\\\/disc-frana-opel-adam-m13-1-0-benzina-115-cai-zimmermann-230-2369-52\\\/#primaryimage\"},\"image\":{\"@id\":\"https:\\\/\\\/autorival.ro\\\/opel\\\/product\\\/disc-frana-opel-adam-m13-1-0-benzina-115-cai-zimmermann-230-2369-52\\\/#primaryimage\"},\"thumbnailUrl\":\"https:\\\/\\\/autorival.ro\\\/opel\\\/wp-content\\\/uploads\\\/sites\\\/21\\\/2025\\\/06\\\/230.2369.52.jpg\",\"datePublished\":\"2025-06-06T18:14:15+00:00\",\"description\":\"\u26a1 Disc frana OPEL ADAM (M13) 1.0 benzina 115 cai ZIMMERMANN 230.2369.52 pentru OPEL la doar 620.55 RON. \u2713 Cod: 230 \u2713 Brand: ZIMMERMANN \u2713 \u00cen stoc \u2713 Livrare 24h \u2713 Garan\u021bie!\",\"breadcrumb\":{\"@id\":\"https:\\\/\\\/autorival.ro\\\/opel\\\/product\\\/disc-frana-opel-adam-m13-1-0-benzina-115-cai-zimmermann-230-2369-52\\\/#breadcrumb\"},\"inLanguage\":\"en-US\",\"potentialAction\":[{\"@type\":\"ReadAction\",\"target\":[\"https:\\\/\\\/autorival.ro\\\/opel\\\/product\\\/disc-frana-opel-adam-m13-1-0-benzina-115-cai-zimmermann-230-2369-52\\\/\"]}]},{\"@type\":\"ImageObject\",\"inLanguage\":\"en-US\",\"@id\":\"https:\\\/\\\/autorival.ro\\\/opel\\\/product\\\/disc-frana-opel-adam-m13-1-0-benzina-115-cai-zimmermann-230-2369-52\\\/#primaryimage\",\"url\":\"https:\\\/\\\/autorival.ro\\\/opel\\\/wp-content\\\/uploads\\\/sites\\\/21\\\/2025\\\/06\\\/230.2369.52.jpg\",\"contentUrl\":\"https:\\\/\\\/autorival.ro\\\/opel\\\/wp-content\\\/uploads\\\/sites\\\/21\\\/2025\\\/06\\\/230.2369.52.jpg\",\"width\":386,\"height\":398,\"caption\":\"Disc frana OPEL ADAM (M13) 1.0 benzina 115 cai ZIMMERMANN 230.2369.52\"},{\"@type\":\"BreadcrumbList\",\"@id\":\"https:\\\/\\\/autorival.ro\\\/opel\\\/product\\\/disc-frana-opel-adam-m13-1-0-benzina-115-cai-zimmermann-230-2369-52\\\/#breadcrumb\",\"itemListElement\":[{\"@type\":\"ListItem\",\"position\":1,\"name\":\"Prima pagin\u0103\",\"item\":\"https:\\\/\\\/autorival.ro\\\/opel\\\/\"},{\"@type\":\"ListItem\",\"position\":2,\"name\":\"Piese auto OPEL\",\"item\":\"https:\\\/\\\/autorival.ro\\\/opel\\\/\"},{\"@type\":\"ListItem\",\"position\":3,\"name\":\"Disc frana OPEL ADAM (M13) 1.0 benzina 115 cai ZIMMERMANN 230.2369.52\"}]},{\"@type\":\"WebSite\",\"@id\":\"https:\\\/\\\/autorival.ro\\\/opel\\\/#website\",\"url\":\"https:\\\/\\\/autorival.ro\\\/opel\\\/\",\"name\":\"OPEL\",\"description\":\"\",\"potentialAction\":[{\"@type\":\"SearchAction\",\"target\":{\"@type\":\"EntryPoint\",\"urlTemplate\":\"https:\\\/\\\/autorival.ro\\\/opel\\\/?s={search_term_string}\"},\"query-input\":{\"@type\":\"PropertyValueSpecification\",\"valueRequired\":true,\"valueName\":\"search_term_string\"}}],\"inLanguage\":\"en-US\"}]}<\/script>\n<!-- \/ Yoast SEO plugin. -->","yoast_head_json":{"title":"Disc frana OPEL ADAM (M13) 1.0 benzina 115 cai ZIMMERMANN 230.2369.52 OPEL | ZIMMERMANN - Autorival","description":"\u26a1 Disc frana OPEL ADAM (M13) 1.0 benzina 115 cai ZIMMERMANN 230.2369.52 pentru OPEL la doar 620.55 RON. \u2713 Cod: 230 \u2713 Brand: ZIMMERMANN \u2713 \u00cen stoc \u2713 Livrare 24h \u2713 Garan\u021bie!","robots":{"index":"index","follow":"follow","max-snippet":"max-snippet:-1","max-image-preview":"max-image-preview:large","max-video-preview":"max-video-preview:-1"},"og_locale":"en_US","og_type":"article","og_title":"Disc frana OPEL ADAM (M13) 1.0 benzina 115 cai ZIMMERMANN 230.2369.52 OPEL | ZIMMERMANN - Autorival","og_description":"\u26a1 Disc frana OPEL ADAM (M13) 1.0 benzina 115 cai ZIMMERMANN 230.2369.52 pentru OPEL la doar 620.55 RON. \u2713 Cod: 230 \u2713 Brand: ZIMMERMANN \u2713 \u00cen stoc \u2713 Livrare 24h \u2713 Garan\u021bie!","og_url":"https:\/\/autorival.ro\/opel\/product\/disc-frana-opel-adam-m13-1-0-benzina-115-cai-zimmermann-230-2369-52\/","og_site_name":"OPEL","og_image":[{"width":386,"height":398,"url":"https:\/\/autorival.ro\/opel\/wp-content\/uploads\/sites\/21\/2025\/06\/230.2369.52.jpg","type":"image\/jpeg"}],"twitter_card":"summary_large_image","twitter_title":"Disc frana OPEL ADAM (M13) 1.0 benzina 115 cai ZIMMERMANN 230.2369.52 OPEL | ZIMMERMANN - Autorival","twitter_description":"\u26a1 Disc frana OPEL ADAM (M13) 1.0 benzina 115 cai ZIMMERMANN 230.2369.52 pentru OPEL la doar 620.55 RON. \u2713 Cod: 230 \u2713 Brand: ZIMMERMANN \u2713 \u00cen stoc \u2713 Livrare 24h \u2713 Garan\u021bie!","schema":{"@context":"https:\/\/schema.org","@graph":[{"@type":"WebPage","@id":"https:\/\/autorival.ro\/opel\/product\/disc-frana-opel-adam-m13-1-0-benzina-115-cai-zimmermann-230-2369-52\/","url":"https:\/\/autorival.ro\/opel\/product\/disc-frana-opel-adam-m13-1-0-benzina-115-cai-zimmermann-230-2369-52\/","name":"Disc frana OPEL ADAM (M13) 1.0 benzina 115 cai ZIMMERMANN 230.2369.52 OPEL | ZIMMERMANN - Autorival","isPartOf":{"@id":"https:\/\/autorival.ro\/opel\/#website"},"primaryImageOfPage":{"@id":"https:\/\/autorival.ro\/opel\/product\/disc-frana-opel-adam-m13-1-0-benzina-115-cai-zimmermann-230-2369-52\/#primaryimage"},"image":{"@id":"https:\/\/autorival.ro\/opel\/product\/disc-frana-opel-adam-m13-1-0-benzina-115-cai-zimmermann-230-2369-52\/#primaryimage"},"thumbnailUrl":"https:\/\/autorival.ro\/opel\/wp-content\/uploads\/sites\/21\/2025\/06\/230.2369.52.jpg","datePublished":"2025-06-06T18:14:15+00:00","description":"\u26a1 Disc frana OPEL ADAM (M13) 1.0 benzina 115 cai ZIMMERMANN 230.2369.52 pentru OPEL la doar 620.55 RON. \u2713 Cod: 230 \u2713 Brand: ZIMMERMANN \u2713 \u00cen stoc \u2713 Livrare 24h \u2713 Garan\u021bie!","breadcrumb":{"@id":"https:\/\/autorival.ro\/opel\/product\/disc-frana-opel-adam-m13-1-0-benzina-115-cai-zimmermann-230-2369-52\/#breadcrumb"},"inLanguage":"en-US","potentialAction":[{"@type":"ReadAction","target":["https:\/\/autorival.ro\/opel\/product\/disc-frana-opel-adam-m13-1-0-benzina-115-cai-zimmermann-230-2369-52\/"]}]},{"@type":"ImageObject","inLanguage":"en-US","@id":"https:\/\/autorival.ro\/opel\/product\/disc-frana-opel-adam-m13-1-0-benzina-115-cai-zimmermann-230-2369-52\/#primaryimage","url":"https:\/\/autorival.ro\/opel\/wp-content\/uploads\/sites\/21\/2025\/06\/230.2369.52.jpg","contentUrl":"https:\/\/autorival.ro\/opel\/wp-content\/uploads\/sites\/21\/2025\/06\/230.2369.52.jpg","width":386,"height":398,"caption":"Disc frana OPEL ADAM (M13) 1.0 benzina 115 cai ZIMMERMANN 230.2369.52"},{"@type":"BreadcrumbList","@id":"https:\/\/autorival.ro\/opel\/product\/disc-frana-opel-adam-m13-1-0-benzina-115-cai-zimmermann-230-2369-52\/#breadcrumb","itemListElement":[{"@type":"ListItem","position":1,"name":"Prima pagin\u0103","item":"https:\/\/autorival.ro\/opel\/"},{"@type":"ListItem","position":2,"name":"Piese auto OPEL","item":"https:\/\/autorival.ro\/opel\/"},{"@type":"ListItem","position":3,"name":"Disc frana OPEL ADAM (M13) 1.0 benzina 115 cai ZIMMERMANN 230.2369.52"}]},{"@type":"WebSite","@id":"https:\/\/autorival.ro\/opel\/#website","url":"https:\/\/autorival.ro\/opel\/","name":"OPEL","description":"","potentialAction":[{"@type":"SearchAction","target":{"@type":"EntryPoint","urlTemplate":"https:\/\/autorival.ro\/opel\/?s={search_term_string}"},"query-input":{"@type":"PropertyValueSpecification","valueRequired":true,"valueName":"search_term_string"}}],"inLanguage":"en-US"}]}},"_links":{"self":[{"href":"https:\/\/autorival.ro\/opel\/wp-json\/wp\/v2\/product\/343830","targetHints":{"allow":["GET"]}}],"collection":[{"href":"https:\/\/autorival.ro\/opel\/wp-json\/wp\/v2\/product"}],"about":[{"href":"https:\/\/autorival.ro\/opel\/wp-json\/wp\/v2\/types\/product"}],"replies":[{"embeddable":true,"href":"https:\/\/autorival.ro\/opel\/wp-json\/wp\/v2\/comments?post=343830"}],"wp:featuredmedia":[{"embeddable":true,"href":"https:\/\/autorival.ro\/opel\/wp-json\/wp\/v2\/media\/343831"}],"wp:attachment":[{"href":"https:\/\/autorival.ro\/opel\/wp-json\/wp\/v2\/media?parent=343830"}],"wp:term":[{"taxonomy":"product_brand","embeddable":true,"href":"https:\/\/autorival.ro\/opel\/wp-json\/wp\/v2\/product_brand?post=343830"},{"taxonomy":"product_cat","embeddable":true,"href":"https:\/\/autorival.ro\/opel\/wp-json\/wp\/v2\/product_cat?post=343830"},{"taxonomy":"product_tag","embeddable":true,"href":"https:\/\/autorival.ro\/opel\/wp-json\/wp\/v2\/product_tag?post=343830"}],"curies":[{"name":"wp","href":"https:\/\/api.w.org\/{rel}","templated":true}]}}