{"id":343750,"date":"2025-06-06T18:12:29","date_gmt":"2025-06-06T18:12:29","guid":{"rendered":"https:\/\/autorival.ro\/opel\/product\/disc-frana-opel-adam-m13-1-0-benzina-115-cai-krottendorf-kro-bd4796\/"},"modified":"2025-06-06T18:12:29","modified_gmt":"2025-06-06T18:12:29","slug":"disc-frana-opel-adam-m13-1-0-benzina-115-cai-krottendorf-kro-bd4796","status":"publish","type":"product","link":"https:\/\/autorival.ro\/opel\/product\/disc-frana-opel-adam-m13-1-0-benzina-115-cai-krottendorf-kro-bd4796\/","title":{"rendered":"Disc frana OPEL ADAM (M13) 1.0 benzina 115 cai KROTTENDORF KRO-BD4796"},"content":{"rendered":"<p>Partea de montare: punte fata ->Diametru exterior [mm]: 257 ->Grosime disc fr\u00e2na [mm]: 22 ->Grosime minima [mm]: 20\u00cenaltime [mm]: 40,6Asezare gauri \u00d8 [mm]: 100Tip disc fr\u00e2na: ventilat ->Diametru de centrare [mm]: 60Numar gauri: 4Suprafata: unsindeplineste normele ECE: ECE-R90 ->Diametru gaura pana la [mm]: 14,5<\/p>\n","protected":false},"excerpt":{"rendered":"<p>Producator: KROTTENDORF Cod producator: KRO-BD4796<\/p>\n","protected":false},"featured_media":343751,"comment_status":"open","ping_status":"closed","template":"","meta":[],"product_brand":[14120],"product_cat":[14117],"product_tag":[43382,44054,43366,44066,44065,43324],"class_list":{"0":"post-343750","1":"product","2":"type-product","3":"status-publish","4":"has-post-thumbnail","6":"product_brand-krottendorf","7":"product_cat-disc-frana","8":"product_tag-adam","9":"product_tag-disc","10":"product_tag-frana","11":"product_tag-kro","12":"product_tag-krottendorf","13":"product_tag-opel","15":"first","16":"instock","17":"shipping-taxable","18":"purchasable","19":"product-type-simple"},"yoast_head":"<!-- This site is optimized with the Yoast SEO plugin v27.3 - https:\/\/yoast.com\/product\/yoast-seo-wordpress\/ -->\n<title>Disc frana OPEL ADAM (M13) 1.0 benzina 115 cai KROTTENDORF KRO-BD4796 OPEL | KROTTENDORF - Autorival<\/title>\n<meta name=\"description\" content=\"\u26a1 Disc frana OPEL ADAM (M13) 1.0 benzina 115 cai KROTTENDORF KRO-BD4796 pentru OPEL la doar 223.14 RON. \u2713 Cod: KRO-BD4796 \u2713 Brand: KROTTENDORF \u2713 \u00cen stoc \u2713 Livrare 24h \u2713 Garan\u021bie!\" \/>\n<meta name=\"robots\" content=\"index, follow, max-snippet:-1, max-image-preview:large, max-video-preview:-1\" \/>\n<meta property=\"og:locale\" content=\"en_US\" \/>\n<meta property=\"og:type\" content=\"article\" \/>\n<meta property=\"og:title\" content=\"Disc frana OPEL ADAM (M13) 1.0 benzina 115 cai KROTTENDORF KRO-BD4796 OPEL | KROTTENDORF - Autorival\" \/>\n<meta property=\"og:description\" content=\"\u26a1 Disc frana OPEL ADAM (M13) 1.0 benzina 115 cai KROTTENDORF KRO-BD4796 pentru OPEL la doar 223.14 RON. \u2713 Cod: KRO-BD4796 \u2713 Brand: KROTTENDORF \u2713 \u00cen stoc \u2713 Livrare 24h \u2713 Garan\u021bie!\" \/>\n<meta property=\"og:url\" content=\"https:\/\/autorival.ro\/opel\/product\/disc-frana-opel-adam-m13-1-0-benzina-115-cai-krottendorf-kro-bd4796\/\" \/>\n<meta property=\"og:site_name\" content=\"OPEL\" \/>\n<meta property=\"og:image\" content=\"https:\/\/autorival.ro\/opel\/wp-content\/uploads\/sites\/21\/2025\/06\/5329216.jpg\" \/>\n\t<meta property=\"og:image:width\" content=\"480\" \/>\n\t<meta property=\"og:image:height\" content=\"480\" \/>\n\t<meta property=\"og:image:type\" content=\"image\/jpeg\" \/>\n<meta name=\"twitter:card\" content=\"summary_large_image\" \/>\n<meta name=\"twitter:title\" content=\"Disc frana OPEL ADAM (M13) 1.0 benzina 115 cai KROTTENDORF KRO-BD4796 OPEL | KROTTENDORF - Autorival\" \/>\n<meta name=\"twitter:description\" content=\"\u26a1 Disc frana OPEL ADAM (M13) 1.0 benzina 115 cai KROTTENDORF KRO-BD4796 pentru OPEL la doar 223.14 RON. \u2713 Cod: KRO-BD4796 \u2713 Brand: KROTTENDORF \u2713 \u00cen stoc \u2713 Livrare 24h \u2713 Garan\u021bie!\" \/>\n<script type=\"application\/ld+json\" class=\"yoast-schema-graph\">{\"@context\":\"https:\\\/\\\/schema.org\",\"@graph\":[{\"@type\":\"WebPage\",\"@id\":\"https:\\\/\\\/autorival.ro\\\/opel\\\/product\\\/disc-frana-opel-adam-m13-1-0-benzina-115-cai-krottendorf-kro-bd4796\\\/\",\"url\":\"https:\\\/\\\/autorival.ro\\\/opel\\\/product\\\/disc-frana-opel-adam-m13-1-0-benzina-115-cai-krottendorf-kro-bd4796\\\/\",\"name\":\"Disc frana OPEL ADAM (M13) 1.0 benzina 115 cai KROTTENDORF KRO-BD4796 OPEL | KROTTENDORF - Autorival\",\"isPartOf\":{\"@id\":\"https:\\\/\\\/autorival.ro\\\/opel\\\/#website\"},\"primaryImageOfPage\":{\"@id\":\"https:\\\/\\\/autorival.ro\\\/opel\\\/product\\\/disc-frana-opel-adam-m13-1-0-benzina-115-cai-krottendorf-kro-bd4796\\\/#primaryimage\"},\"image\":{\"@id\":\"https:\\\/\\\/autorival.ro\\\/opel\\\/product\\\/disc-frana-opel-adam-m13-1-0-benzina-115-cai-krottendorf-kro-bd4796\\\/#primaryimage\"},\"thumbnailUrl\":\"https:\\\/\\\/autorival.ro\\\/opel\\\/wp-content\\\/uploads\\\/sites\\\/21\\\/2025\\\/06\\\/5329216.jpg\",\"datePublished\":\"2025-06-06T18:12:29+00:00\",\"description\":\"\u26a1 Disc frana OPEL ADAM (M13) 1.0 benzina 115 cai KROTTENDORF KRO-BD4796 pentru OPEL la doar 223.14 RON. \u2713 Cod: KRO-BD4796 \u2713 Brand: KROTTENDORF \u2713 \u00cen stoc \u2713 Livrare 24h \u2713 Garan\u021bie!\",\"breadcrumb\":{\"@id\":\"https:\\\/\\\/autorival.ro\\\/opel\\\/product\\\/disc-frana-opel-adam-m13-1-0-benzina-115-cai-krottendorf-kro-bd4796\\\/#breadcrumb\"},\"inLanguage\":\"en-US\",\"potentialAction\":[{\"@type\":\"ReadAction\",\"target\":[\"https:\\\/\\\/autorival.ro\\\/opel\\\/product\\\/disc-frana-opel-adam-m13-1-0-benzina-115-cai-krottendorf-kro-bd4796\\\/\"]}]},{\"@type\":\"ImageObject\",\"inLanguage\":\"en-US\",\"@id\":\"https:\\\/\\\/autorival.ro\\\/opel\\\/product\\\/disc-frana-opel-adam-m13-1-0-benzina-115-cai-krottendorf-kro-bd4796\\\/#primaryimage\",\"url\":\"https:\\\/\\\/autorival.ro\\\/opel\\\/wp-content\\\/uploads\\\/sites\\\/21\\\/2025\\\/06\\\/5329216.jpg\",\"contentUrl\":\"https:\\\/\\\/autorival.ro\\\/opel\\\/wp-content\\\/uploads\\\/sites\\\/21\\\/2025\\\/06\\\/5329216.jpg\",\"width\":480,\"height\":480,\"caption\":\"Disc frana OPEL ADAM (M13) 1.0 benzina 115 cai KROTTENDORF KRO-BD4796\"},{\"@type\":\"BreadcrumbList\",\"@id\":\"https:\\\/\\\/autorival.ro\\\/opel\\\/product\\\/disc-frana-opel-adam-m13-1-0-benzina-115-cai-krottendorf-kro-bd4796\\\/#breadcrumb\",\"itemListElement\":[{\"@type\":\"ListItem\",\"position\":1,\"name\":\"Prima pagin\u0103\",\"item\":\"https:\\\/\\\/autorival.ro\\\/opel\\\/\"},{\"@type\":\"ListItem\",\"position\":2,\"name\":\"Piese auto OPEL\",\"item\":\"https:\\\/\\\/autorival.ro\\\/opel\\\/\"},{\"@type\":\"ListItem\",\"position\":3,\"name\":\"Disc frana OPEL ADAM (M13) 1.0 benzina 115 cai KROTTENDORF KRO-BD4796\"}]},{\"@type\":\"WebSite\",\"@id\":\"https:\\\/\\\/autorival.ro\\\/opel\\\/#website\",\"url\":\"https:\\\/\\\/autorival.ro\\\/opel\\\/\",\"name\":\"OPEL\",\"description\":\"\",\"potentialAction\":[{\"@type\":\"SearchAction\",\"target\":{\"@type\":\"EntryPoint\",\"urlTemplate\":\"https:\\\/\\\/autorival.ro\\\/opel\\\/?s={search_term_string}\"},\"query-input\":{\"@type\":\"PropertyValueSpecification\",\"valueRequired\":true,\"valueName\":\"search_term_string\"}}],\"inLanguage\":\"en-US\"}]}<\/script>\n<!-- \/ Yoast SEO plugin. -->","yoast_head_json":{"title":"Disc frana OPEL ADAM (M13) 1.0 benzina 115 cai KROTTENDORF KRO-BD4796 OPEL | KROTTENDORF - Autorival","description":"\u26a1 Disc frana OPEL ADAM (M13) 1.0 benzina 115 cai KROTTENDORF KRO-BD4796 pentru OPEL la doar 223.14 RON. \u2713 Cod: KRO-BD4796 \u2713 Brand: KROTTENDORF \u2713 \u00cen stoc \u2713 Livrare 24h \u2713 Garan\u021bie!","robots":{"index":"index","follow":"follow","max-snippet":"max-snippet:-1","max-image-preview":"max-image-preview:large","max-video-preview":"max-video-preview:-1"},"og_locale":"en_US","og_type":"article","og_title":"Disc frana OPEL ADAM (M13) 1.0 benzina 115 cai KROTTENDORF KRO-BD4796 OPEL | KROTTENDORF - Autorival","og_description":"\u26a1 Disc frana OPEL ADAM (M13) 1.0 benzina 115 cai KROTTENDORF KRO-BD4796 pentru OPEL la doar 223.14 RON. \u2713 Cod: KRO-BD4796 \u2713 Brand: KROTTENDORF \u2713 \u00cen stoc \u2713 Livrare 24h \u2713 Garan\u021bie!","og_url":"https:\/\/autorival.ro\/opel\/product\/disc-frana-opel-adam-m13-1-0-benzina-115-cai-krottendorf-kro-bd4796\/","og_site_name":"OPEL","og_image":[{"width":480,"height":480,"url":"https:\/\/autorival.ro\/opel\/wp-content\/uploads\/sites\/21\/2025\/06\/5329216.jpg","type":"image\/jpeg"}],"twitter_card":"summary_large_image","twitter_title":"Disc frana OPEL ADAM (M13) 1.0 benzina 115 cai KROTTENDORF KRO-BD4796 OPEL | KROTTENDORF - Autorival","twitter_description":"\u26a1 Disc frana OPEL ADAM (M13) 1.0 benzina 115 cai KROTTENDORF KRO-BD4796 pentru OPEL la doar 223.14 RON. \u2713 Cod: KRO-BD4796 \u2713 Brand: KROTTENDORF \u2713 \u00cen stoc \u2713 Livrare 24h \u2713 Garan\u021bie!","schema":{"@context":"https:\/\/schema.org","@graph":[{"@type":"WebPage","@id":"https:\/\/autorival.ro\/opel\/product\/disc-frana-opel-adam-m13-1-0-benzina-115-cai-krottendorf-kro-bd4796\/","url":"https:\/\/autorival.ro\/opel\/product\/disc-frana-opel-adam-m13-1-0-benzina-115-cai-krottendorf-kro-bd4796\/","name":"Disc frana OPEL ADAM (M13) 1.0 benzina 115 cai KROTTENDORF KRO-BD4796 OPEL | KROTTENDORF - Autorival","isPartOf":{"@id":"https:\/\/autorival.ro\/opel\/#website"},"primaryImageOfPage":{"@id":"https:\/\/autorival.ro\/opel\/product\/disc-frana-opel-adam-m13-1-0-benzina-115-cai-krottendorf-kro-bd4796\/#primaryimage"},"image":{"@id":"https:\/\/autorival.ro\/opel\/product\/disc-frana-opel-adam-m13-1-0-benzina-115-cai-krottendorf-kro-bd4796\/#primaryimage"},"thumbnailUrl":"https:\/\/autorival.ro\/opel\/wp-content\/uploads\/sites\/21\/2025\/06\/5329216.jpg","datePublished":"2025-06-06T18:12:29+00:00","description":"\u26a1 Disc frana OPEL ADAM (M13) 1.0 benzina 115 cai KROTTENDORF KRO-BD4796 pentru OPEL la doar 223.14 RON. \u2713 Cod: KRO-BD4796 \u2713 Brand: KROTTENDORF \u2713 \u00cen stoc \u2713 Livrare 24h \u2713 Garan\u021bie!","breadcrumb":{"@id":"https:\/\/autorival.ro\/opel\/product\/disc-frana-opel-adam-m13-1-0-benzina-115-cai-krottendorf-kro-bd4796\/#breadcrumb"},"inLanguage":"en-US","potentialAction":[{"@type":"ReadAction","target":["https:\/\/autorival.ro\/opel\/product\/disc-frana-opel-adam-m13-1-0-benzina-115-cai-krottendorf-kro-bd4796\/"]}]},{"@type":"ImageObject","inLanguage":"en-US","@id":"https:\/\/autorival.ro\/opel\/product\/disc-frana-opel-adam-m13-1-0-benzina-115-cai-krottendorf-kro-bd4796\/#primaryimage","url":"https:\/\/autorival.ro\/opel\/wp-content\/uploads\/sites\/21\/2025\/06\/5329216.jpg","contentUrl":"https:\/\/autorival.ro\/opel\/wp-content\/uploads\/sites\/21\/2025\/06\/5329216.jpg","width":480,"height":480,"caption":"Disc frana OPEL ADAM (M13) 1.0 benzina 115 cai KROTTENDORF KRO-BD4796"},{"@type":"BreadcrumbList","@id":"https:\/\/autorival.ro\/opel\/product\/disc-frana-opel-adam-m13-1-0-benzina-115-cai-krottendorf-kro-bd4796\/#breadcrumb","itemListElement":[{"@type":"ListItem","position":1,"name":"Prima pagin\u0103","item":"https:\/\/autorival.ro\/opel\/"},{"@type":"ListItem","position":2,"name":"Piese auto OPEL","item":"https:\/\/autorival.ro\/opel\/"},{"@type":"ListItem","position":3,"name":"Disc frana OPEL ADAM (M13) 1.0 benzina 115 cai KROTTENDORF KRO-BD4796"}]},{"@type":"WebSite","@id":"https:\/\/autorival.ro\/opel\/#website","url":"https:\/\/autorival.ro\/opel\/","name":"OPEL","description":"","potentialAction":[{"@type":"SearchAction","target":{"@type":"EntryPoint","urlTemplate":"https:\/\/autorival.ro\/opel\/?s={search_term_string}"},"query-input":{"@type":"PropertyValueSpecification","valueRequired":true,"valueName":"search_term_string"}}],"inLanguage":"en-US"}]}},"_links":{"self":[{"href":"https:\/\/autorival.ro\/opel\/wp-json\/wp\/v2\/product\/343750","targetHints":{"allow":["GET"]}}],"collection":[{"href":"https:\/\/autorival.ro\/opel\/wp-json\/wp\/v2\/product"}],"about":[{"href":"https:\/\/autorival.ro\/opel\/wp-json\/wp\/v2\/types\/product"}],"replies":[{"embeddable":true,"href":"https:\/\/autorival.ro\/opel\/wp-json\/wp\/v2\/comments?post=343750"}],"wp:featuredmedia":[{"embeddable":true,"href":"https:\/\/autorival.ro\/opel\/wp-json\/wp\/v2\/media\/343751"}],"wp:attachment":[{"href":"https:\/\/autorival.ro\/opel\/wp-json\/wp\/v2\/media?parent=343750"}],"wp:term":[{"taxonomy":"product_brand","embeddable":true,"href":"https:\/\/autorival.ro\/opel\/wp-json\/wp\/v2\/product_brand?post=343750"},{"taxonomy":"product_cat","embeddable":true,"href":"https:\/\/autorival.ro\/opel\/wp-json\/wp\/v2\/product_cat?post=343750"},{"taxonomy":"product_tag","embeddable":true,"href":"https:\/\/autorival.ro\/opel\/wp-json\/wp\/v2\/product_tag?post=343750"}],"curies":[{"name":"wp","href":"https:\/\/api.w.org\/{rel}","templated":true}]}}