{"id":325456,"date":"2025-06-06T11:50:01","date_gmt":"2025-06-06T11:50:01","guid":{"rendered":"https:\/\/autorival.ro\/opel\/product\/conducta-alimentare-cu-combustibil-opel-vivaro-a-platou-sasiu-x83-1-9-dti-diesel-101-cai-metzger-2150029\/"},"modified":"2025-06-06T11:50:01","modified_gmt":"2025-06-06T11:50:01","slug":"conducta-alimentare-cu-combustibil-opel-vivaro-a-platou-sasiu-x83-1-9-dti-diesel-101-cai-metzger-2150029","status":"publish","type":"product","link":"https:\/\/autorival.ro\/opel\/product\/conducta-alimentare-cu-combustibil-opel-vivaro-a-platou-sasiu-x83-1-9-dti-diesel-101-cai-metzger-2150029\/","title":{"rendered":"Conducta alimentare cu combustibil OPEL VIVARO A platou \/ sasiu (X83) 1.9 DTI diesel 101 cai METZGER 2150029"},"content":{"rendered":"<p>Serie \u00c3\u02c6\u00e2\u201e\u00a2asiu (VIN) \u00eencep\u00e2nd cu: 4V600001, 4Y600001Serie \u00c3\u02c6\u00e2\u201e\u00a2asiu (VIN)p\u00e2n\u0103 la: 6V699999, 6Y699999Partea de montare: \u00eentre filtrul de combustibil \u00c3\u02c6\u00e2\u201e\u00a2i pompa de injec\u021bieArticol completare\/Info suplimentar 2: cu pompaNr. caracteristici componente: YL19 (Renault)Compara\u021bi piesa veche cu cea nou\u0103 (\u00eendeosebi nr. OE)pt. cod original (OE): 8200338434, 1788300QAB, 4413311, 93852807<\/p>\n","protected":false},"excerpt":{"rendered":"<p>Producator: METZGER Cod producator: 2150029<\/p>\n","protected":false},"featured_media":325457,"comment_status":"open","ping_status":"closed","template":"","meta":[],"product_brand":[1816],"product_cat":[12613],"product_tag":[44001,43783,44000,43339,43491,43324,43346],"class_list":{"0":"post-325456","1":"product","2":"type-product","3":"status-publish","4":"has-post-thumbnail","6":"product_brand-metzger","7":"product_cat-conducta-alimentare-cu-combustibil-a-platou-sasiu-x83-1-9-dti-diesel-101","8":"product_tag-alimentare","9":"product_tag-combustibil","10":"product_tag-conducta","11":"product_tag-dti","12":"product_tag-metzger","13":"product_tag-opel","14":"product_tag-vivaro","16":"first","17":"instock","18":"shipping-taxable","19":"purchasable","20":"product-type-simple"},"yoast_head":"<!-- This site is optimized with the Yoast SEO plugin v27.3 - https:\/\/yoast.com\/product\/yoast-seo-wordpress\/ -->\n<title>Conducta alimentare cu combustibil OPEL VIVARO A platou \/ sasiu (X83) 1.9 DTI diesel 101 cai METZGER 2150029 OPEL | METZGER - Autorival<\/title>\n<meta name=\"description\" content=\"\u26a1 Conducta alimentare cu combustibil OPEL VIVARO A platou \/ sasiu (X83) 1.9 DTI diesel 101 cai METZGER 2150029 pentru OPEL la doar 260.4 RON. \u2713 Cod: 2150029 \u2713 Brand: METZGER \u2713 \u00cen stoc \u2713 Livrare 24h \u2713 Garan\u021bie!\" \/>\n<meta name=\"robots\" content=\"index, follow, max-snippet:-1, max-image-preview:large, max-video-preview:-1\" \/>\n<meta property=\"og:locale\" content=\"en_US\" \/>\n<meta property=\"og:type\" content=\"article\" \/>\n<meta property=\"og:title\" content=\"Conducta alimentare cu combustibil OPEL VIVARO A platou \/ sasiu (X83) 1.9 DTI diesel 101 cai METZGER 2150029 OPEL | METZGER - Autorival\" \/>\n<meta property=\"og:description\" content=\"\u26a1 Conducta alimentare cu combustibil OPEL VIVARO A platou \/ sasiu (X83) 1.9 DTI diesel 101 cai METZGER 2150029 pentru OPEL la doar 260.4 RON. \u2713 Cod: 2150029 \u2713 Brand: METZGER \u2713 \u00cen stoc \u2713 Livrare 24h \u2713 Garan\u021bie!\" \/>\n<meta property=\"og:url\" content=\"https:\/\/autorival.ro\/opel\/product\/conducta-alimentare-cu-combustibil-opel-vivaro-a-platou-sasiu-x83-1-9-dti-diesel-101-cai-metzger-2150029\/\" \/>\n<meta property=\"og:site_name\" content=\"OPEL\" \/>\n<meta property=\"og:image\" content=\"https:\/\/autorival.ro\/opel\/wp-content\/uploads\/sites\/21\/2025\/06\/2150029-6.jpg\" \/>\n\t<meta property=\"og:image:width\" content=\"599\" \/>\n\t<meta property=\"og:image:height\" content=\"369\" \/>\n\t<meta property=\"og:image:type\" content=\"image\/jpeg\" \/>\n<meta name=\"twitter:card\" content=\"summary_large_image\" \/>\n<meta name=\"twitter:title\" content=\"Conducta alimentare cu combustibil OPEL VIVARO A platou \/ sasiu (X83) 1.9 DTI diesel 101 cai METZGER 2150029 OPEL | METZGER - Autorival\" \/>\n<meta name=\"twitter:description\" content=\"\u26a1 Conducta alimentare cu combustibil OPEL VIVARO A platou \/ sasiu (X83) 1.9 DTI diesel 101 cai METZGER 2150029 pentru OPEL la doar 260.4 RON. \u2713 Cod: 2150029 \u2713 Brand: METZGER \u2713 \u00cen stoc \u2713 Livrare 24h \u2713 Garan\u021bie!\" \/>\n<script type=\"application\/ld+json\" class=\"yoast-schema-graph\">{\"@context\":\"https:\\\/\\\/schema.org\",\"@graph\":[{\"@type\":\"WebPage\",\"@id\":\"https:\\\/\\\/autorival.ro\\\/opel\\\/product\\\/conducta-alimentare-cu-combustibil-opel-vivaro-a-platou-sasiu-x83-1-9-dti-diesel-101-cai-metzger-2150029\\\/\",\"url\":\"https:\\\/\\\/autorival.ro\\\/opel\\\/product\\\/conducta-alimentare-cu-combustibil-opel-vivaro-a-platou-sasiu-x83-1-9-dti-diesel-101-cai-metzger-2150029\\\/\",\"name\":\"Conducta alimentare cu combustibil OPEL VIVARO A platou \\\/ sasiu (X83) 1.9 DTI diesel 101 cai METZGER 2150029 OPEL | METZGER - Autorival\",\"isPartOf\":{\"@id\":\"https:\\\/\\\/autorival.ro\\\/opel\\\/#website\"},\"primaryImageOfPage\":{\"@id\":\"https:\\\/\\\/autorival.ro\\\/opel\\\/product\\\/conducta-alimentare-cu-combustibil-opel-vivaro-a-platou-sasiu-x83-1-9-dti-diesel-101-cai-metzger-2150029\\\/#primaryimage\"},\"image\":{\"@id\":\"https:\\\/\\\/autorival.ro\\\/opel\\\/product\\\/conducta-alimentare-cu-combustibil-opel-vivaro-a-platou-sasiu-x83-1-9-dti-diesel-101-cai-metzger-2150029\\\/#primaryimage\"},\"thumbnailUrl\":\"https:\\\/\\\/autorival.ro\\\/opel\\\/wp-content\\\/uploads\\\/sites\\\/21\\\/2025\\\/06\\\/2150029-6.jpg\",\"datePublished\":\"2025-06-06T11:50:01+00:00\",\"description\":\"\u26a1 Conducta alimentare cu combustibil OPEL VIVARO A platou \\\/ sasiu (X83) 1.9 DTI diesel 101 cai METZGER 2150029 pentru OPEL la doar 260.4 RON. \u2713 Cod: 2150029 \u2713 Brand: METZGER \u2713 \u00cen stoc \u2713 Livrare 24h \u2713 Garan\u021bie!\",\"breadcrumb\":{\"@id\":\"https:\\\/\\\/autorival.ro\\\/opel\\\/product\\\/conducta-alimentare-cu-combustibil-opel-vivaro-a-platou-sasiu-x83-1-9-dti-diesel-101-cai-metzger-2150029\\\/#breadcrumb\"},\"inLanguage\":\"en-US\",\"potentialAction\":[{\"@type\":\"ReadAction\",\"target\":[\"https:\\\/\\\/autorival.ro\\\/opel\\\/product\\\/conducta-alimentare-cu-combustibil-opel-vivaro-a-platou-sasiu-x83-1-9-dti-diesel-101-cai-metzger-2150029\\\/\"]}]},{\"@type\":\"ImageObject\",\"inLanguage\":\"en-US\",\"@id\":\"https:\\\/\\\/autorival.ro\\\/opel\\\/product\\\/conducta-alimentare-cu-combustibil-opel-vivaro-a-platou-sasiu-x83-1-9-dti-diesel-101-cai-metzger-2150029\\\/#primaryimage\",\"url\":\"https:\\\/\\\/autorival.ro\\\/opel\\\/wp-content\\\/uploads\\\/sites\\\/21\\\/2025\\\/06\\\/2150029-6.jpg\",\"contentUrl\":\"https:\\\/\\\/autorival.ro\\\/opel\\\/wp-content\\\/uploads\\\/sites\\\/21\\\/2025\\\/06\\\/2150029-6.jpg\",\"width\":599,\"height\":369,\"caption\":\"Conducta alimentare cu combustibil OPEL VIVARO A platou \\\/ sasiu (X83) 1.9 DTI diesel 101 cai METZGER 2150029\"},{\"@type\":\"BreadcrumbList\",\"@id\":\"https:\\\/\\\/autorival.ro\\\/opel\\\/product\\\/conducta-alimentare-cu-combustibil-opel-vivaro-a-platou-sasiu-x83-1-9-dti-diesel-101-cai-metzger-2150029\\\/#breadcrumb\",\"itemListElement\":[{\"@type\":\"ListItem\",\"position\":1,\"name\":\"Prima pagin\u0103\",\"item\":\"https:\\\/\\\/autorival.ro\\\/opel\\\/\"},{\"@type\":\"ListItem\",\"position\":2,\"name\":\"Piese auto OPEL\",\"item\":\"https:\\\/\\\/autorival.ro\\\/opel\\\/\"},{\"@type\":\"ListItem\",\"position\":3,\"name\":\"Conducta alimentare cu combustibil OPEL VIVARO A platou \\\/ sasiu (X83) 1.9 DTI diesel 101 cai METZGER 2150029\"}]},{\"@type\":\"WebSite\",\"@id\":\"https:\\\/\\\/autorival.ro\\\/opel\\\/#website\",\"url\":\"https:\\\/\\\/autorival.ro\\\/opel\\\/\",\"name\":\"OPEL\",\"description\":\"\",\"potentialAction\":[{\"@type\":\"SearchAction\",\"target\":{\"@type\":\"EntryPoint\",\"urlTemplate\":\"https:\\\/\\\/autorival.ro\\\/opel\\\/?s={search_term_string}\"},\"query-input\":{\"@type\":\"PropertyValueSpecification\",\"valueRequired\":true,\"valueName\":\"search_term_string\"}}],\"inLanguage\":\"en-US\"}]}<\/script>\n<!-- \/ Yoast SEO plugin. -->","yoast_head_json":{"title":"Conducta alimentare cu combustibil OPEL VIVARO A platou \/ sasiu (X83) 1.9 DTI diesel 101 cai METZGER 2150029 OPEL | METZGER - Autorival","description":"\u26a1 Conducta alimentare cu combustibil OPEL VIVARO A platou \/ sasiu (X83) 1.9 DTI diesel 101 cai METZGER 2150029 pentru OPEL la doar 260.4 RON. \u2713 Cod: 2150029 \u2713 Brand: METZGER \u2713 \u00cen stoc \u2713 Livrare 24h \u2713 Garan\u021bie!","robots":{"index":"index","follow":"follow","max-snippet":"max-snippet:-1","max-image-preview":"max-image-preview:large","max-video-preview":"max-video-preview:-1"},"og_locale":"en_US","og_type":"article","og_title":"Conducta alimentare cu combustibil OPEL VIVARO A platou \/ sasiu (X83) 1.9 DTI diesel 101 cai METZGER 2150029 OPEL | METZGER - Autorival","og_description":"\u26a1 Conducta alimentare cu combustibil OPEL VIVARO A platou \/ sasiu (X83) 1.9 DTI diesel 101 cai METZGER 2150029 pentru OPEL la doar 260.4 RON. \u2713 Cod: 2150029 \u2713 Brand: METZGER \u2713 \u00cen stoc \u2713 Livrare 24h \u2713 Garan\u021bie!","og_url":"https:\/\/autorival.ro\/opel\/product\/conducta-alimentare-cu-combustibil-opel-vivaro-a-platou-sasiu-x83-1-9-dti-diesel-101-cai-metzger-2150029\/","og_site_name":"OPEL","og_image":[{"width":599,"height":369,"url":"https:\/\/autorival.ro\/opel\/wp-content\/uploads\/sites\/21\/2025\/06\/2150029-6.jpg","type":"image\/jpeg"}],"twitter_card":"summary_large_image","twitter_title":"Conducta alimentare cu combustibil OPEL VIVARO A platou \/ sasiu (X83) 1.9 DTI diesel 101 cai METZGER 2150029 OPEL | METZGER - Autorival","twitter_description":"\u26a1 Conducta alimentare cu combustibil OPEL VIVARO A platou \/ sasiu (X83) 1.9 DTI diesel 101 cai METZGER 2150029 pentru OPEL la doar 260.4 RON. \u2713 Cod: 2150029 \u2713 Brand: METZGER \u2713 \u00cen stoc \u2713 Livrare 24h \u2713 Garan\u021bie!","schema":{"@context":"https:\/\/schema.org","@graph":[{"@type":"WebPage","@id":"https:\/\/autorival.ro\/opel\/product\/conducta-alimentare-cu-combustibil-opel-vivaro-a-platou-sasiu-x83-1-9-dti-diesel-101-cai-metzger-2150029\/","url":"https:\/\/autorival.ro\/opel\/product\/conducta-alimentare-cu-combustibil-opel-vivaro-a-platou-sasiu-x83-1-9-dti-diesel-101-cai-metzger-2150029\/","name":"Conducta alimentare cu combustibil OPEL VIVARO A platou \/ sasiu (X83) 1.9 DTI diesel 101 cai METZGER 2150029 OPEL | METZGER - Autorival","isPartOf":{"@id":"https:\/\/autorival.ro\/opel\/#website"},"primaryImageOfPage":{"@id":"https:\/\/autorival.ro\/opel\/product\/conducta-alimentare-cu-combustibil-opel-vivaro-a-platou-sasiu-x83-1-9-dti-diesel-101-cai-metzger-2150029\/#primaryimage"},"image":{"@id":"https:\/\/autorival.ro\/opel\/product\/conducta-alimentare-cu-combustibil-opel-vivaro-a-platou-sasiu-x83-1-9-dti-diesel-101-cai-metzger-2150029\/#primaryimage"},"thumbnailUrl":"https:\/\/autorival.ro\/opel\/wp-content\/uploads\/sites\/21\/2025\/06\/2150029-6.jpg","datePublished":"2025-06-06T11:50:01+00:00","description":"\u26a1 Conducta alimentare cu combustibil OPEL VIVARO A platou \/ sasiu (X83) 1.9 DTI diesel 101 cai METZGER 2150029 pentru OPEL la doar 260.4 RON. \u2713 Cod: 2150029 \u2713 Brand: METZGER \u2713 \u00cen stoc \u2713 Livrare 24h \u2713 Garan\u021bie!","breadcrumb":{"@id":"https:\/\/autorival.ro\/opel\/product\/conducta-alimentare-cu-combustibil-opel-vivaro-a-platou-sasiu-x83-1-9-dti-diesel-101-cai-metzger-2150029\/#breadcrumb"},"inLanguage":"en-US","potentialAction":[{"@type":"ReadAction","target":["https:\/\/autorival.ro\/opel\/product\/conducta-alimentare-cu-combustibil-opel-vivaro-a-platou-sasiu-x83-1-9-dti-diesel-101-cai-metzger-2150029\/"]}]},{"@type":"ImageObject","inLanguage":"en-US","@id":"https:\/\/autorival.ro\/opel\/product\/conducta-alimentare-cu-combustibil-opel-vivaro-a-platou-sasiu-x83-1-9-dti-diesel-101-cai-metzger-2150029\/#primaryimage","url":"https:\/\/autorival.ro\/opel\/wp-content\/uploads\/sites\/21\/2025\/06\/2150029-6.jpg","contentUrl":"https:\/\/autorival.ro\/opel\/wp-content\/uploads\/sites\/21\/2025\/06\/2150029-6.jpg","width":599,"height":369,"caption":"Conducta alimentare cu combustibil OPEL VIVARO A platou \/ sasiu (X83) 1.9 DTI diesel 101 cai METZGER 2150029"},{"@type":"BreadcrumbList","@id":"https:\/\/autorival.ro\/opel\/product\/conducta-alimentare-cu-combustibil-opel-vivaro-a-platou-sasiu-x83-1-9-dti-diesel-101-cai-metzger-2150029\/#breadcrumb","itemListElement":[{"@type":"ListItem","position":1,"name":"Prima pagin\u0103","item":"https:\/\/autorival.ro\/opel\/"},{"@type":"ListItem","position":2,"name":"Piese auto OPEL","item":"https:\/\/autorival.ro\/opel\/"},{"@type":"ListItem","position":3,"name":"Conducta alimentare cu combustibil OPEL VIVARO A platou \/ sasiu (X83) 1.9 DTI diesel 101 cai METZGER 2150029"}]},{"@type":"WebSite","@id":"https:\/\/autorival.ro\/opel\/#website","url":"https:\/\/autorival.ro\/opel\/","name":"OPEL","description":"","potentialAction":[{"@type":"SearchAction","target":{"@type":"EntryPoint","urlTemplate":"https:\/\/autorival.ro\/opel\/?s={search_term_string}"},"query-input":{"@type":"PropertyValueSpecification","valueRequired":true,"valueName":"search_term_string"}}],"inLanguage":"en-US"}]}},"_links":{"self":[{"href":"https:\/\/autorival.ro\/opel\/wp-json\/wp\/v2\/product\/325456","targetHints":{"allow":["GET"]}}],"collection":[{"href":"https:\/\/autorival.ro\/opel\/wp-json\/wp\/v2\/product"}],"about":[{"href":"https:\/\/autorival.ro\/opel\/wp-json\/wp\/v2\/types\/product"}],"replies":[{"embeddable":true,"href":"https:\/\/autorival.ro\/opel\/wp-json\/wp\/v2\/comments?post=325456"}],"wp:featuredmedia":[{"embeddable":true,"href":"https:\/\/autorival.ro\/opel\/wp-json\/wp\/v2\/media\/325457"}],"wp:attachment":[{"href":"https:\/\/autorival.ro\/opel\/wp-json\/wp\/v2\/media?parent=325456"}],"wp:term":[{"taxonomy":"product_brand","embeddable":true,"href":"https:\/\/autorival.ro\/opel\/wp-json\/wp\/v2\/product_brand?post=325456"},{"taxonomy":"product_cat","embeddable":true,"href":"https:\/\/autorival.ro\/opel\/wp-json\/wp\/v2\/product_cat?post=325456"},{"taxonomy":"product_tag","embeddable":true,"href":"https:\/\/autorival.ro\/opel\/wp-json\/wp\/v2\/product_tag?post=325456"}],"curies":[{"name":"wp","href":"https:\/\/api.w.org\/{rel}","templated":true}]}}