{"id":319358,"date":"2025-06-06T09:49:09","date_gmt":"2025-06-06T09:49:09","guid":{"rendered":"https:\/\/autorival.ro\/opel\/product\/condensator-climatizare-opel-combo-tour-1-6-benzina-87-cai-nissens-94721\/"},"modified":"2025-06-06T09:49:09","modified_gmt":"2025-06-06T09:49:09","slug":"condensator-climatizare-opel-combo-tour-1-6-benzina-87-cai-nissens-94721","status":"publish","type":"product","link":"https:\/\/autorival.ro\/opel\/product\/condensator-climatizare-opel-combo-tour-1-6-benzina-87-cai-nissens-94721\/","title":{"rendered":"Condensator climatizare OPEL COMBO Tour 1.6 benzina 87 cai NISSENS 94721"},"content":{"rendered":"<p>An fabricatie de la: 200308Ad\u00e2ncimea plasei [mm]: 16 ->Lungime plas\u0103 [mm]: 550L\u0103\u021bimea plasei [mm]: 359Proprietati chimice: rezistent la coroziune ->Diametru admisie [mm]: 11,8Material: aluminiu ->Diametru evacuare [mm]: 8,5Agent frigorific: R 134a, R 1234yfArticol completare\/Info suplimentar 2: cu uscator<\/p>\n","protected":false},"excerpt":{"rendered":"<p>Producator: NISSENS Cod producator: 94721<\/p>\n","protected":false},"featured_media":319359,"comment_status":"open","ping_status":"closed","template":"","meta":[],"product_brand":[8719],"product_cat":[12371],"product_tag":[43946,43325,43994,43873,43324,43340],"class_list":{"0":"post-319358","1":"product","2":"type-product","3":"status-publish","4":"has-post-thumbnail","6":"product_brand-nissens","7":"product_cat-condensator-climatizare-tour-1-6-benzina-87","8":"product_tag-climatizare","9":"product_tag-combo","10":"product_tag-condensator","11":"product_tag-nissens","12":"product_tag-opel","13":"product_tag-tour","15":"first","16":"instock","17":"shipping-taxable","18":"purchasable","19":"product-type-simple"},"yoast_head":"<!-- This site is optimized with the Yoast SEO plugin v27.3 - https:\/\/yoast.com\/product\/yoast-seo-wordpress\/ -->\n<title>Condensator climatizare OPEL COMBO Tour 1.6 benzina 87 cai NISSENS 94721 OPEL | NISSENS - Autorival<\/title>\n<meta name=\"description\" content=\"\u26a1 Condensator climatizare OPEL COMBO Tour 1.6 benzina 87 cai NISSENS 94721 pentru OPEL la doar 462.29 RON. \u2713 Cod: 94721 \u2713 Brand: NISSENS \u2713 \u00cen stoc \u2713 Livrare 24h \u2713 Garan\u021bie!\" \/>\n<meta name=\"robots\" content=\"index, follow, max-snippet:-1, max-image-preview:large, max-video-preview:-1\" \/>\n<meta property=\"og:locale\" content=\"en_US\" \/>\n<meta property=\"og:type\" content=\"article\" \/>\n<meta property=\"og:title\" content=\"Condensator climatizare OPEL COMBO Tour 1.6 benzina 87 cai NISSENS 94721 OPEL | NISSENS - Autorival\" \/>\n<meta property=\"og:description\" content=\"\u26a1 Condensator climatizare OPEL COMBO Tour 1.6 benzina 87 cai NISSENS 94721 pentru OPEL la doar 462.29 RON. \u2713 Cod: 94721 \u2713 Brand: NISSENS \u2713 \u00cen stoc \u2713 Livrare 24h \u2713 Garan\u021bie!\" \/>\n<meta property=\"og:url\" content=\"https:\/\/autorival.ro\/opel\/product\/condensator-climatizare-opel-combo-tour-1-6-benzina-87-cai-nissens-94721\/\" \/>\n<meta property=\"og:site_name\" content=\"OPEL\" \/>\n<meta property=\"og:image\" content=\"https:\/\/autorival.ro\/opel\/wp-content\/uploads\/sites\/21\/2025\/06\/nis-94721-00-7.jpg\" \/>\n\t<meta property=\"og:image:width\" content=\"2000\" \/>\n\t<meta property=\"og:image:height\" content=\"1333\" \/>\n\t<meta property=\"og:image:type\" content=\"image\/jpeg\" \/>\n<meta name=\"twitter:card\" content=\"summary_large_image\" \/>\n<meta name=\"twitter:title\" content=\"Condensator climatizare OPEL COMBO Tour 1.6 benzina 87 cai NISSENS 94721 OPEL | NISSENS - Autorival\" \/>\n<meta name=\"twitter:description\" content=\"\u26a1 Condensator climatizare OPEL COMBO Tour 1.6 benzina 87 cai NISSENS 94721 pentru OPEL la doar 462.29 RON. \u2713 Cod: 94721 \u2713 Brand: NISSENS \u2713 \u00cen stoc \u2713 Livrare 24h \u2713 Garan\u021bie!\" \/>\n<script type=\"application\/ld+json\" class=\"yoast-schema-graph\">{\"@context\":\"https:\\\/\\\/schema.org\",\"@graph\":[{\"@type\":\"WebPage\",\"@id\":\"https:\\\/\\\/autorival.ro\\\/opel\\\/product\\\/condensator-climatizare-opel-combo-tour-1-6-benzina-87-cai-nissens-94721\\\/\",\"url\":\"https:\\\/\\\/autorival.ro\\\/opel\\\/product\\\/condensator-climatizare-opel-combo-tour-1-6-benzina-87-cai-nissens-94721\\\/\",\"name\":\"Condensator climatizare OPEL COMBO Tour 1.6 benzina 87 cai NISSENS 94721 OPEL | NISSENS - Autorival\",\"isPartOf\":{\"@id\":\"https:\\\/\\\/autorival.ro\\\/opel\\\/#website\"},\"primaryImageOfPage\":{\"@id\":\"https:\\\/\\\/autorival.ro\\\/opel\\\/product\\\/condensator-climatizare-opel-combo-tour-1-6-benzina-87-cai-nissens-94721\\\/#primaryimage\"},\"image\":{\"@id\":\"https:\\\/\\\/autorival.ro\\\/opel\\\/product\\\/condensator-climatizare-opel-combo-tour-1-6-benzina-87-cai-nissens-94721\\\/#primaryimage\"},\"thumbnailUrl\":\"https:\\\/\\\/autorival.ro\\\/opel\\\/wp-content\\\/uploads\\\/sites\\\/21\\\/2025\\\/06\\\/nis-94721-00-7.jpg\",\"datePublished\":\"2025-06-06T09:49:09+00:00\",\"description\":\"\u26a1 Condensator climatizare OPEL COMBO Tour 1.6 benzina 87 cai NISSENS 94721 pentru OPEL la doar 462.29 RON. \u2713 Cod: 94721 \u2713 Brand: NISSENS \u2713 \u00cen stoc \u2713 Livrare 24h \u2713 Garan\u021bie!\",\"breadcrumb\":{\"@id\":\"https:\\\/\\\/autorival.ro\\\/opel\\\/product\\\/condensator-climatizare-opel-combo-tour-1-6-benzina-87-cai-nissens-94721\\\/#breadcrumb\"},\"inLanguage\":\"en-US\",\"potentialAction\":[{\"@type\":\"ReadAction\",\"target\":[\"https:\\\/\\\/autorival.ro\\\/opel\\\/product\\\/condensator-climatizare-opel-combo-tour-1-6-benzina-87-cai-nissens-94721\\\/\"]}]},{\"@type\":\"ImageObject\",\"inLanguage\":\"en-US\",\"@id\":\"https:\\\/\\\/autorival.ro\\\/opel\\\/product\\\/condensator-climatizare-opel-combo-tour-1-6-benzina-87-cai-nissens-94721\\\/#primaryimage\",\"url\":\"https:\\\/\\\/autorival.ro\\\/opel\\\/wp-content\\\/uploads\\\/sites\\\/21\\\/2025\\\/06\\\/nis-94721-00-7.jpg\",\"contentUrl\":\"https:\\\/\\\/autorival.ro\\\/opel\\\/wp-content\\\/uploads\\\/sites\\\/21\\\/2025\\\/06\\\/nis-94721-00-7.jpg\",\"width\":2000,\"height\":1333,\"caption\":\"Condensator climatizare OPEL COMBO Tour 1.6 benzina 87 cai NISSENS 94721\"},{\"@type\":\"BreadcrumbList\",\"@id\":\"https:\\\/\\\/autorival.ro\\\/opel\\\/product\\\/condensator-climatizare-opel-combo-tour-1-6-benzina-87-cai-nissens-94721\\\/#breadcrumb\",\"itemListElement\":[{\"@type\":\"ListItem\",\"position\":1,\"name\":\"Prima pagin\u0103\",\"item\":\"https:\\\/\\\/autorival.ro\\\/opel\\\/\"},{\"@type\":\"ListItem\",\"position\":2,\"name\":\"Piese auto OPEL\",\"item\":\"https:\\\/\\\/autorival.ro\\\/opel\\\/\"},{\"@type\":\"ListItem\",\"position\":3,\"name\":\"Condensator climatizare OPEL COMBO Tour 1.6 benzina 87 cai NISSENS 94721\"}]},{\"@type\":\"WebSite\",\"@id\":\"https:\\\/\\\/autorival.ro\\\/opel\\\/#website\",\"url\":\"https:\\\/\\\/autorival.ro\\\/opel\\\/\",\"name\":\"OPEL\",\"description\":\"\",\"potentialAction\":[{\"@type\":\"SearchAction\",\"target\":{\"@type\":\"EntryPoint\",\"urlTemplate\":\"https:\\\/\\\/autorival.ro\\\/opel\\\/?s={search_term_string}\"},\"query-input\":{\"@type\":\"PropertyValueSpecification\",\"valueRequired\":true,\"valueName\":\"search_term_string\"}}],\"inLanguage\":\"en-US\"}]}<\/script>\n<!-- \/ Yoast SEO plugin. -->","yoast_head_json":{"title":"Condensator climatizare OPEL COMBO Tour 1.6 benzina 87 cai NISSENS 94721 OPEL | NISSENS - Autorival","description":"\u26a1 Condensator climatizare OPEL COMBO Tour 1.6 benzina 87 cai NISSENS 94721 pentru OPEL la doar 462.29 RON. \u2713 Cod: 94721 \u2713 Brand: NISSENS \u2713 \u00cen stoc \u2713 Livrare 24h \u2713 Garan\u021bie!","robots":{"index":"index","follow":"follow","max-snippet":"max-snippet:-1","max-image-preview":"max-image-preview:large","max-video-preview":"max-video-preview:-1"},"og_locale":"en_US","og_type":"article","og_title":"Condensator climatizare OPEL COMBO Tour 1.6 benzina 87 cai NISSENS 94721 OPEL | NISSENS - Autorival","og_description":"\u26a1 Condensator climatizare OPEL COMBO Tour 1.6 benzina 87 cai NISSENS 94721 pentru OPEL la doar 462.29 RON. \u2713 Cod: 94721 \u2713 Brand: NISSENS \u2713 \u00cen stoc \u2713 Livrare 24h \u2713 Garan\u021bie!","og_url":"https:\/\/autorival.ro\/opel\/product\/condensator-climatizare-opel-combo-tour-1-6-benzina-87-cai-nissens-94721\/","og_site_name":"OPEL","og_image":[{"width":2000,"height":1333,"url":"https:\/\/autorival.ro\/opel\/wp-content\/uploads\/sites\/21\/2025\/06\/nis-94721-00-7.jpg","type":"image\/jpeg"}],"twitter_card":"summary_large_image","twitter_title":"Condensator climatizare OPEL COMBO Tour 1.6 benzina 87 cai NISSENS 94721 OPEL | NISSENS - Autorival","twitter_description":"\u26a1 Condensator climatizare OPEL COMBO Tour 1.6 benzina 87 cai NISSENS 94721 pentru OPEL la doar 462.29 RON. \u2713 Cod: 94721 \u2713 Brand: NISSENS \u2713 \u00cen stoc \u2713 Livrare 24h \u2713 Garan\u021bie!","schema":{"@context":"https:\/\/schema.org","@graph":[{"@type":"WebPage","@id":"https:\/\/autorival.ro\/opel\/product\/condensator-climatizare-opel-combo-tour-1-6-benzina-87-cai-nissens-94721\/","url":"https:\/\/autorival.ro\/opel\/product\/condensator-climatizare-opel-combo-tour-1-6-benzina-87-cai-nissens-94721\/","name":"Condensator climatizare OPEL COMBO Tour 1.6 benzina 87 cai NISSENS 94721 OPEL | NISSENS - Autorival","isPartOf":{"@id":"https:\/\/autorival.ro\/opel\/#website"},"primaryImageOfPage":{"@id":"https:\/\/autorival.ro\/opel\/product\/condensator-climatizare-opel-combo-tour-1-6-benzina-87-cai-nissens-94721\/#primaryimage"},"image":{"@id":"https:\/\/autorival.ro\/opel\/product\/condensator-climatizare-opel-combo-tour-1-6-benzina-87-cai-nissens-94721\/#primaryimage"},"thumbnailUrl":"https:\/\/autorival.ro\/opel\/wp-content\/uploads\/sites\/21\/2025\/06\/nis-94721-00-7.jpg","datePublished":"2025-06-06T09:49:09+00:00","description":"\u26a1 Condensator climatizare OPEL COMBO Tour 1.6 benzina 87 cai NISSENS 94721 pentru OPEL la doar 462.29 RON. \u2713 Cod: 94721 \u2713 Brand: NISSENS \u2713 \u00cen stoc \u2713 Livrare 24h \u2713 Garan\u021bie!","breadcrumb":{"@id":"https:\/\/autorival.ro\/opel\/product\/condensator-climatizare-opel-combo-tour-1-6-benzina-87-cai-nissens-94721\/#breadcrumb"},"inLanguage":"en-US","potentialAction":[{"@type":"ReadAction","target":["https:\/\/autorival.ro\/opel\/product\/condensator-climatizare-opel-combo-tour-1-6-benzina-87-cai-nissens-94721\/"]}]},{"@type":"ImageObject","inLanguage":"en-US","@id":"https:\/\/autorival.ro\/opel\/product\/condensator-climatizare-opel-combo-tour-1-6-benzina-87-cai-nissens-94721\/#primaryimage","url":"https:\/\/autorival.ro\/opel\/wp-content\/uploads\/sites\/21\/2025\/06\/nis-94721-00-7.jpg","contentUrl":"https:\/\/autorival.ro\/opel\/wp-content\/uploads\/sites\/21\/2025\/06\/nis-94721-00-7.jpg","width":2000,"height":1333,"caption":"Condensator climatizare OPEL COMBO Tour 1.6 benzina 87 cai NISSENS 94721"},{"@type":"BreadcrumbList","@id":"https:\/\/autorival.ro\/opel\/product\/condensator-climatizare-opel-combo-tour-1-6-benzina-87-cai-nissens-94721\/#breadcrumb","itemListElement":[{"@type":"ListItem","position":1,"name":"Prima pagin\u0103","item":"https:\/\/autorival.ro\/opel\/"},{"@type":"ListItem","position":2,"name":"Piese auto OPEL","item":"https:\/\/autorival.ro\/opel\/"},{"@type":"ListItem","position":3,"name":"Condensator climatizare OPEL COMBO Tour 1.6 benzina 87 cai NISSENS 94721"}]},{"@type":"WebSite","@id":"https:\/\/autorival.ro\/opel\/#website","url":"https:\/\/autorival.ro\/opel\/","name":"OPEL","description":"","potentialAction":[{"@type":"SearchAction","target":{"@type":"EntryPoint","urlTemplate":"https:\/\/autorival.ro\/opel\/?s={search_term_string}"},"query-input":{"@type":"PropertyValueSpecification","valueRequired":true,"valueName":"search_term_string"}}],"inLanguage":"en-US"}]}},"_links":{"self":[{"href":"https:\/\/autorival.ro\/opel\/wp-json\/wp\/v2\/product\/319358","targetHints":{"allow":["GET"]}}],"collection":[{"href":"https:\/\/autorival.ro\/opel\/wp-json\/wp\/v2\/product"}],"about":[{"href":"https:\/\/autorival.ro\/opel\/wp-json\/wp\/v2\/types\/product"}],"replies":[{"embeddable":true,"href":"https:\/\/autorival.ro\/opel\/wp-json\/wp\/v2\/comments?post=319358"}],"wp:featuredmedia":[{"embeddable":true,"href":"https:\/\/autorival.ro\/opel\/wp-json\/wp\/v2\/media\/319359"}],"wp:attachment":[{"href":"https:\/\/autorival.ro\/opel\/wp-json\/wp\/v2\/media?parent=319358"}],"wp:term":[{"taxonomy":"product_brand","embeddable":true,"href":"https:\/\/autorival.ro\/opel\/wp-json\/wp\/v2\/product_brand?post=319358"},{"taxonomy":"product_cat","embeddable":true,"href":"https:\/\/autorival.ro\/opel\/wp-json\/wp\/v2\/product_cat?post=319358"},{"taxonomy":"product_tag","embeddable":true,"href":"https:\/\/autorival.ro\/opel\/wp-json\/wp\/v2\/product_tag?post=319358"}],"curies":[{"name":"wp","href":"https:\/\/api.w.org\/{rel}","templated":true}]}}