{"id":291634,"date":"2025-06-06T01:35:17","date_gmt":"2025-06-06T01:35:17","guid":{"rendered":"https:\/\/autorival.ro\/opel\/product\/compresor-sistem-de-supraalimentare-opel-vivaro-a-platou-sasiu-x83-2-0-cdti-diesel-114-cai-alanko-10901266\/"},"modified":"2025-06-06T01:35:17","modified_gmt":"2025-06-06T01:35:17","slug":"compresor-sistem-de-supraalimentare-opel-vivaro-a-platou-sasiu-x83-2-0-cdti-diesel-114-cai-alanko-10901266","status":"publish","type":"product","link":"https:\/\/autorival.ro\/opel\/product\/compresor-sistem-de-supraalimentare-opel-vivaro-a-platou-sasiu-x83-2-0-cdti-diesel-114-cai-alanko-10901266\/","title":{"rendered":"Compresor sistem de supraalimentare OPEL VIVARO A platou \/ sasiu (X83) 2.0 CDTI diesel 114 cai ALANKO 10901266"},"content":{"rendered":"<p>Va rugam, respectati intructiunile de folosirePiesa nouaPreparare combustibil: Rampa comuna (Common Rail)Articol extins\/Informatii de extindere: incl. Set garnituri, cu material de ata\u00c3\u02c6\u00e2\u201e\u00a2are\/fixareUnitate de calitate: bucataTip combustibil: motorinaCalitate: NeuteilTip compresor: cu supap\u0103 regl. presi. \u00eenc\u0103rc. WastegateMod de operare: pneumaticTip racire: r\u0103cit cu ulei<\/p>\n","protected":false},"excerpt":{"rendered":"<p>Producator: ALANKO Cod producator: 10901266<\/p>\n","protected":false},"featured_media":291635,"comment_status":"open","ping_status":"closed","template":"","meta":[],"product_brand":[10688],"product_cat":[10842],"product_tag":[43959,43326,43686,43324,43376,43958,43346],"class_list":{"0":"post-291634","1":"product","2":"type-product","3":"status-publish","4":"has-post-thumbnail","6":"product_brand-alanko","7":"product_cat-compresor-sistem-de-supraalimentare-a-platou-sasiu-x83-2-0-cdti-diesel-114","8":"product_tag-alanko","9":"product_tag-cdti","10":"product_tag-compresor","11":"product_tag-opel","12":"product_tag-sistem","13":"product_tag-supraalimentare","14":"product_tag-vivaro","16":"first","17":"instock","18":"shipping-taxable","19":"purchasable","20":"product-type-simple"},"yoast_head":"<!-- This site is optimized with the Yoast SEO plugin v27.3 - https:\/\/yoast.com\/product\/yoast-seo-wordpress\/ -->\n<title>Compresor sistem de supraalimentare OPEL VIVARO A platou \/ sasiu (X83) 2.0 CDTI diesel 114 cai ALANKO 10901266 OPEL | ALANKO - Autorival<\/title>\n<meta name=\"description\" content=\"\u26a1 Compresor sistem de supraalimentare OPEL VIVARO A platou \/ sasiu (X83) 2.0 CDTI diesel 114 cai ALANKO 10901266 pentru OPEL la doar 1958.25 RON. \u2713 Cod: 10901266 \u2713 Brand: ALANKO \u2713 \u00cen stoc \u2713 Livrare 24h \u2713 Garan\u021bie!\" \/>\n<meta name=\"robots\" content=\"index, follow, max-snippet:-1, max-image-preview:large, max-video-preview:-1\" \/>\n<meta property=\"og:locale\" content=\"en_US\" \/>\n<meta property=\"og:type\" content=\"article\" \/>\n<meta property=\"og:title\" content=\"Compresor sistem de supraalimentare OPEL VIVARO A platou \/ sasiu (X83) 2.0 CDTI diesel 114 cai ALANKO 10901266 OPEL | ALANKO - Autorival\" \/>\n<meta property=\"og:description\" content=\"\u26a1 Compresor sistem de supraalimentare OPEL VIVARO A platou \/ sasiu (X83) 2.0 CDTI diesel 114 cai ALANKO 10901266 pentru OPEL la doar 1958.25 RON. \u2713 Cod: 10901266 \u2713 Brand: ALANKO \u2713 \u00cen stoc \u2713 Livrare 24h \u2713 Garan\u021bie!\" \/>\n<meta property=\"og:url\" content=\"https:\/\/autorival.ro\/opel\/product\/compresor-sistem-de-supraalimentare-opel-vivaro-a-platou-sasiu-x83-2-0-cdti-diesel-114-cai-alanko-10901266\/\" \/>\n<meta property=\"og:site_name\" content=\"OPEL\" \/>\n<meta property=\"og:image\" content=\"https:\/\/autorival.ro\/opel\/wp-content\/uploads\/sites\/21\/2025\/06\/736862-18.jpg\" \/>\n\t<meta property=\"og:image:width\" content=\"2000\" \/>\n\t<meta property=\"og:image:height\" content=\"1333\" \/>\n\t<meta property=\"og:image:type\" content=\"image\/jpeg\" \/>\n<meta name=\"twitter:card\" content=\"summary_large_image\" \/>\n<meta name=\"twitter:title\" content=\"Compresor sistem de supraalimentare OPEL VIVARO A platou \/ sasiu (X83) 2.0 CDTI diesel 114 cai ALANKO 10901266 OPEL | ALANKO - Autorival\" \/>\n<meta name=\"twitter:description\" content=\"\u26a1 Compresor sistem de supraalimentare OPEL VIVARO A platou \/ sasiu (X83) 2.0 CDTI diesel 114 cai ALANKO 10901266 pentru OPEL la doar 1958.25 RON. \u2713 Cod: 10901266 \u2713 Brand: ALANKO \u2713 \u00cen stoc \u2713 Livrare 24h \u2713 Garan\u021bie!\" \/>\n<script type=\"application\/ld+json\" class=\"yoast-schema-graph\">{\"@context\":\"https:\\\/\\\/schema.org\",\"@graph\":[{\"@type\":\"WebPage\",\"@id\":\"https:\\\/\\\/autorival.ro\\\/opel\\\/product\\\/compresor-sistem-de-supraalimentare-opel-vivaro-a-platou-sasiu-x83-2-0-cdti-diesel-114-cai-alanko-10901266\\\/\",\"url\":\"https:\\\/\\\/autorival.ro\\\/opel\\\/product\\\/compresor-sistem-de-supraalimentare-opel-vivaro-a-platou-sasiu-x83-2-0-cdti-diesel-114-cai-alanko-10901266\\\/\",\"name\":\"Compresor sistem de supraalimentare OPEL VIVARO A platou \\\/ sasiu (X83) 2.0 CDTI diesel 114 cai ALANKO 10901266 OPEL | ALANKO - Autorival\",\"isPartOf\":{\"@id\":\"https:\\\/\\\/autorival.ro\\\/opel\\\/#website\"},\"primaryImageOfPage\":{\"@id\":\"https:\\\/\\\/autorival.ro\\\/opel\\\/product\\\/compresor-sistem-de-supraalimentare-opel-vivaro-a-platou-sasiu-x83-2-0-cdti-diesel-114-cai-alanko-10901266\\\/#primaryimage\"},\"image\":{\"@id\":\"https:\\\/\\\/autorival.ro\\\/opel\\\/product\\\/compresor-sistem-de-supraalimentare-opel-vivaro-a-platou-sasiu-x83-2-0-cdti-diesel-114-cai-alanko-10901266\\\/#primaryimage\"},\"thumbnailUrl\":\"https:\\\/\\\/autorival.ro\\\/opel\\\/wp-content\\\/uploads\\\/sites\\\/21\\\/2025\\\/06\\\/736862-18.jpg\",\"datePublished\":\"2025-06-06T01:35:17+00:00\",\"description\":\"\u26a1 Compresor sistem de supraalimentare OPEL VIVARO A platou \\\/ sasiu (X83) 2.0 CDTI diesel 114 cai ALANKO 10901266 pentru OPEL la doar 1958.25 RON. \u2713 Cod: 10901266 \u2713 Brand: ALANKO \u2713 \u00cen stoc \u2713 Livrare 24h \u2713 Garan\u021bie!\",\"breadcrumb\":{\"@id\":\"https:\\\/\\\/autorival.ro\\\/opel\\\/product\\\/compresor-sistem-de-supraalimentare-opel-vivaro-a-platou-sasiu-x83-2-0-cdti-diesel-114-cai-alanko-10901266\\\/#breadcrumb\"},\"inLanguage\":\"en-US\",\"potentialAction\":[{\"@type\":\"ReadAction\",\"target\":[\"https:\\\/\\\/autorival.ro\\\/opel\\\/product\\\/compresor-sistem-de-supraalimentare-opel-vivaro-a-platou-sasiu-x83-2-0-cdti-diesel-114-cai-alanko-10901266\\\/\"]}]},{\"@type\":\"ImageObject\",\"inLanguage\":\"en-US\",\"@id\":\"https:\\\/\\\/autorival.ro\\\/opel\\\/product\\\/compresor-sistem-de-supraalimentare-opel-vivaro-a-platou-sasiu-x83-2-0-cdti-diesel-114-cai-alanko-10901266\\\/#primaryimage\",\"url\":\"https:\\\/\\\/autorival.ro\\\/opel\\\/wp-content\\\/uploads\\\/sites\\\/21\\\/2025\\\/06\\\/736862-18.jpg\",\"contentUrl\":\"https:\\\/\\\/autorival.ro\\\/opel\\\/wp-content\\\/uploads\\\/sites\\\/21\\\/2025\\\/06\\\/736862-18.jpg\",\"width\":2000,\"height\":1333,\"caption\":\"Compresor sistem de supraalimentare OPEL VIVARO A platou \\\/ sasiu (X83) 2.0 CDTI diesel 114 cai ALANKO 10901266\"},{\"@type\":\"BreadcrumbList\",\"@id\":\"https:\\\/\\\/autorival.ro\\\/opel\\\/product\\\/compresor-sistem-de-supraalimentare-opel-vivaro-a-platou-sasiu-x83-2-0-cdti-diesel-114-cai-alanko-10901266\\\/#breadcrumb\",\"itemListElement\":[{\"@type\":\"ListItem\",\"position\":1,\"name\":\"Prima pagin\u0103\",\"item\":\"https:\\\/\\\/autorival.ro\\\/opel\\\/\"},{\"@type\":\"ListItem\",\"position\":2,\"name\":\"Piese auto OPEL\",\"item\":\"https:\\\/\\\/autorival.ro\\\/opel\\\/\"},{\"@type\":\"ListItem\",\"position\":3,\"name\":\"Compresor sistem de supraalimentare OPEL VIVARO A platou \\\/ sasiu (X83) 2.0 CDTI diesel 114 cai ALANKO 10901266\"}]},{\"@type\":\"WebSite\",\"@id\":\"https:\\\/\\\/autorival.ro\\\/opel\\\/#website\",\"url\":\"https:\\\/\\\/autorival.ro\\\/opel\\\/\",\"name\":\"OPEL\",\"description\":\"\",\"potentialAction\":[{\"@type\":\"SearchAction\",\"target\":{\"@type\":\"EntryPoint\",\"urlTemplate\":\"https:\\\/\\\/autorival.ro\\\/opel\\\/?s={search_term_string}\"},\"query-input\":{\"@type\":\"PropertyValueSpecification\",\"valueRequired\":true,\"valueName\":\"search_term_string\"}}],\"inLanguage\":\"en-US\"}]}<\/script>\n<!-- \/ Yoast SEO plugin. -->","yoast_head_json":{"title":"Compresor sistem de supraalimentare OPEL VIVARO A platou \/ sasiu (X83) 2.0 CDTI diesel 114 cai ALANKO 10901266 OPEL | ALANKO - Autorival","description":"\u26a1 Compresor sistem de supraalimentare OPEL VIVARO A platou \/ sasiu (X83) 2.0 CDTI diesel 114 cai ALANKO 10901266 pentru OPEL la doar 1958.25 RON. \u2713 Cod: 10901266 \u2713 Brand: ALANKO \u2713 \u00cen stoc \u2713 Livrare 24h \u2713 Garan\u021bie!","robots":{"index":"index","follow":"follow","max-snippet":"max-snippet:-1","max-image-preview":"max-image-preview:large","max-video-preview":"max-video-preview:-1"},"og_locale":"en_US","og_type":"article","og_title":"Compresor sistem de supraalimentare OPEL VIVARO A platou \/ sasiu (X83) 2.0 CDTI diesel 114 cai ALANKO 10901266 OPEL | ALANKO - Autorival","og_description":"\u26a1 Compresor sistem de supraalimentare OPEL VIVARO A platou \/ sasiu (X83) 2.0 CDTI diesel 114 cai ALANKO 10901266 pentru OPEL la doar 1958.25 RON. \u2713 Cod: 10901266 \u2713 Brand: ALANKO \u2713 \u00cen stoc \u2713 Livrare 24h \u2713 Garan\u021bie!","og_url":"https:\/\/autorival.ro\/opel\/product\/compresor-sistem-de-supraalimentare-opel-vivaro-a-platou-sasiu-x83-2-0-cdti-diesel-114-cai-alanko-10901266\/","og_site_name":"OPEL","og_image":[{"width":2000,"height":1333,"url":"https:\/\/autorival.ro\/opel\/wp-content\/uploads\/sites\/21\/2025\/06\/736862-18.jpg","type":"image\/jpeg"}],"twitter_card":"summary_large_image","twitter_title":"Compresor sistem de supraalimentare OPEL VIVARO A platou \/ sasiu (X83) 2.0 CDTI diesel 114 cai ALANKO 10901266 OPEL | ALANKO - Autorival","twitter_description":"\u26a1 Compresor sistem de supraalimentare OPEL VIVARO A platou \/ sasiu (X83) 2.0 CDTI diesel 114 cai ALANKO 10901266 pentru OPEL la doar 1958.25 RON. \u2713 Cod: 10901266 \u2713 Brand: ALANKO \u2713 \u00cen stoc \u2713 Livrare 24h \u2713 Garan\u021bie!","schema":{"@context":"https:\/\/schema.org","@graph":[{"@type":"WebPage","@id":"https:\/\/autorival.ro\/opel\/product\/compresor-sistem-de-supraalimentare-opel-vivaro-a-platou-sasiu-x83-2-0-cdti-diesel-114-cai-alanko-10901266\/","url":"https:\/\/autorival.ro\/opel\/product\/compresor-sistem-de-supraalimentare-opel-vivaro-a-platou-sasiu-x83-2-0-cdti-diesel-114-cai-alanko-10901266\/","name":"Compresor sistem de supraalimentare OPEL VIVARO A platou \/ sasiu (X83) 2.0 CDTI diesel 114 cai ALANKO 10901266 OPEL | ALANKO - Autorival","isPartOf":{"@id":"https:\/\/autorival.ro\/opel\/#website"},"primaryImageOfPage":{"@id":"https:\/\/autorival.ro\/opel\/product\/compresor-sistem-de-supraalimentare-opel-vivaro-a-platou-sasiu-x83-2-0-cdti-diesel-114-cai-alanko-10901266\/#primaryimage"},"image":{"@id":"https:\/\/autorival.ro\/opel\/product\/compresor-sistem-de-supraalimentare-opel-vivaro-a-platou-sasiu-x83-2-0-cdti-diesel-114-cai-alanko-10901266\/#primaryimage"},"thumbnailUrl":"https:\/\/autorival.ro\/opel\/wp-content\/uploads\/sites\/21\/2025\/06\/736862-18.jpg","datePublished":"2025-06-06T01:35:17+00:00","description":"\u26a1 Compresor sistem de supraalimentare OPEL VIVARO A platou \/ sasiu (X83) 2.0 CDTI diesel 114 cai ALANKO 10901266 pentru OPEL la doar 1958.25 RON. \u2713 Cod: 10901266 \u2713 Brand: ALANKO \u2713 \u00cen stoc \u2713 Livrare 24h \u2713 Garan\u021bie!","breadcrumb":{"@id":"https:\/\/autorival.ro\/opel\/product\/compresor-sistem-de-supraalimentare-opel-vivaro-a-platou-sasiu-x83-2-0-cdti-diesel-114-cai-alanko-10901266\/#breadcrumb"},"inLanguage":"en-US","potentialAction":[{"@type":"ReadAction","target":["https:\/\/autorival.ro\/opel\/product\/compresor-sistem-de-supraalimentare-opel-vivaro-a-platou-sasiu-x83-2-0-cdti-diesel-114-cai-alanko-10901266\/"]}]},{"@type":"ImageObject","inLanguage":"en-US","@id":"https:\/\/autorival.ro\/opel\/product\/compresor-sistem-de-supraalimentare-opel-vivaro-a-platou-sasiu-x83-2-0-cdti-diesel-114-cai-alanko-10901266\/#primaryimage","url":"https:\/\/autorival.ro\/opel\/wp-content\/uploads\/sites\/21\/2025\/06\/736862-18.jpg","contentUrl":"https:\/\/autorival.ro\/opel\/wp-content\/uploads\/sites\/21\/2025\/06\/736862-18.jpg","width":2000,"height":1333,"caption":"Compresor sistem de supraalimentare OPEL VIVARO A platou \/ sasiu (X83) 2.0 CDTI diesel 114 cai ALANKO 10901266"},{"@type":"BreadcrumbList","@id":"https:\/\/autorival.ro\/opel\/product\/compresor-sistem-de-supraalimentare-opel-vivaro-a-platou-sasiu-x83-2-0-cdti-diesel-114-cai-alanko-10901266\/#breadcrumb","itemListElement":[{"@type":"ListItem","position":1,"name":"Prima pagin\u0103","item":"https:\/\/autorival.ro\/opel\/"},{"@type":"ListItem","position":2,"name":"Piese auto OPEL","item":"https:\/\/autorival.ro\/opel\/"},{"@type":"ListItem","position":3,"name":"Compresor sistem de supraalimentare OPEL VIVARO A platou \/ sasiu (X83) 2.0 CDTI diesel 114 cai ALANKO 10901266"}]},{"@type":"WebSite","@id":"https:\/\/autorival.ro\/opel\/#website","url":"https:\/\/autorival.ro\/opel\/","name":"OPEL","description":"","potentialAction":[{"@type":"SearchAction","target":{"@type":"EntryPoint","urlTemplate":"https:\/\/autorival.ro\/opel\/?s={search_term_string}"},"query-input":{"@type":"PropertyValueSpecification","valueRequired":true,"valueName":"search_term_string"}}],"inLanguage":"en-US"}]}},"_links":{"self":[{"href":"https:\/\/autorival.ro\/opel\/wp-json\/wp\/v2\/product\/291634","targetHints":{"allow":["GET"]}}],"collection":[{"href":"https:\/\/autorival.ro\/opel\/wp-json\/wp\/v2\/product"}],"about":[{"href":"https:\/\/autorival.ro\/opel\/wp-json\/wp\/v2\/types\/product"}],"replies":[{"embeddable":true,"href":"https:\/\/autorival.ro\/opel\/wp-json\/wp\/v2\/comments?post=291634"}],"wp:featuredmedia":[{"embeddable":true,"href":"https:\/\/autorival.ro\/opel\/wp-json\/wp\/v2\/media\/291635"}],"wp:attachment":[{"href":"https:\/\/autorival.ro\/opel\/wp-json\/wp\/v2\/media?parent=291634"}],"wp:term":[{"taxonomy":"product_brand","embeddable":true,"href":"https:\/\/autorival.ro\/opel\/wp-json\/wp\/v2\/product_brand?post=291634"},{"taxonomy":"product_cat","embeddable":true,"href":"https:\/\/autorival.ro\/opel\/wp-json\/wp\/v2\/product_cat?post=291634"},{"taxonomy":"product_tag","embeddable":true,"href":"https:\/\/autorival.ro\/opel\/wp-json\/wp\/v2\/product_tag?post=291634"}],"curies":[{"name":"wp","href":"https:\/\/api.w.org\/{rel}","templated":true}]}}