{"id":258592,"date":"2025-06-05T16:54:36","date_gmt":"2025-06-05T16:54:36","guid":{"rendered":"https:\/\/autorival.ro\/opel\/product\/caseta-directie-opel-combo-tour-1-7-dti-16v-diesel-75-cai-trw-jrm539\/"},"modified":"2025-06-05T16:54:36","modified_gmt":"2025-06-05T16:54:36","slug":"caseta-directie-opel-combo-tour-1-7-dti-16v-diesel-75-cai-trw-jrm539","status":"publish","type":"product","link":"https:\/\/autorival.ro\/opel\/product\/caseta-directie-opel-combo-tour-1-7-dti-16v-diesel-75-cai-trw-jrm539\/","title":{"rendered":"Caseta directie OPEL COMBO Tour 1.7 DTI 16V diesel 75 cai TRW JRM539"},"content":{"rendered":"<p>Serie \u00c3\u02c6\u00e2\u201e\u00a2asiu (VIN) \u00eencep\u00e2nd cu: 43000001, 46000001, 44000001Mod de operare: mecanicVehicul cu volan pe st\u00e2nga\/dreapta: pentru vehicule cu volan pe stangaEchipament vehicul: pentru autovehicule cu servodirectie asistata electric, pt. masini fara limitator pt. unghiul de virajArticol completare\/Info suplimentar 2: cu articulatie axialaRestrictiile producatorului: DELPHI ->Lungime totala [mm]: 1201dimensiunea filetului bieletei: M12x1,5felul filetului bieletei: cu filet exteriorCursa [mm]: 137inalt. arbore de intrare (mm): 109Va rugam, respectati intructiunile de folosire<\/p>\n","protected":false},"excerpt":{"rendered":"<p>Producator: TRW Cod producator: JRM539<\/p>\n","protected":false},"featured_media":258593,"comment_status":"open","ping_status":"closed","template":"","meta":[],"product_brand":[393],"product_cat":[9265],"product_tag":[43881,43325,43535,43339,43885,43324,43461],"class_list":{"0":"post-258592","1":"product","2":"type-product","3":"status-publish","4":"has-post-thumbnail","6":"product_brand-trw","7":"product_cat-caseta-directie-tour-1-7-dti-16v-diesel-75","8":"product_tag-caseta","9":"product_tag-combo","10":"product_tag-directie","11":"product_tag-dti","12":"product_tag-jrm","13":"product_tag-opel","14":"product_tag-trw","16":"first","17":"instock","18":"shipping-taxable","19":"purchasable","20":"product-type-simple"},"yoast_head":"<!-- This site is optimized with the Yoast SEO plugin v27.3 - https:\/\/yoast.com\/product\/yoast-seo-wordpress\/ -->\n<title>Caseta directie OPEL COMBO Tour 1.7 DTI 16V diesel 75 cai TRW JRM539 - OPEL<\/title>\n<meta name=\"robots\" content=\"index, follow, max-snippet:-1, max-image-preview:large, max-video-preview:-1\" \/>\n<meta property=\"og:locale\" content=\"en_US\" \/>\n<meta property=\"og:type\" content=\"article\" \/>\n<meta property=\"og:title\" content=\"Caseta directie OPEL COMBO Tour 1.7 DTI 16V diesel 75 cai TRW JRM539 - OPEL\" \/>\n<meta property=\"og:description\" content=\"Producator: TRW Cod producator: JRM539\" \/>\n<meta property=\"og:url\" content=\"https:\/\/autorival.ro\/opel\/product\/caseta-directie-opel-combo-tour-1-7-dti-16v-diesel-75-cai-trw-jrm539\/\" \/>\n<meta property=\"og:site_name\" content=\"OPEL\" \/>\n<meta property=\"og:image\" content=\"https:\/\/autorival.ro\/opel\/wp-content\/uploads\/sites\/21\/2025\/06\/0161jrm539_1-9.jpg\" \/>\n\t<meta property=\"og:image:width\" content=\"600\" \/>\n\t<meta property=\"og:image:height\" content=\"119\" \/>\n\t<meta property=\"og:image:type\" content=\"image\/jpeg\" \/>\n<meta name=\"twitter:card\" content=\"summary_large_image\" \/>\n<script type=\"application\/ld+json\" class=\"yoast-schema-graph\">{\"@context\":\"https:\\\/\\\/schema.org\",\"@graph\":[{\"@type\":\"WebPage\",\"@id\":\"https:\\\/\\\/autorival.ro\\\/opel\\\/product\\\/caseta-directie-opel-combo-tour-1-7-dti-16v-diesel-75-cai-trw-jrm539\\\/\",\"url\":\"https:\\\/\\\/autorival.ro\\\/opel\\\/product\\\/caseta-directie-opel-combo-tour-1-7-dti-16v-diesel-75-cai-trw-jrm539\\\/\",\"name\":\"Caseta directie OPEL COMBO Tour 1.7 DTI 16V diesel 75 cai TRW JRM539 - OPEL\",\"isPartOf\":{\"@id\":\"https:\\\/\\\/autorival.ro\\\/opel\\\/#website\"},\"primaryImageOfPage\":{\"@id\":\"https:\\\/\\\/autorival.ro\\\/opel\\\/product\\\/caseta-directie-opel-combo-tour-1-7-dti-16v-diesel-75-cai-trw-jrm539\\\/#primaryimage\"},\"image\":{\"@id\":\"https:\\\/\\\/autorival.ro\\\/opel\\\/product\\\/caseta-directie-opel-combo-tour-1-7-dti-16v-diesel-75-cai-trw-jrm539\\\/#primaryimage\"},\"thumbnailUrl\":\"https:\\\/\\\/autorival.ro\\\/opel\\\/wp-content\\\/uploads\\\/sites\\\/21\\\/2025\\\/06\\\/0161jrm539_1-9.jpg\",\"datePublished\":\"2025-06-05T16:54:36+00:00\",\"breadcrumb\":{\"@id\":\"https:\\\/\\\/autorival.ro\\\/opel\\\/product\\\/caseta-directie-opel-combo-tour-1-7-dti-16v-diesel-75-cai-trw-jrm539\\\/#breadcrumb\"},\"inLanguage\":\"en-US\",\"potentialAction\":[{\"@type\":\"ReadAction\",\"target\":[\"https:\\\/\\\/autorival.ro\\\/opel\\\/product\\\/caseta-directie-opel-combo-tour-1-7-dti-16v-diesel-75-cai-trw-jrm539\\\/\"]}]},{\"@type\":\"ImageObject\",\"inLanguage\":\"en-US\",\"@id\":\"https:\\\/\\\/autorival.ro\\\/opel\\\/product\\\/caseta-directie-opel-combo-tour-1-7-dti-16v-diesel-75-cai-trw-jrm539\\\/#primaryimage\",\"url\":\"https:\\\/\\\/autorival.ro\\\/opel\\\/wp-content\\\/uploads\\\/sites\\\/21\\\/2025\\\/06\\\/0161jrm539_1-9.jpg\",\"contentUrl\":\"https:\\\/\\\/autorival.ro\\\/opel\\\/wp-content\\\/uploads\\\/sites\\\/21\\\/2025\\\/06\\\/0161jrm539_1-9.jpg\",\"width\":600,\"height\":119,\"caption\":\"Caseta directie OPEL COMBO Tour 1.7 DTI 16V diesel 75 cai TRW JRM539\"},{\"@type\":\"BreadcrumbList\",\"@id\":\"https:\\\/\\\/autorival.ro\\\/opel\\\/product\\\/caseta-directie-opel-combo-tour-1-7-dti-16v-diesel-75-cai-trw-jrm539\\\/#breadcrumb\",\"itemListElement\":[{\"@type\":\"ListItem\",\"position\":1,\"name\":\"Prima pagin\u0103\",\"item\":\"https:\\\/\\\/autorival.ro\\\/opel\\\/\"},{\"@type\":\"ListItem\",\"position\":2,\"name\":\"Piese auto OPEL\",\"item\":\"https:\\\/\\\/autorival.ro\\\/opel\\\/\"},{\"@type\":\"ListItem\",\"position\":3,\"name\":\"Caseta directie OPEL COMBO Tour 1.7 DTI 16V diesel 75 cai TRW JRM539\"}]},{\"@type\":\"WebSite\",\"@id\":\"https:\\\/\\\/autorival.ro\\\/opel\\\/#website\",\"url\":\"https:\\\/\\\/autorival.ro\\\/opel\\\/\",\"name\":\"OPEL\",\"description\":\"\",\"potentialAction\":[{\"@type\":\"SearchAction\",\"target\":{\"@type\":\"EntryPoint\",\"urlTemplate\":\"https:\\\/\\\/autorival.ro\\\/opel\\\/?s={search_term_string}\"},\"query-input\":{\"@type\":\"PropertyValueSpecification\",\"valueRequired\":true,\"valueName\":\"search_term_string\"}}],\"inLanguage\":\"en-US\"}]}<\/script>\n<!-- \/ Yoast SEO plugin. -->","yoast_head_json":{"title":"Caseta directie OPEL COMBO Tour 1.7 DTI 16V diesel 75 cai TRW JRM539 - OPEL","robots":{"index":"index","follow":"follow","max-snippet":"max-snippet:-1","max-image-preview":"max-image-preview:large","max-video-preview":"max-video-preview:-1"},"og_locale":"en_US","og_type":"article","og_title":"Caseta directie OPEL COMBO Tour 1.7 DTI 16V diesel 75 cai TRW JRM539 - OPEL","og_description":"Producator: TRW Cod producator: JRM539","og_url":"https:\/\/autorival.ro\/opel\/product\/caseta-directie-opel-combo-tour-1-7-dti-16v-diesel-75-cai-trw-jrm539\/","og_site_name":"OPEL","og_image":[{"width":600,"height":119,"url":"https:\/\/autorival.ro\/opel\/wp-content\/uploads\/sites\/21\/2025\/06\/0161jrm539_1-9.jpg","type":"image\/jpeg"}],"twitter_card":"summary_large_image","schema":{"@context":"https:\/\/schema.org","@graph":[{"@type":"WebPage","@id":"https:\/\/autorival.ro\/opel\/product\/caseta-directie-opel-combo-tour-1-7-dti-16v-diesel-75-cai-trw-jrm539\/","url":"https:\/\/autorival.ro\/opel\/product\/caseta-directie-opel-combo-tour-1-7-dti-16v-diesel-75-cai-trw-jrm539\/","name":"Caseta directie OPEL COMBO Tour 1.7 DTI 16V diesel 75 cai TRW JRM539 - OPEL","isPartOf":{"@id":"https:\/\/autorival.ro\/opel\/#website"},"primaryImageOfPage":{"@id":"https:\/\/autorival.ro\/opel\/product\/caseta-directie-opel-combo-tour-1-7-dti-16v-diesel-75-cai-trw-jrm539\/#primaryimage"},"image":{"@id":"https:\/\/autorival.ro\/opel\/product\/caseta-directie-opel-combo-tour-1-7-dti-16v-diesel-75-cai-trw-jrm539\/#primaryimage"},"thumbnailUrl":"https:\/\/autorival.ro\/opel\/wp-content\/uploads\/sites\/21\/2025\/06\/0161jrm539_1-9.jpg","datePublished":"2025-06-05T16:54:36+00:00","breadcrumb":{"@id":"https:\/\/autorival.ro\/opel\/product\/caseta-directie-opel-combo-tour-1-7-dti-16v-diesel-75-cai-trw-jrm539\/#breadcrumb"},"inLanguage":"en-US","potentialAction":[{"@type":"ReadAction","target":["https:\/\/autorival.ro\/opel\/product\/caseta-directie-opel-combo-tour-1-7-dti-16v-diesel-75-cai-trw-jrm539\/"]}]},{"@type":"ImageObject","inLanguage":"en-US","@id":"https:\/\/autorival.ro\/opel\/product\/caseta-directie-opel-combo-tour-1-7-dti-16v-diesel-75-cai-trw-jrm539\/#primaryimage","url":"https:\/\/autorival.ro\/opel\/wp-content\/uploads\/sites\/21\/2025\/06\/0161jrm539_1-9.jpg","contentUrl":"https:\/\/autorival.ro\/opel\/wp-content\/uploads\/sites\/21\/2025\/06\/0161jrm539_1-9.jpg","width":600,"height":119,"caption":"Caseta directie OPEL COMBO Tour 1.7 DTI 16V diesel 75 cai TRW JRM539"},{"@type":"BreadcrumbList","@id":"https:\/\/autorival.ro\/opel\/product\/caseta-directie-opel-combo-tour-1-7-dti-16v-diesel-75-cai-trw-jrm539\/#breadcrumb","itemListElement":[{"@type":"ListItem","position":1,"name":"Prima pagin\u0103","item":"https:\/\/autorival.ro\/opel\/"},{"@type":"ListItem","position":2,"name":"Piese auto OPEL","item":"https:\/\/autorival.ro\/opel\/"},{"@type":"ListItem","position":3,"name":"Caseta directie OPEL COMBO Tour 1.7 DTI 16V diesel 75 cai TRW JRM539"}]},{"@type":"WebSite","@id":"https:\/\/autorival.ro\/opel\/#website","url":"https:\/\/autorival.ro\/opel\/","name":"OPEL","description":"","potentialAction":[{"@type":"SearchAction","target":{"@type":"EntryPoint","urlTemplate":"https:\/\/autorival.ro\/opel\/?s={search_term_string}"},"query-input":{"@type":"PropertyValueSpecification","valueRequired":true,"valueName":"search_term_string"}}],"inLanguage":"en-US"}]}},"_links":{"self":[{"href":"https:\/\/autorival.ro\/opel\/wp-json\/wp\/v2\/product\/258592","targetHints":{"allow":["GET"]}}],"collection":[{"href":"https:\/\/autorival.ro\/opel\/wp-json\/wp\/v2\/product"}],"about":[{"href":"https:\/\/autorival.ro\/opel\/wp-json\/wp\/v2\/types\/product"}],"replies":[{"embeddable":true,"href":"https:\/\/autorival.ro\/opel\/wp-json\/wp\/v2\/comments?post=258592"}],"wp:featuredmedia":[{"embeddable":true,"href":"https:\/\/autorival.ro\/opel\/wp-json\/wp\/v2\/media\/258593"}],"wp:attachment":[{"href":"https:\/\/autorival.ro\/opel\/wp-json\/wp\/v2\/media?parent=258592"}],"wp:term":[{"taxonomy":"product_brand","embeddable":true,"href":"https:\/\/autorival.ro\/opel\/wp-json\/wp\/v2\/product_brand?post=258592"},{"taxonomy":"product_cat","embeddable":true,"href":"https:\/\/autorival.ro\/opel\/wp-json\/wp\/v2\/product_cat?post=258592"},{"taxonomy":"product_tag","embeddable":true,"href":"https:\/\/autorival.ro\/opel\/wp-json\/wp\/v2\/product_tag?post=258592"}],"curies":[{"name":"wp","href":"https:\/\/api.w.org\/{rel}","templated":true}]}}