{"id":255298,"date":"2025-06-05T16:01:53","date_gmt":"2025-06-05T16:01:53","guid":{"rendered":"https:\/\/autorival.ro\/opel\/product\/carcasa-clapeta-opel-combo-tour-1-4-benzina-90-cai-nissens-955094\/"},"modified":"2025-06-05T16:01:53","modified_gmt":"2025-06-05T16:01:53","slug":"carcasa-clapeta-opel-combo-tour-1-4-benzina-90-cai-nissens-955094","status":"publish","type":"product","link":"https:\/\/autorival.ro\/opel\/product\/carcasa-clapeta-opel-combo-tour-1-4-benzina-90-cai-nissens-955094\/","title":{"rendered":"Carcasa clapeta OPEL COMBO Tour 1.4 benzina 90 cai NISSENS 955094"},"content":{"rendered":"<p>Piesa nouaNumar motor TECDOC: 17476Forma carcasa stecher: ovalTip racire: racit cu aer ->Diametru admisie [mm]: 54 ->Diametru evacuare [mm]: 40 ->Latime [mm]: 75\u00cenaltime [mm]: 133 ->Lungime [mm]: 133Specificatii de asamblare: Prindere cu surubNum\u0103rul conexiunilor cu muf\u0103: 6Mod de operare: electricArticol completare\/Info suplimentar 2: ECU\/software-ul NU trebuie actualizat\/updatat, cu senzor, cu bypass vacuumTensiune [V]: 12Articol extins\/Informatii de extindere: fara garnitura<\/p>\n","protected":false},"excerpt":{"rendered":"<p>Producator: NISSENS Cod producator: 955094<\/p>\n","protected":false},"featured_media":255299,"comment_status":"open","ping_status":"closed","template":"","meta":[],"product_brand":[8719],"product_cat":[8724],"product_tag":[43862,43872,43325,43873,43324,43340],"class_list":{"0":"post-255298","1":"product","2":"type-product","3":"status-publish","4":"has-post-thumbnail","6":"product_brand-nissens","7":"product_cat-carcasa-clapeta-tour-1-4-benzina-90","8":"product_tag-carcasa","9":"product_tag-clapeta","10":"product_tag-combo","11":"product_tag-nissens","12":"product_tag-opel","13":"product_tag-tour","15":"first","16":"instock","17":"shipping-taxable","18":"purchasable","19":"product-type-simple"},"yoast_head":"<!-- This site is optimized with the Yoast SEO plugin v27.3 - https:\/\/yoast.com\/product\/yoast-seo-wordpress\/ -->\n<title>Carcasa clapeta OPEL COMBO Tour 1.4 benzina 90 cai NISSENS 955094 OPEL | NISSENS - Autorival<\/title>\n<meta name=\"description\" content=\"\u26a1 Carcasa clapeta OPEL COMBO Tour 1.4 benzina 90 cai NISSENS 955094 pentru OPEL la doar 846.3 RON. \u2713 Cod: 955094 \u2713 Brand: NISSENS \u2713 \u00cen stoc \u2713 Livrare 24h \u2713 Garan\u021bie!\" \/>\n<meta name=\"robots\" content=\"index, follow, max-snippet:-1, max-image-preview:large, max-video-preview:-1\" \/>\n<meta property=\"og:locale\" content=\"en_US\" \/>\n<meta property=\"og:type\" content=\"article\" \/>\n<meta property=\"og:title\" content=\"Carcasa clapeta OPEL COMBO Tour 1.4 benzina 90 cai NISSENS 955094 OPEL | NISSENS - Autorival\" \/>\n<meta property=\"og:description\" content=\"\u26a1 Carcasa clapeta OPEL COMBO Tour 1.4 benzina 90 cai NISSENS 955094 pentru OPEL la doar 846.3 RON. \u2713 Cod: 955094 \u2713 Brand: NISSENS \u2713 \u00cen stoc \u2713 Livrare 24h \u2713 Garan\u021bie!\" \/>\n<meta property=\"og:url\" content=\"https:\/\/autorival.ro\/opel\/product\/carcasa-clapeta-opel-combo-tour-1-4-benzina-90-cai-nissens-955094\/\" \/>\n<meta property=\"og:site_name\" content=\"OPEL\" \/>\n<meta property=\"og:image\" content=\"https:\/\/autorival.ro\/opel\/wp-content\/uploads\/sites\/21\/2025\/06\/nissens_i955094-1.jpg\" \/>\n\t<meta property=\"og:image:width\" content=\"400\" \/>\n\t<meta property=\"og:image:height\" content=\"400\" \/>\n\t<meta property=\"og:image:type\" content=\"image\/jpeg\" \/>\n<meta name=\"twitter:card\" content=\"summary_large_image\" \/>\n<meta name=\"twitter:title\" content=\"Carcasa clapeta OPEL COMBO Tour 1.4 benzina 90 cai NISSENS 955094 OPEL | NISSENS - Autorival\" \/>\n<meta name=\"twitter:description\" content=\"\u26a1 Carcasa clapeta OPEL COMBO Tour 1.4 benzina 90 cai NISSENS 955094 pentru OPEL la doar 846.3 RON. \u2713 Cod: 955094 \u2713 Brand: NISSENS \u2713 \u00cen stoc \u2713 Livrare 24h \u2713 Garan\u021bie!\" \/>\n<script type=\"application\/ld+json\" class=\"yoast-schema-graph\">{\"@context\":\"https:\\\/\\\/schema.org\",\"@graph\":[{\"@type\":\"WebPage\",\"@id\":\"https:\\\/\\\/autorival.ro\\\/opel\\\/product\\\/carcasa-clapeta-opel-combo-tour-1-4-benzina-90-cai-nissens-955094\\\/\",\"url\":\"https:\\\/\\\/autorival.ro\\\/opel\\\/product\\\/carcasa-clapeta-opel-combo-tour-1-4-benzina-90-cai-nissens-955094\\\/\",\"name\":\"Carcasa clapeta OPEL COMBO Tour 1.4 benzina 90 cai NISSENS 955094 OPEL | NISSENS - Autorival\",\"isPartOf\":{\"@id\":\"https:\\\/\\\/autorival.ro\\\/opel\\\/#website\"},\"primaryImageOfPage\":{\"@id\":\"https:\\\/\\\/autorival.ro\\\/opel\\\/product\\\/carcasa-clapeta-opel-combo-tour-1-4-benzina-90-cai-nissens-955094\\\/#primaryimage\"},\"image\":{\"@id\":\"https:\\\/\\\/autorival.ro\\\/opel\\\/product\\\/carcasa-clapeta-opel-combo-tour-1-4-benzina-90-cai-nissens-955094\\\/#primaryimage\"},\"thumbnailUrl\":\"https:\\\/\\\/autorival.ro\\\/opel\\\/wp-content\\\/uploads\\\/sites\\\/21\\\/2025\\\/06\\\/nissens_i955094-1.jpg\",\"datePublished\":\"2025-06-05T16:01:53+00:00\",\"description\":\"\u26a1 Carcasa clapeta OPEL COMBO Tour 1.4 benzina 90 cai NISSENS 955094 pentru OPEL la doar 846.3 RON. \u2713 Cod: 955094 \u2713 Brand: NISSENS \u2713 \u00cen stoc \u2713 Livrare 24h \u2713 Garan\u021bie!\",\"breadcrumb\":{\"@id\":\"https:\\\/\\\/autorival.ro\\\/opel\\\/product\\\/carcasa-clapeta-opel-combo-tour-1-4-benzina-90-cai-nissens-955094\\\/#breadcrumb\"},\"inLanguage\":\"en-US\",\"potentialAction\":[{\"@type\":\"ReadAction\",\"target\":[\"https:\\\/\\\/autorival.ro\\\/opel\\\/product\\\/carcasa-clapeta-opel-combo-tour-1-4-benzina-90-cai-nissens-955094\\\/\"]}]},{\"@type\":\"ImageObject\",\"inLanguage\":\"en-US\",\"@id\":\"https:\\\/\\\/autorival.ro\\\/opel\\\/product\\\/carcasa-clapeta-opel-combo-tour-1-4-benzina-90-cai-nissens-955094\\\/#primaryimage\",\"url\":\"https:\\\/\\\/autorival.ro\\\/opel\\\/wp-content\\\/uploads\\\/sites\\\/21\\\/2025\\\/06\\\/nissens_i955094-1.jpg\",\"contentUrl\":\"https:\\\/\\\/autorival.ro\\\/opel\\\/wp-content\\\/uploads\\\/sites\\\/21\\\/2025\\\/06\\\/nissens_i955094-1.jpg\",\"width\":400,\"height\":400,\"caption\":\"Carcasa clapeta OPEL COMBO Tour 1.4 benzina 90 cai NISSENS 955094\"},{\"@type\":\"BreadcrumbList\",\"@id\":\"https:\\\/\\\/autorival.ro\\\/opel\\\/product\\\/carcasa-clapeta-opel-combo-tour-1-4-benzina-90-cai-nissens-955094\\\/#breadcrumb\",\"itemListElement\":[{\"@type\":\"ListItem\",\"position\":1,\"name\":\"Prima pagin\u0103\",\"item\":\"https:\\\/\\\/autorival.ro\\\/opel\\\/\"},{\"@type\":\"ListItem\",\"position\":2,\"name\":\"Piese auto OPEL\",\"item\":\"https:\\\/\\\/autorival.ro\\\/opel\\\/\"},{\"@type\":\"ListItem\",\"position\":3,\"name\":\"Carcasa clapeta OPEL COMBO Tour 1.4 benzina 90 cai NISSENS 955094\"}]},{\"@type\":\"WebSite\",\"@id\":\"https:\\\/\\\/autorival.ro\\\/opel\\\/#website\",\"url\":\"https:\\\/\\\/autorival.ro\\\/opel\\\/\",\"name\":\"OPEL\",\"description\":\"\",\"potentialAction\":[{\"@type\":\"SearchAction\",\"target\":{\"@type\":\"EntryPoint\",\"urlTemplate\":\"https:\\\/\\\/autorival.ro\\\/opel\\\/?s={search_term_string}\"},\"query-input\":{\"@type\":\"PropertyValueSpecification\",\"valueRequired\":true,\"valueName\":\"search_term_string\"}}],\"inLanguage\":\"en-US\"}]}<\/script>\n<!-- \/ Yoast SEO plugin. -->","yoast_head_json":{"title":"Carcasa clapeta OPEL COMBO Tour 1.4 benzina 90 cai NISSENS 955094 OPEL | NISSENS - Autorival","description":"\u26a1 Carcasa clapeta OPEL COMBO Tour 1.4 benzina 90 cai NISSENS 955094 pentru OPEL la doar 846.3 RON. \u2713 Cod: 955094 \u2713 Brand: NISSENS \u2713 \u00cen stoc \u2713 Livrare 24h \u2713 Garan\u021bie!","robots":{"index":"index","follow":"follow","max-snippet":"max-snippet:-1","max-image-preview":"max-image-preview:large","max-video-preview":"max-video-preview:-1"},"og_locale":"en_US","og_type":"article","og_title":"Carcasa clapeta OPEL COMBO Tour 1.4 benzina 90 cai NISSENS 955094 OPEL | NISSENS - Autorival","og_description":"\u26a1 Carcasa clapeta OPEL COMBO Tour 1.4 benzina 90 cai NISSENS 955094 pentru OPEL la doar 846.3 RON. \u2713 Cod: 955094 \u2713 Brand: NISSENS \u2713 \u00cen stoc \u2713 Livrare 24h \u2713 Garan\u021bie!","og_url":"https:\/\/autorival.ro\/opel\/product\/carcasa-clapeta-opel-combo-tour-1-4-benzina-90-cai-nissens-955094\/","og_site_name":"OPEL","og_image":[{"width":400,"height":400,"url":"https:\/\/autorival.ro\/opel\/wp-content\/uploads\/sites\/21\/2025\/06\/nissens_i955094-1.jpg","type":"image\/jpeg"}],"twitter_card":"summary_large_image","twitter_title":"Carcasa clapeta OPEL COMBO Tour 1.4 benzina 90 cai NISSENS 955094 OPEL | NISSENS - Autorival","twitter_description":"\u26a1 Carcasa clapeta OPEL COMBO Tour 1.4 benzina 90 cai NISSENS 955094 pentru OPEL la doar 846.3 RON. \u2713 Cod: 955094 \u2713 Brand: NISSENS \u2713 \u00cen stoc \u2713 Livrare 24h \u2713 Garan\u021bie!","schema":{"@context":"https:\/\/schema.org","@graph":[{"@type":"WebPage","@id":"https:\/\/autorival.ro\/opel\/product\/carcasa-clapeta-opel-combo-tour-1-4-benzina-90-cai-nissens-955094\/","url":"https:\/\/autorival.ro\/opel\/product\/carcasa-clapeta-opel-combo-tour-1-4-benzina-90-cai-nissens-955094\/","name":"Carcasa clapeta OPEL COMBO Tour 1.4 benzina 90 cai NISSENS 955094 OPEL | NISSENS - Autorival","isPartOf":{"@id":"https:\/\/autorival.ro\/opel\/#website"},"primaryImageOfPage":{"@id":"https:\/\/autorival.ro\/opel\/product\/carcasa-clapeta-opel-combo-tour-1-4-benzina-90-cai-nissens-955094\/#primaryimage"},"image":{"@id":"https:\/\/autorival.ro\/opel\/product\/carcasa-clapeta-opel-combo-tour-1-4-benzina-90-cai-nissens-955094\/#primaryimage"},"thumbnailUrl":"https:\/\/autorival.ro\/opel\/wp-content\/uploads\/sites\/21\/2025\/06\/nissens_i955094-1.jpg","datePublished":"2025-06-05T16:01:53+00:00","description":"\u26a1 Carcasa clapeta OPEL COMBO Tour 1.4 benzina 90 cai NISSENS 955094 pentru OPEL la doar 846.3 RON. \u2713 Cod: 955094 \u2713 Brand: NISSENS \u2713 \u00cen stoc \u2713 Livrare 24h \u2713 Garan\u021bie!","breadcrumb":{"@id":"https:\/\/autorival.ro\/opel\/product\/carcasa-clapeta-opel-combo-tour-1-4-benzina-90-cai-nissens-955094\/#breadcrumb"},"inLanguage":"en-US","potentialAction":[{"@type":"ReadAction","target":["https:\/\/autorival.ro\/opel\/product\/carcasa-clapeta-opel-combo-tour-1-4-benzina-90-cai-nissens-955094\/"]}]},{"@type":"ImageObject","inLanguage":"en-US","@id":"https:\/\/autorival.ro\/opel\/product\/carcasa-clapeta-opel-combo-tour-1-4-benzina-90-cai-nissens-955094\/#primaryimage","url":"https:\/\/autorival.ro\/opel\/wp-content\/uploads\/sites\/21\/2025\/06\/nissens_i955094-1.jpg","contentUrl":"https:\/\/autorival.ro\/opel\/wp-content\/uploads\/sites\/21\/2025\/06\/nissens_i955094-1.jpg","width":400,"height":400,"caption":"Carcasa clapeta OPEL COMBO Tour 1.4 benzina 90 cai NISSENS 955094"},{"@type":"BreadcrumbList","@id":"https:\/\/autorival.ro\/opel\/product\/carcasa-clapeta-opel-combo-tour-1-4-benzina-90-cai-nissens-955094\/#breadcrumb","itemListElement":[{"@type":"ListItem","position":1,"name":"Prima pagin\u0103","item":"https:\/\/autorival.ro\/opel\/"},{"@type":"ListItem","position":2,"name":"Piese auto OPEL","item":"https:\/\/autorival.ro\/opel\/"},{"@type":"ListItem","position":3,"name":"Carcasa clapeta OPEL COMBO Tour 1.4 benzina 90 cai NISSENS 955094"}]},{"@type":"WebSite","@id":"https:\/\/autorival.ro\/opel\/#website","url":"https:\/\/autorival.ro\/opel\/","name":"OPEL","description":"","potentialAction":[{"@type":"SearchAction","target":{"@type":"EntryPoint","urlTemplate":"https:\/\/autorival.ro\/opel\/?s={search_term_string}"},"query-input":{"@type":"PropertyValueSpecification","valueRequired":true,"valueName":"search_term_string"}}],"inLanguage":"en-US"}]}},"_links":{"self":[{"href":"https:\/\/autorival.ro\/opel\/wp-json\/wp\/v2\/product\/255298","targetHints":{"allow":["GET"]}}],"collection":[{"href":"https:\/\/autorival.ro\/opel\/wp-json\/wp\/v2\/product"}],"about":[{"href":"https:\/\/autorival.ro\/opel\/wp-json\/wp\/v2\/types\/product"}],"replies":[{"embeddable":true,"href":"https:\/\/autorival.ro\/opel\/wp-json\/wp\/v2\/comments?post=255298"}],"wp:featuredmedia":[{"embeddable":true,"href":"https:\/\/autorival.ro\/opel\/wp-json\/wp\/v2\/media\/255299"}],"wp:attachment":[{"href":"https:\/\/autorival.ro\/opel\/wp-json\/wp\/v2\/media?parent=255298"}],"wp:term":[{"taxonomy":"product_brand","embeddable":true,"href":"https:\/\/autorival.ro\/opel\/wp-json\/wp\/v2\/product_brand?post=255298"},{"taxonomy":"product_cat","embeddable":true,"href":"https:\/\/autorival.ro\/opel\/wp-json\/wp\/v2\/product_cat?post=255298"},{"taxonomy":"product_tag","embeddable":true,"href":"https:\/\/autorival.ro\/opel\/wp-json\/wp\/v2\/product_tag?post=255298"}],"curies":[{"name":"wp","href":"https:\/\/api.w.org\/{rel}","templated":true}]}}