{"id":208336,"date":"2025-06-05T05:11:59","date_gmt":"2025-06-05T05:11:59","guid":{"rendered":"https:\/\/autorival.ro\/opel\/product\/cablu-de-conexiune-comutator-de-presiune-ulei-opel-combo-tour-x12-1-6-cdti-c26-d26-e26-c05-diesel-105-cai-herth-buss-elparts-51277335\/"},"modified":"2025-06-05T05:11:59","modified_gmt":"2025-06-05T05:11:59","slug":"cablu-de-conexiune-comutator-de-presiune-ulei-opel-combo-tour-x12-1-6-cdti-c26-d26-e26-c05-diesel-105-cai-herth-buss-elparts-51277335","status":"publish","type":"product","link":"https:\/\/autorival.ro\/opel\/product\/cablu-de-conexiune-comutator-de-presiune-ulei-opel-combo-tour-x12-1-6-cdti-c26-d26-e26-c05-diesel-105-cai-herth-buss-elparts-51277335\/","title":{"rendered":"Cablu de conexiune comutator de presiune ulei OPEL COMBO Tour (X12) 1.6 CDTI (C26, D26, E26, C05) diesel 105 cai HERTH BUSS ELPARTS 51277335"},"content":{"rendered":"<p>Proprietati chimice: rezistent la uleiRestrictiile producatorului: Opel, Fiat, Peugeot, Alfa Romeo, Lancia, Suzuki, Ford, CitroenNum\u0103rul conexiunilor cu muf\u0103: 1 ->Lungime cablu [mm]: 80Sectiunea cablului [mm\u00c3\u201a\u00c2\u00b2]: 1Suprafata de contact: zincatArticol completare\/Info suplimentar 2: cu manson din cupru, cu furtun de protectieArticol extins\/Informatii de extindere: cu colier cabluTemperatura de la [\u00c3\u201a\u00c2\u00b0C]: -25Pana la domeniul de temperatura [\u00c3\u201a\u00c2\u00b0C]: +125<\/p>\n","protected":false},"excerpt":{"rendered":"<p>Producator: HERTH BUSS ELPARTS Cod producator: 51277335<\/p>\n","protected":false},"featured_media":208337,"comment_status":"open","ping_status":"closed","template":"","meta":[],"product_brand":[1348],"product_cat":[7456],"product_tag":[43413,43803,43326,43325,43809,43414,43412,43324],"class_list":{"0":"post-208336","1":"product","2":"type-product","3":"status-publish","4":"has-post-thumbnail","6":"product_brand-herth-buss-elparts","7":"product_cat-cablu-de-conexiune-comutator-de-presiune-ulei-tour-x12-1-6-cdti-c26-d26-e26-c05-diesel-105","8":"product_tag-buss","9":"product_tag-cablu","10":"product_tag-cdti","11":"product_tag-combo","12":"product_tag-conexiune","13":"product_tag-elparts","14":"product_tag-herth","15":"product_tag-opel","17":"first","18":"instock","19":"shipping-taxable","20":"purchasable","21":"product-type-simple"},"yoast_head":"<!-- This site is optimized with the Yoast SEO plugin v27.3 - https:\/\/yoast.com\/product\/yoast-seo-wordpress\/ -->\n<title>Cablu de conexiune comutator de presiune ulei OPEL COMBO Tour (X12) 1.6 CDTI (C26, D26, E26, C05) diesel 105 cai HERTH BUSS ELPARTS 51277335 OPEL | HERTH - Autorival<\/title>\n<meta name=\"description\" content=\"\u26a1 Cablu de conexiune comutator de presiune ulei OPEL COMBO Tour (X12) 1.6 CDTI (C26, D26, E26, C05) diesel 105 cai HERTH BUSS ELPARTS 51277335 pentru OPEL la doar 134.4 RON. \u2713 Cod: 51277335 \u2713 Brand: HERTH \u2713 \u00cen stoc \u2713 Livrare 24h \u2713 Garan\u021bie!\" \/>\n<meta name=\"robots\" content=\"index, follow, max-snippet:-1, max-image-preview:large, max-video-preview:-1\" \/>\n<meta property=\"og:locale\" content=\"en_US\" \/>\n<meta property=\"og:type\" content=\"article\" \/>\n<meta property=\"og:title\" content=\"Cablu de conexiune comutator de presiune ulei OPEL COMBO Tour (X12) 1.6 CDTI (C26, D26, E26, C05) diesel 105 cai HERTH BUSS ELPARTS 51277335 OPEL | HERTH - Autorival\" \/>\n<meta property=\"og:description\" content=\"\u26a1 Cablu de conexiune comutator de presiune ulei OPEL COMBO Tour (X12) 1.6 CDTI (C26, D26, E26, C05) diesel 105 cai HERTH BUSS ELPARTS 51277335 pentru OPEL la doar 134.4 RON. \u2713 Cod: 51277335 \u2713 Brand: HERTH \u2713 \u00cen stoc \u2713 Livrare 24h \u2713 Garan\u021bie!\" \/>\n<meta property=\"og:url\" content=\"https:\/\/autorival.ro\/opel\/product\/cablu-de-conexiune-comutator-de-presiune-ulei-opel-combo-tour-x12-1-6-cdti-c26-d26-e26-c05-diesel-105-cai-herth-buss-elparts-51277335\/\" \/>\n<meta property=\"og:site_name\" content=\"OPEL\" \/>\n<meta property=\"og:image\" content=\"https:\/\/autorival.ro\/opel\/wp-content\/uploads\/sites\/21\/2025\/06\/51277335-25.jpg\" \/>\n\t<meta property=\"og:image:width\" content=\"600\" \/>\n\t<meta property=\"og:image:height\" content=\"359\" \/>\n\t<meta property=\"og:image:type\" content=\"image\/jpeg\" \/>\n<meta name=\"twitter:card\" content=\"summary_large_image\" \/>\n<meta name=\"twitter:title\" content=\"Cablu de conexiune comutator de presiune ulei OPEL COMBO Tour (X12) 1.6 CDTI (C26, D26, E26, C05) diesel 105 cai HERTH BUSS ELPARTS 51277335 OPEL | HERTH - Autorival\" \/>\n<meta name=\"twitter:description\" content=\"\u26a1 Cablu de conexiune comutator de presiune ulei OPEL COMBO Tour (X12) 1.6 CDTI (C26, D26, E26, C05) diesel 105 cai HERTH BUSS ELPARTS 51277335 pentru OPEL la doar 134.4 RON. \u2713 Cod: 51277335 \u2713 Brand: HERTH \u2713 \u00cen stoc \u2713 Livrare 24h \u2713 Garan\u021bie!\" \/>\n<script type=\"application\/ld+json\" class=\"yoast-schema-graph\">{\"@context\":\"https:\\\/\\\/schema.org\",\"@graph\":[{\"@type\":\"WebPage\",\"@id\":\"https:\\\/\\\/autorival.ro\\\/opel\\\/product\\\/cablu-de-conexiune-comutator-de-presiune-ulei-opel-combo-tour-x12-1-6-cdti-c26-d26-e26-c05-diesel-105-cai-herth-buss-elparts-51277335\\\/\",\"url\":\"https:\\\/\\\/autorival.ro\\\/opel\\\/product\\\/cablu-de-conexiune-comutator-de-presiune-ulei-opel-combo-tour-x12-1-6-cdti-c26-d26-e26-c05-diesel-105-cai-herth-buss-elparts-51277335\\\/\",\"name\":\"Cablu de conexiune comutator de presiune ulei OPEL COMBO Tour (X12) 1.6 CDTI (C26, D26, E26, C05) diesel 105 cai HERTH BUSS ELPARTS 51277335 OPEL | HERTH - Autorival\",\"isPartOf\":{\"@id\":\"https:\\\/\\\/autorival.ro\\\/opel\\\/#website\"},\"primaryImageOfPage\":{\"@id\":\"https:\\\/\\\/autorival.ro\\\/opel\\\/product\\\/cablu-de-conexiune-comutator-de-presiune-ulei-opel-combo-tour-x12-1-6-cdti-c26-d26-e26-c05-diesel-105-cai-herth-buss-elparts-51277335\\\/#primaryimage\"},\"image\":{\"@id\":\"https:\\\/\\\/autorival.ro\\\/opel\\\/product\\\/cablu-de-conexiune-comutator-de-presiune-ulei-opel-combo-tour-x12-1-6-cdti-c26-d26-e26-c05-diesel-105-cai-herth-buss-elparts-51277335\\\/#primaryimage\"},\"thumbnailUrl\":\"https:\\\/\\\/autorival.ro\\\/opel\\\/wp-content\\\/uploads\\\/sites\\\/21\\\/2025\\\/06\\\/51277335-25.jpg\",\"datePublished\":\"2025-06-05T05:11:59+00:00\",\"description\":\"\u26a1 Cablu de conexiune comutator de presiune ulei OPEL COMBO Tour (X12) 1.6 CDTI (C26, D26, E26, C05) diesel 105 cai HERTH BUSS ELPARTS 51277335 pentru OPEL la doar 134.4 RON. \u2713 Cod: 51277335 \u2713 Brand: HERTH \u2713 \u00cen stoc \u2713 Livrare 24h \u2713 Garan\u021bie!\",\"breadcrumb\":{\"@id\":\"https:\\\/\\\/autorival.ro\\\/opel\\\/product\\\/cablu-de-conexiune-comutator-de-presiune-ulei-opel-combo-tour-x12-1-6-cdti-c26-d26-e26-c05-diesel-105-cai-herth-buss-elparts-51277335\\\/#breadcrumb\"},\"inLanguage\":\"en-US\",\"potentialAction\":[{\"@type\":\"ReadAction\",\"target\":[\"https:\\\/\\\/autorival.ro\\\/opel\\\/product\\\/cablu-de-conexiune-comutator-de-presiune-ulei-opel-combo-tour-x12-1-6-cdti-c26-d26-e26-c05-diesel-105-cai-herth-buss-elparts-51277335\\\/\"]}]},{\"@type\":\"ImageObject\",\"inLanguage\":\"en-US\",\"@id\":\"https:\\\/\\\/autorival.ro\\\/opel\\\/product\\\/cablu-de-conexiune-comutator-de-presiune-ulei-opel-combo-tour-x12-1-6-cdti-c26-d26-e26-c05-diesel-105-cai-herth-buss-elparts-51277335\\\/#primaryimage\",\"url\":\"https:\\\/\\\/autorival.ro\\\/opel\\\/wp-content\\\/uploads\\\/sites\\\/21\\\/2025\\\/06\\\/51277335-25.jpg\",\"contentUrl\":\"https:\\\/\\\/autorival.ro\\\/opel\\\/wp-content\\\/uploads\\\/sites\\\/21\\\/2025\\\/06\\\/51277335-25.jpg\",\"width\":600,\"height\":359,\"caption\":\"Cablu de conexiune comutator de presiune ulei OPEL COMBO Tour (X12) 1.6 CDTI (C26, D26, E26, C05) diesel 105 cai HERTH BUSS ELPARTS 51277335\"},{\"@type\":\"BreadcrumbList\",\"@id\":\"https:\\\/\\\/autorival.ro\\\/opel\\\/product\\\/cablu-de-conexiune-comutator-de-presiune-ulei-opel-combo-tour-x12-1-6-cdti-c26-d26-e26-c05-diesel-105-cai-herth-buss-elparts-51277335\\\/#breadcrumb\",\"itemListElement\":[{\"@type\":\"ListItem\",\"position\":1,\"name\":\"Prima pagin\u0103\",\"item\":\"https:\\\/\\\/autorival.ro\\\/opel\\\/\"},{\"@type\":\"ListItem\",\"position\":2,\"name\":\"Piese auto OPEL\",\"item\":\"https:\\\/\\\/autorival.ro\\\/opel\\\/\"},{\"@type\":\"ListItem\",\"position\":3,\"name\":\"Cablu de conexiune comutator de presiune ulei OPEL COMBO Tour (X12) 1.6 CDTI (C26, D26, E26, C05) diesel 105 cai HERTH BUSS ELPARTS 51277335\"}]},{\"@type\":\"WebSite\",\"@id\":\"https:\\\/\\\/autorival.ro\\\/opel\\\/#website\",\"url\":\"https:\\\/\\\/autorival.ro\\\/opel\\\/\",\"name\":\"OPEL\",\"description\":\"\",\"potentialAction\":[{\"@type\":\"SearchAction\",\"target\":{\"@type\":\"EntryPoint\",\"urlTemplate\":\"https:\\\/\\\/autorival.ro\\\/opel\\\/?s={search_term_string}\"},\"query-input\":{\"@type\":\"PropertyValueSpecification\",\"valueRequired\":true,\"valueName\":\"search_term_string\"}}],\"inLanguage\":\"en-US\"}]}<\/script>\n<!-- \/ Yoast SEO plugin. -->","yoast_head_json":{"title":"Cablu de conexiune comutator de presiune ulei OPEL COMBO Tour (X12) 1.6 CDTI (C26, D26, E26, C05) diesel 105 cai HERTH BUSS ELPARTS 51277335 OPEL | HERTH - Autorival","description":"\u26a1 Cablu de conexiune comutator de presiune ulei OPEL COMBO Tour (X12) 1.6 CDTI (C26, D26, E26, C05) diesel 105 cai HERTH BUSS ELPARTS 51277335 pentru OPEL la doar 134.4 RON. \u2713 Cod: 51277335 \u2713 Brand: HERTH \u2713 \u00cen stoc \u2713 Livrare 24h \u2713 Garan\u021bie!","robots":{"index":"index","follow":"follow","max-snippet":"max-snippet:-1","max-image-preview":"max-image-preview:large","max-video-preview":"max-video-preview:-1"},"og_locale":"en_US","og_type":"article","og_title":"Cablu de conexiune comutator de presiune ulei OPEL COMBO Tour (X12) 1.6 CDTI (C26, D26, E26, C05) diesel 105 cai HERTH BUSS ELPARTS 51277335 OPEL | HERTH - Autorival","og_description":"\u26a1 Cablu de conexiune comutator de presiune ulei OPEL COMBO Tour (X12) 1.6 CDTI (C26, D26, E26, C05) diesel 105 cai HERTH BUSS ELPARTS 51277335 pentru OPEL la doar 134.4 RON. \u2713 Cod: 51277335 \u2713 Brand: HERTH \u2713 \u00cen stoc \u2713 Livrare 24h \u2713 Garan\u021bie!","og_url":"https:\/\/autorival.ro\/opel\/product\/cablu-de-conexiune-comutator-de-presiune-ulei-opel-combo-tour-x12-1-6-cdti-c26-d26-e26-c05-diesel-105-cai-herth-buss-elparts-51277335\/","og_site_name":"OPEL","og_image":[{"width":600,"height":359,"url":"https:\/\/autorival.ro\/opel\/wp-content\/uploads\/sites\/21\/2025\/06\/51277335-25.jpg","type":"image\/jpeg"}],"twitter_card":"summary_large_image","twitter_title":"Cablu de conexiune comutator de presiune ulei OPEL COMBO Tour (X12) 1.6 CDTI (C26, D26, E26, C05) diesel 105 cai HERTH BUSS ELPARTS 51277335 OPEL | HERTH - Autorival","twitter_description":"\u26a1 Cablu de conexiune comutator de presiune ulei OPEL COMBO Tour (X12) 1.6 CDTI (C26, D26, E26, C05) diesel 105 cai HERTH BUSS ELPARTS 51277335 pentru OPEL la doar 134.4 RON. \u2713 Cod: 51277335 \u2713 Brand: HERTH \u2713 \u00cen stoc \u2713 Livrare 24h \u2713 Garan\u021bie!","schema":{"@context":"https:\/\/schema.org","@graph":[{"@type":"WebPage","@id":"https:\/\/autorival.ro\/opel\/product\/cablu-de-conexiune-comutator-de-presiune-ulei-opel-combo-tour-x12-1-6-cdti-c26-d26-e26-c05-diesel-105-cai-herth-buss-elparts-51277335\/","url":"https:\/\/autorival.ro\/opel\/product\/cablu-de-conexiune-comutator-de-presiune-ulei-opel-combo-tour-x12-1-6-cdti-c26-d26-e26-c05-diesel-105-cai-herth-buss-elparts-51277335\/","name":"Cablu de conexiune comutator de presiune ulei OPEL COMBO Tour (X12) 1.6 CDTI (C26, D26, E26, C05) diesel 105 cai HERTH BUSS ELPARTS 51277335 OPEL | HERTH - Autorival","isPartOf":{"@id":"https:\/\/autorival.ro\/opel\/#website"},"primaryImageOfPage":{"@id":"https:\/\/autorival.ro\/opel\/product\/cablu-de-conexiune-comutator-de-presiune-ulei-opel-combo-tour-x12-1-6-cdti-c26-d26-e26-c05-diesel-105-cai-herth-buss-elparts-51277335\/#primaryimage"},"image":{"@id":"https:\/\/autorival.ro\/opel\/product\/cablu-de-conexiune-comutator-de-presiune-ulei-opel-combo-tour-x12-1-6-cdti-c26-d26-e26-c05-diesel-105-cai-herth-buss-elparts-51277335\/#primaryimage"},"thumbnailUrl":"https:\/\/autorival.ro\/opel\/wp-content\/uploads\/sites\/21\/2025\/06\/51277335-25.jpg","datePublished":"2025-06-05T05:11:59+00:00","description":"\u26a1 Cablu de conexiune comutator de presiune ulei OPEL COMBO Tour (X12) 1.6 CDTI (C26, D26, E26, C05) diesel 105 cai HERTH BUSS ELPARTS 51277335 pentru OPEL la doar 134.4 RON. \u2713 Cod: 51277335 \u2713 Brand: HERTH \u2713 \u00cen stoc \u2713 Livrare 24h \u2713 Garan\u021bie!","breadcrumb":{"@id":"https:\/\/autorival.ro\/opel\/product\/cablu-de-conexiune-comutator-de-presiune-ulei-opel-combo-tour-x12-1-6-cdti-c26-d26-e26-c05-diesel-105-cai-herth-buss-elparts-51277335\/#breadcrumb"},"inLanguage":"en-US","potentialAction":[{"@type":"ReadAction","target":["https:\/\/autorival.ro\/opel\/product\/cablu-de-conexiune-comutator-de-presiune-ulei-opel-combo-tour-x12-1-6-cdti-c26-d26-e26-c05-diesel-105-cai-herth-buss-elparts-51277335\/"]}]},{"@type":"ImageObject","inLanguage":"en-US","@id":"https:\/\/autorival.ro\/opel\/product\/cablu-de-conexiune-comutator-de-presiune-ulei-opel-combo-tour-x12-1-6-cdti-c26-d26-e26-c05-diesel-105-cai-herth-buss-elparts-51277335\/#primaryimage","url":"https:\/\/autorival.ro\/opel\/wp-content\/uploads\/sites\/21\/2025\/06\/51277335-25.jpg","contentUrl":"https:\/\/autorival.ro\/opel\/wp-content\/uploads\/sites\/21\/2025\/06\/51277335-25.jpg","width":600,"height":359,"caption":"Cablu de conexiune comutator de presiune ulei OPEL COMBO Tour (X12) 1.6 CDTI (C26, D26, E26, C05) diesel 105 cai HERTH BUSS ELPARTS 51277335"},{"@type":"BreadcrumbList","@id":"https:\/\/autorival.ro\/opel\/product\/cablu-de-conexiune-comutator-de-presiune-ulei-opel-combo-tour-x12-1-6-cdti-c26-d26-e26-c05-diesel-105-cai-herth-buss-elparts-51277335\/#breadcrumb","itemListElement":[{"@type":"ListItem","position":1,"name":"Prima pagin\u0103","item":"https:\/\/autorival.ro\/opel\/"},{"@type":"ListItem","position":2,"name":"Piese auto OPEL","item":"https:\/\/autorival.ro\/opel\/"},{"@type":"ListItem","position":3,"name":"Cablu de conexiune comutator de presiune ulei OPEL COMBO Tour (X12) 1.6 CDTI (C26, D26, E26, C05) diesel 105 cai HERTH BUSS ELPARTS 51277335"}]},{"@type":"WebSite","@id":"https:\/\/autorival.ro\/opel\/#website","url":"https:\/\/autorival.ro\/opel\/","name":"OPEL","description":"","potentialAction":[{"@type":"SearchAction","target":{"@type":"EntryPoint","urlTemplate":"https:\/\/autorival.ro\/opel\/?s={search_term_string}"},"query-input":{"@type":"PropertyValueSpecification","valueRequired":true,"valueName":"search_term_string"}}],"inLanguage":"en-US"}]}},"_links":{"self":[{"href":"https:\/\/autorival.ro\/opel\/wp-json\/wp\/v2\/product\/208336","targetHints":{"allow":["GET"]}}],"collection":[{"href":"https:\/\/autorival.ro\/opel\/wp-json\/wp\/v2\/product"}],"about":[{"href":"https:\/\/autorival.ro\/opel\/wp-json\/wp\/v2\/types\/product"}],"replies":[{"embeddable":true,"href":"https:\/\/autorival.ro\/opel\/wp-json\/wp\/v2\/comments?post=208336"}],"wp:featuredmedia":[{"embeddable":true,"href":"https:\/\/autorival.ro\/opel\/wp-json\/wp\/v2\/media\/208337"}],"wp:attachment":[{"href":"https:\/\/autorival.ro\/opel\/wp-json\/wp\/v2\/media?parent=208336"}],"wp:term":[{"taxonomy":"product_brand","embeddable":true,"href":"https:\/\/autorival.ro\/opel\/wp-json\/wp\/v2\/product_brand?post=208336"},{"taxonomy":"product_cat","embeddable":true,"href":"https:\/\/autorival.ro\/opel\/wp-json\/wp\/v2\/product_cat?post=208336"},{"taxonomy":"product_tag","embeddable":true,"href":"https:\/\/autorival.ro\/opel\/wp-json\/wp\/v2\/product_tag?post=208336"}],"curies":[{"name":"wp","href":"https:\/\/api.w.org\/{rel}","templated":true}]}}