{"id":112054,"date":"2025-06-04T13:52:56","date_gmt":"2025-06-04T13:52:56","guid":{"rendered":"https:\/\/autorival.ro\/opel\/product\/bec-far-faza-lunga-opel-movano-c-caroserie-u9-2-2-d-diesel-120-cai-narva-480783000\/"},"modified":"2025-06-04T13:52:56","modified_gmt":"2025-06-04T13:52:56","slug":"bec-far-faza-lunga-opel-movano-c-caroserie-u9-2-2-d-diesel-120-cai-narva-480783000","status":"publish","type":"product","link":"https:\/\/autorival.ro\/opel\/product\/bec-far-faza-lunga-opel-movano-c-caroserie-u9-2-2-d-diesel-120-cai-narva-480783000\/","title":{"rendered":"Bec far faza lunga OPEL MOVANO C caroserie (U9) 2.2 D diesel 120 cai NARVA 480783000"},"content":{"rendered":"<p>TIp lampa: H11Tensiune [V]: 12Putere nominal\u0103 [W]: 55Durat\u0103 dubl\u0103 de via\u021b\u0103Variant\u0103 de execu\u021bie soclu lamp\u0103 incandescent\u0103: PGJ19-2<\/p>\n","protected":false},"excerpt":{"rendered":"<p>Producator: NARVA Cod producator: 480783000<\/p>\n","protected":false},"featured_media":112055,"comment_status":"open","ping_status":"closed","template":"","meta":[],"product_brand":[3998],"product_cat":[4184],"product_tag":[43615,43616,43618,43619,43332,43621,43324],"class_list":{"0":"post-112054","1":"product","2":"type-product","3":"status-publish","4":"has-post-thumbnail","6":"product_brand-narva","7":"product_cat-bec-far-faza-lunga-c-caroserie-u9-2-2-d-diesel-120","8":"product_tag-bec","9":"product_tag-far","10":"product_tag-faza","11":"product_tag-lunga","12":"product_tag-movano","13":"product_tag-narva","14":"product_tag-opel","16":"first","17":"instock","18":"shipping-taxable","19":"purchasable","20":"product-type-simple"},"yoast_head":"<!-- This site is optimized with the Yoast SEO plugin v27.3 - https:\/\/yoast.com\/product\/yoast-seo-wordpress\/ -->\n<title>Bec far faza lunga OPEL MOVANO C caroserie (U9) 2.2 D diesel 120 cai NARVA 480783000 OPEL | NARVA - Autorival<\/title>\n<meta name=\"description\" content=\"\u26a1 Bec far faza lunga OPEL MOVANO C caroserie (U9) 2.2 D diesel 120 cai NARVA 480783000 pentru OPEL la doar 63 RON. \u2713 Cod: 480783000 \u2713 Brand: NARVA \u2713 \u00cen stoc \u2713 Livrare 24h \u2713 Garan\u021bie!\" \/>\n<meta name=\"robots\" content=\"index, follow, max-snippet:-1, max-image-preview:large, max-video-preview:-1\" \/>\n<meta property=\"og:locale\" content=\"en_US\" \/>\n<meta property=\"og:type\" content=\"article\" \/>\n<meta property=\"og:title\" content=\"Bec far faza lunga OPEL MOVANO C caroserie (U9) 2.2 D diesel 120 cai NARVA 480783000 OPEL | NARVA - Autorival\" \/>\n<meta property=\"og:description\" content=\"\u26a1 Bec far faza lunga OPEL MOVANO C caroserie (U9) 2.2 D diesel 120 cai NARVA 480783000 pentru OPEL la doar 63 RON. \u2713 Cod: 480783000 \u2713 Brand: NARVA \u2713 \u00cen stoc \u2713 Livrare 24h \u2713 Garan\u021bie!\" \/>\n<meta property=\"og:url\" content=\"https:\/\/autorival.ro\/opel\/product\/bec-far-faza-lunga-opel-movano-c-caroserie-u9-2-2-d-diesel-120-cai-narva-480783000\/\" \/>\n<meta property=\"og:site_name\" content=\"OPEL\" \/>\n<meta property=\"og:image\" content=\"https:\/\/autorival.ro\/opel\/wp-content\/uploads\/sites\/21\/2025\/06\/480783000-90.jpg\" \/>\n\t<meta property=\"og:image:width\" content=\"223\" \/>\n\t<meta property=\"og:image:height\" content=\"400\" \/>\n\t<meta property=\"og:image:type\" content=\"image\/jpeg\" \/>\n<meta name=\"twitter:card\" content=\"summary_large_image\" \/>\n<meta name=\"twitter:title\" content=\"Bec far faza lunga OPEL MOVANO C caroserie (U9) 2.2 D diesel 120 cai NARVA 480783000 OPEL | NARVA - Autorival\" \/>\n<meta name=\"twitter:description\" content=\"\u26a1 Bec far faza lunga OPEL MOVANO C caroserie (U9) 2.2 D diesel 120 cai NARVA 480783000 pentru OPEL la doar 63 RON. \u2713 Cod: 480783000 \u2713 Brand: NARVA \u2713 \u00cen stoc \u2713 Livrare 24h \u2713 Garan\u021bie!\" \/>\n<script type=\"application\/ld+json\" class=\"yoast-schema-graph\">{\"@context\":\"https:\\\/\\\/schema.org\",\"@graph\":[{\"@type\":\"WebPage\",\"@id\":\"https:\\\/\\\/autorival.ro\\\/opel\\\/product\\\/bec-far-faza-lunga-opel-movano-c-caroserie-u9-2-2-d-diesel-120-cai-narva-480783000\\\/\",\"url\":\"https:\\\/\\\/autorival.ro\\\/opel\\\/product\\\/bec-far-faza-lunga-opel-movano-c-caroserie-u9-2-2-d-diesel-120-cai-narva-480783000\\\/\",\"name\":\"Bec far faza lunga OPEL MOVANO C caroserie (U9) 2.2 D diesel 120 cai NARVA 480783000 OPEL | NARVA - Autorival\",\"isPartOf\":{\"@id\":\"https:\\\/\\\/autorival.ro\\\/opel\\\/#website\"},\"primaryImageOfPage\":{\"@id\":\"https:\\\/\\\/autorival.ro\\\/opel\\\/product\\\/bec-far-faza-lunga-opel-movano-c-caroserie-u9-2-2-d-diesel-120-cai-narva-480783000\\\/#primaryimage\"},\"image\":{\"@id\":\"https:\\\/\\\/autorival.ro\\\/opel\\\/product\\\/bec-far-faza-lunga-opel-movano-c-caroserie-u9-2-2-d-diesel-120-cai-narva-480783000\\\/#primaryimage\"},\"thumbnailUrl\":\"https:\\\/\\\/autorival.ro\\\/opel\\\/wp-content\\\/uploads\\\/sites\\\/21\\\/2025\\\/06\\\/480783000-90.jpg\",\"datePublished\":\"2025-06-04T13:52:56+00:00\",\"description\":\"\u26a1 Bec far faza lunga OPEL MOVANO C caroserie (U9) 2.2 D diesel 120 cai NARVA 480783000 pentru OPEL la doar 63 RON. \u2713 Cod: 480783000 \u2713 Brand: NARVA \u2713 \u00cen stoc \u2713 Livrare 24h \u2713 Garan\u021bie!\",\"breadcrumb\":{\"@id\":\"https:\\\/\\\/autorival.ro\\\/opel\\\/product\\\/bec-far-faza-lunga-opel-movano-c-caroserie-u9-2-2-d-diesel-120-cai-narva-480783000\\\/#breadcrumb\"},\"inLanguage\":\"en-US\",\"potentialAction\":[{\"@type\":\"ReadAction\",\"target\":[\"https:\\\/\\\/autorival.ro\\\/opel\\\/product\\\/bec-far-faza-lunga-opel-movano-c-caroserie-u9-2-2-d-diesel-120-cai-narva-480783000\\\/\"]}]},{\"@type\":\"ImageObject\",\"inLanguage\":\"en-US\",\"@id\":\"https:\\\/\\\/autorival.ro\\\/opel\\\/product\\\/bec-far-faza-lunga-opel-movano-c-caroserie-u9-2-2-d-diesel-120-cai-narva-480783000\\\/#primaryimage\",\"url\":\"https:\\\/\\\/autorival.ro\\\/opel\\\/wp-content\\\/uploads\\\/sites\\\/21\\\/2025\\\/06\\\/480783000-90.jpg\",\"contentUrl\":\"https:\\\/\\\/autorival.ro\\\/opel\\\/wp-content\\\/uploads\\\/sites\\\/21\\\/2025\\\/06\\\/480783000-90.jpg\",\"width\":223,\"height\":400,\"caption\":\"Bec far faza lunga OPEL MOVANO C caroserie (U9) 2.2 D diesel 120 cai NARVA 480783000\"},{\"@type\":\"BreadcrumbList\",\"@id\":\"https:\\\/\\\/autorival.ro\\\/opel\\\/product\\\/bec-far-faza-lunga-opel-movano-c-caroserie-u9-2-2-d-diesel-120-cai-narva-480783000\\\/#breadcrumb\",\"itemListElement\":[{\"@type\":\"ListItem\",\"position\":1,\"name\":\"Prima pagin\u0103\",\"item\":\"https:\\\/\\\/autorival.ro\\\/opel\\\/\"},{\"@type\":\"ListItem\",\"position\":2,\"name\":\"Piese auto OPEL\",\"item\":\"https:\\\/\\\/autorival.ro\\\/opel\\\/\"},{\"@type\":\"ListItem\",\"position\":3,\"name\":\"Bec far faza lunga OPEL MOVANO C caroserie (U9) 2.2 D diesel 120 cai NARVA 480783000\"}]},{\"@type\":\"WebSite\",\"@id\":\"https:\\\/\\\/autorival.ro\\\/opel\\\/#website\",\"url\":\"https:\\\/\\\/autorival.ro\\\/opel\\\/\",\"name\":\"OPEL\",\"description\":\"\",\"potentialAction\":[{\"@type\":\"SearchAction\",\"target\":{\"@type\":\"EntryPoint\",\"urlTemplate\":\"https:\\\/\\\/autorival.ro\\\/opel\\\/?s={search_term_string}\"},\"query-input\":{\"@type\":\"PropertyValueSpecification\",\"valueRequired\":true,\"valueName\":\"search_term_string\"}}],\"inLanguage\":\"en-US\"}]}<\/script>\n<!-- \/ Yoast SEO plugin. -->","yoast_head_json":{"title":"Bec far faza lunga OPEL MOVANO C caroserie (U9) 2.2 D diesel 120 cai NARVA 480783000 OPEL | NARVA - Autorival","description":"\u26a1 Bec far faza lunga OPEL MOVANO C caroserie (U9) 2.2 D diesel 120 cai NARVA 480783000 pentru OPEL la doar 63 RON. \u2713 Cod: 480783000 \u2713 Brand: NARVA \u2713 \u00cen stoc \u2713 Livrare 24h \u2713 Garan\u021bie!","robots":{"index":"index","follow":"follow","max-snippet":"max-snippet:-1","max-image-preview":"max-image-preview:large","max-video-preview":"max-video-preview:-1"},"og_locale":"en_US","og_type":"article","og_title":"Bec far faza lunga OPEL MOVANO C caroserie (U9) 2.2 D diesel 120 cai NARVA 480783000 OPEL | NARVA - Autorival","og_description":"\u26a1 Bec far faza lunga OPEL MOVANO C caroserie (U9) 2.2 D diesel 120 cai NARVA 480783000 pentru OPEL la doar 63 RON. \u2713 Cod: 480783000 \u2713 Brand: NARVA \u2713 \u00cen stoc \u2713 Livrare 24h \u2713 Garan\u021bie!","og_url":"https:\/\/autorival.ro\/opel\/product\/bec-far-faza-lunga-opel-movano-c-caroserie-u9-2-2-d-diesel-120-cai-narva-480783000\/","og_site_name":"OPEL","og_image":[{"width":223,"height":400,"url":"https:\/\/autorival.ro\/opel\/wp-content\/uploads\/sites\/21\/2025\/06\/480783000-90.jpg","type":"image\/jpeg"}],"twitter_card":"summary_large_image","twitter_title":"Bec far faza lunga OPEL MOVANO C caroserie (U9) 2.2 D diesel 120 cai NARVA 480783000 OPEL | NARVA - Autorival","twitter_description":"\u26a1 Bec far faza lunga OPEL MOVANO C caroserie (U9) 2.2 D diesel 120 cai NARVA 480783000 pentru OPEL la doar 63 RON. \u2713 Cod: 480783000 \u2713 Brand: NARVA \u2713 \u00cen stoc \u2713 Livrare 24h \u2713 Garan\u021bie!","schema":{"@context":"https:\/\/schema.org","@graph":[{"@type":"WebPage","@id":"https:\/\/autorival.ro\/opel\/product\/bec-far-faza-lunga-opel-movano-c-caroserie-u9-2-2-d-diesel-120-cai-narva-480783000\/","url":"https:\/\/autorival.ro\/opel\/product\/bec-far-faza-lunga-opel-movano-c-caroserie-u9-2-2-d-diesel-120-cai-narva-480783000\/","name":"Bec far faza lunga OPEL MOVANO C caroserie (U9) 2.2 D diesel 120 cai NARVA 480783000 OPEL | NARVA - Autorival","isPartOf":{"@id":"https:\/\/autorival.ro\/opel\/#website"},"primaryImageOfPage":{"@id":"https:\/\/autorival.ro\/opel\/product\/bec-far-faza-lunga-opel-movano-c-caroserie-u9-2-2-d-diesel-120-cai-narva-480783000\/#primaryimage"},"image":{"@id":"https:\/\/autorival.ro\/opel\/product\/bec-far-faza-lunga-opel-movano-c-caroserie-u9-2-2-d-diesel-120-cai-narva-480783000\/#primaryimage"},"thumbnailUrl":"https:\/\/autorival.ro\/opel\/wp-content\/uploads\/sites\/21\/2025\/06\/480783000-90.jpg","datePublished":"2025-06-04T13:52:56+00:00","description":"\u26a1 Bec far faza lunga OPEL MOVANO C caroserie (U9) 2.2 D diesel 120 cai NARVA 480783000 pentru OPEL la doar 63 RON. \u2713 Cod: 480783000 \u2713 Brand: NARVA \u2713 \u00cen stoc \u2713 Livrare 24h \u2713 Garan\u021bie!","breadcrumb":{"@id":"https:\/\/autorival.ro\/opel\/product\/bec-far-faza-lunga-opel-movano-c-caroserie-u9-2-2-d-diesel-120-cai-narva-480783000\/#breadcrumb"},"inLanguage":"en-US","potentialAction":[{"@type":"ReadAction","target":["https:\/\/autorival.ro\/opel\/product\/bec-far-faza-lunga-opel-movano-c-caroserie-u9-2-2-d-diesel-120-cai-narva-480783000\/"]}]},{"@type":"ImageObject","inLanguage":"en-US","@id":"https:\/\/autorival.ro\/opel\/product\/bec-far-faza-lunga-opel-movano-c-caroserie-u9-2-2-d-diesel-120-cai-narva-480783000\/#primaryimage","url":"https:\/\/autorival.ro\/opel\/wp-content\/uploads\/sites\/21\/2025\/06\/480783000-90.jpg","contentUrl":"https:\/\/autorival.ro\/opel\/wp-content\/uploads\/sites\/21\/2025\/06\/480783000-90.jpg","width":223,"height":400,"caption":"Bec far faza lunga OPEL MOVANO C caroserie (U9) 2.2 D diesel 120 cai NARVA 480783000"},{"@type":"BreadcrumbList","@id":"https:\/\/autorival.ro\/opel\/product\/bec-far-faza-lunga-opel-movano-c-caroserie-u9-2-2-d-diesel-120-cai-narva-480783000\/#breadcrumb","itemListElement":[{"@type":"ListItem","position":1,"name":"Prima pagin\u0103","item":"https:\/\/autorival.ro\/opel\/"},{"@type":"ListItem","position":2,"name":"Piese auto OPEL","item":"https:\/\/autorival.ro\/opel\/"},{"@type":"ListItem","position":3,"name":"Bec far faza lunga OPEL MOVANO C caroserie (U9) 2.2 D diesel 120 cai NARVA 480783000"}]},{"@type":"WebSite","@id":"https:\/\/autorival.ro\/opel\/#website","url":"https:\/\/autorival.ro\/opel\/","name":"OPEL","description":"","potentialAction":[{"@type":"SearchAction","target":{"@type":"EntryPoint","urlTemplate":"https:\/\/autorival.ro\/opel\/?s={search_term_string}"},"query-input":{"@type":"PropertyValueSpecification","valueRequired":true,"valueName":"search_term_string"}}],"inLanguage":"en-US"}]}},"_links":{"self":[{"href":"https:\/\/autorival.ro\/opel\/wp-json\/wp\/v2\/product\/112054","targetHints":{"allow":["GET"]}}],"collection":[{"href":"https:\/\/autorival.ro\/opel\/wp-json\/wp\/v2\/product"}],"about":[{"href":"https:\/\/autorival.ro\/opel\/wp-json\/wp\/v2\/types\/product"}],"replies":[{"embeddable":true,"href":"https:\/\/autorival.ro\/opel\/wp-json\/wp\/v2\/comments?post=112054"}],"wp:featuredmedia":[{"embeddable":true,"href":"https:\/\/autorival.ro\/opel\/wp-json\/wp\/v2\/media\/112055"}],"wp:attachment":[{"href":"https:\/\/autorival.ro\/opel\/wp-json\/wp\/v2\/media?parent=112054"}],"wp:term":[{"taxonomy":"product_brand","embeddable":true,"href":"https:\/\/autorival.ro\/opel\/wp-json\/wp\/v2\/product_brand?post=112054"},{"taxonomy":"product_cat","embeddable":true,"href":"https:\/\/autorival.ro\/opel\/wp-json\/wp\/v2\/product_cat?post=112054"},{"taxonomy":"product_tag","embeddable":true,"href":"https:\/\/autorival.ro\/opel\/wp-json\/wp\/v2\/product_tag?post=112054"}],"curies":[{"name":"wp","href":"https:\/\/api.w.org\/{rel}","templated":true}]}}