{"id":1009571,"date":"2025-07-01T23:17:55","date_gmt":"2025-07-01T23:17:55","guid":{"rendered":"https:\/\/autorival.ro\/opel\/product\/volanta-opel-adam-m13-1-4-s-benzina-150-cai-blue-print-adw193504\/"},"modified":"2025-07-01T23:17:55","modified_gmt":"2025-07-01T23:17:55","slug":"volanta-opel-adam-m13-1-4-s-benzina-150-cai-blue-print-adw193504","status":"publish","type":"product","link":"https:\/\/autorival.ro\/opel\/product\/volanta-opel-adam-m13-1-4-s-benzina-150-cai-blue-print-adw193504\/","title":{"rendered":"Volanta OPEL ADAM (M13) 1.4 S benzina 150 cai BLUE PRINT ADW193504"},"content":{"rendered":"<p>->Diametru interior butuc [mm]: 32,8Num\u0103rul alezajelor EDC\/crest\u0103turi: 1 ->Diametru alezaj de fixare butuc [mm]: 9,5 ->Diametru cerc gaur\u0103 butuc [mm]: 66Num\u0103rul alezajelor de fixare butuc: 6 ->Diametru cerc gaur\u0103 plac\u0103 de presiune ambreiaj [mm]: 250 ->Diametru interior suprafa\u021b\u0103 rulare [mm]: 144,5 ->Diametru exterior plac\u0103 de presiune ambreiaj [mm]: 233Num\u0103rul alezajelor de fixare plac\u0103 de presiune ambreiaj: 6Numar dinti: 135 ->Greutate [kg]: 11,514Atentie la informatii de service<\/p>\n","protected":false},"excerpt":{"rendered":"<p>Producator: BLUE PRINT Cod producator: ADW193504<\/p>\n","protected":false},"featured_media":1009572,"comment_status":"open","ping_status":"closed","template":"","meta":[],"product_brand":[1143],"product_cat":[43189],"product_tag":[43382,44057,43369,43324,43370,44740],"class_list":{"0":"post-1009571","1":"product","2":"type-product","3":"status-publish","4":"has-post-thumbnail","6":"product_brand-blue-print","7":"product_cat-volanta-m13-1-4-s-benzina-150","8":"product_tag-adam","9":"product_tag-adw","10":"product_tag-blue","11":"product_tag-opel","12":"product_tag-print","13":"product_tag-volanta","15":"first","16":"instock","17":"shipping-taxable","18":"purchasable","19":"product-type-simple"},"yoast_head":"<!-- This site is optimized with the Yoast SEO plugin v27.3 - https:\/\/yoast.com\/product\/yoast-seo-wordpress\/ -->\n<title>Volanta OPEL ADAM (M13) 1.4 S benzina 150 cai BLUE PRINT ADW193504 OPEL | BLUE - Autorival<\/title>\n<meta name=\"description\" content=\"\u26a1 Volanta OPEL ADAM (M13) 1.4 S benzina 150 cai BLUE PRINT ADW193504 pentru OPEL la doar 2200.42 RON. \u2713 Cod: ADW193504 \u2713 Brand: BLUE \u2713 \u00cen stoc \u2713 Livrare 24h \u2713 Garan\u021bie!\" \/>\n<meta name=\"robots\" content=\"index, follow, max-snippet:-1, max-image-preview:large, max-video-preview:-1\" \/>\n<meta property=\"og:locale\" content=\"en_US\" \/>\n<meta property=\"og:type\" content=\"article\" \/>\n<meta property=\"og:title\" content=\"Volanta OPEL ADAM (M13) 1.4 S benzina 150 cai BLUE PRINT ADW193504 OPEL | BLUE - Autorival\" \/>\n<meta property=\"og:description\" content=\"\u26a1 Volanta OPEL ADAM (M13) 1.4 S benzina 150 cai BLUE PRINT ADW193504 pentru OPEL la doar 2200.42 RON. \u2713 Cod: ADW193504 \u2713 Brand: BLUE \u2713 \u00cen stoc \u2713 Livrare 24h \u2713 Garan\u021bie!\" \/>\n<meta property=\"og:url\" content=\"https:\/\/autorival.ro\/opel\/product\/volanta-opel-adam-m13-1-4-s-benzina-150-cai-blue-print-adw193504\/\" \/>\n<meta property=\"og:site_name\" content=\"OPEL\" \/>\n<meta property=\"og:image\" content=\"https:\/\/autorival.ro\/opel\/wp-content\/uploads\/sites\/21\/2025\/07\/adw193504_1.jpg\" \/>\n\t<meta property=\"og:image:width\" content=\"561\" \/>\n\t<meta property=\"og:image:height\" content=\"400\" \/>\n\t<meta property=\"og:image:type\" content=\"image\/jpeg\" \/>\n<meta name=\"twitter:card\" content=\"summary_large_image\" \/>\n<meta name=\"twitter:title\" content=\"Volanta OPEL ADAM (M13) 1.4 S benzina 150 cai BLUE PRINT ADW193504 OPEL | BLUE - Autorival\" \/>\n<meta name=\"twitter:description\" content=\"\u26a1 Volanta OPEL ADAM (M13) 1.4 S benzina 150 cai BLUE PRINT ADW193504 pentru OPEL la doar 2200.42 RON. \u2713 Cod: ADW193504 \u2713 Brand: BLUE \u2713 \u00cen stoc \u2713 Livrare 24h \u2713 Garan\u021bie!\" \/>\n<script type=\"application\/ld+json\" class=\"yoast-schema-graph\">{\"@context\":\"https:\\\/\\\/schema.org\",\"@graph\":[{\"@type\":\"WebPage\",\"@id\":\"https:\\\/\\\/autorival.ro\\\/opel\\\/product\\\/volanta-opel-adam-m13-1-4-s-benzina-150-cai-blue-print-adw193504\\\/\",\"url\":\"https:\\\/\\\/autorival.ro\\\/opel\\\/product\\\/volanta-opel-adam-m13-1-4-s-benzina-150-cai-blue-print-adw193504\\\/\",\"name\":\"Volanta OPEL ADAM (M13) 1.4 S benzina 150 cai BLUE PRINT ADW193504 OPEL | BLUE - Autorival\",\"isPartOf\":{\"@id\":\"https:\\\/\\\/autorival.ro\\\/opel\\\/#website\"},\"primaryImageOfPage\":{\"@id\":\"https:\\\/\\\/autorival.ro\\\/opel\\\/product\\\/volanta-opel-adam-m13-1-4-s-benzina-150-cai-blue-print-adw193504\\\/#primaryimage\"},\"image\":{\"@id\":\"https:\\\/\\\/autorival.ro\\\/opel\\\/product\\\/volanta-opel-adam-m13-1-4-s-benzina-150-cai-blue-print-adw193504\\\/#primaryimage\"},\"thumbnailUrl\":\"https:\\\/\\\/autorival.ro\\\/opel\\\/wp-content\\\/uploads\\\/sites\\\/21\\\/2025\\\/07\\\/adw193504_1.jpg\",\"datePublished\":\"2025-07-01T23:17:55+00:00\",\"description\":\"\u26a1 Volanta OPEL ADAM (M13) 1.4 S benzina 150 cai BLUE PRINT ADW193504 pentru OPEL la doar 2200.42 RON. \u2713 Cod: ADW193504 \u2713 Brand: BLUE \u2713 \u00cen stoc \u2713 Livrare 24h \u2713 Garan\u021bie!\",\"breadcrumb\":{\"@id\":\"https:\\\/\\\/autorival.ro\\\/opel\\\/product\\\/volanta-opel-adam-m13-1-4-s-benzina-150-cai-blue-print-adw193504\\\/#breadcrumb\"},\"inLanguage\":\"en-US\",\"potentialAction\":[{\"@type\":\"ReadAction\",\"target\":[\"https:\\\/\\\/autorival.ro\\\/opel\\\/product\\\/volanta-opel-adam-m13-1-4-s-benzina-150-cai-blue-print-adw193504\\\/\"]}]},{\"@type\":\"ImageObject\",\"inLanguage\":\"en-US\",\"@id\":\"https:\\\/\\\/autorival.ro\\\/opel\\\/product\\\/volanta-opel-adam-m13-1-4-s-benzina-150-cai-blue-print-adw193504\\\/#primaryimage\",\"url\":\"https:\\\/\\\/autorival.ro\\\/opel\\\/wp-content\\\/uploads\\\/sites\\\/21\\\/2025\\\/07\\\/adw193504_1.jpg\",\"contentUrl\":\"https:\\\/\\\/autorival.ro\\\/opel\\\/wp-content\\\/uploads\\\/sites\\\/21\\\/2025\\\/07\\\/adw193504_1.jpg\",\"width\":561,\"height\":400,\"caption\":\"Volanta OPEL ADAM (M13) 1.4 S benzina 150 cai BLUE PRINT ADW193504\"},{\"@type\":\"BreadcrumbList\",\"@id\":\"https:\\\/\\\/autorival.ro\\\/opel\\\/product\\\/volanta-opel-adam-m13-1-4-s-benzina-150-cai-blue-print-adw193504\\\/#breadcrumb\",\"itemListElement\":[{\"@type\":\"ListItem\",\"position\":1,\"name\":\"Prima pagin\u0103\",\"item\":\"https:\\\/\\\/autorival.ro\\\/opel\\\/\"},{\"@type\":\"ListItem\",\"position\":2,\"name\":\"Piese auto OPEL\",\"item\":\"https:\\\/\\\/autorival.ro\\\/opel\\\/\"},{\"@type\":\"ListItem\",\"position\":3,\"name\":\"Volanta OPEL ADAM (M13) 1.4 S benzina 150 cai BLUE PRINT ADW193504\"}]},{\"@type\":\"WebSite\",\"@id\":\"https:\\\/\\\/autorival.ro\\\/opel\\\/#website\",\"url\":\"https:\\\/\\\/autorival.ro\\\/opel\\\/\",\"name\":\"OPEL\",\"description\":\"\",\"potentialAction\":[{\"@type\":\"SearchAction\",\"target\":{\"@type\":\"EntryPoint\",\"urlTemplate\":\"https:\\\/\\\/autorival.ro\\\/opel\\\/?s={search_term_string}\"},\"query-input\":{\"@type\":\"PropertyValueSpecification\",\"valueRequired\":true,\"valueName\":\"search_term_string\"}}],\"inLanguage\":\"en-US\"}]}<\/script>\n<!-- \/ Yoast SEO plugin. -->","yoast_head_json":{"title":"Volanta OPEL ADAM (M13) 1.4 S benzina 150 cai BLUE PRINT ADW193504 OPEL | BLUE - Autorival","description":"\u26a1 Volanta OPEL ADAM (M13) 1.4 S benzina 150 cai BLUE PRINT ADW193504 pentru OPEL la doar 2200.42 RON. \u2713 Cod: ADW193504 \u2713 Brand: BLUE \u2713 \u00cen stoc \u2713 Livrare 24h \u2713 Garan\u021bie!","robots":{"index":"index","follow":"follow","max-snippet":"max-snippet:-1","max-image-preview":"max-image-preview:large","max-video-preview":"max-video-preview:-1"},"og_locale":"en_US","og_type":"article","og_title":"Volanta OPEL ADAM (M13) 1.4 S benzina 150 cai BLUE PRINT ADW193504 OPEL | BLUE - Autorival","og_description":"\u26a1 Volanta OPEL ADAM (M13) 1.4 S benzina 150 cai BLUE PRINT ADW193504 pentru OPEL la doar 2200.42 RON. \u2713 Cod: ADW193504 \u2713 Brand: BLUE \u2713 \u00cen stoc \u2713 Livrare 24h \u2713 Garan\u021bie!","og_url":"https:\/\/autorival.ro\/opel\/product\/volanta-opel-adam-m13-1-4-s-benzina-150-cai-blue-print-adw193504\/","og_site_name":"OPEL","og_image":[{"width":561,"height":400,"url":"https:\/\/autorival.ro\/opel\/wp-content\/uploads\/sites\/21\/2025\/07\/adw193504_1.jpg","type":"image\/jpeg"}],"twitter_card":"summary_large_image","twitter_title":"Volanta OPEL ADAM (M13) 1.4 S benzina 150 cai BLUE PRINT ADW193504 OPEL | BLUE - Autorival","twitter_description":"\u26a1 Volanta OPEL ADAM (M13) 1.4 S benzina 150 cai BLUE PRINT ADW193504 pentru OPEL la doar 2200.42 RON. \u2713 Cod: ADW193504 \u2713 Brand: BLUE \u2713 \u00cen stoc \u2713 Livrare 24h \u2713 Garan\u021bie!","schema":{"@context":"https:\/\/schema.org","@graph":[{"@type":"WebPage","@id":"https:\/\/autorival.ro\/opel\/product\/volanta-opel-adam-m13-1-4-s-benzina-150-cai-blue-print-adw193504\/","url":"https:\/\/autorival.ro\/opel\/product\/volanta-opel-adam-m13-1-4-s-benzina-150-cai-blue-print-adw193504\/","name":"Volanta OPEL ADAM (M13) 1.4 S benzina 150 cai BLUE PRINT ADW193504 OPEL | BLUE - Autorival","isPartOf":{"@id":"https:\/\/autorival.ro\/opel\/#website"},"primaryImageOfPage":{"@id":"https:\/\/autorival.ro\/opel\/product\/volanta-opel-adam-m13-1-4-s-benzina-150-cai-blue-print-adw193504\/#primaryimage"},"image":{"@id":"https:\/\/autorival.ro\/opel\/product\/volanta-opel-adam-m13-1-4-s-benzina-150-cai-blue-print-adw193504\/#primaryimage"},"thumbnailUrl":"https:\/\/autorival.ro\/opel\/wp-content\/uploads\/sites\/21\/2025\/07\/adw193504_1.jpg","datePublished":"2025-07-01T23:17:55+00:00","description":"\u26a1 Volanta OPEL ADAM (M13) 1.4 S benzina 150 cai BLUE PRINT ADW193504 pentru OPEL la doar 2200.42 RON. \u2713 Cod: ADW193504 \u2713 Brand: BLUE \u2713 \u00cen stoc \u2713 Livrare 24h \u2713 Garan\u021bie!","breadcrumb":{"@id":"https:\/\/autorival.ro\/opel\/product\/volanta-opel-adam-m13-1-4-s-benzina-150-cai-blue-print-adw193504\/#breadcrumb"},"inLanguage":"en-US","potentialAction":[{"@type":"ReadAction","target":["https:\/\/autorival.ro\/opel\/product\/volanta-opel-adam-m13-1-4-s-benzina-150-cai-blue-print-adw193504\/"]}]},{"@type":"ImageObject","inLanguage":"en-US","@id":"https:\/\/autorival.ro\/opel\/product\/volanta-opel-adam-m13-1-4-s-benzina-150-cai-blue-print-adw193504\/#primaryimage","url":"https:\/\/autorival.ro\/opel\/wp-content\/uploads\/sites\/21\/2025\/07\/adw193504_1.jpg","contentUrl":"https:\/\/autorival.ro\/opel\/wp-content\/uploads\/sites\/21\/2025\/07\/adw193504_1.jpg","width":561,"height":400,"caption":"Volanta OPEL ADAM (M13) 1.4 S benzina 150 cai BLUE PRINT ADW193504"},{"@type":"BreadcrumbList","@id":"https:\/\/autorival.ro\/opel\/product\/volanta-opel-adam-m13-1-4-s-benzina-150-cai-blue-print-adw193504\/#breadcrumb","itemListElement":[{"@type":"ListItem","position":1,"name":"Prima pagin\u0103","item":"https:\/\/autorival.ro\/opel\/"},{"@type":"ListItem","position":2,"name":"Piese auto OPEL","item":"https:\/\/autorival.ro\/opel\/"},{"@type":"ListItem","position":3,"name":"Volanta OPEL ADAM (M13) 1.4 S benzina 150 cai BLUE PRINT ADW193504"}]},{"@type":"WebSite","@id":"https:\/\/autorival.ro\/opel\/#website","url":"https:\/\/autorival.ro\/opel\/","name":"OPEL","description":"","potentialAction":[{"@type":"SearchAction","target":{"@type":"EntryPoint","urlTemplate":"https:\/\/autorival.ro\/opel\/?s={search_term_string}"},"query-input":{"@type":"PropertyValueSpecification","valueRequired":true,"valueName":"search_term_string"}}],"inLanguage":"en-US"}]}},"_links":{"self":[{"href":"https:\/\/autorival.ro\/opel\/wp-json\/wp\/v2\/product\/1009571","targetHints":{"allow":["GET"]}}],"collection":[{"href":"https:\/\/autorival.ro\/opel\/wp-json\/wp\/v2\/product"}],"about":[{"href":"https:\/\/autorival.ro\/opel\/wp-json\/wp\/v2\/types\/product"}],"replies":[{"embeddable":true,"href":"https:\/\/autorival.ro\/opel\/wp-json\/wp\/v2\/comments?post=1009571"}],"wp:featuredmedia":[{"embeddable":true,"href":"https:\/\/autorival.ro\/opel\/wp-json\/wp\/v2\/media\/1009572"}],"wp:attachment":[{"href":"https:\/\/autorival.ro\/opel\/wp-json\/wp\/v2\/media?parent=1009571"}],"wp:term":[{"taxonomy":"product_brand","embeddable":true,"href":"https:\/\/autorival.ro\/opel\/wp-json\/wp\/v2\/product_brand?post=1009571"},{"taxonomy":"product_cat","embeddable":true,"href":"https:\/\/autorival.ro\/opel\/wp-json\/wp\/v2\/product_cat?post=1009571"},{"taxonomy":"product_tag","embeddable":true,"href":"https:\/\/autorival.ro\/opel\/wp-json\/wp\/v2\/product_tag?post=1009571"}],"curies":[{"name":"wp","href":"https:\/\/api.w.org\/{rel}","templated":true}]}}