{"id":1633022,"date":"2026-02-06T22:13:30","date_gmt":"2026-02-06T22:13:30","guid":{"rendered":"https:\/\/autorival.ro\/mit\/product\/set-reparatie-etrier-mitsubishi-lancer-viii-sportback-cx_a-1-6-mivec-benzina-117-cai-quick-brake-114-0241\/"},"modified":"2026-02-06T22:13:30","modified_gmt":"2026-02-06T22:13:30","slug":"set-reparatie-etrier-mitsubishi-lancer-viii-sportback-cx_a-1-6-mivec-benzina-117-cai-quick-brake-114-0241","status":"publish","type":"product","link":"https:\/\/autorival.ro\/mit\/product\/set-reparatie-etrier-mitsubishi-lancer-viii-sportback-cx_a-1-6-mivec-benzina-117-cai-quick-brake-114-0241\/","title":{"rendered":"Set reparatie etrier MITSUBISHI LANCER VIII Sportback (CX_A) 1.6 MIVEC benzina 117 cai QUICK BRAKE 114-0241"},"content":{"rendered":"<p>Partea de montare: punte fataSistem de fr\u00e2nare: Akebonopentru grosime disc frana [mm]: 26Tip etrier fr\u00e2na: Etrier de fr\u00e2n\u0103 (1 piston)Diametru [mm]: 57Numar bucati pe osie: 2<\/p>\n","protected":false},"excerpt":{"rendered":"<p>Producator: QUICK BRAKE Cod producator: 114-0241<\/p>\n","protected":false},"featured_media":1633023,"comment_status":"open","ping_status":"closed","template":"","meta":[],"product_brand":[12999],"product_cat":[33494],"product_tag":[],"class_list":{"0":"post-1633022","1":"product","2":"type-product","3":"status-publish","4":"has-post-thumbnail","6":"product_brand-quick-brake","7":"product_cat-set-reparatie-etrier-cxa-1-6-mivec-benzina-117","9":"first","10":"instock","11":"shipping-taxable","12":"purchasable","13":"product-type-simple"},"yoast_head":"<!-- This site is optimized with the Yoast SEO plugin v27.3 - https:\/\/yoast.com\/product\/yoast-seo-wordpress\/ -->\n<title>Set reparatie etrier MITSUBISHI LANCER VIII Sportback (CX_A) 1.6 MIVEC benzina 117 cai QUICK BRAKE 114-0241 MITUBISHI | QUICK - Autorival<\/title>\n<meta name=\"description\" content=\"\u26a1 Set reparatie etrier MITSUBISHI LANCER VIII Sportback (CX_A) 1.6 MIVEC benzina 117 cai QUICK BRAKE 114-0241 pentru MITUBISHI. \u2713 Cod: 114-0241 \u2713 Brand: QUICK \u2713 \u00cen stoc \u2713 Livrare 24h \u2713 Garan\u021bie!\" \/>\n<meta name=\"robots\" content=\"index, follow, max-snippet:-1, max-image-preview:large, max-video-preview:-1\" \/>\n<meta property=\"og:locale\" content=\"en_US\" \/>\n<meta property=\"og:type\" content=\"article\" \/>\n<meta property=\"og:title\" content=\"Set reparatie etrier MITSUBISHI LANCER VIII Sportback (CX_A) 1.6 MIVEC benzina 117 cai QUICK BRAKE 114-0241 MITUBISHI | QUICK - Autorival\" \/>\n<meta property=\"og:description\" content=\"\u26a1 Set reparatie etrier MITSUBISHI LANCER VIII Sportback (CX_A) 1.6 MIVEC benzina 117 cai QUICK BRAKE 114-0241 pentru MITUBISHI. \u2713 Cod: 114-0241 \u2713 Brand: QUICK \u2713 \u00cen stoc \u2713 Livrare 24h \u2713 Garan\u021bie!\" \/>\n<meta property=\"og:url\" content=\"https:\/\/autorival.ro\/mit\/product\/set-reparatie-etrier-mitsubishi-lancer-viii-sportback-cx_a-1-6-mivec-benzina-117-cai-quick-brake-114-0241\/\" \/>\n<meta property=\"og:site_name\" content=\"MITUBISHI\" \/>\n<meta property=\"og:image\" content=\"https:\/\/autorival.ro\/mit\/wp-content\/uploads\/sites\/25\/2026\/02\/114-0241-23.jpg\" \/>\n\t<meta property=\"og:image:width\" content=\"600\" \/>\n\t<meta property=\"og:image:height\" content=\"347\" \/>\n\t<meta property=\"og:image:type\" content=\"image\/jpeg\" \/>\n<meta name=\"twitter:card\" content=\"summary_large_image\" \/>\n<meta name=\"twitter:title\" content=\"Set reparatie etrier MITSUBISHI LANCER VIII Sportback (CX_A) 1.6 MIVEC benzina 117 cai QUICK BRAKE 114-0241 MITUBISHI | QUICK - Autorival\" \/>\n<meta name=\"twitter:description\" content=\"\u26a1 Set reparatie etrier MITSUBISHI LANCER VIII Sportback (CX_A) 1.6 MIVEC benzina 117 cai QUICK BRAKE 114-0241 pentru MITUBISHI. \u2713 Cod: 114-0241 \u2713 Brand: QUICK \u2713 \u00cen stoc \u2713 Livrare 24h \u2713 Garan\u021bie!\" \/>\n<script type=\"application\/ld+json\" class=\"yoast-schema-graph\">{\"@context\":\"https:\\\/\\\/schema.org\",\"@graph\":[{\"@type\":\"WebPage\",\"@id\":\"https:\\\/\\\/autorival.ro\\\/mit\\\/product\\\/set-reparatie-etrier-mitsubishi-lancer-viii-sportback-cx_a-1-6-mivec-benzina-117-cai-quick-brake-114-0241\\\/\",\"url\":\"https:\\\/\\\/autorival.ro\\\/mit\\\/product\\\/set-reparatie-etrier-mitsubishi-lancer-viii-sportback-cx_a-1-6-mivec-benzina-117-cai-quick-brake-114-0241\\\/\",\"name\":\"Set reparatie etrier MITSUBISHI LANCER VIII Sportback (CX_A) 1.6 MIVEC benzina 117 cai QUICK BRAKE 114-0241 MITUBISHI | QUICK - Autorival\",\"isPartOf\":{\"@id\":\"https:\\\/\\\/autorival.ro\\\/mit\\\/#website\"},\"primaryImageOfPage\":{\"@id\":\"https:\\\/\\\/autorival.ro\\\/mit\\\/product\\\/set-reparatie-etrier-mitsubishi-lancer-viii-sportback-cx_a-1-6-mivec-benzina-117-cai-quick-brake-114-0241\\\/#primaryimage\"},\"image\":{\"@id\":\"https:\\\/\\\/autorival.ro\\\/mit\\\/product\\\/set-reparatie-etrier-mitsubishi-lancer-viii-sportback-cx_a-1-6-mivec-benzina-117-cai-quick-brake-114-0241\\\/#primaryimage\"},\"thumbnailUrl\":\"https:\\\/\\\/autorival.ro\\\/mit\\\/wp-content\\\/uploads\\\/sites\\\/25\\\/2026\\\/02\\\/114-0241-23.jpg\",\"datePublished\":\"2026-02-06T22:13:30+00:00\",\"description\":\"\u26a1 Set reparatie etrier MITSUBISHI LANCER VIII Sportback (CX_A) 1.6 MIVEC benzina 117 cai QUICK BRAKE 114-0241 pentru MITUBISHI. \u2713 Cod: 114-0241 \u2713 Brand: QUICK \u2713 \u00cen stoc \u2713 Livrare 24h \u2713 Garan\u021bie!\",\"breadcrumb\":{\"@id\":\"https:\\\/\\\/autorival.ro\\\/mit\\\/product\\\/set-reparatie-etrier-mitsubishi-lancer-viii-sportback-cx_a-1-6-mivec-benzina-117-cai-quick-brake-114-0241\\\/#breadcrumb\"},\"inLanguage\":\"en-US\",\"potentialAction\":[{\"@type\":\"ReadAction\",\"target\":[\"https:\\\/\\\/autorival.ro\\\/mit\\\/product\\\/set-reparatie-etrier-mitsubishi-lancer-viii-sportback-cx_a-1-6-mivec-benzina-117-cai-quick-brake-114-0241\\\/\"]}]},{\"@type\":\"ImageObject\",\"inLanguage\":\"en-US\",\"@id\":\"https:\\\/\\\/autorival.ro\\\/mit\\\/product\\\/set-reparatie-etrier-mitsubishi-lancer-viii-sportback-cx_a-1-6-mivec-benzina-117-cai-quick-brake-114-0241\\\/#primaryimage\",\"url\":\"https:\\\/\\\/autorival.ro\\\/mit\\\/wp-content\\\/uploads\\\/sites\\\/25\\\/2026\\\/02\\\/114-0241-23.jpg\",\"contentUrl\":\"https:\\\/\\\/autorival.ro\\\/mit\\\/wp-content\\\/uploads\\\/sites\\\/25\\\/2026\\\/02\\\/114-0241-23.jpg\",\"width\":600,\"height\":347},{\"@type\":\"BreadcrumbList\",\"@id\":\"https:\\\/\\\/autorival.ro\\\/mit\\\/product\\\/set-reparatie-etrier-mitsubishi-lancer-viii-sportback-cx_a-1-6-mivec-benzina-117-cai-quick-brake-114-0241\\\/#breadcrumb\",\"itemListElement\":[{\"@type\":\"ListItem\",\"position\":1,\"name\":\"Prima pagin\u0103\",\"item\":\"https:\\\/\\\/autorival.ro\\\/mit\\\/\"},{\"@type\":\"ListItem\",\"position\":2,\"name\":\"Piese auto MITUBISHI\",\"item\":\"https:\\\/\\\/autorival.ro\\\/mit\\\/\"},{\"@type\":\"ListItem\",\"position\":3,\"name\":\"Set reparatie etrier MITSUBISHI LANCER VIII Sportback (CX_A) 1.6 MIVEC benzina 117 cai QUICK BRAKE 114-0241\"}]},{\"@type\":\"WebSite\",\"@id\":\"https:\\\/\\\/autorival.ro\\\/mit\\\/#website\",\"url\":\"https:\\\/\\\/autorival.ro\\\/mit\\\/\",\"name\":\"MITUBISHI\",\"description\":\"\",\"potentialAction\":[{\"@type\":\"SearchAction\",\"target\":{\"@type\":\"EntryPoint\",\"urlTemplate\":\"https:\\\/\\\/autorival.ro\\\/mit\\\/?s={search_term_string}\"},\"query-input\":{\"@type\":\"PropertyValueSpecification\",\"valueRequired\":true,\"valueName\":\"search_term_string\"}}],\"inLanguage\":\"en-US\"}]}<\/script>\n<!-- \/ Yoast SEO plugin. -->","yoast_head_json":{"title":"Set reparatie etrier MITSUBISHI LANCER VIII Sportback (CX_A) 1.6 MIVEC benzina 117 cai QUICK BRAKE 114-0241 MITUBISHI | QUICK - Autorival","description":"\u26a1 Set reparatie etrier MITSUBISHI LANCER VIII Sportback (CX_A) 1.6 MIVEC benzina 117 cai QUICK BRAKE 114-0241 pentru MITUBISHI. \u2713 Cod: 114-0241 \u2713 Brand: QUICK \u2713 \u00cen stoc \u2713 Livrare 24h \u2713 Garan\u021bie!","robots":{"index":"index","follow":"follow","max-snippet":"max-snippet:-1","max-image-preview":"max-image-preview:large","max-video-preview":"max-video-preview:-1"},"og_locale":"en_US","og_type":"article","og_title":"Set reparatie etrier MITSUBISHI LANCER VIII Sportback (CX_A) 1.6 MIVEC benzina 117 cai QUICK BRAKE 114-0241 MITUBISHI | QUICK - Autorival","og_description":"\u26a1 Set reparatie etrier MITSUBISHI LANCER VIII Sportback (CX_A) 1.6 MIVEC benzina 117 cai QUICK BRAKE 114-0241 pentru MITUBISHI. \u2713 Cod: 114-0241 \u2713 Brand: QUICK \u2713 \u00cen stoc \u2713 Livrare 24h \u2713 Garan\u021bie!","og_url":"https:\/\/autorival.ro\/mit\/product\/set-reparatie-etrier-mitsubishi-lancer-viii-sportback-cx_a-1-6-mivec-benzina-117-cai-quick-brake-114-0241\/","og_site_name":"MITUBISHI","og_image":[{"width":600,"height":347,"url":"https:\/\/autorival.ro\/mit\/wp-content\/uploads\/sites\/25\/2026\/02\/114-0241-23.jpg","type":"image\/jpeg"}],"twitter_card":"summary_large_image","twitter_title":"Set reparatie etrier MITSUBISHI LANCER VIII Sportback (CX_A) 1.6 MIVEC benzina 117 cai QUICK BRAKE 114-0241 MITUBISHI | QUICK - Autorival","twitter_description":"\u26a1 Set reparatie etrier MITSUBISHI LANCER VIII Sportback (CX_A) 1.6 MIVEC benzina 117 cai QUICK BRAKE 114-0241 pentru MITUBISHI. \u2713 Cod: 114-0241 \u2713 Brand: QUICK \u2713 \u00cen stoc \u2713 Livrare 24h \u2713 Garan\u021bie!","schema":{"@context":"https:\/\/schema.org","@graph":[{"@type":"WebPage","@id":"https:\/\/autorival.ro\/mit\/product\/set-reparatie-etrier-mitsubishi-lancer-viii-sportback-cx_a-1-6-mivec-benzina-117-cai-quick-brake-114-0241\/","url":"https:\/\/autorival.ro\/mit\/product\/set-reparatie-etrier-mitsubishi-lancer-viii-sportback-cx_a-1-6-mivec-benzina-117-cai-quick-brake-114-0241\/","name":"Set reparatie etrier MITSUBISHI LANCER VIII Sportback (CX_A) 1.6 MIVEC benzina 117 cai QUICK BRAKE 114-0241 MITUBISHI | QUICK - Autorival","isPartOf":{"@id":"https:\/\/autorival.ro\/mit\/#website"},"primaryImageOfPage":{"@id":"https:\/\/autorival.ro\/mit\/product\/set-reparatie-etrier-mitsubishi-lancer-viii-sportback-cx_a-1-6-mivec-benzina-117-cai-quick-brake-114-0241\/#primaryimage"},"image":{"@id":"https:\/\/autorival.ro\/mit\/product\/set-reparatie-etrier-mitsubishi-lancer-viii-sportback-cx_a-1-6-mivec-benzina-117-cai-quick-brake-114-0241\/#primaryimage"},"thumbnailUrl":"https:\/\/autorival.ro\/mit\/wp-content\/uploads\/sites\/25\/2026\/02\/114-0241-23.jpg","datePublished":"2026-02-06T22:13:30+00:00","description":"\u26a1 Set reparatie etrier MITSUBISHI LANCER VIII Sportback (CX_A) 1.6 MIVEC benzina 117 cai QUICK BRAKE 114-0241 pentru MITUBISHI. \u2713 Cod: 114-0241 \u2713 Brand: QUICK \u2713 \u00cen stoc \u2713 Livrare 24h \u2713 Garan\u021bie!","breadcrumb":{"@id":"https:\/\/autorival.ro\/mit\/product\/set-reparatie-etrier-mitsubishi-lancer-viii-sportback-cx_a-1-6-mivec-benzina-117-cai-quick-brake-114-0241\/#breadcrumb"},"inLanguage":"en-US","potentialAction":[{"@type":"ReadAction","target":["https:\/\/autorival.ro\/mit\/product\/set-reparatie-etrier-mitsubishi-lancer-viii-sportback-cx_a-1-6-mivec-benzina-117-cai-quick-brake-114-0241\/"]}]},{"@type":"ImageObject","inLanguage":"en-US","@id":"https:\/\/autorival.ro\/mit\/product\/set-reparatie-etrier-mitsubishi-lancer-viii-sportback-cx_a-1-6-mivec-benzina-117-cai-quick-brake-114-0241\/#primaryimage","url":"https:\/\/autorival.ro\/mit\/wp-content\/uploads\/sites\/25\/2026\/02\/114-0241-23.jpg","contentUrl":"https:\/\/autorival.ro\/mit\/wp-content\/uploads\/sites\/25\/2026\/02\/114-0241-23.jpg","width":600,"height":347},{"@type":"BreadcrumbList","@id":"https:\/\/autorival.ro\/mit\/product\/set-reparatie-etrier-mitsubishi-lancer-viii-sportback-cx_a-1-6-mivec-benzina-117-cai-quick-brake-114-0241\/#breadcrumb","itemListElement":[{"@type":"ListItem","position":1,"name":"Prima pagin\u0103","item":"https:\/\/autorival.ro\/mit\/"},{"@type":"ListItem","position":2,"name":"Piese auto MITUBISHI","item":"https:\/\/autorival.ro\/mit\/"},{"@type":"ListItem","position":3,"name":"Set reparatie etrier MITSUBISHI LANCER VIII Sportback (CX_A) 1.6 MIVEC benzina 117 cai QUICK BRAKE 114-0241"}]},{"@type":"WebSite","@id":"https:\/\/autorival.ro\/mit\/#website","url":"https:\/\/autorival.ro\/mit\/","name":"MITUBISHI","description":"","potentialAction":[{"@type":"SearchAction","target":{"@type":"EntryPoint","urlTemplate":"https:\/\/autorival.ro\/mit\/?s={search_term_string}"},"query-input":{"@type":"PropertyValueSpecification","valueRequired":true,"valueName":"search_term_string"}}],"inLanguage":"en-US"}]}},"_links":{"self":[{"href":"https:\/\/autorival.ro\/mit\/wp-json\/wp\/v2\/product\/1633022","targetHints":{"allow":["GET"]}}],"collection":[{"href":"https:\/\/autorival.ro\/mit\/wp-json\/wp\/v2\/product"}],"about":[{"href":"https:\/\/autorival.ro\/mit\/wp-json\/wp\/v2\/types\/product"}],"replies":[{"embeddable":true,"href":"https:\/\/autorival.ro\/mit\/wp-json\/wp\/v2\/comments?post=1633022"}],"wp:featuredmedia":[{"embeddable":true,"href":"https:\/\/autorival.ro\/mit\/wp-json\/wp\/v2\/media\/1633023"}],"wp:attachment":[{"href":"https:\/\/autorival.ro\/mit\/wp-json\/wp\/v2\/media?parent=1633022"}],"wp:term":[{"taxonomy":"product_brand","embeddable":true,"href":"https:\/\/autorival.ro\/mit\/wp-json\/wp\/v2\/product_brand?post=1633022"},{"taxonomy":"product_cat","embeddable":true,"href":"https:\/\/autorival.ro\/mit\/wp-json\/wp\/v2\/product_cat?post=1633022"},{"taxonomy":"product_tag","embeddable":true,"href":"https:\/\/autorival.ro\/mit\/wp-json\/wp\/v2\/product_tag?post=1633022"}],"curies":[{"name":"wp","href":"https:\/\/api.w.org\/{rel}","templated":true}]}}