{"id":1612978,"date":"2026-02-06T17:12:38","date_gmt":"2026-02-06T17:12:38","guid":{"rendered":"https:\/\/autorival.ro\/mit\/product\/set-accesorii-saboti-frana-parcare-mitsubishi-lancer-viii-cy_a-cz_a-2-0-di-d-cy8a-diesel-140-cai-quick-brake-105-0010\/"},"modified":"2026-02-06T17:12:38","modified_gmt":"2026-02-06T17:12:38","slug":"set-accesorii-saboti-frana-parcare-mitsubishi-lancer-viii-cy_a-cz_a-2-0-di-d-cy8a-diesel-140-cai-quick-brake-105-0010","status":"publish","type":"product","link":"https:\/\/autorival.ro\/mit\/product\/set-accesorii-saboti-frana-parcare-mitsubishi-lancer-viii-cy_a-cz_a-2-0-di-d-cy8a-diesel-140-cai-quick-brake-105-0010\/","title":{"rendered":"Set accesorii saboti frana parcare MITSUBISHI LANCER VIII (CY_A, CZ_A) 2.0 DI-D (CY8A) diesel 140 cai QUICK BRAKE 105-0010"},"content":{"rendered":"<p>Partea de montare: puntea spateSistem de fr\u00e2nare: AkebonoDiametru tambur de fr\u00e2n\u0103 interior [mm]: 170Latime [mm]: 32<\/p>\n","protected":false},"excerpt":{"rendered":"<p>Producator: QUICK BRAKE Cod producator: 105-0010<\/p>\n","protected":false},"featured_media":1612979,"comment_status":"open","ping_status":"closed","template":"","meta":[],"product_brand":[12999],"product_cat":[31204],"product_tag":[],"class_list":{"0":"post-1612978","1":"product","2":"type-product","3":"status-publish","4":"has-post-thumbnail","6":"product_brand-quick-brake","7":"product_cat-set-accesorii-saboti-frana-parcare-cya-cza-2-0-di-d-cy8a-diesel-140","9":"first","10":"instock","11":"shipping-taxable","12":"purchasable","13":"product-type-simple"},"yoast_head":"<!-- This site is optimized with the Yoast SEO plugin v27.5 - https:\/\/yoast.com\/product\/yoast-seo-wordpress\/ -->\n<title>Set accesorii saboti frana parcare MITSUBISHI LANCER VIII (CY_A, CZ_A) 2.0 DI-D (CY8A) diesel 140 cai QUICK BRAKE 105-0010 MITUBISHI | QUICK - Autorival<\/title>\n<meta name=\"description\" content=\"\u26a1 Set accesorii saboti frana parcare MITSUBISHI LANCER VIII (CY_A, CZ_A) 2.0 DI-D (CY8A) diesel 140 cai QUICK BRAKE 105-0010 pentru MITUBISHI. \u2713 Cod: 105-0010 \u2713 Brand: QUICK \u2713 \u00cen stoc \u2713 Livrare 24h \u2713 Garan\u021bie!\" \/>\n<meta name=\"robots\" content=\"index, follow, max-snippet:-1, max-image-preview:large, max-video-preview:-1\" \/>\n<meta property=\"og:locale\" content=\"en_US\" \/>\n<meta property=\"og:type\" content=\"article\" \/>\n<meta property=\"og:title\" content=\"Set accesorii saboti frana parcare MITSUBISHI LANCER VIII (CY_A, CZ_A) 2.0 DI-D (CY8A) diesel 140 cai QUICK BRAKE 105-0010 MITUBISHI | QUICK - Autorival\" \/>\n<meta property=\"og:description\" content=\"\u26a1 Set accesorii saboti frana parcare MITSUBISHI LANCER VIII (CY_A, CZ_A) 2.0 DI-D (CY8A) diesel 140 cai QUICK BRAKE 105-0010 pentru MITUBISHI. \u2713 Cod: 105-0010 \u2713 Brand: QUICK \u2713 \u00cen stoc \u2713 Livrare 24h \u2713 Garan\u021bie!\" \/>\n<meta property=\"og:url\" content=\"https:\/\/autorival.ro\/mit\/product\/set-accesorii-saboti-frana-parcare-mitsubishi-lancer-viii-cy_a-cz_a-2-0-di-d-cy8a-diesel-140-cai-quick-brake-105-0010\/\" \/>\n<meta property=\"og:site_name\" content=\"MITUBISHI\" \/>\n<meta property=\"og:image\" content=\"https:\/\/autorival.ro\/mit\/wp-content\/uploads\/sites\/25\/2026\/02\/105-0010-27.jpg\" \/>\n\t<meta property=\"og:image:width\" content=\"500\" \/>\n\t<meta property=\"og:image:height\" content=\"400\" \/>\n\t<meta property=\"og:image:type\" content=\"image\/jpeg\" \/>\n<meta name=\"twitter:card\" content=\"summary_large_image\" \/>\n<meta name=\"twitter:title\" content=\"Set accesorii saboti frana parcare MITSUBISHI LANCER VIII (CY_A, CZ_A) 2.0 DI-D (CY8A) diesel 140 cai QUICK BRAKE 105-0010 MITUBISHI | QUICK - Autorival\" \/>\n<meta name=\"twitter:description\" content=\"\u26a1 Set accesorii saboti frana parcare MITSUBISHI LANCER VIII (CY_A, CZ_A) 2.0 DI-D (CY8A) diesel 140 cai QUICK BRAKE 105-0010 pentru MITUBISHI. \u2713 Cod: 105-0010 \u2713 Brand: QUICK \u2713 \u00cen stoc \u2713 Livrare 24h \u2713 Garan\u021bie!\" \/>\n<script type=\"application\/ld+json\" class=\"yoast-schema-graph\">{\"@context\":\"https:\\\/\\\/schema.org\",\"@graph\":[{\"@type\":\"WebPage\",\"@id\":\"https:\\\/\\\/autorival.ro\\\/mit\\\/product\\\/set-accesorii-saboti-frana-parcare-mitsubishi-lancer-viii-cy_a-cz_a-2-0-di-d-cy8a-diesel-140-cai-quick-brake-105-0010\\\/\",\"url\":\"https:\\\/\\\/autorival.ro\\\/mit\\\/product\\\/set-accesorii-saboti-frana-parcare-mitsubishi-lancer-viii-cy_a-cz_a-2-0-di-d-cy8a-diesel-140-cai-quick-brake-105-0010\\\/\",\"name\":\"Set accesorii saboti frana parcare MITSUBISHI LANCER VIII (CY_A, CZ_A) 2.0 DI-D (CY8A) diesel 140 cai QUICK BRAKE 105-0010 MITUBISHI | QUICK - Autorival\",\"isPartOf\":{\"@id\":\"https:\\\/\\\/autorival.ro\\\/mit\\\/#website\"},\"primaryImageOfPage\":{\"@id\":\"https:\\\/\\\/autorival.ro\\\/mit\\\/product\\\/set-accesorii-saboti-frana-parcare-mitsubishi-lancer-viii-cy_a-cz_a-2-0-di-d-cy8a-diesel-140-cai-quick-brake-105-0010\\\/#primaryimage\"},\"image\":{\"@id\":\"https:\\\/\\\/autorival.ro\\\/mit\\\/product\\\/set-accesorii-saboti-frana-parcare-mitsubishi-lancer-viii-cy_a-cz_a-2-0-di-d-cy8a-diesel-140-cai-quick-brake-105-0010\\\/#primaryimage\"},\"thumbnailUrl\":\"https:\\\/\\\/autorival.ro\\\/mit\\\/wp-content\\\/uploads\\\/sites\\\/25\\\/2026\\\/02\\\/105-0010-27.jpg\",\"datePublished\":\"2026-02-06T17:12:38+00:00\",\"description\":\"\u26a1 Set accesorii saboti frana parcare MITSUBISHI LANCER VIII (CY_A, CZ_A) 2.0 DI-D (CY8A) diesel 140 cai QUICK BRAKE 105-0010 pentru MITUBISHI. \u2713 Cod: 105-0010 \u2713 Brand: QUICK \u2713 \u00cen stoc \u2713 Livrare 24h \u2713 Garan\u021bie!\",\"breadcrumb\":{\"@id\":\"https:\\\/\\\/autorival.ro\\\/mit\\\/product\\\/set-accesorii-saboti-frana-parcare-mitsubishi-lancer-viii-cy_a-cz_a-2-0-di-d-cy8a-diesel-140-cai-quick-brake-105-0010\\\/#breadcrumb\"},\"inLanguage\":\"en-US\",\"potentialAction\":[{\"@type\":\"ReadAction\",\"target\":[\"https:\\\/\\\/autorival.ro\\\/mit\\\/product\\\/set-accesorii-saboti-frana-parcare-mitsubishi-lancer-viii-cy_a-cz_a-2-0-di-d-cy8a-diesel-140-cai-quick-brake-105-0010\\\/\"]}]},{\"@type\":\"ImageObject\",\"inLanguage\":\"en-US\",\"@id\":\"https:\\\/\\\/autorival.ro\\\/mit\\\/product\\\/set-accesorii-saboti-frana-parcare-mitsubishi-lancer-viii-cy_a-cz_a-2-0-di-d-cy8a-diesel-140-cai-quick-brake-105-0010\\\/#primaryimage\",\"url\":\"https:\\\/\\\/autorival.ro\\\/mit\\\/wp-content\\\/uploads\\\/sites\\\/25\\\/2026\\\/02\\\/105-0010-27.jpg\",\"contentUrl\":\"https:\\\/\\\/autorival.ro\\\/mit\\\/wp-content\\\/uploads\\\/sites\\\/25\\\/2026\\\/02\\\/105-0010-27.jpg\",\"width\":500,\"height\":400},{\"@type\":\"BreadcrumbList\",\"@id\":\"https:\\\/\\\/autorival.ro\\\/mit\\\/product\\\/set-accesorii-saboti-frana-parcare-mitsubishi-lancer-viii-cy_a-cz_a-2-0-di-d-cy8a-diesel-140-cai-quick-brake-105-0010\\\/#breadcrumb\",\"itemListElement\":[{\"@type\":\"ListItem\",\"position\":1,\"name\":\"Prima pagin\u0103\",\"item\":\"https:\\\/\\\/autorival.ro\\\/mit\\\/\"},{\"@type\":\"ListItem\",\"position\":2,\"name\":\"Piese auto MITUBISHI\",\"item\":\"https:\\\/\\\/autorival.ro\\\/mit\\\/\"},{\"@type\":\"ListItem\",\"position\":3,\"name\":\"Set accesorii saboti frana parcare MITSUBISHI LANCER VIII (CY_A, CZ_A) 2.0 DI-D (CY8A) diesel 140 cai QUICK BRAKE 105-0010\"}]},{\"@type\":\"WebSite\",\"@id\":\"https:\\\/\\\/autorival.ro\\\/mit\\\/#website\",\"url\":\"https:\\\/\\\/autorival.ro\\\/mit\\\/\",\"name\":\"MITUBISHI\",\"description\":\"\",\"potentialAction\":[{\"@type\":\"SearchAction\",\"target\":{\"@type\":\"EntryPoint\",\"urlTemplate\":\"https:\\\/\\\/autorival.ro\\\/mit\\\/?s={search_term_string}\"},\"query-input\":{\"@type\":\"PropertyValueSpecification\",\"valueRequired\":true,\"valueName\":\"search_term_string\"}}],\"inLanguage\":\"en-US\"}]}<\/script>\n<!-- \/ Yoast SEO plugin. -->","yoast_head_json":{"title":"Set accesorii saboti frana parcare MITSUBISHI LANCER VIII (CY_A, CZ_A) 2.0 DI-D (CY8A) diesel 140 cai QUICK BRAKE 105-0010 MITUBISHI | QUICK - Autorival","description":"\u26a1 Set accesorii saboti frana parcare MITSUBISHI LANCER VIII (CY_A, CZ_A) 2.0 DI-D (CY8A) diesel 140 cai QUICK BRAKE 105-0010 pentru MITUBISHI. \u2713 Cod: 105-0010 \u2713 Brand: QUICK \u2713 \u00cen stoc \u2713 Livrare 24h \u2713 Garan\u021bie!","robots":{"index":"index","follow":"follow","max-snippet":"max-snippet:-1","max-image-preview":"max-image-preview:large","max-video-preview":"max-video-preview:-1"},"og_locale":"en_US","og_type":"article","og_title":"Set accesorii saboti frana parcare MITSUBISHI LANCER VIII (CY_A, CZ_A) 2.0 DI-D (CY8A) diesel 140 cai QUICK BRAKE 105-0010 MITUBISHI | QUICK - Autorival","og_description":"\u26a1 Set accesorii saboti frana parcare MITSUBISHI LANCER VIII (CY_A, CZ_A) 2.0 DI-D (CY8A) diesel 140 cai QUICK BRAKE 105-0010 pentru MITUBISHI. \u2713 Cod: 105-0010 \u2713 Brand: QUICK \u2713 \u00cen stoc \u2713 Livrare 24h \u2713 Garan\u021bie!","og_url":"https:\/\/autorival.ro\/mit\/product\/set-accesorii-saboti-frana-parcare-mitsubishi-lancer-viii-cy_a-cz_a-2-0-di-d-cy8a-diesel-140-cai-quick-brake-105-0010\/","og_site_name":"MITUBISHI","og_image":[{"width":500,"height":400,"url":"https:\/\/autorival.ro\/mit\/wp-content\/uploads\/sites\/25\/2026\/02\/105-0010-27.jpg","type":"image\/jpeg"}],"twitter_card":"summary_large_image","twitter_title":"Set accesorii saboti frana parcare MITSUBISHI LANCER VIII (CY_A, CZ_A) 2.0 DI-D (CY8A) diesel 140 cai QUICK BRAKE 105-0010 MITUBISHI | QUICK - Autorival","twitter_description":"\u26a1 Set accesorii saboti frana parcare MITSUBISHI LANCER VIII (CY_A, CZ_A) 2.0 DI-D (CY8A) diesel 140 cai QUICK BRAKE 105-0010 pentru MITUBISHI. \u2713 Cod: 105-0010 \u2713 Brand: QUICK \u2713 \u00cen stoc \u2713 Livrare 24h \u2713 Garan\u021bie!","schema":{"@context":"https:\/\/schema.org","@graph":[{"@type":"WebPage","@id":"https:\/\/autorival.ro\/mit\/product\/set-accesorii-saboti-frana-parcare-mitsubishi-lancer-viii-cy_a-cz_a-2-0-di-d-cy8a-diesel-140-cai-quick-brake-105-0010\/","url":"https:\/\/autorival.ro\/mit\/product\/set-accesorii-saboti-frana-parcare-mitsubishi-lancer-viii-cy_a-cz_a-2-0-di-d-cy8a-diesel-140-cai-quick-brake-105-0010\/","name":"Set accesorii saboti frana parcare MITSUBISHI LANCER VIII (CY_A, CZ_A) 2.0 DI-D (CY8A) diesel 140 cai QUICK BRAKE 105-0010 MITUBISHI | QUICK - Autorival","isPartOf":{"@id":"https:\/\/autorival.ro\/mit\/#website"},"primaryImageOfPage":{"@id":"https:\/\/autorival.ro\/mit\/product\/set-accesorii-saboti-frana-parcare-mitsubishi-lancer-viii-cy_a-cz_a-2-0-di-d-cy8a-diesel-140-cai-quick-brake-105-0010\/#primaryimage"},"image":{"@id":"https:\/\/autorival.ro\/mit\/product\/set-accesorii-saboti-frana-parcare-mitsubishi-lancer-viii-cy_a-cz_a-2-0-di-d-cy8a-diesel-140-cai-quick-brake-105-0010\/#primaryimage"},"thumbnailUrl":"https:\/\/autorival.ro\/mit\/wp-content\/uploads\/sites\/25\/2026\/02\/105-0010-27.jpg","datePublished":"2026-02-06T17:12:38+00:00","description":"\u26a1 Set accesorii saboti frana parcare MITSUBISHI LANCER VIII (CY_A, CZ_A) 2.0 DI-D (CY8A) diesel 140 cai QUICK BRAKE 105-0010 pentru MITUBISHI. \u2713 Cod: 105-0010 \u2713 Brand: QUICK \u2713 \u00cen stoc \u2713 Livrare 24h \u2713 Garan\u021bie!","breadcrumb":{"@id":"https:\/\/autorival.ro\/mit\/product\/set-accesorii-saboti-frana-parcare-mitsubishi-lancer-viii-cy_a-cz_a-2-0-di-d-cy8a-diesel-140-cai-quick-brake-105-0010\/#breadcrumb"},"inLanguage":"en-US","potentialAction":[{"@type":"ReadAction","target":["https:\/\/autorival.ro\/mit\/product\/set-accesorii-saboti-frana-parcare-mitsubishi-lancer-viii-cy_a-cz_a-2-0-di-d-cy8a-diesel-140-cai-quick-brake-105-0010\/"]}]},{"@type":"ImageObject","inLanguage":"en-US","@id":"https:\/\/autorival.ro\/mit\/product\/set-accesorii-saboti-frana-parcare-mitsubishi-lancer-viii-cy_a-cz_a-2-0-di-d-cy8a-diesel-140-cai-quick-brake-105-0010\/#primaryimage","url":"https:\/\/autorival.ro\/mit\/wp-content\/uploads\/sites\/25\/2026\/02\/105-0010-27.jpg","contentUrl":"https:\/\/autorival.ro\/mit\/wp-content\/uploads\/sites\/25\/2026\/02\/105-0010-27.jpg","width":500,"height":400},{"@type":"BreadcrumbList","@id":"https:\/\/autorival.ro\/mit\/product\/set-accesorii-saboti-frana-parcare-mitsubishi-lancer-viii-cy_a-cz_a-2-0-di-d-cy8a-diesel-140-cai-quick-brake-105-0010\/#breadcrumb","itemListElement":[{"@type":"ListItem","position":1,"name":"Prima pagin\u0103","item":"https:\/\/autorival.ro\/mit\/"},{"@type":"ListItem","position":2,"name":"Piese auto MITUBISHI","item":"https:\/\/autorival.ro\/mit\/"},{"@type":"ListItem","position":3,"name":"Set accesorii saboti frana parcare MITSUBISHI LANCER VIII (CY_A, CZ_A) 2.0 DI-D (CY8A) diesel 140 cai QUICK BRAKE 105-0010"}]},{"@type":"WebSite","@id":"https:\/\/autorival.ro\/mit\/#website","url":"https:\/\/autorival.ro\/mit\/","name":"MITUBISHI","description":"","potentialAction":[{"@type":"SearchAction","target":{"@type":"EntryPoint","urlTemplate":"https:\/\/autorival.ro\/mit\/?s={search_term_string}"},"query-input":{"@type":"PropertyValueSpecification","valueRequired":true,"valueName":"search_term_string"}}],"inLanguage":"en-US"}]}},"_links":{"self":[{"href":"https:\/\/autorival.ro\/mit\/wp-json\/wp\/v2\/product\/1612978","targetHints":{"allow":["GET"]}}],"collection":[{"href":"https:\/\/autorival.ro\/mit\/wp-json\/wp\/v2\/product"}],"about":[{"href":"https:\/\/autorival.ro\/mit\/wp-json\/wp\/v2\/types\/product"}],"replies":[{"embeddable":true,"href":"https:\/\/autorival.ro\/mit\/wp-json\/wp\/v2\/comments?post=1612978"}],"wp:featuredmedia":[{"embeddable":true,"href":"https:\/\/autorival.ro\/mit\/wp-json\/wp\/v2\/media\/1612979"}],"wp:attachment":[{"href":"https:\/\/autorival.ro\/mit\/wp-json\/wp\/v2\/media?parent=1612978"}],"wp:term":[{"taxonomy":"product_brand","embeddable":true,"href":"https:\/\/autorival.ro\/mit\/wp-json\/wp\/v2\/product_brand?post=1612978"},{"taxonomy":"product_cat","embeddable":true,"href":"https:\/\/autorival.ro\/mit\/wp-json\/wp\/v2\/product_cat?post=1612978"},{"taxonomy":"product_tag","embeddable":true,"href":"https:\/\/autorival.ro\/mit\/wp-json\/wp\/v2\/product_tag?post=1612978"}],"curies":[{"name":"wp","href":"https:\/\/api.w.org\/{rel}","templated":true}]}}