{"id":1473803,"date":"2026-01-29T06:00:22","date_gmt":"2026-01-29T06:00:22","guid":{"rendered":"https:\/\/autorival.ro\/mit\/product\/panou-lateral-mitsubishi-lancer-vii-cs_a-ct_a-evo-ix-ct9a-benzina-290-cai-van-wezel-9901149\/"},"modified":"2026-01-29T06:00:22","modified_gmt":"2026-01-29T06:00:22","slug":"panou-lateral-mitsubishi-lancer-vii-cs_a-ct_a-evo-ix-ct9a-benzina-290-cai-van-wezel-9901149","status":"publish","type":"product","link":"https:\/\/autorival.ro\/mit\/product\/panou-lateral-mitsubishi-lancer-vii-cs_a-ct_a-evo-ix-ct9a-benzina-290-cai-van-wezel-9901149\/","title":{"rendered":"Panou lateral MITSUBISHI LANCER VII (CS_A, CT_A) EVO IX (CT9A) benzina 290 cai VAN WEZEL 9901149"},"content":{"rendered":"<p>Partea de montare: stanga, dreaptaTip tabla: arc roataSectiune: partea exterioaraForm\u0103 adaptat\u0103: UniversalLungime 1 [mm]: 1250Latime 1 [mm]: 50Latime tabla [mm]: 0,7\u00cenaltime 1 [mm]: 20Procesare: pe scurtCalitate\/Clasa: DC01 ST12Suprafata: zincatpanou reparatie: panelreparatieNumar usi: 2\/4, 3\/5<\/p>\n","protected":false},"excerpt":{"rendered":"<p>Producator: VAN WEZEL Cod producator: 9901149<\/p>\n","protected":false},"featured_media":1473804,"comment_status":"open","ping_status":"closed","template":"","meta":[],"product_brand":[24],"product_cat":[22842],"product_tag":[],"class_list":{"0":"post-1473803","1":"product","2":"type-product","3":"status-publish","4":"has-post-thumbnail","6":"product_brand-van-wezel","7":"product_cat-panou-lateral-csa-cta-evo-ix-ct9a-benzina-290","9":"first","10":"instock","11":"shipping-taxable","12":"purchasable","13":"product-type-simple"},"yoast_head":"<!-- This site is optimized with the Yoast SEO plugin v27.3 - https:\/\/yoast.com\/product\/yoast-seo-wordpress\/ -->\n<title>Panou lateral MITSUBISHI LANCER VII (CS_A, CT_A) EVO IX (CT9A) benzina 290 cai VAN WEZEL 9901149 MITUBISHI | VAN - Autorival<\/title>\n<meta name=\"description\" content=\"\u26a1 Panou lateral MITSUBISHI LANCER VII (CS_A, CT_A) EVO IX (CT9A) benzina 290 cai VAN WEZEL 9901149 pentru MITUBISHI. \u2713 Cod: 9901149 \u2713 Brand: VAN \u2713 \u00cen stoc \u2713 Livrare 24h \u2713 Garan\u021bie!\" \/>\n<meta name=\"robots\" content=\"index, follow, max-snippet:-1, max-image-preview:large, max-video-preview:-1\" \/>\n<meta property=\"og:locale\" content=\"en_US\" \/>\n<meta property=\"og:type\" content=\"article\" \/>\n<meta property=\"og:title\" content=\"Panou lateral MITSUBISHI LANCER VII (CS_A, CT_A) EVO IX (CT9A) benzina 290 cai VAN WEZEL 9901149 MITUBISHI | VAN - Autorival\" \/>\n<meta property=\"og:description\" content=\"\u26a1 Panou lateral MITSUBISHI LANCER VII (CS_A, CT_A) EVO IX (CT9A) benzina 290 cai VAN WEZEL 9901149 pentru MITUBISHI. \u2713 Cod: 9901149 \u2713 Brand: VAN \u2713 \u00cen stoc \u2713 Livrare 24h \u2713 Garan\u021bie!\" \/>\n<meta property=\"og:url\" content=\"https:\/\/autorival.ro\/mit\/product\/panou-lateral-mitsubishi-lancer-vii-cs_a-ct_a-evo-ix-ct9a-benzina-290-cai-van-wezel-9901149\/\" \/>\n<meta property=\"og:site_name\" content=\"MITUBISHI\" \/>\n<meta property=\"og:image\" content=\"https:\/\/autorival.ro\/mit\/wp-content\/uploads\/sites\/25\/2026\/01\/i9901149-291.jpg\" \/>\n\t<meta property=\"og:image:width\" content=\"400\" \/>\n\t<meta property=\"og:image:height\" content=\"280\" \/>\n\t<meta property=\"og:image:type\" content=\"image\/jpeg\" \/>\n<meta name=\"twitter:card\" content=\"summary_large_image\" \/>\n<meta name=\"twitter:title\" content=\"Panou lateral MITSUBISHI LANCER VII (CS_A, CT_A) EVO IX (CT9A) benzina 290 cai VAN WEZEL 9901149 MITUBISHI | VAN - Autorival\" \/>\n<meta name=\"twitter:description\" content=\"\u26a1 Panou lateral MITSUBISHI LANCER VII (CS_A, CT_A) EVO IX (CT9A) benzina 290 cai VAN WEZEL 9901149 pentru MITUBISHI. \u2713 Cod: 9901149 \u2713 Brand: VAN \u2713 \u00cen stoc \u2713 Livrare 24h \u2713 Garan\u021bie!\" \/>\n<script type=\"application\/ld+json\" class=\"yoast-schema-graph\">{\"@context\":\"https:\\\/\\\/schema.org\",\"@graph\":[{\"@type\":\"WebPage\",\"@id\":\"https:\\\/\\\/autorival.ro\\\/mit\\\/product\\\/panou-lateral-mitsubishi-lancer-vii-cs_a-ct_a-evo-ix-ct9a-benzina-290-cai-van-wezel-9901149\\\/\",\"url\":\"https:\\\/\\\/autorival.ro\\\/mit\\\/product\\\/panou-lateral-mitsubishi-lancer-vii-cs_a-ct_a-evo-ix-ct9a-benzina-290-cai-van-wezel-9901149\\\/\",\"name\":\"Panou lateral MITSUBISHI LANCER VII (CS_A, CT_A) EVO IX (CT9A) benzina 290 cai VAN WEZEL 9901149 MITUBISHI | VAN - Autorival\",\"isPartOf\":{\"@id\":\"https:\\\/\\\/autorival.ro\\\/mit\\\/#website\"},\"primaryImageOfPage\":{\"@id\":\"https:\\\/\\\/autorival.ro\\\/mit\\\/product\\\/panou-lateral-mitsubishi-lancer-vii-cs_a-ct_a-evo-ix-ct9a-benzina-290-cai-van-wezel-9901149\\\/#primaryimage\"},\"image\":{\"@id\":\"https:\\\/\\\/autorival.ro\\\/mit\\\/product\\\/panou-lateral-mitsubishi-lancer-vii-cs_a-ct_a-evo-ix-ct9a-benzina-290-cai-van-wezel-9901149\\\/#primaryimage\"},\"thumbnailUrl\":\"https:\\\/\\\/autorival.ro\\\/mit\\\/wp-content\\\/uploads\\\/sites\\\/25\\\/2026\\\/01\\\/i9901149-291.jpg\",\"datePublished\":\"2026-01-29T06:00:22+00:00\",\"description\":\"\u26a1 Panou lateral MITSUBISHI LANCER VII (CS_A, CT_A) EVO IX (CT9A) benzina 290 cai VAN WEZEL 9901149 pentru MITUBISHI. \u2713 Cod: 9901149 \u2713 Brand: VAN \u2713 \u00cen stoc \u2713 Livrare 24h \u2713 Garan\u021bie!\",\"breadcrumb\":{\"@id\":\"https:\\\/\\\/autorival.ro\\\/mit\\\/product\\\/panou-lateral-mitsubishi-lancer-vii-cs_a-ct_a-evo-ix-ct9a-benzina-290-cai-van-wezel-9901149\\\/#breadcrumb\"},\"inLanguage\":\"en-US\",\"potentialAction\":[{\"@type\":\"ReadAction\",\"target\":[\"https:\\\/\\\/autorival.ro\\\/mit\\\/product\\\/panou-lateral-mitsubishi-lancer-vii-cs_a-ct_a-evo-ix-ct9a-benzina-290-cai-van-wezel-9901149\\\/\"]}]},{\"@type\":\"ImageObject\",\"inLanguage\":\"en-US\",\"@id\":\"https:\\\/\\\/autorival.ro\\\/mit\\\/product\\\/panou-lateral-mitsubishi-lancer-vii-cs_a-ct_a-evo-ix-ct9a-benzina-290-cai-van-wezel-9901149\\\/#primaryimage\",\"url\":\"https:\\\/\\\/autorival.ro\\\/mit\\\/wp-content\\\/uploads\\\/sites\\\/25\\\/2026\\\/01\\\/i9901149-291.jpg\",\"contentUrl\":\"https:\\\/\\\/autorival.ro\\\/mit\\\/wp-content\\\/uploads\\\/sites\\\/25\\\/2026\\\/01\\\/i9901149-291.jpg\",\"width\":400,\"height\":280},{\"@type\":\"BreadcrumbList\",\"@id\":\"https:\\\/\\\/autorival.ro\\\/mit\\\/product\\\/panou-lateral-mitsubishi-lancer-vii-cs_a-ct_a-evo-ix-ct9a-benzina-290-cai-van-wezel-9901149\\\/#breadcrumb\",\"itemListElement\":[{\"@type\":\"ListItem\",\"position\":1,\"name\":\"Prima pagin\u0103\",\"item\":\"https:\\\/\\\/autorival.ro\\\/mit\\\/\"},{\"@type\":\"ListItem\",\"position\":2,\"name\":\"Piese auto MITUBISHI\",\"item\":\"https:\\\/\\\/autorival.ro\\\/mit\\\/\"},{\"@type\":\"ListItem\",\"position\":3,\"name\":\"Panou lateral MITSUBISHI LANCER VII (CS_A, CT_A) EVO IX (CT9A) benzina 290 cai VAN WEZEL 9901149\"}]},{\"@type\":\"WebSite\",\"@id\":\"https:\\\/\\\/autorival.ro\\\/mit\\\/#website\",\"url\":\"https:\\\/\\\/autorival.ro\\\/mit\\\/\",\"name\":\"MITUBISHI\",\"description\":\"\",\"potentialAction\":[{\"@type\":\"SearchAction\",\"target\":{\"@type\":\"EntryPoint\",\"urlTemplate\":\"https:\\\/\\\/autorival.ro\\\/mit\\\/?s={search_term_string}\"},\"query-input\":{\"@type\":\"PropertyValueSpecification\",\"valueRequired\":true,\"valueName\":\"search_term_string\"}}],\"inLanguage\":\"en-US\"}]}<\/script>\n<!-- \/ Yoast SEO plugin. -->","yoast_head_json":{"title":"Panou lateral MITSUBISHI LANCER VII (CS_A, CT_A) EVO IX (CT9A) benzina 290 cai VAN WEZEL 9901149 MITUBISHI | VAN - Autorival","description":"\u26a1 Panou lateral MITSUBISHI LANCER VII (CS_A, CT_A) EVO IX (CT9A) benzina 290 cai VAN WEZEL 9901149 pentru MITUBISHI. \u2713 Cod: 9901149 \u2713 Brand: VAN \u2713 \u00cen stoc \u2713 Livrare 24h \u2713 Garan\u021bie!","robots":{"index":"index","follow":"follow","max-snippet":"max-snippet:-1","max-image-preview":"max-image-preview:large","max-video-preview":"max-video-preview:-1"},"og_locale":"en_US","og_type":"article","og_title":"Panou lateral MITSUBISHI LANCER VII (CS_A, CT_A) EVO IX (CT9A) benzina 290 cai VAN WEZEL 9901149 MITUBISHI | VAN - Autorival","og_description":"\u26a1 Panou lateral MITSUBISHI LANCER VII (CS_A, CT_A) EVO IX (CT9A) benzina 290 cai VAN WEZEL 9901149 pentru MITUBISHI. \u2713 Cod: 9901149 \u2713 Brand: VAN \u2713 \u00cen stoc \u2713 Livrare 24h \u2713 Garan\u021bie!","og_url":"https:\/\/autorival.ro\/mit\/product\/panou-lateral-mitsubishi-lancer-vii-cs_a-ct_a-evo-ix-ct9a-benzina-290-cai-van-wezel-9901149\/","og_site_name":"MITUBISHI","og_image":[{"width":400,"height":280,"url":"https:\/\/autorival.ro\/mit\/wp-content\/uploads\/sites\/25\/2026\/01\/i9901149-291.jpg","type":"image\/jpeg"}],"twitter_card":"summary_large_image","twitter_title":"Panou lateral MITSUBISHI LANCER VII (CS_A, CT_A) EVO IX (CT9A) benzina 290 cai VAN WEZEL 9901149 MITUBISHI | VAN - Autorival","twitter_description":"\u26a1 Panou lateral MITSUBISHI LANCER VII (CS_A, CT_A) EVO IX (CT9A) benzina 290 cai VAN WEZEL 9901149 pentru MITUBISHI. \u2713 Cod: 9901149 \u2713 Brand: VAN \u2713 \u00cen stoc \u2713 Livrare 24h \u2713 Garan\u021bie!","schema":{"@context":"https:\/\/schema.org","@graph":[{"@type":"WebPage","@id":"https:\/\/autorival.ro\/mit\/product\/panou-lateral-mitsubishi-lancer-vii-cs_a-ct_a-evo-ix-ct9a-benzina-290-cai-van-wezel-9901149\/","url":"https:\/\/autorival.ro\/mit\/product\/panou-lateral-mitsubishi-lancer-vii-cs_a-ct_a-evo-ix-ct9a-benzina-290-cai-van-wezel-9901149\/","name":"Panou lateral MITSUBISHI LANCER VII (CS_A, CT_A) EVO IX (CT9A) benzina 290 cai VAN WEZEL 9901149 MITUBISHI | VAN - Autorival","isPartOf":{"@id":"https:\/\/autorival.ro\/mit\/#website"},"primaryImageOfPage":{"@id":"https:\/\/autorival.ro\/mit\/product\/panou-lateral-mitsubishi-lancer-vii-cs_a-ct_a-evo-ix-ct9a-benzina-290-cai-van-wezel-9901149\/#primaryimage"},"image":{"@id":"https:\/\/autorival.ro\/mit\/product\/panou-lateral-mitsubishi-lancer-vii-cs_a-ct_a-evo-ix-ct9a-benzina-290-cai-van-wezel-9901149\/#primaryimage"},"thumbnailUrl":"https:\/\/autorival.ro\/mit\/wp-content\/uploads\/sites\/25\/2026\/01\/i9901149-291.jpg","datePublished":"2026-01-29T06:00:22+00:00","description":"\u26a1 Panou lateral MITSUBISHI LANCER VII (CS_A, CT_A) EVO IX (CT9A) benzina 290 cai VAN WEZEL 9901149 pentru MITUBISHI. \u2713 Cod: 9901149 \u2713 Brand: VAN \u2713 \u00cen stoc \u2713 Livrare 24h \u2713 Garan\u021bie!","breadcrumb":{"@id":"https:\/\/autorival.ro\/mit\/product\/panou-lateral-mitsubishi-lancer-vii-cs_a-ct_a-evo-ix-ct9a-benzina-290-cai-van-wezel-9901149\/#breadcrumb"},"inLanguage":"en-US","potentialAction":[{"@type":"ReadAction","target":["https:\/\/autorival.ro\/mit\/product\/panou-lateral-mitsubishi-lancer-vii-cs_a-ct_a-evo-ix-ct9a-benzina-290-cai-van-wezel-9901149\/"]}]},{"@type":"ImageObject","inLanguage":"en-US","@id":"https:\/\/autorival.ro\/mit\/product\/panou-lateral-mitsubishi-lancer-vii-cs_a-ct_a-evo-ix-ct9a-benzina-290-cai-van-wezel-9901149\/#primaryimage","url":"https:\/\/autorival.ro\/mit\/wp-content\/uploads\/sites\/25\/2026\/01\/i9901149-291.jpg","contentUrl":"https:\/\/autorival.ro\/mit\/wp-content\/uploads\/sites\/25\/2026\/01\/i9901149-291.jpg","width":400,"height":280},{"@type":"BreadcrumbList","@id":"https:\/\/autorival.ro\/mit\/product\/panou-lateral-mitsubishi-lancer-vii-cs_a-ct_a-evo-ix-ct9a-benzina-290-cai-van-wezel-9901149\/#breadcrumb","itemListElement":[{"@type":"ListItem","position":1,"name":"Prima pagin\u0103","item":"https:\/\/autorival.ro\/mit\/"},{"@type":"ListItem","position":2,"name":"Piese auto MITUBISHI","item":"https:\/\/autorival.ro\/mit\/"},{"@type":"ListItem","position":3,"name":"Panou lateral MITSUBISHI LANCER VII (CS_A, CT_A) EVO IX (CT9A) benzina 290 cai VAN WEZEL 9901149"}]},{"@type":"WebSite","@id":"https:\/\/autorival.ro\/mit\/#website","url":"https:\/\/autorival.ro\/mit\/","name":"MITUBISHI","description":"","potentialAction":[{"@type":"SearchAction","target":{"@type":"EntryPoint","urlTemplate":"https:\/\/autorival.ro\/mit\/?s={search_term_string}"},"query-input":{"@type":"PropertyValueSpecification","valueRequired":true,"valueName":"search_term_string"}}],"inLanguage":"en-US"}]}},"_links":{"self":[{"href":"https:\/\/autorival.ro\/mit\/wp-json\/wp\/v2\/product\/1473803","targetHints":{"allow":["GET"]}}],"collection":[{"href":"https:\/\/autorival.ro\/mit\/wp-json\/wp\/v2\/product"}],"about":[{"href":"https:\/\/autorival.ro\/mit\/wp-json\/wp\/v2\/types\/product"}],"replies":[{"embeddable":true,"href":"https:\/\/autorival.ro\/mit\/wp-json\/wp\/v2\/comments?post=1473803"}],"wp:featuredmedia":[{"embeddable":true,"href":"https:\/\/autorival.ro\/mit\/wp-json\/wp\/v2\/media\/1473804"}],"wp:attachment":[{"href":"https:\/\/autorival.ro\/mit\/wp-json\/wp\/v2\/media?parent=1473803"}],"wp:term":[{"taxonomy":"product_brand","embeddable":true,"href":"https:\/\/autorival.ro\/mit\/wp-json\/wp\/v2\/product_brand?post=1473803"},{"taxonomy":"product_cat","embeddable":true,"href":"https:\/\/autorival.ro\/mit\/wp-json\/wp\/v2\/product_cat?post=1473803"},{"taxonomy":"product_tag","embeddable":true,"href":"https:\/\/autorival.ro\/mit\/wp-json\/wp\/v2\/product_tag?post=1473803"}],"curies":[{"name":"wp","href":"https:\/\/api.w.org\/{rel}","templated":true}]}}