{"id":1296000,"date":"2026-01-21T13:58:18","date_gmt":"2026-01-21T13:58:18","guid":{"rendered":"https:\/\/autorival.ro\/mit\/product\/etrier-frana-mitsubishi-outlander-ii-cw_w-2-4-cw5w-benzina-170-cai-febest-0477-na4rr\/"},"modified":"2026-01-21T13:58:18","modified_gmt":"2026-01-21T13:58:18","slug":"etrier-frana-mitsubishi-outlander-ii-cw_w-2-4-cw5w-benzina-170-cai-febest-0477-na4rr","status":"publish","type":"product","link":"https:\/\/autorival.ro\/mit\/product\/etrier-frana-mitsubishi-outlander-ii-cw_w-2-4-cw5w-benzina-170-cai-febest-0477-na4rr\/","title":{"rendered":"Etrier frana MITSUBISHI OUTLANDER II (CW_W) 2.4 (CW5W) benzina 170 cai FEBEST 0477-NA4RR"},"content":{"rendered":"<p>Tip cutie viteza: Cutie de viteze automat\u0103 CVT (continu\u0103), cv. manualaVehicul cu volan pe st\u00e2nga\/dreapta: pentru vehicule cu volan pe stangaDe la data de productie: 200706Pana la data de productie: 201206Partea de montare: Axa spate dreaptaGreutate [kg]: 2,435Articol completare\/Info suplimentar 2: cu cadru de fixare, fara cadru de fixareLungime ambalaj [cm]: 17,0Latime ambalaj [cm]: 11,5Inaltime ambalaj [cm]: 9,5<\/p>\n","protected":false},"excerpt":{"rendered":"<p>Producator: FEBEST Cod producator: 0477-NA4RR<\/p>\n","protected":false},"featured_media":1296001,"comment_status":"open","ping_status":"closed","template":"","meta":[],"product_brand":[603],"product_cat":[15734],"product_tag":[],"class_list":{"0":"post-1296000","1":"product","2":"type-product","3":"status-publish","4":"has-post-thumbnail","6":"product_brand-febest","7":"product_cat-etrier-frana-cww-2-4-cw5w-benzina-170","9":"first","10":"instock","11":"shipping-taxable","12":"purchasable","13":"product-type-simple"},"yoast_head":"<!-- This site is optimized with the Yoast SEO plugin v27.4 - https:\/\/yoast.com\/product\/yoast-seo-wordpress\/ -->\n<title>Etrier frana MITSUBISHI OUTLANDER II (CW_W) 2.4 (CW5W) benzina 170 cai FEBEST 0477-NA4RR MITUBISHI | FEBEST - Autorival<\/title>\n<meta name=\"description\" content=\"\u26a1 Etrier frana MITSUBISHI OUTLANDER II (CW_W) 2.4 (CW5W) benzina 170 cai FEBEST 0477-NA4RR pentru MITUBISHI. \u2713 Cod: 0477-NA4RR \u2713 Brand: FEBEST \u2713 \u00cen stoc \u2713 Livrare 24h \u2713 Garan\u021bie!\" \/>\n<meta name=\"robots\" content=\"index, follow, max-snippet:-1, max-image-preview:large, max-video-preview:-1\" \/>\n<meta property=\"og:locale\" content=\"en_US\" \/>\n<meta property=\"og:type\" content=\"article\" \/>\n<meta property=\"og:title\" content=\"Etrier frana MITSUBISHI OUTLANDER II (CW_W) 2.4 (CW5W) benzina 170 cai FEBEST 0477-NA4RR MITUBISHI | FEBEST - Autorival\" \/>\n<meta property=\"og:description\" content=\"\u26a1 Etrier frana MITSUBISHI OUTLANDER II (CW_W) 2.4 (CW5W) benzina 170 cai FEBEST 0477-NA4RR pentru MITUBISHI. \u2713 Cod: 0477-NA4RR \u2713 Brand: FEBEST \u2713 \u00cen stoc \u2713 Livrare 24h \u2713 Garan\u021bie!\" \/>\n<meta property=\"og:url\" content=\"https:\/\/autorival.ro\/mit\/product\/etrier-frana-mitsubishi-outlander-ii-cw_w-2-4-cw5w-benzina-170-cai-febest-0477-na4rr\/\" \/>\n<meta property=\"og:site_name\" content=\"MITUBISHI\" \/>\n<meta property=\"og:image\" content=\"https:\/\/autorival.ro\/mit\/wp-content\/uploads\/sites\/25\/2026\/01\/0477-na4rr-10.jpg\" \/>\n\t<meta property=\"og:image:width\" content=\"600\" \/>\n\t<meta property=\"og:image:height\" content=\"384\" \/>\n\t<meta property=\"og:image:type\" content=\"image\/jpeg\" \/>\n<meta name=\"twitter:card\" content=\"summary_large_image\" \/>\n<meta name=\"twitter:title\" content=\"Etrier frana MITSUBISHI OUTLANDER II (CW_W) 2.4 (CW5W) benzina 170 cai FEBEST 0477-NA4RR MITUBISHI | FEBEST - Autorival\" \/>\n<meta name=\"twitter:description\" content=\"\u26a1 Etrier frana MITSUBISHI OUTLANDER II (CW_W) 2.4 (CW5W) benzina 170 cai FEBEST 0477-NA4RR pentru MITUBISHI. \u2713 Cod: 0477-NA4RR \u2713 Brand: FEBEST \u2713 \u00cen stoc \u2713 Livrare 24h \u2713 Garan\u021bie!\" \/>\n<script type=\"application\/ld+json\" class=\"yoast-schema-graph\">{\"@context\":\"https:\\\/\\\/schema.org\",\"@graph\":[{\"@type\":\"WebPage\",\"@id\":\"https:\\\/\\\/autorival.ro\\\/mit\\\/product\\\/etrier-frana-mitsubishi-outlander-ii-cw_w-2-4-cw5w-benzina-170-cai-febest-0477-na4rr\\\/\",\"url\":\"https:\\\/\\\/autorival.ro\\\/mit\\\/product\\\/etrier-frana-mitsubishi-outlander-ii-cw_w-2-4-cw5w-benzina-170-cai-febest-0477-na4rr\\\/\",\"name\":\"Etrier frana MITSUBISHI OUTLANDER II (CW_W) 2.4 (CW5W) benzina 170 cai FEBEST 0477-NA4RR MITUBISHI | FEBEST - Autorival\",\"isPartOf\":{\"@id\":\"https:\\\/\\\/autorival.ro\\\/mit\\\/#website\"},\"primaryImageOfPage\":{\"@id\":\"https:\\\/\\\/autorival.ro\\\/mit\\\/product\\\/etrier-frana-mitsubishi-outlander-ii-cw_w-2-4-cw5w-benzina-170-cai-febest-0477-na4rr\\\/#primaryimage\"},\"image\":{\"@id\":\"https:\\\/\\\/autorival.ro\\\/mit\\\/product\\\/etrier-frana-mitsubishi-outlander-ii-cw_w-2-4-cw5w-benzina-170-cai-febest-0477-na4rr\\\/#primaryimage\"},\"thumbnailUrl\":\"https:\\\/\\\/autorival.ro\\\/mit\\\/wp-content\\\/uploads\\\/sites\\\/25\\\/2026\\\/01\\\/0477-na4rr-10.jpg\",\"datePublished\":\"2026-01-21T13:58:18+00:00\",\"description\":\"\u26a1 Etrier frana MITSUBISHI OUTLANDER II (CW_W) 2.4 (CW5W) benzina 170 cai FEBEST 0477-NA4RR pentru MITUBISHI. \u2713 Cod: 0477-NA4RR \u2713 Brand: FEBEST \u2713 \u00cen stoc \u2713 Livrare 24h \u2713 Garan\u021bie!\",\"breadcrumb\":{\"@id\":\"https:\\\/\\\/autorival.ro\\\/mit\\\/product\\\/etrier-frana-mitsubishi-outlander-ii-cw_w-2-4-cw5w-benzina-170-cai-febest-0477-na4rr\\\/#breadcrumb\"},\"inLanguage\":\"en-US\",\"potentialAction\":[{\"@type\":\"ReadAction\",\"target\":[\"https:\\\/\\\/autorival.ro\\\/mit\\\/product\\\/etrier-frana-mitsubishi-outlander-ii-cw_w-2-4-cw5w-benzina-170-cai-febest-0477-na4rr\\\/\"]}]},{\"@type\":\"ImageObject\",\"inLanguage\":\"en-US\",\"@id\":\"https:\\\/\\\/autorival.ro\\\/mit\\\/product\\\/etrier-frana-mitsubishi-outlander-ii-cw_w-2-4-cw5w-benzina-170-cai-febest-0477-na4rr\\\/#primaryimage\",\"url\":\"https:\\\/\\\/autorival.ro\\\/mit\\\/wp-content\\\/uploads\\\/sites\\\/25\\\/2026\\\/01\\\/0477-na4rr-10.jpg\",\"contentUrl\":\"https:\\\/\\\/autorival.ro\\\/mit\\\/wp-content\\\/uploads\\\/sites\\\/25\\\/2026\\\/01\\\/0477-na4rr-10.jpg\",\"width\":600,\"height\":384},{\"@type\":\"BreadcrumbList\",\"@id\":\"https:\\\/\\\/autorival.ro\\\/mit\\\/product\\\/etrier-frana-mitsubishi-outlander-ii-cw_w-2-4-cw5w-benzina-170-cai-febest-0477-na4rr\\\/#breadcrumb\",\"itemListElement\":[{\"@type\":\"ListItem\",\"position\":1,\"name\":\"Prima pagin\u0103\",\"item\":\"https:\\\/\\\/autorival.ro\\\/mit\\\/\"},{\"@type\":\"ListItem\",\"position\":2,\"name\":\"Piese auto MITUBISHI\",\"item\":\"https:\\\/\\\/autorival.ro\\\/mit\\\/\"},{\"@type\":\"ListItem\",\"position\":3,\"name\":\"Etrier frana MITSUBISHI OUTLANDER II (CW_W) 2.4 (CW5W) benzina 170 cai FEBEST 0477-NA4RR\"}]},{\"@type\":\"WebSite\",\"@id\":\"https:\\\/\\\/autorival.ro\\\/mit\\\/#website\",\"url\":\"https:\\\/\\\/autorival.ro\\\/mit\\\/\",\"name\":\"MITUBISHI\",\"description\":\"\",\"potentialAction\":[{\"@type\":\"SearchAction\",\"target\":{\"@type\":\"EntryPoint\",\"urlTemplate\":\"https:\\\/\\\/autorival.ro\\\/mit\\\/?s={search_term_string}\"},\"query-input\":{\"@type\":\"PropertyValueSpecification\",\"valueRequired\":true,\"valueName\":\"search_term_string\"}}],\"inLanguage\":\"en-US\"}]}<\/script>\n<!-- \/ Yoast SEO plugin. -->","yoast_head_json":{"title":"Etrier frana MITSUBISHI OUTLANDER II (CW_W) 2.4 (CW5W) benzina 170 cai FEBEST 0477-NA4RR MITUBISHI | FEBEST - Autorival","description":"\u26a1 Etrier frana MITSUBISHI OUTLANDER II (CW_W) 2.4 (CW5W) benzina 170 cai FEBEST 0477-NA4RR pentru MITUBISHI. \u2713 Cod: 0477-NA4RR \u2713 Brand: FEBEST \u2713 \u00cen stoc \u2713 Livrare 24h \u2713 Garan\u021bie!","robots":{"index":"index","follow":"follow","max-snippet":"max-snippet:-1","max-image-preview":"max-image-preview:large","max-video-preview":"max-video-preview:-1"},"og_locale":"en_US","og_type":"article","og_title":"Etrier frana MITSUBISHI OUTLANDER II (CW_W) 2.4 (CW5W) benzina 170 cai FEBEST 0477-NA4RR MITUBISHI | FEBEST - Autorival","og_description":"\u26a1 Etrier frana MITSUBISHI OUTLANDER II (CW_W) 2.4 (CW5W) benzina 170 cai FEBEST 0477-NA4RR pentru MITUBISHI. \u2713 Cod: 0477-NA4RR \u2713 Brand: FEBEST \u2713 \u00cen stoc \u2713 Livrare 24h \u2713 Garan\u021bie!","og_url":"https:\/\/autorival.ro\/mit\/product\/etrier-frana-mitsubishi-outlander-ii-cw_w-2-4-cw5w-benzina-170-cai-febest-0477-na4rr\/","og_site_name":"MITUBISHI","og_image":[{"width":600,"height":384,"url":"https:\/\/autorival.ro\/mit\/wp-content\/uploads\/sites\/25\/2026\/01\/0477-na4rr-10.jpg","type":"image\/jpeg"}],"twitter_card":"summary_large_image","twitter_title":"Etrier frana MITSUBISHI OUTLANDER II (CW_W) 2.4 (CW5W) benzina 170 cai FEBEST 0477-NA4RR MITUBISHI | FEBEST - Autorival","twitter_description":"\u26a1 Etrier frana MITSUBISHI OUTLANDER II (CW_W) 2.4 (CW5W) benzina 170 cai FEBEST 0477-NA4RR pentru MITUBISHI. \u2713 Cod: 0477-NA4RR \u2713 Brand: FEBEST \u2713 \u00cen stoc \u2713 Livrare 24h \u2713 Garan\u021bie!","schema":{"@context":"https:\/\/schema.org","@graph":[{"@type":"WebPage","@id":"https:\/\/autorival.ro\/mit\/product\/etrier-frana-mitsubishi-outlander-ii-cw_w-2-4-cw5w-benzina-170-cai-febest-0477-na4rr\/","url":"https:\/\/autorival.ro\/mit\/product\/etrier-frana-mitsubishi-outlander-ii-cw_w-2-4-cw5w-benzina-170-cai-febest-0477-na4rr\/","name":"Etrier frana MITSUBISHI OUTLANDER II (CW_W) 2.4 (CW5W) benzina 170 cai FEBEST 0477-NA4RR MITUBISHI | FEBEST - Autorival","isPartOf":{"@id":"https:\/\/autorival.ro\/mit\/#website"},"primaryImageOfPage":{"@id":"https:\/\/autorival.ro\/mit\/product\/etrier-frana-mitsubishi-outlander-ii-cw_w-2-4-cw5w-benzina-170-cai-febest-0477-na4rr\/#primaryimage"},"image":{"@id":"https:\/\/autorival.ro\/mit\/product\/etrier-frana-mitsubishi-outlander-ii-cw_w-2-4-cw5w-benzina-170-cai-febest-0477-na4rr\/#primaryimage"},"thumbnailUrl":"https:\/\/autorival.ro\/mit\/wp-content\/uploads\/sites\/25\/2026\/01\/0477-na4rr-10.jpg","datePublished":"2026-01-21T13:58:18+00:00","description":"\u26a1 Etrier frana MITSUBISHI OUTLANDER II (CW_W) 2.4 (CW5W) benzina 170 cai FEBEST 0477-NA4RR pentru MITUBISHI. \u2713 Cod: 0477-NA4RR \u2713 Brand: FEBEST \u2713 \u00cen stoc \u2713 Livrare 24h \u2713 Garan\u021bie!","breadcrumb":{"@id":"https:\/\/autorival.ro\/mit\/product\/etrier-frana-mitsubishi-outlander-ii-cw_w-2-4-cw5w-benzina-170-cai-febest-0477-na4rr\/#breadcrumb"},"inLanguage":"en-US","potentialAction":[{"@type":"ReadAction","target":["https:\/\/autorival.ro\/mit\/product\/etrier-frana-mitsubishi-outlander-ii-cw_w-2-4-cw5w-benzina-170-cai-febest-0477-na4rr\/"]}]},{"@type":"ImageObject","inLanguage":"en-US","@id":"https:\/\/autorival.ro\/mit\/product\/etrier-frana-mitsubishi-outlander-ii-cw_w-2-4-cw5w-benzina-170-cai-febest-0477-na4rr\/#primaryimage","url":"https:\/\/autorival.ro\/mit\/wp-content\/uploads\/sites\/25\/2026\/01\/0477-na4rr-10.jpg","contentUrl":"https:\/\/autorival.ro\/mit\/wp-content\/uploads\/sites\/25\/2026\/01\/0477-na4rr-10.jpg","width":600,"height":384},{"@type":"BreadcrumbList","@id":"https:\/\/autorival.ro\/mit\/product\/etrier-frana-mitsubishi-outlander-ii-cw_w-2-4-cw5w-benzina-170-cai-febest-0477-na4rr\/#breadcrumb","itemListElement":[{"@type":"ListItem","position":1,"name":"Prima pagin\u0103","item":"https:\/\/autorival.ro\/mit\/"},{"@type":"ListItem","position":2,"name":"Piese auto MITUBISHI","item":"https:\/\/autorival.ro\/mit\/"},{"@type":"ListItem","position":3,"name":"Etrier frana MITSUBISHI OUTLANDER II (CW_W) 2.4 (CW5W) benzina 170 cai FEBEST 0477-NA4RR"}]},{"@type":"WebSite","@id":"https:\/\/autorival.ro\/mit\/#website","url":"https:\/\/autorival.ro\/mit\/","name":"MITUBISHI","description":"","potentialAction":[{"@type":"SearchAction","target":{"@type":"EntryPoint","urlTemplate":"https:\/\/autorival.ro\/mit\/?s={search_term_string}"},"query-input":{"@type":"PropertyValueSpecification","valueRequired":true,"valueName":"search_term_string"}}],"inLanguage":"en-US"}]}},"_links":{"self":[{"href":"https:\/\/autorival.ro\/mit\/wp-json\/wp\/v2\/product\/1296000","targetHints":{"allow":["GET"]}}],"collection":[{"href":"https:\/\/autorival.ro\/mit\/wp-json\/wp\/v2\/product"}],"about":[{"href":"https:\/\/autorival.ro\/mit\/wp-json\/wp\/v2\/types\/product"}],"replies":[{"embeddable":true,"href":"https:\/\/autorival.ro\/mit\/wp-json\/wp\/v2\/comments?post=1296000"}],"wp:featuredmedia":[{"embeddable":true,"href":"https:\/\/autorival.ro\/mit\/wp-json\/wp\/v2\/media\/1296001"}],"wp:attachment":[{"href":"https:\/\/autorival.ro\/mit\/wp-json\/wp\/v2\/media?parent=1296000"}],"wp:term":[{"taxonomy":"product_brand","embeddable":true,"href":"https:\/\/autorival.ro\/mit\/wp-json\/wp\/v2\/product_brand?post=1296000"},{"taxonomy":"product_cat","embeddable":true,"href":"https:\/\/autorival.ro\/mit\/wp-json\/wp\/v2\/product_cat?post=1296000"},{"taxonomy":"product_tag","embeddable":true,"href":"https:\/\/autorival.ro\/mit\/wp-json\/wp\/v2\/product_tag?post=1296000"}],"curies":[{"name":"wp","href":"https:\/\/api.w.org\/{rel}","templated":true}]}}