{"id":1278745,"date":"2026-01-20T07:55:32","date_gmt":"2026-01-20T07:55:32","guid":{"rendered":"https:\/\/autorival.ro\/mit\/product\/disc-frana-mitsubishi-outlander-i-cu_w-2-4-hdd-mivec-cu5w-benzina-160-cai-febi-bilstein-108460\/"},"modified":"2026-01-20T07:55:32","modified_gmt":"2026-01-20T07:55:32","slug":"disc-frana-mitsubishi-outlander-i-cu_w-2-4-hdd-mivec-cu5w-benzina-160-cai-febi-bilstein-108460","status":"publish","type":"product","link":"https:\/\/autorival.ro\/mit\/product\/disc-frana-mitsubishi-outlander-i-cu_w-2-4-hdd-mivec-cu5w-benzina-160-cai-febi-bilstein-108460\/","title":{"rendered":"Disc frana MITSUBISHI OUTLANDER I (CU_W) 2.4 HDD Mivec (CU5W) benzina 160 cai FEBI BILSTEIN 108460"},"content":{"rendered":"<p>Numar motor TECDOC: 18559An fabricatie pana la: 200405Serie \u0219asiu (VIN): JMYSepararea blocurilorGrosime disc fr\u00e2na [mm]: 26Janta, numar gauri: 5Numarul gaurilor de fixare: 4Grosime [mm]: 45,8Diametru exterior [mm]: 276Asezare gauri \u00d8 [mm]: 114,3Suprafata: acoperit (cu un strat protector)Tip disc fr\u00e2na: ventilat interiorPartea de montare: punte fataGrosime minima [mm]: 24,5Diametru de centrare [mm]: 69Greutate [kg]: 6,260Atentie la informatii de service<\/p>\n","protected":false},"excerpt":{"rendered":"<p>Producator: FEBI BILSTEIN Cod producator: 108460<\/p>\n","protected":false},"featured_media":1278746,"comment_status":"open","ping_status":"closed","template":"","meta":[],"product_brand":[303],"product_cat":[14968],"product_tag":[],"class_list":{"0":"post-1278745","1":"product","2":"type-product","3":"status-publish","4":"has-post-thumbnail","6":"product_brand-febi-bilstein","7":"product_cat-disc-frana-cuw-2-4-hdd-mivec-cu5w-benzina-160","9":"first","10":"instock","11":"shipping-taxable","12":"purchasable","13":"product-type-simple"},"yoast_head":"<!-- This site is optimized with the Yoast SEO plugin v27.5 - https:\/\/yoast.com\/product\/yoast-seo-wordpress\/ -->\n<title>Disc frana MITSUBISHI OUTLANDER I (CU_W) 2.4 HDD Mivec (CU5W) benzina 160 cai FEBI BILSTEIN 108460 MITUBISHI | FEBI - Autorival<\/title>\n<meta name=\"description\" content=\"\u26a1 Disc frana MITSUBISHI OUTLANDER I (CU_W) 2.4 HDD Mivec (CU5W) benzina 160 cai FEBI BILSTEIN 108460 pentru MITUBISHI. \u2713 Cod: 108460 \u2713 Brand: FEBI \u2713 \u00cen stoc \u2713 Livrare 24h \u2713 Garan\u021bie!\" \/>\n<meta name=\"robots\" content=\"index, follow, max-snippet:-1, max-image-preview:large, max-video-preview:-1\" \/>\n<meta property=\"og:locale\" content=\"en_US\" \/>\n<meta property=\"og:type\" content=\"article\" \/>\n<meta property=\"og:title\" content=\"Disc frana MITSUBISHI OUTLANDER I (CU_W) 2.4 HDD Mivec (CU5W) benzina 160 cai FEBI BILSTEIN 108460 MITUBISHI | FEBI - Autorival\" \/>\n<meta property=\"og:description\" content=\"\u26a1 Disc frana MITSUBISHI OUTLANDER I (CU_W) 2.4 HDD Mivec (CU5W) benzina 160 cai FEBI BILSTEIN 108460 pentru MITUBISHI. \u2713 Cod: 108460 \u2713 Brand: FEBI \u2713 \u00cen stoc \u2713 Livrare 24h \u2713 Garan\u021bie!\" \/>\n<meta property=\"og:url\" content=\"https:\/\/autorival.ro\/mit\/product\/disc-frana-mitsubishi-outlander-i-cu_w-2-4-hdd-mivec-cu5w-benzina-160-cai-febi-bilstein-108460\/\" \/>\n<meta property=\"og:site_name\" content=\"MITUBISHI\" \/>\n<meta property=\"og:image\" content=\"https:\/\/autorival.ro\/mit\/wp-content\/uploads\/sites\/25\/2026\/01\/108460_1-8.jpg\" \/>\n\t<meta property=\"og:image:width\" content=\"550\" \/>\n\t<meta property=\"og:image:height\" content=\"400\" \/>\n\t<meta property=\"og:image:type\" content=\"image\/jpeg\" \/>\n<meta name=\"twitter:card\" content=\"summary_large_image\" \/>\n<meta name=\"twitter:title\" content=\"Disc frana MITSUBISHI OUTLANDER I (CU_W) 2.4 HDD Mivec (CU5W) benzina 160 cai FEBI BILSTEIN 108460 MITUBISHI | FEBI - Autorival\" \/>\n<meta name=\"twitter:description\" content=\"\u26a1 Disc frana MITSUBISHI OUTLANDER I (CU_W) 2.4 HDD Mivec (CU5W) benzina 160 cai FEBI BILSTEIN 108460 pentru MITUBISHI. \u2713 Cod: 108460 \u2713 Brand: FEBI \u2713 \u00cen stoc \u2713 Livrare 24h \u2713 Garan\u021bie!\" \/>\n<script type=\"application\/ld+json\" class=\"yoast-schema-graph\">{\"@context\":\"https:\\\/\\\/schema.org\",\"@graph\":[{\"@type\":\"WebPage\",\"@id\":\"https:\\\/\\\/autorival.ro\\\/mit\\\/product\\\/disc-frana-mitsubishi-outlander-i-cu_w-2-4-hdd-mivec-cu5w-benzina-160-cai-febi-bilstein-108460\\\/\",\"url\":\"https:\\\/\\\/autorival.ro\\\/mit\\\/product\\\/disc-frana-mitsubishi-outlander-i-cu_w-2-4-hdd-mivec-cu5w-benzina-160-cai-febi-bilstein-108460\\\/\",\"name\":\"Disc frana MITSUBISHI OUTLANDER I (CU_W) 2.4 HDD Mivec (CU5W) benzina 160 cai FEBI BILSTEIN 108460 MITUBISHI | FEBI - Autorival\",\"isPartOf\":{\"@id\":\"https:\\\/\\\/autorival.ro\\\/mit\\\/#website\"},\"primaryImageOfPage\":{\"@id\":\"https:\\\/\\\/autorival.ro\\\/mit\\\/product\\\/disc-frana-mitsubishi-outlander-i-cu_w-2-4-hdd-mivec-cu5w-benzina-160-cai-febi-bilstein-108460\\\/#primaryimage\"},\"image\":{\"@id\":\"https:\\\/\\\/autorival.ro\\\/mit\\\/product\\\/disc-frana-mitsubishi-outlander-i-cu_w-2-4-hdd-mivec-cu5w-benzina-160-cai-febi-bilstein-108460\\\/#primaryimage\"},\"thumbnailUrl\":\"https:\\\/\\\/autorival.ro\\\/mit\\\/wp-content\\\/uploads\\\/sites\\\/25\\\/2026\\\/01\\\/108460_1-8.jpg\",\"datePublished\":\"2026-01-20T07:55:32+00:00\",\"description\":\"\u26a1 Disc frana MITSUBISHI OUTLANDER I (CU_W) 2.4 HDD Mivec (CU5W) benzina 160 cai FEBI BILSTEIN 108460 pentru MITUBISHI. \u2713 Cod: 108460 \u2713 Brand: FEBI \u2713 \u00cen stoc \u2713 Livrare 24h \u2713 Garan\u021bie!\",\"breadcrumb\":{\"@id\":\"https:\\\/\\\/autorival.ro\\\/mit\\\/product\\\/disc-frana-mitsubishi-outlander-i-cu_w-2-4-hdd-mivec-cu5w-benzina-160-cai-febi-bilstein-108460\\\/#breadcrumb\"},\"inLanguage\":\"en-US\",\"potentialAction\":[{\"@type\":\"ReadAction\",\"target\":[\"https:\\\/\\\/autorival.ro\\\/mit\\\/product\\\/disc-frana-mitsubishi-outlander-i-cu_w-2-4-hdd-mivec-cu5w-benzina-160-cai-febi-bilstein-108460\\\/\"]}]},{\"@type\":\"ImageObject\",\"inLanguage\":\"en-US\",\"@id\":\"https:\\\/\\\/autorival.ro\\\/mit\\\/product\\\/disc-frana-mitsubishi-outlander-i-cu_w-2-4-hdd-mivec-cu5w-benzina-160-cai-febi-bilstein-108460\\\/#primaryimage\",\"url\":\"https:\\\/\\\/autorival.ro\\\/mit\\\/wp-content\\\/uploads\\\/sites\\\/25\\\/2026\\\/01\\\/108460_1-8.jpg\",\"contentUrl\":\"https:\\\/\\\/autorival.ro\\\/mit\\\/wp-content\\\/uploads\\\/sites\\\/25\\\/2026\\\/01\\\/108460_1-8.jpg\",\"width\":550,\"height\":400},{\"@type\":\"BreadcrumbList\",\"@id\":\"https:\\\/\\\/autorival.ro\\\/mit\\\/product\\\/disc-frana-mitsubishi-outlander-i-cu_w-2-4-hdd-mivec-cu5w-benzina-160-cai-febi-bilstein-108460\\\/#breadcrumb\",\"itemListElement\":[{\"@type\":\"ListItem\",\"position\":1,\"name\":\"Prima pagin\u0103\",\"item\":\"https:\\\/\\\/autorival.ro\\\/mit\\\/\"},{\"@type\":\"ListItem\",\"position\":2,\"name\":\"Piese auto MITUBISHI\",\"item\":\"https:\\\/\\\/autorival.ro\\\/mit\\\/\"},{\"@type\":\"ListItem\",\"position\":3,\"name\":\"Disc frana MITSUBISHI OUTLANDER I (CU_W) 2.4 HDD Mivec (CU5W) benzina 160 cai FEBI BILSTEIN 108460\"}]},{\"@type\":\"WebSite\",\"@id\":\"https:\\\/\\\/autorival.ro\\\/mit\\\/#website\",\"url\":\"https:\\\/\\\/autorival.ro\\\/mit\\\/\",\"name\":\"MITUBISHI\",\"description\":\"\",\"potentialAction\":[{\"@type\":\"SearchAction\",\"target\":{\"@type\":\"EntryPoint\",\"urlTemplate\":\"https:\\\/\\\/autorival.ro\\\/mit\\\/?s={search_term_string}\"},\"query-input\":{\"@type\":\"PropertyValueSpecification\",\"valueRequired\":true,\"valueName\":\"search_term_string\"}}],\"inLanguage\":\"en-US\"}]}<\/script>\n<!-- \/ Yoast SEO plugin. -->","yoast_head_json":{"title":"Disc frana MITSUBISHI OUTLANDER I (CU_W) 2.4 HDD Mivec (CU5W) benzina 160 cai FEBI BILSTEIN 108460 MITUBISHI | FEBI - Autorival","description":"\u26a1 Disc frana MITSUBISHI OUTLANDER I (CU_W) 2.4 HDD Mivec (CU5W) benzina 160 cai FEBI BILSTEIN 108460 pentru MITUBISHI. \u2713 Cod: 108460 \u2713 Brand: FEBI \u2713 \u00cen stoc \u2713 Livrare 24h \u2713 Garan\u021bie!","robots":{"index":"index","follow":"follow","max-snippet":"max-snippet:-1","max-image-preview":"max-image-preview:large","max-video-preview":"max-video-preview:-1"},"og_locale":"en_US","og_type":"article","og_title":"Disc frana MITSUBISHI OUTLANDER I (CU_W) 2.4 HDD Mivec (CU5W) benzina 160 cai FEBI BILSTEIN 108460 MITUBISHI | FEBI - Autorival","og_description":"\u26a1 Disc frana MITSUBISHI OUTLANDER I (CU_W) 2.4 HDD Mivec (CU5W) benzina 160 cai FEBI BILSTEIN 108460 pentru MITUBISHI. \u2713 Cod: 108460 \u2713 Brand: FEBI \u2713 \u00cen stoc \u2713 Livrare 24h \u2713 Garan\u021bie!","og_url":"https:\/\/autorival.ro\/mit\/product\/disc-frana-mitsubishi-outlander-i-cu_w-2-4-hdd-mivec-cu5w-benzina-160-cai-febi-bilstein-108460\/","og_site_name":"MITUBISHI","og_image":[{"width":550,"height":400,"url":"https:\/\/autorival.ro\/mit\/wp-content\/uploads\/sites\/25\/2026\/01\/108460_1-8.jpg","type":"image\/jpeg"}],"twitter_card":"summary_large_image","twitter_title":"Disc frana MITSUBISHI OUTLANDER I (CU_W) 2.4 HDD Mivec (CU5W) benzina 160 cai FEBI BILSTEIN 108460 MITUBISHI | FEBI - Autorival","twitter_description":"\u26a1 Disc frana MITSUBISHI OUTLANDER I (CU_W) 2.4 HDD Mivec (CU5W) benzina 160 cai FEBI BILSTEIN 108460 pentru MITUBISHI. \u2713 Cod: 108460 \u2713 Brand: FEBI \u2713 \u00cen stoc \u2713 Livrare 24h \u2713 Garan\u021bie!","schema":{"@context":"https:\/\/schema.org","@graph":[{"@type":"WebPage","@id":"https:\/\/autorival.ro\/mit\/product\/disc-frana-mitsubishi-outlander-i-cu_w-2-4-hdd-mivec-cu5w-benzina-160-cai-febi-bilstein-108460\/","url":"https:\/\/autorival.ro\/mit\/product\/disc-frana-mitsubishi-outlander-i-cu_w-2-4-hdd-mivec-cu5w-benzina-160-cai-febi-bilstein-108460\/","name":"Disc frana MITSUBISHI OUTLANDER I (CU_W) 2.4 HDD Mivec (CU5W) benzina 160 cai FEBI BILSTEIN 108460 MITUBISHI | FEBI - Autorival","isPartOf":{"@id":"https:\/\/autorival.ro\/mit\/#website"},"primaryImageOfPage":{"@id":"https:\/\/autorival.ro\/mit\/product\/disc-frana-mitsubishi-outlander-i-cu_w-2-4-hdd-mivec-cu5w-benzina-160-cai-febi-bilstein-108460\/#primaryimage"},"image":{"@id":"https:\/\/autorival.ro\/mit\/product\/disc-frana-mitsubishi-outlander-i-cu_w-2-4-hdd-mivec-cu5w-benzina-160-cai-febi-bilstein-108460\/#primaryimage"},"thumbnailUrl":"https:\/\/autorival.ro\/mit\/wp-content\/uploads\/sites\/25\/2026\/01\/108460_1-8.jpg","datePublished":"2026-01-20T07:55:32+00:00","description":"\u26a1 Disc frana MITSUBISHI OUTLANDER I (CU_W) 2.4 HDD Mivec (CU5W) benzina 160 cai FEBI BILSTEIN 108460 pentru MITUBISHI. \u2713 Cod: 108460 \u2713 Brand: FEBI \u2713 \u00cen stoc \u2713 Livrare 24h \u2713 Garan\u021bie!","breadcrumb":{"@id":"https:\/\/autorival.ro\/mit\/product\/disc-frana-mitsubishi-outlander-i-cu_w-2-4-hdd-mivec-cu5w-benzina-160-cai-febi-bilstein-108460\/#breadcrumb"},"inLanguage":"en-US","potentialAction":[{"@type":"ReadAction","target":["https:\/\/autorival.ro\/mit\/product\/disc-frana-mitsubishi-outlander-i-cu_w-2-4-hdd-mivec-cu5w-benzina-160-cai-febi-bilstein-108460\/"]}]},{"@type":"ImageObject","inLanguage":"en-US","@id":"https:\/\/autorival.ro\/mit\/product\/disc-frana-mitsubishi-outlander-i-cu_w-2-4-hdd-mivec-cu5w-benzina-160-cai-febi-bilstein-108460\/#primaryimage","url":"https:\/\/autorival.ro\/mit\/wp-content\/uploads\/sites\/25\/2026\/01\/108460_1-8.jpg","contentUrl":"https:\/\/autorival.ro\/mit\/wp-content\/uploads\/sites\/25\/2026\/01\/108460_1-8.jpg","width":550,"height":400},{"@type":"BreadcrumbList","@id":"https:\/\/autorival.ro\/mit\/product\/disc-frana-mitsubishi-outlander-i-cu_w-2-4-hdd-mivec-cu5w-benzina-160-cai-febi-bilstein-108460\/#breadcrumb","itemListElement":[{"@type":"ListItem","position":1,"name":"Prima pagin\u0103","item":"https:\/\/autorival.ro\/mit\/"},{"@type":"ListItem","position":2,"name":"Piese auto MITUBISHI","item":"https:\/\/autorival.ro\/mit\/"},{"@type":"ListItem","position":3,"name":"Disc frana MITSUBISHI OUTLANDER I (CU_W) 2.4 HDD Mivec (CU5W) benzina 160 cai FEBI BILSTEIN 108460"}]},{"@type":"WebSite","@id":"https:\/\/autorival.ro\/mit\/#website","url":"https:\/\/autorival.ro\/mit\/","name":"MITUBISHI","description":"","potentialAction":[{"@type":"SearchAction","target":{"@type":"EntryPoint","urlTemplate":"https:\/\/autorival.ro\/mit\/?s={search_term_string}"},"query-input":{"@type":"PropertyValueSpecification","valueRequired":true,"valueName":"search_term_string"}}],"inLanguage":"en-US"}]}},"_links":{"self":[{"href":"https:\/\/autorival.ro\/mit\/wp-json\/wp\/v2\/product\/1278745","targetHints":{"allow":["GET"]}}],"collection":[{"href":"https:\/\/autorival.ro\/mit\/wp-json\/wp\/v2\/product"}],"about":[{"href":"https:\/\/autorival.ro\/mit\/wp-json\/wp\/v2\/types\/product"}],"replies":[{"embeddable":true,"href":"https:\/\/autorival.ro\/mit\/wp-json\/wp\/v2\/comments?post=1278745"}],"wp:featuredmedia":[{"embeddable":true,"href":"https:\/\/autorival.ro\/mit\/wp-json\/wp\/v2\/media\/1278746"}],"wp:attachment":[{"href":"https:\/\/autorival.ro\/mit\/wp-json\/wp\/v2\/media?parent=1278745"}],"wp:term":[{"taxonomy":"product_brand","embeddable":true,"href":"https:\/\/autorival.ro\/mit\/wp-json\/wp\/v2\/product_brand?post=1278745"},{"taxonomy":"product_cat","embeddable":true,"href":"https:\/\/autorival.ro\/mit\/wp-json\/wp\/v2\/product_cat?post=1278745"},{"taxonomy":"product_tag","embeddable":true,"href":"https:\/\/autorival.ro\/mit\/wp-json\/wp\/v2\/product_tag?post=1278745"}],"curies":[{"name":"wp","href":"https:\/\/api.w.org\/{rel}","templated":true}]}}