{"id":1277477,"date":"2026-01-20T07:22:18","date_gmt":"2026-01-20T07:22:18","guid":{"rendered":"https:\/\/autorival.ro\/mit\/product\/disc-frana-mitsubishi-lancer-viii-sportback-cx_a-1-8-di-d-diesel-116-cai-denckermann-b130644\/"},"modified":"2026-01-20T07:22:18","modified_gmt":"2026-01-20T07:22:18","slug":"disc-frana-mitsubishi-lancer-viii-sportback-cx_a-1-8-di-d-diesel-116-cai-denckermann-b130644","status":"publish","type":"product","link":"https:\/\/autorival.ro\/mit\/product\/disc-frana-mitsubishi-lancer-viii-sportback-cx_a-1-8-di-d-diesel-116-cai-denckermann-b130644\/","title":{"rendered":"Disc frana MITSUBISHI LANCER VIII Sportback (CX_A) 1.8 DI-D diesel 116 cai DENCKERMANN B130644"},"content":{"rendered":"<p>Partea de montare: puntea spateGrosime minima [mm]: 8,4Tip disc fr\u00e2na: plinDiametrul orificiului [mm]: 12,5Grosime disc fr\u00e2na [mm]: 10Asezare gauri \u00d8 [mm]: 114,3Numar gauri: 5Diametru interior [mm]: 168,0\u00cenaltime [mm]: 60,1Diametru de centrare [mm]: 80Diametru exterior [mm]: 262<\/p>\n","protected":false},"excerpt":{"rendered":"<p>Producator: DENCKERMANN Cod producator: B130644<\/p>\n","protected":false},"featured_media":1277478,"comment_status":"open","ping_status":"closed","template":"","meta":[],"product_brand":[592],"product_cat":[14952],"product_tag":[],"class_list":{"0":"post-1277477","1":"product","2":"type-product","3":"status-publish","4":"has-post-thumbnail","6":"product_brand-denckermann","7":"product_cat-disc-frana-cxa-1-8-di-d-diesel-116","9":"first","10":"instock","11":"shipping-taxable","12":"purchasable","13":"product-type-simple"},"yoast_head":"<!-- This site is optimized with the Yoast SEO plugin v27.5 - https:\/\/yoast.com\/product\/yoast-seo-wordpress\/ -->\n<title>Disc frana MITSUBISHI LANCER VIII Sportback (CX_A) 1.8 DI-D diesel 116 cai DENCKERMANN B130644 MITUBISHI | DENCKERMANN - Autorival<\/title>\n<meta name=\"description\" content=\"\u26a1 Disc frana MITSUBISHI LANCER VIII Sportback (CX_A) 1.8 DI-D diesel 116 cai DENCKERMANN B130644 pentru MITUBISHI. \u2713 Cod: B130644 \u2713 Brand: DENCKERMANN \u2713 \u00cen stoc \u2713 Livrare 24h \u2713 Garan\u021bie!\" \/>\n<meta name=\"robots\" content=\"index, follow, max-snippet:-1, max-image-preview:large, max-video-preview:-1\" \/>\n<meta property=\"og:locale\" content=\"en_US\" \/>\n<meta property=\"og:type\" content=\"article\" \/>\n<meta property=\"og:title\" content=\"Disc frana MITSUBISHI LANCER VIII Sportback (CX_A) 1.8 DI-D diesel 116 cai DENCKERMANN B130644 MITUBISHI | DENCKERMANN - Autorival\" \/>\n<meta property=\"og:description\" content=\"\u26a1 Disc frana MITSUBISHI LANCER VIII Sportback (CX_A) 1.8 DI-D diesel 116 cai DENCKERMANN B130644 pentru MITUBISHI. \u2713 Cod: B130644 \u2713 Brand: DENCKERMANN \u2713 \u00cen stoc \u2713 Livrare 24h \u2713 Garan\u021bie!\" \/>\n<meta property=\"og:url\" content=\"https:\/\/autorival.ro\/mit\/product\/disc-frana-mitsubishi-lancer-viii-sportback-cx_a-1-8-di-d-diesel-116-cai-denckermann-b130644\/\" \/>\n<meta property=\"og:site_name\" content=\"MITUBISHI\" \/>\n<meta property=\"og:image\" content=\"https:\/\/autorival.ro\/mit\/wp-content\/uploads\/sites\/25\/2026\/01\/b130644-18.jpg\" \/>\n\t<meta property=\"og:image:width\" content=\"395\" \/>\n\t<meta property=\"og:image:height\" content=\"293\" \/>\n\t<meta property=\"og:image:type\" content=\"image\/jpeg\" \/>\n<meta name=\"twitter:card\" content=\"summary_large_image\" \/>\n<meta name=\"twitter:title\" content=\"Disc frana MITSUBISHI LANCER VIII Sportback (CX_A) 1.8 DI-D diesel 116 cai DENCKERMANN B130644 MITUBISHI | DENCKERMANN - Autorival\" \/>\n<meta name=\"twitter:description\" content=\"\u26a1 Disc frana MITSUBISHI LANCER VIII Sportback (CX_A) 1.8 DI-D diesel 116 cai DENCKERMANN B130644 pentru MITUBISHI. \u2713 Cod: B130644 \u2713 Brand: DENCKERMANN \u2713 \u00cen stoc \u2713 Livrare 24h \u2713 Garan\u021bie!\" \/>\n<script type=\"application\/ld+json\" class=\"yoast-schema-graph\">{\"@context\":\"https:\\\/\\\/schema.org\",\"@graph\":[{\"@type\":\"WebPage\",\"@id\":\"https:\\\/\\\/autorival.ro\\\/mit\\\/product\\\/disc-frana-mitsubishi-lancer-viii-sportback-cx_a-1-8-di-d-diesel-116-cai-denckermann-b130644\\\/\",\"url\":\"https:\\\/\\\/autorival.ro\\\/mit\\\/product\\\/disc-frana-mitsubishi-lancer-viii-sportback-cx_a-1-8-di-d-diesel-116-cai-denckermann-b130644\\\/\",\"name\":\"Disc frana MITSUBISHI LANCER VIII Sportback (CX_A) 1.8 DI-D diesel 116 cai DENCKERMANN B130644 MITUBISHI | DENCKERMANN - Autorival\",\"isPartOf\":{\"@id\":\"https:\\\/\\\/autorival.ro\\\/mit\\\/#website\"},\"primaryImageOfPage\":{\"@id\":\"https:\\\/\\\/autorival.ro\\\/mit\\\/product\\\/disc-frana-mitsubishi-lancer-viii-sportback-cx_a-1-8-di-d-diesel-116-cai-denckermann-b130644\\\/#primaryimage\"},\"image\":{\"@id\":\"https:\\\/\\\/autorival.ro\\\/mit\\\/product\\\/disc-frana-mitsubishi-lancer-viii-sportback-cx_a-1-8-di-d-diesel-116-cai-denckermann-b130644\\\/#primaryimage\"},\"thumbnailUrl\":\"https:\\\/\\\/autorival.ro\\\/mit\\\/wp-content\\\/uploads\\\/sites\\\/25\\\/2026\\\/01\\\/b130644-18.jpg\",\"datePublished\":\"2026-01-20T07:22:18+00:00\",\"description\":\"\u26a1 Disc frana MITSUBISHI LANCER VIII Sportback (CX_A) 1.8 DI-D diesel 116 cai DENCKERMANN B130644 pentru MITUBISHI. \u2713 Cod: B130644 \u2713 Brand: DENCKERMANN \u2713 \u00cen stoc \u2713 Livrare 24h \u2713 Garan\u021bie!\",\"breadcrumb\":{\"@id\":\"https:\\\/\\\/autorival.ro\\\/mit\\\/product\\\/disc-frana-mitsubishi-lancer-viii-sportback-cx_a-1-8-di-d-diesel-116-cai-denckermann-b130644\\\/#breadcrumb\"},\"inLanguage\":\"en-US\",\"potentialAction\":[{\"@type\":\"ReadAction\",\"target\":[\"https:\\\/\\\/autorival.ro\\\/mit\\\/product\\\/disc-frana-mitsubishi-lancer-viii-sportback-cx_a-1-8-di-d-diesel-116-cai-denckermann-b130644\\\/\"]}]},{\"@type\":\"ImageObject\",\"inLanguage\":\"en-US\",\"@id\":\"https:\\\/\\\/autorival.ro\\\/mit\\\/product\\\/disc-frana-mitsubishi-lancer-viii-sportback-cx_a-1-8-di-d-diesel-116-cai-denckermann-b130644\\\/#primaryimage\",\"url\":\"https:\\\/\\\/autorival.ro\\\/mit\\\/wp-content\\\/uploads\\\/sites\\\/25\\\/2026\\\/01\\\/b130644-18.jpg\",\"contentUrl\":\"https:\\\/\\\/autorival.ro\\\/mit\\\/wp-content\\\/uploads\\\/sites\\\/25\\\/2026\\\/01\\\/b130644-18.jpg\",\"width\":395,\"height\":293},{\"@type\":\"BreadcrumbList\",\"@id\":\"https:\\\/\\\/autorival.ro\\\/mit\\\/product\\\/disc-frana-mitsubishi-lancer-viii-sportback-cx_a-1-8-di-d-diesel-116-cai-denckermann-b130644\\\/#breadcrumb\",\"itemListElement\":[{\"@type\":\"ListItem\",\"position\":1,\"name\":\"Prima pagin\u0103\",\"item\":\"https:\\\/\\\/autorival.ro\\\/mit\\\/\"},{\"@type\":\"ListItem\",\"position\":2,\"name\":\"Piese auto MITUBISHI\",\"item\":\"https:\\\/\\\/autorival.ro\\\/mit\\\/\"},{\"@type\":\"ListItem\",\"position\":3,\"name\":\"Disc frana MITSUBISHI LANCER VIII Sportback (CX_A) 1.8 DI-D diesel 116 cai DENCKERMANN B130644\"}]},{\"@type\":\"WebSite\",\"@id\":\"https:\\\/\\\/autorival.ro\\\/mit\\\/#website\",\"url\":\"https:\\\/\\\/autorival.ro\\\/mit\\\/\",\"name\":\"MITUBISHI\",\"description\":\"\",\"potentialAction\":[{\"@type\":\"SearchAction\",\"target\":{\"@type\":\"EntryPoint\",\"urlTemplate\":\"https:\\\/\\\/autorival.ro\\\/mit\\\/?s={search_term_string}\"},\"query-input\":{\"@type\":\"PropertyValueSpecification\",\"valueRequired\":true,\"valueName\":\"search_term_string\"}}],\"inLanguage\":\"en-US\"}]}<\/script>\n<!-- \/ Yoast SEO plugin. -->","yoast_head_json":{"title":"Disc frana MITSUBISHI LANCER VIII Sportback (CX_A) 1.8 DI-D diesel 116 cai DENCKERMANN B130644 MITUBISHI | DENCKERMANN - Autorival","description":"\u26a1 Disc frana MITSUBISHI LANCER VIII Sportback (CX_A) 1.8 DI-D diesel 116 cai DENCKERMANN B130644 pentru MITUBISHI. \u2713 Cod: B130644 \u2713 Brand: DENCKERMANN \u2713 \u00cen stoc \u2713 Livrare 24h \u2713 Garan\u021bie!","robots":{"index":"index","follow":"follow","max-snippet":"max-snippet:-1","max-image-preview":"max-image-preview:large","max-video-preview":"max-video-preview:-1"},"og_locale":"en_US","og_type":"article","og_title":"Disc frana MITSUBISHI LANCER VIII Sportback (CX_A) 1.8 DI-D diesel 116 cai DENCKERMANN B130644 MITUBISHI | DENCKERMANN - Autorival","og_description":"\u26a1 Disc frana MITSUBISHI LANCER VIII Sportback (CX_A) 1.8 DI-D diesel 116 cai DENCKERMANN B130644 pentru MITUBISHI. \u2713 Cod: B130644 \u2713 Brand: DENCKERMANN \u2713 \u00cen stoc \u2713 Livrare 24h \u2713 Garan\u021bie!","og_url":"https:\/\/autorival.ro\/mit\/product\/disc-frana-mitsubishi-lancer-viii-sportback-cx_a-1-8-di-d-diesel-116-cai-denckermann-b130644\/","og_site_name":"MITUBISHI","og_image":[{"width":395,"height":293,"url":"https:\/\/autorival.ro\/mit\/wp-content\/uploads\/sites\/25\/2026\/01\/b130644-18.jpg","type":"image\/jpeg"}],"twitter_card":"summary_large_image","twitter_title":"Disc frana MITSUBISHI LANCER VIII Sportback (CX_A) 1.8 DI-D diesel 116 cai DENCKERMANN B130644 MITUBISHI | DENCKERMANN - Autorival","twitter_description":"\u26a1 Disc frana MITSUBISHI LANCER VIII Sportback (CX_A) 1.8 DI-D diesel 116 cai DENCKERMANN B130644 pentru MITUBISHI. \u2713 Cod: B130644 \u2713 Brand: DENCKERMANN \u2713 \u00cen stoc \u2713 Livrare 24h \u2713 Garan\u021bie!","schema":{"@context":"https:\/\/schema.org","@graph":[{"@type":"WebPage","@id":"https:\/\/autorival.ro\/mit\/product\/disc-frana-mitsubishi-lancer-viii-sportback-cx_a-1-8-di-d-diesel-116-cai-denckermann-b130644\/","url":"https:\/\/autorival.ro\/mit\/product\/disc-frana-mitsubishi-lancer-viii-sportback-cx_a-1-8-di-d-diesel-116-cai-denckermann-b130644\/","name":"Disc frana MITSUBISHI LANCER VIII Sportback (CX_A) 1.8 DI-D diesel 116 cai DENCKERMANN B130644 MITUBISHI | DENCKERMANN - Autorival","isPartOf":{"@id":"https:\/\/autorival.ro\/mit\/#website"},"primaryImageOfPage":{"@id":"https:\/\/autorival.ro\/mit\/product\/disc-frana-mitsubishi-lancer-viii-sportback-cx_a-1-8-di-d-diesel-116-cai-denckermann-b130644\/#primaryimage"},"image":{"@id":"https:\/\/autorival.ro\/mit\/product\/disc-frana-mitsubishi-lancer-viii-sportback-cx_a-1-8-di-d-diesel-116-cai-denckermann-b130644\/#primaryimage"},"thumbnailUrl":"https:\/\/autorival.ro\/mit\/wp-content\/uploads\/sites\/25\/2026\/01\/b130644-18.jpg","datePublished":"2026-01-20T07:22:18+00:00","description":"\u26a1 Disc frana MITSUBISHI LANCER VIII Sportback (CX_A) 1.8 DI-D diesel 116 cai DENCKERMANN B130644 pentru MITUBISHI. \u2713 Cod: B130644 \u2713 Brand: DENCKERMANN \u2713 \u00cen stoc \u2713 Livrare 24h \u2713 Garan\u021bie!","breadcrumb":{"@id":"https:\/\/autorival.ro\/mit\/product\/disc-frana-mitsubishi-lancer-viii-sportback-cx_a-1-8-di-d-diesel-116-cai-denckermann-b130644\/#breadcrumb"},"inLanguage":"en-US","potentialAction":[{"@type":"ReadAction","target":["https:\/\/autorival.ro\/mit\/product\/disc-frana-mitsubishi-lancer-viii-sportback-cx_a-1-8-di-d-diesel-116-cai-denckermann-b130644\/"]}]},{"@type":"ImageObject","inLanguage":"en-US","@id":"https:\/\/autorival.ro\/mit\/product\/disc-frana-mitsubishi-lancer-viii-sportback-cx_a-1-8-di-d-diesel-116-cai-denckermann-b130644\/#primaryimage","url":"https:\/\/autorival.ro\/mit\/wp-content\/uploads\/sites\/25\/2026\/01\/b130644-18.jpg","contentUrl":"https:\/\/autorival.ro\/mit\/wp-content\/uploads\/sites\/25\/2026\/01\/b130644-18.jpg","width":395,"height":293},{"@type":"BreadcrumbList","@id":"https:\/\/autorival.ro\/mit\/product\/disc-frana-mitsubishi-lancer-viii-sportback-cx_a-1-8-di-d-diesel-116-cai-denckermann-b130644\/#breadcrumb","itemListElement":[{"@type":"ListItem","position":1,"name":"Prima pagin\u0103","item":"https:\/\/autorival.ro\/mit\/"},{"@type":"ListItem","position":2,"name":"Piese auto MITUBISHI","item":"https:\/\/autorival.ro\/mit\/"},{"@type":"ListItem","position":3,"name":"Disc frana MITSUBISHI LANCER VIII Sportback (CX_A) 1.8 DI-D diesel 116 cai DENCKERMANN B130644"}]},{"@type":"WebSite","@id":"https:\/\/autorival.ro\/mit\/#website","url":"https:\/\/autorival.ro\/mit\/","name":"MITUBISHI","description":"","potentialAction":[{"@type":"SearchAction","target":{"@type":"EntryPoint","urlTemplate":"https:\/\/autorival.ro\/mit\/?s={search_term_string}"},"query-input":{"@type":"PropertyValueSpecification","valueRequired":true,"valueName":"search_term_string"}}],"inLanguage":"en-US"}]}},"_links":{"self":[{"href":"https:\/\/autorival.ro\/mit\/wp-json\/wp\/v2\/product\/1277477","targetHints":{"allow":["GET"]}}],"collection":[{"href":"https:\/\/autorival.ro\/mit\/wp-json\/wp\/v2\/product"}],"about":[{"href":"https:\/\/autorival.ro\/mit\/wp-json\/wp\/v2\/types\/product"}],"replies":[{"embeddable":true,"href":"https:\/\/autorival.ro\/mit\/wp-json\/wp\/v2\/comments?post=1277477"}],"wp:featuredmedia":[{"embeddable":true,"href":"https:\/\/autorival.ro\/mit\/wp-json\/wp\/v2\/media\/1277478"}],"wp:attachment":[{"href":"https:\/\/autorival.ro\/mit\/wp-json\/wp\/v2\/media?parent=1277477"}],"wp:term":[{"taxonomy":"product_brand","embeddable":true,"href":"https:\/\/autorival.ro\/mit\/wp-json\/wp\/v2\/product_brand?post=1277477"},{"taxonomy":"product_cat","embeddable":true,"href":"https:\/\/autorival.ro\/mit\/wp-json\/wp\/v2\/product_cat?post=1277477"},{"taxonomy":"product_tag","embeddable":true,"href":"https:\/\/autorival.ro\/mit\/wp-json\/wp\/v2\/product_tag?post=1277477"}],"curies":[{"name":"wp","href":"https:\/\/api.w.org\/{rel}","templated":true}]}}