{"id":1275427,"date":"2026-01-20T06:32:47","date_gmt":"2026-01-20T06:32:47","guid":{"rendered":"https:\/\/autorival.ro\/mit\/product\/disc-frana-mitsubishi-lancer-vii-combi-cs_w-ct_w-2-0-cs9w-benzina-135-cai-febi-bilstein-108526\/"},"modified":"2026-01-20T06:32:47","modified_gmt":"2026-01-20T06:32:47","slug":"disc-frana-mitsubishi-lancer-vii-combi-cs_w-ct_w-2-0-cs9w-benzina-135-cai-febi-bilstein-108526","status":"publish","type":"product","link":"https:\/\/autorival.ro\/mit\/product\/disc-frana-mitsubishi-lancer-vii-combi-cs_w-ct_w-2-0-cs9w-benzina-135-cai-febi-bilstein-108526\/","title":{"rendered":"Disc frana MITSUBISHI LANCER VII combi (CS_W, CT_W) 2.0 (CS9W) benzina 135 cai FEBI BILSTEIN 108526"},"content":{"rendered":"<p>Grosime disc fr\u00e2na [mm]: 10Janta, numar gauri: 5Numarul gaurilor de fixare: 3Grosime [mm]: 60Diametru exterior [mm]: 262Asezare gauri \u00d8 [mm]: 114,3Suprafata: acoperit (cu un strat protector)Tip disc fr\u00e2na: plinPartea de montare: puntea spateGrosime minima [mm]: 8,4Diametru de centrare [mm]: 90Greutate [kg]: 4,320Atentie la informatii de service<\/p>\n","protected":false},"excerpt":{"rendered":"<p>Producator: FEBI BILSTEIN Cod producator: 108526<\/p>\n","protected":false},"featured_media":1275428,"comment_status":"open","ping_status":"closed","template":"","meta":[],"product_brand":[303],"product_cat":[14924],"product_tag":[],"class_list":{"0":"post-1275427","1":"product","2":"type-product","3":"status-publish","4":"has-post-thumbnail","6":"product_brand-febi-bilstein","7":"product_cat-disc-frana-csw-ctw-2-0-cs9w-benzina-135","9":"first","10":"instock","11":"shipping-taxable","12":"purchasable","13":"product-type-simple"},"yoast_head":"<!-- This site is optimized with the Yoast SEO plugin v27.5 - https:\/\/yoast.com\/product\/yoast-seo-wordpress\/ -->\n<title>Disc frana MITSUBISHI LANCER VII combi (CS_W, CT_W) 2.0 (CS9W) benzina 135 cai FEBI BILSTEIN 108526 MITUBISHI | FEBI - Autorival<\/title>\n<meta name=\"description\" content=\"\u26a1 Disc frana MITSUBISHI LANCER VII combi (CS_W, CT_W) 2.0 (CS9W) benzina 135 cai FEBI BILSTEIN 108526 pentru MITUBISHI. \u2713 Cod: 108526 \u2713 Brand: FEBI \u2713 \u00cen stoc \u2713 Livrare 24h \u2713 Garan\u021bie!\" \/>\n<meta name=\"robots\" content=\"index, follow, max-snippet:-1, max-image-preview:large, max-video-preview:-1\" \/>\n<meta property=\"og:locale\" content=\"en_US\" \/>\n<meta property=\"og:type\" content=\"article\" \/>\n<meta property=\"og:title\" content=\"Disc frana MITSUBISHI LANCER VII combi (CS_W, CT_W) 2.0 (CS9W) benzina 135 cai FEBI BILSTEIN 108526 MITUBISHI | FEBI - Autorival\" \/>\n<meta property=\"og:description\" content=\"\u26a1 Disc frana MITSUBISHI LANCER VII combi (CS_W, CT_W) 2.0 (CS9W) benzina 135 cai FEBI BILSTEIN 108526 pentru MITUBISHI. \u2713 Cod: 108526 \u2713 Brand: FEBI \u2713 \u00cen stoc \u2713 Livrare 24h \u2713 Garan\u021bie!\" \/>\n<meta property=\"og:url\" content=\"https:\/\/autorival.ro\/mit\/product\/disc-frana-mitsubishi-lancer-vii-combi-cs_w-ct_w-2-0-cs9w-benzina-135-cai-febi-bilstein-108526\/\" \/>\n<meta property=\"og:site_name\" content=\"MITUBISHI\" \/>\n<meta property=\"og:image\" content=\"https:\/\/autorival.ro\/mit\/wp-content\/uploads\/sites\/25\/2026\/01\/108526_1-5.jpg\" \/>\n\t<meta property=\"og:image:width\" content=\"525\" \/>\n\t<meta property=\"og:image:height\" content=\"400\" \/>\n\t<meta property=\"og:image:type\" content=\"image\/jpeg\" \/>\n<meta name=\"twitter:card\" content=\"summary_large_image\" \/>\n<meta name=\"twitter:title\" content=\"Disc frana MITSUBISHI LANCER VII combi (CS_W, CT_W) 2.0 (CS9W) benzina 135 cai FEBI BILSTEIN 108526 MITUBISHI | FEBI - Autorival\" \/>\n<meta name=\"twitter:description\" content=\"\u26a1 Disc frana MITSUBISHI LANCER VII combi (CS_W, CT_W) 2.0 (CS9W) benzina 135 cai FEBI BILSTEIN 108526 pentru MITUBISHI. \u2713 Cod: 108526 \u2713 Brand: FEBI \u2713 \u00cen stoc \u2713 Livrare 24h \u2713 Garan\u021bie!\" \/>\n<script type=\"application\/ld+json\" class=\"yoast-schema-graph\">{\"@context\":\"https:\\\/\\\/schema.org\",\"@graph\":[{\"@type\":\"WebPage\",\"@id\":\"https:\\\/\\\/autorival.ro\\\/mit\\\/product\\\/disc-frana-mitsubishi-lancer-vii-combi-cs_w-ct_w-2-0-cs9w-benzina-135-cai-febi-bilstein-108526\\\/\",\"url\":\"https:\\\/\\\/autorival.ro\\\/mit\\\/product\\\/disc-frana-mitsubishi-lancer-vii-combi-cs_w-ct_w-2-0-cs9w-benzina-135-cai-febi-bilstein-108526\\\/\",\"name\":\"Disc frana MITSUBISHI LANCER VII combi (CS_W, CT_W) 2.0 (CS9W) benzina 135 cai FEBI BILSTEIN 108526 MITUBISHI | FEBI - Autorival\",\"isPartOf\":{\"@id\":\"https:\\\/\\\/autorival.ro\\\/mit\\\/#website\"},\"primaryImageOfPage\":{\"@id\":\"https:\\\/\\\/autorival.ro\\\/mit\\\/product\\\/disc-frana-mitsubishi-lancer-vii-combi-cs_w-ct_w-2-0-cs9w-benzina-135-cai-febi-bilstein-108526\\\/#primaryimage\"},\"image\":{\"@id\":\"https:\\\/\\\/autorival.ro\\\/mit\\\/product\\\/disc-frana-mitsubishi-lancer-vii-combi-cs_w-ct_w-2-0-cs9w-benzina-135-cai-febi-bilstein-108526\\\/#primaryimage\"},\"thumbnailUrl\":\"https:\\\/\\\/autorival.ro\\\/mit\\\/wp-content\\\/uploads\\\/sites\\\/25\\\/2026\\\/01\\\/108526_1-5.jpg\",\"datePublished\":\"2026-01-20T06:32:47+00:00\",\"description\":\"\u26a1 Disc frana MITSUBISHI LANCER VII combi (CS_W, CT_W) 2.0 (CS9W) benzina 135 cai FEBI BILSTEIN 108526 pentru MITUBISHI. \u2713 Cod: 108526 \u2713 Brand: FEBI \u2713 \u00cen stoc \u2713 Livrare 24h \u2713 Garan\u021bie!\",\"breadcrumb\":{\"@id\":\"https:\\\/\\\/autorival.ro\\\/mit\\\/product\\\/disc-frana-mitsubishi-lancer-vii-combi-cs_w-ct_w-2-0-cs9w-benzina-135-cai-febi-bilstein-108526\\\/#breadcrumb\"},\"inLanguage\":\"en-US\",\"potentialAction\":[{\"@type\":\"ReadAction\",\"target\":[\"https:\\\/\\\/autorival.ro\\\/mit\\\/product\\\/disc-frana-mitsubishi-lancer-vii-combi-cs_w-ct_w-2-0-cs9w-benzina-135-cai-febi-bilstein-108526\\\/\"]}]},{\"@type\":\"ImageObject\",\"inLanguage\":\"en-US\",\"@id\":\"https:\\\/\\\/autorival.ro\\\/mit\\\/product\\\/disc-frana-mitsubishi-lancer-vii-combi-cs_w-ct_w-2-0-cs9w-benzina-135-cai-febi-bilstein-108526\\\/#primaryimage\",\"url\":\"https:\\\/\\\/autorival.ro\\\/mit\\\/wp-content\\\/uploads\\\/sites\\\/25\\\/2026\\\/01\\\/108526_1-5.jpg\",\"contentUrl\":\"https:\\\/\\\/autorival.ro\\\/mit\\\/wp-content\\\/uploads\\\/sites\\\/25\\\/2026\\\/01\\\/108526_1-5.jpg\",\"width\":525,\"height\":400},{\"@type\":\"BreadcrumbList\",\"@id\":\"https:\\\/\\\/autorival.ro\\\/mit\\\/product\\\/disc-frana-mitsubishi-lancer-vii-combi-cs_w-ct_w-2-0-cs9w-benzina-135-cai-febi-bilstein-108526\\\/#breadcrumb\",\"itemListElement\":[{\"@type\":\"ListItem\",\"position\":1,\"name\":\"Prima pagin\u0103\",\"item\":\"https:\\\/\\\/autorival.ro\\\/mit\\\/\"},{\"@type\":\"ListItem\",\"position\":2,\"name\":\"Piese auto MITUBISHI\",\"item\":\"https:\\\/\\\/autorival.ro\\\/mit\\\/\"},{\"@type\":\"ListItem\",\"position\":3,\"name\":\"Disc frana MITSUBISHI LANCER VII combi (CS_W, CT_W) 2.0 (CS9W) benzina 135 cai FEBI BILSTEIN 108526\"}]},{\"@type\":\"WebSite\",\"@id\":\"https:\\\/\\\/autorival.ro\\\/mit\\\/#website\",\"url\":\"https:\\\/\\\/autorival.ro\\\/mit\\\/\",\"name\":\"MITUBISHI\",\"description\":\"\",\"potentialAction\":[{\"@type\":\"SearchAction\",\"target\":{\"@type\":\"EntryPoint\",\"urlTemplate\":\"https:\\\/\\\/autorival.ro\\\/mit\\\/?s={search_term_string}\"},\"query-input\":{\"@type\":\"PropertyValueSpecification\",\"valueRequired\":true,\"valueName\":\"search_term_string\"}}],\"inLanguage\":\"en-US\"}]}<\/script>\n<!-- \/ Yoast SEO plugin. -->","yoast_head_json":{"title":"Disc frana MITSUBISHI LANCER VII combi (CS_W, CT_W) 2.0 (CS9W) benzina 135 cai FEBI BILSTEIN 108526 MITUBISHI | FEBI - Autorival","description":"\u26a1 Disc frana MITSUBISHI LANCER VII combi (CS_W, CT_W) 2.0 (CS9W) benzina 135 cai FEBI BILSTEIN 108526 pentru MITUBISHI. \u2713 Cod: 108526 \u2713 Brand: FEBI \u2713 \u00cen stoc \u2713 Livrare 24h \u2713 Garan\u021bie!","robots":{"index":"index","follow":"follow","max-snippet":"max-snippet:-1","max-image-preview":"max-image-preview:large","max-video-preview":"max-video-preview:-1"},"og_locale":"en_US","og_type":"article","og_title":"Disc frana MITSUBISHI LANCER VII combi (CS_W, CT_W) 2.0 (CS9W) benzina 135 cai FEBI BILSTEIN 108526 MITUBISHI | FEBI - Autorival","og_description":"\u26a1 Disc frana MITSUBISHI LANCER VII combi (CS_W, CT_W) 2.0 (CS9W) benzina 135 cai FEBI BILSTEIN 108526 pentru MITUBISHI. \u2713 Cod: 108526 \u2713 Brand: FEBI \u2713 \u00cen stoc \u2713 Livrare 24h \u2713 Garan\u021bie!","og_url":"https:\/\/autorival.ro\/mit\/product\/disc-frana-mitsubishi-lancer-vii-combi-cs_w-ct_w-2-0-cs9w-benzina-135-cai-febi-bilstein-108526\/","og_site_name":"MITUBISHI","og_image":[{"width":525,"height":400,"url":"https:\/\/autorival.ro\/mit\/wp-content\/uploads\/sites\/25\/2026\/01\/108526_1-5.jpg","type":"image\/jpeg"}],"twitter_card":"summary_large_image","twitter_title":"Disc frana MITSUBISHI LANCER VII combi (CS_W, CT_W) 2.0 (CS9W) benzina 135 cai FEBI BILSTEIN 108526 MITUBISHI | FEBI - Autorival","twitter_description":"\u26a1 Disc frana MITSUBISHI LANCER VII combi (CS_W, CT_W) 2.0 (CS9W) benzina 135 cai FEBI BILSTEIN 108526 pentru MITUBISHI. \u2713 Cod: 108526 \u2713 Brand: FEBI \u2713 \u00cen stoc \u2713 Livrare 24h \u2713 Garan\u021bie!","schema":{"@context":"https:\/\/schema.org","@graph":[{"@type":"WebPage","@id":"https:\/\/autorival.ro\/mit\/product\/disc-frana-mitsubishi-lancer-vii-combi-cs_w-ct_w-2-0-cs9w-benzina-135-cai-febi-bilstein-108526\/","url":"https:\/\/autorival.ro\/mit\/product\/disc-frana-mitsubishi-lancer-vii-combi-cs_w-ct_w-2-0-cs9w-benzina-135-cai-febi-bilstein-108526\/","name":"Disc frana MITSUBISHI LANCER VII combi (CS_W, CT_W) 2.0 (CS9W) benzina 135 cai FEBI BILSTEIN 108526 MITUBISHI | FEBI - Autorival","isPartOf":{"@id":"https:\/\/autorival.ro\/mit\/#website"},"primaryImageOfPage":{"@id":"https:\/\/autorival.ro\/mit\/product\/disc-frana-mitsubishi-lancer-vii-combi-cs_w-ct_w-2-0-cs9w-benzina-135-cai-febi-bilstein-108526\/#primaryimage"},"image":{"@id":"https:\/\/autorival.ro\/mit\/product\/disc-frana-mitsubishi-lancer-vii-combi-cs_w-ct_w-2-0-cs9w-benzina-135-cai-febi-bilstein-108526\/#primaryimage"},"thumbnailUrl":"https:\/\/autorival.ro\/mit\/wp-content\/uploads\/sites\/25\/2026\/01\/108526_1-5.jpg","datePublished":"2026-01-20T06:32:47+00:00","description":"\u26a1 Disc frana MITSUBISHI LANCER VII combi (CS_W, CT_W) 2.0 (CS9W) benzina 135 cai FEBI BILSTEIN 108526 pentru MITUBISHI. \u2713 Cod: 108526 \u2713 Brand: FEBI \u2713 \u00cen stoc \u2713 Livrare 24h \u2713 Garan\u021bie!","breadcrumb":{"@id":"https:\/\/autorival.ro\/mit\/product\/disc-frana-mitsubishi-lancer-vii-combi-cs_w-ct_w-2-0-cs9w-benzina-135-cai-febi-bilstein-108526\/#breadcrumb"},"inLanguage":"en-US","potentialAction":[{"@type":"ReadAction","target":["https:\/\/autorival.ro\/mit\/product\/disc-frana-mitsubishi-lancer-vii-combi-cs_w-ct_w-2-0-cs9w-benzina-135-cai-febi-bilstein-108526\/"]}]},{"@type":"ImageObject","inLanguage":"en-US","@id":"https:\/\/autorival.ro\/mit\/product\/disc-frana-mitsubishi-lancer-vii-combi-cs_w-ct_w-2-0-cs9w-benzina-135-cai-febi-bilstein-108526\/#primaryimage","url":"https:\/\/autorival.ro\/mit\/wp-content\/uploads\/sites\/25\/2026\/01\/108526_1-5.jpg","contentUrl":"https:\/\/autorival.ro\/mit\/wp-content\/uploads\/sites\/25\/2026\/01\/108526_1-5.jpg","width":525,"height":400},{"@type":"BreadcrumbList","@id":"https:\/\/autorival.ro\/mit\/product\/disc-frana-mitsubishi-lancer-vii-combi-cs_w-ct_w-2-0-cs9w-benzina-135-cai-febi-bilstein-108526\/#breadcrumb","itemListElement":[{"@type":"ListItem","position":1,"name":"Prima pagin\u0103","item":"https:\/\/autorival.ro\/mit\/"},{"@type":"ListItem","position":2,"name":"Piese auto MITUBISHI","item":"https:\/\/autorival.ro\/mit\/"},{"@type":"ListItem","position":3,"name":"Disc frana MITSUBISHI LANCER VII combi (CS_W, CT_W) 2.0 (CS9W) benzina 135 cai FEBI BILSTEIN 108526"}]},{"@type":"WebSite","@id":"https:\/\/autorival.ro\/mit\/#website","url":"https:\/\/autorival.ro\/mit\/","name":"MITUBISHI","description":"","potentialAction":[{"@type":"SearchAction","target":{"@type":"EntryPoint","urlTemplate":"https:\/\/autorival.ro\/mit\/?s={search_term_string}"},"query-input":{"@type":"PropertyValueSpecification","valueRequired":true,"valueName":"search_term_string"}}],"inLanguage":"en-US"}]}},"_links":{"self":[{"href":"https:\/\/autorival.ro\/mit\/wp-json\/wp\/v2\/product\/1275427","targetHints":{"allow":["GET"]}}],"collection":[{"href":"https:\/\/autorival.ro\/mit\/wp-json\/wp\/v2\/product"}],"about":[{"href":"https:\/\/autorival.ro\/mit\/wp-json\/wp\/v2\/types\/product"}],"replies":[{"embeddable":true,"href":"https:\/\/autorival.ro\/mit\/wp-json\/wp\/v2\/comments?post=1275427"}],"wp:featuredmedia":[{"embeddable":true,"href":"https:\/\/autorival.ro\/mit\/wp-json\/wp\/v2\/media\/1275428"}],"wp:attachment":[{"href":"https:\/\/autorival.ro\/mit\/wp-json\/wp\/v2\/media?parent=1275427"}],"wp:term":[{"taxonomy":"product_brand","embeddable":true,"href":"https:\/\/autorival.ro\/mit\/wp-json\/wp\/v2\/product_brand?post=1275427"},{"taxonomy":"product_cat","embeddable":true,"href":"https:\/\/autorival.ro\/mit\/wp-json\/wp\/v2\/product_cat?post=1275427"},{"taxonomy":"product_tag","embeddable":true,"href":"https:\/\/autorival.ro\/mit\/wp-json\/wp\/v2\/product_tag?post=1275427"}],"curies":[{"name":"wp","href":"https:\/\/api.w.org\/{rel}","templated":true}]}}