{"id":1274575,"date":"2026-01-20T06:09:04","date_gmt":"2026-01-20T06:09:04","guid":{"rendered":"https:\/\/autorival.ro\/mit\/product\/disc-frana-mitsubishi-lancer-vi-cj_-cp_-evo-v-cp9a-benzina-280-cai-abs-17125\/"},"modified":"2026-01-20T06:09:04","modified_gmt":"2026-01-20T06:09:04","slug":"disc-frana-mitsubishi-lancer-vi-cj_-cp_-evo-v-cp9a-benzina-280-cai-abs-17125","status":"publish","type":"product","link":"https:\/\/autorival.ro\/mit\/product\/disc-frana-mitsubishi-lancer-vi-cj_-cp_-evo-v-cp9a-benzina-280-cai-abs-17125\/","title":{"rendered":"Disc frana MITSUBISHI LANCER VI (CJ_, CP_) EVO V (CP9A) benzina 280 cai ABS 17125"},"content":{"rendered":"<p>Partea de montare: punte fataMarime janta [inch]: 15,0Diametru exterior [mm]: 276Grosime disc fr\u00e2na [mm]: 24\u00cenaltime [mm]: 45,2Janta, numar gauri: 5Tip disc fr\u00e2na: ventilatAsezare gauri \u00d8 [mm]: 114,3Suprafata: acoperit (cu un strat protector)Diametru butuc [mm]: 156Greutate [kg]: 12,2<\/p>\n","protected":false},"excerpt":{"rendered":"<p>Producator: ABS Cod producator: 17125<\/p>\n","protected":false},"featured_media":1274576,"comment_status":"open","ping_status":"closed","template":"","meta":[],"product_brand":[4279],"product_cat":[14913],"product_tag":[],"class_list":{"0":"post-1274575","1":"product","2":"type-product","3":"status-publish","4":"has-post-thumbnail","6":"product_brand-abs","7":"product_cat-disc-frana-cj-cp-evo-v-cp9a-benzina-280","9":"first","10":"instock","11":"shipping-taxable","12":"purchasable","13":"product-type-simple"},"yoast_head":"<!-- This site is optimized with the Yoast SEO plugin v27.5 - https:\/\/yoast.com\/product\/yoast-seo-wordpress\/ -->\n<title>Disc frana MITSUBISHI LANCER VI (CJ_, CP_) EVO V (CP9A) benzina 280 cai ABS 17125 MITUBISHI | ABS - Autorival<\/title>\n<meta name=\"description\" content=\"\u26a1 Disc frana MITSUBISHI LANCER VI (CJ_, CP_) EVO V (CP9A) benzina 280 cai ABS 17125 pentru MITUBISHI. \u2713 Cod: 17125 \u2713 Brand: ABS \u2713 \u00cen stoc \u2713 Livrare 24h \u2713 Garan\u021bie!\" \/>\n<meta name=\"robots\" content=\"index, follow, max-snippet:-1, max-image-preview:large, max-video-preview:-1\" \/>\n<meta property=\"og:locale\" content=\"en_US\" \/>\n<meta property=\"og:type\" content=\"article\" \/>\n<meta property=\"og:title\" content=\"Disc frana MITSUBISHI LANCER VI (CJ_, CP_) EVO V (CP9A) benzina 280 cai ABS 17125 MITUBISHI | ABS - Autorival\" \/>\n<meta property=\"og:description\" content=\"\u26a1 Disc frana MITSUBISHI LANCER VI (CJ_, CP_) EVO V (CP9A) benzina 280 cai ABS 17125 pentru MITUBISHI. \u2713 Cod: 17125 \u2713 Brand: ABS \u2713 \u00cen stoc \u2713 Livrare 24h \u2713 Garan\u021bie!\" \/>\n<meta property=\"og:url\" content=\"https:\/\/autorival.ro\/mit\/product\/disc-frana-mitsubishi-lancer-vi-cj_-cp_-evo-v-cp9a-benzina-280-cai-abs-17125\/\" \/>\n<meta property=\"og:site_name\" content=\"MITUBISHI\" \/>\n<meta property=\"og:image\" content=\"https:\/\/autorival.ro\/mit\/wp-content\/uploads\/sites\/25\/2026\/01\/17125-2.jpg\" \/>\n\t<meta property=\"og:image:width\" content=\"600\" \/>\n\t<meta property=\"og:image:height\" content=\"312\" \/>\n\t<meta property=\"og:image:type\" content=\"image\/jpeg\" \/>\n<meta name=\"twitter:card\" content=\"summary_large_image\" \/>\n<meta name=\"twitter:title\" content=\"Disc frana MITSUBISHI LANCER VI (CJ_, CP_) EVO V (CP9A) benzina 280 cai ABS 17125 MITUBISHI | ABS - Autorival\" \/>\n<meta name=\"twitter:description\" content=\"\u26a1 Disc frana MITSUBISHI LANCER VI (CJ_, CP_) EVO V (CP9A) benzina 280 cai ABS 17125 pentru MITUBISHI. \u2713 Cod: 17125 \u2713 Brand: ABS \u2713 \u00cen stoc \u2713 Livrare 24h \u2713 Garan\u021bie!\" \/>\n<script type=\"application\/ld+json\" class=\"yoast-schema-graph\">{\"@context\":\"https:\\\/\\\/schema.org\",\"@graph\":[{\"@type\":\"WebPage\",\"@id\":\"https:\\\/\\\/autorival.ro\\\/mit\\\/product\\\/disc-frana-mitsubishi-lancer-vi-cj_-cp_-evo-v-cp9a-benzina-280-cai-abs-17125\\\/\",\"url\":\"https:\\\/\\\/autorival.ro\\\/mit\\\/product\\\/disc-frana-mitsubishi-lancer-vi-cj_-cp_-evo-v-cp9a-benzina-280-cai-abs-17125\\\/\",\"name\":\"Disc frana MITSUBISHI LANCER VI (CJ_, CP_) EVO V (CP9A) benzina 280 cai ABS 17125 MITUBISHI | ABS - Autorival\",\"isPartOf\":{\"@id\":\"https:\\\/\\\/autorival.ro\\\/mit\\\/#website\"},\"primaryImageOfPage\":{\"@id\":\"https:\\\/\\\/autorival.ro\\\/mit\\\/product\\\/disc-frana-mitsubishi-lancer-vi-cj_-cp_-evo-v-cp9a-benzina-280-cai-abs-17125\\\/#primaryimage\"},\"image\":{\"@id\":\"https:\\\/\\\/autorival.ro\\\/mit\\\/product\\\/disc-frana-mitsubishi-lancer-vi-cj_-cp_-evo-v-cp9a-benzina-280-cai-abs-17125\\\/#primaryimage\"},\"thumbnailUrl\":\"https:\\\/\\\/autorival.ro\\\/mit\\\/wp-content\\\/uploads\\\/sites\\\/25\\\/2026\\\/01\\\/17125-2.jpg\",\"datePublished\":\"2026-01-20T06:09:04+00:00\",\"description\":\"\u26a1 Disc frana MITSUBISHI LANCER VI (CJ_, CP_) EVO V (CP9A) benzina 280 cai ABS 17125 pentru MITUBISHI. \u2713 Cod: 17125 \u2713 Brand: ABS \u2713 \u00cen stoc \u2713 Livrare 24h \u2713 Garan\u021bie!\",\"breadcrumb\":{\"@id\":\"https:\\\/\\\/autorival.ro\\\/mit\\\/product\\\/disc-frana-mitsubishi-lancer-vi-cj_-cp_-evo-v-cp9a-benzina-280-cai-abs-17125\\\/#breadcrumb\"},\"inLanguage\":\"en-US\",\"potentialAction\":[{\"@type\":\"ReadAction\",\"target\":[\"https:\\\/\\\/autorival.ro\\\/mit\\\/product\\\/disc-frana-mitsubishi-lancer-vi-cj_-cp_-evo-v-cp9a-benzina-280-cai-abs-17125\\\/\"]}]},{\"@type\":\"ImageObject\",\"inLanguage\":\"en-US\",\"@id\":\"https:\\\/\\\/autorival.ro\\\/mit\\\/product\\\/disc-frana-mitsubishi-lancer-vi-cj_-cp_-evo-v-cp9a-benzina-280-cai-abs-17125\\\/#primaryimage\",\"url\":\"https:\\\/\\\/autorival.ro\\\/mit\\\/wp-content\\\/uploads\\\/sites\\\/25\\\/2026\\\/01\\\/17125-2.jpg\",\"contentUrl\":\"https:\\\/\\\/autorival.ro\\\/mit\\\/wp-content\\\/uploads\\\/sites\\\/25\\\/2026\\\/01\\\/17125-2.jpg\",\"width\":600,\"height\":312},{\"@type\":\"BreadcrumbList\",\"@id\":\"https:\\\/\\\/autorival.ro\\\/mit\\\/product\\\/disc-frana-mitsubishi-lancer-vi-cj_-cp_-evo-v-cp9a-benzina-280-cai-abs-17125\\\/#breadcrumb\",\"itemListElement\":[{\"@type\":\"ListItem\",\"position\":1,\"name\":\"Prima pagin\u0103\",\"item\":\"https:\\\/\\\/autorival.ro\\\/mit\\\/\"},{\"@type\":\"ListItem\",\"position\":2,\"name\":\"Piese auto MITUBISHI\",\"item\":\"https:\\\/\\\/autorival.ro\\\/mit\\\/\"},{\"@type\":\"ListItem\",\"position\":3,\"name\":\"Disc frana MITSUBISHI LANCER VI (CJ_, CP_) EVO V (CP9A) benzina 280 cai ABS 17125\"}]},{\"@type\":\"WebSite\",\"@id\":\"https:\\\/\\\/autorival.ro\\\/mit\\\/#website\",\"url\":\"https:\\\/\\\/autorival.ro\\\/mit\\\/\",\"name\":\"MITUBISHI\",\"description\":\"\",\"potentialAction\":[{\"@type\":\"SearchAction\",\"target\":{\"@type\":\"EntryPoint\",\"urlTemplate\":\"https:\\\/\\\/autorival.ro\\\/mit\\\/?s={search_term_string}\"},\"query-input\":{\"@type\":\"PropertyValueSpecification\",\"valueRequired\":true,\"valueName\":\"search_term_string\"}}],\"inLanguage\":\"en-US\"}]}<\/script>\n<!-- \/ Yoast SEO plugin. -->","yoast_head_json":{"title":"Disc frana MITSUBISHI LANCER VI (CJ_, CP_) EVO V (CP9A) benzina 280 cai ABS 17125 MITUBISHI | ABS - Autorival","description":"\u26a1 Disc frana MITSUBISHI LANCER VI (CJ_, CP_) EVO V (CP9A) benzina 280 cai ABS 17125 pentru MITUBISHI. \u2713 Cod: 17125 \u2713 Brand: ABS \u2713 \u00cen stoc \u2713 Livrare 24h \u2713 Garan\u021bie!","robots":{"index":"index","follow":"follow","max-snippet":"max-snippet:-1","max-image-preview":"max-image-preview:large","max-video-preview":"max-video-preview:-1"},"og_locale":"en_US","og_type":"article","og_title":"Disc frana MITSUBISHI LANCER VI (CJ_, CP_) EVO V (CP9A) benzina 280 cai ABS 17125 MITUBISHI | ABS - Autorival","og_description":"\u26a1 Disc frana MITSUBISHI LANCER VI (CJ_, CP_) EVO V (CP9A) benzina 280 cai ABS 17125 pentru MITUBISHI. \u2713 Cod: 17125 \u2713 Brand: ABS \u2713 \u00cen stoc \u2713 Livrare 24h \u2713 Garan\u021bie!","og_url":"https:\/\/autorival.ro\/mit\/product\/disc-frana-mitsubishi-lancer-vi-cj_-cp_-evo-v-cp9a-benzina-280-cai-abs-17125\/","og_site_name":"MITUBISHI","og_image":[{"width":600,"height":312,"url":"https:\/\/autorival.ro\/mit\/wp-content\/uploads\/sites\/25\/2026\/01\/17125-2.jpg","type":"image\/jpeg"}],"twitter_card":"summary_large_image","twitter_title":"Disc frana MITSUBISHI LANCER VI (CJ_, CP_) EVO V (CP9A) benzina 280 cai ABS 17125 MITUBISHI | ABS - Autorival","twitter_description":"\u26a1 Disc frana MITSUBISHI LANCER VI (CJ_, CP_) EVO V (CP9A) benzina 280 cai ABS 17125 pentru MITUBISHI. \u2713 Cod: 17125 \u2713 Brand: ABS \u2713 \u00cen stoc \u2713 Livrare 24h \u2713 Garan\u021bie!","schema":{"@context":"https:\/\/schema.org","@graph":[{"@type":"WebPage","@id":"https:\/\/autorival.ro\/mit\/product\/disc-frana-mitsubishi-lancer-vi-cj_-cp_-evo-v-cp9a-benzina-280-cai-abs-17125\/","url":"https:\/\/autorival.ro\/mit\/product\/disc-frana-mitsubishi-lancer-vi-cj_-cp_-evo-v-cp9a-benzina-280-cai-abs-17125\/","name":"Disc frana MITSUBISHI LANCER VI (CJ_, CP_) EVO V (CP9A) benzina 280 cai ABS 17125 MITUBISHI | ABS - Autorival","isPartOf":{"@id":"https:\/\/autorival.ro\/mit\/#website"},"primaryImageOfPage":{"@id":"https:\/\/autorival.ro\/mit\/product\/disc-frana-mitsubishi-lancer-vi-cj_-cp_-evo-v-cp9a-benzina-280-cai-abs-17125\/#primaryimage"},"image":{"@id":"https:\/\/autorival.ro\/mit\/product\/disc-frana-mitsubishi-lancer-vi-cj_-cp_-evo-v-cp9a-benzina-280-cai-abs-17125\/#primaryimage"},"thumbnailUrl":"https:\/\/autorival.ro\/mit\/wp-content\/uploads\/sites\/25\/2026\/01\/17125-2.jpg","datePublished":"2026-01-20T06:09:04+00:00","description":"\u26a1 Disc frana MITSUBISHI LANCER VI (CJ_, CP_) EVO V (CP9A) benzina 280 cai ABS 17125 pentru MITUBISHI. \u2713 Cod: 17125 \u2713 Brand: ABS \u2713 \u00cen stoc \u2713 Livrare 24h \u2713 Garan\u021bie!","breadcrumb":{"@id":"https:\/\/autorival.ro\/mit\/product\/disc-frana-mitsubishi-lancer-vi-cj_-cp_-evo-v-cp9a-benzina-280-cai-abs-17125\/#breadcrumb"},"inLanguage":"en-US","potentialAction":[{"@type":"ReadAction","target":["https:\/\/autorival.ro\/mit\/product\/disc-frana-mitsubishi-lancer-vi-cj_-cp_-evo-v-cp9a-benzina-280-cai-abs-17125\/"]}]},{"@type":"ImageObject","inLanguage":"en-US","@id":"https:\/\/autorival.ro\/mit\/product\/disc-frana-mitsubishi-lancer-vi-cj_-cp_-evo-v-cp9a-benzina-280-cai-abs-17125\/#primaryimage","url":"https:\/\/autorival.ro\/mit\/wp-content\/uploads\/sites\/25\/2026\/01\/17125-2.jpg","contentUrl":"https:\/\/autorival.ro\/mit\/wp-content\/uploads\/sites\/25\/2026\/01\/17125-2.jpg","width":600,"height":312},{"@type":"BreadcrumbList","@id":"https:\/\/autorival.ro\/mit\/product\/disc-frana-mitsubishi-lancer-vi-cj_-cp_-evo-v-cp9a-benzina-280-cai-abs-17125\/#breadcrumb","itemListElement":[{"@type":"ListItem","position":1,"name":"Prima pagin\u0103","item":"https:\/\/autorival.ro\/mit\/"},{"@type":"ListItem","position":2,"name":"Piese auto MITUBISHI","item":"https:\/\/autorival.ro\/mit\/"},{"@type":"ListItem","position":3,"name":"Disc frana MITSUBISHI LANCER VI (CJ_, CP_) EVO V (CP9A) benzina 280 cai ABS 17125"}]},{"@type":"WebSite","@id":"https:\/\/autorival.ro\/mit\/#website","url":"https:\/\/autorival.ro\/mit\/","name":"MITUBISHI","description":"","potentialAction":[{"@type":"SearchAction","target":{"@type":"EntryPoint","urlTemplate":"https:\/\/autorival.ro\/mit\/?s={search_term_string}"},"query-input":{"@type":"PropertyValueSpecification","valueRequired":true,"valueName":"search_term_string"}}],"inLanguage":"en-US"}]}},"_links":{"self":[{"href":"https:\/\/autorival.ro\/mit\/wp-json\/wp\/v2\/product\/1274575","targetHints":{"allow":["GET"]}}],"collection":[{"href":"https:\/\/autorival.ro\/mit\/wp-json\/wp\/v2\/product"}],"about":[{"href":"https:\/\/autorival.ro\/mit\/wp-json\/wp\/v2\/types\/product"}],"replies":[{"embeddable":true,"href":"https:\/\/autorival.ro\/mit\/wp-json\/wp\/v2\/comments?post=1274575"}],"wp:featuredmedia":[{"embeddable":true,"href":"https:\/\/autorival.ro\/mit\/wp-json\/wp\/v2\/media\/1274576"}],"wp:attachment":[{"href":"https:\/\/autorival.ro\/mit\/wp-json\/wp\/v2\/media?parent=1274575"}],"wp:term":[{"taxonomy":"product_brand","embeddable":true,"href":"https:\/\/autorival.ro\/mit\/wp-json\/wp\/v2\/product_brand?post=1274575"},{"taxonomy":"product_cat","embeddable":true,"href":"https:\/\/autorival.ro\/mit\/wp-json\/wp\/v2\/product_cat?post=1274575"},{"taxonomy":"product_tag","embeddable":true,"href":"https:\/\/autorival.ro\/mit\/wp-json\/wp\/v2\/product_tag?post=1274575"}],"curies":[{"name":"wp","href":"https:\/\/api.w.org\/{rel}","templated":true}]}}