{"id":1272083,"date":"2026-01-20T05:06:15","date_gmt":"2026-01-20T05:06:15","guid":{"rendered":"https:\/\/autorival.ro\/mit\/product\/disc-frana-mitsubishi-galant-viii-ea_-2-5-v6-24v-ea5a-benzina-160-cai-textar-92103903\/"},"modified":"2026-01-20T05:06:15","modified_gmt":"2026-01-20T05:06:15","slug":"disc-frana-mitsubishi-galant-viii-ea_-2-5-v6-24v-ea5a-benzina-160-cai-textar-92103903","status":"publish","type":"product","link":"https:\/\/autorival.ro\/mit\/product\/disc-frana-mitsubishi-galant-viii-ea_-2-5-v6-24v-ea5a-benzina-160-cai-textar-92103903\/","title":{"rendered":"Disc frana MITSUBISHI GALANT VIII (EA_) 2.5 V6 24V (EA5A) benzina 160 cai TEXTAR 92103903"},"content":{"rendered":"<p>Partea de montare: punte fataTip disc fr\u00e2na: ventilat interiorDiametru exterior [mm]: 256Grosime disc fr\u00e2na [mm]: 24\u00cenaltime [mm]: 45,3Grosime minima [mm]: 22,4Suprafata: acoperit (cu un strat protector)Diametru interior [mm]: 145,2Asezare gauri \u00d8 [mm]: 114,3Diametru de centrare [mm]: 69Asezare gauri\/numar gauri: 04\/08Diametru alezaj bol\u021b roat\u0103 [mm]: 12,7Articol completare\/Info suplimentar 2: fara butuc roata, fara rulment roata, fara suruburi de fixare roataLungime ambalaj [cm]: 27,8Latime ambalaj [cm]: 27,8Inaltime ambalaj [cm]: 12,2Greutate [kg]: 4,9<\/p>\n","protected":false},"excerpt":{"rendered":"<p>Producator: TEXTAR Cod producator: 92103903<\/p>\n","protected":false},"featured_media":1272084,"comment_status":"open","ping_status":"closed","template":"","meta":[],"product_brand":[14643],"product_cat":[14806],"product_tag":[],"class_list":{"0":"post-1272083","1":"product","2":"type-product","3":"status-publish","4":"has-post-thumbnail","6":"product_brand-textar","7":"product_cat-disc-frana-ea-2-5-v6-24v-ea5a-benzina-160","9":"first","10":"instock","11":"shipping-taxable","12":"purchasable","13":"product-type-simple"},"yoast_head":"<!-- This site is optimized with the Yoast SEO plugin v27.5 - https:\/\/yoast.com\/product\/yoast-seo-wordpress\/ -->\n<title>Disc frana MITSUBISHI GALANT VIII (EA_) 2.5 V6 24V (EA5A) benzina 160 cai TEXTAR 92103903 MITUBISHI | TEXTAR - Autorival<\/title>\n<meta name=\"description\" content=\"\u26a1 Disc frana MITSUBISHI GALANT VIII (EA_) 2.5 V6 24V (EA5A) benzina 160 cai TEXTAR 92103903 pentru MITUBISHI. \u2713 Cod: 92103903 \u2713 Brand: TEXTAR \u2713 \u00cen stoc \u2713 Livrare 24h \u2713 Garan\u021bie!\" \/>\n<meta name=\"robots\" content=\"index, follow, max-snippet:-1, max-image-preview:large, max-video-preview:-1\" \/>\n<meta property=\"og:locale\" content=\"en_US\" \/>\n<meta property=\"og:type\" content=\"article\" \/>\n<meta property=\"og:title\" content=\"Disc frana MITSUBISHI GALANT VIII (EA_) 2.5 V6 24V (EA5A) benzina 160 cai TEXTAR 92103903 MITUBISHI | TEXTAR - Autorival\" \/>\n<meta property=\"og:description\" content=\"\u26a1 Disc frana MITSUBISHI GALANT VIII (EA_) 2.5 V6 24V (EA5A) benzina 160 cai TEXTAR 92103903 pentru MITUBISHI. \u2713 Cod: 92103903 \u2713 Brand: TEXTAR \u2713 \u00cen stoc \u2713 Livrare 24h \u2713 Garan\u021bie!\" \/>\n<meta property=\"og:url\" content=\"https:\/\/autorival.ro\/mit\/product\/disc-frana-mitsubishi-galant-viii-ea_-2-5-v6-24v-ea5a-benzina-160-cai-textar-92103903\/\" \/>\n<meta property=\"og:site_name\" content=\"MITUBISHI\" \/>\n<meta property=\"og:image\" content=\"https:\/\/autorival.ro\/mit\/wp-content\/uploads\/sites\/25\/2026\/01\/98200_1039_0_1_tex-30.jpg\" \/>\n\t<meta property=\"og:image:width\" content=\"600\" \/>\n\t<meta property=\"og:image:height\" content=\"400\" \/>\n\t<meta property=\"og:image:type\" content=\"image\/jpeg\" \/>\n<meta name=\"twitter:card\" content=\"summary_large_image\" \/>\n<meta name=\"twitter:title\" content=\"Disc frana MITSUBISHI GALANT VIII (EA_) 2.5 V6 24V (EA5A) benzina 160 cai TEXTAR 92103903 MITUBISHI | TEXTAR - Autorival\" \/>\n<meta name=\"twitter:description\" content=\"\u26a1 Disc frana MITSUBISHI GALANT VIII (EA_) 2.5 V6 24V (EA5A) benzina 160 cai TEXTAR 92103903 pentru MITUBISHI. \u2713 Cod: 92103903 \u2713 Brand: TEXTAR \u2713 \u00cen stoc \u2713 Livrare 24h \u2713 Garan\u021bie!\" \/>\n<script type=\"application\/ld+json\" class=\"yoast-schema-graph\">{\"@context\":\"https:\\\/\\\/schema.org\",\"@graph\":[{\"@type\":\"WebPage\",\"@id\":\"https:\\\/\\\/autorival.ro\\\/mit\\\/product\\\/disc-frana-mitsubishi-galant-viii-ea_-2-5-v6-24v-ea5a-benzina-160-cai-textar-92103903\\\/\",\"url\":\"https:\\\/\\\/autorival.ro\\\/mit\\\/product\\\/disc-frana-mitsubishi-galant-viii-ea_-2-5-v6-24v-ea5a-benzina-160-cai-textar-92103903\\\/\",\"name\":\"Disc frana MITSUBISHI GALANT VIII (EA_) 2.5 V6 24V (EA5A) benzina 160 cai TEXTAR 92103903 MITUBISHI | TEXTAR - Autorival\",\"isPartOf\":{\"@id\":\"https:\\\/\\\/autorival.ro\\\/mit\\\/#website\"},\"primaryImageOfPage\":{\"@id\":\"https:\\\/\\\/autorival.ro\\\/mit\\\/product\\\/disc-frana-mitsubishi-galant-viii-ea_-2-5-v6-24v-ea5a-benzina-160-cai-textar-92103903\\\/#primaryimage\"},\"image\":{\"@id\":\"https:\\\/\\\/autorival.ro\\\/mit\\\/product\\\/disc-frana-mitsubishi-galant-viii-ea_-2-5-v6-24v-ea5a-benzina-160-cai-textar-92103903\\\/#primaryimage\"},\"thumbnailUrl\":\"https:\\\/\\\/autorival.ro\\\/mit\\\/wp-content\\\/uploads\\\/sites\\\/25\\\/2026\\\/01\\\/98200_1039_0_1_tex-30.jpg\",\"datePublished\":\"2026-01-20T05:06:15+00:00\",\"description\":\"\u26a1 Disc frana MITSUBISHI GALANT VIII (EA_) 2.5 V6 24V (EA5A) benzina 160 cai TEXTAR 92103903 pentru MITUBISHI. \u2713 Cod: 92103903 \u2713 Brand: TEXTAR \u2713 \u00cen stoc \u2713 Livrare 24h \u2713 Garan\u021bie!\",\"breadcrumb\":{\"@id\":\"https:\\\/\\\/autorival.ro\\\/mit\\\/product\\\/disc-frana-mitsubishi-galant-viii-ea_-2-5-v6-24v-ea5a-benzina-160-cai-textar-92103903\\\/#breadcrumb\"},\"inLanguage\":\"en-US\",\"potentialAction\":[{\"@type\":\"ReadAction\",\"target\":[\"https:\\\/\\\/autorival.ro\\\/mit\\\/product\\\/disc-frana-mitsubishi-galant-viii-ea_-2-5-v6-24v-ea5a-benzina-160-cai-textar-92103903\\\/\"]}]},{\"@type\":\"ImageObject\",\"inLanguage\":\"en-US\",\"@id\":\"https:\\\/\\\/autorival.ro\\\/mit\\\/product\\\/disc-frana-mitsubishi-galant-viii-ea_-2-5-v6-24v-ea5a-benzina-160-cai-textar-92103903\\\/#primaryimage\",\"url\":\"https:\\\/\\\/autorival.ro\\\/mit\\\/wp-content\\\/uploads\\\/sites\\\/25\\\/2026\\\/01\\\/98200_1039_0_1_tex-30.jpg\",\"contentUrl\":\"https:\\\/\\\/autorival.ro\\\/mit\\\/wp-content\\\/uploads\\\/sites\\\/25\\\/2026\\\/01\\\/98200_1039_0_1_tex-30.jpg\",\"width\":600,\"height\":400},{\"@type\":\"BreadcrumbList\",\"@id\":\"https:\\\/\\\/autorival.ro\\\/mit\\\/product\\\/disc-frana-mitsubishi-galant-viii-ea_-2-5-v6-24v-ea5a-benzina-160-cai-textar-92103903\\\/#breadcrumb\",\"itemListElement\":[{\"@type\":\"ListItem\",\"position\":1,\"name\":\"Prima pagin\u0103\",\"item\":\"https:\\\/\\\/autorival.ro\\\/mit\\\/\"},{\"@type\":\"ListItem\",\"position\":2,\"name\":\"Piese auto MITUBISHI\",\"item\":\"https:\\\/\\\/autorival.ro\\\/mit\\\/\"},{\"@type\":\"ListItem\",\"position\":3,\"name\":\"Disc frana MITSUBISHI GALANT VIII (EA_) 2.5 V6 24V (EA5A) benzina 160 cai TEXTAR 92103903\"}]},{\"@type\":\"WebSite\",\"@id\":\"https:\\\/\\\/autorival.ro\\\/mit\\\/#website\",\"url\":\"https:\\\/\\\/autorival.ro\\\/mit\\\/\",\"name\":\"MITUBISHI\",\"description\":\"\",\"potentialAction\":[{\"@type\":\"SearchAction\",\"target\":{\"@type\":\"EntryPoint\",\"urlTemplate\":\"https:\\\/\\\/autorival.ro\\\/mit\\\/?s={search_term_string}\"},\"query-input\":{\"@type\":\"PropertyValueSpecification\",\"valueRequired\":true,\"valueName\":\"search_term_string\"}}],\"inLanguage\":\"en-US\"}]}<\/script>\n<!-- \/ Yoast SEO plugin. -->","yoast_head_json":{"title":"Disc frana MITSUBISHI GALANT VIII (EA_) 2.5 V6 24V (EA5A) benzina 160 cai TEXTAR 92103903 MITUBISHI | TEXTAR - Autorival","description":"\u26a1 Disc frana MITSUBISHI GALANT VIII (EA_) 2.5 V6 24V (EA5A) benzina 160 cai TEXTAR 92103903 pentru MITUBISHI. \u2713 Cod: 92103903 \u2713 Brand: TEXTAR \u2713 \u00cen stoc \u2713 Livrare 24h \u2713 Garan\u021bie!","robots":{"index":"index","follow":"follow","max-snippet":"max-snippet:-1","max-image-preview":"max-image-preview:large","max-video-preview":"max-video-preview:-1"},"og_locale":"en_US","og_type":"article","og_title":"Disc frana MITSUBISHI GALANT VIII (EA_) 2.5 V6 24V (EA5A) benzina 160 cai TEXTAR 92103903 MITUBISHI | TEXTAR - Autorival","og_description":"\u26a1 Disc frana MITSUBISHI GALANT VIII (EA_) 2.5 V6 24V (EA5A) benzina 160 cai TEXTAR 92103903 pentru MITUBISHI. \u2713 Cod: 92103903 \u2713 Brand: TEXTAR \u2713 \u00cen stoc \u2713 Livrare 24h \u2713 Garan\u021bie!","og_url":"https:\/\/autorival.ro\/mit\/product\/disc-frana-mitsubishi-galant-viii-ea_-2-5-v6-24v-ea5a-benzina-160-cai-textar-92103903\/","og_site_name":"MITUBISHI","og_image":[{"width":600,"height":400,"url":"https:\/\/autorival.ro\/mit\/wp-content\/uploads\/sites\/25\/2026\/01\/98200_1039_0_1_tex-30.jpg","type":"image\/jpeg"}],"twitter_card":"summary_large_image","twitter_title":"Disc frana MITSUBISHI GALANT VIII (EA_) 2.5 V6 24V (EA5A) benzina 160 cai TEXTAR 92103903 MITUBISHI | TEXTAR - Autorival","twitter_description":"\u26a1 Disc frana MITSUBISHI GALANT VIII (EA_) 2.5 V6 24V (EA5A) benzina 160 cai TEXTAR 92103903 pentru MITUBISHI. \u2713 Cod: 92103903 \u2713 Brand: TEXTAR \u2713 \u00cen stoc \u2713 Livrare 24h \u2713 Garan\u021bie!","schema":{"@context":"https:\/\/schema.org","@graph":[{"@type":"WebPage","@id":"https:\/\/autorival.ro\/mit\/product\/disc-frana-mitsubishi-galant-viii-ea_-2-5-v6-24v-ea5a-benzina-160-cai-textar-92103903\/","url":"https:\/\/autorival.ro\/mit\/product\/disc-frana-mitsubishi-galant-viii-ea_-2-5-v6-24v-ea5a-benzina-160-cai-textar-92103903\/","name":"Disc frana MITSUBISHI GALANT VIII (EA_) 2.5 V6 24V (EA5A) benzina 160 cai TEXTAR 92103903 MITUBISHI | TEXTAR - Autorival","isPartOf":{"@id":"https:\/\/autorival.ro\/mit\/#website"},"primaryImageOfPage":{"@id":"https:\/\/autorival.ro\/mit\/product\/disc-frana-mitsubishi-galant-viii-ea_-2-5-v6-24v-ea5a-benzina-160-cai-textar-92103903\/#primaryimage"},"image":{"@id":"https:\/\/autorival.ro\/mit\/product\/disc-frana-mitsubishi-galant-viii-ea_-2-5-v6-24v-ea5a-benzina-160-cai-textar-92103903\/#primaryimage"},"thumbnailUrl":"https:\/\/autorival.ro\/mit\/wp-content\/uploads\/sites\/25\/2026\/01\/98200_1039_0_1_tex-30.jpg","datePublished":"2026-01-20T05:06:15+00:00","description":"\u26a1 Disc frana MITSUBISHI GALANT VIII (EA_) 2.5 V6 24V (EA5A) benzina 160 cai TEXTAR 92103903 pentru MITUBISHI. \u2713 Cod: 92103903 \u2713 Brand: TEXTAR \u2713 \u00cen stoc \u2713 Livrare 24h \u2713 Garan\u021bie!","breadcrumb":{"@id":"https:\/\/autorival.ro\/mit\/product\/disc-frana-mitsubishi-galant-viii-ea_-2-5-v6-24v-ea5a-benzina-160-cai-textar-92103903\/#breadcrumb"},"inLanguage":"en-US","potentialAction":[{"@type":"ReadAction","target":["https:\/\/autorival.ro\/mit\/product\/disc-frana-mitsubishi-galant-viii-ea_-2-5-v6-24v-ea5a-benzina-160-cai-textar-92103903\/"]}]},{"@type":"ImageObject","inLanguage":"en-US","@id":"https:\/\/autorival.ro\/mit\/product\/disc-frana-mitsubishi-galant-viii-ea_-2-5-v6-24v-ea5a-benzina-160-cai-textar-92103903\/#primaryimage","url":"https:\/\/autorival.ro\/mit\/wp-content\/uploads\/sites\/25\/2026\/01\/98200_1039_0_1_tex-30.jpg","contentUrl":"https:\/\/autorival.ro\/mit\/wp-content\/uploads\/sites\/25\/2026\/01\/98200_1039_0_1_tex-30.jpg","width":600,"height":400},{"@type":"BreadcrumbList","@id":"https:\/\/autorival.ro\/mit\/product\/disc-frana-mitsubishi-galant-viii-ea_-2-5-v6-24v-ea5a-benzina-160-cai-textar-92103903\/#breadcrumb","itemListElement":[{"@type":"ListItem","position":1,"name":"Prima pagin\u0103","item":"https:\/\/autorival.ro\/mit\/"},{"@type":"ListItem","position":2,"name":"Piese auto MITUBISHI","item":"https:\/\/autorival.ro\/mit\/"},{"@type":"ListItem","position":3,"name":"Disc frana MITSUBISHI GALANT VIII (EA_) 2.5 V6 24V (EA5A) benzina 160 cai TEXTAR 92103903"}]},{"@type":"WebSite","@id":"https:\/\/autorival.ro\/mit\/#website","url":"https:\/\/autorival.ro\/mit\/","name":"MITUBISHI","description":"","potentialAction":[{"@type":"SearchAction","target":{"@type":"EntryPoint","urlTemplate":"https:\/\/autorival.ro\/mit\/?s={search_term_string}"},"query-input":{"@type":"PropertyValueSpecification","valueRequired":true,"valueName":"search_term_string"}}],"inLanguage":"en-US"}]}},"_links":{"self":[{"href":"https:\/\/autorival.ro\/mit\/wp-json\/wp\/v2\/product\/1272083","targetHints":{"allow":["GET"]}}],"collection":[{"href":"https:\/\/autorival.ro\/mit\/wp-json\/wp\/v2\/product"}],"about":[{"href":"https:\/\/autorival.ro\/mit\/wp-json\/wp\/v2\/types\/product"}],"replies":[{"embeddable":true,"href":"https:\/\/autorival.ro\/mit\/wp-json\/wp\/v2\/comments?post=1272083"}],"wp:featuredmedia":[{"embeddable":true,"href":"https:\/\/autorival.ro\/mit\/wp-json\/wp\/v2\/media\/1272084"}],"wp:attachment":[{"href":"https:\/\/autorival.ro\/mit\/wp-json\/wp\/v2\/media?parent=1272083"}],"wp:term":[{"taxonomy":"product_brand","embeddable":true,"href":"https:\/\/autorival.ro\/mit\/wp-json\/wp\/v2\/product_brand?post=1272083"},{"taxonomy":"product_cat","embeddable":true,"href":"https:\/\/autorival.ro\/mit\/wp-json\/wp\/v2\/product_cat?post=1272083"},{"taxonomy":"product_tag","embeddable":true,"href":"https:\/\/autorival.ro\/mit\/wp-json\/wp\/v2\/product_tag?post=1272083"}],"curies":[{"name":"wp","href":"https:\/\/api.w.org\/{rel}","templated":true}]}}