{"id":1269269,"date":"2026-01-20T03:56:36","date_gmt":"2026-01-20T03:56:36","guid":{"rendered":"https:\/\/autorival.ro\/mit\/product\/disc-frana-mitsubishi-colt-vi-z3_a-z2_a-1-5-di-d-z39a-diesel-95-cai-abs-17671\/"},"modified":"2026-01-20T03:56:36","modified_gmt":"2026-01-20T03:56:36","slug":"disc-frana-mitsubishi-colt-vi-z3_a-z2_a-1-5-di-d-z39a-diesel-95-cai-abs-17671","status":"publish","type":"product","link":"https:\/\/autorival.ro\/mit\/product\/disc-frana-mitsubishi-colt-vi-z3_a-z2_a-1-5-di-d-z39a-diesel-95-cai-abs-17671\/","title":{"rendered":"Disc frana MITSUBISHI COLT VI (Z3_A, Z2_A) 1.5 DI-D (Z39A) diesel 95 cai ABS 17671"},"content":{"rendered":"<p>Partea de montare: puntea spateDiametru exterior [mm]: 250Grosime disc fr\u00e2na [mm]: 10\u00cenaltime [mm]: 38,4Janta, numar gauri: 4Tip disc fr\u00e2na: plinAsezare gauri \u00d8 [mm]: 114,3Suprafata: acoperit (cu un strat protector)Diametru butuc [mm]: 156Greutate [kg]: 3,16<\/p>\n","protected":false},"excerpt":{"rendered":"<p>Producator: ABS Cod producator: 17671<\/p>\n","protected":false},"featured_media":1269270,"comment_status":"open","ping_status":"closed","template":"","meta":[],"product_brand":[4279],"product_cat":[14716],"product_tag":[],"class_list":{"0":"post-1269269","1":"product","2":"type-product","3":"status-publish","4":"has-post-thumbnail","6":"product_brand-abs","7":"product_cat-disc-frana-z3a-z2a-1-5-di-d-z39a-diesel-95","9":"first","10":"instock","11":"shipping-taxable","12":"purchasable","13":"product-type-simple"},"yoast_head":"<!-- This site is optimized with the Yoast SEO plugin v27.5 - https:\/\/yoast.com\/product\/yoast-seo-wordpress\/ -->\n<title>Disc frana MITSUBISHI COLT VI (Z3_A, Z2_A) 1.5 DI-D (Z39A) diesel 95 cai ABS 17671 MITUBISHI | ABS - Autorival<\/title>\n<meta name=\"description\" content=\"\u26a1 Disc frana MITSUBISHI COLT VI (Z3_A, Z2_A) 1.5 DI-D (Z39A) diesel 95 cai ABS 17671 pentru MITUBISHI. \u2713 Cod: 17671 \u2713 Brand: ABS \u2713 \u00cen stoc \u2713 Livrare 24h \u2713 Garan\u021bie!\" \/>\n<meta name=\"robots\" content=\"index, follow, max-snippet:-1, max-image-preview:large, max-video-preview:-1\" \/>\n<meta property=\"og:locale\" content=\"en_US\" \/>\n<meta property=\"og:type\" content=\"article\" \/>\n<meta property=\"og:title\" content=\"Disc frana MITSUBISHI COLT VI (Z3_A, Z2_A) 1.5 DI-D (Z39A) diesel 95 cai ABS 17671 MITUBISHI | ABS - Autorival\" \/>\n<meta property=\"og:description\" content=\"\u26a1 Disc frana MITSUBISHI COLT VI (Z3_A, Z2_A) 1.5 DI-D (Z39A) diesel 95 cai ABS 17671 pentru MITUBISHI. \u2713 Cod: 17671 \u2713 Brand: ABS \u2713 \u00cen stoc \u2713 Livrare 24h \u2713 Garan\u021bie!\" \/>\n<meta property=\"og:url\" content=\"https:\/\/autorival.ro\/mit\/product\/disc-frana-mitsubishi-colt-vi-z3_a-z2_a-1-5-di-d-z39a-diesel-95-cai-abs-17671\/\" \/>\n<meta property=\"og:site_name\" content=\"MITUBISHI\" \/>\n<meta property=\"og:image\" content=\"https:\/\/autorival.ro\/mit\/wp-content\/uploads\/sites\/25\/2026\/01\/17671-12.jpg\" \/>\n\t<meta property=\"og:image:width\" content=\"600\" \/>\n\t<meta property=\"og:image:height\" content=\"309\" \/>\n\t<meta property=\"og:image:type\" content=\"image\/jpeg\" \/>\n<meta name=\"twitter:card\" content=\"summary_large_image\" \/>\n<meta name=\"twitter:title\" content=\"Disc frana MITSUBISHI COLT VI (Z3_A, Z2_A) 1.5 DI-D (Z39A) diesel 95 cai ABS 17671 MITUBISHI | ABS - Autorival\" \/>\n<meta name=\"twitter:description\" content=\"\u26a1 Disc frana MITSUBISHI COLT VI (Z3_A, Z2_A) 1.5 DI-D (Z39A) diesel 95 cai ABS 17671 pentru MITUBISHI. \u2713 Cod: 17671 \u2713 Brand: ABS \u2713 \u00cen stoc \u2713 Livrare 24h \u2713 Garan\u021bie!\" \/>\n<script type=\"application\/ld+json\" class=\"yoast-schema-graph\">{\"@context\":\"https:\\\/\\\/schema.org\",\"@graph\":[{\"@type\":\"WebPage\",\"@id\":\"https:\\\/\\\/autorival.ro\\\/mit\\\/product\\\/disc-frana-mitsubishi-colt-vi-z3_a-z2_a-1-5-di-d-z39a-diesel-95-cai-abs-17671\\\/\",\"url\":\"https:\\\/\\\/autorival.ro\\\/mit\\\/product\\\/disc-frana-mitsubishi-colt-vi-z3_a-z2_a-1-5-di-d-z39a-diesel-95-cai-abs-17671\\\/\",\"name\":\"Disc frana MITSUBISHI COLT VI (Z3_A, Z2_A) 1.5 DI-D (Z39A) diesel 95 cai ABS 17671 MITUBISHI | ABS - Autorival\",\"isPartOf\":{\"@id\":\"https:\\\/\\\/autorival.ro\\\/mit\\\/#website\"},\"primaryImageOfPage\":{\"@id\":\"https:\\\/\\\/autorival.ro\\\/mit\\\/product\\\/disc-frana-mitsubishi-colt-vi-z3_a-z2_a-1-5-di-d-z39a-diesel-95-cai-abs-17671\\\/#primaryimage\"},\"image\":{\"@id\":\"https:\\\/\\\/autorival.ro\\\/mit\\\/product\\\/disc-frana-mitsubishi-colt-vi-z3_a-z2_a-1-5-di-d-z39a-diesel-95-cai-abs-17671\\\/#primaryimage\"},\"thumbnailUrl\":\"https:\\\/\\\/autorival.ro\\\/mit\\\/wp-content\\\/uploads\\\/sites\\\/25\\\/2026\\\/01\\\/17671-12.jpg\",\"datePublished\":\"2026-01-20T03:56:36+00:00\",\"description\":\"\u26a1 Disc frana MITSUBISHI COLT VI (Z3_A, Z2_A) 1.5 DI-D (Z39A) diesel 95 cai ABS 17671 pentru MITUBISHI. \u2713 Cod: 17671 \u2713 Brand: ABS \u2713 \u00cen stoc \u2713 Livrare 24h \u2713 Garan\u021bie!\",\"breadcrumb\":{\"@id\":\"https:\\\/\\\/autorival.ro\\\/mit\\\/product\\\/disc-frana-mitsubishi-colt-vi-z3_a-z2_a-1-5-di-d-z39a-diesel-95-cai-abs-17671\\\/#breadcrumb\"},\"inLanguage\":\"en-US\",\"potentialAction\":[{\"@type\":\"ReadAction\",\"target\":[\"https:\\\/\\\/autorival.ro\\\/mit\\\/product\\\/disc-frana-mitsubishi-colt-vi-z3_a-z2_a-1-5-di-d-z39a-diesel-95-cai-abs-17671\\\/\"]}]},{\"@type\":\"ImageObject\",\"inLanguage\":\"en-US\",\"@id\":\"https:\\\/\\\/autorival.ro\\\/mit\\\/product\\\/disc-frana-mitsubishi-colt-vi-z3_a-z2_a-1-5-di-d-z39a-diesel-95-cai-abs-17671\\\/#primaryimage\",\"url\":\"https:\\\/\\\/autorival.ro\\\/mit\\\/wp-content\\\/uploads\\\/sites\\\/25\\\/2026\\\/01\\\/17671-12.jpg\",\"contentUrl\":\"https:\\\/\\\/autorival.ro\\\/mit\\\/wp-content\\\/uploads\\\/sites\\\/25\\\/2026\\\/01\\\/17671-12.jpg\",\"width\":600,\"height\":309},{\"@type\":\"BreadcrumbList\",\"@id\":\"https:\\\/\\\/autorival.ro\\\/mit\\\/product\\\/disc-frana-mitsubishi-colt-vi-z3_a-z2_a-1-5-di-d-z39a-diesel-95-cai-abs-17671\\\/#breadcrumb\",\"itemListElement\":[{\"@type\":\"ListItem\",\"position\":1,\"name\":\"Prima pagin\u0103\",\"item\":\"https:\\\/\\\/autorival.ro\\\/mit\\\/\"},{\"@type\":\"ListItem\",\"position\":2,\"name\":\"Piese auto MITUBISHI\",\"item\":\"https:\\\/\\\/autorival.ro\\\/mit\\\/\"},{\"@type\":\"ListItem\",\"position\":3,\"name\":\"Disc frana MITSUBISHI COLT VI (Z3_A, Z2_A) 1.5 DI-D (Z39A) diesel 95 cai ABS 17671\"}]},{\"@type\":\"WebSite\",\"@id\":\"https:\\\/\\\/autorival.ro\\\/mit\\\/#website\",\"url\":\"https:\\\/\\\/autorival.ro\\\/mit\\\/\",\"name\":\"MITUBISHI\",\"description\":\"\",\"potentialAction\":[{\"@type\":\"SearchAction\",\"target\":{\"@type\":\"EntryPoint\",\"urlTemplate\":\"https:\\\/\\\/autorival.ro\\\/mit\\\/?s={search_term_string}\"},\"query-input\":{\"@type\":\"PropertyValueSpecification\",\"valueRequired\":true,\"valueName\":\"search_term_string\"}}],\"inLanguage\":\"en-US\"}]}<\/script>\n<!-- \/ Yoast SEO plugin. -->","yoast_head_json":{"title":"Disc frana MITSUBISHI COLT VI (Z3_A, Z2_A) 1.5 DI-D (Z39A) diesel 95 cai ABS 17671 MITUBISHI | ABS - Autorival","description":"\u26a1 Disc frana MITSUBISHI COLT VI (Z3_A, Z2_A) 1.5 DI-D (Z39A) diesel 95 cai ABS 17671 pentru MITUBISHI. \u2713 Cod: 17671 \u2713 Brand: ABS \u2713 \u00cen stoc \u2713 Livrare 24h \u2713 Garan\u021bie!","robots":{"index":"index","follow":"follow","max-snippet":"max-snippet:-1","max-image-preview":"max-image-preview:large","max-video-preview":"max-video-preview:-1"},"og_locale":"en_US","og_type":"article","og_title":"Disc frana MITSUBISHI COLT VI (Z3_A, Z2_A) 1.5 DI-D (Z39A) diesel 95 cai ABS 17671 MITUBISHI | ABS - Autorival","og_description":"\u26a1 Disc frana MITSUBISHI COLT VI (Z3_A, Z2_A) 1.5 DI-D (Z39A) diesel 95 cai ABS 17671 pentru MITUBISHI. \u2713 Cod: 17671 \u2713 Brand: ABS \u2713 \u00cen stoc \u2713 Livrare 24h \u2713 Garan\u021bie!","og_url":"https:\/\/autorival.ro\/mit\/product\/disc-frana-mitsubishi-colt-vi-z3_a-z2_a-1-5-di-d-z39a-diesel-95-cai-abs-17671\/","og_site_name":"MITUBISHI","og_image":[{"width":600,"height":309,"url":"https:\/\/autorival.ro\/mit\/wp-content\/uploads\/sites\/25\/2026\/01\/17671-12.jpg","type":"image\/jpeg"}],"twitter_card":"summary_large_image","twitter_title":"Disc frana MITSUBISHI COLT VI (Z3_A, Z2_A) 1.5 DI-D (Z39A) diesel 95 cai ABS 17671 MITUBISHI | ABS - Autorival","twitter_description":"\u26a1 Disc frana MITSUBISHI COLT VI (Z3_A, Z2_A) 1.5 DI-D (Z39A) diesel 95 cai ABS 17671 pentru MITUBISHI. \u2713 Cod: 17671 \u2713 Brand: ABS \u2713 \u00cen stoc \u2713 Livrare 24h \u2713 Garan\u021bie!","schema":{"@context":"https:\/\/schema.org","@graph":[{"@type":"WebPage","@id":"https:\/\/autorival.ro\/mit\/product\/disc-frana-mitsubishi-colt-vi-z3_a-z2_a-1-5-di-d-z39a-diesel-95-cai-abs-17671\/","url":"https:\/\/autorival.ro\/mit\/product\/disc-frana-mitsubishi-colt-vi-z3_a-z2_a-1-5-di-d-z39a-diesel-95-cai-abs-17671\/","name":"Disc frana MITSUBISHI COLT VI (Z3_A, Z2_A) 1.5 DI-D (Z39A) diesel 95 cai ABS 17671 MITUBISHI | ABS - Autorival","isPartOf":{"@id":"https:\/\/autorival.ro\/mit\/#website"},"primaryImageOfPage":{"@id":"https:\/\/autorival.ro\/mit\/product\/disc-frana-mitsubishi-colt-vi-z3_a-z2_a-1-5-di-d-z39a-diesel-95-cai-abs-17671\/#primaryimage"},"image":{"@id":"https:\/\/autorival.ro\/mit\/product\/disc-frana-mitsubishi-colt-vi-z3_a-z2_a-1-5-di-d-z39a-diesel-95-cai-abs-17671\/#primaryimage"},"thumbnailUrl":"https:\/\/autorival.ro\/mit\/wp-content\/uploads\/sites\/25\/2026\/01\/17671-12.jpg","datePublished":"2026-01-20T03:56:36+00:00","description":"\u26a1 Disc frana MITSUBISHI COLT VI (Z3_A, Z2_A) 1.5 DI-D (Z39A) diesel 95 cai ABS 17671 pentru MITUBISHI. \u2713 Cod: 17671 \u2713 Brand: ABS \u2713 \u00cen stoc \u2713 Livrare 24h \u2713 Garan\u021bie!","breadcrumb":{"@id":"https:\/\/autorival.ro\/mit\/product\/disc-frana-mitsubishi-colt-vi-z3_a-z2_a-1-5-di-d-z39a-diesel-95-cai-abs-17671\/#breadcrumb"},"inLanguage":"en-US","potentialAction":[{"@type":"ReadAction","target":["https:\/\/autorival.ro\/mit\/product\/disc-frana-mitsubishi-colt-vi-z3_a-z2_a-1-5-di-d-z39a-diesel-95-cai-abs-17671\/"]}]},{"@type":"ImageObject","inLanguage":"en-US","@id":"https:\/\/autorival.ro\/mit\/product\/disc-frana-mitsubishi-colt-vi-z3_a-z2_a-1-5-di-d-z39a-diesel-95-cai-abs-17671\/#primaryimage","url":"https:\/\/autorival.ro\/mit\/wp-content\/uploads\/sites\/25\/2026\/01\/17671-12.jpg","contentUrl":"https:\/\/autorival.ro\/mit\/wp-content\/uploads\/sites\/25\/2026\/01\/17671-12.jpg","width":600,"height":309},{"@type":"BreadcrumbList","@id":"https:\/\/autorival.ro\/mit\/product\/disc-frana-mitsubishi-colt-vi-z3_a-z2_a-1-5-di-d-z39a-diesel-95-cai-abs-17671\/#breadcrumb","itemListElement":[{"@type":"ListItem","position":1,"name":"Prima pagin\u0103","item":"https:\/\/autorival.ro\/mit\/"},{"@type":"ListItem","position":2,"name":"Piese auto MITUBISHI","item":"https:\/\/autorival.ro\/mit\/"},{"@type":"ListItem","position":3,"name":"Disc frana MITSUBISHI COLT VI (Z3_A, Z2_A) 1.5 DI-D (Z39A) diesel 95 cai ABS 17671"}]},{"@type":"WebSite","@id":"https:\/\/autorival.ro\/mit\/#website","url":"https:\/\/autorival.ro\/mit\/","name":"MITUBISHI","description":"","potentialAction":[{"@type":"SearchAction","target":{"@type":"EntryPoint","urlTemplate":"https:\/\/autorival.ro\/mit\/?s={search_term_string}"},"query-input":{"@type":"PropertyValueSpecification","valueRequired":true,"valueName":"search_term_string"}}],"inLanguage":"en-US"}]}},"_links":{"self":[{"href":"https:\/\/autorival.ro\/mit\/wp-json\/wp\/v2\/product\/1269269","targetHints":{"allow":["GET"]}}],"collection":[{"href":"https:\/\/autorival.ro\/mit\/wp-json\/wp\/v2\/product"}],"about":[{"href":"https:\/\/autorival.ro\/mit\/wp-json\/wp\/v2\/types\/product"}],"replies":[{"embeddable":true,"href":"https:\/\/autorival.ro\/mit\/wp-json\/wp\/v2\/comments?post=1269269"}],"wp:featuredmedia":[{"embeddable":true,"href":"https:\/\/autorival.ro\/mit\/wp-json\/wp\/v2\/media\/1269270"}],"wp:attachment":[{"href":"https:\/\/autorival.ro\/mit\/wp-json\/wp\/v2\/media?parent=1269269"}],"wp:term":[{"taxonomy":"product_brand","embeddable":true,"href":"https:\/\/autorival.ro\/mit\/wp-json\/wp\/v2\/product_brand?post=1269269"},{"taxonomy":"product_cat","embeddable":true,"href":"https:\/\/autorival.ro\/mit\/wp-json\/wp\/v2\/product_cat?post=1269269"},{"taxonomy":"product_tag","embeddable":true,"href":"https:\/\/autorival.ro\/mit\/wp-json\/wp\/v2\/product_tag?post=1269269"}],"curies":[{"name":"wp","href":"https:\/\/api.w.org\/{rel}","templated":true}]}}