{"id":1268681,"date":"2026-01-20T03:43:21","date_gmt":"2026-01-20T03:43:21","guid":{"rendered":"https:\/\/autorival.ro\/mit\/product\/disc-frana-mitsubishi-colt-vi-z3_a-z2_a-1-3-z21a-benzina-95-cai-nipparts-j3315026\/"},"modified":"2026-01-20T03:43:21","modified_gmt":"2026-01-20T03:43:21","slug":"disc-frana-mitsubishi-colt-vi-z3_a-z2_a-1-3-z21a-benzina-95-cai-nipparts-j3315026","status":"publish","type":"product","link":"https:\/\/autorival.ro\/mit\/product\/disc-frana-mitsubishi-colt-vi-z3_a-z2_a-1-3-z21a-benzina-95-cai-nipparts-j3315026\/","title":{"rendered":"Disc frana MITSUBISHI COLT VI (Z3_A, Z2_A) 1.3 (Z21A) benzina 95 cai NIPPARTS J3315026"},"content":{"rendered":"<p>Partea de montare: puntea spateTip disc fr\u00e2na: plinGrosime disc fr\u00e2na [mm]: 10Diametru exterior [mm]: 250\u00cenaltime [mm]: 38,4Numar gauri: 4Diametru de centrare [mm]: 69Asezare gauri \u00d8 [mm]: 114,3Diametru butuc roata [mm]: 156,3Grosime minima [mm]: 8<\/p>\n","protected":false},"excerpt":{"rendered":"<p>Producator: NIPPARTS Cod producator: J3315026<\/p>\n","protected":false},"featured_media":1268682,"comment_status":"open","ping_status":"closed","template":"","meta":[],"product_brand":[597],"product_cat":[14707],"product_tag":[],"class_list":{"0":"post-1268681","1":"product","2":"type-product","3":"status-publish","4":"has-post-thumbnail","6":"product_brand-nipparts","7":"product_cat-disc-frana-z3a-z2a-1-3-z21a-benzina-95","9":"first","10":"instock","11":"shipping-taxable","12":"purchasable","13":"product-type-simple"},"yoast_head":"<!-- This site is optimized with the Yoast SEO plugin v27.4 - https:\/\/yoast.com\/product\/yoast-seo-wordpress\/ -->\n<title>Disc frana MITSUBISHI COLT VI (Z3_A, Z2_A) 1.3 (Z21A) benzina 95 cai NIPPARTS J3315026 MITUBISHI | NIPPARTS - Autorival<\/title>\n<meta name=\"description\" content=\"\u26a1 Disc frana MITSUBISHI COLT VI (Z3_A, Z2_A) 1.3 (Z21A) benzina 95 cai NIPPARTS J3315026 pentru MITUBISHI. \u2713 Cod: J3315026 \u2713 Brand: NIPPARTS \u2713 \u00cen stoc \u2713 Livrare 24h \u2713 Garan\u021bie!\" \/>\n<meta name=\"robots\" content=\"index, follow, max-snippet:-1, max-image-preview:large, max-video-preview:-1\" \/>\n<meta property=\"og:locale\" content=\"en_US\" \/>\n<meta property=\"og:type\" content=\"article\" \/>\n<meta property=\"og:title\" content=\"Disc frana MITSUBISHI COLT VI (Z3_A, Z2_A) 1.3 (Z21A) benzina 95 cai NIPPARTS J3315026 MITUBISHI | NIPPARTS - Autorival\" \/>\n<meta property=\"og:description\" content=\"\u26a1 Disc frana MITSUBISHI COLT VI (Z3_A, Z2_A) 1.3 (Z21A) benzina 95 cai NIPPARTS J3315026 pentru MITUBISHI. \u2713 Cod: J3315026 \u2713 Brand: NIPPARTS \u2713 \u00cen stoc \u2713 Livrare 24h \u2713 Garan\u021bie!\" \/>\n<meta property=\"og:url\" content=\"https:\/\/autorival.ro\/mit\/product\/disc-frana-mitsubishi-colt-vi-z3_a-z2_a-1-3-z21a-benzina-95-cai-nipparts-j3315026\/\" \/>\n<meta property=\"og:site_name\" content=\"MITUBISHI\" \/>\n<meta property=\"og:image\" content=\"https:\/\/autorival.ro\/mit\/wp-content\/uploads\/sites\/25\/2026\/01\/nip_j3315026_wm_01-5.jpg\" \/>\n\t<meta property=\"og:image:width\" content=\"467\" \/>\n\t<meta property=\"og:image:height\" content=\"380\" \/>\n\t<meta property=\"og:image:type\" content=\"image\/jpeg\" \/>\n<meta name=\"twitter:card\" content=\"summary_large_image\" \/>\n<meta name=\"twitter:title\" content=\"Disc frana MITSUBISHI COLT VI (Z3_A, Z2_A) 1.3 (Z21A) benzina 95 cai NIPPARTS J3315026 MITUBISHI | NIPPARTS - Autorival\" \/>\n<meta name=\"twitter:description\" content=\"\u26a1 Disc frana MITSUBISHI COLT VI (Z3_A, Z2_A) 1.3 (Z21A) benzina 95 cai NIPPARTS J3315026 pentru MITUBISHI. \u2713 Cod: J3315026 \u2713 Brand: NIPPARTS \u2713 \u00cen stoc \u2713 Livrare 24h \u2713 Garan\u021bie!\" \/>\n<script type=\"application\/ld+json\" class=\"yoast-schema-graph\">{\"@context\":\"https:\\\/\\\/schema.org\",\"@graph\":[{\"@type\":\"WebPage\",\"@id\":\"https:\\\/\\\/autorival.ro\\\/mit\\\/product\\\/disc-frana-mitsubishi-colt-vi-z3_a-z2_a-1-3-z21a-benzina-95-cai-nipparts-j3315026\\\/\",\"url\":\"https:\\\/\\\/autorival.ro\\\/mit\\\/product\\\/disc-frana-mitsubishi-colt-vi-z3_a-z2_a-1-3-z21a-benzina-95-cai-nipparts-j3315026\\\/\",\"name\":\"Disc frana MITSUBISHI COLT VI (Z3_A, Z2_A) 1.3 (Z21A) benzina 95 cai NIPPARTS J3315026 MITUBISHI | NIPPARTS - Autorival\",\"isPartOf\":{\"@id\":\"https:\\\/\\\/autorival.ro\\\/mit\\\/#website\"},\"primaryImageOfPage\":{\"@id\":\"https:\\\/\\\/autorival.ro\\\/mit\\\/product\\\/disc-frana-mitsubishi-colt-vi-z3_a-z2_a-1-3-z21a-benzina-95-cai-nipparts-j3315026\\\/#primaryimage\"},\"image\":{\"@id\":\"https:\\\/\\\/autorival.ro\\\/mit\\\/product\\\/disc-frana-mitsubishi-colt-vi-z3_a-z2_a-1-3-z21a-benzina-95-cai-nipparts-j3315026\\\/#primaryimage\"},\"thumbnailUrl\":\"https:\\\/\\\/autorival.ro\\\/mit\\\/wp-content\\\/uploads\\\/sites\\\/25\\\/2026\\\/01\\\/nip_j3315026_wm_01-5.jpg\",\"datePublished\":\"2026-01-20T03:43:21+00:00\",\"description\":\"\u26a1 Disc frana MITSUBISHI COLT VI (Z3_A, Z2_A) 1.3 (Z21A) benzina 95 cai NIPPARTS J3315026 pentru MITUBISHI. \u2713 Cod: J3315026 \u2713 Brand: NIPPARTS \u2713 \u00cen stoc \u2713 Livrare 24h \u2713 Garan\u021bie!\",\"breadcrumb\":{\"@id\":\"https:\\\/\\\/autorival.ro\\\/mit\\\/product\\\/disc-frana-mitsubishi-colt-vi-z3_a-z2_a-1-3-z21a-benzina-95-cai-nipparts-j3315026\\\/#breadcrumb\"},\"inLanguage\":\"en-US\",\"potentialAction\":[{\"@type\":\"ReadAction\",\"target\":[\"https:\\\/\\\/autorival.ro\\\/mit\\\/product\\\/disc-frana-mitsubishi-colt-vi-z3_a-z2_a-1-3-z21a-benzina-95-cai-nipparts-j3315026\\\/\"]}]},{\"@type\":\"ImageObject\",\"inLanguage\":\"en-US\",\"@id\":\"https:\\\/\\\/autorival.ro\\\/mit\\\/product\\\/disc-frana-mitsubishi-colt-vi-z3_a-z2_a-1-3-z21a-benzina-95-cai-nipparts-j3315026\\\/#primaryimage\",\"url\":\"https:\\\/\\\/autorival.ro\\\/mit\\\/wp-content\\\/uploads\\\/sites\\\/25\\\/2026\\\/01\\\/nip_j3315026_wm_01-5.jpg\",\"contentUrl\":\"https:\\\/\\\/autorival.ro\\\/mit\\\/wp-content\\\/uploads\\\/sites\\\/25\\\/2026\\\/01\\\/nip_j3315026_wm_01-5.jpg\",\"width\":467,\"height\":380},{\"@type\":\"BreadcrumbList\",\"@id\":\"https:\\\/\\\/autorival.ro\\\/mit\\\/product\\\/disc-frana-mitsubishi-colt-vi-z3_a-z2_a-1-3-z21a-benzina-95-cai-nipparts-j3315026\\\/#breadcrumb\",\"itemListElement\":[{\"@type\":\"ListItem\",\"position\":1,\"name\":\"Prima pagin\u0103\",\"item\":\"https:\\\/\\\/autorival.ro\\\/mit\\\/\"},{\"@type\":\"ListItem\",\"position\":2,\"name\":\"Piese auto MITUBISHI\",\"item\":\"https:\\\/\\\/autorival.ro\\\/mit\\\/\"},{\"@type\":\"ListItem\",\"position\":3,\"name\":\"Disc frana MITSUBISHI COLT VI (Z3_A, Z2_A) 1.3 (Z21A) benzina 95 cai NIPPARTS J3315026\"}]},{\"@type\":\"WebSite\",\"@id\":\"https:\\\/\\\/autorival.ro\\\/mit\\\/#website\",\"url\":\"https:\\\/\\\/autorival.ro\\\/mit\\\/\",\"name\":\"MITUBISHI\",\"description\":\"\",\"potentialAction\":[{\"@type\":\"SearchAction\",\"target\":{\"@type\":\"EntryPoint\",\"urlTemplate\":\"https:\\\/\\\/autorival.ro\\\/mit\\\/?s={search_term_string}\"},\"query-input\":{\"@type\":\"PropertyValueSpecification\",\"valueRequired\":true,\"valueName\":\"search_term_string\"}}],\"inLanguage\":\"en-US\"}]}<\/script>\n<!-- \/ Yoast SEO plugin. -->","yoast_head_json":{"title":"Disc frana MITSUBISHI COLT VI (Z3_A, Z2_A) 1.3 (Z21A) benzina 95 cai NIPPARTS J3315026 MITUBISHI | NIPPARTS - Autorival","description":"\u26a1 Disc frana MITSUBISHI COLT VI (Z3_A, Z2_A) 1.3 (Z21A) benzina 95 cai NIPPARTS J3315026 pentru MITUBISHI. \u2713 Cod: J3315026 \u2713 Brand: NIPPARTS \u2713 \u00cen stoc \u2713 Livrare 24h \u2713 Garan\u021bie!","robots":{"index":"index","follow":"follow","max-snippet":"max-snippet:-1","max-image-preview":"max-image-preview:large","max-video-preview":"max-video-preview:-1"},"og_locale":"en_US","og_type":"article","og_title":"Disc frana MITSUBISHI COLT VI (Z3_A, Z2_A) 1.3 (Z21A) benzina 95 cai NIPPARTS J3315026 MITUBISHI | NIPPARTS - Autorival","og_description":"\u26a1 Disc frana MITSUBISHI COLT VI (Z3_A, Z2_A) 1.3 (Z21A) benzina 95 cai NIPPARTS J3315026 pentru MITUBISHI. \u2713 Cod: J3315026 \u2713 Brand: NIPPARTS \u2713 \u00cen stoc \u2713 Livrare 24h \u2713 Garan\u021bie!","og_url":"https:\/\/autorival.ro\/mit\/product\/disc-frana-mitsubishi-colt-vi-z3_a-z2_a-1-3-z21a-benzina-95-cai-nipparts-j3315026\/","og_site_name":"MITUBISHI","og_image":[{"width":467,"height":380,"url":"https:\/\/autorival.ro\/mit\/wp-content\/uploads\/sites\/25\/2026\/01\/nip_j3315026_wm_01-5.jpg","type":"image\/jpeg"}],"twitter_card":"summary_large_image","twitter_title":"Disc frana MITSUBISHI COLT VI (Z3_A, Z2_A) 1.3 (Z21A) benzina 95 cai NIPPARTS J3315026 MITUBISHI | NIPPARTS - Autorival","twitter_description":"\u26a1 Disc frana MITSUBISHI COLT VI (Z3_A, Z2_A) 1.3 (Z21A) benzina 95 cai NIPPARTS J3315026 pentru MITUBISHI. \u2713 Cod: J3315026 \u2713 Brand: NIPPARTS \u2713 \u00cen stoc \u2713 Livrare 24h \u2713 Garan\u021bie!","schema":{"@context":"https:\/\/schema.org","@graph":[{"@type":"WebPage","@id":"https:\/\/autorival.ro\/mit\/product\/disc-frana-mitsubishi-colt-vi-z3_a-z2_a-1-3-z21a-benzina-95-cai-nipparts-j3315026\/","url":"https:\/\/autorival.ro\/mit\/product\/disc-frana-mitsubishi-colt-vi-z3_a-z2_a-1-3-z21a-benzina-95-cai-nipparts-j3315026\/","name":"Disc frana MITSUBISHI COLT VI (Z3_A, Z2_A) 1.3 (Z21A) benzina 95 cai NIPPARTS J3315026 MITUBISHI | NIPPARTS - Autorival","isPartOf":{"@id":"https:\/\/autorival.ro\/mit\/#website"},"primaryImageOfPage":{"@id":"https:\/\/autorival.ro\/mit\/product\/disc-frana-mitsubishi-colt-vi-z3_a-z2_a-1-3-z21a-benzina-95-cai-nipparts-j3315026\/#primaryimage"},"image":{"@id":"https:\/\/autorival.ro\/mit\/product\/disc-frana-mitsubishi-colt-vi-z3_a-z2_a-1-3-z21a-benzina-95-cai-nipparts-j3315026\/#primaryimage"},"thumbnailUrl":"https:\/\/autorival.ro\/mit\/wp-content\/uploads\/sites\/25\/2026\/01\/nip_j3315026_wm_01-5.jpg","datePublished":"2026-01-20T03:43:21+00:00","description":"\u26a1 Disc frana MITSUBISHI COLT VI (Z3_A, Z2_A) 1.3 (Z21A) benzina 95 cai NIPPARTS J3315026 pentru MITUBISHI. \u2713 Cod: J3315026 \u2713 Brand: NIPPARTS \u2713 \u00cen stoc \u2713 Livrare 24h \u2713 Garan\u021bie!","breadcrumb":{"@id":"https:\/\/autorival.ro\/mit\/product\/disc-frana-mitsubishi-colt-vi-z3_a-z2_a-1-3-z21a-benzina-95-cai-nipparts-j3315026\/#breadcrumb"},"inLanguage":"en-US","potentialAction":[{"@type":"ReadAction","target":["https:\/\/autorival.ro\/mit\/product\/disc-frana-mitsubishi-colt-vi-z3_a-z2_a-1-3-z21a-benzina-95-cai-nipparts-j3315026\/"]}]},{"@type":"ImageObject","inLanguage":"en-US","@id":"https:\/\/autorival.ro\/mit\/product\/disc-frana-mitsubishi-colt-vi-z3_a-z2_a-1-3-z21a-benzina-95-cai-nipparts-j3315026\/#primaryimage","url":"https:\/\/autorival.ro\/mit\/wp-content\/uploads\/sites\/25\/2026\/01\/nip_j3315026_wm_01-5.jpg","contentUrl":"https:\/\/autorival.ro\/mit\/wp-content\/uploads\/sites\/25\/2026\/01\/nip_j3315026_wm_01-5.jpg","width":467,"height":380},{"@type":"BreadcrumbList","@id":"https:\/\/autorival.ro\/mit\/product\/disc-frana-mitsubishi-colt-vi-z3_a-z2_a-1-3-z21a-benzina-95-cai-nipparts-j3315026\/#breadcrumb","itemListElement":[{"@type":"ListItem","position":1,"name":"Prima pagin\u0103","item":"https:\/\/autorival.ro\/mit\/"},{"@type":"ListItem","position":2,"name":"Piese auto MITUBISHI","item":"https:\/\/autorival.ro\/mit\/"},{"@type":"ListItem","position":3,"name":"Disc frana MITSUBISHI COLT VI (Z3_A, Z2_A) 1.3 (Z21A) benzina 95 cai NIPPARTS J3315026"}]},{"@type":"WebSite","@id":"https:\/\/autorival.ro\/mit\/#website","url":"https:\/\/autorival.ro\/mit\/","name":"MITUBISHI","description":"","potentialAction":[{"@type":"SearchAction","target":{"@type":"EntryPoint","urlTemplate":"https:\/\/autorival.ro\/mit\/?s={search_term_string}"},"query-input":{"@type":"PropertyValueSpecification","valueRequired":true,"valueName":"search_term_string"}}],"inLanguage":"en-US"}]}},"_links":{"self":[{"href":"https:\/\/autorival.ro\/mit\/wp-json\/wp\/v2\/product\/1268681","targetHints":{"allow":["GET"]}}],"collection":[{"href":"https:\/\/autorival.ro\/mit\/wp-json\/wp\/v2\/product"}],"about":[{"href":"https:\/\/autorival.ro\/mit\/wp-json\/wp\/v2\/types\/product"}],"replies":[{"embeddable":true,"href":"https:\/\/autorival.ro\/mit\/wp-json\/wp\/v2\/comments?post=1268681"}],"wp:featuredmedia":[{"embeddable":true,"href":"https:\/\/autorival.ro\/mit\/wp-json\/wp\/v2\/media\/1268682"}],"wp:attachment":[{"href":"https:\/\/autorival.ro\/mit\/wp-json\/wp\/v2\/media?parent=1268681"}],"wp:term":[{"taxonomy":"product_brand","embeddable":true,"href":"https:\/\/autorival.ro\/mit\/wp-json\/wp\/v2\/product_brand?post=1268681"},{"taxonomy":"product_cat","embeddable":true,"href":"https:\/\/autorival.ro\/mit\/wp-json\/wp\/v2\/product_cat?post=1268681"},{"taxonomy":"product_tag","embeddable":true,"href":"https:\/\/autorival.ro\/mit\/wp-json\/wp\/v2\/product_tag?post=1268681"}],"curies":[{"name":"wp","href":"https:\/\/api.w.org\/{rel}","templated":true}]}}