{"id":1263433,"date":"2026-01-20T01:36:21","date_gmt":"2026-01-20T01:36:21","guid":{"rendered":"https:\/\/autorival.ro\/mit\/product\/disc-frana-mitsubishi-asx-ga_w_-1-6-mivec-ga1w-benzina-117-cai-ferodo-ddf1624c\/"},"modified":"2026-01-20T01:36:21","modified_gmt":"2026-01-20T01:36:21","slug":"disc-frana-mitsubishi-asx-ga_w_-1-6-mivec-ga1w-benzina-117-cai-ferodo-ddf1624c","status":"publish","type":"product","link":"https:\/\/autorival.ro\/mit\/product\/disc-frana-mitsubishi-asx-ga_w_-1-6-mivec-ga1w-benzina-117-cai-ferodo-ddf1624c\/","title":{"rendered":"Disc frana MITSUBISHI ASX (GA_W_) 1.6 MIVEC (GA1W) benzina 117 cai FERODO DDF1624C"},"content":{"rendered":"<p>Partea de montare: punte fata\u00cenaltime [mm]: 46Greutate [kg]: 7,65Tip disc fr\u00e2na: ventilatGrosime disc fr\u00e2na [mm]: 26Grosime minima [mm]: 24,4Diametru exterior [mm]: 294Numar gauri: 5Diametru de centrare [mm]: 69Moment strangere [Nm]: 129Suprafata: acoperit (cu un strat protector)Unitate de calitate: bucataArticol completare\/Info suplimentar 2: fara suruburiLungime ambalaj [cm]: 29,5Latime ambalaj [cm]: 29,5Inaltime ambalaj [cm]: 9,5<\/p>\n","protected":false},"excerpt":{"rendered":"<p>Producator: FERODO Cod producator: DDF1624C<\/p>\n","protected":false},"featured_media":1263434,"comment_status":"open","ping_status":"closed","template":"","meta":[],"product_brand":[10971],"product_cat":[14645],"product_tag":[],"class_list":{"0":"post-1263433","1":"product","2":"type-product","3":"status-publish","4":"has-post-thumbnail","6":"product_brand-ferodo","7":"product_cat-disc-frana-gaw-1-6-mivec-ga1w-benzina-117","9":"first","10":"instock","11":"shipping-taxable","12":"purchasable","13":"product-type-simple"},"yoast_head":"<!-- This site is optimized with the Yoast SEO plugin v27.5 - https:\/\/yoast.com\/product\/yoast-seo-wordpress\/ -->\n<title>Disc frana MITSUBISHI ASX (GA_W_) 1.6 MIVEC (GA1W) benzina 117 cai FERODO DDF1624C MITUBISHI | FERODO - Autorival<\/title>\n<meta name=\"description\" content=\"\u26a1 Disc frana MITSUBISHI ASX (GA_W_) 1.6 MIVEC (GA1W) benzina 117 cai FERODO DDF1624C pentru MITUBISHI. \u2713 Cod: DDF1624C \u2713 Brand: FERODO \u2713 \u00cen stoc \u2713 Livrare 24h \u2713 Garan\u021bie!\" \/>\n<meta name=\"robots\" content=\"index, follow, max-snippet:-1, max-image-preview:large, max-video-preview:-1\" \/>\n<meta property=\"og:locale\" content=\"en_US\" \/>\n<meta property=\"og:type\" content=\"article\" \/>\n<meta property=\"og:title\" content=\"Disc frana MITSUBISHI ASX (GA_W_) 1.6 MIVEC (GA1W) benzina 117 cai FERODO DDF1624C MITUBISHI | FERODO - Autorival\" \/>\n<meta property=\"og:description\" content=\"\u26a1 Disc frana MITSUBISHI ASX (GA_W_) 1.6 MIVEC (GA1W) benzina 117 cai FERODO DDF1624C pentru MITUBISHI. \u2713 Cod: DDF1624C \u2713 Brand: FERODO \u2713 \u00cen stoc \u2713 Livrare 24h \u2713 Garan\u021bie!\" \/>\n<meta property=\"og:url\" content=\"https:\/\/autorival.ro\/mit\/product\/disc-frana-mitsubishi-asx-ga_w_-1-6-mivec-ga1w-benzina-117-cai-ferodo-ddf1624c\/\" \/>\n<meta property=\"og:site_name\" content=\"MITUBISHI\" \/>\n<meta property=\"og:image\" content=\"https:\/\/autorival.ro\/mit\/wp-content\/uploads\/sites\/25\/2026\/01\/ddf1624c_1781725-1.jpg\" \/>\n\t<meta property=\"og:image:width\" content=\"410\" \/>\n\t<meta property=\"og:image:height\" content=\"400\" \/>\n\t<meta property=\"og:image:type\" content=\"image\/jpeg\" \/>\n<meta name=\"twitter:card\" content=\"summary_large_image\" \/>\n<meta name=\"twitter:title\" content=\"Disc frana MITSUBISHI ASX (GA_W_) 1.6 MIVEC (GA1W) benzina 117 cai FERODO DDF1624C MITUBISHI | FERODO - Autorival\" \/>\n<meta name=\"twitter:description\" content=\"\u26a1 Disc frana MITSUBISHI ASX (GA_W_) 1.6 MIVEC (GA1W) benzina 117 cai FERODO DDF1624C pentru MITUBISHI. \u2713 Cod: DDF1624C \u2713 Brand: FERODO \u2713 \u00cen stoc \u2713 Livrare 24h \u2713 Garan\u021bie!\" \/>\n<script type=\"application\/ld+json\" class=\"yoast-schema-graph\">{\"@context\":\"https:\\\/\\\/schema.org\",\"@graph\":[{\"@type\":\"WebPage\",\"@id\":\"https:\\\/\\\/autorival.ro\\\/mit\\\/product\\\/disc-frana-mitsubishi-asx-ga_w_-1-6-mivec-ga1w-benzina-117-cai-ferodo-ddf1624c\\\/\",\"url\":\"https:\\\/\\\/autorival.ro\\\/mit\\\/product\\\/disc-frana-mitsubishi-asx-ga_w_-1-6-mivec-ga1w-benzina-117-cai-ferodo-ddf1624c\\\/\",\"name\":\"Disc frana MITSUBISHI ASX (GA_W_) 1.6 MIVEC (GA1W) benzina 117 cai FERODO DDF1624C MITUBISHI | FERODO - Autorival\",\"isPartOf\":{\"@id\":\"https:\\\/\\\/autorival.ro\\\/mit\\\/#website\"},\"primaryImageOfPage\":{\"@id\":\"https:\\\/\\\/autorival.ro\\\/mit\\\/product\\\/disc-frana-mitsubishi-asx-ga_w_-1-6-mivec-ga1w-benzina-117-cai-ferodo-ddf1624c\\\/#primaryimage\"},\"image\":{\"@id\":\"https:\\\/\\\/autorival.ro\\\/mit\\\/product\\\/disc-frana-mitsubishi-asx-ga_w_-1-6-mivec-ga1w-benzina-117-cai-ferodo-ddf1624c\\\/#primaryimage\"},\"thumbnailUrl\":\"https:\\\/\\\/autorival.ro\\\/mit\\\/wp-content\\\/uploads\\\/sites\\\/25\\\/2026\\\/01\\\/ddf1624c_1781725-1.jpg\",\"datePublished\":\"2026-01-20T01:36:21+00:00\",\"description\":\"\u26a1 Disc frana MITSUBISHI ASX (GA_W_) 1.6 MIVEC (GA1W) benzina 117 cai FERODO DDF1624C pentru MITUBISHI. \u2713 Cod: DDF1624C \u2713 Brand: FERODO \u2713 \u00cen stoc \u2713 Livrare 24h \u2713 Garan\u021bie!\",\"breadcrumb\":{\"@id\":\"https:\\\/\\\/autorival.ro\\\/mit\\\/product\\\/disc-frana-mitsubishi-asx-ga_w_-1-6-mivec-ga1w-benzina-117-cai-ferodo-ddf1624c\\\/#breadcrumb\"},\"inLanguage\":\"en-US\",\"potentialAction\":[{\"@type\":\"ReadAction\",\"target\":[\"https:\\\/\\\/autorival.ro\\\/mit\\\/product\\\/disc-frana-mitsubishi-asx-ga_w_-1-6-mivec-ga1w-benzina-117-cai-ferodo-ddf1624c\\\/\"]}]},{\"@type\":\"ImageObject\",\"inLanguage\":\"en-US\",\"@id\":\"https:\\\/\\\/autorival.ro\\\/mit\\\/product\\\/disc-frana-mitsubishi-asx-ga_w_-1-6-mivec-ga1w-benzina-117-cai-ferodo-ddf1624c\\\/#primaryimage\",\"url\":\"https:\\\/\\\/autorival.ro\\\/mit\\\/wp-content\\\/uploads\\\/sites\\\/25\\\/2026\\\/01\\\/ddf1624c_1781725-1.jpg\",\"contentUrl\":\"https:\\\/\\\/autorival.ro\\\/mit\\\/wp-content\\\/uploads\\\/sites\\\/25\\\/2026\\\/01\\\/ddf1624c_1781725-1.jpg\",\"width\":410,\"height\":400},{\"@type\":\"BreadcrumbList\",\"@id\":\"https:\\\/\\\/autorival.ro\\\/mit\\\/product\\\/disc-frana-mitsubishi-asx-ga_w_-1-6-mivec-ga1w-benzina-117-cai-ferodo-ddf1624c\\\/#breadcrumb\",\"itemListElement\":[{\"@type\":\"ListItem\",\"position\":1,\"name\":\"Prima pagin\u0103\",\"item\":\"https:\\\/\\\/autorival.ro\\\/mit\\\/\"},{\"@type\":\"ListItem\",\"position\":2,\"name\":\"Piese auto MITUBISHI\",\"item\":\"https:\\\/\\\/autorival.ro\\\/mit\\\/\"},{\"@type\":\"ListItem\",\"position\":3,\"name\":\"Disc frana MITSUBISHI ASX (GA_W_) 1.6 MIVEC (GA1W) benzina 117 cai FERODO DDF1624C\"}]},{\"@type\":\"WebSite\",\"@id\":\"https:\\\/\\\/autorival.ro\\\/mit\\\/#website\",\"url\":\"https:\\\/\\\/autorival.ro\\\/mit\\\/\",\"name\":\"MITUBISHI\",\"description\":\"\",\"potentialAction\":[{\"@type\":\"SearchAction\",\"target\":{\"@type\":\"EntryPoint\",\"urlTemplate\":\"https:\\\/\\\/autorival.ro\\\/mit\\\/?s={search_term_string}\"},\"query-input\":{\"@type\":\"PropertyValueSpecification\",\"valueRequired\":true,\"valueName\":\"search_term_string\"}}],\"inLanguage\":\"en-US\"}]}<\/script>\n<!-- \/ Yoast SEO plugin. -->","yoast_head_json":{"title":"Disc frana MITSUBISHI ASX (GA_W_) 1.6 MIVEC (GA1W) benzina 117 cai FERODO DDF1624C MITUBISHI | FERODO - Autorival","description":"\u26a1 Disc frana MITSUBISHI ASX (GA_W_) 1.6 MIVEC (GA1W) benzina 117 cai FERODO DDF1624C pentru MITUBISHI. \u2713 Cod: DDF1624C \u2713 Brand: FERODO \u2713 \u00cen stoc \u2713 Livrare 24h \u2713 Garan\u021bie!","robots":{"index":"index","follow":"follow","max-snippet":"max-snippet:-1","max-image-preview":"max-image-preview:large","max-video-preview":"max-video-preview:-1"},"og_locale":"en_US","og_type":"article","og_title":"Disc frana MITSUBISHI ASX (GA_W_) 1.6 MIVEC (GA1W) benzina 117 cai FERODO DDF1624C MITUBISHI | FERODO - Autorival","og_description":"\u26a1 Disc frana MITSUBISHI ASX (GA_W_) 1.6 MIVEC (GA1W) benzina 117 cai FERODO DDF1624C pentru MITUBISHI. \u2713 Cod: DDF1624C \u2713 Brand: FERODO \u2713 \u00cen stoc \u2713 Livrare 24h \u2713 Garan\u021bie!","og_url":"https:\/\/autorival.ro\/mit\/product\/disc-frana-mitsubishi-asx-ga_w_-1-6-mivec-ga1w-benzina-117-cai-ferodo-ddf1624c\/","og_site_name":"MITUBISHI","og_image":[{"width":410,"height":400,"url":"https:\/\/autorival.ro\/mit\/wp-content\/uploads\/sites\/25\/2026\/01\/ddf1624c_1781725-1.jpg","type":"image\/jpeg"}],"twitter_card":"summary_large_image","twitter_title":"Disc frana MITSUBISHI ASX (GA_W_) 1.6 MIVEC (GA1W) benzina 117 cai FERODO DDF1624C MITUBISHI | FERODO - Autorival","twitter_description":"\u26a1 Disc frana MITSUBISHI ASX (GA_W_) 1.6 MIVEC (GA1W) benzina 117 cai FERODO DDF1624C pentru MITUBISHI. \u2713 Cod: DDF1624C \u2713 Brand: FERODO \u2713 \u00cen stoc \u2713 Livrare 24h \u2713 Garan\u021bie!","schema":{"@context":"https:\/\/schema.org","@graph":[{"@type":"WebPage","@id":"https:\/\/autorival.ro\/mit\/product\/disc-frana-mitsubishi-asx-ga_w_-1-6-mivec-ga1w-benzina-117-cai-ferodo-ddf1624c\/","url":"https:\/\/autorival.ro\/mit\/product\/disc-frana-mitsubishi-asx-ga_w_-1-6-mivec-ga1w-benzina-117-cai-ferodo-ddf1624c\/","name":"Disc frana MITSUBISHI ASX (GA_W_) 1.6 MIVEC (GA1W) benzina 117 cai FERODO DDF1624C MITUBISHI | FERODO - Autorival","isPartOf":{"@id":"https:\/\/autorival.ro\/mit\/#website"},"primaryImageOfPage":{"@id":"https:\/\/autorival.ro\/mit\/product\/disc-frana-mitsubishi-asx-ga_w_-1-6-mivec-ga1w-benzina-117-cai-ferodo-ddf1624c\/#primaryimage"},"image":{"@id":"https:\/\/autorival.ro\/mit\/product\/disc-frana-mitsubishi-asx-ga_w_-1-6-mivec-ga1w-benzina-117-cai-ferodo-ddf1624c\/#primaryimage"},"thumbnailUrl":"https:\/\/autorival.ro\/mit\/wp-content\/uploads\/sites\/25\/2026\/01\/ddf1624c_1781725-1.jpg","datePublished":"2026-01-20T01:36:21+00:00","description":"\u26a1 Disc frana MITSUBISHI ASX (GA_W_) 1.6 MIVEC (GA1W) benzina 117 cai FERODO DDF1624C pentru MITUBISHI. \u2713 Cod: DDF1624C \u2713 Brand: FERODO \u2713 \u00cen stoc \u2713 Livrare 24h \u2713 Garan\u021bie!","breadcrumb":{"@id":"https:\/\/autorival.ro\/mit\/product\/disc-frana-mitsubishi-asx-ga_w_-1-6-mivec-ga1w-benzina-117-cai-ferodo-ddf1624c\/#breadcrumb"},"inLanguage":"en-US","potentialAction":[{"@type":"ReadAction","target":["https:\/\/autorival.ro\/mit\/product\/disc-frana-mitsubishi-asx-ga_w_-1-6-mivec-ga1w-benzina-117-cai-ferodo-ddf1624c\/"]}]},{"@type":"ImageObject","inLanguage":"en-US","@id":"https:\/\/autorival.ro\/mit\/product\/disc-frana-mitsubishi-asx-ga_w_-1-6-mivec-ga1w-benzina-117-cai-ferodo-ddf1624c\/#primaryimage","url":"https:\/\/autorival.ro\/mit\/wp-content\/uploads\/sites\/25\/2026\/01\/ddf1624c_1781725-1.jpg","contentUrl":"https:\/\/autorival.ro\/mit\/wp-content\/uploads\/sites\/25\/2026\/01\/ddf1624c_1781725-1.jpg","width":410,"height":400},{"@type":"BreadcrumbList","@id":"https:\/\/autorival.ro\/mit\/product\/disc-frana-mitsubishi-asx-ga_w_-1-6-mivec-ga1w-benzina-117-cai-ferodo-ddf1624c\/#breadcrumb","itemListElement":[{"@type":"ListItem","position":1,"name":"Prima pagin\u0103","item":"https:\/\/autorival.ro\/mit\/"},{"@type":"ListItem","position":2,"name":"Piese auto MITUBISHI","item":"https:\/\/autorival.ro\/mit\/"},{"@type":"ListItem","position":3,"name":"Disc frana MITSUBISHI ASX (GA_W_) 1.6 MIVEC (GA1W) benzina 117 cai FERODO DDF1624C"}]},{"@type":"WebSite","@id":"https:\/\/autorival.ro\/mit\/#website","url":"https:\/\/autorival.ro\/mit\/","name":"MITUBISHI","description":"","potentialAction":[{"@type":"SearchAction","target":{"@type":"EntryPoint","urlTemplate":"https:\/\/autorival.ro\/mit\/?s={search_term_string}"},"query-input":{"@type":"PropertyValueSpecification","valueRequired":true,"valueName":"search_term_string"}}],"inLanguage":"en-US"}]}},"_links":{"self":[{"href":"https:\/\/autorival.ro\/mit\/wp-json\/wp\/v2\/product\/1263433","targetHints":{"allow":["GET"]}}],"collection":[{"href":"https:\/\/autorival.ro\/mit\/wp-json\/wp\/v2\/product"}],"about":[{"href":"https:\/\/autorival.ro\/mit\/wp-json\/wp\/v2\/types\/product"}],"replies":[{"embeddable":true,"href":"https:\/\/autorival.ro\/mit\/wp-json\/wp\/v2\/comments?post=1263433"}],"wp:featuredmedia":[{"embeddable":true,"href":"https:\/\/autorival.ro\/mit\/wp-json\/wp\/v2\/media\/1263434"}],"wp:attachment":[{"href":"https:\/\/autorival.ro\/mit\/wp-json\/wp\/v2\/media?parent=1263433"}],"wp:term":[{"taxonomy":"product_brand","embeddable":true,"href":"https:\/\/autorival.ro\/mit\/wp-json\/wp\/v2\/product_brand?post=1263433"},{"taxonomy":"product_cat","embeddable":true,"href":"https:\/\/autorival.ro\/mit\/wp-json\/wp\/v2\/product_cat?post=1263433"},{"taxonomy":"product_tag","embeddable":true,"href":"https:\/\/autorival.ro\/mit\/wp-json\/wp\/v2\/product_tag?post=1263433"}],"curies":[{"name":"wp","href":"https:\/\/api.w.org\/{rel}","templated":true}]}}